{"id":2811,"date":"2026-04-28T09:31:12","date_gmt":"2026-04-28T09:31:12","guid":{"rendered":"https:\/\/www.fuyao-quartz.com\/?post_type=product&#038;p=2811"},"modified":"2026-04-28T09:31:19","modified_gmt":"2026-04-28T09:31:19","slug":"sapphire-through-glass-via-tgv-substrate-for-mems-sensors-and-advanced-semiconductor-packaging","status":"publish","type":"product","link":"https:\/\/www.fuyao-quartz.com\/vi\/product\/sapphire-through-glass-via-tgv-substrate-for-mems-sensors-and-advanced-semiconductor-packaging\/","title":{"rendered":"Sapphire qua l\u1edbp k\u00ednh tr\u00ean n\u1ec1n TGV d\u00e0nh cho MEMS, c\u1ea3m bi\u1ebfn v\u00e0 \u0111\u00f3ng g\u00f3i b\u00e1n d\u1eabn ti\u00ean ti\u1ebfn"},"content":{"rendered":"<section class=\"text-token-text-primary w-full focus:outline-none [--shadow-height:45px] has-data-writing-block:pointer-events-none has-data-writing-block:-mt-(--shadow-height) has-data-writing-block:pt-(--shadow-height) [&amp;:has([data-writing-block])&gt;*]:pointer-events-auto [content-visibility:auto] supports-[content-visibility:auto]:[contain-intrinsic-size:auto_100lvh] R6Vx5W_threadScrollVars scroll-mb-[calc(var(--scroll-root-safe-area-inset-bottom,0px)+var(--thread-response-height))] scroll-mt-[calc(var(--header-height)+min(200px,max(70px,20svh)))]\" dir=\"auto\" data-turn-id=\"request-69f0413f-d32c-8323-a315-1d10e11ea636-3\" data-testid=\"conversation-turn-36\" data-scroll-anchor=\"false\" data-turn=\"assistant\">\n<div class=\"text-base my-auto mx-auto pb-10 [--thread-content-margin:var(--thread-content-margin-xs,calc(var(--spacing)*4))] @w-sm\/main:[--thread-content-margin:var(--thread-content-margin-sm,calc(var(--spacing)*6))] @w-lg\/main:[--thread-content-margin:var(--thread-content-margin-lg,calc(var(--spacing)*16))] px-(--thread-content-margin)\">\n<div class=\"[--thread-content-max-width:40rem] @w-lg\/main:[--thread-content-max-width:48rem] mx-auto max-w-(--thread-content-max-width) flex-1 group\/turn-messages focus-visible:outline-hidden relative flex w-full min-w-0 flex-col agent-turn\">\n<div class=\"flex max-w-full flex-col gap-4 grow\">\n<div class=\"min-h-8 text-message relative flex w-full flex-col items-end gap-2 text-start break-words whitespace-normal outline-none keyboard-focused:focus-ring [.text-message+&amp;]:mt-1\" dir=\"auto\" tabindex=\"0\" data-message-author-role=\"assistant\" data-message-id=\"886facf4-84e2-47b0-aac4-d28826f64fb9\" data-message-model-slug=\"gpt-5-3\" data-turn-start-message=\"true\">\n<div class=\"flex w-full flex-col gap-1 empty:hidden\">\n<div class=\"markdown prose dark:prose-invert w-full wrap-break-word light markdown-new-styling\">\n<p data-start=\"153\" data-end=\"535\"><img fetchpriority=\"high\" decoding=\"async\" class=\"alignright wp-image-2815 size-medium\" src=\"https:\/\/www.fuyao-quartz.com\/wp-content\/uploads\/2026\/04\/Sapphire-Through-Glass-Via-TGV-Substrate-for-MEMS-Sensors-and-Advanced-Semiconductor-Packaging-1-300x300.png\" alt=\"Sapphire Through Glass Via TGV Substrate for MEMS, Sensors and Advanced Semiconductor Packaging\" width=\"300\" height=\"300\" srcset=\"https:\/\/www.fuyao-quartz.com\/wp-content\/uploads\/2026\/04\/Sapphire-Through-Glass-Via-TGV-Substrate-for-MEMS-Sensors-and-Advanced-Semiconductor-Packaging-1-300x300.png 300w, https:\/\/www.fuyao-quartz.com\/wp-content\/uploads\/2026\/04\/Sapphire-Through-Glass-Via-TGV-Substrate-for-MEMS-Sensors-and-Advanced-Semiconductor-Packaging-1-150x150.png 150w, https:\/\/www.fuyao-quartz.com\/wp-content\/uploads\/2026\/04\/Sapphire-Through-Glass-Via-TGV-Substrate-for-MEMS-Sensors-and-Advanced-Semiconductor-Packaging-1-768x768.png 768w, https:\/\/www.fuyao-quartz.com\/wp-content\/uploads\/2026\/04\/Sapphire-Through-Glass-Via-TGV-Substrate-for-MEMS-Sensors-and-Advanced-Semiconductor-Packaging-1-12x12.png 12w, https:\/\/www.fuyao-quartz.com\/wp-content\/uploads\/2026\/04\/Sapphire-Through-Glass-Via-TGV-Substrate-for-MEMS-Sensors-and-Advanced-Semiconductor-Packaging-1-600x600.png 600w, https:\/\/www.fuyao-quartz.com\/wp-content\/uploads\/2026\/04\/Sapphire-Through-Glass-Via-TGV-Substrate-for-MEMS-Sensors-and-Advanced-Semiconductor-Packaging-1-100x100.png 100w, https:\/\/www.fuyao-quartz.com\/wp-content\/uploads\/2026\/04\/Sapphire-Through-Glass-Via-TGV-Substrate-for-MEMS-Sensors-and-Advanced-Semiconductor-Packaging-1.png 1000w\" sizes=\"(max-width: 300px) 100vw, 300px\" \/>The Sapphire Through Glass Via (TGV) Substrate is a high-precision microfabricated interposer designed for advanced semiconductor packaging, MEMS devices, and sensor integration. Built on premium <span class=\"hover:entity-accent entity-underline inline cursor-pointer align-baseline\"><span class=\"whitespace-normal\">Sapphire (Al\u2082O\u2083 single crystal)<\/span><\/span> substrates, this technology enables vertical electrical interconnections through ultra-hard, optically transparent, and chemically stable materials.<\/p>\n<p data-start=\"537\" data-end=\"944\">Compared to traditional silicon or glass interposers, sapphire-based TGV substrates offer superior mechanical strength, higher thermal stability, and enhanced reliability in harsh environments. These advantages make them particularly suitable for high-frequency, high-density, and high-reliability applications such as RF devices, optical sensors, and advanced packaging architectures (2.5D\/3D integration).<\/p>\n<hr data-start=\"946\" data-end=\"949\" \/>\n<h2 data-section-id=\"iyd763\" data-start=\"951\" data-end=\"981\">Key Features &amp; Advantages<\/h2>\n<h3 data-section-id=\"1ittyf6\" data-start=\"983\" data-end=\"1029\">1. High-Density Vertical Interconnection<\/h3>\n<p data-start=\"1030\" data-end=\"1237\">TGV technology enables compact and efficient vertical electrical pathways through sapphire substrates, supporting high-density integration required in modern semiconductor packaging and miniaturized devices.<\/p>\n<h3 data-section-id=\"fttd0h\" data-start=\"1239\" data-end=\"1276\">2. Superior Mechanical Strength<\/h3>\n<p data-start=\"1277\" data-end=\"1458\">Sapphire\u2019s high hardness (Mohs 9) ensures excellent structural integrity, making the substrate resistant to cracking, warping, and mechanical damage during processing and operation.<\/p>\n<h3 data-section-id=\"1cr3fwg\" data-start=\"1460\" data-end=\"1505\">3. Excellent High-Frequency Performance<\/h3>\n<p data-start=\"1506\" data-end=\"1681\">With low dielectric loss, minimal parasitic capacitance, and reduced inductance, sapphire TGV substrates are ideal for RF, 5G, and high-speed signal transmission applications.<\/p>\n<h3 data-section-id=\"1a0bmr4\" data-start=\"1683\" data-end=\"1721\">4. Outstanding Thermal Stability<\/h3>\n<p data-start=\"1722\" data-end=\"1862\">Sapphire maintains excellent performance under extreme temperatures, making it suitable for high-power and thermally demanding environments.<\/p>\n<h3 data-section-id=\"oc70e4\" data-start=\"1864\" data-end=\"1908\">5. Chemical Resistance and Hermeticity<\/h3>\n<p data-start=\"1909\" data-end=\"2092\">The material is highly resistant to acids, alkalis, and corrosive environments. TGV structures can also achieve excellent hermetic sealing performance, ensuring long-term reliability.<\/p>\n<h3 data-section-id=\"enzmu2\" data-start=\"2094\" data-end=\"2123\">6. Optical Transparency<\/h3>\n<p data-start=\"2124\" data-end=\"2294\">Unlike silicon interposers, sapphire substrates offer optical transparency across UV\u2013IR ranges, enabling integration with optical sensors, photonics, and imaging systems.<\/p>\n<hr data-start=\"2296\" data-end=\"2299\" \/>\n<h2 data-section-id=\"58xi60\" data-start=\"2301\" data-end=\"2330\">Technical Specifications<\/h2>\n<div class=\"TyagGW_tableContainer\">\n<div class=\"group TyagGW_tableWrapper flex flex-col-reverse w-fit\" tabindex=\"-1\">\n<table class=\"w-fit min-w-(--thread-content-width)\" data-start=\"2332\" data-end=\"2897\">\n<thead data-start=\"2332\" data-end=\"2361\">\n<tr data-start=\"2332\" data-end=\"2361\">\n<th class=\"\" data-start=\"2332\" data-end=\"2344\" data-col-size=\"sm\">Parameter<\/th>\n<th class=\"\" data-start=\"2344\" data-end=\"2361\" data-col-size=\"sm\">Specification<\/th>\n<\/tr>\n<\/thead>\n<tbody data-start=\"2391\" data-end=\"2897\">\n<tr data-start=\"2391\" data-end=\"2432\">\n<td data-start=\"2391\" data-end=\"2406\" data-col-size=\"sm\">Product Name<\/td>\n<td data-col-size=\"sm\" data-start=\"2406\" data-end=\"2432\">Sapphire TGV Substrate<\/td>\n<\/tr>\n<tr data-start=\"2433\" data-end=\"2479\">\n<td data-start=\"2433\" data-end=\"2444\" data-col-size=\"sm\">Material<\/td>\n<td data-col-size=\"sm\" data-start=\"2444\" data-end=\"2479\">Single-crystal Sapphire (Al\u2082O\u2083)<\/td>\n<\/tr>\n<tr data-start=\"2480\" data-end=\"2509\">\n<td data-start=\"2480\" data-end=\"2493\" data-col-size=\"sm\">Wafer Size<\/td>\n<td data-col-size=\"sm\" data-start=\"2493\" data-end=\"2509\">Up to 300 mm<\/td>\n<\/tr>\n<tr data-start=\"2510\" data-end=\"2545\">\n<td data-start=\"2510\" data-end=\"2523\" data-col-size=\"sm\">Panel Size<\/td>\n<td data-col-size=\"sm\" data-start=\"2523\" data-end=\"2545\">Up to 515 \u00d7 515 mm<\/td>\n<\/tr>\n<tr data-start=\"2546\" data-end=\"2589\">\n<td data-start=\"2546\" data-end=\"2558\" data-col-size=\"sm\">Thickness<\/td>\n<td data-col-size=\"sm\" data-start=\"2558\" data-end=\"2589\">0.1 \u2013 0.7 mm (customizable)<\/td>\n<\/tr>\n<tr data-start=\"2590\" data-end=\"2617\">\n<td data-start=\"2590\" data-end=\"2607\" data-col-size=\"sm\">Min. Thickness<\/td>\n<td data-col-size=\"sm\" data-start=\"2607\" data-end=\"2617\">0.3 mm<\/td>\n<\/tr>\n<tr data-start=\"2618\" data-end=\"2653\">\n<td data-start=\"2618\" data-end=\"2638\" data-col-size=\"sm\">Via Diameter (OD)<\/td>\n<td data-col-size=\"sm\" data-start=\"2638\" data-end=\"2653\">25 \u2013 100 \u03bcm<\/td>\n<\/tr>\n<tr data-start=\"2654\" data-end=\"2688\">\n<td data-start=\"2654\" data-end=\"2667\" data-col-size=\"sm\">Min. Pitch<\/td>\n<td data-col-size=\"sm\" data-start=\"2667\" data-end=\"2688\">~2 \u00d7 via diameter<\/td>\n<\/tr>\n<tr data-start=\"2689\" data-end=\"2719\">\n<td data-start=\"2689\" data-end=\"2700\" data-col-size=\"sm\">Via Type<\/td>\n<td data-col-size=\"sm\" data-start=\"2700\" data-end=\"2719\">Through \/ Blind<\/td>\n<\/tr>\n<tr data-start=\"2720\" data-end=\"2744\">\n<td data-start=\"2720\" data-end=\"2732\" data-col-size=\"sm\">Via Shape<\/td>\n<td data-col-size=\"sm\" data-start=\"2732\" data-end=\"2744\">Straight<\/td>\n<\/tr>\n<tr data-start=\"2745\" data-end=\"2773\">\n<td data-start=\"2745\" data-end=\"2760\" data-col-size=\"sm\">Aspect Ratio<\/td>\n<td data-col-size=\"sm\" data-start=\"2760\" data-end=\"2773\">Up to 1:5<\/td>\n<\/tr>\n<tr data-start=\"2774\" data-end=\"2820\">\n<td data-start=\"2774\" data-end=\"2789\" data-col-size=\"sm\">Via Material<\/td>\n<td data-col-size=\"sm\" data-start=\"2789\" data-end=\"2820\">Tungsten (W) \/ Silicon (Si)<\/td>\n<\/tr>\n<tr data-start=\"2821\" data-end=\"2855\">\n<td data-start=\"2821\" data-end=\"2835\" data-col-size=\"sm\">Hermeticity<\/td>\n<td data-col-size=\"sm\" data-start=\"2835\" data-end=\"2855\">\u2264 1\u00d710\u207b\u2079 Pa\u00b7m\u00b3\/s<\/td>\n<\/tr>\n<tr data-start=\"2856\" data-end=\"2897\">\n<td data-start=\"2856\" data-end=\"2868\" data-col-size=\"sm\">Tolerance<\/td>\n<td data-col-size=\"sm\" data-start=\"2868\" data-end=\"2897\">\u00b120 \u03bcm (per 200 mm wafer)<\/td>\n<\/tr>\n<\/tbody>\n<\/table>\n<\/div>\n<\/div>\n<hr data-start=\"2899\" data-end=\"2902\" \/>\n<h2 data-section-id=\"16kaosu\" data-start=\"2904\" data-end=\"2930\"><img decoding=\"async\" class=\"alignright wp-image-2817 size-full\" src=\"https:\/\/www.fuyao-quartz.com\/wp-content\/uploads\/2026\/04\/Manufacturing-Process.png\" alt=\"Sapphire Through Glass Via TGV Substrate for MEMS, Sensors and Advanced Semiconductor Packaging\" width=\"622\" height=\"315\" srcset=\"https:\/\/www.fuyao-quartz.com\/wp-content\/uploads\/2026\/04\/Manufacturing-Process.png 622w, https:\/\/www.fuyao-quartz.com\/wp-content\/uploads\/2026\/04\/Manufacturing-Process-300x152.png 300w, https:\/\/www.fuyao-quartz.com\/wp-content\/uploads\/2026\/04\/Manufacturing-Process-18x9.png 18w, https:\/\/www.fuyao-quartz.com\/wp-content\/uploads\/2026\/04\/Manufacturing-Process-600x304.png 600w\" sizes=\"(max-width: 622px) 100vw, 622px\" \/>Manufacturing Process<\/h2>\n<p data-start=\"2932\" data-end=\"3048\">Sapphire TGV substrates are fabricated using advanced <strong data-start=\"2986\" data-end=\"3047\">laser-induced modification combined with chemical etching<\/strong>:<\/p>\n<ol data-start=\"3050\" data-end=\"3466\">\n<li data-section-id=\"2tdqwa\" data-start=\"3050\" data-end=\"3166\"><strong data-start=\"3053\" data-end=\"3074\">Laser Structuring<\/strong> \u2013 A precision laser modifies the internal structure of sapphire in predefined via regions<\/li>\n<li data-section-id=\"bew4on\" data-start=\"3167\" data-end=\"3278\"><strong data-start=\"3170\" data-end=\"3191\">Selective Etching<\/strong> \u2013 Modified regions are etched at faster rates, forming clean, high-aspect-ratio vias<\/li>\n<li data-section-id=\"1n94nrm\" data-start=\"3279\" data-end=\"3373\"><strong data-start=\"3282\" data-end=\"3299\">Metallization<\/strong> \u2013 Vias are filled with conductive materials such as tungsten or silicon<\/li>\n<li data-section-id=\"1oe9zy2\" data-start=\"3374\" data-end=\"3466\"><strong data-start=\"3377\" data-end=\"3399\">Optional Processes<\/strong> \u2013 Including cavity formation, bumping, and surface metallization<\/li>\n<\/ol>\n<p data-start=\"3468\" data-end=\"3489\">This process ensures:<\/p>\n<ul data-start=\"3490\" data-end=\"3617\">\n<li data-section-id=\"7em8po\" data-start=\"3490\" data-end=\"3518\">Crack-free via formation<\/li>\n<li data-section-id=\"xlxsbq\" data-start=\"3519\" data-end=\"3548\">High dimensional accuracy<\/li>\n<li data-section-id=\"7p1pxm\" data-start=\"3549\" data-end=\"3573\">Smooth via sidewalls<\/li>\n<li data-section-id=\"92o62m\" data-start=\"3574\" data-end=\"3617\">Compatibility with high-density designs<\/li>\n<\/ul>\n<hr data-start=\"3619\" data-end=\"3622\" \/>\n<h2 data-section-id=\"ce0tqk\" data-start=\"3624\" data-end=\"3641\">Applications<\/h2>\n<h3 data-section-id=\"11x9os2\" data-start=\"3643\" data-end=\"3672\">Semiconductor Packaging<\/h3>\n<ul data-start=\"3673\" data-end=\"3775\">\n<li data-section-id=\"bax975\" data-start=\"3673\" data-end=\"3698\">2.5D \/ 3D interposers<\/li>\n<li data-section-id=\"sf0bee\" data-start=\"3699\" data-end=\"3744\">Wafer-level chip scale packaging (WL-CSP)<\/li>\n<li data-section-id=\"1y5fwxm\" data-start=\"3745\" data-end=\"3775\">High-density interconnects<\/li>\n<\/ul>\n<h3 data-section-id=\"1j7ouib\" data-start=\"3777\" data-end=\"3797\">MEMS &amp; Sensors<\/h3>\n<ul data-start=\"3798\" data-end=\"3863\">\n<li data-section-id=\"p19eh4\" data-start=\"3798\" data-end=\"3818\">Pressure sensors<\/li>\n<li data-section-id=\"1a8my1t\" data-start=\"3819\" data-end=\"3838\">Optical sensors<\/li>\n<li data-section-id=\"10p9qkh\" data-start=\"3839\" data-end=\"3863\">Microfluidic devices<\/li>\n<\/ul>\n<h3 data-section-id=\"1t0ciwd\" data-start=\"3865\" data-end=\"3886\">RF &amp; 5G Devices<\/h3>\n<ul data-start=\"3887\" data-end=\"3954\">\n<li data-section-id=\"1dbg1mu\" data-start=\"3887\" data-end=\"3913\">High-frequency modules<\/li>\n<li data-section-id=\"10rdtsc\" data-start=\"3914\" data-end=\"3954\">Low-loss signal transmission systems<\/li>\n<\/ul>\n<h3 data-section-id=\"1bqrvs9\" data-start=\"3956\" data-end=\"3993\">Photonics &amp; Optical Integration<\/h3>\n<ul data-start=\"3994\" data-end=\"4070\">\n<li data-section-id=\"1jnsdig\" data-start=\"3994\" data-end=\"4017\">Optical interposers<\/li>\n<li data-section-id=\"ptnse4\" data-start=\"4018\" data-end=\"4037\">Imaging systems<\/li>\n<li data-section-id=\"zr2tif\" data-start=\"4038\" data-end=\"4070\">Transparent sensor packaging<\/li>\n<\/ul>\n<h3 data-section-id=\"a376qh\" data-start=\"4072\" data-end=\"4110\">High-Performance Computing &amp; IoT<\/h3>\n<ul data-start=\"4111\" data-end=\"4188\">\n<li data-section-id=\"1jj440y\" data-start=\"4111\" data-end=\"4147\">High-bandwidth data transmission<\/li>\n<li data-section-id=\"1nb6ngh\" data-start=\"4148\" data-end=\"4188\">Compact and high-density integration<\/li>\n<\/ul>\n<hr data-start=\"4190\" data-end=\"4193\" \/>\n<h2 data-section-id=\"myj2su\" data-start=\"4195\" data-end=\"4226\">Customization Capabilities<\/h2>\n<p><img decoding=\"async\" class=\"alignright wp-image-2814 size-medium\" src=\"https:\/\/www.fuyao-quartz.com\/wp-content\/uploads\/2026\/04\/Sapphire-Through-Glass-Via-TGV-Substrate-for-MEMS-Sensors-and-Advanced-Semiconductor-Packaging-2-300x300.png\" alt=\"Sapphire Through Glass Via TGV Substrate for MEMS, Sensors and Advanced Semiconductor Packaging\" width=\"300\" height=\"300\" srcset=\"https:\/\/www.fuyao-quartz.com\/wp-content\/uploads\/2026\/04\/Sapphire-Through-Glass-Via-TGV-Substrate-for-MEMS-Sensors-and-Advanced-Semiconductor-Packaging-2-300x300.png 300w, https:\/\/www.fuyao-quartz.com\/wp-content\/uploads\/2026\/04\/Sapphire-Through-Glass-Via-TGV-Substrate-for-MEMS-Sensors-and-Advanced-Semiconductor-Packaging-2-150x150.png 150w, https:\/\/www.fuyao-quartz.com\/wp-content\/uploads\/2026\/04\/Sapphire-Through-Glass-Via-TGV-Substrate-for-MEMS-Sensors-and-Advanced-Semiconductor-Packaging-2-768x768.png 768w, https:\/\/www.fuyao-quartz.com\/wp-content\/uploads\/2026\/04\/Sapphire-Through-Glass-Via-TGV-Substrate-for-MEMS-Sensors-and-Advanced-Semiconductor-Packaging-2-12x12.png 12w, https:\/\/www.fuyao-quartz.com\/wp-content\/uploads\/2026\/04\/Sapphire-Through-Glass-Via-TGV-Substrate-for-MEMS-Sensors-and-Advanced-Semiconductor-Packaging-2-600x600.png 600w, https:\/\/www.fuyao-quartz.com\/wp-content\/uploads\/2026\/04\/Sapphire-Through-Glass-Via-TGV-Substrate-for-MEMS-Sensors-and-Advanced-Semiconductor-Packaging-2-100x100.png 100w, https:\/\/www.fuyao-quartz.com\/wp-content\/uploads\/2026\/04\/Sapphire-Through-Glass-Via-TGV-Substrate-for-MEMS-Sensors-and-Advanced-Semiconductor-Packaging-2.png 1000w\" sizes=\"(max-width: 300px) 100vw, 300px\" \/><\/p>\n<p data-start=\"4228\" data-end=\"4327\">We provide <strong data-start=\"4239\" data-end=\"4284\">fully customizable sapphire TGV solutions<\/strong> tailored to your application requirements:<\/p>\n<ul data-start=\"4329\" data-end=\"4631\">\n<li data-section-id=\"1fqs9dx\" data-start=\"4329\" data-end=\"4378\">Via diameter, pitch, and density optimization<\/li>\n<li data-section-id=\"kwn11e\" data-start=\"4379\" data-end=\"4417\">Wafer or panel-level customization<\/li>\n<li data-section-id=\"1s7yk8f\" data-start=\"4418\" data-end=\"4449\">Through or blind via design<\/li>\n<li data-section-id=\"1e7beel\" data-start=\"4450\" data-end=\"4496\">Metallization (W, Cu, or custom materials)<\/li>\n<li data-section-id=\"ytk21w\" data-start=\"4497\" data-end=\"4532\">Surface finishing and polishing<\/li>\n<li data-section-id=\"a3xo6g\" data-start=\"4533\" data-end=\"4594\">Integration with bonding processes (e.g., anodic bonding)<\/li>\n<li data-section-id=\"1i4khwz\" data-start=\"4595\" data-end=\"4631\">High-precision tolerance control<\/li>\n<\/ul>\n<hr data-start=\"4633\" data-end=\"4636\" \/>\n<h2 data-section-id=\"bnrmpu\" data-start=\"4638\" data-end=\"4658\">FAQ<\/h2>\n<p data-start=\"5127\" data-end=\"5385\"><strong data-start=\"5127\" data-end=\"5199\">Q1: What is the advantage of sapphire TGV over glass or silicon TGV?<\/strong><br data-start=\"5199\" data-end=\"5202\" \/>A1: Sapphire offers higher mechanical strength, better thermal stability, and optical transparency, making it more suitable for harsh environments and optical-integrated applications.<\/p>\n<p data-start=\"5387\" data-end=\"5538\"><strong data-start=\"5387\" data-end=\"5432\">Q2: Can via size and pitch be customized?<\/strong><br data-start=\"5432\" data-end=\"5435\" \/>A2: Yes. Via diameter, pitch, and layout can be fully customized according to your design requirements.<\/p>\n<p data-start=\"5540\" data-end=\"5753\" data-is-last-node=\"\" data-is-only-node=\"\"><strong data-start=\"5540\" data-end=\"5605\">Q3: Is sapphire TGV suitable for high-frequency applications?<\/strong><br data-start=\"5605\" data-end=\"5608\" \/>A3: Absolutely. Its low dielectric loss and excellent electrical properties make it ideal for RF, 5G, and high-speed signal transmission systems.<\/p>\n<\/div>\n<\/div>\n<\/div>\n<\/div>\n<div class=\"z-0 flex min-h-[46px] justify-start\"><\/div>\n<div class=\"mt-3 w-full empty:hidden\">\n<div class=\"text-center\"><\/div>\n<\/div>\n<\/div>\n<\/div>\n<\/section>\n<div class=\"pointer-events-none -mt-px h-px translate-y-[calc(var(--scroll-root-safe-area-inset-bottom)-14*var(--spacing))]\" aria-hidden=\"true\"><\/div>\n","protected":false},"excerpt":{"rendered":"<p>C\u00e1c ch\u1ea5t n\u1ec1n TGV b\u1eb1ng sapphire \u0111\u1ea1i di\u1ec7n cho th\u1ebf h\u1ec7 c\u00f4ng ngh\u1ec7 k\u1ebft n\u1ed1i ti\u00ean ti\u1ebfn ti\u1ebfp theo, k\u1ebft h\u1ee3p c\u00e1c \u0111\u1eb7c t\u00ednh v\u1eadt li\u1ec7u v\u01b0\u1ee3t tr\u1ed9i c\u1ee7a sapphire v\u1edbi c\u00e1c k\u1ef9 thu\u1eadt ch\u1ebf t\u1ea1o vi m\u00f4 hi\u1ec7n \u0111\u1ea1i nh\u1ea5t. Ch\u00fang cung c\u1ea5p m\u1ed9t n\u1ec1n t\u1ea3ng \u0111\u00e1ng tin c\u1eady cho c\u00e1c h\u1ec7 th\u1ed1ng \u0111i\u1ec7n t\u1eed v\u00e0 quang t\u1eed t\u1ea7n s\u1ed1 cao, m\u1eadt \u0111\u1ed9 cao v\u00e0 hi\u1ec7u su\u1ea5t cao. V\u1edbi kh\u1ea3 n\u0103ng t\u00f9y ch\u1ec9nh linh ho\u1ea1t v\u01b0\u1ee3t tr\u1ed9i, c\u00e1c gi\u1ea3i ph\u00e1p TGV b\u1eb1ng sapphire l\u00e0 l\u1ef1a ch\u1ecdn l\u00fd t\u01b0\u1edfng cho c\u00e1c \u1ee9ng d\u1ee5ng b\u00e1n d\u1eabn v\u00e0 c\u1ea3m bi\u1ebfn th\u1ebf h\u1ec7 m\u1edbi.<\/p>","protected":false},"featured_media":2816,"comment_status":"open","ping_status":"closed","template":"","meta":{"site-sidebar-layout":"default","site-content-layout":"","ast-site-content-layout":"default","site-content-style":"default","site-sidebar-style":"default","ast-global-header-display":"","ast-banner-title-visibility":"","ast-main-header-display":"","ast-hfb-above-header-display":"","ast-hfb-below-header-display":"","ast-hfb-mobile-header-display":"","site-post-title":"","ast-breadcrumbs-content":"","ast-featured-img":"","footer-sml-layout":"","ast-disable-related-posts":"","theme-transparent-header-meta":"default","adv-header-id-meta":"","stick-header-meta":"default","header-above-stick-meta":"","header-main-stick-meta":"","header-below-stick-meta":"","astra-migrate-meta-layouts":"set","ast-page-background-enabled":"default","ast-page-background-meta":{"desktop":{"background-color":"var(--ast-global-color-4)","background-image":"","background-repeat":"repeat","background-position":"center center","background-size":"auto","background-attachment":"scroll","background-type":"","background-media":"","overlay-type":"","overlay-color":"","overlay-opacity":"","overlay-gradient":""},"tablet":{"background-color":"","background-image":"","background-repeat":"repeat","background-position":"center center","background-size":"auto","background-attachment":"scroll","background-type":"","background-media":"","overlay-type":"","overlay-color":"","overlay-opacity":"","overlay-gradient":""},"mobile":{"background-color":"","background-image":"","background-repeat":"repeat","background-position":"center center","background-size":"auto","background-attachment":"scroll","background-type":"","background-media":"","overlay-type":"","overlay-color":"","overlay-opacity":"","overlay-gradient":""}},"ast-content-background-meta":{"desktop":{"background-color":"var(--ast-global-color-5)","background-image":"","background-repeat":"repeat","background-position":"center center","background-size":"auto","background-attachment":"scroll","background-type":"","background-media":"","overlay-type":"","overlay-color":"","overlay-opacity":"","overlay-gradient":""},"tablet":{"background-color":"var(--ast-global-color-5)","background-image":"","background-repeat":"repeat","background-position":"center center","background-size":"auto","background-attachment":"scroll","background-type":"","background-media":"","overlay-type":"","overlay-color":"","overlay-opacity":"","overlay-gradient":""},"mobile":{"background-color":"var(--ast-global-color-5)","background-image":"","background-repeat":"repeat","background-position":"center center","background-size":"auto","background-attachment":"scroll","background-type":"","background-media":"","overlay-type":"","overlay-color":"","overlay-opacity":"","overlay-gradient":""}}},"product_brand":[],"product_cat":[152],"product_tag":[1020,1021,1028,1016,984,1034,1032,1027,1024,1033,1026,1029,1017,1025,1030,1031,913,1014,1011,1012,1015,1019,1018,1013,1022,1023],"class_list":{"0":"post-2811","1":"product","2":"type-product","3":"status-publish","4":"has-post-thumbnail","6":"product_cat-sapphire","7":"product_tag-2-5d-interposer","8":"product_tag-3d-integration","9":"product_tag-5g-device-substrate","10":"product_tag-al2o3-substrate","11":"product_tag-corrosion-resistant-material","12":"product_tag-custom-tgv-substrate","13":"product_tag-hermetic-sealing-substrate","14":"product_tag-high-aspect-ratio-via","15":"product_tag-high-density-interconnect","16":"product_tag-high-temperature-substrate","17":"product_tag-laser-drilled-vias","18":"product_tag-low-dielectric-loss-material","19":"product_tag-mems-packaging","20":"product_tag-micro-via-substrate","21":"product_tag-optical-transparent-substrate","22":"product_tag-photonics-integration","23":"product_tag-rf-substrate","24":"product_tag-sapphire-interposer","25":"product_tag-sapphire-tgv","26":"product_tag-sapphire-through-glass-via","27":"product_tag-sapphire-wafer","28":"product_tag-semiconductor-packaging","29":"product_tag-sensor-substrate","30":"product_tag-tgv-substrate","31":"product_tag-wafer-level-packaging","32":"product_tag-wl-csp","33":"desktop-align-left","34":"tablet-align-left","35":"mobile-align-left","36":"ast-product-gallery-layout-horizontal","37":"ast-product-tabs-layout-horizontal","39":"first","40":"instock","41":"shipping-taxable","42":"product-type-simple"},"_links":{"self":[{"href":"https:\/\/www.fuyao-quartz.com\/vi\/wp-json\/wp\/v2\/product\/2811","targetHints":{"allow":["GET"]}}],"collection":[{"href":"https:\/\/www.fuyao-quartz.com\/vi\/wp-json\/wp\/v2\/product"}],"about":[{"href":"https:\/\/www.fuyao-quartz.com\/vi\/wp-json\/wp\/v2\/types\/product"}],"replies":[{"embeddable":true,"href":"https:\/\/www.fuyao-quartz.com\/vi\/wp-json\/wp\/v2\/comments?post=2811"}],"version-history":[{"count":2,"href":"https:\/\/www.fuyao-quartz.com\/vi\/wp-json\/wp\/v2\/product\/2811\/revisions"}],"predecessor-version":[{"id":2819,"href":"https:\/\/www.fuyao-quartz.com\/vi\/wp-json\/wp\/v2\/product\/2811\/revisions\/2819"}],"wp:featuredmedia":[{"embeddable":true,"href":"https:\/\/www.fuyao-quartz.com\/vi\/wp-json\/wp\/v2\/media\/2816"}],"wp:attachment":[{"href":"https:\/\/www.fuyao-quartz.com\/vi\/wp-json\/wp\/v2\/media?parent=2811"}],"wp:term":[{"taxonomy":"product_brand","embeddable":true,"href":"https:\/\/www.fuyao-quartz.com\/vi\/wp-json\/wp\/v2\/product_brand?post=2811"},{"taxonomy":"product_cat","embeddable":true,"href":"https:\/\/www.fuyao-quartz.com\/vi\/wp-json\/wp\/v2\/product_cat?post=2811"},{"taxonomy":"product_tag","embeddable":true,"href":"https:\/\/www.fuyao-quartz.com\/vi\/wp-json\/wp\/v2\/product_tag?post=2811"}],"curies":[{"name":"wp","href":"https:\/\/api.w.org\/{rel}","templated":true}]}}