{"id":2382,"date":"2026-03-12T06:33:00","date_gmt":"2026-03-12T06:33:00","guid":{"rendered":"https:\/\/www.fuyao-quartz.com\/?post_type=product&#038;p=2382"},"modified":"2026-03-12T06:33:01","modified_gmt":"2026-03-12T06:33:01","slug":"4-inch-hpsi-silicon-carbide-sic-wafer-350%ce%bcm-for-ar-glasses-and-high-power-electronics","status":"publish","type":"product","link":"https:\/\/www.fuyao-quartz.com\/vi\/product\/4-inch-hpsi-silicon-carbide-sic-wafer-350%ce%bcm-for-ar-glasses-and-high-power-electronics\/","title":{"rendered":"T\u1ea5m wafer cacbua silic (SiC) HPSI 4 inch, \u0111\u1ed9 d\u00e0y 350\u03bcm, d\u00f9ng cho k\u00ednh AR v\u00e0 thi\u1ebft b\u1ecb \u0111i\u1ec7n t\u1eed c\u00f4ng su\u1ea5t cao"},"content":{"rendered":"<p data-start=\"911\" data-end=\"1247\">FUYAO QUARTZ 4-inch HPSI silicon carbide (SiC) wafers are high-purity, semi-insulating substrates engineered for next-generation high-performance electronic devices. Silicon carbide, a compound of silicon and carbon, provides superior electrical, thermal, and mechanical properties compared to conventional silicon wafers.<\/p>\n<p data-start=\"1249\" data-end=\"1284\"><strong><img fetchpriority=\"high\" decoding=\"async\" class=\"size-medium wp-image-2385 alignleft\" src=\"https:\/\/www.fuyao-quartz.com\/wp-content\/uploads\/2026\/03\/6inch-8inch-4H-SEMI-SiC-Substrate-for-AR-Glasses-Optical-Grade3-300x300.jpg\" alt=\"T\u1ea5m wafer cacbua silic (SiC) 4 inch, \u0111\u1ed9 d\u00e0y 350\u03bcm, d\u00f9ng cho k\u00ednh AR v\u00e0 thi\u1ebft b\u1ecb \u0111i\u1ec7n t\u1eed c\u00f4ng su\u1ea5t cao\" width=\"300\" height=\"300\" srcset=\"https:\/\/www.fuyao-quartz.com\/wp-content\/uploads\/2026\/03\/6inch-8inch-4H-SEMI-SiC-Substrate-for-AR-Glasses-Optical-Grade3-300x300.jpg 300w, https:\/\/www.fuyao-quartz.com\/wp-content\/uploads\/2026\/03\/6inch-8inch-4H-SEMI-SiC-Substrate-for-AR-Glasses-Optical-Grade3-150x150.jpg 150w, https:\/\/www.fuyao-quartz.com\/wp-content\/uploads\/2026\/03\/6inch-8inch-4H-SEMI-SiC-Substrate-for-AR-Glasses-Optical-Grade3-600x600.jpg 600w, https:\/\/www.fuyao-quartz.com\/wp-content\/uploads\/2026\/03\/6inch-8inch-4H-SEMI-SiC-Substrate-for-AR-Glasses-Optical-Grade3-100x100.jpg 100w, https:\/\/www.fuyao-quartz.com\/wp-content\/uploads\/2026\/03\/6inch-8inch-4H-SEMI-SiC-Substrate-for-AR-Glasses-Optical-Grade3.jpg 750w\" sizes=\"(max-width: 300px) 100vw, 300px\" \/>HPSI SiC wafers are widely used in:<\/strong><\/p>\n<ul data-start=\"1286\" data-end=\"1775\">\n<li data-section-id=\"124k2m6\" data-start=\"1286\" data-end=\"1395\">\n<p data-start=\"1288\" data-end=\"1395\">AR Glasses and Optoelectronics: Transparent SiC supports optical components with minimal energy loss.<\/p>\n<\/li>\n<li data-section-id=\"1boroku\" data-start=\"1396\" data-end=\"1494\">\n<p data-start=\"1398\" data-end=\"1494\">High-Power Electronics: Ideal for inverters, power devices, and high-voltage applications.<\/p>\n<\/li>\n<li data-section-id=\"6sqe35\" data-start=\"1495\" data-end=\"1603\">\n<p data-start=\"1497\" data-end=\"1603\">RF and Microwave Devices: Supports high-frequency operations, including 5G communications and radar.<\/p>\n<\/li>\n<li data-section-id=\"tx9cy4\" data-start=\"1604\" data-end=\"1775\">\n<p data-start=\"1606\" data-end=\"1775\">Extreme Environment Applications: Aerospace, automotive, military, and oil exploration where high temperature, high voltage, and radiation resistance are required.<\/p>\n<\/li>\n<\/ul>\n<p data-start=\"1777\" data-end=\"1928\">The semi-insulating nature of HPSI SiC ensures low parasitic conduction, enhancing device performance and reliability in power and RF applications.<\/p>\n<h1 data-section-id=\"tdmbwp\" data-start=\"1935\" data-end=\"1951\">Nh\u1eefng \u01b0u \u0111i\u1ec3m n\u1ed5i b\u1eadt<img decoding=\"async\" class=\"size-medium wp-image-2383 alignright\" src=\"https:\/\/www.fuyao-quartz.com\/wp-content\/uploads\/2026\/03\/silicon_carbide_wafer_4inch_hpsi_350um_widely_used_for_ar_glasses-300x300.jpg\" alt=\"T\u1ea5m wafer cacbua silic (SiC) 4 inch, \u0111\u1ed9 d\u00e0y 350\u03bcm, d\u00f9ng cho k\u00ednh AR v\u00e0 thi\u1ebft b\u1ecb \u0111i\u1ec7n t\u1eed c\u00f4ng su\u1ea5t cao\" width=\"300\" height=\"300\" srcset=\"https:\/\/www.fuyao-quartz.com\/wp-content\/uploads\/2026\/03\/silicon_carbide_wafer_4inch_hpsi_350um_widely_used_for_ar_glasses-300x300.jpg 300w, https:\/\/www.fuyao-quartz.com\/wp-content\/uploads\/2026\/03\/silicon_carbide_wafer_4inch_hpsi_350um_widely_used_for_ar_glasses-150x150.jpg 150w, https:\/\/www.fuyao-quartz.com\/wp-content\/uploads\/2026\/03\/silicon_carbide_wafer_4inch_hpsi_350um_widely_used_for_ar_glasses-768x768.jpg 768w, https:\/\/www.fuyao-quartz.com\/wp-content\/uploads\/2026\/03\/silicon_carbide_wafer_4inch_hpsi_350um_widely_used_for_ar_glasses-600x600.jpg 600w, https:\/\/www.fuyao-quartz.com\/wp-content\/uploads\/2026\/03\/silicon_carbide_wafer_4inch_hpsi_350um_widely_used_for_ar_glasses-100x100.jpg 100w, https:\/\/www.fuyao-quartz.com\/wp-content\/uploads\/2026\/03\/silicon_carbide_wafer_4inch_hpsi_350um_widely_used_for_ar_glasses.jpg 800w\" sizes=\"(max-width: 300px) 100vw, 300px\" \/><\/h1>\n<ul data-start=\"1953\" data-end=\"2489\">\n<li data-section-id=\"15gzu4w\" data-start=\"1953\" data-end=\"2062\">\n<p data-start=\"1955\" data-end=\"2062\">Wide Bandgap (~3.2 eV): Enables high breakdown voltage, low leakage, and efficient energy conversion.<\/p>\n<\/li>\n<li data-section-id=\"kpfv28\" data-start=\"2063\" data-end=\"2153\">\n<p data-start=\"2065\" data-end=\"2153\">High Thermal Conductivity: Efficient heat dissipation for high-power applications.<\/p>\n<\/li>\n<li data-section-id=\"fdrpbk\" data-start=\"2154\" data-end=\"2263\">\n<p data-start=\"2156\" data-end=\"2263\">High Breakdown Electric Field: Supports high-voltage device fabrication without material degradation.<\/p>\n<\/li>\n<li data-section-id=\"12hqnjh\" data-start=\"2264\" data-end=\"2343\">\n<p data-start=\"2266\" data-end=\"2343\">High Electron Mobility: Fast switching speeds for RF and power devices.<\/p>\n<\/li>\n<li data-section-id=\"5bwr2p\" data-start=\"2344\" data-end=\"2489\">\n<p data-start=\"2346\" data-end=\"2489\">Chemical and Mechanical Stability: Resistant to high temperatures, voltages, frequencies, and radiation, suitable for harsh environments.<\/p>\n<\/li>\n<\/ul>\n<h1 data-section-id=\"zjxypn\" data-start=\"2496\" data-end=\"2522\">Technical Specifications<\/h1>\n<div class=\"TyagGW_tableContainer\">\n<div class=\"group TyagGW_tableWrapper flex flex-col-reverse w-fit\" tabindex=\"-1\">\n<table class=\"w-fit min-w-(--thread-content-width)\" data-start=\"2524\" data-end=\"3436\">\n<thead data-start=\"2524\" data-end=\"2553\">\n<tr data-start=\"2524\" data-end=\"2553\">\n<th class=\"\" data-start=\"2524\" data-end=\"2536\" data-col-size=\"md\">Tham s\u1ed1<\/th>\n<th class=\"\" data-start=\"2536\" data-end=\"2553\" data-col-size=\"md\">Th\u00f4ng s\u1ed1 k\u1ef9 thu\u1eadt<\/th>\n<\/tr>\n<\/thead>\n<tbody data-start=\"2564\" data-end=\"3436\">\n<tr data-start=\"2564\" data-end=\"2617\">\n<td data-start=\"2564\" data-end=\"2583\" data-col-size=\"md\">Crystal Material<\/td>\n<td data-col-size=\"md\" data-start=\"2583\" data-end=\"2617\">High-Purity Single-Crystal SiC<\/td>\n<\/tr>\n<tr data-start=\"2618\" data-end=\"2651\">\n<td data-start=\"2618\" data-end=\"2625\" data-col-size=\"md\">Type<\/td>\n<td data-col-size=\"md\" data-start=\"2625\" data-end=\"2651\">HPSI (Semi-Insulating)<\/td>\n<\/tr>\n<tr data-start=\"2652\" data-end=\"2688\">\n<td data-start=\"2652\" data-end=\"2663\" data-col-size=\"md\">\u0110\u01b0\u1eddng k\u00ednh<\/td>\n<td data-col-size=\"md\" data-start=\"2663\" data-end=\"2688\">100 \u00b1 0.5 mm (4 inch)<\/td>\n<\/tr>\n<tr data-start=\"2689\" data-end=\"2750\">\n<td data-start=\"2689\" data-end=\"2701\" data-col-size=\"md\">\u0110\u1ed9 d\u00e0y<\/td>\n<td data-col-size=\"md\" data-start=\"2701\" data-end=\"2750\">350 \u03bcm \u00b1 15 \u03bcm (4H-N), 500 \u03bcm \u00b1 15 \u03bcm (4H-SI)<\/td>\n<\/tr>\n<tr data-start=\"2751\" data-end=\"2838\">\n<td data-start=\"2751\" data-end=\"2771\" data-col-size=\"md\">Wafer Orientation<\/td>\n<td data-col-size=\"md\" data-start=\"2771\" data-end=\"2838\">Off-axis 4\u00b0 toward &lt;11-20&gt; (4H-N), On-axis &lt;0001&gt; \u00b10.5\u00b0 (4H-SI)<\/td>\n<\/tr>\n<tr data-start=\"2839\" data-end=\"2900\">\n<td data-start=\"2839\" data-end=\"2853\" data-col-size=\"md\">Resistivity<\/td>\n<td data-col-size=\"md\" data-start=\"2853\" data-end=\"2900\">4H-N: 0.015\u20130.024 \u03a9\u00b7cm; 4H-SI: \u22651\u00d710\u00b9\u2070 \u03a9\u00b7cm<\/td>\n<\/tr>\n<tr data-start=\"2901\" data-end=\"2943\">\n<td data-start=\"2901\" data-end=\"2928\" data-col-size=\"md\">Primary Flat Orientation<\/td>\n<td data-col-size=\"md\" data-start=\"2928\" data-end=\"2943\">{10-10} \u00b15\u00b0<\/td>\n<\/tr>\n<tr data-start=\"2944\" data-end=\"2981\">\n<td data-start=\"2944\" data-end=\"2966\" data-col-size=\"md\">Primary Flat Length<\/td>\n<td data-col-size=\"md\" data-start=\"2966\" data-end=\"2981\">32.5 \u00b1 2 mm<\/td>\n<\/tr>\n<tr data-start=\"2982\" data-end=\"3060\">\n<td data-start=\"2982\" data-end=\"3011\" data-col-size=\"md\">Secondary Flat Orientation<\/td>\n<td data-col-size=\"md\" data-start=\"3011\" data-end=\"3060\">Silicon face up, 90\u00b0 CW from primary flat \u00b15\u00b0<\/td>\n<\/tr>\n<tr data-start=\"3061\" data-end=\"3086\">\n<td data-start=\"3061\" data-end=\"3078\" data-col-size=\"md\">Edge Exclusion<\/td>\n<td data-col-size=\"md\" data-start=\"3078\" data-end=\"3086\">3 mm<\/td>\n<\/tr>\n<tr data-start=\"3087\" data-end=\"3203\">\n<td data-start=\"3087\" data-end=\"3134\" data-col-size=\"md\">Total Thickness Variation (TTV) \/ Bow \/ Warp<\/td>\n<td data-col-size=\"md\" data-start=\"3134\" data-end=\"3203\">\u22645 \u03bcm \/ \u226415 \u03bcm \/ \u226430 \u03bcm (4H-N) ; \u226415 \u03bcm \/ \u226425 \u03bcm \/ \u226440 \u03bcm (4H-SI)<\/td>\n<\/tr>\n<tr data-start=\"3204\" data-end=\"3263\">\n<td data-start=\"3204\" data-end=\"3224\" data-col-size=\"md\">Surface Roughness<\/td>\n<td data-col-size=\"md\" data-start=\"3224\" data-end=\"3263\">Polished Ra \u2264 1 nm; CMP Ra \u2264 0.2 nm<\/td>\n<\/tr>\n<tr data-start=\"3264\" data-end=\"3358\">\n<td data-start=\"3264\" data-end=\"3289\" data-col-size=\"md\">Edge &amp; Surface Defects<\/td>\n<td data-col-size=\"md\" data-start=\"3289\" data-end=\"3358\">No significant scratches; edge chips \u22641 mm (\u22645 allowed per wafer)<\/td>\n<\/tr>\n<tr data-start=\"3359\" data-end=\"3436\">\n<td data-start=\"3359\" data-end=\"3371\" data-col-size=\"md\">Packaging<\/td>\n<td data-col-size=\"md\" data-start=\"3371\" data-end=\"3436\">Multi-wafer cassette or single wafer container, vacuum sealed<\/td>\n<\/tr>\n<\/tbody>\n<\/table>\n<\/div>\n<\/div>\n<h1 data-section-id=\"c3mln3\" data-start=\"3443\" data-end=\"3457\">\u1ee8ng d\u1ee5ng<\/h1>\n<ol data-start=\"3459\" data-end=\"3986\">\n<li data-section-id=\"qt4g5z\" data-start=\"3459\" data-end=\"3567\">\n<p data-start=\"3462\" data-end=\"3567\">Augmented Reality (AR) Glasses: Transparent HPSI SiC wafers for optical and electronic integration.<\/p>\n<\/li>\n<li data-section-id=\"enll01\" data-start=\"3568\" data-end=\"3661\">\n<p data-start=\"3571\" data-end=\"3661\">Power Electronics: High-voltage inverters, converters, and energy-efficient devices.<\/p>\n<\/li>\n<li data-section-id=\"1l3zljx\" data-start=\"3662\" data-end=\"3768\">\n<p data-start=\"3665\" data-end=\"3768\">RF &amp; Microwave Devices: Next-generation wireless communications, radar, and satellite components.<\/p>\n<\/li>\n<li data-section-id=\"1mba1pe\" data-start=\"3769\" data-end=\"3862\">\n<p data-start=\"3772\" data-end=\"3862\">Harsh Environment Electronics: Aerospace, automotive, military, and oil exploration.<\/p>\n<\/li>\n<li data-section-id=\"whccmw\" data-start=\"3863\" data-end=\"3986\">\n<p data-start=\"3866\" data-end=\"3986\">Strategic Industries: Solar energy, semiconductor lighting, smart grids\u2014reducing energy consumption and device size.<\/p>\n<\/li>\n<\/ol>\n<h1 data-section-id=\"z7h8ro\" data-start=\"3993\" data-end=\"4012\"><img decoding=\"async\" class=\"size-medium wp-image-2387 alignleft\" src=\"https:\/\/www.fuyao-quartz.com\/wp-content\/uploads\/2026\/03\/6inch_8inch_4h_semi_sic_substrate_for_ar_glasses_optical_grade2-300x300.jpg\" alt=\"T\u1ea5m wafer cacbua silic (SiC) 4 inch, \u0111\u1ed9 d\u00e0y 350\u03bcm, d\u00f9ng cho k\u00ednh AR v\u00e0 thi\u1ebft b\u1ecb \u0111i\u1ec7n t\u1eed c\u00f4ng su\u1ea5t cao\" width=\"300\" height=\"300\" srcset=\"https:\/\/www.fuyao-quartz.com\/wp-content\/uploads\/2026\/03\/6inch_8inch_4h_semi_sic_substrate_for_ar_glasses_optical_grade2-300x300.jpg 300w, https:\/\/www.fuyao-quartz.com\/wp-content\/uploads\/2026\/03\/6inch_8inch_4h_semi_sic_substrate_for_ar_glasses_optical_grade2-150x150.jpg 150w, https:\/\/www.fuyao-quartz.com\/wp-content\/uploads\/2026\/03\/6inch_8inch_4h_semi_sic_substrate_for_ar_glasses_optical_grade2-600x600.jpg 600w, https:\/\/www.fuyao-quartz.com\/wp-content\/uploads\/2026\/03\/6inch_8inch_4h_semi_sic_substrate_for_ar_glasses_optical_grade2-100x100.jpg 100w, https:\/\/www.fuyao-quartz.com\/wp-content\/uploads\/2026\/03\/6inch_8inch_4h_semi_sic_substrate_for_ar_glasses_optical_grade2.jpg 750w\" sizes=\"(max-width: 300px) 100vw, 300px\" \/>\u0110\u1ea3m b\u1ea3o ch\u1ea5t l\u01b0\u1ee3ng<\/h1>\n<p data-start=\"4014\" data-end=\"4075\">FUYAO QUARTZ implements strict quality control including:<\/p>\n<ul data-start=\"4077\" data-end=\"4275\">\n<li data-section-id=\"10y81se\" data-start=\"4077\" data-end=\"4128\">\n<p data-start=\"4079\" data-end=\"4128\">Dimensional verification and parallelism checks<\/p>\n<\/li>\n<li data-section-id=\"1szw8ot\" data-start=\"4129\" data-end=\"4167\">\n<p data-start=\"4131\" data-end=\"4167\">Electrical resistivity measurement<\/p>\n<\/li>\n<li data-section-id=\"1k3xe9\" data-start=\"4168\" data-end=\"4211\">\n<p data-start=\"4170\" data-end=\"4211\">Surface roughness and defect inspection<\/p>\n<\/li>\n<li data-section-id=\"1dwenua\" data-start=\"4212\" data-end=\"4275\">\n<p data-start=\"4214\" data-end=\"4275\">Compliance with RoHS and international industry standards<\/p>\n<\/li>\n<\/ul>\n<p data-start=\"4277\" data-end=\"4403\">These processes ensure high reliability and performance for high-power, high-frequency, and high-temperature applications.<\/p>\n<h1 data-section-id=\"1mpc0g\" data-start=\"4410\" data-end=\"4415\">C\u00e2u h\u1ecfi th\u01b0\u1eddng g\u1eb7p<\/h1>\n<p data-start=\"4417\" data-end=\"4636\">Q: What is a HPSI SiC wafer?<br data-start=\"4449\" data-end=\"4452\" \/>A: HPSI (High-Purity Semi-Insulating) SiC wafers are semiconductor substrates with very high resistivity, ideal for high-voltage, high-frequency, and optoelectronic applications.<\/p>\n<p data-start=\"4638\" data-end=\"4938\">Q: How does SiC differ from conventional silicon wafers?<br data-start=\"4698\" data-end=\"4701\" \/>A: Silicon wafers are low-cost and suitable for standard low-power electronics, whereas SiC wafers are next-generation substrates capable of operating under high voltage, high power, high temperature, and high-frequency conditions.<\/p>\n<p data-start=\"4940\" data-end=\"5112\">Q: What industries use SiC wafers?<br data-start=\"4978\" data-end=\"4981\" \/>A: Power electronics, RF\/microwave devices, optoelectronics (AR glasses), aerospace, automotive, military, and energy applications.<\/p>","protected":false},"excerpt":{"rendered":"<p>FUYAO QUARTZ 4-inch HPSI silicon carbide (SiC) wafers are high-purity, semi-insulating substrates engineered for next-generation high-performance electronic devices. Silicon carbide, a compound of silicon and carbon, provides superior electrical, thermal, and mechanical properties compared to conventional silicon wafers.<\/p>","protected":false},"featured_media":2383,"comment_status":"open","ping_status":"closed","template":"","meta":{"site-sidebar-layout":"default","site-content-layout":"","ast-site-content-layout":"default","site-content-style":"default","site-sidebar-style":"default","ast-global-header-display":"","ast-banner-title-visibility":"","ast-main-header-display":"","ast-hfb-above-header-display":"","ast-hfb-below-header-display":"","ast-hfb-mobile-header-display":"","site-post-title":"","ast-breadcrumbs-content":"","ast-featured-img":"","footer-sml-layout":"","ast-disable-related-posts":"","theme-transparent-header-meta":"default","adv-header-id-meta":"","stick-header-meta":"default","header-above-stick-meta":"","header-main-stick-meta":"","header-below-stick-meta":"","astra-migrate-meta-layouts":"set","ast-page-background-enabled":"default","ast-page-background-meta":{"desktop":{"background-color":"var(--ast-global-color-4)","background-image":"","background-repeat":"repeat","background-position":"center center","background-size":"auto","background-attachment":"scroll","background-type":"","background-media":"","overlay-type":"","overlay-color":"","overlay-opacity":"","overlay-gradient":""},"tablet":{"background-color":"","background-image":"","background-repeat":"repeat","background-position":"center center","background-size":"auto","background-attachment":"scroll","background-type":"","background-media":"","overlay-type":"","overlay-color":"","overlay-opacity":"","overlay-gradient":""},"mobile":{"background-color":"","background-image":"","background-repeat":"repeat","background-position":"center center","background-size":"auto","background-attachment":"scroll","background-type":"","background-media":"","overlay-type":"","overlay-color":"","overlay-opacity":"","overlay-gradient":""}},"ast-content-background-meta":{"desktop":{"background-color":"var(--ast-global-color-5)","background-image":"","background-repeat":"repeat","background-position":"center center","background-size":"auto","background-attachment":"scroll","background-type":"","background-media":"","overlay-type":"","overlay-color":"","overlay-opacity":"","overlay-gradient":""},"tablet":{"background-color":"var(--ast-global-color-5)","background-image":"","background-repeat":"repeat","background-position":"center center","background-size":"auto","background-attachment":"scroll","background-type":"","background-media":"","overlay-type":"","overlay-color":"","overlay-opacity":"","overlay-gradient":""},"mobile":{"background-color":"var(--ast-global-color-5)","background-image":"","background-repeat":"repeat","background-position":"center center","background-size":"auto","background-attachment":"scroll","background-type":"","background-media":"","overlay-type":"","overlay-color":"","overlay-opacity":"","overlay-gradient":""}}},"product_brand":[],"product_cat":[155],"product_tag":[356,346,352,348,347,354,353,349,351,355,350],"class_list":{"0":"post-2382","1":"product","2":"type-product","3":"status-publish","4":"has-post-thumbnail","6":"product_cat-semiconductor-wafer","7":"product_tag-350um-sic-wafer","8":"product_tag-4-inch-sic-wafer","9":"product_tag-high-power-electronics-wafer","10":"product_tag-high-purity-sic-wafer","11":"product_tag-hpsi-silicon-carbide-wafer","12":"product_tag-microwave-device-wafer","13":"product_tag-rf-device-substrate","14":"product_tag-semi-insulating-sic-wafer","15":"product_tag-sic-wafer-for-ar-glasses","16":"product_tag-sic-wafer-for-optoelectronics","17":"product_tag-silicon-carbide-substrate","18":"desktop-align-left","19":"tablet-align-left","20":"mobile-align-left","21":"ast-product-gallery-layout-horizontal","22":"ast-product-tabs-layout-horizontal","24":"first","25":"instock","26":"shipping-taxable","27":"product-type-simple"},"_links":{"self":[{"href":"https:\/\/www.fuyao-quartz.com\/vi\/wp-json\/wp\/v2\/product\/2382","targetHints":{"allow":["GET"]}}],"collection":[{"href":"https:\/\/www.fuyao-quartz.com\/vi\/wp-json\/wp\/v2\/product"}],"about":[{"href":"https:\/\/www.fuyao-quartz.com\/vi\/wp-json\/wp\/v2\/types\/product"}],"replies":[{"embeddable":true,"href":"https:\/\/www.fuyao-quartz.com\/vi\/wp-json\/wp\/v2\/comments?post=2382"}],"version-history":[{"count":1,"href":"https:\/\/www.fuyao-quartz.com\/vi\/wp-json\/wp\/v2\/product\/2382\/revisions"}],"predecessor-version":[{"id":2389,"href":"https:\/\/www.fuyao-quartz.com\/vi\/wp-json\/wp\/v2\/product\/2382\/revisions\/2389"}],"wp:featuredmedia":[{"embeddable":true,"href":"https:\/\/www.fuyao-quartz.com\/vi\/wp-json\/wp\/v2\/media\/2383"}],"wp:attachment":[{"href":"https:\/\/www.fuyao-quartz.com\/vi\/wp-json\/wp\/v2\/media?parent=2382"}],"wp:term":[{"taxonomy":"product_brand","embeddable":true,"href":"https:\/\/www.fuyao-quartz.com\/vi\/wp-json\/wp\/v2\/product_brand?post=2382"},{"taxonomy":"product_cat","embeddable":true,"href":"https:\/\/www.fuyao-quartz.com\/vi\/wp-json\/wp\/v2\/product_cat?post=2382"},{"taxonomy":"product_tag","embeddable":true,"href":"https:\/\/www.fuyao-quartz.com\/vi\/wp-json\/wp\/v2\/product_tag?post=2382"}],"curies":[{"name":"wp","href":"https:\/\/api.w.org\/{rel}","templated":true}]}}