{"id":2803,"date":"2026-04-28T08:51:02","date_gmt":"2026-04-28T08:51:02","guid":{"rendered":"https:\/\/www.fuyao-quartz.com\/?post_type=product&#038;p=2803"},"modified":"2026-04-28T08:51:06","modified_gmt":"2026-04-28T08:51:06","slug":"pigeon-blood-red-sapphire-watch-crystal-custom-synthetic-ruby-crystal-for-luxury-watches","status":"publish","type":"product","link":"https:\/\/www.fuyao-quartz.com\/tr\/product\/pigeon-blood-red-sapphire-watch-crystal-custom-synthetic-ruby-crystal-for-luxury-watches\/","title":{"rendered":"G\u00fcvercin Kan\u0131 K\u0131rm\u0131z\u0131 Safir Saat Kristali L\u00fcks Saatler i\u00e7in \u00d6zel Sentetik Yakut Kristali"},"content":{"rendered":"<p data-start=\"144\" data-end=\"568\"><img fetchpriority=\"high\" decoding=\"async\" class=\"alignright wp-image-2807 size-medium\" src=\"https:\/\/www.fuyao-quartz.com\/wp-content\/uploads\/2026\/04\/Pigeon-Blood-Red-Sapphire-Watch-Crystal-Custom-Synthetic-Ruby-Crystal-for-Luxury-Watches-1-300x300.png\" alt=\"G\u00fcvercin Kan\u0131 K\u0131rm\u0131z\u0131 Safir Saat Kristali L\u00fcks Saatler i\u00e7in \u00d6zel Sentetik Yakut Kristali\" width=\"300\" height=\"300\" srcset=\"https:\/\/www.fuyao-quartz.com\/wp-content\/uploads\/2026\/04\/Pigeon-Blood-Red-Sapphire-Watch-Crystal-Custom-Synthetic-Ruby-Crystal-for-Luxury-Watches-1-300x300.png 300w, https:\/\/www.fuyao-quartz.com\/wp-content\/uploads\/2026\/04\/Pigeon-Blood-Red-Sapphire-Watch-Crystal-Custom-Synthetic-Ruby-Crystal-for-Luxury-Watches-1-150x150.png 150w, https:\/\/www.fuyao-quartz.com\/wp-content\/uploads\/2026\/04\/Pigeon-Blood-Red-Sapphire-Watch-Crystal-Custom-Synthetic-Ruby-Crystal-for-Luxury-Watches-1-768x768.png 768w, https:\/\/www.fuyao-quartz.com\/wp-content\/uploads\/2026\/04\/Pigeon-Blood-Red-Sapphire-Watch-Crystal-Custom-Synthetic-Ruby-Crystal-for-Luxury-Watches-1-12x12.png 12w, https:\/\/www.fuyao-quartz.com\/wp-content\/uploads\/2026\/04\/Pigeon-Blood-Red-Sapphire-Watch-Crystal-Custom-Synthetic-Ruby-Crystal-for-Luxury-Watches-1-600x600.png 600w, https:\/\/www.fuyao-quartz.com\/wp-content\/uploads\/2026\/04\/Pigeon-Blood-Red-Sapphire-Watch-Crystal-Custom-Synthetic-Ruby-Crystal-for-Luxury-Watches-1-100x100.png 100w, https:\/\/www.fuyao-quartz.com\/wp-content\/uploads\/2026\/04\/Pigeon-Blood-Red-Sapphire-Watch-Crystal-Custom-Synthetic-Ruby-Crystal-for-Luxury-Watches-1.png 1000w\" sizes=\"(max-width: 300px) 100vw, 300px\" \/>Pigeon Blood K\u0131rm\u0131z\u0131 Safir Saat Kristali, y\u00fcksek safl\u0131kta sentetik yakuttan (k\u0131rm\u0131z\u0131 safir) yap\u0131lm\u0131\u015f birinci s\u0131n\u0131f optik s\u0131n\u0131f bir bile\u015fendir. <span class=\"hover:entity-accent entity-underline inline cursor-pointer align-baseline\"><span class=\"whitespace-normal\">Safir (Al\u2082O\u2083 tek kristal)<\/span><\/span> ikonik koyu \u201cg\u00fcvercin kan\u0131\u201d k\u0131rm\u0131z\u0131s\u0131 rengini elde etmek i\u00e7in krom katk\u0131l\u0131d\u0131r. \u00dcst d\u00fczey ve l\u00fcks saat uygulamalar\u0131 i\u00e7in tasarlanan bu malzeme, ola\u011fan\u00fcst\u00fc mekanik g\u00fcc\u00fc, \u00e7arp\u0131c\u0131 esteti\u011fi ve ola\u011fan\u00fcst\u00fc optik performans\u0131 bir araya getirir.<\/p>\n<p data-start=\"570\" data-end=\"931\">Geleneksel \u015feffaf saat kristallerinin aksine, g\u00fcvercin kan\u0131 k\u0131rm\u0131z\u0131s\u0131 safir kristaller benzersiz bir g\u00f6rsel kimlik sunarak l\u00fcks ve \u00f6zelle\u015ftirilmi\u015f saatlerin tasar\u0131m dilini geli\u015ftirir. Zengin k\u0131rm\u0131z\u0131 tonu, safirin do\u011fal parlakl\u0131\u011f\u0131 ve dayan\u0131kl\u0131l\u0131\u011f\u0131 ile birle\u015fti\u011finde, onu premium saat markalar\u0131, s\u0131n\u0131rl\u0131 say\u0131da \u00fcretilen \u00fcr\u00fcnler ve \u0131smarlama horoloji projeleri i\u00e7in ideal bir se\u00e7im haline getirir.<\/p>\n<hr data-start=\"933\" data-end=\"936\" \/>\n<h2 data-section-id=\"1hjwgp3\" data-start=\"938\" data-end=\"969\">Temel \u00d6zellikler ve Avantajlar<\/h2>\n<h3 data-section-id=\"srp5rs\" data-start=\"971\" data-end=\"1015\">1. Benzersiz \u201cG\u00fcvercin Kan\u0131\u201d K\u0131rm\u0131z\u0131s\u0131 Esteti\u011fi<\/h3>\n<p data-start=\"1016\" data-end=\"1270\">Koyu k\u0131rm\u0131z\u0131 renk, kristal b\u00fcy\u00fcmesi s\u0131ras\u0131nda krom katk\u0131s\u0131n\u0131n hassas bir \u015fekilde kontrol edilmesiyle elde edilir ve \u00fcst d\u00fczey yakut malzemelerle ili\u015fkilendirilen tek tip, canl\u0131 bir tonla sonu\u00e7lan\u0131r. Bu ay\u0131rt edici g\u00f6r\u00fcn\u00fcm, saat tasar\u0131m\u0131n\u0131 ve marka farkl\u0131l\u0131\u011f\u0131n\u0131 y\u00fckseltir.<\/p>\n<h3 data-section-id=\"1pnjdhc\" data-start=\"1272\" data-end=\"1324\">2. Ola\u011fan\u00fcst\u00fc Sertlik ve \u00c7izilme Direnci<\/h3>\n<p data-start=\"1325\" data-end=\"1507\">Mohs sertli\u011fi 9 olan safir saat kristalleri \u00e7izilmelere ve a\u015f\u0131nmaya kar\u015f\u0131 son derece dayan\u0131kl\u0131d\u0131r ve g\u00fcnl\u00fck kullan\u0131mda veya zorlu ortamlarda bile uzun s\u00fcreli netlik ve dayan\u0131kl\u0131l\u0131k sa\u011flar.<\/p>\n<h3 data-section-id=\"vgool6\" data-start=\"1509\" data-end=\"1546\">3. \u00dcst\u00fcn Optik Performans<\/h3>\n<p data-start=\"1547\" data-end=\"1778\">Renklenmesine ra\u011fmen kristal m\u00fckemmel \u0131\u015f\u0131k ge\u00e7irgenli\u011fini ve optik homojenli\u011fi korur. Tasar\u0131m gereksinimlerine ba\u011fl\u0131 olarak (yar\u0131 \u015feffaf, renkli veya dekoratif) kontroll\u00fc \u015feffafl\u0131k seviyeleri i\u00e7in tasarlanabilir.<\/p>\n<h3 data-section-id=\"1y5f5oz\" data-start=\"1780\" data-end=\"1824\">4. Y\u00fcksek Termal ve Kimyasal Kararl\u0131l\u0131k<\/h3>\n<p data-start=\"1825\" data-end=\"2003\">Malzeme a\u015f\u0131r\u0131 s\u0131cakl\u0131klar alt\u0131nda stabil kal\u0131r ve \u00e7o\u011fu aside, alkaliye ve \u00e7evresel korozyona kar\u015f\u0131 diren\u00e7lidir, bu da \u00e7e\u015fitli \u00e7al\u0131\u015fma ko\u015fullar\u0131nda g\u00fcvenilirlik sa\u011flar.<\/p>\n<h3 data-section-id=\"1vz732i\" data-start=\"2005\" data-end=\"2058\">5. Tamamen \u00d6zelle\u015ftirilebilir \u00c7\u00f6z\u00fcmler (Temel Avantaj)<\/h3>\n<p data-start=\"2059\" data-end=\"2147\">Bu \u00fcr\u00fcn, \u00f6zel tasar\u0131m ve i\u015flevsel gereksinimleri kar\u015f\u0131lamak i\u00e7in son derece \u00f6zelle\u015ftirilebilir:<\/p>\n<h2 style=\"font-style: normal;\" data-section-id=\"1hjwgp3\" data-start=\"938\" data-end=\"969\"><\/h2>\n<ul data-start=\"2148\" data-end=\"2424\">\n<li data-section-id=\"1kg88ut\" data-start=\"2148\" data-end=\"2192\">\u015eekil: d\u00fcz, kavisli, kubbe, \u00e7ift kavisli\n<p style=\"font-size: 16px;\">\n<\/li>\n<li data-section-id=\"1xcbw6m\" data-start=\"2193\" data-end=\"2236\">Boyut: \u00e7ap, kal\u0131nl\u0131k, kenar profili<\/li>\n<li data-section-id=\"i4y7hd\" data-start=\"2237\" data-end=\"2292\">Renk yo\u011funlu\u011fu: a\u00e7\u0131k k\u0131rm\u0131z\u0131dan koyu g\u00fcvercin kan\u0131 k\u0131rm\u0131z\u0131s\u0131na<\/li>\n<li data-section-id=\"1q0nu6x\" data-start=\"2293\" data-end=\"2370\">Y\u00fczey kaplamas\u0131: cilal\u0131, yans\u0131ma \u00f6nleyici (AR), parmak izi b\u0131rakmayan kaplamalar<\/li>\n<li data-section-id=\"cgvwyy\" data-start=\"2371\" data-end=\"2424\">Grav\u00fcr: logo, desenler veya dekoratif dokular<\/li>\n<\/ul>\n<hr data-start=\"2426\" data-end=\"2429\" \/>\n<h2 data-section-id=\"58xi60\" data-start=\"2431\" data-end=\"2460\">Teknik \u00d6zellikler<\/h2>\n<div class=\"TyagGW_tableContainer\">\n<div class=\"group TyagGW_tableWrapper flex flex-col-reverse w-fit\" tabindex=\"-1\">\n<table class=\"w-fit min-w-(--thread-content-width)\" data-start=\"2462\" data-end=\"3136\">\n<thead data-start=\"2462\" data-end=\"2491\">\n<tr data-start=\"2462\" data-end=\"2491\">\n<th class=\"\" data-start=\"2462\" data-end=\"2474\" data-col-size=\"sm\">Parametre<\/th>\n<th class=\"\" data-start=\"2474\" data-end=\"2491\" data-col-size=\"md\">\u015eartname<\/th>\n<\/tr>\n<\/thead>\n<tbody data-start=\"2521\" data-end=\"3136\">\n<tr data-start=\"2521\" data-end=\"2579\">\n<td data-start=\"2521\" data-end=\"2536\" data-col-size=\"sm\">\u00dcr\u00fcn Ad\u0131<\/td>\n<td data-col-size=\"md\" data-start=\"2536\" data-end=\"2579\">G\u00fcvercin Kan\u0131 K\u0131rm\u0131z\u0131 Safir Saat Kristali<\/td>\n<\/tr>\n<tr data-start=\"2580\" data-end=\"2629\">\n<td data-start=\"2580\" data-end=\"2591\" data-col-size=\"sm\">Malzeme<\/td>\n<td data-col-size=\"md\" data-start=\"2591\" data-end=\"2629\">Sentetik Yakut (Cr katk\u0131l\u0131 Safir)<\/td>\n<\/tr>\n<tr data-start=\"2630\" data-end=\"2679\">\n<td data-start=\"2630\" data-end=\"2653\" data-col-size=\"sm\">Kimyasal Bile\u015fim<\/td>\n<td data-col-size=\"md\" data-start=\"2653\" data-end=\"2679\">Al\u2082O\u2083 (Tek Kristal)<\/td>\n<\/tr>\n<tr data-start=\"2680\" data-end=\"2701\">\n<td data-start=\"2680\" data-end=\"2691\" data-col-size=\"sm\">Sertlik<\/td>\n<td data-col-size=\"md\" data-start=\"2691\" data-end=\"2701\">Mohs 9<\/td>\n<\/tr>\n<tr data-start=\"2702\" data-end=\"2726\">\n<td data-start=\"2702\" data-end=\"2712\" data-col-size=\"sm\">Yo\u011funluk<\/td>\n<td data-col-size=\"md\" data-start=\"2712\" data-end=\"2726\">3,98 g\/cm\u00b3<\/td>\n<\/tr>\n<tr data-start=\"2727\" data-end=\"2776\">\n<td data-start=\"2727\" data-end=\"2746\" data-col-size=\"sm\">Optik M\u00fclkiyet<\/td>\n<td data-col-size=\"md\" data-start=\"2746\" data-end=\"2776\">Renkli \/ Yar\u0131 \u015feffaf<\/td>\n<\/tr>\n<tr data-start=\"2777\" data-end=\"2837\">\n<td data-start=\"2777\" data-end=\"2798\" data-col-size=\"sm\">\u0130letim Aral\u0131\u011f\u0131<\/td>\n<td data-col-size=\"md\" data-start=\"2798\" data-end=\"2837\">200 - 5000 nm (katk\u0131lamaya ba\u011fl\u0131 olarak)<\/td>\n<\/tr>\n<tr data-start=\"2838\" data-end=\"2883\">\n<td data-start=\"2838\" data-end=\"2850\" data-col-size=\"sm\">Kal\u0131nl\u0131k<\/td>\n<td data-col-size=\"md\" data-start=\"2850\" data-end=\"2883\">\u00d6zel (tipik olarak 0,5 - 3 mm)<\/td>\n<\/tr>\n<tr data-start=\"2884\" data-end=\"2939\">\n<td data-start=\"2884\" data-end=\"2895\" data-col-size=\"sm\">\u00c7ap<\/td>\n<td data-col-size=\"md\" data-start=\"2895\" data-end=\"2939\">\u00d6zel (\u00f6rn. 10 - 50 mm veya \u00e7izim ba\u015f\u0131na)<\/td>\n<\/tr>\n<tr data-start=\"2940\" data-end=\"2979\">\n<td data-start=\"2940\" data-end=\"2948\" data-col-size=\"sm\">\u015eekil<\/td>\n<td data-col-size=\"md\" data-start=\"2948\" data-end=\"2979\">D\u00fcz \/ Kubbe \/ \u00c7ift Kavisli<\/td>\n<\/tr>\n<tr data-start=\"2980\" data-end=\"3027\">\n<td data-start=\"2980\" data-end=\"3000\" data-col-size=\"sm\">Y\u00fczey P\u00fcr\u00fczl\u00fcl\u00fc\u011f\u00fc<\/td>\n<td data-col-size=\"md\" data-start=\"3000\" data-end=\"3027\">Optik s\u0131n\u0131f parlatma<\/td>\n<\/tr>\n<tr data-start=\"3028\" data-end=\"3096\">\n<td data-start=\"3028\" data-end=\"3046\" data-col-size=\"sm\">Kaplama Se\u00e7enekleri<\/td>\n<td data-col-size=\"md\" data-start=\"3046\" data-end=\"3096\">AR kaplama \/ Sert kaplama \/ Dekoratif kaplama<\/td>\n<\/tr>\n<tr data-start=\"3097\" data-end=\"3136\">\n<td data-start=\"3097\" data-end=\"3119\" data-col-size=\"sm\">\u00c7al\u0131\u015fma S\u0131cakl\u0131\u011f\u0131<\/td>\n<td data-col-size=\"md\" data-start=\"3119\" data-end=\"3136\">1000\u00b0C'ye kadar<\/td>\n<\/tr>\n<\/tbody>\n<\/table>\n<\/div>\n<\/div>\n<hr data-start=\"3138\" data-end=\"3141\" \/>\n<h2 data-section-id=\"ce0tqk\" data-start=\"3143\" data-end=\"3160\">Uygulamalar<\/h2>\n<ul data-start=\"3162\" data-end=\"3323\">\n<li data-section-id=\"1b00soz\" data-start=\"3162\" data-end=\"3191\">L\u00fcks mekanik saatler<\/li>\n<li data-section-id=\"d1i2gp\" data-start=\"3192\" data-end=\"3222\">\u00d6zel tasar\u0131m saatler<\/li>\n<li data-section-id=\"17l1ca8\" data-start=\"3223\" data-end=\"3261\">S\u0131n\u0131rl\u0131 say\u0131da veya markal\u0131 saatler<\/li>\n<li data-section-id=\"vtqgrx\" data-start=\"3262\" data-end=\"3293\">Dekoratif saat bile\u015fenleri<\/li>\n<li data-section-id=\"11966n8\" data-start=\"3294\" data-end=\"3323\">\u00dcst d\u00fczey giyilebilir cihazlar<\/li>\n<\/ul>\n<p><img decoding=\"async\" class=\"alignnone wp-image-2809 size-large\" src=\"https:\/\/www.fuyao-quartz.com\/wp-content\/uploads\/2026\/04\/Pigeon-Blood-Red-Sapphire-Watch-Crystal-Custom-Synthetic-Ruby-Crystal-for-Luxury-Watches-5-1024x505.png\" alt=\"\" width=\"1024\" height=\"505\" srcset=\"https:\/\/www.fuyao-quartz.com\/wp-content\/uploads\/2026\/04\/Pigeon-Blood-Red-Sapphire-Watch-Crystal-Custom-Synthetic-Ruby-Crystal-for-Luxury-Watches-5-1024x505.png 1024w, https:\/\/www.fuyao-quartz.com\/wp-content\/uploads\/2026\/04\/Pigeon-Blood-Red-Sapphire-Watch-Crystal-Custom-Synthetic-Ruby-Crystal-for-Luxury-Watches-5-300x148.png 300w, https:\/\/www.fuyao-quartz.com\/wp-content\/uploads\/2026\/04\/Pigeon-Blood-Red-Sapphire-Watch-Crystal-Custom-Synthetic-Ruby-Crystal-for-Luxury-Watches-5-768x379.png 768w, https:\/\/www.fuyao-quartz.com\/wp-content\/uploads\/2026\/04\/Pigeon-Blood-Red-Sapphire-Watch-Crystal-Custom-Synthetic-Ruby-Crystal-for-Luxury-Watches-5-18x9.png 18w, https:\/\/www.fuyao-quartz.com\/wp-content\/uploads\/2026\/04\/Pigeon-Blood-Red-Sapphire-Watch-Crystal-Custom-Synthetic-Ruby-Crystal-for-Luxury-Watches-5-600x296.png 600w, https:\/\/www.fuyao-quartz.com\/wp-content\/uploads\/2026\/04\/Pigeon-Blood-Red-Sapphire-Watch-Crystal-Custom-Synthetic-Ruby-Crystal-for-Luxury-Watches-5.png 1536w\" sizes=\"(max-width: 1024px) 100vw, 1024px\" \/><\/p>\n<hr data-start=\"3325\" data-end=\"3328\" \/>\n<h2 data-section-id=\"myj2su\" data-start=\"3330\" data-end=\"3361\"><img decoding=\"async\" class=\"alignright wp-image-2806 size-medium\" src=\"https:\/\/www.fuyao-quartz.com\/wp-content\/uploads\/2026\/04\/Pigeon-Blood-Red-Sapphire-Watch-Crystal-Custom-Synthetic-Ruby-Crystal-for-Luxury-Watches-2-300x300.png\" alt=\"G\u00fcvercin Kan\u0131 K\u0131rm\u0131z\u0131 Safir Saat Kristali L\u00fcks Saatler i\u00e7in \u00d6zel Sentetik Yakut Kristali\" width=\"300\" height=\"300\" srcset=\"https:\/\/www.fuyao-quartz.com\/wp-content\/uploads\/2026\/04\/Pigeon-Blood-Red-Sapphire-Watch-Crystal-Custom-Synthetic-Ruby-Crystal-for-Luxury-Watches-2-300x300.png 300w, https:\/\/www.fuyao-quartz.com\/wp-content\/uploads\/2026\/04\/Pigeon-Blood-Red-Sapphire-Watch-Crystal-Custom-Synthetic-Ruby-Crystal-for-Luxury-Watches-2-150x150.png 150w, https:\/\/www.fuyao-quartz.com\/wp-content\/uploads\/2026\/04\/Pigeon-Blood-Red-Sapphire-Watch-Crystal-Custom-Synthetic-Ruby-Crystal-for-Luxury-Watches-2-768x768.png 768w, https:\/\/www.fuyao-quartz.com\/wp-content\/uploads\/2026\/04\/Pigeon-Blood-Red-Sapphire-Watch-Crystal-Custom-Synthetic-Ruby-Crystal-for-Luxury-Watches-2-12x12.png 12w, https:\/\/www.fuyao-quartz.com\/wp-content\/uploads\/2026\/04\/Pigeon-Blood-Red-Sapphire-Watch-Crystal-Custom-Synthetic-Ruby-Crystal-for-Luxury-Watches-2-600x600.png 600w, https:\/\/www.fuyao-quartz.com\/wp-content\/uploads\/2026\/04\/Pigeon-Blood-Red-Sapphire-Watch-Crystal-Custom-Synthetic-Ruby-Crystal-for-Luxury-Watches-2-100x100.png 100w, https:\/\/www.fuyao-quartz.com\/wp-content\/uploads\/2026\/04\/Pigeon-Blood-Red-Sapphire-Watch-Crystal-Custom-Synthetic-Ruby-Crystal-for-Luxury-Watches-2.png 1000w\" sizes=\"(max-width: 300px) 100vw, 300px\" \/>\u00d6zelle\u015ftirme Yetenekleri<\/h2>\n<p data-start=\"3363\" data-end=\"3656\">Uzmanl\u0131k alanlar\u0131m\u0131z <strong data-start=\"3380\" data-end=\"3424\">tamamen \u00f6zelle\u015ftirilmi\u015f safir saat kristalleri<\/strong>, m\u00fc\u015fteri \u00e7izimlerine veya spesifikasyonlar\u0131na dayal\u0131 hassas \u00fcretim sunar. \u0130ster benzersiz geometrilere, ister \u00f6zel renk tonlar\u0131na veya geli\u015fmi\u015f kaplamalara ihtiyac\u0131n\u0131z olsun, m\u00fchendislik ekibimiz s\u0131k\u0131 toleranslar ve tutarl\u0131 kalite sa\u011flar.<\/p>\n<p data-start=\"3658\" data-end=\"3683\">\u00d6zelle\u015ftirme \u015funlar\u0131 i\u00e7erir:<\/p>\n<ul data-start=\"3684\" data-end=\"3918\">\n<li data-section-id=\"vu2mit\" data-start=\"3684\" data-end=\"3728\">Karma\u015f\u0131k \u015fekiller (kubbeli, basamakl\u0131, y\u00f6nl\u00fc)<\/li>\n<li data-section-id=\"eidh82\" data-start=\"3729\" data-end=\"3784\">Kal\u0131nl\u0131k ve e\u011frilik i\u00e7in mikro tolerans kontrol\u00fc<\/li>\n<li data-section-id=\"t3uvay\" data-start=\"3785\" data-end=\"3832\">\u00d6zel renk derecelendirme ve homojenlik kontrol\u00fc<\/li>\n<li data-section-id=\"1wj84wk\" data-start=\"3833\" data-end=\"3875\">Logo kaz\u0131ma ve dekoratif kaplamalar<\/li>\n<li data-section-id=\"zge2hp\" data-start=\"3876\" data-end=\"3918\">K\u00fc\u00e7\u00fck partiden seri \u00fcretime kadar destek<\/li>\n<\/ul>\n<hr data-start=\"3920\" data-end=\"3923\" \/>\n<h2 data-section-id=\"x9bttf\" data-start=\"4335\" data-end=\"4343\">SSS<\/h2>\n<p data-start=\"4345\" data-end=\"4545\"><strong data-start=\"4345\" data-end=\"4419\">S1: K\u0131rm\u0131z\u0131 safir kristalin renk yo\u011funlu\u011fu \u00f6zelle\u015ftirilebilir mi?<\/strong><br data-start=\"4419\" data-end=\"4422\" \/>A1: Evet. Renk, doping i\u015flemi ve kal\u0131nl\u0131\u011f\u0131 kontrol edilerek a\u00e7\u0131k k\u0131rm\u0131z\u0131dan koyu g\u00fcvercin kan\u0131 k\u0131rm\u0131z\u0131s\u0131na kadar ayarlanabilir.<\/p>\n<p data-start=\"4547\" data-end=\"4720\"><strong data-start=\"4547\" data-end=\"4614\">S2: Kristal, standart safir saat cam\u0131 kadar dayan\u0131kl\u0131 m\u0131?<\/strong><br data-start=\"4614\" data-end=\"4617\" \/>A2: Evet. Ayn\u0131 Mohs sertli\u011fi olan 9'u korur ve m\u00fckemmel \u00e7izilme direnci ve dayan\u0131kl\u0131l\u0131k sunar.<\/p>\n<p data-start=\"4722\" data-end=\"4942\" data-is-last-node=\"\" data-is-only-node=\"\"><strong data-start=\"4722\" data-end=\"4786\">S3: \u00d6zel \u015fekilleri ve k\u00fc\u00e7\u00fck seri \u00fcretimi destekliyor musunuz?<\/strong><br data-start=\"4786\" data-end=\"4789\" \/>A3: Kesinlikle. \u015eekil, boyut, kal\u0131nl\u0131k, kaplamalar dahil olmak \u00fczere tam \u00f6zelle\u015ftirme hizmetleri sa\u011fl\u0131yoruz ve hem prototipleme hem de seri \u00fcretimi destekleyebiliyoruz.<\/p>","protected":false},"excerpt":{"rendered":"<p>Pigeon Blood K\u0131rm\u0131z\u0131 Safir Saat Kristali sadece koruyucu bir bile\u015fen de\u011fil, ayn\u0131 zamanda bir tasar\u0131m ifadesidir. Safirin efsanevi dayan\u0131kl\u0131l\u0131\u011f\u0131n\u0131 yakutun l\u00fcks g\u00f6r\u00fcn\u00fcm\u00fcyle birle\u015ftirerek hem i\u015flevsellik hem de estetik de\u011fer sa\u011flar. Y\u00fcksek d\u00fczeyde ki\u015fiselle\u015ftirilebilmesi onu farkl\u0131la\u015fma, yenilik ve \u00fcst\u00fcn kalite arayan saat \u00fcreticileri i\u00e7in ideal bir \u00e7\u00f6z\u00fcm haline getirir.<\/p>","protected":false},"featured_media":2804,"comment_status":"open","ping_status":"closed","template":"","meta":{"site-sidebar-layout":"default","site-content-layout":"","ast-site-content-layout":"default","site-content-style":"default","site-sidebar-style":"default","ast-global-header-display":"","ast-banner-title-visibility":"","ast-main-header-display":"","ast-hfb-above-header-display":"","ast-hfb-below-header-display":"","ast-hfb-mobile-header-display":"","site-post-title":"","ast-breadcrumbs-content":"","ast-featured-img":"","footer-sml-layout":"","ast-disable-related-posts":"","theme-transparent-header-meta":"default","adv-header-id-meta":"","stick-header-meta":"default","header-above-stick-meta":"","header-main-stick-meta":"","header-below-stick-meta":"","astra-migrate-meta-layouts":"set","ast-page-background-enabled":"default","ast-page-background-meta":{"desktop":{"background-color":"var(--ast-global-color-4)","background-image":"","background-repeat":"repeat","background-position":"center center","background-size":"auto","background-attachment":"scroll","background-type":"","background-media":"","overlay-type":"","overlay-color":"","overlay-opacity":"","overlay-gradient":""},"tablet":{"background-color":"","background-image":"","background-repeat":"repeat","background-position":"center center","background-size":"auto","background-attachment":"scroll","background-type":"","background-media":"","overlay-type":"","overlay-color":"","overlay-opacity":"","overlay-gradient":""},"mobile":{"background-color":"","background-image":"","background-repeat":"repeat","background-position":"center center","background-size":"auto","background-attachment":"scroll","background-type":"","background-media":"","overlay-type":"","overlay-color":"","overlay-opacity":"","overlay-gradient":""}},"ast-content-background-meta":{"desktop":{"background-color":"var(--ast-global-color-5)","background-image":"","background-repeat":"repeat","background-position":"center center","background-size":"auto","background-attachment":"scroll","background-type":"","background-media":"","overlay-type":"","overlay-color":"","overlay-opacity":"","overlay-gradient":""},"tablet":{"background-color":"var(--ast-global-color-5)","background-image":"","background-repeat":"repeat","background-position":"center center","background-size":"auto","background-attachment":"scroll","background-type":"","background-media":"","overlay-type":"","overlay-color":"","overlay-opacity":"","overlay-gradient":""},"mobile":{"background-color":"var(--ast-global-color-5)","background-image":"","background-repeat":"repeat","background-position":"center center","background-size":"auto","background-attachment":"scroll","background-type":"","background-media":"","overlay-type":"","overlay-color":"","overlay-opacity":"","overlay-gradient":""}}},"product_brand":[],"product_cat":[152],"product_tag":[996,1005,1004,994,1000,1006,998,1010,999,1008,1002,997,990,991,992,1009,993,1003,995,1001,1007],"class_list":{"0":"post-2803","1":"product","2":"type-product","3":"status-publish","4":"has-post-thumbnail","6":"product_cat-sapphire","7":"product_tag-al2o3-sapphire","8":"product_tag-anti-reflective-watch-crystal","9":"product_tag-ar-coating-sapphire","10":"product_tag-colored-sapphire-crystal","11":"product_tag-curved-watch-crystal","12":"product_tag-custom-sapphire-glass","13":"product_tag-custom-watch-crystal","14":"product_tag-decorative-sapphire-crystal","15":"product_tag-domed-sapphire-crystal","16":"product_tag-high-end-watch-components","17":"product_tag-high-hardness-crystal","18":"product_tag-luxury-watch-glass","19":"product_tag-pigeon-blood-red-sapphire","20":"product_tag-red-sapphire-watch-crystal","21":"product_tag-ruby-watch-crystal","22":"product_tag-sapphire-optics","23":"product_tag-sapphire-watch-crystal","24":"product_tag-scratch-resistant-watch-glass","25":"product_tag-synthetic-ruby-crystal","26":"product_tag-tinted-sapphire-glass","27":"product_tag-watch-crystal-manufacturer","28":"desktop-align-left","29":"tablet-align-left","30":"mobile-align-left","31":"ast-product-gallery-layout-horizontal","32":"ast-product-tabs-layout-horizontal","34":"first","35":"instock","36":"shipping-taxable","37":"product-type-simple"},"_links":{"self":[{"href":"https:\/\/www.fuyao-quartz.com\/tr\/wp-json\/wp\/v2\/product\/2803","targetHints":{"allow":["GET"]}}],"collection":[{"href":"https:\/\/www.fuyao-quartz.com\/tr\/wp-json\/wp\/v2\/product"}],"about":[{"href":"https:\/\/www.fuyao-quartz.com\/tr\/wp-json\/wp\/v2\/types\/product"}],"replies":[{"embeddable":true,"href":"https:\/\/www.fuyao-quartz.com\/tr\/wp-json\/wp\/v2\/comments?post=2803"}],"version-history":[{"count":1,"href":"https:\/\/www.fuyao-quartz.com\/tr\/wp-json\/wp\/v2\/product\/2803\/revisions"}],"predecessor-version":[{"id":2810,"href":"https:\/\/www.fuyao-quartz.com\/tr\/wp-json\/wp\/v2\/product\/2803\/revisions\/2810"}],"wp:featuredmedia":[{"embeddable":true,"href":"https:\/\/www.fuyao-quartz.com\/tr\/wp-json\/wp\/v2\/media\/2804"}],"wp:attachment":[{"href":"https:\/\/www.fuyao-quartz.com\/tr\/wp-json\/wp\/v2\/media?parent=2803"}],"wp:term":[{"taxonomy":"product_brand","embeddable":true,"href":"https:\/\/www.fuyao-quartz.com\/tr\/wp-json\/wp\/v2\/product_brand?post=2803"},{"taxonomy":"product_cat","embeddable":true,"href":"https:\/\/www.fuyao-quartz.com\/tr\/wp-json\/wp\/v2\/product_cat?post=2803"},{"taxonomy":"product_tag","embeddable":true,"href":"https:\/\/www.fuyao-quartz.com\/tr\/wp-json\/wp\/v2\/product_tag?post=2803"}],"curies":[{"name":"wp","href":"https:\/\/api.w.org\/{rel}","templated":true}]}}