{"id":2755,"date":"2026-04-24T03:40:56","date_gmt":"2026-04-24T03:40:56","guid":{"rendered":"https:\/\/www.fuyao-quartz.com\/?post_type=product&#038;p=2755"},"modified":"2026-04-24T03:40:58","modified_gmt":"2026-04-24T03:40:58","slug":"custom-fused-quartz-plates-with-through-holes","status":"publish","type":"product","link":"https:\/\/www.fuyao-quartz.com\/tr\/product\/custom-fused-quartz-plates-with-through-holes\/","title":{"rendered":"Delikli \u00d6zel Erimi\u015f Kuvars Plakalar"},"content":{"rendered":"<p data-start=\"253\" data-end=\"586\"><img fetchpriority=\"high\" decoding=\"async\" class=\"alignright wp-image-2756 size-medium\" src=\"https:\/\/www.fuyao-quartz.com\/wp-content\/uploads\/2026\/04\/Custom-Fused-Quartz-Plates-with-Through-Holes-2-300x300.png\" alt=\"Delikli \u00d6zel Erimi\u015f Kuvars Plakalar\" width=\"300\" height=\"300\" srcset=\"https:\/\/www.fuyao-quartz.com\/wp-content\/uploads\/2026\/04\/Custom-Fused-Quartz-Plates-with-Through-Holes-2-300x300.png 300w, https:\/\/www.fuyao-quartz.com\/wp-content\/uploads\/2026\/04\/Custom-Fused-Quartz-Plates-with-Through-Holes-2-150x150.png 150w, https:\/\/www.fuyao-quartz.com\/wp-content\/uploads\/2026\/04\/Custom-Fused-Quartz-Plates-with-Through-Holes-2-768x768.png 768w, https:\/\/www.fuyao-quartz.com\/wp-content\/uploads\/2026\/04\/Custom-Fused-Quartz-Plates-with-Through-Holes-2-12x12.png 12w, https:\/\/www.fuyao-quartz.com\/wp-content\/uploads\/2026\/04\/Custom-Fused-Quartz-Plates-with-Through-Holes-2-600x600.png 600w, https:\/\/www.fuyao-quartz.com\/wp-content\/uploads\/2026\/04\/Custom-Fused-Quartz-Plates-with-Through-Holes-2-100x100.png 100w, https:\/\/www.fuyao-quartz.com\/wp-content\/uploads\/2026\/04\/Custom-Fused-Quartz-Plates-with-Through-Holes-2.png 1000w\" sizes=\"(max-width: 300px) 100vw, 300px\" \/>Ge\u00e7i\u015f Delikli \u00d6zel Erimi\u015f Kuvars Plakalar, ultra y\u00fcksek safl\u0131kta silikon dioksitten (SiO\u2082 &gt; 99,9%) \u00fcretilen y\u00fcksek hassasiyetli m\u00fchendislik bile\u015fenleridir. Bu plakalar, termal stabilite, kimyasal diren\u00e7 ve optik performans\u0131n kritik oldu\u011fu geli\u015fmi\u015f end\u00fcstriyel ve bilimsel uygulamalar i\u00e7in \u00f6zel olarak tasarlanm\u0131\u015ft\u0131r.<\/p>\n<p data-start=\"588\" data-end=\"1033\">Standart cam malzemelerin aksine, erimi\u015f kuvars d\u00fc\u015f\u00fck termal genle\u015fme, y\u00fcksek s\u0131cakl\u0131k direnci ve geni\u015f optik iletimin benzersiz bir kombinasyonunu sunarak yar\u0131 iletken, fotonik ve laboratuvar sistemleri i\u00e7in idealdir. Hassas delinmi\u015f deliklerin entegre edilmesiyle bu kuvars plakalar kontroll\u00fc s\u0131v\u0131 ak\u0131\u015f\u0131, gaz da\u011f\u0131t\u0131m\u0131 veya optik hizalama sa\u011flayarak pasif alt tabakalardan i\u015flevsel sistem bile\u015fenlerine d\u00f6n\u00fc\u015f\u00fcr.<\/p>\n<p data-start=\"1035\" data-end=\"1229\">JGS1, JGS2 ve JGS3 gibi birden fazla s\u0131n\u0131fta mevcut olan bu \u00fcr\u00fcnler, derin ultraviyole (UV) ve k\u0131z\u0131l\u00f6tesi (IR) uygulamalar\u0131na kadar farkl\u0131 dalga boyu gereksinimlerini kar\u015f\u0131lamak \u00fczere uyarlanabilir.<\/p>\n<hr data-start=\"1231\" data-end=\"1234\" \/>\n<h2 data-section-id=\"16yfqpq\" data-start=\"1236\" data-end=\"1260\"><img decoding=\"async\" class=\"alignright wp-image-2758\" src=\"https:\/\/www.fuyao-quartz.com\/wp-content\/uploads\/2026\/04\/Custom-Fused-Quartz-Plates-with-Through-Holes-4-300x300.png\" alt=\"Delikli \u00d6zel Erimi\u015f Kuvars Plakalar\" width=\"286\" height=\"286\" srcset=\"https:\/\/www.fuyao-quartz.com\/wp-content\/uploads\/2026\/04\/Custom-Fused-Quartz-Plates-with-Through-Holes-4-300x300.png 300w, https:\/\/www.fuyao-quartz.com\/wp-content\/uploads\/2026\/04\/Custom-Fused-Quartz-Plates-with-Through-Holes-4-150x150.png 150w, https:\/\/www.fuyao-quartz.com\/wp-content\/uploads\/2026\/04\/Custom-Fused-Quartz-Plates-with-Through-Holes-4-768x768.png 768w, https:\/\/www.fuyao-quartz.com\/wp-content\/uploads\/2026\/04\/Custom-Fused-Quartz-Plates-with-Through-Holes-4-12x12.png 12w, https:\/\/www.fuyao-quartz.com\/wp-content\/uploads\/2026\/04\/Custom-Fused-Quartz-Plates-with-Through-Holes-4-600x600.png 600w, https:\/\/www.fuyao-quartz.com\/wp-content\/uploads\/2026\/04\/Custom-Fused-Quartz-Plates-with-Through-Holes-4-100x100.png 100w, https:\/\/www.fuyao-quartz.com\/wp-content\/uploads\/2026\/04\/Custom-Fused-Quartz-Plates-with-Through-Holes-4.png 1000w\" sizes=\"(max-width: 286px) 100vw, 286px\" \/>Temel \u00d6zellikler<\/h2>\n<ul data-start=\"1262\" data-end=\"1765\">\n<li data-section-id=\"1axa1m2\" data-start=\"1262\" data-end=\"1340\">M\u00fckemmel optik netlik sa\u011flayan ultra y\u00fcksek safl\u0131kta kuvars (SiO\u2082 &gt; 99,9%)<\/li>\n<li data-section-id=\"5faqt9\" data-start=\"1341\" data-end=\"1407\">CAD \u00e7izimlerine dayal\u0131 \u00f6zel delik boyutu, konumu ve geometrisi<\/li>\n<li data-section-id=\"cv911c\" data-start=\"1408\" data-end=\"1472\">\u00dcst\u00fcn termal diren\u00e7 (1100\u00b0C'ye kadar s\u00fcrekli kullan\u0131m)<\/li>\n<li data-section-id=\"mr67xq\" data-start=\"1473\" data-end=\"1534\">Boyutsal kararl\u0131l\u0131k i\u00e7in son derece d\u00fc\u015f\u00fck termal genle\u015fme<\/li>\n<li data-section-id=\"1j38b2o\" data-start=\"1535\" data-end=\"1590\">Y\u00fcksek kimyasal diren\u00e7 (hidroflorik asit hari\u00e7)<\/li>\n<li data-section-id=\"1ae6fco\" data-start=\"1591\" data-end=\"1649\">Hassas uygulamalar i\u00e7in optik parlatma mevcuttur<\/li>\n<li data-section-id=\"3w4enf\" data-start=\"1650\" data-end=\"1708\">Temiz oda ve y\u00fcksek safl\u0131ktaki ortamlarla uyumlu<\/li>\n<li data-section-id=\"12n18dz\" data-start=\"1709\" data-end=\"1765\">Hem yap\u0131sal hem de optik entegrasyon i\u00e7in uygundur<\/li>\n<\/ul>\n<hr data-start=\"1767\" data-end=\"1770\" \/>\n<h2 data-section-id=\"sim1wa\" data-start=\"1772\" data-end=\"1799\">Malzeme S\u0131n\u0131flar\u0131<\/h2>\n<h3 data-section-id=\"1e4slao\" data-start=\"1801\" data-end=\"1835\">JGS1 - UV S\u0131n\u0131f\u0131 Erimi\u015f Silika<\/h3>\n<p data-start=\"1836\" data-end=\"2071\">JGS1, 185 nm'den 2500 nm'ye kadar m\u00fckemmel iletim sunarak litografi, UV lazerler ve y\u00fcksek enerjili optik sistemler gibi derin UV uygulamalar\u0131 i\u00e7in idealdir. \u00c7ok d\u00fc\u015f\u00fck hidroksil (OH-) i\u00e7eri\u011fine ve minimum \u00e7ift k\u0131r\u0131lmaya sahiptir.<\/p>\n<h3 data-section-id=\"z3oyrd\" data-start=\"2073\" data-end=\"2106\">JGS2 - Optik S\u0131n\u0131f Kuvars<\/h3>\n<p data-start=\"2107\" data-end=\"2282\">JGS2, g\u00f6r\u00fcn\u00fcr ve yak\u0131n k\u0131z\u0131l\u00f6tesi uygulamalar i\u00e7in yayg\u0131n olarak kullan\u0131l\u0131r (260-2500 nm). Y\u00fcksek optik homojenlik sa\u011flar ve genel optik sistemler i\u00e7in uygun maliyetli bir \u00e7\u00f6z\u00fcmd\u00fcr.<\/p>\n<h3 data-section-id=\"1xbm0q2\" data-start=\"2284\" data-end=\"2318\">JGS3 - K\u0131z\u0131l\u00f6tesi Kuvars Cam<\/h3>\n<p data-start=\"2319\" data-end=\"2493\">JGS3 k\u0131z\u0131l\u00f6tesi uygulamalar ve end\u00fcstriyel kullan\u0131m i\u00e7in optimize edilmi\u015ftir. Derin UV aral\u0131\u011f\u0131nda daha d\u00fc\u015f\u00fck ge\u00e7irgenli\u011fe sahip olsa da, termal ve IR ile ilgili ortamlarda iyi performans g\u00f6sterir.<\/p>\n<p data-start=\"2319\" data-end=\"2493\"><img decoding=\"async\" class=\"wp-image-2760 size-full aligncenter\" src=\"https:\/\/www.fuyao-quartz.com\/wp-content\/uploads\/2026\/04\/20250620152843_73372.png\" alt=\"\" width=\"680\" height=\"356\" srcset=\"https:\/\/www.fuyao-quartz.com\/wp-content\/uploads\/2026\/04\/20250620152843_73372.png 680w, https:\/\/www.fuyao-quartz.com\/wp-content\/uploads\/2026\/04\/20250620152843_73372-300x157.png 300w, https:\/\/www.fuyao-quartz.com\/wp-content\/uploads\/2026\/04\/20250620152843_73372-18x9.png 18w, https:\/\/www.fuyao-quartz.com\/wp-content\/uploads\/2026\/04\/20250620152843_73372-600x314.png 600w\" sizes=\"(max-width: 680px) 100vw, 680px\" \/><\/p>\n<hr data-start=\"2495\" data-end=\"2498\" \/>\n<h2 data-section-id=\"10i1aaf\" data-start=\"2500\" data-end=\"2533\">\u00dcretim S\u00fcreci<\/h2>\n<p data-start=\"2535\" data-end=\"2648\">\u00d6zel erimi\u015f kuvars plakalar\u0131n \u00fcretimi, hassasiyet ve tutarl\u0131l\u0131\u011f\u0131 sa\u011flamak i\u00e7in s\u0131k\u0131 proses kontrol\u00fc gerektirir:<\/p>\n<p data-start=\"2650\" data-end=\"2768\">1. Malzeme Se\u00e7imi<br data-start=\"2675\" data-end=\"2678\" \/>Y\u00fcksek safl\u0131kta kuvars k\u00fcl\u00e7eler uygulama gereksinimlerine g\u00f6re se\u00e7ilir ve haz\u0131rlan\u0131r.<\/p>\n<p data-start=\"2770\" data-end=\"2918\">2. Hassas Kesim ve \u015eekillendirme<br data-start=\"2804\" data-end=\"2807\" \/>\u00d6zel boyutlar ve geometriler elde etmek i\u00e7in geli\u015fmi\u015f CNC i\u015fleme, su jeti kesimi veya lazer kesim kullan\u0131l\u0131r.<\/p>\n<p data-start=\"2920\" data-end=\"3127\">3. Delik Delme<br data-start=\"2940\" data-end=\"2943\" \/>Ge\u00e7i\u015f delikleri, tolerans ve y\u00fczey kalitesi gereksinimlerine ba\u011fl\u0131 olarak ultrasonik delme, CO\u2082 lazer delme veya mekanik delme gibi \u00f6zel teknikler kullan\u0131larak olu\u015fturulur.<\/p>\n<p data-start=\"3129\" data-end=\"3337\">4. Y\u00fczey \u0130\u015fleme<br data-start=\"3154\" data-end=\"3157\" \/>Y\u00fcksek y\u00fczey d\u00fczl\u00fc\u011f\u00fc ve d\u00fc\u015f\u00fck p\u00fcr\u00fczl\u00fcl\u00fck elde etmek i\u00e7in optik parlatma (tek tarafl\u0131 veya \u00e7ift tarafl\u0131) uygulan\u0131r. Kenar perdahlama, pah k\u0131rma ve kimyasal parlatma da mevcuttur.<\/p>\n<p data-start=\"3339\" data-end=\"3523\">5. Temizlik ve Muayene<br data-start=\"3367\" data-end=\"3370\" \/>T\u00fcm bile\u015fenler kontroll\u00fc ortamlarda titiz bir temizli\u011fe tabi tutulur ve boyutsal do\u011fruluk, y\u00fczey kalitesi ve optik performans a\u00e7\u0131s\u0131ndan denetlenir.<\/p>\n<hr data-start=\"3525\" data-end=\"3528\" \/>\n<h2 data-section-id=\"1vt21ys\" data-start=\"3530\" data-end=\"3565\">Teknik \u00d6zellikler\uff08\u53c2\u6570\u8868\uff09<\/h2>\n<div class=\"TyagGW_tableContainer\">\n<div class=\"group TyagGW_tableWrapper flex flex-col-reverse w-fit\" tabindex=\"-1\">\n<table class=\"w-fit min-w-(--thread-content-width)\" data-start=\"3567\" data-end=\"4087\">\n<thead data-start=\"3567\" data-end=\"3595\">\n<tr data-start=\"3567\" data-end=\"3595\">\n<th class=\"\" data-start=\"3567\" data-end=\"3578\" data-col-size=\"sm\">M\u00fclkiyet<\/th>\n<th class=\"\" data-start=\"3578\" data-end=\"3595\" data-col-size=\"sm\">Tipik De\u011fer<\/th>\n<\/tr>\n<\/thead>\n<tbody data-start=\"3624\" data-end=\"4087\">\n<tr data-start=\"3624\" data-end=\"3653\">\n<td data-start=\"3624\" data-end=\"3635\" data-col-size=\"sm\">\u00c7ap<\/td>\n<td data-col-size=\"sm\" data-start=\"3635\" data-end=\"3653\">10 mm - 600 mm<\/td>\n<\/tr>\n<tr data-start=\"3654\" data-end=\"3682\">\n<td data-start=\"3654\" data-end=\"3663\" data-col-size=\"sm\">Uzunluk<\/td>\n<td data-col-size=\"sm\" data-start=\"3663\" data-end=\"3682\">10 mm - 1000 mm<\/td>\n<\/tr>\n<tr data-start=\"3683\" data-end=\"3710\">\n<td data-start=\"3683\" data-end=\"3691\" data-col-size=\"sm\">Geni\u015flik<\/td>\n<td data-col-size=\"sm\" data-start=\"3691\" data-end=\"3710\">10 mm - 1000 mm<\/td>\n<\/tr>\n<tr data-start=\"3711\" data-end=\"3741\">\n<td data-start=\"3711\" data-end=\"3723\" data-col-size=\"sm\">Kal\u0131nl\u0131k<\/td>\n<td data-col-size=\"sm\" data-start=\"3723\" data-end=\"3741\">0,5 mm - 60 mm<\/td>\n<\/tr>\n<tr data-start=\"3742\" data-end=\"3782\">\n<td data-start=\"3742\" data-end=\"3753\" data-col-size=\"sm\">Malzeme<\/td>\n<td data-col-size=\"sm\" data-start=\"3753\" data-end=\"3782\">Y\u00fcksek Safl\u0131kta SiO\u2082 (&gt;99,9%)<\/td>\n<\/tr>\n<tr data-start=\"3783\" data-end=\"3812\">\n<td data-start=\"3783\" data-end=\"3793\" data-col-size=\"sm\">Yo\u011funluk<\/td>\n<td data-col-size=\"sm\" data-start=\"3793\" data-end=\"3812\">2,2 \u00d7 10\u00b3 kg\/m\u00b3<\/td>\n<\/tr>\n<tr data-start=\"3813\" data-end=\"3844\">\n<td data-start=\"3813\" data-end=\"3824\" data-col-size=\"sm\">Sertlik<\/td>\n<td data-col-size=\"sm\" data-start=\"3824\" data-end=\"3844\">5,3 - 6,5 (Mohs)<\/td>\n<\/tr>\n<tr data-start=\"3845\" data-end=\"3885\">\n<td data-start=\"3845\" data-end=\"3868\" data-col-size=\"sm\">Bas\u0131n\u00e7 Dayan\u0131m\u0131<\/td>\n<td data-col-size=\"sm\" data-start=\"3868\" data-end=\"3885\">\uff1e1,1 \u00d7 10\u2079 Pa<\/td>\n<\/tr>\n<tr data-start=\"3886\" data-end=\"3923\">\n<td data-start=\"3886\" data-end=\"3906\" data-col-size=\"sm\">Termal Genle\u015fme<\/td>\n<td data-col-size=\"sm\" data-start=\"3906\" data-end=\"3923\">5.5 \u00d7 10-\u2077 \/\u2103<\/td>\n<\/tr>\n<tr data-start=\"3924\" data-end=\"3964\">\n<td data-start=\"3924\" data-end=\"3955\" data-col-size=\"sm\">Maksimum S\u0131cakl\u0131k (K\u0131sa Vadeli)<\/td>\n<td data-col-size=\"sm\" data-start=\"3955\" data-end=\"3964\">1200\u2103<\/td>\n<\/tr>\n<tr data-start=\"3965\" data-end=\"4004\">\n<td data-start=\"3965\" data-end=\"3995\" data-col-size=\"sm\">Maksimum S\u0131cakl\u0131k (Uzun Vadeli)<\/td>\n<td data-col-size=\"sm\" data-start=\"3995\" data-end=\"4004\">1100\u2103<\/td>\n<\/tr>\n<tr data-start=\"4005\" data-end=\"4032\">\n<td data-start=\"4005\" data-end=\"4023\" data-col-size=\"sm\">Yumu\u015fama Noktas\u0131<\/td>\n<td data-col-size=\"sm\" data-start=\"4023\" data-end=\"4032\">1730\u2103<\/td>\n<\/tr>\n<tr data-start=\"4033\" data-end=\"4062\">\n<td data-start=\"4033\" data-end=\"4052\" data-col-size=\"sm\">K\u0131r\u0131lma \u0130ndisi<\/td>\n<td data-col-size=\"sm\" data-start=\"4052\" data-end=\"4062\">1.4585<\/td>\n<\/tr>\n<tr data-start=\"4063\" data-end=\"4087\">\n<td data-start=\"4063\" data-end=\"4079\" data-col-size=\"sm\">Ge\u00e7irgenlik<\/td>\n<td data-col-size=\"sm\" data-start=\"4079\" data-end=\"4087\">\u226585%<\/td>\n<\/tr>\n<\/tbody>\n<\/table>\n<\/div>\n<\/div>\n<hr data-start=\"4089\" data-end=\"4092\" \/>\n<h2 data-section-id=\"rp9ojj\" data-start=\"4094\" data-end=\"4118\">Uygulamalar<\/h2>\n<p data-start=\"4120\" data-end=\"4293\">Mekanik mukavemet, optik netlik ve yap\u0131sal \u00f6zelle\u015ftirme \u00f6zelliklerinin benzersiz kombinasyonu sayesinde bu kuvars plakalar bir\u00e7ok sekt\u00f6rde yayg\u0131n olarak kullan\u0131lmaktad\u0131r:<\/p>\n<h3 data-section-id=\"127s61j\" data-start=\"4295\" data-end=\"4323\">Yar\u0131 \u0130letken End\u00fcstrisi<\/h3>\n<p data-start=\"4324\" data-end=\"4513\">Gofret ta\u015f\u0131y\u0131c\u0131lar\u0131, gaz da\u011f\u0131t\u0131m plakalar\u0131 (du\u015f ba\u015fl\u0131klar\u0131) ve a\u015f\u0131nd\u0131rma ve biriktirme sistemlerinde yap\u0131sal bile\u015fenler olarak kullan\u0131l\u0131r. Y\u00fcksek safl\u0131klar\u0131 temiz oda prosesleriyle uyumluluk sa\u011flar.<\/p>\n<h3 data-section-id=\"fov9jx\" data-start=\"4515\" data-end=\"4552\">Mikroak\u0131\u015fkanlar ve Ya\u015fam Bilimleri<\/h3>\n<p data-start=\"4553\" data-end=\"4669\">Hassas delinmi\u015f delikler mikroak\u0131\u015fkan \u00e7iplerde, \u00e7ip \u00fczerinde laboratuvar cihazlar\u0131nda ve analitik cihazlarda s\u0131v\u0131 kontrol\u00fc sa\u011flar.<\/p>\n<h3 data-section-id=\"oe8bok\" data-start=\"4671\" data-end=\"4697\">Optik ve Fotonik<\/h3>\n<p data-start=\"4698\" data-end=\"4828\">Y\u00fcksek iletim ve kararl\u0131l\u0131\u011f\u0131n gerekli oldu\u011fu optik maskelerde, a\u00e7\u0131kl\u0131klarda, lazer pencerelerinde ve \u0131\u015f\u0131n hizalama sistemlerinde uygulan\u0131r.<\/p>\n<h3 data-section-id=\"tmu20s\" data-start=\"4830\" data-end=\"4855\">Bilimsel Ara\u015ft\u0131rma<\/h3>\n<p data-start=\"4856\" data-end=\"4996\">Standart malzemelerin g\u00fcvenilir performans g\u00f6steremedi\u011fi \u00f6zel reaksiyon odalar\u0131nda, y\u00fcksek s\u0131cakl\u0131k deneylerinde ve a\u015f\u0131nd\u0131r\u0131c\u0131 ortamlarda kullan\u0131l\u0131r.<\/p>\n<h3 data-section-id=\"kx9m10\" data-start=\"4998\" data-end=\"5041\">Kimyasal ve Farmas\u00f6tik Ekipmanlar<\/h3>\n<p data-start=\"5042\" data-end=\"5163\">Kimyasal diren\u00e7 ve optik eri\u015fim gerektiren ak\u0131\u015f reakt\u00f6rleri, \u00f6rnekleme sistemleri ve UV\/IR spektroskopi h\u00fccreleri i\u00e7in idealdir.<\/p>\n<hr data-start=\"5165\" data-end=\"5168\" \/>\n<h2 data-section-id=\"78ajvy\" data-start=\"5170\" data-end=\"5184\">SSS<\/h2>\n<p data-start=\"5186\" data-end=\"5362\">S1: Delik boyutu ve konumu tamamen \u00f6zelle\u015ftirilebilir mi?<br data-start=\"5241\" data-end=\"5244\" \/>Evet, delik \u00e7ap\u0131 (0,1-20 mm), konum ve d\u00fczen dahil t\u00fcm boyutlar CAD \u00e7izimlerine g\u00f6re \u00f6zelle\u015ftirilebilir.<\/p>\n<p data-start=\"5364\" data-end=\"5581\">S2: JGS1 ve JGS2 aras\u0131ndaki fark nedir?<br data-start=\"5417\" data-end=\"5420\" \/>JGS1 daha y\u00fcksek safl\u0131kta derin UV uygulamalar\u0131 i\u00e7in tasarlan\u0131rken, JGS2 daha iyi maliyet verimlili\u011fi ile g\u00f6r\u00fcn\u00fcr ve yak\u0131n k\u0131z\u0131l\u00f6tesi uygulamalar i\u00e7in daha uygundur.<\/p>\n<p data-start=\"5583\" data-end=\"5736\">S3: Bu kuvars plakalar kimyasal olarak dayan\u0131kl\u0131 m\u0131?<br data-start=\"5636\" data-end=\"5639\" \/>Evet, erimi\u015f kuvars hidroflorik asit (HF) hari\u00e7 \u00e7o\u011fu asit ve kimyasala kar\u015f\u0131 olduk\u00e7a dayan\u0131kl\u0131d\u0131r.<\/p>\n<p data-start=\"5738\" data-end=\"5873\">S4: Birden fazla delik veya karma\u015f\u0131k \u015fekiller \u00fcretilebilir mi?<br data-start=\"5795\" data-end=\"5798\" \/>Evet, \u00e7ok delikli tasar\u0131mlar, yuvalar ve karma\u015f\u0131k geometriler tamamen desteklenmektedir.<\/p>","protected":false},"excerpt":{"rendered":"<p>Ge\u00e7i\u015f Delikli \u00d6zel Erimi\u015f Kuvars Plakalar, ultra y\u00fcksek safl\u0131kta silikon dioksitten (SiO\u2082 &gt; 99,9%) \u00fcretilen y\u00fcksek hassasiyetli m\u00fchendislik bile\u015fenleridir. Bu plakalar, termal stabilite, kimyasal diren\u00e7 ve optik performans\u0131n kritik oldu\u011fu geli\u015fmi\u015f end\u00fcstriyel ve bilimsel uygulamalar i\u00e7in \u00f6zel olarak tasarlanm\u0131\u015ft\u0131r.<\/p>","protected":false},"featured_media":2759,"comment_status":"open","ping_status":"closed","template":"","meta":{"site-sidebar-layout":"default","site-content-layout":"","ast-site-content-layout":"default","site-content-style":"default","site-sidebar-style":"default","ast-global-header-display":"","ast-banner-title-visibility":"","ast-main-header-display":"","ast-hfb-above-header-display":"","ast-hfb-below-header-display":"","ast-hfb-mobile-header-display":"","site-post-title":"","ast-breadcrumbs-content":"","ast-featured-img":"","footer-sml-layout":"","ast-disable-related-posts":"","theme-transparent-header-meta":"default","adv-header-id-meta":"","stick-header-meta":"default","header-above-stick-meta":"","header-main-stick-meta":"","header-below-stick-meta":"","astra-migrate-meta-layouts":"set","ast-page-background-enabled":"default","ast-page-background-meta":{"desktop":{"background-color":"var(--ast-global-color-4)","background-image":"","background-repeat":"repeat","background-position":"center center","background-size":"auto","background-attachment":"scroll","background-type":"","background-media":"","overlay-type":"","overlay-color":"","overlay-opacity":"","overlay-gradient":""},"tablet":{"background-color":"","background-image":"","background-repeat":"repeat","background-position":"center center","background-size":"auto","background-attachment":"scroll","background-type":"","background-media":"","overlay-type":"","overlay-color":"","overlay-opacity":"","overlay-gradient":""},"mobile":{"background-color":"","background-image":"","background-repeat":"repeat","background-position":"center center","background-size":"auto","background-attachment":"scroll","background-type":"","background-media":"","overlay-type":"","overlay-color":"","overlay-opacity":"","overlay-gradient":""}},"ast-content-background-meta":{"desktop":{"background-color":"var(--ast-global-color-5)","background-image":"","background-repeat":"repeat","background-position":"center center","background-size":"auto","background-attachment":"scroll","background-type":"","background-media":"","overlay-type":"","overlay-color":"","overlay-opacity":"","overlay-gradient":""},"tablet":{"background-color":"var(--ast-global-color-5)","background-image":"","background-repeat":"repeat","background-position":"center center","background-size":"auto","background-attachment":"scroll","background-type":"","background-media":"","overlay-type":"","overlay-color":"","overlay-opacity":"","overlay-gradient":""},"mobile":{"background-color":"var(--ast-global-color-5)","background-image":"","background-repeat":"repeat","background-position":"center center","background-size":"auto","background-attachment":"scroll","background-type":"","background-media":"","overlay-type":"","overlay-color":"","overlay-opacity":"","overlay-gradient":""}}},"product_brand":[],"product_cat":[150],"product_tag":[242,937,502,385,939,940,197,936,938,694],"class_list":{"0":"post-2755","1":"product","2":"type-product","3":"status-publish","4":"has-post-thumbnail","6":"product_cat-quartz-plate","7":"product_tag-custom-quartz-glass","8":"product_tag-drilled-quartz-substrate","9":"product_tag-fused-quartz-plate","10":"product_tag-fused-silica-plate","11":"product_tag-jgs-quartz","12":"product_tag-optical-quartz-components","13":"product_tag-optical-quartz-plate","14":"product_tag-quartz-plate-with-holes","15":"product_tag-quartz-wafer-plate","16":"product_tag-semiconductor-quartz-parts","17":"desktop-align-left","18":"tablet-align-left","19":"mobile-align-left","20":"ast-product-gallery-layout-horizontal","21":"ast-product-tabs-layout-horizontal","23":"first","24":"instock","25":"shipping-taxable","26":"product-type-simple"},"_links":{"self":[{"href":"https:\/\/www.fuyao-quartz.com\/tr\/wp-json\/wp\/v2\/product\/2755","targetHints":{"allow":["GET"]}}],"collection":[{"href":"https:\/\/www.fuyao-quartz.com\/tr\/wp-json\/wp\/v2\/product"}],"about":[{"href":"https:\/\/www.fuyao-quartz.com\/tr\/wp-json\/wp\/v2\/types\/product"}],"replies":[{"embeddable":true,"href":"https:\/\/www.fuyao-quartz.com\/tr\/wp-json\/wp\/v2\/comments?post=2755"}],"version-history":[{"count":2,"href":"https:\/\/www.fuyao-quartz.com\/tr\/wp-json\/wp\/v2\/product\/2755\/revisions"}],"predecessor-version":[{"id":2762,"href":"https:\/\/www.fuyao-quartz.com\/tr\/wp-json\/wp\/v2\/product\/2755\/revisions\/2762"}],"wp:featuredmedia":[{"embeddable":true,"href":"https:\/\/www.fuyao-quartz.com\/tr\/wp-json\/wp\/v2\/media\/2759"}],"wp:attachment":[{"href":"https:\/\/www.fuyao-quartz.com\/tr\/wp-json\/wp\/v2\/media?parent=2755"}],"wp:term":[{"taxonomy":"product_brand","embeddable":true,"href":"https:\/\/www.fuyao-quartz.com\/tr\/wp-json\/wp\/v2\/product_brand?post=2755"},{"taxonomy":"product_cat","embeddable":true,"href":"https:\/\/www.fuyao-quartz.com\/tr\/wp-json\/wp\/v2\/product_cat?post=2755"},{"taxonomy":"product_tag","embeddable":true,"href":"https:\/\/www.fuyao-quartz.com\/tr\/wp-json\/wp\/v2\/product_tag?post=2755"}],"curies":[{"name":"wp","href":"https:\/\/api.w.org\/{rel}","templated":true}]}}