{"id":2831,"date":"2026-04-29T06:20:55","date_gmt":"2026-04-29T06:20:55","guid":{"rendered":"https:\/\/www.fuyao-quartz.com\/?post_type=product&#038;p=2831"},"modified":"2026-04-29T06:21:03","modified_gmt":"2026-04-29T06:21:03","slug":"precision-sapphire-through-hole-bearings-for-optical-micro-mechanical-systems","status":"publish","type":"product","link":"https:\/\/www.fuyao-quartz.com\/sv\/product\/precision-sapphire-through-hole-bearings-for-optical-micro-mechanical-systems\/","title":{"rendered":"Precisionslager med genomg\u00e5ende h\u00e5l i safir f\u00f6r optiska och mikromekaniska system"},"content":{"rendered":"<p data-start=\"504\" data-end=\"742\"><img fetchpriority=\"high\" decoding=\"async\" class=\"wp-image-2833 alignright\" src=\"https:\/\/www.fuyao-quartz.com\/wp-content\/uploads\/2026\/04\/Precision-Sapphire-Through-Hole-Bearings-for-Optical-Micro-Mechanical-Systems-2-300x300.png\" alt=\"\" width=\"293\" height=\"293\" srcset=\"https:\/\/www.fuyao-quartz.com\/wp-content\/uploads\/2026\/04\/Precision-Sapphire-Through-Hole-Bearings-for-Optical-Micro-Mechanical-Systems-2-300x300.png 300w, https:\/\/www.fuyao-quartz.com\/wp-content\/uploads\/2026\/04\/Precision-Sapphire-Through-Hole-Bearings-for-Optical-Micro-Mechanical-Systems-2-150x150.png 150w, https:\/\/www.fuyao-quartz.com\/wp-content\/uploads\/2026\/04\/Precision-Sapphire-Through-Hole-Bearings-for-Optical-Micro-Mechanical-Systems-2-768x768.png 768w, https:\/\/www.fuyao-quartz.com\/wp-content\/uploads\/2026\/04\/Precision-Sapphire-Through-Hole-Bearings-for-Optical-Micro-Mechanical-Systems-2-12x12.png 12w, https:\/\/www.fuyao-quartz.com\/wp-content\/uploads\/2026\/04\/Precision-Sapphire-Through-Hole-Bearings-for-Optical-Micro-Mechanical-Systems-2-600x600.png 600w, https:\/\/www.fuyao-quartz.com\/wp-content\/uploads\/2026\/04\/Precision-Sapphire-Through-Hole-Bearings-for-Optical-Micro-Mechanical-Systems-2-100x100.png 100w, https:\/\/www.fuyao-quartz.com\/wp-content\/uploads\/2026\/04\/Precision-Sapphire-Through-Hole-Bearings-for-Optical-Micro-Mechanical-Systems-2.png 1000w\" sizes=\"(max-width: 293px) 100vw, 293px\" \/>Sapphire through-hole bearings \u00e4r ultraprecisionskomponenter tillverkade av enkristallin aluminiumoxid (Al\u2082O\u2083), utformade f\u00f6r applikationer som kr\u00e4ver extrem slitstyrka, dimensionsstabilitet och extremt l\u00e5g friktion.<\/p>\n<p data-start=\"744\" data-end=\"959\">J\u00e4mf\u00f6rt med metallager eller konventionella keramiska lager ger safirlager l\u00e4ngre livsl\u00e4ngd, ingen partikelavskiljning och \u00f6verl\u00e4gsen prestanda i renrum, optiska och h\u00f6ghastighetsmikromekaniska system.<\/p>\n<p data-start=\"961\" data-end=\"1191\">ZMSH erbjuder helt kundanpassade safirlager, inklusive genomg\u00e5ende h\u00e5ldiameter, ytterdiameter, tjocklek, ytfinish och geometri, skr\u00e4ddarsydda f\u00f6r precisionsinstrument, halvledarutrustning och flyg- och rymdtill\u00e4mpningar.<\/p>\n<hr data-start=\"1193\" data-end=\"1196\" \/>\n<h1 data-section-id=\"y82lp4\" data-start=\"1198\" data-end=\"1222\"><span role=\"text\">Centrala f\u00f6rdelar<\/span><\/h1>\n<h3 data-section-id=\"hep9xw\" data-start=\"1224\" data-end=\"1272\"><span role=\"text\">1. Ultrah\u00f6g h\u00e5rdhet och slitstyrka<\/span><\/h3>\n<ul data-start=\"1273\" data-end=\"1407\">\n<li data-section-id=\"8lpcfa\" data-start=\"1273\" data-end=\"1317\">Mohs h\u00e5rdhet 9 (n\u00e4st efter diamant)<\/li>\n<li data-section-id=\"1ms6nzv\" data-start=\"1318\" data-end=\"1360\">Minimalt slitage vid kontinuerlig rotation<\/li>\n<li data-section-id=\"qsm0cr\" data-start=\"1361\" data-end=\"1407\">Bibeh\u00e5ller precisionen under l\u00e5ng livsl\u00e4ngd<\/li>\n<\/ul>\n<p data-start=\"1409\" data-end=\"1462\">Idealisk f\u00f6r h\u00f6ghastighetsdrift och drift under l\u00e5ng tid<\/p>\n<hr data-start=\"1464\" data-end=\"1467\" \/>\n<h3 data-section-id=\"wqbwzy\" data-start=\"1469\" data-end=\"1513\"><span role=\"text\">2. Exceptionell precisionsprestanda<\/span><\/h3>\n<ul data-start=\"1514\" data-end=\"1628\">\n<li data-section-id=\"14590o0\" data-start=\"1514\" data-end=\"1554\">Tolerans f\u00f6r h\u00e5l: \u00b10,005 - 0,02 mm<\/li>\n<li data-section-id=\"1ig5njd\" data-start=\"1555\" data-end=\"1594\">Ytj\u00e4mnhet: Ra &lt; 0,02 \u03bcm<\/li>\n<li data-section-id=\"1fiqfqd\" data-start=\"1595\" data-end=\"1628\">H\u00f6g planhet och parallellitet<\/li>\n<\/ul>\n<p data-start=\"1630\" data-end=\"1675\">\u00a0S\u00e4kerst\u00e4ller j\u00e4mn rotation och l\u00e5g friktion<\/p>\n<hr data-start=\"1677\" data-end=\"1680\" \/>\n<h3 data-section-id=\"1qdhqu6\" data-start=\"1682\" data-end=\"1723\"><span role=\"text\">3. Renrum och fri fr\u00e5n kontaminering<\/span><\/h3>\n<ul data-start=\"1724\" data-end=\"1853\">\n<li data-section-id=\"ywyxtw\" data-start=\"1724\" data-end=\"1764\">Inga metallrester eller partikelavskiljning<\/li>\n<li data-section-id=\"6pymfj\" data-start=\"1765\" data-end=\"1809\">Kemiskt inert (syra-\/alkalibest\u00e4ndig)<\/li>\n<li data-section-id=\"1kb7pwv\" data-start=\"1810\" data-end=\"1853\">L\u00e4mplig f\u00f6r halvledarmilj\u00f6er<\/li>\n<\/ul>\n<p data-start=\"1855\" data-end=\"1904\">Perfekt f\u00f6r vakuum- och ultrarenhetssystem<\/p>\n<hr data-start=\"1906\" data-end=\"1909\" \/>\n<h3 data-section-id=\"1p91kt7\" data-start=\"1911\" data-end=\"1948\"><span role=\"text\">4. Stabilitet vid h\u00f6ga temperaturer<\/span><\/h3>\n<ul data-start=\"1949\" data-end=\"2042\">\n<li data-section-id=\"gkv46b\" data-start=\"1949\" data-end=\"1996\">Stabila upp till 1000\u00b0C+ arbetsf\u00f6rh\u00e5llanden<\/li>\n<li data-section-id=\"1sqjzre\" data-start=\"1997\" data-end=\"2042\">Ingen deformation eller prestandaf\u00f6rs\u00e4mring<\/li>\n<\/ul>\n<hr data-start=\"2044\" data-end=\"2047\" \/>\n<h3 data-section-id=\"j1i3rp\" data-start=\"2049\" data-end=\"2082\"><span role=\"text\">5. Flexibel anpassning<\/span><\/h3>\n<ul data-start=\"2083\" data-end=\"2252\">\n<li data-section-id=\"1176qwa\" data-start=\"2083\" data-end=\"2123\">Genomg\u00e5ende h\u00e5ls diameter, OD, tjocklek<\/li>\n<li data-section-id=\"fglcx7\" data-start=\"2124\" data-end=\"2166\">Avfasning, f\u00f6rs\u00e4nkning, trappstegsformade h\u00e5l<\/li>\n<li data-section-id=\"1hbpsff\" data-start=\"2167\" data-end=\"2205\">Polerade \/ matta \/ hybridytor<\/li>\n<li data-section-id=\"ek9rzs\" data-start=\"2206\" data-end=\"2252\">Alternativ f\u00f6r rubin \/ transparent \/ bl\u00e5 safir<\/li>\n<\/ul>\n<hr data-start=\"2254\" data-end=\"2257\" \/>\n<h1 data-section-id=\"19wxmng\" data-start=\"2259\" data-end=\"2292\"><span role=\"text\">Tekniska specifikationer<\/span><\/h1>\n<div class=\"TyagGW_tableContainer\">\n<div class=\"group TyagGW_tableWrapper flex flex-col-reverse w-fit\" tabindex=\"-1\">\n<table class=\"w-fit min-w-(--thread-content-width)\" data-start=\"2294\" data-end=\"2733\">\n<thead data-start=\"2294\" data-end=\"2323\">\n<tr data-start=\"2294\" data-end=\"2323\">\n<th class=\"\" data-start=\"2294\" data-end=\"2306\" data-col-size=\"sm\">Parameter<\/th>\n<th class=\"\" data-start=\"2306\" data-end=\"2323\" data-col-size=\"sm\">Specifikation<\/th>\n<\/tr>\n<\/thead>\n<tbody data-start=\"2352\" data-end=\"2733\">\n<tr data-start=\"2352\" data-end=\"2398\">\n<td data-start=\"2352\" data-end=\"2363\" data-col-size=\"sm\">Material<\/td>\n<td data-col-size=\"sm\" data-start=\"2363\" data-end=\"2398\">Enkristallin Al\u2082O\u2083 (safir)<\/td>\n<\/tr>\n<tr data-start=\"2399\" data-end=\"2434\">\n<td data-start=\"2399\" data-end=\"2421\" data-col-size=\"sm\">Yttre diameter (OD)<\/td>\n<td data-col-size=\"sm\" data-start=\"2421\" data-end=\"2434\">1 - 50 mm<\/td>\n<\/tr>\n<tr data-start=\"2435\" data-end=\"2472\">\n<td data-start=\"2435\" data-end=\"2457\" data-col-size=\"sm\">Innerdiameter (ID)<\/td>\n<td data-col-size=\"sm\" data-start=\"2457\" data-end=\"2472\">0,2 - 20 mm<\/td>\n<\/tr>\n<tr data-start=\"2473\" data-end=\"2500\">\n<td data-start=\"2473\" data-end=\"2485\" data-col-size=\"sm\">Tjocklek<\/td>\n<td data-col-size=\"sm\" data-start=\"2485\" data-end=\"2500\">0,2 - 10 mm<\/td>\n<\/tr>\n<tr data-start=\"2501\" data-end=\"2533\">\n<td data-start=\"2501\" data-end=\"2513\" data-col-size=\"sm\">Tolerans<\/td>\n<td data-col-size=\"sm\" data-start=\"2513\" data-end=\"2533\">\u00b10,005 - 0,02 mm<\/td>\n<\/tr>\n<tr data-start=\"2534\" data-end=\"2559\">\n<td data-start=\"2534\" data-end=\"2545\" data-col-size=\"sm\">Planhet<\/td>\n<td data-col-size=\"sm\" data-start=\"2545\" data-end=\"2559\">\u2264 0,005 mm<\/td>\n<\/tr>\n<tr data-start=\"2560\" data-end=\"2593\">\n<td data-start=\"2560\" data-end=\"2580\" data-col-size=\"sm\">Ytj\u00e4mnhet<\/td>\n<td data-col-size=\"sm\" data-start=\"2580\" data-end=\"2593\">&lt; 0,02 \u03bcm<\/td>\n<\/tr>\n<tr data-start=\"2594\" data-end=\"2615\">\n<td data-start=\"2594\" data-end=\"2605\" data-col-size=\"sm\">H\u00e5rdhet<\/td>\n<td data-col-size=\"sm\" data-start=\"2605\" data-end=\"2615\">Mohs 9<\/td>\n<\/tr>\n<tr data-start=\"2616\" data-end=\"2640\">\n<td data-start=\"2616\" data-end=\"2626\" data-col-size=\"sm\">T\u00e4thet<\/td>\n<td data-col-size=\"sm\" data-start=\"2626\" data-end=\"2640\">3,97 g\/cm\u00b3<\/td>\n<\/tr>\n<tr data-start=\"2641\" data-end=\"2687\">\n<td data-start=\"2641\" data-end=\"2658\" data-col-size=\"sm\">Ytfinish<\/td>\n<td data-col-size=\"sm\" data-start=\"2658\" data-end=\"2687\">Polerad \/ Matt \/ Hybrid<\/td>\n<\/tr>\n<tr data-start=\"2688\" data-end=\"2733\">\n<td data-start=\"2688\" data-end=\"2704\" data-col-size=\"sm\">F\u00e4rgalternativ<\/td>\n<td data-col-size=\"sm\" data-start=\"2704\" data-end=\"2733\">Transparent \/ Rubin \/ Bl\u00e5<\/td>\n<\/tr>\n<\/tbody>\n<\/table>\n<\/div>\n<\/div>\n<hr data-start=\"2735\" data-end=\"2738\" \/>\n<h1 data-section-id=\"ibrfuj\" data-start=\"2740\" data-end=\"2770\"><span role=\"text\">Tillverkningsprocess<\/span><\/h1>\n<h3 data-section-id=\"1sijpzj\" data-start=\"2772\" data-end=\"2798\"><span role=\"text\">Precisionsborrning<\/span><\/h3>\n<ul data-start=\"2799\" data-end=\"2877\">\n<li data-section-id=\"whprhk\" data-start=\"2799\" data-end=\"2839\">Ultraljudsborrning \/ laserborrning<\/li>\n<li data-section-id=\"1pf8l4y\" data-start=\"2840\" data-end=\"2877\">Rena h\u00e5lkanter, inga mikrosprickor<\/li>\n<\/ul>\n<h3 data-section-id=\"1lvtwz3\" data-start=\"2879\" data-end=\"2918\"><span role=\"text\">Dubbelsidig l\u00e4ppning och polering<\/span><\/h3>\n<ul data-start=\"2919\" data-end=\"2998\">\n<li data-section-id=\"1vdnkv9\" data-start=\"2919\" data-end=\"2964\">Planhet och ytfinish av optisk kvalitet<\/li>\n<li data-section-id=\"17v8ab0\" data-start=\"2965\" data-end=\"2998\">F\u00f6rb\u00e4ttrad friktionsprestanda<\/li>\n<\/ul>\n<h3 data-section-id=\"qhu4bq\" data-start=\"3000\" data-end=\"3021\"><span role=\"text\">CNC-profilering<\/span><\/h3>\n<ul data-start=\"3022\" data-end=\"3102\">\n<li data-section-id=\"fv38un\" data-start=\"3022\" data-end=\"3060\">Anpassade yttre former och toleranser<\/li>\n<li data-section-id=\"13qpvd8\" data-start=\"3061\" data-end=\"3102\">H\u00f6g konsistens f\u00f6r batchproduktion<\/li>\n<\/ul>\n<hr data-start=\"3104\" data-end=\"3107\" \/>\n<h1 data-section-id=\"1y37n9x\" data-start=\"3109\" data-end=\"3130\"><span role=\"text\"><img decoding=\"async\" class=\"wp-image-2832  alignright\" src=\"https:\/\/www.fuyao-quartz.com\/wp-content\/uploads\/2026\/04\/Precision-Sapphire-Through-Hole-Bearings-for-Optical-Micro-Mechanical-Systems-3-300x300.png\" alt=\"\" width=\"263\" height=\"263\" srcset=\"https:\/\/www.fuyao-quartz.com\/wp-content\/uploads\/2026\/04\/Precision-Sapphire-Through-Hole-Bearings-for-Optical-Micro-Mechanical-Systems-3-300x300.png 300w, https:\/\/www.fuyao-quartz.com\/wp-content\/uploads\/2026\/04\/Precision-Sapphire-Through-Hole-Bearings-for-Optical-Micro-Mechanical-Systems-3-150x150.png 150w, https:\/\/www.fuyao-quartz.com\/wp-content\/uploads\/2026\/04\/Precision-Sapphire-Through-Hole-Bearings-for-Optical-Micro-Mechanical-Systems-3-768x768.png 768w, https:\/\/www.fuyao-quartz.com\/wp-content\/uploads\/2026\/04\/Precision-Sapphire-Through-Hole-Bearings-for-Optical-Micro-Mechanical-Systems-3-12x12.png 12w, https:\/\/www.fuyao-quartz.com\/wp-content\/uploads\/2026\/04\/Precision-Sapphire-Through-Hole-Bearings-for-Optical-Micro-Mechanical-Systems-3-600x600.png 600w, https:\/\/www.fuyao-quartz.com\/wp-content\/uploads\/2026\/04\/Precision-Sapphire-Through-Hole-Bearings-for-Optical-Micro-Mechanical-Systems-3-100x100.png 100w, https:\/\/www.fuyao-quartz.com\/wp-content\/uploads\/2026\/04\/Precision-Sapphire-Through-Hole-Bearings-for-Optical-Micro-Mechanical-Systems-3.png 1000w\" sizes=\"(max-width: 263px) 100vw, 263px\" \/>Till\u00e4mpningar<\/span><\/h1>\n<p data-start=\"3132\" data-end=\"3182\">Safir genomg\u00e5ende h\u00e5llager anv\u00e4nds ofta i:<\/p>\n<ul data-start=\"3184\" data-end=\"3559\">\n<li data-section-id=\"16lvyyx\" data-start=\"3184\" data-end=\"3246\">Optiska instrument (gimbaler, scanners, lasermoduler)<\/li>\n<li data-section-id=\"11f2pxb\" data-start=\"3247\" data-end=\"3324\">Precisionsm\u00e4tinstrument (visartavlor, mikror\u00f6relsesystem)<\/li>\n<li data-section-id=\"1ewum30\" data-start=\"3325\" data-end=\"3386\">Halvledarutrustning (positionerings- och styrningsdelar)<\/li>\n<li data-section-id=\"8kuypd\" data-start=\"3387\" data-end=\"3435\">Medicintekniska produkter (mikropumpar, analysatorer)<\/li>\n<li data-section-id=\"1aoltvw\" data-start=\"3436\" data-end=\"3496\">Flyg- och rymdsystem (l\u00e4tta precisionsstrukturer)<\/li>\n<li data-section-id=\"1h74ow1\" data-start=\"3497\" data-end=\"3559\">Lyxklockor (juvelager f\u00f6r extremt l\u00e5g friktion)<\/li>\n<\/ul>\n<hr data-start=\"3561\" data-end=\"3564\" \/>\n<h1 data-section-id=\"5rubml\" data-start=\"3566\" data-end=\"3613\"><span role=\"text\">Varf\u00f6r safir ist\u00e4llet f\u00f6r metallager<\/span><\/h1>\n<div class=\"TyagGW_tableContainer\">\n<div class=\"group TyagGW_tableWrapper flex flex-col-reverse w-fit\" tabindex=\"-1\">\n<table class=\"w-fit min-w-(--thread-content-width)\" data-start=\"3615\" data-end=\"3876\">\n<thead data-start=\"3615\" data-end=\"3645\">\n<tr data-start=\"3615\" data-end=\"3645\">\n<th class=\"\" data-start=\"3615\" data-end=\"3625\" data-col-size=\"sm\">Funktion<\/th>\n<th class=\"\" data-start=\"3625\" data-end=\"3636\" data-col-size=\"sm\">Safir<\/th>\n<th class=\"\" data-start=\"3636\" data-end=\"3645\" data-col-size=\"sm\">Metall<\/th>\n<\/tr>\n<\/thead>\n<tbody data-start=\"3675\" data-end=\"3876\">\n<tr data-start=\"3675\" data-end=\"3717\">\n<td data-start=\"3675\" data-end=\"3693\" data-col-size=\"sm\">Motst\u00e5ndskraft mot slitage<\/td>\n<td data-col-size=\"sm\" data-start=\"3693\" data-end=\"3705\">Utm\u00e4rkt<\/td>\n<td data-col-size=\"sm\" data-start=\"3705\" data-end=\"3717\">M\u00e5ttlig<\/td>\n<\/tr>\n<tr data-start=\"3718\" data-end=\"3751\">\n<td data-start=\"3718\" data-end=\"3729\" data-col-size=\"sm\">Friktion<\/td>\n<td data-start=\"3729\" data-end=\"3741\" data-col-size=\"sm\">Ultra-l\u00e5g<\/td>\n<td data-col-size=\"sm\" data-start=\"3741\" data-end=\"3751\">H\u00f6gre<\/td>\n<\/tr>\n<tr data-start=\"3752\" data-end=\"3790\">\n<td data-start=\"3752\" data-end=\"3778\" data-col-size=\"sm\">Kompatibilitet med renrum<\/td>\n<td data-col-size=\"sm\" data-start=\"3778\" data-end=\"3784\">Ja<\/td>\n<td data-col-size=\"sm\" data-start=\"3784\" data-end=\"3790\">Nej<\/td>\n<\/tr>\n<tr data-start=\"3791\" data-end=\"3837\">\n<td data-start=\"3791\" data-end=\"3814\" data-col-size=\"sm\">Motst\u00e5ndskraft mot korrosion<\/td>\n<td data-col-size=\"sm\" data-start=\"3814\" data-end=\"3826\">Utm\u00e4rkt<\/td>\n<td data-col-size=\"sm\" data-start=\"3826\" data-end=\"3837\">Begr\u00e4nsad<\/td>\n<\/tr>\n<tr data-start=\"3838\" data-end=\"3876\">\n<td data-start=\"3838\" data-end=\"3853\" data-col-size=\"sm\">Livsl\u00e4ngd<\/td>\n<td data-col-size=\"sm\" data-start=\"3853\" data-end=\"3865\">Mycket l\u00e5ng<\/td>\n<td data-col-size=\"sm\" data-start=\"3865\" data-end=\"3876\">Kortare<\/td>\n<\/tr>\n<\/tbody>\n<\/table>\n<\/div>\n<\/div>\n<hr data-start=\"3878\" data-end=\"3881\" \/>\n<h1 data-section-id=\"1odpuo0\" data-start=\"3883\" data-end=\"3907\"><span role=\"text\">Varf\u00f6r v\u00e4lja FUYAO Quartz?<\/span><\/h1>\n<ul data-start=\"3909\" data-end=\"4126\">\n<li data-section-id=\"1padxf6\" data-start=\"3909\" data-end=\"3962\">10+ \u00e5rs erfarenhet av precisionsbearbetning av safirer<\/li>\n<li data-section-id=\"251bwo\" data-start=\"3963\" data-end=\"4006\">Egen bearbetning och polering av kristaller<\/li>\n<li data-section-id=\"jo42kd\" data-start=\"4007\" data-end=\"4057\">Inspektion av optisk kvalitet (interferometer, CMM)<\/li>\n<li data-section-id=\"1d13pfe\" data-start=\"4058\" data-end=\"4088\">Snabb prototyptillverkning tillg\u00e4nglig<\/li>\n<li data-section-id=\"12p9a0q\" data-start=\"4089\" data-end=\"4126\">Stabil kapacitet f\u00f6r massproduktion<\/li>\n<\/ul>\n<hr data-start=\"4128\" data-end=\"4131\" \/>\n<h1 data-section-id=\"11txy1v\" data-start=\"4133\" data-end=\"4144\"><span role=\"text\">VANLIGA FR\u00c5GOR<\/span><\/h1>\n<p data-start=\"4146\" data-end=\"4302\">F1: Vilken \u00e4r den minsta h\u00e5lstorleken som du kan uppn\u00e5?<br data-start=\"4201\" data-end=\"4204\" \/>S: Vi kan tillverka mikrogenomg\u00e5ngsh\u00e5l ner till 0,2 mm, beroende p\u00e5 tjocklek och bildf\u00f6rh\u00e5llande.<\/p>\n<p data-start=\"4304\" data-end=\"4424\">Q2: Kan du anpassa komplexa h\u00e5lformer?<br data-start=\"4350\" data-end=\"4353\" \/>S: Ja, inklusive trappstegsformade h\u00e5l, avsmalnande h\u00e5l och specialgeometrier.<\/p>\n<p data-start=\"4426\" data-end=\"4545\">F3: Finns det rubinlager tillg\u00e4ngliga?<br data-start=\"4462\" data-end=\"4465\" \/>S: Ja, rubin och bl\u00e5 safir finns tillg\u00e4ngliga f\u00f6r olika anv\u00e4ndningsomr\u00e5den.<\/p>\n<p data-start=\"4547\" data-end=\"4739\">Q4: Kan safir ers\u00e4tta traditionella lager?<br data-start=\"4597\" data-end=\"4600\" \/>A: I rena milj\u00f6er med h\u00f6g precision och l\u00e5g friktion \u00f6vertr\u00e4ffar safirlager avsev\u00e4rt metall- och standardkeramiklager.<\/p>\n<p>&nbsp;<\/p>","protected":false},"excerpt":{"rendered":"<p>Sapphire through-hole bearings \u00e4r ultraprecisionskomponenter tillverkade av enkristallin aluminiumoxid (Al\u2082O\u2083), utformade f\u00f6r applikationer som kr\u00e4ver extrem slitstyrka, dimensionsstabilitet och extremt l\u00e5g friktion.<\/p>","protected":false},"featured_media":2834,"comment_status":"open","ping_status":"closed","template":"","meta":{"site-sidebar-layout":"default","site-content-layout":"","ast-site-content-layout":"default","site-content-style":"default","site-sidebar-style":"default","ast-global-header-display":"","ast-banner-title-visibility":"","ast-main-header-display":"","ast-hfb-above-header-display":"","ast-hfb-below-header-display":"","ast-hfb-mobile-header-display":"","site-post-title":"","ast-breadcrumbs-content":"","ast-featured-img":"","footer-sml-layout":"","ast-disable-related-posts":"","theme-transparent-header-meta":"default","adv-header-id-meta":"","stick-header-meta":"default","header-above-stick-meta":"","header-main-stick-meta":"","header-below-stick-meta":"","astra-migrate-meta-layouts":"set","ast-page-background-enabled":"default","ast-page-background-meta":{"desktop":{"background-color":"var(--ast-global-color-4)","background-image":"","background-repeat":"repeat","background-position":"center center","background-size":"auto","background-attachment":"scroll","background-type":"","background-media":"","overlay-type":"","overlay-color":"","overlay-opacity":"","overlay-gradient":""},"tablet":{"background-color":"","background-image":"","background-repeat":"repeat","background-position":"center center","background-size":"auto","background-attachment":"scroll","background-type":"","background-media":"","overlay-type":"","overlay-color":"","overlay-opacity":"","overlay-gradient":""},"mobile":{"background-color":"","background-image":"","background-repeat":"repeat","background-position":"center center","background-size":"auto","background-attachment":"scroll","background-type":"","background-media":"","overlay-type":"","overlay-color":"","overlay-opacity":"","overlay-gradient":""}},"ast-content-background-meta":{"desktop":{"background-color":"var(--ast-global-color-5)","background-image":"","background-repeat":"repeat","background-position":"center center","background-size":"auto","background-attachment":"scroll","background-type":"","background-media":"","overlay-type":"","overlay-color":"","overlay-opacity":"","overlay-gradient":""},"tablet":{"background-color":"var(--ast-global-color-5)","background-image":"","background-repeat":"repeat","background-position":"center center","background-size":"auto","background-attachment":"scroll","background-type":"","background-media":"","overlay-type":"","overlay-color":"","overlay-opacity":"","overlay-gradient":""},"mobile":{"background-color":"var(--ast-global-color-5)","background-image":"","background-repeat":"repeat","background-position":"center center","background-size":"auto","background-attachment":"scroll","background-type":"","background-media":"","overlay-type":"","overlay-color":"","overlay-opacity":"","overlay-gradient":""}}},"product_brand":[],"product_cat":[152],"product_tag":[1060,1068,1074,1077,1059,1065,1075,1063,1067,1071,1064,1070,1058,1057,1062,1055,1073,1076,1078,1072,1056,1069,1061,1079,1066],"class_list":{"0":"post-2831","1":"product","2":"type-product","3":"status-publish","4":"has-post-thumbnail","6":"product_cat-sapphire","7":"product_tag-al2o3-sapphire-bearing","8":"product_tag-cleanroom-bearing","9":"product_tag-corrosion-resistant-bearing","10":"product_tag-custom-optical-components","11":"product_tag-custom-sapphire-bearing","12":"product_tag-high-precision-bearing","13":"product_tag-high-temperature-bearing","14":"product_tag-jewel-bearing","15":"product_tag-low-friction-bearing","16":"product_tag-micro-mechanical-bearing","17":"product_tag-micro-sapphire-bearing","18":"product_tag-optical-instrument-bearing","19":"product_tag-optical-sapphire-bearing","20":"product_tag-precision-sapphire-bearing","21":"product_tag-ruby-bearing","22":"product_tag-sapphire-bearing","23":"product_tag-sapphire-bush-bearing","24":"product_tag-sapphire-component-manufacturer","25":"product_tag-sapphire-machining","26":"product_tag-sapphire-pivot-bearing","27":"product_tag-sapphire-through-hole-bearing","28":"product_tag-semiconductor-bearing","29":"product_tag-single-crystal-sapphire-bearing","30":"product_tag-ultrasonic-drilled-sapphire","31":"product_tag-wear-resistant-bearing","32":"desktop-align-left","33":"tablet-align-left","34":"mobile-align-left","35":"ast-product-gallery-layout-horizontal","36":"ast-product-tabs-layout-horizontal","38":"first","39":"instock","40":"shipping-taxable","41":"product-type-simple"},"_links":{"self":[{"href":"https:\/\/www.fuyao-quartz.com\/sv\/wp-json\/wp\/v2\/product\/2831","targetHints":{"allow":["GET"]}}],"collection":[{"href":"https:\/\/www.fuyao-quartz.com\/sv\/wp-json\/wp\/v2\/product"}],"about":[{"href":"https:\/\/www.fuyao-quartz.com\/sv\/wp-json\/wp\/v2\/types\/product"}],"replies":[{"embeddable":true,"href":"https:\/\/www.fuyao-quartz.com\/sv\/wp-json\/wp\/v2\/comments?post=2831"}],"version-history":[{"count":3,"href":"https:\/\/www.fuyao-quartz.com\/sv\/wp-json\/wp\/v2\/product\/2831\/revisions"}],"predecessor-version":[{"id":2838,"href":"https:\/\/www.fuyao-quartz.com\/sv\/wp-json\/wp\/v2\/product\/2831\/revisions\/2838"}],"wp:featuredmedia":[{"embeddable":true,"href":"https:\/\/www.fuyao-quartz.com\/sv\/wp-json\/wp\/v2\/media\/2834"}],"wp:attachment":[{"href":"https:\/\/www.fuyao-quartz.com\/sv\/wp-json\/wp\/v2\/media?parent=2831"}],"wp:term":[{"taxonomy":"product_brand","embeddable":true,"href":"https:\/\/www.fuyao-quartz.com\/sv\/wp-json\/wp\/v2\/product_brand?post=2831"},{"taxonomy":"product_cat","embeddable":true,"href":"https:\/\/www.fuyao-quartz.com\/sv\/wp-json\/wp\/v2\/product_cat?post=2831"},{"taxonomy":"product_tag","embeddable":true,"href":"https:\/\/www.fuyao-quartz.com\/sv\/wp-json\/wp\/v2\/product_tag?post=2831"}],"curies":[{"name":"wp","href":"https:\/\/api.w.org\/{rel}","templated":true}]}}