{"id":2820,"date":"2026-04-29T05:55:02","date_gmt":"2026-04-29T05:55:02","guid":{"rendered":"https:\/\/www.fuyao-quartz.com\/?post_type=product&#038;p=2820"},"modified":"2026-04-29T06:00:32","modified_gmt":"2026-04-29T06:00:32","slug":"high-hardness-sapphire-tube-efg-method-custom-size-acid-heat-resistant","status":"publish","type":"product","link":"https:\/\/www.fuyao-quartz.com\/sv\/product\/high-hardness-sapphire-tube-efg-method-custom-size-acid-heat-resistant\/","title":{"rendered":"Safirr\u00f6r med h\u00f6g h\u00e5rdhet EFG-metod Anpassad storlek Syra- och v\u00e4rmebest\u00e4ndig"},"content":{"rendered":"<p data-start=\"391\" data-end=\"695\"><img fetchpriority=\"high\" decoding=\"async\" class=\"alignright wp-image-2823\" src=\"https:\/\/www.fuyao-quartz.com\/wp-content\/uploads\/2026\/04\/High-Hardness-Sapphire-Tube-EFG-Method-Custom-Size-Acid-Heat-Resistant-1-300x300.png\" alt=\"Safirr\u00f6r med h\u00f6g h\u00e5rdhet EFG-metod Anpassad storlek Syra- och v\u00e4rmebest\u00e4ndig\" width=\"245\" height=\"245\" srcset=\"https:\/\/www.fuyao-quartz.com\/wp-content\/uploads\/2026\/04\/High-Hardness-Sapphire-Tube-EFG-Method-Custom-Size-Acid-Heat-Resistant-1-300x300.png 300w, https:\/\/www.fuyao-quartz.com\/wp-content\/uploads\/2026\/04\/High-Hardness-Sapphire-Tube-EFG-Method-Custom-Size-Acid-Heat-Resistant-1-150x150.png 150w, https:\/\/www.fuyao-quartz.com\/wp-content\/uploads\/2026\/04\/High-Hardness-Sapphire-Tube-EFG-Method-Custom-Size-Acid-Heat-Resistant-1-768x768.png 768w, https:\/\/www.fuyao-quartz.com\/wp-content\/uploads\/2026\/04\/High-Hardness-Sapphire-Tube-EFG-Method-Custom-Size-Acid-Heat-Resistant-1-12x12.png 12w, https:\/\/www.fuyao-quartz.com\/wp-content\/uploads\/2026\/04\/High-Hardness-Sapphire-Tube-EFG-Method-Custom-Size-Acid-Heat-Resistant-1-600x600.png 600w, https:\/\/www.fuyao-quartz.com\/wp-content\/uploads\/2026\/04\/High-Hardness-Sapphire-Tube-EFG-Method-Custom-Size-Acid-Heat-Resistant-1-100x100.png 100w, https:\/\/www.fuyao-quartz.com\/wp-content\/uploads\/2026\/04\/High-Hardness-Sapphire-Tube-EFG-Method-Custom-Size-Acid-Heat-Resistant-1.png 1000w\" sizes=\"(max-width: 245px) 100vw, 245px\" \/>EFG-safirr\u00f6ret (Edge-Defined Film-Fed Growth) \u00e4r en h\u00f6gpresterande ih\u00e5lig komponent tillverkad av enkristallin aluminiumoxid (Al\u2082O\u2083). Till skillnad fr\u00e5n traditionell bearbetning fr\u00e5n KY-odlade boules m\u00f6jligg\u00f6r EFG-metoden tillv\u00e4xt n\u00e4ra n\u00e4tform, vilket avsev\u00e4rt minskar materialavfallet och bearbetningskostnaderna.<\/p>\n<p data-start=\"697\" data-end=\"987\">Med exceptionella egenskaper som extrem h\u00e5rdhet (Mohs 9), h\u00f6g temperaturt\u00e5lighet (&gt;2000\u00b0C), utm\u00e4rkt optisk transmission (190 nm - 5 \u03bcm) och \u00f6verl\u00e4gsen kemisk stabilitet anv\u00e4nds safirr\u00f6r ofta i kr\u00e4vande milj\u00f6er d\u00e4r kvarts eller glas inte kan fungera tillf\u00f6rlitligt.<\/p>\n<hr data-start=\"989\" data-end=\"992\" \/>\n<h2 data-section-id=\"nq7q8b\" data-start=\"994\" data-end=\"1026\"><span role=\"text\">Viktiga funktioner och f\u00f6rdelar<\/span><\/h2>\n<h3 data-section-id=\"1w6rn9a\" data-start=\"1028\" data-end=\"1077\"><span role=\"text\">1. Tillv\u00e4xt i n\u00e4ra-n\u00e4tform (kostnadseffektivt)<\/span><\/h3>\n<ul data-start=\"1078\" data-end=\"1211\">\n<li data-section-id=\"1j974yf\" data-start=\"1078\" data-end=\"1115\">Direkt r\u00f6rtillv\u00e4xt via EFG-metoden<\/li>\n<li data-section-id=\"1nzkyfu\" data-start=\"1116\" data-end=\"1160\">Minskad materialf\u00f6rlust och kortare bearbetningstid<\/li>\n<li data-section-id=\"23ulms\" data-start=\"1161\" data-end=\"1211\">Idealisk f\u00f6r l\u00e5nga r\u00f6r och r\u00f6r med stor diameter<\/li>\n<\/ul>\n<h3 data-section-id=\"tc4tkk\" data-start=\"1213\" data-end=\"1263\"><span role=\"text\">2. Enast\u00e5ende motst\u00e5ndskraft mot h\u00f6ga temperaturer<\/span><\/h3>\n<ul data-start=\"1264\" data-end=\"1395\">\n<li data-section-id=\"1qtxzhq\" data-start=\"1264\" data-end=\"1299\">Sm\u00e4ltpunkt upp till 2050-2100\u00b0C<\/li>\n<li data-section-id=\"1mkm3rp\" data-start=\"1300\" data-end=\"1349\">Stabil drift vid temperaturer upp till 2000\u00b0C<\/li>\n<li data-section-id=\"1n9elll\" data-start=\"1350\" data-end=\"1395\">L\u00e4mplig f\u00f6r extrema termiska milj\u00f6er<\/li>\n<\/ul>\n<h3 data-section-id=\"7wqdci\" data-start=\"1397\" data-end=\"1436\"><span role=\"text\">3. Utm\u00e4rkta optiska egenskaper<\/span><\/h3>\n<ul data-start=\"1437\" data-end=\"1588\">\n<li data-section-id=\"7b63jc\" data-start=\"1437\" data-end=\"1497\">Brett transmissionsomr\u00e5de: 190 nm - 5000 nm (UV till IR)<\/li>\n<li data-section-id=\"ojjg52\" data-start=\"1498\" data-end=\"1540\">H\u00f6g transmittans f\u00f6r synligt ljus: \u226585%<\/li>\n<li data-section-id=\"1vo94s1\" data-start=\"1541\" data-end=\"1588\">Idealisk f\u00f6r optiska f\u00f6nster och lasersystem<\/li>\n<\/ul>\n<h3 data-section-id=\"bnpm8e\" data-start=\"1590\" data-end=\"1629\"><span role=\"text\">4. \u00d6verl\u00e4gsen kemisk resistens<\/span><\/h3>\n<ul data-start=\"1630\" data-end=\"1776\">\n<li data-section-id=\"pgokxw\" data-start=\"1630\" data-end=\"1664\">Motst\u00e5ndskraftig mot syror och alkalier<\/li>\n<li data-section-id=\"1tgz6vq\" data-start=\"1665\" data-end=\"1721\">Utm\u00e4rkt korrosionsbest\u00e4ndighet i tuffa milj\u00f6er<\/li>\n<li data-section-id=\"1yybtqy\" data-start=\"1722\" data-end=\"1776\">L\u00e4mplig f\u00f6r halvledar- och kemiindustrin<\/li>\n<\/ul>\n<h3 data-section-id=\"y9aart\" data-start=\"1778\" data-end=\"1820\"><span role=\"text\">5. Exceptionell mekanisk styrka<\/span><\/h3>\n<ul data-start=\"1821\" data-end=\"1966\">\n<li data-section-id=\"geweak\" data-start=\"1821\" data-end=\"1866\">H\u00e5rdhet: Mohs 9 (n\u00e4st efter diamant)<\/li>\n<li data-section-id=\"1epc5tq\" data-start=\"1867\" data-end=\"1913\">H\u00f6g slitstyrka och l\u00e5ng livsl\u00e4ngd<\/li>\n<li data-section-id=\"469nlf\" data-start=\"1914\" data-end=\"1966\">Bibeh\u00e5ller integriteten under h\u00f6ga p\u00e5frestningar<\/li>\n<\/ul>\n<hr data-start=\"1968\" data-end=\"1971\" \/>\n<h2 data-section-id=\"id1bjs\" data-start=\"1973\" data-end=\"2004\"><span role=\"text\">Tekniska specifikationer<\/span><\/h2>\n<div class=\"TyagGW_tableContainer\">\n<div class=\"group TyagGW_tableWrapper flex flex-col-reverse w-fit\" tabindex=\"-1\">\n<table class=\"w-fit min-w-(--thread-content-width)\" data-start=\"2006\" data-end=\"2563\">\n<thead data-start=\"2006\" data-end=\"2026\">\n<tr data-start=\"2006\" data-end=\"2026\">\n<th class=\"\" data-start=\"2006\" data-end=\"2017\" data-col-size=\"sm\">Fastighet<\/th>\n<th class=\"\" data-start=\"2017\" data-end=\"2026\" data-col-size=\"sm\">V\u00e4rde<\/th>\n<\/tr>\n<\/thead>\n<tbody data-start=\"2045\" data-end=\"2563\">\n<tr data-start=\"2045\" data-end=\"2091\">\n<td data-start=\"2045\" data-end=\"2056\" data-col-size=\"sm\">Material<\/td>\n<td data-col-size=\"sm\" data-start=\"2056\" data-end=\"2091\">Enkristallin Al\u2082O\u2083 (safir)<\/td>\n<\/tr>\n<tr data-start=\"2092\" data-end=\"2120\">\n<td data-start=\"2092\" data-end=\"2108\" data-col-size=\"sm\">Tillv\u00e4xtmetod<\/td>\n<td data-col-size=\"sm\" data-start=\"2108\" data-end=\"2120\">EFG \/ KY<\/td>\n<\/tr>\n<tr data-start=\"2121\" data-end=\"2141\">\n<td data-start=\"2121\" data-end=\"2130\" data-col-size=\"sm\">Renhet<\/td>\n<td data-col-size=\"sm\" data-start=\"2130\" data-end=\"2141\">\u226599,99%<\/td>\n<\/tr>\n<tr data-start=\"2142\" data-end=\"2175\">\n<td data-start=\"2142\" data-end=\"2162\" data-col-size=\"sm\">Kristallstruktur<\/td>\n<td data-col-size=\"sm\" data-start=\"2162\" data-end=\"2175\">Hexagonal<\/td>\n<\/tr>\n<tr data-start=\"2176\" data-end=\"2197\">\n<td data-start=\"2176\" data-end=\"2187\" data-col-size=\"sm\">H\u00e5rdhet<\/td>\n<td data-col-size=\"sm\" data-start=\"2187\" data-end=\"2197\">Mohs 9<\/td>\n<\/tr>\n<tr data-start=\"2198\" data-end=\"2222\">\n<td data-start=\"2198\" data-end=\"2208\" data-col-size=\"sm\">T\u00e4thet<\/td>\n<td data-col-size=\"sm\" data-start=\"2208\" data-end=\"2222\">3,97 g\/cm\u00b3<\/td>\n<\/tr>\n<tr data-start=\"2223\" data-end=\"2254\">\n<td data-start=\"2223\" data-end=\"2239\" data-col-size=\"sm\">Sm\u00e4ltpunkt<\/td>\n<td data-col-size=\"sm\" data-start=\"2239\" data-end=\"2254\">2050-2100\u00b0C<\/td>\n<\/tr>\n<tr data-start=\"2255\" data-end=\"2285\">\n<td data-start=\"2255\" data-end=\"2274\" data-col-size=\"sm\">Max arbetstemperatur<\/td>\n<td data-col-size=\"sm\" data-start=\"2274\" data-end=\"2285\">\u22642000\u00b0C<\/td>\n<\/tr>\n<tr data-start=\"2286\" data-end=\"2322\">\n<td data-start=\"2286\" data-end=\"2305\" data-col-size=\"sm\">Dragh\u00e5llfasthet<\/td>\n<td data-col-size=\"sm\" data-start=\"2305\" data-end=\"2322\">275 - 400 MPa<\/td>\n<\/tr>\n<tr data-start=\"2323\" data-end=\"2360\">\n<td data-start=\"2323\" data-end=\"2343\" data-col-size=\"sm\">B\u00f6jh\u00e5llfasthet<\/td>\n<td data-col-size=\"sm\" data-start=\"2343\" data-end=\"2360\">480 - 895 MPa<\/td>\n<\/tr>\n<tr data-start=\"2361\" data-end=\"2390\">\n<td data-start=\"2361\" data-end=\"2379\" data-col-size=\"sm\">Young's Modulus<\/td>\n<td data-col-size=\"sm\" data-start=\"2379\" data-end=\"2390\">435 GPa<\/td>\n<\/tr>\n<tr data-start=\"2391\" data-end=\"2429\">\n<td data-start=\"2391\" data-end=\"2412\" data-col-size=\"sm\">\u00d6verf\u00f6ringsomr\u00e5de<\/td>\n<td data-col-size=\"sm\" data-start=\"2412\" data-end=\"2429\">190 nm - 5 \u03bcm<\/td>\n<\/tr>\n<tr data-start=\"2430\" data-end=\"2462\">\n<td data-start=\"2430\" data-end=\"2454\" data-col-size=\"sm\">Synlig transmittans<\/td>\n<td data-col-size=\"sm\" data-start=\"2454\" data-end=\"2462\">\u226585%<\/td>\n<\/tr>\n<tr data-start=\"2463\" data-end=\"2491\">\n<td data-start=\"2463\" data-end=\"2482\" data-col-size=\"sm\">Brytningsindex<\/td>\n<td data-col-size=\"sm\" data-start=\"2482\" data-end=\"2491\">~1.76<\/td>\n<\/tr>\n<tr data-start=\"2492\" data-end=\"2531\">\n<td data-start=\"2492\" data-end=\"2510\" data-col-size=\"sm\">Ytans kvalitet<\/td>\n<td data-col-size=\"sm\" data-start=\"2510\" data-end=\"2531\">20\/10 - 80\/50 S\/D<\/td>\n<\/tr>\n<tr data-start=\"2532\" data-end=\"2563\">\n<td data-start=\"2532\" data-end=\"2552\" data-col-size=\"sm\">Ytj\u00e4mnhet<\/td>\n<td data-col-size=\"sm\" data-start=\"2552\" data-end=\"2563\">&lt;0,3 nm<\/td>\n<\/tr>\n<\/tbody>\n<\/table>\n<\/div>\n<\/div>\n<hr data-start=\"2565\" data-end=\"2568\" \/>\n<h2 data-section-id=\"11ulitk\" data-start=\"2570\" data-end=\"2601\"><span role=\"text\">M\u00f6jlighet till kundanpassning<\/span><\/h2>\n<div class=\"TyagGW_tableContainer\">\n<div class=\"group TyagGW_tableWrapper flex flex-col-reverse w-fit\" tabindex=\"-1\">\n<table class=\"w-fit min-w-(--thread-content-width)\" data-start=\"2603\" data-end=\"2912\">\n<thead data-start=\"2603\" data-end=\"2624\">\n<tr data-start=\"2603\" data-end=\"2624\">\n<th class=\"\" data-start=\"2603\" data-end=\"2615\" data-col-size=\"sm\">Parameter<\/th>\n<th class=\"\" data-start=\"2615\" data-end=\"2624\" data-col-size=\"sm\">R\u00e4ckvidd<\/th>\n<\/tr>\n<\/thead>\n<tbody data-start=\"2645\" data-end=\"2912\">\n<tr data-start=\"2645\" data-end=\"2683\">\n<td data-start=\"2645\" data-end=\"2667\" data-col-size=\"sm\">Yttre diameter (OD)<\/td>\n<td data-col-size=\"sm\" data-start=\"2667\" data-end=\"2683\">0,1 - 350 mm<\/td>\n<\/tr>\n<tr data-start=\"2684\" data-end=\"2722\">\n<td data-start=\"2684\" data-end=\"2706\" data-col-size=\"sm\">Innerdiameter (ID)<\/td>\n<td data-col-size=\"sm\" data-start=\"2706\" data-end=\"2722\">Anpassningsbar<\/td>\n<\/tr>\n<tr data-start=\"2723\" data-end=\"2748\">\n<td data-start=\"2723\" data-end=\"2732\" data-col-size=\"sm\">L\u00e4ngd<\/td>\n<td data-col-size=\"sm\" data-start=\"2732\" data-end=\"2748\">0,1 - 500 mm<\/td>\n<\/tr>\n<tr data-start=\"2749\" data-end=\"2784\">\n<td data-start=\"2749\" data-end=\"2766\" data-col-size=\"sm\">V\u00e4ggens tjocklek<\/td>\n<td data-col-size=\"sm\" data-start=\"2766\" data-end=\"2784\">Minst 0,1 mm<\/td>\n<\/tr>\n<tr data-start=\"2785\" data-end=\"2820\">\n<td data-start=\"2785\" data-end=\"2809\" data-col-size=\"sm\">Dimensionell tolerans<\/td>\n<td data-col-size=\"sm\" data-start=\"2809\" data-end=\"2820\">\u00b10,1 mm<\/td>\n<\/tr>\n<tr data-start=\"2821\" data-end=\"2862\">\n<td data-start=\"2821\" data-end=\"2843\" data-col-size=\"sm\">Tjocklek Tolerans<\/td>\n<td data-col-size=\"sm\" data-start=\"2843\" data-end=\"2862\">\u00b10,01 - 0,10 mm<\/td>\n<\/tr>\n<tr data-start=\"2863\" data-end=\"2884\">\n<td data-start=\"2863\" data-end=\"2877\" data-col-size=\"sm\">Parallellism<\/td>\n<td data-col-size=\"sm\" data-start=\"2877\" data-end=\"2884\">\u22645\u2032<\/td>\n<\/tr>\n<tr data-start=\"2885\" data-end=\"2912\">\n<td data-start=\"2885\" data-end=\"2896\" data-col-size=\"sm\">Planhet<\/td>\n<td data-col-size=\"sm\" data-start=\"2896\" data-end=\"2912\">\u03bb\/4 @ 633 nm<\/td>\n<\/tr>\n<\/tbody>\n<\/table>\n<\/div>\n<\/div>\n<p data-start=\"2914\" data-end=\"2936\">\u2714 Tillg\u00e4ngliga alternativ:<\/p>\n<ul data-start=\"2937\" data-end=\"3099\">\n<li data-section-id=\"a00nxc\" data-start=\"2937\" data-end=\"2981\">Polering \/ Slipning \/ Optisk efterbehandling<\/li>\n<li data-section-id=\"t4tbps\" data-start=\"2982\" data-end=\"3014\">Avfasning och kantbearbetning<\/li>\n<li data-section-id=\"16yqxm1\" data-start=\"3015\" data-end=\"3058\">Kristallorientering (C-, A-, M-, R-plan)<\/li>\n<li data-section-id=\"spvmsw\" data-start=\"3059\" data-end=\"3099\">Anpassade former och komplexa geometrier<\/li>\n<\/ul>\n<p><img decoding=\"async\" class=\"wp-image-2829 size-full aligncenter\" src=\"https:\/\/www.fuyao-quartz.com\/wp-content\/uploads\/2026\/04\/EFG.png\" alt=\"\" width=\"680\" height=\"474\" srcset=\"https:\/\/www.fuyao-quartz.com\/wp-content\/uploads\/2026\/04\/EFG.png 680w, https:\/\/www.fuyao-quartz.com\/wp-content\/uploads\/2026\/04\/EFG-300x209.png 300w, https:\/\/www.fuyao-quartz.com\/wp-content\/uploads\/2026\/04\/EFG-18x12.png 18w, https:\/\/www.fuyao-quartz.com\/wp-content\/uploads\/2026\/04\/EFG-600x418.png 600w\" sizes=\"(max-width: 680px) 100vw, 680px\" \/><\/p>\n<hr data-start=\"3101\" data-end=\"3104\" \/>\n<h2 data-section-id=\"7v2e2l\" data-start=\"3106\" data-end=\"3147\"><span role=\"text\">EFG:s tillv\u00e4xtmetod (varf\u00f6r den \u00e4r viktig)<\/span><\/h2>\n<p data-start=\"3149\" data-end=\"3320\">EFG-metoden (Edge-Defined Film-Fed Growth) anv\u00e4nder kapill\u00e4rverkan f\u00f6r att dra sm\u00e4lt aluminiumoxid genom en formad matris, d\u00e4r kristalliseringen sker styrd av en fr\u00f6kristall.<\/p>\n<h3 data-section-id=\"990my1\" data-start=\"3322\" data-end=\"3348\"><span role=\"text\">F\u00f6rdelar med EFG:<\/span><\/h3>\n<h2 style=\"font-style: normal;\" data-section-id=\"7v2e2l\" data-start=\"3106\" data-end=\"3147\"><span style=\"font-size: 27.2px;\" role=\"text\"><img decoding=\"async\" class=\"alignright wp-image-2821\" src=\"https:\/\/www.fuyao-quartz.com\/wp-content\/uploads\/2026\/04\/High-Hardness-Sapphire-Tube-EFG-Method-Custom-Size-Acid-Heat-Resistant-3-300x300.png\" alt=\"Safirr\u00f6r med h\u00f6g h\u00e5rdhet EFG-metod Anpassad storlek Syra- och v\u00e4rmebest\u00e4ndig\" width=\"207\" height=\"207\" srcset=\"https:\/\/www.fuyao-quartz.com\/wp-content\/uploads\/2026\/04\/High-Hardness-Sapphire-Tube-EFG-Method-Custom-Size-Acid-Heat-Resistant-3-300x300.png 300w, https:\/\/www.fuyao-quartz.com\/wp-content\/uploads\/2026\/04\/High-Hardness-Sapphire-Tube-EFG-Method-Custom-Size-Acid-Heat-Resistant-3-150x150.png 150w, https:\/\/www.fuyao-quartz.com\/wp-content\/uploads\/2026\/04\/High-Hardness-Sapphire-Tube-EFG-Method-Custom-Size-Acid-Heat-Resistant-3-768x768.png 768w, https:\/\/www.fuyao-quartz.com\/wp-content\/uploads\/2026\/04\/High-Hardness-Sapphire-Tube-EFG-Method-Custom-Size-Acid-Heat-Resistant-3-12x12.png 12w, https:\/\/www.fuyao-quartz.com\/wp-content\/uploads\/2026\/04\/High-Hardness-Sapphire-Tube-EFG-Method-Custom-Size-Acid-Heat-Resistant-3-600x600.png 600w, https:\/\/www.fuyao-quartz.com\/wp-content\/uploads\/2026\/04\/High-Hardness-Sapphire-Tube-EFG-Method-Custom-Size-Acid-Heat-Resistant-3-100x100.png 100w, https:\/\/www.fuyao-quartz.com\/wp-content\/uploads\/2026\/04\/High-Hardness-Sapphire-Tube-EFG-Method-Custom-Size-Acid-Heat-Resistant-3.png 1000w\" sizes=\"(max-width: 207px) 100vw, 207px\" \/><\/span><\/h2>\n<p><span style=\"font-size: 27.2px;\" role=\"text\">\u00a0<\/span><\/p>\n<ul data-start=\"3349\" data-end=\"3554\">\n<li data-section-id=\"1mwqa0k\" data-start=\"3349\" data-end=\"3394\">Direkt kontroll \u00f6ver tv\u00e4rsnittsformen<\/li>\n<li data-section-id=\"pvfod2\" data-start=\"3395\" data-end=\"3424\">Kontinuerlig kristalltillv\u00e4xt<\/li>\n<li data-section-id=\"k5kbzk\" data-start=\"3425\" data-end=\"3463\">Samtidig produktion med flera r\u00f6r<\/li>\n<li data-section-id=\"qussfu\" data-start=\"3464\" data-end=\"3512\">Betydligt f\u00f6rb\u00e4ttrad produktionseffektivitet<\/li>\n<li data-section-id=\"10ry6tp\" data-start=\"3513\" data-end=\"3554\">Minskad kostnad j\u00e4mf\u00f6rt med KY-bearbetning<\/li>\n<\/ul>\n<hr data-start=\"3556\" data-end=\"3559\" \/>\n<h2 data-section-id=\"smfo7b\" data-start=\"3561\" data-end=\"3592\"><span role=\"text\">EFG vs KY Sapphire-r\u00f6r<\/span><\/h2>\n<div class=\"TyagGW_tableContainer\">\n<div class=\"group TyagGW_tableWrapper flex flex-col-reverse w-fit\" tabindex=\"-1\">\n<table class=\"w-fit min-w-(--thread-content-width)\" data-start=\"3594\" data-end=\"3881\">\n<thead data-start=\"3594\" data-end=\"3616\">\n<tr data-start=\"3594\" data-end=\"3616\">\n<th class=\"\" data-start=\"3594\" data-end=\"3604\" data-col-size=\"sm\">Funktion<\/th>\n<th class=\"\" data-start=\"3604\" data-end=\"3610\" data-col-size=\"sm\">EFG<\/th>\n<th class=\"\" data-start=\"3610\" data-end=\"3616\" data-col-size=\"sm\">KY<\/th>\n<\/tr>\n<\/thead>\n<tbody data-start=\"3639\" data-end=\"3881\">\n<tr data-start=\"3639\" data-end=\"3694\">\n<td data-start=\"3639\" data-end=\"3655\" data-col-size=\"sm\">Tillverkning<\/td>\n<td data-col-size=\"sm\" data-start=\"3655\" data-end=\"3671\">Direkt tillv\u00e4xt<\/td>\n<td data-col-size=\"sm\" data-start=\"3671\" data-end=\"3694\">Bearbetad fr\u00e5n boule<\/td>\n<\/tr>\n<tr data-start=\"3695\" data-end=\"3720\">\n<td data-start=\"3695\" data-end=\"3702\" data-col-size=\"sm\">Kostnad<\/td>\n<td data-col-size=\"sm\" data-start=\"3702\" data-end=\"3710\">L\u00e4gre<\/td>\n<td data-col-size=\"sm\" data-start=\"3710\" data-end=\"3720\">H\u00f6gre<\/td>\n<\/tr>\n<tr data-start=\"3721\" data-end=\"3777\">\n<td data-start=\"3721\" data-end=\"3739\" data-col-size=\"sm\">Storlek Kapacitet<\/td>\n<td data-col-size=\"sm\" data-start=\"3739\" data-end=\"3766\">Utm\u00e4rkt f\u00f6r l\u00e5nga r\u00f6r<\/td>\n<td data-col-size=\"sm\" data-start=\"3766\" data-end=\"3777\">Begr\u00e4nsad<\/td>\n<\/tr>\n<tr data-start=\"3778\" data-end=\"3819\">\n<td data-start=\"3778\" data-end=\"3799\" data-col-size=\"sm\">Kristallens enhetlighet<\/td>\n<td data-col-size=\"sm\" data-start=\"3799\" data-end=\"3806\">Bra<\/td>\n<td data-col-size=\"sm\" data-start=\"3806\" data-end=\"3819\">Utm\u00e4rkt<\/td>\n<\/tr>\n<tr data-start=\"3820\" data-end=\"3881\">\n<td data-start=\"3820\" data-end=\"3834\" data-col-size=\"sm\">Till\u00e4mpning<\/td>\n<td data-col-size=\"sm\" data-start=\"3834\" data-end=\"3861\">Industriell \/ storskalig<\/td>\n<td data-col-size=\"sm\" data-start=\"3861\" data-end=\"3881\">Precisionsoptik<\/td>\n<\/tr>\n<\/tbody>\n<\/table>\n<\/div>\n<\/div>\n<hr data-start=\"3883\" data-end=\"3886\" \/>\n<h2 data-section-id=\"k0zlak\" data-start=\"3888\" data-end=\"3907\"><span role=\"text\">Till\u00e4mpningar<\/span><\/h2>\n<ul data-start=\"3909\" data-end=\"4212\">\n<li data-section-id=\"1azh79o\" data-start=\"3909\" data-end=\"3970\">Halvledarutrustning (processr\u00f6r, skyddsr\u00f6r)<\/li>\n<li data-section-id=\"u54fej\" data-start=\"3971\" data-end=\"4026\">Optiska system (f\u00f6nster, linser, laserkomponenter)<\/li>\n<li data-section-id=\"30z3cn\" data-start=\"4027\" data-end=\"4054\">Infrar\u00f6da och UV-system<\/li>\n<li data-section-id=\"10mn5a4\" data-start=\"4055\" data-end=\"4084\">Ugnar med h\u00f6g temperatur<\/li>\n<li data-section-id=\"1p9qk75\" data-start=\"4085\" data-end=\"4121\">Milj\u00f6er f\u00f6r kemisk bearbetning<\/li>\n<li data-section-id=\"bnem2a\" data-start=\"4122\" data-end=\"4155\">Flyg-, rymd- och f\u00f6rsvarssystem<\/li>\n<li data-section-id=\"1r6wl92\" data-start=\"4156\" data-end=\"4212\">Mekaniska komponenter med h\u00f6g precision (inklusive lager)<\/li>\n<\/ul>\n<hr data-start=\"4214\" data-end=\"4217\" \/>\n<h2 data-section-id=\"elc90z\" data-start=\"4219\" data-end=\"4229\"><span role=\"text\">VANLIGA FR\u00c5GOR<\/span><\/h2>\n<p data-start=\"4231\" data-end=\"4423\">F1: Vad \u00e4r ett safirr\u00f6r?<br data-start=\"4263\" data-end=\"4266\" \/>Ett safirr\u00f6r \u00e4r en ih\u00e5lig cylindrisk komponent tillverkad av enkristallin Al\u2082O\u2083, som erbjuder exceptionell h\u00e5rdhet, termisk stabilitet och optisk transparens.<\/p>\n<p data-start=\"4425\" data-end=\"4598\">F2: Vad \u00e4r f\u00f6rdelen med EFG safirr\u00f6r?<br data-start=\"4477\" data-end=\"4480\" \/>EFG-r\u00f6ren odlas direkt till form, vilket minskar kostnaderna och m\u00f6jligg\u00f6r l\u00e4ngre l\u00e4ngder j\u00e4mf\u00f6rt med traditionella KY-metoder.<\/p>\n<p data-start=\"4600\" data-end=\"4745\">F3: Kan du tillhandah\u00e5lla anpassade storlekar?<br data-start=\"4637\" data-end=\"4640\" \/>Ja, full kundanpassning \u00e4r m\u00f6jlig f\u00f6r dimensioner, toleranser, ytfinish och kristallorientering.<\/p>","protected":false},"excerpt":{"rendered":"<p>EFG-safirr\u00f6ret (Edge-Defined Film-Fed Growth) \u00e4r en h\u00f6gpresterande ih\u00e5lig komponent tillverkad av enkristallin aluminiumoxid (Al\u2082O\u2083). Till skillnad fr\u00e5n traditionell bearbetning fr\u00e5n KY-odlade boules m\u00f6jligg\u00f6r EFG-metoden tillv\u00e4xt n\u00e4ra n\u00e4tform, vilket avsev\u00e4rt minskar materialavfallet och bearbetningskostnaderna.<\/p>","protected":false},"featured_media":2824,"comment_status":"open","ping_status":"closed","template":"","meta":{"site-sidebar-layout":"default","site-content-layout":"","ast-site-content-layout":"default","site-content-style":"default","site-sidebar-style":"default","ast-global-header-display":"","ast-banner-title-visibility":"","ast-main-header-display":"","ast-hfb-above-header-display":"","ast-hfb-below-header-display":"","ast-hfb-mobile-header-display":"","site-post-title":"","ast-breadcrumbs-content":"","ast-featured-img":"","footer-sml-layout":"","ast-disable-related-posts":"","theme-transparent-header-meta":"default","adv-header-id-meta":"","stick-header-meta":"default","header-above-stick-meta":"","header-main-stick-meta":"","header-below-stick-meta":"","astra-migrate-meta-layouts":"set","ast-page-background-enabled":"default","ast-page-background-meta":{"desktop":{"background-color":"var(--ast-global-color-4)","background-image":"","background-repeat":"repeat","background-position":"center center","background-size":"auto","background-attachment":"scroll","background-type":"","background-media":"","overlay-type":"","overlay-color":"","overlay-opacity":"","overlay-gradient":""},"tablet":{"background-color":"","background-image":"","background-repeat":"repeat","background-position":"center center","background-size":"auto","background-attachment":"scroll","background-type":"","background-media":"","overlay-type":"","overlay-color":"","overlay-opacity":"","overlay-gradient":""},"mobile":{"background-color":"","background-image":"","background-repeat":"repeat","background-position":"center center","background-size":"auto","background-attachment":"scroll","background-type":"","background-media":"","overlay-type":"","overlay-color":"","overlay-opacity":"","overlay-gradient":""}},"ast-content-background-meta":{"desktop":{"background-color":"var(--ast-global-color-5)","background-image":"","background-repeat":"repeat","background-position":"center center","background-size":"auto","background-attachment":"scroll","background-type":"","background-media":"","overlay-type":"","overlay-color":"","overlay-opacity":"","overlay-gradient":""},"tablet":{"background-color":"var(--ast-global-color-5)","background-image":"","background-repeat":"repeat","background-position":"center center","background-size":"auto","background-attachment":"scroll","background-type":"","background-media":"","overlay-type":"","overlay-color":"","overlay-opacity":"","overlay-gradient":""},"mobile":{"background-color":"var(--ast-global-color-5)","background-image":"","background-repeat":"repeat","background-position":"center center","background-size":"auto","background-attachment":"scroll","background-type":"","background-media":"","overlay-type":"","overlay-color":"","overlay-opacity":"","overlay-gradient":""}}},"product_brand":[],"product_cat":[152],"product_tag":[1047,1035,1044,1046,989,1043,972,1039,1053,1051,971,1050,978,1052,1038,1054,967,1040,1041,1042,1049,1036,1037,1045,1048],"class_list":{"0":"post-2820","1":"product","2":"type-product","3":"status-publish","4":"has-post-thumbnail","6":"product_cat-sapphire","7":"product_tag-acid-resistant-sapphire-tube","8":"product_tag-al2o3-sapphire-tube","9":"product_tag-alumina-single-crystal-tube","10":"product_tag-corrosion-resistant-tube","11":"product_tag-custom-sapphire-tube","12":"product_tag-efg-grown-sapphire","13":"product_tag-efg-sapphire-tube","14":"product_tag-high-temperature-sapphire-tube","15":"product_tag-industrial-sapphire-tube","16":"product_tag-infrared-sapphire-tube","17":"product_tag-ky-sapphire-tube","18":"product_tag-laser-sapphire-tube","19":"product_tag-optical-sapphire-tube","20":"product_tag-precision-sapphire-components","21":"product_tag-sapphire-capillary-tube","22":"product_tag-sapphire-hollow-rod","23":"product_tag-sapphire-tube","24":"product_tag-sapphire-tube-manufacturer","25":"product_tag-sapphire-tube-supplier","26":"product_tag-sapphire-tubing","27":"product_tag-semiconductor-sapphire-tube","28":"product_tag-single-crystal-sapphire-tube","29":"product_tag-transparent-sapphire-tube","30":"product_tag-uv-ir-transmission-sapphire","31":"product_tag-wear-resistant-ceramic-tube","32":"desktop-align-left","33":"tablet-align-left","34":"mobile-align-left","35":"ast-product-gallery-layout-horizontal","36":"ast-product-tabs-layout-horizontal","38":"first","39":"instock","40":"shipping-taxable","41":"product-type-simple"},"_links":{"self":[{"href":"https:\/\/www.fuyao-quartz.com\/sv\/wp-json\/wp\/v2\/product\/2820","targetHints":{"allow":["GET"]}}],"collection":[{"href":"https:\/\/www.fuyao-quartz.com\/sv\/wp-json\/wp\/v2\/product"}],"about":[{"href":"https:\/\/www.fuyao-quartz.com\/sv\/wp-json\/wp\/v2\/types\/product"}],"replies":[{"embeddable":true,"href":"https:\/\/www.fuyao-quartz.com\/sv\/wp-json\/wp\/v2\/comments?post=2820"}],"version-history":[{"count":5,"href":"https:\/\/www.fuyao-quartz.com\/sv\/wp-json\/wp\/v2\/product\/2820\/revisions"}],"predecessor-version":[{"id":2830,"href":"https:\/\/www.fuyao-quartz.com\/sv\/wp-json\/wp\/v2\/product\/2820\/revisions\/2830"}],"wp:featuredmedia":[{"embeddable":true,"href":"https:\/\/www.fuyao-quartz.com\/sv\/wp-json\/wp\/v2\/media\/2824"}],"wp:attachment":[{"href":"https:\/\/www.fuyao-quartz.com\/sv\/wp-json\/wp\/v2\/media?parent=2820"}],"wp:term":[{"taxonomy":"product_brand","embeddable":true,"href":"https:\/\/www.fuyao-quartz.com\/sv\/wp-json\/wp\/v2\/product_brand?post=2820"},{"taxonomy":"product_cat","embeddable":true,"href":"https:\/\/www.fuyao-quartz.com\/sv\/wp-json\/wp\/v2\/product_cat?post=2820"},{"taxonomy":"product_tag","embeddable":true,"href":"https:\/\/www.fuyao-quartz.com\/sv\/wp-json\/wp\/v2\/product_tag?post=2820"}],"curies":[{"name":"wp","href":"https:\/\/api.w.org\/{rel}","templated":true}]}}