{"id":2793,"date":"2026-04-28T07:20:30","date_gmt":"2026-04-28T07:20:30","guid":{"rendered":"https:\/\/www.fuyao-quartz.com\/?post_type=product&#038;p=2793"},"modified":"2026-04-28T07:20:33","modified_gmt":"2026-04-28T07:20:33","slug":"sapphire-tubes-high-purity-single-crystal-al%e2%82%82o%e2%82%83-for-high-temperature-and-optical-use","status":"publish","type":"product","link":"https:\/\/www.fuyao-quartz.com\/sv\/product\/sapphire-tubes-high-purity-single-crystal-al%e2%82%82o%e2%82%83-for-high-temperature-and-optical-use\/","title":{"rendered":"Safirr\u00f6r med h\u00f6g renhet och enkelkristall Al\u2082O\u2083 f\u00f6r h\u00f6g temperatur och optisk anv\u00e4ndning"},"content":{"rendered":"<p data-start=\"171\" data-end=\"579\"><img fetchpriority=\"high\" decoding=\"async\" class=\"wp-image-2798 alignright\" src=\"https:\/\/www.fuyao-quartz.com\/wp-content\/uploads\/2026\/04\/Sapphire-Tubes-High-Purity-Single-Crystal-Al\u2082O\u2083-f\u00f6r-h\u00f6gtemperatur-och-optisk-anv\u00e4ndning-2-1-300x300.png\" alt=\"\" width=\"279\" height=\"279\" srcset=\"\" sizes=\"(max-width: 279px) 100vw, 279px\" data-srcset=\"\" \/>Safirr\u00f6r \u00e4r avancerade r\u00f6rformade komponenter som tillverkas av enkristallin aluminiumoxid med h\u00f6g renhet (<span class=\"hover:entity-accent entity-underline inline cursor-pointer align-baseline\"><span class=\"whitespace-normal\">Safir (Al\u2082O\u2083 enkelkristall)<\/span><\/span>). Safirr\u00f6r kombinerar exceptionell mekanisk styrka, extrem v\u00e4rmebest\u00e4ndighet och bred optisk transparens och anv\u00e4nds ofta i kr\u00e4vande milj\u00f6er d\u00e4r konventionella material som kvarts, glas eller aluminiumoxid inte kan uppfylla prestandakraven.<\/p>\n<p data-start=\"581\" data-end=\"900\">Tack vare sin unika kristallstruktur erbjuder safirr\u00f6r \u00f6verl\u00e4gsen h\u00e5llbarhet, kemisk inertitet och dimensionsstabilitet \u00e4ven under tuffa driftsf\u00f6rh\u00e5llanden. Dessa egenskaper g\u00f6r dem till ett viktigt material i halvledarbearbetning, h\u00f6gtemperaturugnar, optiska system och analytiska instrument.<\/p>\n<hr data-start=\"902\" data-end=\"905\" \/>\n<h2 data-section-id=\"1yz4sp2\" data-start=\"907\" data-end=\"927\">Centrala f\u00f6rdelar<\/h2>\n<h3 data-section-id=\"y8ctbf\" data-start=\"929\" data-end=\"968\"><img decoding=\"async\" class=\"wp-image-2799 alignright\" src=\"https:\/\/www.fuyao-quartz.com\/wp-content\/uploads\/2026\/04\/Sapphire-Tubes-High-Purity-Single-Crystal-Al\u2082O\u2083-f\u00f6r-h\u00f6gtemperatur-och-optisk-anv\u00e4ndning-1-1-300x300.png\" alt=\"\" width=\"268\" height=\"268\" srcset=\"\" sizes=\"(max-width: 268px) 100vw, 268px\" data-srcset=\"\" \/>1. Exceptionell termisk resistans<\/h3>\n<p data-start=\"969\" data-end=\"1304\">Safir har en sm\u00e4ltpunkt p\u00e5 ca 2050\u00b0C och bibeh\u00e5ller en utm\u00e4rkt strukturell stabilitet under extrema temperaturer. Safirr\u00f6r kan arbeta kontinuerligt i h\u00f6gtemperaturmilj\u00f6er (upp till ~ 2000 \u00b0C i vakuum eller inerta atmosf\u00e4rer), vilket g\u00f6r dem idealiska f\u00f6r ugnssystem, termisk bearbetning och h\u00f6genergitill\u00e4mpningar.<\/p>\n<h3 data-section-id=\"10kmn1a\" data-start=\"1306\" data-end=\"1356\">2. \u00d6verl\u00e4gsen mekanisk styrka och h\u00e5rdhet<\/h3>\n<p data-start=\"1357\" data-end=\"1641\">Med en Mohs-h\u00e5rdhet p\u00e5 9 \u00e4r safir ett av de h\u00e5rdaste konstruktionsmaterialen som finns. Safirr\u00f6r uppvisar enast\u00e5ende slitstyrka, rept\u00e5lighet och l\u00e5ng livsl\u00e4ngd, vilket avsev\u00e4rt \u00f6vertr\u00e4ffar kvarts- och keramikalternativ i abrasiva eller h\u00f6gbelastade milj\u00f6er.<\/p>\n<h3 data-section-id=\"1ghoehn\" data-start=\"1643\" data-end=\"1678\">3. Bred optisk \u00f6verf\u00f6ring<\/h3>\n<p data-start=\"1679\" data-end=\"1948\">Safirr\u00f6r ger utm\u00e4rkt optisk transmission \u00f6ver ett brett spektralomr\u00e5de, fr\u00e5n ultraviolett (UV) till infrar\u00f6tt (IR) (ca 200-5000 nm). Detta g\u00f6r dem l\u00e4mpliga f\u00f6r optiska skyddsr\u00f6r, lasersystem, lamph\u00f6ljen och spektroskopiska applikationer.<\/p>\n<h3 data-section-id=\"1yihbeh\" data-start=\"1950\" data-end=\"1987\">4. Utm\u00e4rkt kemisk stabilitet<\/h3>\n<p data-start=\"1988\" data-end=\"2201\">Safir \u00e4r mycket motst\u00e5ndskraftigt mot syror, alkalier och korrosiva gaser. Den f\u00f6rblir stabil i aggressiva kemiska milj\u00f6er och plasmamilj\u00f6er, vilket g\u00f6r den l\u00e4mplig f\u00f6r halvledarbearbetning och kemiska analyssystem.<\/p>\n<h3 data-section-id=\"ewkvkd\" data-start=\"2203\" data-end=\"2238\">5. H\u00f6g elektrisk isolering<\/h3>\n<p data-start=\"2239\" data-end=\"2402\">Som dielektriskt material har safir utm\u00e4rkta elektriska isoleringsegenskaper, vilket g\u00f6r det idealiskt f\u00f6r anv\u00e4ndning i h\u00f6gsp\u00e4nda eller h\u00f6gfrekventa elektroniska system.<\/p>\n<hr data-start=\"2404\" data-end=\"2407\" \/>\n<h2 data-section-id=\"58xi60\" data-start=\"2409\" data-end=\"2438\">Tekniska specifikationer<\/h2>\n<div class=\"TyagGW_tableContainer\">\n<div class=\"group TyagGW_tableWrapper flex flex-col-reverse w-fit\" tabindex=\"-1\">\n<table class=\"w-fit min-w-(--thread-content-width)\" data-start=\"2440\" data-end=\"2790\">\n<thead data-start=\"2440\" data-end=\"2469\">\n<tr data-start=\"2440\" data-end=\"2469\">\n<th class=\"\" data-start=\"2440\" data-end=\"2452\" data-col-size=\"sm\">Parameter<\/th>\n<th class=\"\" data-start=\"2452\" data-end=\"2469\" data-col-size=\"sm\">Specifikation<\/th>\n<\/tr>\n<\/thead>\n<tbody data-start=\"2499\" data-end=\"2790\">\n<tr data-start=\"2499\" data-end=\"2545\">\n<td data-start=\"2499\" data-end=\"2510\" data-col-size=\"sm\">Material<\/td>\n<td data-col-size=\"sm\" data-start=\"2510\" data-end=\"2545\">Enkristallin Al\u2082O\u2083 (safir)<\/td>\n<\/tr>\n<tr data-start=\"2546\" data-end=\"2567\">\n<td data-start=\"2546\" data-end=\"2555\" data-col-size=\"sm\">Renhet<\/td>\n<td data-col-size=\"sm\" data-start=\"2555\" data-end=\"2567\">\u2265 99,99%<\/td>\n<\/tr>\n<tr data-start=\"2568\" data-end=\"2604\">\n<td data-start=\"2568\" data-end=\"2585\" data-col-size=\"sm\">Yttre diameter<\/td>\n<td data-col-size=\"sm\" data-start=\"2585\" data-end=\"2604\">0,5 mm - 200 mm<\/td>\n<\/tr>\n<tr data-start=\"2605\" data-end=\"2641\">\n<td data-start=\"2605\" data-end=\"2622\" data-col-size=\"sm\">Innerdiameter<\/td>\n<td data-col-size=\"sm\" data-start=\"2622\" data-end=\"2641\">0,2 mm - 180 mm<\/td>\n<\/tr>\n<tr data-start=\"2642\" data-end=\"2668\">\n<td data-start=\"2642\" data-end=\"2651\" data-col-size=\"sm\">L\u00e4ngd<\/td>\n<td data-col-size=\"sm\" data-start=\"2651\" data-end=\"2668\">Upp till 1200 mm<\/td>\n<\/tr>\n<tr data-start=\"2669\" data-end=\"2709\">\n<td data-start=\"2669\" data-end=\"2692\" data-col-size=\"sm\">Optisk \u00f6verf\u00f6ring<\/td>\n<td data-col-size=\"sm\" data-start=\"2692\" data-end=\"2709\">200 - 5000 nm<\/td>\n<\/tr>\n<tr data-start=\"2710\" data-end=\"2768\">\n<td data-start=\"2710\" data-end=\"2732\" data-col-size=\"sm\">Arbetstemperatur<\/td>\n<td data-col-size=\"sm\" data-start=\"2732\" data-end=\"2768\">Upp till ~2000\u00b0C (vakuum\/inert gas)<\/td>\n<\/tr>\n<tr data-start=\"2769\" data-end=\"2790\">\n<td data-start=\"2769\" data-end=\"2780\" data-col-size=\"sm\">H\u00e5rdhet<\/td>\n<td data-col-size=\"sm\" data-start=\"2780\" data-end=\"2790\">Mohs 9<\/td>\n<\/tr>\n<\/tbody>\n<\/table>\n<\/div>\n<\/div>\n<hr data-start=\"2792\" data-end=\"2795\" \/>\n<h2 data-section-id=\"1svz4ra\" data-start=\"2797\" data-end=\"2822\">Typiska till\u00e4mpningar<\/h2>\n<h3 data-section-id=\"127s61j\" data-start=\"2824\" data-end=\"2852\">Halvledarindustrin<\/h3>\n<p data-start=\"2853\" data-end=\"2999\">Anv\u00e4nds som processr\u00f6r, skyddshylsor, komponenter f\u00f6r waferhantering och isolerande delar i epitaxi-, diffusions- och plasmabehandlingsutrustning.<\/p>\n<h3 data-section-id=\"bf6m2f\" data-start=\"3001\" data-end=\"3039\">System f\u00f6r h\u00f6gtemperaturugnar<\/h3>\n<p data-start=\"3040\" data-end=\"3160\">Anv\u00e4nds ofta som skyddsr\u00f6r f\u00f6r termoelement, observationsr\u00f6r och strukturella komponenter i extrema v\u00e4rmemilj\u00f6er.<\/p>\n<h3 data-section-id=\"17dgta\" data-start=\"3162\" data-end=\"3193\">Optiska system och lasersystem<\/h3>\n<p data-start=\"3194\" data-end=\"3311\">Anv\u00e4nds i laserskyddsr\u00f6r, optiska \u00f6verf\u00f6ringsv\u00e4gar, lamph\u00f6ljen och optiska h\u00f6gprecisionsenheter.<\/p>\n<h3 data-section-id=\"1qa6ips\" data-start=\"3313\" data-end=\"3356\">Analytiska och vetenskapliga instrument<\/h3>\n<p data-start=\"3357\" data-end=\"3483\">Anv\u00e4nds i spektroskopisystem, kammare f\u00f6r kemisk analys och laboratorieutrustning som kr\u00e4ver b\u00e5de transparens och h\u00e5llbarhet.<\/p>\n<h3 data-section-id=\"aw8mwu\" data-start=\"3485\" data-end=\"3528\">Industri- och rymdtill\u00e4mpningar<\/h3>\n<p data-start=\"3529\" data-end=\"3633\">L\u00e4mplig f\u00f6r kr\u00e4vande milj\u00f6er med h\u00f6ga temperaturer, mekanisk p\u00e5frestning och korrosiva f\u00f6rh\u00e5llanden.<\/p>\n<hr data-start=\"3635\" data-end=\"3638\" \/>\n<h2 data-section-id=\"f4a4hh\" data-start=\"3640\" data-end=\"3687\">KY vs EFG Sapphire Tubes (viktiga skillnader)<\/h2>\n<p data-start=\"3689\" data-end=\"3873\">Safirr\u00f6r tillverkas huvudsakligen med tv\u00e5 metoder: Kyropoulos (KY) och Edge-Defined Film-Fed Growth (EFG). Var och en har sina f\u00f6rdelar beroende p\u00e5 applikationskraven.<\/p>\n<div class=\"TyagGW_tableContainer\">\n<div class=\"group TyagGW_tableWrapper flex flex-col-reverse w-fit\" tabindex=\"-1\">\n<table class=\"w-fit min-w-(--thread-content-width)\" data-start=\"3875\" data-end=\"4440\">\n<thead data-start=\"3875\" data-end=\"3924\">\n<tr data-start=\"3875\" data-end=\"3924\">\n<th class=\"\" data-start=\"3875\" data-end=\"3884\" data-col-size=\"sm\">Aspekt<\/th>\n<th class=\"\" data-start=\"3884\" data-end=\"3903\" data-col-size=\"sm\">KY Sapphire Tube<\/th>\n<th class=\"\" data-start=\"3903\" data-end=\"3924\" data-col-size=\"sm\">EFG Sapphire Tube<\/th>\n<\/tr>\n<\/thead>\n<tbody data-start=\"3972\" data-end=\"4440\">\n<tr data-start=\"3972\" data-end=\"4064\">\n<td data-start=\"3972\" data-end=\"3995\" data-col-size=\"sm\">Tillverkningsmetod<\/td>\n<td data-start=\"3995\" data-end=\"4030\" data-col-size=\"sm\">Tillverkad av bulkodlad kristall<\/td>\n<td data-start=\"4030\" data-end=\"4064\" data-col-size=\"sm\">Direkt odlad till r\u00f6rform<\/td>\n<\/tr>\n<tr data-start=\"4065\" data-end=\"4130\">\n<td data-start=\"4065\" data-end=\"4083\" data-col-size=\"sm\">Kristallkvalitet<\/td>\n<td data-start=\"4083\" data-end=\"4118\" data-col-size=\"sm\">H\u00f6gre (f\u00e5 defekter, l\u00e5g stress)<\/td>\n<td data-start=\"4118\" data-end=\"4130\" data-col-size=\"sm\">M\u00e5ttlig<\/td>\n<\/tr>\n<tr data-start=\"4131\" data-end=\"4187\">\n<td data-start=\"4131\" data-end=\"4153\" data-col-size=\"sm\">Optisk prestanda<\/td>\n<td data-start=\"4153\" data-end=\"4179\" data-col-size=\"sm\">\u0645\u0645\u062a\u0627\u0632 (h\u00f6g enhetlighet)<\/td>\n<td data-start=\"4179\" data-end=\"4187\" data-col-size=\"sm\">Bra<\/td>\n<\/tr>\n<tr data-start=\"4188\" data-end=\"4231\">\n<td data-start=\"4188\" data-end=\"4210\" data-col-size=\"sm\">Mekanisk styrka<\/td>\n<td data-start=\"4210\" data-end=\"4219\" data-col-size=\"sm\">H\u00f6gre<\/td>\n<td data-start=\"4219\" data-end=\"4231\" data-col-size=\"sm\">M\u00e5ttlig<\/td>\n<\/tr>\n<tr data-start=\"4232\" data-end=\"4316\">\n<td data-start=\"4232\" data-end=\"4258\" data-col-size=\"sm\">Dimensionell flexibilitet<\/td>\n<td data-start=\"4258\" data-end=\"4287\" data-col-size=\"sm\">H\u00f6g (precisionsbearbetning)<\/td>\n<td data-start=\"4287\" data-end=\"4316\" data-col-size=\"sm\">Begr\u00e4nsas av tillv\u00e4xtprocessen<\/td>\n<\/tr>\n<tr data-start=\"4317\" data-end=\"4356\">\n<td data-start=\"4317\" data-end=\"4324\" data-col-size=\"sm\">Kostnad<\/td>\n<td data-start=\"4324\" data-end=\"4333\" data-col-size=\"sm\">H\u00f6gre<\/td>\n<td data-start=\"4333\" data-end=\"4356\" data-col-size=\"sm\">Mer kostnadseffektivt<\/td>\n<\/tr>\n<tr data-start=\"4357\" data-end=\"4440\">\n<td data-start=\"4357\" data-end=\"4371\" data-col-size=\"sm\">Typisk anv\u00e4ndning<\/td>\n<td data-start=\"4371\" data-end=\"4404\" data-col-size=\"sm\">Avancerad optik, halvledare<\/td>\n<td data-start=\"4404\" data-end=\"4440\" data-col-size=\"sm\">Industriella, allm\u00e4nna till\u00e4mpningar<\/td>\n<\/tr>\n<\/tbody>\n<\/table>\n<\/div>\n<\/div>\n<p data-start=\"4442\" data-end=\"4456\"><strong data-start=\"4442\" data-end=\"4454\">Sammanfattning:<\/strong><\/p>\n<ul data-start=\"4457\" data-end=\"4633\">\n<li data-section-id=\"1jqbj60\" data-start=\"4457\" data-end=\"4542\">KY-safirr\u00f6r \u00e4r att f\u00f6redra f\u00f6r h\u00f6gprecisionsapplikationer med h\u00f6ga prestanda<\/li>\n<li data-section-id=\"wswut5\" data-start=\"4543\" data-end=\"4633\">EFG safirr\u00f6r \u00e4r mer l\u00e4mpade f\u00f6r kostnadsk\u00e4nslig och storskalig industriell anv\u00e4ndning<\/li>\n<\/ul>\n<hr data-start=\"4635\" data-end=\"4638\" \/>\n<h2 data-section-id=\"b0ncmg\" data-start=\"4640\" data-end=\"4666\"><img decoding=\"async\" class=\"size-medium wp-image-2801 alignright\" src=\"https:\/\/www.fuyao-quartz.com\/wp-content\/uploads\/2026\/04\/Sapphire-Tubes-High-Purity-Single-Crystal-Al\u2082O\u2083-f\u00f6r-h\u00f6gtemperatur-och-optisk-anv\u00e4ndning-4-300x300.png\" alt=\"\" width=\"300\" height=\"300\" srcset=\"\" sizes=\"(max-width: 300px) 100vw, 300px\" data-srcset=\"\" \/>Anpassningsalternativ<\/h2>\n<p data-start=\"4668\" data-end=\"4749\">Safirr\u00f6r kan anpassas f\u00f6r att uppfylla specifika applikationsbehov, inklusive:<\/p>\n<ul data-start=\"4750\" data-end=\"5033\">\n<li data-section-id=\"1mgdjle\" data-start=\"4750\" data-end=\"4796\">Precisionsstyrning av ytter- och innerdiameter<\/li>\n<li data-section-id=\"1yv7fkk\" data-start=\"4797\" data-end=\"4835\">L\u00e4ngdanpassning upp till 1200 mm<\/li>\n<li data-section-id=\"v93hdo\" data-start=\"4836\" data-end=\"4893\">Ytfinish: som den \u00e4r, slipad eller optiskt polerad<\/li>\n<li data-section-id=\"123oyaj\" data-start=\"4894\" data-end=\"4932\">Enkelsidig eller dubbelsidig polering<\/li>\n<li data-section-id=\"ft1egz\" data-start=\"4933\" data-end=\"4979\">Kristallorientering (C-axel, A-axel, etc.)<\/li>\n<li data-section-id=\"126dwpl\" data-start=\"4980\" data-end=\"5033\">T\u00e4t toleransstyrning f\u00f6r kritiska applikationer<\/li>\n<\/ul>\n<h2 data-section-id=\"x9bttf\" data-start=\"5549\" data-end=\"5557\">VANLIGA FR\u00c5GOR<\/h2>\n<p data-start=\"5559\" data-end=\"5812\"><strong data-start=\"5559\" data-end=\"5632\">F1: Vilka \u00e4r de fr\u00e4msta f\u00f6rdelarna med safirr\u00f6r j\u00e4mf\u00f6rt med kvartsr\u00f6r?<\/strong><br data-start=\"5632\" data-end=\"5635\" \/>A1: Safirr\u00f6r erbjuder betydligt h\u00f6gre h\u00e5rdhet, b\u00e4ttre termisk stabilitet, \u00f6verl\u00e4gsen kemisk resistens och bredare optisk transmission, s\u00e4rskilt i tuffa milj\u00f6er.<\/p>\n<p data-start=\"5814\" data-end=\"6054\"><strong data-start=\"5814\" data-end=\"5888\">F2: Kan safirr\u00f6r anv\u00e4ndas i milj\u00f6er med extremt h\u00f6ga temperaturer?<\/strong><br data-start=\"5888\" data-end=\"5891\" \/>A2: Ja. Safirr\u00f6r kan arbeta vid temperaturer som n\u00e4rmar sig 2000\u00b0C under vakuum eller inert gas, vilket g\u00f6r dem l\u00e4mpliga f\u00f6r extrema termiska applikationer.<\/p>\n<p data-start=\"6056\" data-end=\"6283\" data-is-last-node=\"\" data-is-only-node=\"\"><strong data-start=\"6056\" data-end=\"6106\">F3: Vilket \u00e4r b\u00e4ttre, KY eller EFG safirr\u00f6r?<\/strong><br data-start=\"6106\" data-end=\"6109\" \/>A3: KY-safirr\u00f6r ger h\u00f6gre kristallkvalitet och \u00e4r idealiska f\u00f6r avancerade applikationer, medan EFG-r\u00f6r \u00e4r mer kostnadseffektiva och l\u00e4mpliga f\u00f6r allm\u00e4n industriell anv\u00e4ndning.<\/p>","protected":false},"excerpt":{"rendered":"<p>Safirr\u00f6r \u00e4r en f\u00f6rstklassig l\u00f6sning f\u00f6r applikationer som kr\u00e4ver en kombination av h\u00f6g temperaturbest\u00e4ndighet, optisk transparens, mekanisk styrka och kemisk stabilitet. Oavsett om de anv\u00e4nds i halvledartillverkning, optiska system eller extrema industriella milj\u00f6er, ger safirr\u00f6r tillf\u00f6rlitlig prestanda d\u00e4r traditionella material misslyckas. Med b\u00e5de KY- och EFG-tillverkningsalternativ tillg\u00e4ngliga kan anv\u00e4ndarna v\u00e4lja den optimala balansen mellan prestanda och kostnad.<\/p>","protected":false},"featured_media":2801,"comment_status":"open","ping_status":"closed","template":"","meta":{"site-sidebar-layout":"default","site-content-layout":"","ast-site-content-layout":"default","site-content-style":"default","site-sidebar-style":"default","ast-global-header-display":"","ast-banner-title-visibility":"","ast-main-header-display":"","ast-hfb-above-header-display":"","ast-hfb-below-header-display":"","ast-hfb-mobile-header-display":"","site-post-title":"","ast-breadcrumbs-content":"","ast-featured-img":"","footer-sml-layout":"","ast-disable-related-posts":"","theme-transparent-header-meta":"default","adv-header-id-meta":"","stick-header-meta":"default","header-above-stick-meta":"","header-main-stick-meta":"","header-below-stick-meta":"","astra-migrate-meta-layouts":"set","ast-page-background-enabled":"default","ast-page-background-meta":{"desktop":{"background-color":"var(--ast-global-color-4)","background-image":"","background-repeat":"repeat","background-position":"center center","background-size":"auto","background-attachment":"scroll","background-type":"","background-media":"","overlay-type":"","overlay-color":"","overlay-opacity":"","overlay-gradient":""},"tablet":{"background-color":"","background-image":"","background-repeat":"repeat","background-position":"center center","background-size":"auto","background-attachment":"scroll","background-type":"","background-media":"","overlay-type":"","overlay-color":"","overlay-opacity":"","overlay-gradient":""},"mobile":{"background-color":"","background-image":"","background-repeat":"repeat","background-position":"center center","background-size":"auto","background-attachment":"scroll","background-type":"","background-media":"","overlay-type":"","overlay-color":"","overlay-opacity":"","overlay-gradient":""}},"ast-content-background-meta":{"desktop":{"background-color":"var(--ast-global-color-5)","background-image":"","background-repeat":"repeat","background-position":"center center","background-size":"auto","background-attachment":"scroll","background-type":"","background-media":"","overlay-type":"","overlay-color":"","overlay-opacity":"","overlay-gradient":""},"tablet":{"background-color":"var(--ast-global-color-5)","background-image":"","background-repeat":"repeat","background-position":"center center","background-size":"auto","background-attachment":"scroll","background-type":"","background-media":"","overlay-type":"","overlay-color":"","overlay-opacity":"","overlay-gradient":""},"mobile":{"background-color":"var(--ast-global-color-5)","background-image":"","background-repeat":"repeat","background-position":"center center","background-size":"auto","background-attachment":"scroll","background-type":"","background-media":"","overlay-type":"","overlay-color":"","overlay-opacity":"","overlay-gradient":""}}},"product_brand":[],"product_cat":[152],"product_tag":[969,983,984,989,974,972,976,985,970,975,988,987,971,973,980,978,982,967,966,981,968,977,979,986],"class_list":{"0":"post-2793","1":"product","2":"type-product","3":"status-publish","4":"has-post-thumbnail","6":"product_cat-sapphire","7":"product_tag-al2o3-tube","8":"product_tag-chemical-resistant-tube","9":"product_tag-corrosion-resistant-material","10":"product_tag-custom-sapphire-tube","11":"product_tag-edge-defined-film-fed-growth","12":"product_tag-efg-sapphire-tube","13":"product_tag-furnace-tube","14":"product_tag-high-hardness-ceramic","15":"product_tag-high-purity-sapphire","16":"product_tag-high-temperature-tube","17":"product_tag-industrial-sapphire","18":"product_tag-insulating-tube","19":"product_tag-ky-sapphire-tube","20":"product_tag-kyropoulos-sapphire","21":"product_tag-laser-tube","22":"product_tag-optical-sapphire-tube","23":"product_tag-plasma-resistant-tube","24":"product_tag-sapphire-tube","25":"product_tag-sapphire-tubes","26":"product_tag-semiconductor-process-tube","27":"product_tag-single-crystal-sapphire","28":"product_tag-thermocouple-protection-tube","29":"product_tag-uv-ir-transmission-tube","30":"product_tag-wear-resistant-tube","31":"desktop-align-left","32":"tablet-align-left","33":"mobile-align-left","34":"ast-product-gallery-layout-horizontal","35":"ast-product-tabs-layout-horizontal","37":"first","38":"instock","39":"shipping-taxable","40":"product-type-simple"},"_links":{"self":[{"href":"https:\/\/www.fuyao-quartz.com\/sv\/wp-json\/wp\/v2\/product\/2793","targetHints":{"allow":["GET"]}}],"collection":[{"href":"https:\/\/www.fuyao-quartz.com\/sv\/wp-json\/wp\/v2\/product"}],"about":[{"href":"https:\/\/www.fuyao-quartz.com\/sv\/wp-json\/wp\/v2\/types\/product"}],"replies":[{"embeddable":true,"href":"https:\/\/www.fuyao-quartz.com\/sv\/wp-json\/wp\/v2\/comments?post=2793"}],"version-history":[{"count":1,"href":"https:\/\/www.fuyao-quartz.com\/sv\/wp-json\/wp\/v2\/product\/2793\/revisions"}],"predecessor-version":[{"id":2802,"href":"https:\/\/www.fuyao-quartz.com\/sv\/wp-json\/wp\/v2\/product\/2793\/revisions\/2802"}],"wp:featuredmedia":[{"embeddable":true,"href":"https:\/\/www.fuyao-quartz.com\/sv\/wp-json\/wp\/v2\/media\/2801"}],"wp:attachment":[{"href":"https:\/\/www.fuyao-quartz.com\/sv\/wp-json\/wp\/v2\/media?parent=2793"}],"wp:term":[{"taxonomy":"product_brand","embeddable":true,"href":"https:\/\/www.fuyao-quartz.com\/sv\/wp-json\/wp\/v2\/product_brand?post=2793"},{"taxonomy":"product_cat","embeddable":true,"href":"https:\/\/www.fuyao-quartz.com\/sv\/wp-json\/wp\/v2\/product_cat?post=2793"},{"taxonomy":"product_tag","embeddable":true,"href":"https:\/\/www.fuyao-quartz.com\/sv\/wp-json\/wp\/v2\/product_tag?post=2793"}],"curies":[{"name":"wp","href":"https:\/\/api.w.org\/{rel}","templated":true}]}}