{"id":2755,"date":"2026-04-24T03:40:56","date_gmt":"2026-04-24T03:40:56","guid":{"rendered":"https:\/\/www.fuyao-quartz.com\/?post_type=product&#038;p=2755"},"modified":"2026-04-24T03:40:58","modified_gmt":"2026-04-24T03:40:58","slug":"custom-fused-quartz-plates-with-through-holes","status":"publish","type":"product","link":"https:\/\/www.fuyao-quartz.com\/sv\/product\/custom-fused-quartz-plates-with-through-holes\/","title":{"rendered":"Anpassade sm\u00e4lta kvartsplattor med genomg\u00e5ende h\u00e5l"},"content":{"rendered":"<p data-start=\"253\" data-end=\"586\"><img fetchpriority=\"high\" decoding=\"async\" class=\"alignright wp-image-2756 size-medium\" src=\"https:\/\/www.fuyao-quartz.com\/wp-content\/uploads\/2026\/04\/Custom-Fused-Quartz-Plates-with-Through-Holes-2-300x300.png\" alt=\"Anpassade sm\u00e4lta kvartsplattor med genomg\u00e5ende h\u00e5l\" width=\"300\" height=\"300\" srcset=\"https:\/\/www.fuyao-quartz.com\/wp-content\/uploads\/2026\/04\/Custom-Fused-Quartz-Plates-with-Through-Holes-2-300x300.png 300w, https:\/\/www.fuyao-quartz.com\/wp-content\/uploads\/2026\/04\/Custom-Fused-Quartz-Plates-with-Through-Holes-2-150x150.png 150w, https:\/\/www.fuyao-quartz.com\/wp-content\/uploads\/2026\/04\/Custom-Fused-Quartz-Plates-with-Through-Holes-2-768x768.png 768w, https:\/\/www.fuyao-quartz.com\/wp-content\/uploads\/2026\/04\/Custom-Fused-Quartz-Plates-with-Through-Holes-2-12x12.png 12w, https:\/\/www.fuyao-quartz.com\/wp-content\/uploads\/2026\/04\/Custom-Fused-Quartz-Plates-with-Through-Holes-2-600x600.png 600w, https:\/\/www.fuyao-quartz.com\/wp-content\/uploads\/2026\/04\/Custom-Fused-Quartz-Plates-with-Through-Holes-2-100x100.png 100w, https:\/\/www.fuyao-quartz.com\/wp-content\/uploads\/2026\/04\/Custom-Fused-Quartz-Plates-with-Through-Holes-2.png 1000w\" sizes=\"(max-width: 300px) 100vw, 300px\" \/>Custom Fused Quartz Plates med genomg\u00e5ende h\u00e5l \u00e4r h\u00f6gprecisionskomponenter som tillverkas av kiseldioxid med ultrah\u00f6g renhet (SiO\u2082 &gt; 99,9%). Dessa plattor \u00e4r speciellt utformade f\u00f6r avancerade industriella och vetenskapliga till\u00e4mpningar d\u00e4r termisk stabilitet, kemisk best\u00e4ndighet och optisk prestanda \u00e4r avg\u00f6rande.<\/p>\n<p data-start=\"588\" data-end=\"1033\">Till skillnad fr\u00e5n vanliga glasmaterial erbjuder sm\u00e4lt kvarts en unik kombination av l\u00e5g termisk expansion, h\u00f6g temperaturbest\u00e4ndighet och bred optisk transmission, vilket g\u00f6r den idealisk f\u00f6r halvledar-, fotonik- och laboratoriesystem. Genom att integrera precisionsborrade h\u00e5l m\u00f6jligg\u00f6r dessa kvartsplattor kontrollerat v\u00e4tskefl\u00f6de, gasdistribution eller optisk inriktning, vilket f\u00f6rvandlar dem fr\u00e5n passiva substrat till funktionella systemkomponenter.<\/p>\n<p data-start=\"1035\" data-end=\"1229\">Produkterna finns i flera olika kvaliteter, t.ex. JGS1, JGS2 och JGS3, och kan skr\u00e4ddarsys f\u00f6r att uppfylla olika v\u00e5gl\u00e4ngdskrav, fr\u00e5n djup ultraviolett (UV) till infrar\u00f6d (IR).<\/p>\n<hr data-start=\"1231\" data-end=\"1234\" \/>\n<h2 data-section-id=\"16yfqpq\" data-start=\"1236\" data-end=\"1260\"><img decoding=\"async\" class=\"alignright wp-image-2758\" src=\"https:\/\/www.fuyao-quartz.com\/wp-content\/uploads\/2026\/04\/Custom-Fused-Quartz-Plates-with-Through-Holes-4-300x300.png\" alt=\"Anpassade sm\u00e4lta kvartsplattor med genomg\u00e5ende h\u00e5l\" width=\"286\" height=\"286\" srcset=\"https:\/\/www.fuyao-quartz.com\/wp-content\/uploads\/2026\/04\/Custom-Fused-Quartz-Plates-with-Through-Holes-4-300x300.png 300w, https:\/\/www.fuyao-quartz.com\/wp-content\/uploads\/2026\/04\/Custom-Fused-Quartz-Plates-with-Through-Holes-4-150x150.png 150w, https:\/\/www.fuyao-quartz.com\/wp-content\/uploads\/2026\/04\/Custom-Fused-Quartz-Plates-with-Through-Holes-4-768x768.png 768w, https:\/\/www.fuyao-quartz.com\/wp-content\/uploads\/2026\/04\/Custom-Fused-Quartz-Plates-with-Through-Holes-4-12x12.png 12w, https:\/\/www.fuyao-quartz.com\/wp-content\/uploads\/2026\/04\/Custom-Fused-Quartz-Plates-with-Through-Holes-4-600x600.png 600w, https:\/\/www.fuyao-quartz.com\/wp-content\/uploads\/2026\/04\/Custom-Fused-Quartz-Plates-with-Through-Holes-4-100x100.png 100w, https:\/\/www.fuyao-quartz.com\/wp-content\/uploads\/2026\/04\/Custom-Fused-Quartz-Plates-with-Through-Holes-4.png 1000w\" sizes=\"(max-width: 286px) 100vw, 286px\" \/>Viktiga funktioner<\/h2>\n<ul data-start=\"1262\" data-end=\"1765\">\n<li data-section-id=\"1axa1m2\" data-start=\"1262\" data-end=\"1340\">Kvarts med extremt h\u00f6g renhet (SiO\u2082 &gt; 99,9%) ger utm\u00e4rkt optisk klarhet<\/li>\n<li data-section-id=\"5faqt9\" data-start=\"1341\" data-end=\"1407\">Anpassad h\u00e5lstorlek, position och geometri baserat p\u00e5 CAD-ritningar<\/li>\n<li data-section-id=\"cv911c\" data-start=\"1408\" data-end=\"1472\">Enast\u00e5ende v\u00e4rmebest\u00e4ndighet (upp till 1100\u00b0C kontinuerlig anv\u00e4ndning)<\/li>\n<li data-section-id=\"mr67xq\" data-start=\"1473\" data-end=\"1534\">Extremt l\u00e5g termisk expansion f\u00f6r dimensionsstabilitet<\/li>\n<li data-section-id=\"1j38b2o\" data-start=\"1535\" data-end=\"1590\">H\u00f6g kemisk best\u00e4ndighet (utom fluorv\u00e4tesyra)<\/li>\n<li data-section-id=\"1ae6fco\" data-start=\"1591\" data-end=\"1649\">Optisk polering tillg\u00e4nglig f\u00f6r precisionstill\u00e4mpningar<\/li>\n<li data-section-id=\"3w4enf\" data-start=\"1650\" data-end=\"1708\">Kompatibel med renrumsmilj\u00f6er och milj\u00f6er med h\u00f6g renhet<\/li>\n<li data-section-id=\"12n18dz\" data-start=\"1709\" data-end=\"1765\">L\u00e4mplig f\u00f6r b\u00e5de strukturell och optisk integration<\/li>\n<\/ul>\n<hr data-start=\"1767\" data-end=\"1770\" \/>\n<h2 data-section-id=\"sim1wa\" data-start=\"1772\" data-end=\"1799\">Materialkvaliteter<\/h2>\n<h3 data-section-id=\"1e4slao\" data-start=\"1801\" data-end=\"1835\">JGS1 - UV-klassad sm\u00e4lt kiseldioxid<\/h3>\n<p data-start=\"1836\" data-end=\"2071\">JGS1 har utm\u00e4rkt transmission fr\u00e5n 185 nm till 2500 nm, vilket g\u00f6r den idealisk f\u00f6r djupa UV-till\u00e4mpningar som litografi, UV-lasrar och optiska system med h\u00f6g energi. Den har mycket l\u00e5g hydroxylhalt (OH-) och minimal dubbelbrytning.<\/p>\n<h3 data-section-id=\"z3oyrd\" data-start=\"2073\" data-end=\"2106\">JGS2 - Kvarts av optisk kvalitet<\/h3>\n<p data-start=\"2107\" data-end=\"2282\">JGS2 anv\u00e4nds ofta f\u00f6r till\u00e4mpningar i det synliga och n\u00e4ra infrar\u00f6da omr\u00e5det (260-2500 nm). Den ger h\u00f6g optisk enhetlighet och \u00e4r en kostnadseffektiv l\u00f6sning f\u00f6r allm\u00e4nna optiska system.<\/p>\n<h3 data-section-id=\"1xbm0q2\" data-start=\"2284\" data-end=\"2318\">JGS3 - Infrar\u00f6tt kvartsglas<\/h3>\n<p data-start=\"2319\" data-end=\"2493\">JGS3 \u00e4r optimerad f\u00f6r infrar\u00f6da applikationer och industriell anv\u00e4ndning. \u00c4ven om den har l\u00e4gre transmission i det djupa UV-omr\u00e5det fungerar den bra i termiska och IR-relaterade milj\u00f6er.<\/p>\n<p data-start=\"2319\" data-end=\"2493\"><img decoding=\"async\" class=\"wp-image-2760 size-full aligncenter\" src=\"https:\/\/www.fuyao-quartz.com\/wp-content\/uploads\/2026\/04\/20250620152843_73372.png\" alt=\"\" width=\"680\" height=\"356\" srcset=\"https:\/\/www.fuyao-quartz.com\/wp-content\/uploads\/2026\/04\/20250620152843_73372.png 680w, https:\/\/www.fuyao-quartz.com\/wp-content\/uploads\/2026\/04\/20250620152843_73372-300x157.png 300w, https:\/\/www.fuyao-quartz.com\/wp-content\/uploads\/2026\/04\/20250620152843_73372-18x9.png 18w, https:\/\/www.fuyao-quartz.com\/wp-content\/uploads\/2026\/04\/20250620152843_73372-600x314.png 600w\" sizes=\"(max-width: 680px) 100vw, 680px\" \/><\/p>\n<hr data-start=\"2495\" data-end=\"2498\" \/>\n<h2 data-section-id=\"10i1aaf\" data-start=\"2500\" data-end=\"2533\">Tillverkningsprocess<\/h2>\n<p data-start=\"2535\" data-end=\"2648\">Tillverkningen av anpassade sm\u00e4lta kvartsplattor kr\u00e4ver strikt processkontroll f\u00f6r att s\u00e4kerst\u00e4lla precision och konsekvens:<\/p>\n<p data-start=\"2650\" data-end=\"2768\">1. Val av material<br data-start=\"2675\" data-end=\"2678\" \/>Kvartsg\u00f6t med h\u00f6g renhet v\u00e4ljs ut och bereds enligt applikationskraven.<\/p>\n<p data-start=\"2770\" data-end=\"2918\">2. Precisionssk\u00e4rning och -formning<br data-start=\"2804\" data-end=\"2807\" \/>Avancerad CNC-bearbetning, vattensk\u00e4rning eller lasersk\u00e4rning anv\u00e4nds f\u00f6r att uppn\u00e5 anpassade dimensioner och geometrier.<\/p>\n<p data-start=\"2920\" data-end=\"3127\">3. Borrning av h\u00e5l<br data-start=\"2940\" data-end=\"2943\" \/>Genomg\u00e5ende h\u00e5l skapas med hj\u00e4lp av specialiserade tekniker som ultraljudsborrning, CO\u2082-laserborrning eller mekanisk borrning, beroende p\u00e5 tolerans- och ytkvalitetskrav.<\/p>\n<p data-start=\"3129\" data-end=\"3337\">4. Ytbehandling<br data-start=\"3154\" data-end=\"3157\" \/>Optisk polering (enkelsidig eller dubbelsidig) anv\u00e4nds f\u00f6r att uppn\u00e5 h\u00f6g ytplanhet och l\u00e5g grovhet. Kantbearbetning, avfasning och kemisk polering \u00e4r ocks\u00e5 tillg\u00e4ngliga.<\/p>\n<p data-start=\"3339\" data-end=\"3523\">5. Reng\u00f6ring &amp; inspektion<br data-start=\"3367\" data-end=\"3370\" \/>Alla komponenter genomg\u00e5r rigor\u00f6s reng\u00f6ring i kontrollerade milj\u00f6er och inspekteras med avseende p\u00e5 m\u00e5ttnoggrannhet, ytkvalitet och optisk prestanda.<\/p>\n<hr data-start=\"3525\" data-end=\"3528\" \/>\n<h2 data-section-id=\"1vt21ys\" data-start=\"3530\" data-end=\"3565\">Tekniska specifikationer \uff08\u53c2\u6570\u8868\uff09<\/h2>\n<div class=\"TyagGW_tableContainer\">\n<div class=\"group TyagGW_tableWrapper flex flex-col-reverse w-fit\" tabindex=\"-1\">\n<table class=\"w-fit min-w-(--thread-content-width)\" data-start=\"3567\" data-end=\"4087\">\n<thead data-start=\"3567\" data-end=\"3595\">\n<tr data-start=\"3567\" data-end=\"3595\">\n<th class=\"\" data-start=\"3567\" data-end=\"3578\" data-col-size=\"sm\">Fastighet<\/th>\n<th class=\"\" data-start=\"3578\" data-end=\"3595\" data-col-size=\"sm\">Typiskt v\u00e4rde<\/th>\n<\/tr>\n<\/thead>\n<tbody data-start=\"3624\" data-end=\"4087\">\n<tr data-start=\"3624\" data-end=\"3653\">\n<td data-start=\"3624\" data-end=\"3635\" data-col-size=\"sm\">Diameter<\/td>\n<td data-col-size=\"sm\" data-start=\"3635\" data-end=\"3653\">10 mm - 600 mm<\/td>\n<\/tr>\n<tr data-start=\"3654\" data-end=\"3682\">\n<td data-start=\"3654\" data-end=\"3663\" data-col-size=\"sm\">L\u00e4ngd<\/td>\n<td data-col-size=\"sm\" data-start=\"3663\" data-end=\"3682\">10 mm - 1000 mm<\/td>\n<\/tr>\n<tr data-start=\"3683\" data-end=\"3710\">\n<td data-start=\"3683\" data-end=\"3691\" data-col-size=\"sm\">Bredd<\/td>\n<td data-col-size=\"sm\" data-start=\"3691\" data-end=\"3710\">10 mm - 1000 mm<\/td>\n<\/tr>\n<tr data-start=\"3711\" data-end=\"3741\">\n<td data-start=\"3711\" data-end=\"3723\" data-col-size=\"sm\">Tjocklek<\/td>\n<td data-col-size=\"sm\" data-start=\"3723\" data-end=\"3741\">0,5 mm - 60 mm<\/td>\n<\/tr>\n<tr data-start=\"3742\" data-end=\"3782\">\n<td data-start=\"3742\" data-end=\"3753\" data-col-size=\"sm\">Material<\/td>\n<td data-col-size=\"sm\" data-start=\"3753\" data-end=\"3782\">SiO\u2082 med h\u00f6g renhet (&gt;99,9%)<\/td>\n<\/tr>\n<tr data-start=\"3783\" data-end=\"3812\">\n<td data-start=\"3783\" data-end=\"3793\" data-col-size=\"sm\">T\u00e4thet<\/td>\n<td data-col-size=\"sm\" data-start=\"3793\" data-end=\"3812\">2,2 \u00d7 10\u00b3 kg\/m\u00b3<\/td>\n<\/tr>\n<tr data-start=\"3813\" data-end=\"3844\">\n<td data-start=\"3813\" data-end=\"3824\" data-col-size=\"sm\">H\u00e5rdhet<\/td>\n<td data-col-size=\"sm\" data-start=\"3824\" data-end=\"3844\">5,3 - 6,5 (Mohs)<\/td>\n<\/tr>\n<tr data-start=\"3845\" data-end=\"3885\">\n<td data-start=\"3845\" data-end=\"3868\" data-col-size=\"sm\">Tryckh\u00e5llfasthet<\/td>\n<td data-col-size=\"sm\" data-start=\"3868\" data-end=\"3885\">\uff1e1,1 \u00d7 10\u2079 Pa<\/td>\n<\/tr>\n<tr data-start=\"3886\" data-end=\"3923\">\n<td data-start=\"3886\" data-end=\"3906\" data-col-size=\"sm\">Termisk expansion<\/td>\n<td data-col-size=\"sm\" data-start=\"3906\" data-end=\"3923\">5.5 \u00d7 10-\u2077 \/\u2103<\/td>\n<\/tr>\n<tr data-start=\"3924\" data-end=\"3964\">\n<td data-start=\"3924\" data-end=\"3955\" data-col-size=\"sm\">Max temperatur (kort sikt)<\/td>\n<td data-col-size=\"sm\" data-start=\"3955\" data-end=\"3964\">1200\u2103<\/td>\n<\/tr>\n<tr data-start=\"3965\" data-end=\"4004\">\n<td data-start=\"3965\" data-end=\"3995\" data-col-size=\"sm\">Max temperatur (l\u00e5ng sikt)<\/td>\n<td data-col-size=\"sm\" data-start=\"3995\" data-end=\"4004\">1100\u2103<\/td>\n<\/tr>\n<tr data-start=\"4005\" data-end=\"4032\">\n<td data-start=\"4005\" data-end=\"4023\" data-col-size=\"sm\">Mjukg\u00f6rande punkt<\/td>\n<td data-col-size=\"sm\" data-start=\"4023\" data-end=\"4032\">1730\u2103<\/td>\n<\/tr>\n<tr data-start=\"4033\" data-end=\"4062\">\n<td data-start=\"4033\" data-end=\"4052\" data-col-size=\"sm\">Brytningsindex<\/td>\n<td data-col-size=\"sm\" data-start=\"4052\" data-end=\"4062\">1.4585<\/td>\n<\/tr>\n<tr data-start=\"4063\" data-end=\"4087\">\n<td data-start=\"4063\" data-end=\"4079\" data-col-size=\"sm\">Transmittans<\/td>\n<td data-col-size=\"sm\" data-start=\"4079\" data-end=\"4087\">\u226585%<\/td>\n<\/tr>\n<\/tbody>\n<\/table>\n<\/div>\n<\/div>\n<hr data-start=\"4089\" data-end=\"4092\" \/>\n<h2 data-section-id=\"rp9ojj\" data-start=\"4094\" data-end=\"4118\">Till\u00e4mpningar<\/h2>\n<p data-start=\"4120\" data-end=\"4293\">Tack vare den unika kombinationen av mekanisk styrka, optisk klarhet och strukturell anpassning anv\u00e4nds dessa kvartsplattor i stor utstr\u00e4ckning inom m\u00e5nga olika branscher:<\/p>\n<h3 data-section-id=\"127s61j\" data-start=\"4295\" data-end=\"4323\">Halvledarindustrin<\/h3>\n<p data-start=\"4324\" data-end=\"4513\">Anv\u00e4nds som waferb\u00e4rare, gasdistributionsplattor (duschhuvuden) och strukturella komponenter i ets- och deponeringssystem. Deras h\u00f6ga renhet s\u00e4kerst\u00e4ller kompatibilitet med renrumsprocesser.<\/p>\n<h3 data-section-id=\"fov9jx\" data-start=\"4515\" data-end=\"4552\">Mikrofluidik och biovetenskap<\/h3>\n<p data-start=\"4553\" data-end=\"4669\">Precisionsborrade h\u00e5l m\u00f6jligg\u00f6r v\u00e4tskekontroll i mikrofluidikchip, lab-on-chip-enheter och analysinstrument.<\/p>\n<h3 data-section-id=\"oe8bok\" data-start=\"4671\" data-end=\"4697\">Optik och fotonik<\/h3>\n<p data-start=\"4698\" data-end=\"4828\">Anv\u00e4nds i optiska masker, aperturer, laserf\u00f6nster och str\u00e5lriktningssystem d\u00e4r h\u00f6g transmission och stabilitet kr\u00e4vs.<\/p>\n<h3 data-section-id=\"tmu20s\" data-start=\"4830\" data-end=\"4855\">Vetenskaplig forskning<\/h3>\n<p data-start=\"4856\" data-end=\"4996\">Anv\u00e4nds i anpassade reaktionskammare, h\u00f6gtemperaturexperiment och korrosiva milj\u00f6er d\u00e4r standardmaterial inte fungerar p\u00e5 ett tillf\u00f6rlitligt s\u00e4tt.<\/p>\n<h3 data-section-id=\"kx9m10\" data-start=\"4998\" data-end=\"5041\">Kemisk och farmaceutisk utrustning<\/h3>\n<p data-start=\"5042\" data-end=\"5163\">Idealisk f\u00f6r fl\u00f6desreaktorer, provtagningssystem och UV\/IR-spektroskopiceller som kr\u00e4ver kemisk best\u00e4ndighet och optisk \u00e5tkomst.<\/p>\n<hr data-start=\"5165\" data-end=\"5168\" \/>\n<h2 data-section-id=\"78ajvy\" data-start=\"5170\" data-end=\"5184\">VANLIGA FR\u00c5GOR<\/h2>\n<p data-start=\"5186\" data-end=\"5362\">F1: Kan h\u00e5lstorlek och position anpassas helt och h\u00e5llet?<br data-start=\"5241\" data-end=\"5244\" \/>Ja, alla dimensioner inklusive h\u00e5ldiameter (0,1-20 mm), position och layout kan anpassas utifr\u00e5n CAD-ritningar.<\/p>\n<p data-start=\"5364\" data-end=\"5581\">F2: Vad \u00e4r skillnaden mellan JGS1 och JGS2?<br data-start=\"5417\" data-end=\"5420\" \/>JGS1 \u00e4r utformad f\u00f6r djupa UV-applikationer med h\u00f6gre renhet, medan JGS2 \u00e4r mer l\u00e4mpad f\u00f6r synliga och n\u00e4ra infrar\u00f6da applikationer med b\u00e4ttre kostnadseffektivitet.<\/p>\n<p data-start=\"5583\" data-end=\"5736\">F3: \u00c4r dessa kvartsplattor kemiskt resistenta?<br data-start=\"5636\" data-end=\"5639\" \/>Ja, sm\u00e4lt kvarts \u00e4r mycket motst\u00e5ndskraftigt mot de flesta syror och kemikalier, utom fluorv\u00e4tesyra (HF).<\/p>\n<p data-start=\"5738\" data-end=\"5873\">Q4: Kan flera h\u00e5l eller komplexa former produceras?<br data-start=\"5795\" data-end=\"5798\" \/>Ja, konstruktioner med flera h\u00e5l, sp\u00e5r och komplexa geometrier st\u00f6ds fullt ut.<\/p>","protected":false},"excerpt":{"rendered":"<p>Custom Fused Quartz Plates med genomg\u00e5ende h\u00e5l \u00e4r h\u00f6gprecisionskomponenter som tillverkas av kiseldioxid med ultrah\u00f6g renhet (SiO\u2082 &gt; 99,9%). Dessa plattor \u00e4r speciellt utformade f\u00f6r avancerade industriella och vetenskapliga till\u00e4mpningar d\u00e4r termisk stabilitet, kemisk best\u00e4ndighet och optisk prestanda \u00e4r avg\u00f6rande.<\/p>","protected":false},"featured_media":2759,"comment_status":"open","ping_status":"closed","template":"","meta":{"site-sidebar-layout":"default","site-content-layout":"","ast-site-content-layout":"default","site-content-style":"default","site-sidebar-style":"default","ast-global-header-display":"","ast-banner-title-visibility":"","ast-main-header-display":"","ast-hfb-above-header-display":"","ast-hfb-below-header-display":"","ast-hfb-mobile-header-display":"","site-post-title":"","ast-breadcrumbs-content":"","ast-featured-img":"","footer-sml-layout":"","ast-disable-related-posts":"","theme-transparent-header-meta":"default","adv-header-id-meta":"","stick-header-meta":"default","header-above-stick-meta":"","header-main-stick-meta":"","header-below-stick-meta":"","astra-migrate-meta-layouts":"set","ast-page-background-enabled":"default","ast-page-background-meta":{"desktop":{"background-color":"var(--ast-global-color-4)","background-image":"","background-repeat":"repeat","background-position":"center center","background-size":"auto","background-attachment":"scroll","background-type":"","background-media":"","overlay-type":"","overlay-color":"","overlay-opacity":"","overlay-gradient":""},"tablet":{"background-color":"","background-image":"","background-repeat":"repeat","background-position":"center center","background-size":"auto","background-attachment":"scroll","background-type":"","background-media":"","overlay-type":"","overlay-color":"","overlay-opacity":"","overlay-gradient":""},"mobile":{"background-color":"","background-image":"","background-repeat":"repeat","background-position":"center center","background-size":"auto","background-attachment":"scroll","background-type":"","background-media":"","overlay-type":"","overlay-color":"","overlay-opacity":"","overlay-gradient":""}},"ast-content-background-meta":{"desktop":{"background-color":"var(--ast-global-color-5)","background-image":"","background-repeat":"repeat","background-position":"center center","background-size":"auto","background-attachment":"scroll","background-type":"","background-media":"","overlay-type":"","overlay-color":"","overlay-opacity":"","overlay-gradient":""},"tablet":{"background-color":"var(--ast-global-color-5)","background-image":"","background-repeat":"repeat","background-position":"center center","background-size":"auto","background-attachment":"scroll","background-type":"","background-media":"","overlay-type":"","overlay-color":"","overlay-opacity":"","overlay-gradient":""},"mobile":{"background-color":"var(--ast-global-color-5)","background-image":"","background-repeat":"repeat","background-position":"center center","background-size":"auto","background-attachment":"scroll","background-type":"","background-media":"","overlay-type":"","overlay-color":"","overlay-opacity":"","overlay-gradient":""}}},"product_brand":[],"product_cat":[150],"product_tag":[242,937,502,385,939,940,197,936,938,694],"class_list":{"0":"post-2755","1":"product","2":"type-product","3":"status-publish","4":"has-post-thumbnail","6":"product_cat-quartz-plate","7":"product_tag-custom-quartz-glass","8":"product_tag-drilled-quartz-substrate","9":"product_tag-fused-quartz-plate","10":"product_tag-fused-silica-plate","11":"product_tag-jgs-quartz","12":"product_tag-optical-quartz-components","13":"product_tag-optical-quartz-plate","14":"product_tag-quartz-plate-with-holes","15":"product_tag-quartz-wafer-plate","16":"product_tag-semiconductor-quartz-parts","17":"desktop-align-left","18":"tablet-align-left","19":"mobile-align-left","20":"ast-product-gallery-layout-horizontal","21":"ast-product-tabs-layout-horizontal","23":"first","24":"instock","25":"shipping-taxable","26":"product-type-simple"},"_links":{"self":[{"href":"https:\/\/www.fuyao-quartz.com\/sv\/wp-json\/wp\/v2\/product\/2755","targetHints":{"allow":["GET"]}}],"collection":[{"href":"https:\/\/www.fuyao-quartz.com\/sv\/wp-json\/wp\/v2\/product"}],"about":[{"href":"https:\/\/www.fuyao-quartz.com\/sv\/wp-json\/wp\/v2\/types\/product"}],"replies":[{"embeddable":true,"href":"https:\/\/www.fuyao-quartz.com\/sv\/wp-json\/wp\/v2\/comments?post=2755"}],"version-history":[{"count":2,"href":"https:\/\/www.fuyao-quartz.com\/sv\/wp-json\/wp\/v2\/product\/2755\/revisions"}],"predecessor-version":[{"id":2762,"href":"https:\/\/www.fuyao-quartz.com\/sv\/wp-json\/wp\/v2\/product\/2755\/revisions\/2762"}],"wp:featuredmedia":[{"embeddable":true,"href":"https:\/\/www.fuyao-quartz.com\/sv\/wp-json\/wp\/v2\/media\/2759"}],"wp:attachment":[{"href":"https:\/\/www.fuyao-quartz.com\/sv\/wp-json\/wp\/v2\/media?parent=2755"}],"wp:term":[{"taxonomy":"product_brand","embeddable":true,"href":"https:\/\/www.fuyao-quartz.com\/sv\/wp-json\/wp\/v2\/product_brand?post=2755"},{"taxonomy":"product_cat","embeddable":true,"href":"https:\/\/www.fuyao-quartz.com\/sv\/wp-json\/wp\/v2\/product_cat?post=2755"},{"taxonomy":"product_tag","embeddable":true,"href":"https:\/\/www.fuyao-quartz.com\/sv\/wp-json\/wp\/v2\/product_tag?post=2755"}],"curies":[{"name":"wp","href":"https:\/\/api.w.org\/{rel}","templated":true}]}}