{"id":2736,"date":"2026-04-23T07:33:39","date_gmt":"2026-04-23T07:33:39","guid":{"rendered":"https:\/\/www.fuyao-quartz.com\/?post_type=product&#038;p=2736"},"modified":"2026-04-23T07:33:41","modified_gmt":"2026-04-23T07:33:41","slug":"tfln-tflt-on-siph-platform-for-high-speed-optical-modulators-hybrid-photonics","status":"publish","type":"product","link":"https:\/\/www.fuyao-quartz.com\/sv\/product\/tfln-tflt-on-siph-platform-for-high-speed-optical-modulators-hybrid-photonics\/","title":{"rendered":"TFLN \/ TFLT p\u00e5 SiPh-plattform f\u00f6r optiska h\u00f6ghastighetsmodulatorer och hybridfotonik"},"content":{"rendered":"<h2 data-section-id=\"1p927wt\" data-start=\"183\" data-end=\"202\">Produkt\u00f6versikt<\/h2>\n<p data-start=\"204\" data-end=\"449\">TFLN (Thin-Film Lithium Niobate) och TFLT (Thin-Film Lithium Tantalate) p\u00e5 Silicon Photonics (SiPh) representerar en avancerad heterogen integrationsplattform som utvecklats f\u00f6r att \u00f6vervinna de inneboende fysiska begr\u00e4nsningarna hos kisel i fotoniska system.<\/p>\n<p data-start=\"451\" data-end=\"802\">Kiselfotonik erbjuder utm\u00e4rkta<img fetchpriority=\"high\" decoding=\"async\" class=\"size-medium wp-image-2738 alignright\" src=\"https:\/\/www.fuyao-quartz.com\/wp-content\/uploads\/2026\/04\/TFLN-TFLT-on-SiPh-1-300x300.png\" alt=\"\" width=\"300\" height=\"300\" srcset=\"https:\/\/www.fuyao-quartz.com\/wp-content\/uploads\/2026\/04\/TFLN-TFLT-on-SiPh-1-300x300.png 300w, https:\/\/www.fuyao-quartz.com\/wp-content\/uploads\/2026\/04\/TFLN-TFLT-on-SiPh-1-150x150.png 150w, https:\/\/www.fuyao-quartz.com\/wp-content\/uploads\/2026\/04\/TFLN-TFLT-on-SiPh-1-768x768.png 768w, https:\/\/www.fuyao-quartz.com\/wp-content\/uploads\/2026\/04\/TFLN-TFLT-on-SiPh-1-12x12.png 12w, https:\/\/www.fuyao-quartz.com\/wp-content\/uploads\/2026\/04\/TFLN-TFLT-on-SiPh-1-600x600.png 600w, https:\/\/www.fuyao-quartz.com\/wp-content\/uploads\/2026\/04\/TFLN-TFLT-on-SiPh-1-100x100.png 100w, https:\/\/www.fuyao-quartz.com\/wp-content\/uploads\/2026\/04\/TFLN-TFLT-on-SiPh-1.png 1000w\" sizes=\"(max-width: 300px) 100vw, 300px\" \/>De har en h\u00f6g skalbarhet och CMOS-kompatibilitet, men saknar en stark linj\u00e4r elektrooptisk effekt (Pockels) och lider av relativt h\u00f6g f\u00f6rlust och begr\u00e4nsad modulationslinj\u00e4ritet. F\u00f6r att komma till r\u00e4tta med dessa problem anv\u00e4nds tunnfilmsteknikerna LiNbO\u2083 och LiTaO\u2083 p\u00e5 SiPh-plattformar genom wafer bonding eller hybridintegration.<\/p>\n<p data-start=\"804\" data-end=\"845\">Denna l\u00f6sning m\u00f6jligg\u00f6r en kombination av:<\/p>\n<ul data-start=\"846\" data-end=\"963\">\n<li data-section-id=\"r1wo8t\" data-start=\"846\" data-end=\"901\">H\u00f6ghastighets elektrooptisk prestanda fr\u00e5n TFLN\/TFLT<\/li>\n<li data-section-id=\"69kzzy\" data-start=\"902\" data-end=\"963\">Storskalig integrationsf\u00f6rm\u00e5ga fr\u00e5n kiselfotonik<\/li>\n<\/ul>\n<p data-start=\"965\" data-end=\"1081\">Den anv\u00e4nds ofta i n\u00e4sta generations optiska sammankopplingar, koherenta kommunikationssystem och mikrov\u00e5gsfotonik.<\/p>\n<hr data-start=\"1083\" data-end=\"1086\" \/>\n<h2 data-section-id=\"1ofkw\" data-start=\"1088\" data-end=\"1115\">Definition av k\u00e4rnmaterial<\/h2>\n<h3 data-section-id=\"1uf2e65\" data-start=\"1117\" data-end=\"1153\">TFLN (litiumniobat i tunnfilmsteknik)<\/h3>\n<p data-start=\"1154\" data-end=\"1350\">Litiumniobat i tunnfilm ger en stark Pockels-effekt, vilket m\u00f6jligg\u00f6r ultrasnabb optisk modulering med l\u00e5g ins\u00e4ttningsf\u00f6rlust. Det \u00e4r f\u00f6r n\u00e4rvarande industristandarden f\u00f6r optiska h\u00f6ghastighetsmodulatorer.<\/p>\n<h3 data-section-id=\"4p3f5b\" data-start=\"1352\" data-end=\"1390\">TFLT (litiumtantalat i tunnfilmsteknik)<\/h3>\n<p data-start=\"1391\" data-end=\"1651\">Litiumtantalat i tunnfilm uppvisar liknande elektrooptiska egenskaper men har f\u00f6rb\u00e4ttrad termisk stabilitet, h\u00f6gre tr\u00f6skel f\u00f6r optiska skador och b\u00e4ttre enhetlighet p\u00e5 waferniv\u00e5. Det anses vara ett lovande alternativ f\u00f6r h\u00f6geffektiva och storskaliga applikationer.<\/p>\n<hr data-start=\"1653\" data-end=\"1656\" \/>\n<h2 data-section-id=\"1p25a69\" data-start=\"1658\" data-end=\"1709\"><img decoding=\"async\" class=\"size-medium wp-image-2737 alignright\" src=\"https:\/\/www.fuyao-quartz.com\/wp-content\/uploads\/2026\/04\/TFLN-TFLT-on-SiPh-3-300x300.png\" alt=\"\" width=\"300\" height=\"300\" srcset=\"https:\/\/www.fuyao-quartz.com\/wp-content\/uploads\/2026\/04\/TFLN-TFLT-on-SiPh-3-300x300.png 300w, https:\/\/www.fuyao-quartz.com\/wp-content\/uploads\/2026\/04\/TFLN-TFLT-on-SiPh-3-150x150.png 150w, https:\/\/www.fuyao-quartz.com\/wp-content\/uploads\/2026\/04\/TFLN-TFLT-on-SiPh-3-768x768.png 768w, https:\/\/www.fuyao-quartz.com\/wp-content\/uploads\/2026\/04\/TFLN-TFLT-on-SiPh-3-12x12.png 12w, https:\/\/www.fuyao-quartz.com\/wp-content\/uploads\/2026\/04\/TFLN-TFLT-on-SiPh-3-600x600.png 600w, https:\/\/www.fuyao-quartz.com\/wp-content\/uploads\/2026\/04\/TFLN-TFLT-on-SiPh-3-100x100.png 100w, https:\/\/www.fuyao-quartz.com\/wp-content\/uploads\/2026\/04\/TFLN-TFLT-on-SiPh-3.png 1000w\" sizes=\"(max-width: 300px) 100vw, 300px\" \/>Varf\u00f6r integrera TFLN \/ TFLT med Silicon Photonics<\/h2>\n<p data-start=\"1711\" data-end=\"1787\">Enbart kisel kan inte effektivt st\u00f6dja h\u00f6gpresterande modulering p\u00e5 grund av:<\/p>\n<ul data-start=\"1789\" data-end=\"1963\">\n<li data-section-id=\"6u9ila\" data-start=\"1789\" data-end=\"1834\">Avsaknad av inneboende elektrooptisk effekt<\/li>\n<li data-section-id=\"1807674\" data-start=\"1835\" data-end=\"1909\">Beroende p\u00e5 plasmadispersionseffekten, vilket leder till h\u00f6gre optisk f\u00f6rlust<\/li>\n<li data-section-id=\"1pvfqwi\" data-start=\"1910\" data-end=\"1963\">Begr\u00e4nsad linj\u00e4ritet f\u00f6r avancerade moduleringsformat<\/li>\n<\/ul>\n<p data-start=\"1965\" data-end=\"2023\">Genom att integrera TFLN\/TFLT p\u00e5 SiPh uppn\u00e5r plattformen:<\/p>\n<ul data-start=\"2025\" data-end=\"2259\">\n<li data-section-id=\"23439j\" data-start=\"2025\" data-end=\"2101\">Moduleringsbandbredd p\u00e5 \u00f6ver 100 GHz, vilket ger st\u00f6d f\u00f6r 800G- och 1,6T-system<\/li>\n<li data-section-id=\"10lza3q\" data-start=\"2102\" data-end=\"2162\">L\u00e4gre halvv\u00e5gssp\u00e4nning (V\u03c0), vilket minskar str\u00f6mf\u00f6rbrukningen<\/li>\n<li data-section-id=\"12wbi12\" data-start=\"2163\" data-end=\"2201\">Ultra-l\u00e5g optisk utbredningsf\u00f6rlust<\/li>\n<li data-section-id=\"sadmxo\" data-start=\"2202\" data-end=\"2259\">Brett transparensf\u00f6nster fr\u00e5n synligt till mellaninfrar\u00f6tt<\/li>\n<\/ul>\n<hr data-start=\"2261\" data-end=\"2264\" \/>\n<h2 data-section-id=\"1cwrebf\" data-start=\"2266\" data-end=\"2291\">Metoder f\u00f6r integration<\/h2>\n<h3 data-section-id=\"799r33\" data-start=\"2293\" data-end=\"2342\">1. Heterogen integration (Bonding-metoden)<\/h3>\n<p data-start=\"2343\" data-end=\"2439\">LN eller LT i tunnfilm limmas p\u00e5 f\u00f6rtillverkade v\u00e5gledare av kisel eller kiselnitrid (Si\/SiN).<\/p>\n<ul data-start=\"2441\" data-end=\"2593\">\n<li data-section-id=\"o5yhcb\" data-start=\"2441\" data-end=\"2482\">Optisk koppling via evanescent f\u00e4lt<\/li>\n<li data-section-id=\"1kkmm9n\" data-start=\"2483\" data-end=\"2550\">Bibeh\u00e5ller full kompatibilitet med tillverkning av kiselfotonik<\/li>\n<li data-section-id=\"1gx8mi2\" data-start=\"2551\" data-end=\"2593\">L\u00e4mplig f\u00f6r storskalig tillverkning<\/li>\n<\/ul>\n<h3 data-section-id=\"tie3ly\" data-start=\"2595\" data-end=\"2632\">2. LNOI \/ LTOI-v\u00e5gledarmetod<\/h3>\n<p data-start=\"2633\" data-end=\"2698\">V\u00e5gledarna etsas direkt in i tunnfilmsskiktet LN eller LT.<\/p>\n<ul data-start=\"2700\" data-end=\"2873\">\n<li data-section-id=\"cbu06y\" data-start=\"2700\" data-end=\"2757\">Stark optisk inneslutning i enkristallmaterial<\/li>\n<li data-section-id=\"gktzjl\" data-start=\"2758\" data-end=\"2791\">H\u00f6gsta modulationseffektivitet<\/li>\n<li data-section-id=\"1z0dmkd\" data-start=\"2792\" data-end=\"2873\">Mer komplex tillverkning och l\u00e4gre kompatibilitet med standard SiPh-processer<\/li>\n<\/ul>\n<hr data-start=\"2875\" data-end=\"2878\" \/>\n<h2 data-section-id=\"2wk4hc\" data-start=\"2880\" data-end=\"2930\">Typisk struktur (bildplacering rekommenderas)<\/h2>\n<p>&nbsp;<\/p>\n<p data-start=\"2932\" data-end=\"2986\"><strong data-start=\"2932\" data-end=\"2984\">Struktur 1: Hybridv\u00e5gledare (SiPh + TFLN\/TFLT)<\/strong><\/p>\n<ul data-start=\"2987\" data-end=\"3113\">\n<li data-section-id=\"b2pvmx\" data-start=\"2987\" data-end=\"3025\">V\u00e5gledare av Si eller SiN (bottenlager)<\/li>\n<li data-section-id=\"cv2a7v\" data-start=\"3026\" data-end=\"3048\">SiO\u2082-bindande skikt<\/li>\n<li data-section-id=\"1cpynik\" data-start=\"3049\" data-end=\"3088\">LN\/LT-skikt i tunn film (~300-600 nm)<\/li>\n<li data-section-id=\"prwbfm\" data-start=\"3089\" data-end=\"3113\">RF-elektroder p\u00e5 ovansidan<\/li>\n<\/ul>\n<p data-start=\"3115\" data-end=\"3161\"><strong data-start=\"3115\" data-end=\"3159\">Struktur 2: \u00c5sv\u00e5gledare (LNOI\/LTOI)<\/strong><\/p>\n<ul data-start=\"3162\" data-end=\"3226\">\n<li data-section-id=\"yhsq6g\" data-start=\"3162\" data-end=\"3181\">LN\/LT tunnfilm<\/li>\n<li data-section-id=\"1j1j1am\" data-start=\"3182\" data-end=\"3204\">Begravd oxid (BOX)<\/li>\n<li data-section-id=\"jr6d04\" data-start=\"3205\" data-end=\"3226\">Kiselsubstrat<\/li>\n<\/ul>\n<p data-start=\"3228\" data-end=\"3247\"><img decoding=\"async\" class=\"wp-image-2740 size-full aligncenter\" src=\"https:\/\/www.fuyao-quartz.com\/wp-content\/uploads\/2026\/04\/6394893d-be15-4e9d-a9ee-d8a80dddc621.png\" alt=\"\" width=\"715\" height=\"649\" srcset=\"https:\/\/www.fuyao-quartz.com\/wp-content\/uploads\/2026\/04\/6394893d-be15-4e9d-a9ee-d8a80dddc621.png 715w, https:\/\/www.fuyao-quartz.com\/wp-content\/uploads\/2026\/04\/6394893d-be15-4e9d-a9ee-d8a80dddc621-300x272.png 300w, https:\/\/www.fuyao-quartz.com\/wp-content\/uploads\/2026\/04\/6394893d-be15-4e9d-a9ee-d8a80dddc621-13x12.png 13w, https:\/\/www.fuyao-quartz.com\/wp-content\/uploads\/2026\/04\/6394893d-be15-4e9d-a9ee-d8a80dddc621-600x545.png 600w\" sizes=\"(max-width: 715px) 100vw, 715px\" \/><\/p>\n<hr data-start=\"3249\" data-end=\"3252\" \/>\n<h2 data-section-id=\"1z08cpz\" data-start=\"3254\" data-end=\"3279\">Parametrar f\u00f6r prestanda<\/h2>\n<div class=\"TyagGW_tableContainer\">\n<div class=\"group TyagGW_tableWrapper flex flex-col-reverse w-fit\" tabindex=\"-1\">\n<table class=\"w-fit min-w-(--thread-content-width)\" data-start=\"3281\" data-end=\"3951\">\n<thead data-start=\"3281\" data-end=\"3316\">\n<tr data-start=\"3281\" data-end=\"3316\">\n<th class=\"\" data-start=\"3281\" data-end=\"3293\" data-col-size=\"sm\">Parameter<\/th>\n<th class=\"\" data-start=\"3293\" data-end=\"3300\" data-col-size=\"sm\">TFLN<\/th>\n<th class=\"\" data-start=\"3300\" data-end=\"3307\" data-col-size=\"sm\">TFLT<\/th>\n<th class=\"\" data-start=\"3307\" data-end=\"3316\" data-col-size=\"sm\">Anteckningar<\/th>\n<\/tr>\n<\/thead>\n<tbody data-start=\"3351\" data-end=\"3951\">\n<tr data-start=\"3351\" data-end=\"3440\">\n<td data-start=\"3351\" data-end=\"3385\" data-col-size=\"sm\">Elektrooptisk koefficient (r33)<\/td>\n<td data-col-size=\"sm\" data-start=\"3385\" data-end=\"3396\">~31 pm\/V<\/td>\n<td data-col-size=\"sm\" data-start=\"3396\" data-end=\"3407\">~30 pm\/V<\/td>\n<td data-col-size=\"sm\" data-start=\"3407\" data-end=\"3440\">Liknande moduleringseffektivitet<\/td>\n<\/tr>\n<tr data-start=\"3441\" data-end=\"3531\">\n<td data-start=\"3441\" data-end=\"3458\" data-col-size=\"sm\">3-dB bandbredd<\/td>\n<td data-col-size=\"sm\" data-start=\"3458\" data-end=\"3473\">100-400 GHz<\/td>\n<td data-col-size=\"sm\" data-start=\"3473\" data-end=\"3487\">70-100 GHz<\/td>\n<td data-col-size=\"sm\" data-start=\"3487\" data-end=\"3531\">Mycket h\u00f6gre \u00e4n Si-modulatorer (~40 GHz)<\/td>\n<\/tr>\n<tr data-start=\"3532\" data-end=\"3604\">\n<td data-start=\"3532\" data-end=\"3539\" data-col-size=\"sm\">V\u03c0-L<\/td>\n<td data-col-size=\"sm\" data-start=\"3539\" data-end=\"3554\">1,8-2,5 V-cm<\/td>\n<td data-col-size=\"sm\" data-start=\"3554\" data-end=\"3569\">2,0-3,5 V-cm<\/td>\n<td data-col-size=\"sm\" data-start=\"3569\" data-end=\"3604\">L\u00e4gre betyder l\u00e4gre drivsp\u00e4nning<\/td>\n<\/tr>\n<tr data-start=\"3605\" data-end=\"3663\">\n<td data-start=\"3605\" data-end=\"3620\" data-col-size=\"sm\">Optisk f\u00f6rlust<\/td>\n<td data-col-size=\"sm\" data-start=\"3620\" data-end=\"3633\">&lt;0,1 dB\/cm<\/td>\n<td data-col-size=\"sm\" data-start=\"3633\" data-end=\"3646\">&lt;0,1 dB\/cm<\/td>\n<td data-col-size=\"sm\" data-start=\"3646\" data-end=\"3663\">Extremt l\u00e5g<\/td>\n<\/tr>\n<tr data-start=\"3664\" data-end=\"3732\">\n<td data-start=\"3664\" data-end=\"3683\" data-col-size=\"sm\">Refraktionsindex<\/td>\n<td data-col-size=\"sm\" data-start=\"3683\" data-end=\"3694\">~2.1-2.2<\/td>\n<td data-col-size=\"sm\" data-start=\"3694\" data-end=\"3701\">~2.1<\/td>\n<td data-col-size=\"sm\" data-start=\"3701\" data-end=\"3732\">H\u00f6g inneslutningsf\u00f6rm\u00e5ga<\/td>\n<\/tr>\n<tr data-start=\"3733\" data-end=\"3803\">\n<td data-start=\"3733\" data-end=\"3753\" data-col-size=\"sm\">Curie-temperatur<\/td>\n<td data-col-size=\"sm\" data-start=\"3753\" data-end=\"3763\">~1140\u00b0C<\/td>\n<td data-col-size=\"sm\" data-start=\"3763\" data-end=\"3772\">~600\u00b0C<\/td>\n<td data-col-size=\"sm\" data-start=\"3772\" data-end=\"3803\">Referens f\u00f6r materialegenskaper<\/td>\n<\/tr>\n<tr data-start=\"3804\" data-end=\"3884\">\n<td data-start=\"3804\" data-end=\"3831\" data-col-size=\"sm\">Tr\u00f6skelv\u00e4rde f\u00f6r optisk skada<\/td>\n<td data-col-size=\"sm\" data-start=\"3831\" data-end=\"3842\">M\u00e5ttlig<\/td>\n<td data-col-size=\"sm\" data-start=\"3842\" data-end=\"3854\">Mycket h\u00f6g<\/td>\n<td data-col-size=\"sm\" data-start=\"3854\" data-end=\"3884\">TFLT b\u00e4ttre f\u00f6r h\u00f6g effekt<\/td>\n<\/tr>\n<tr data-start=\"3885\" data-end=\"3951\">\n<td data-start=\"3885\" data-end=\"3896\" data-col-size=\"sm\">DC-avdrift<\/td>\n<td data-col-size=\"sm\" data-start=\"3896\" data-end=\"3909\">M\u00e4rkbar<\/td>\n<td data-col-size=\"sm\" data-start=\"3909\" data-end=\"3920\">Mycket l\u00e5g<\/td>\n<td data-col-size=\"sm\" data-start=\"3920\" data-end=\"3951\">TFLT har \u00f6verl\u00e4gsen stabilitet<\/td>\n<\/tr>\n<\/tbody>\n<\/table>\n<\/div>\n<\/div>\n<hr data-start=\"3953\" data-end=\"3956\" \/>\n<h2 data-section-id=\"1cwrebf\" data-start=\"2266\" data-end=\"2291\"><\/h2>\n<h2 data-section-id=\"ruuu6i\" data-start=\"3958\" data-end=\"3975\">Viktiga f\u00f6rdelar<\/h2>\n<h2 data-section-id=\"1cwrebf\" data-start=\"2266\" data-end=\"2291\"><\/h2>\n<h3 data-section-id=\"j49bdc\" data-start=\"3977\" data-end=\"4015\">F\u00f6rm\u00e5ga till h\u00f6ghastighetsmodulering<\/h3>\n<p data-start=\"4016\" data-end=\"4130\">St\u00f6der optisk modulering med ultrah\u00f6g bandbredd \u00f6ver 100 GHz, vilket m\u00f6jligg\u00f6r n\u00e4sta generations data\u00f6verf\u00f6ringshastigheter.<\/p>\n<h3 data-section-id=\"dgus88\" data-start=\"4132\" data-end=\"4159\">L\u00e5g str\u00f6mf\u00f6rbrukning<\/h3>\n<p data-start=\"4160\" data-end=\"4252\">Reducerad halvv\u00e5gssp\u00e4nning ger l\u00e4gre drivkraft j\u00e4mf\u00f6rt med kiselbaserade modulatorer.<\/p>\n<h3 data-section-id=\"wt3f9j\" data-start=\"4254\" data-end=\"4288\">\u00d6verl\u00e4gsen optisk prestanda<\/h3>\n<p data-start=\"4289\" data-end=\"4386\">L\u00e5g utbredningsf\u00f6rlust och h\u00f6gt brytningsindex m\u00f6jligg\u00f6r kompakt och effektiv fotonisk integration.<\/p>\n<h3 data-section-id=\"aegbyy\" data-start=\"4388\" data-end=\"4437\">Termisk stabilitet och f\u00f6rsp\u00e4nningsstabilitet (TFLT Advantage)<\/h3>\n<p data-start=\"4438\" data-end=\"4555\">TFLT ger f\u00f6rb\u00e4ttrad motst\u00e5ndskraft mot termisk variation och minimal DC-drift, vilket \u00e4r avg\u00f6rande f\u00f6r l\u00e5ngsiktig systemstabilitet.<\/p>\n<h3 data-section-id=\"e1gwup\" data-start=\"4557\" data-end=\"4585\">Skalbar tillverkning<\/h3>\n<p data-start=\"4586\" data-end=\"4697\">Bondingbaserad integration bevarar kompatibiliteten med kiselfotonikprocesser och st\u00f6der produktion i wafer-skala.<\/p>\n<hr data-start=\"4699\" data-end=\"4702\" \/>\n<h2 data-section-id=\"7uao4i\" data-start=\"4704\" data-end=\"4728\">Till\u00e4mpningsscenarier<\/h2>\n<ul data-start=\"4730\" data-end=\"4984\">\n<li data-section-id=\"20y305\" data-start=\"4730\" data-end=\"4787\">Optisk sammankoppling f\u00f6r datacenter (400G \/ 800G \/ 1,6T)<\/li>\n<li data-section-id=\"12zi2v2\" data-start=\"4788\" data-end=\"4830\">System f\u00f6r koherent optisk kommunikation<\/li>\n<li data-section-id=\"6o8j3b\" data-start=\"4831\" data-end=\"4872\">Mikrov\u00e5gsfotonik och RF-\u00f6ver-fiber<\/li>\n<li data-section-id=\"1odazq7\" data-start=\"4873\" data-end=\"4912\">Integrerade fotoniska kretsar (PIC)<\/li>\n<li data-section-id=\"gy0vt5\" data-start=\"4913\" data-end=\"4952\">System f\u00f6r h\u00f6geffektslasermodulering<\/li>\n<li data-section-id=\"18g31p2\" data-start=\"4953\" data-end=\"4984\">LiDAR- och sensorplattformar<\/li>\n<\/ul>\n<hr data-start=\"4986\" data-end=\"4989\" \/>\n<h2 data-section-id=\"1azt8ib\" data-start=\"4991\" data-end=\"5012\">V\u00e4gledning f\u00f6r urval<\/h2>\n<h2 style=\"font-style: normal;\" data-section-id=\"1cwrebf\" data-start=\"2266\" data-end=\"2291\"><img loading=\"lazy\" decoding=\"async\" class=\"size-medium wp-image-2739 alignright\" src=\"https:\/\/www.fuyao-quartz.com\/wp-content\/uploads\/2026\/04\/TFLN-TFLT-on-SiPh-2-300x300.png\" alt=\"\" width=\"300\" height=\"300\" srcset=\"https:\/\/www.fuyao-quartz.com\/wp-content\/uploads\/2026\/04\/TFLN-TFLT-on-SiPh-2-300x300.png 300w, https:\/\/www.fuyao-quartz.com\/wp-content\/uploads\/2026\/04\/TFLN-TFLT-on-SiPh-2-150x150.png 150w, https:\/\/www.fuyao-quartz.com\/wp-content\/uploads\/2026\/04\/TFLN-TFLT-on-SiPh-2-768x768.png 768w, https:\/\/www.fuyao-quartz.com\/wp-content\/uploads\/2026\/04\/TFLN-TFLT-on-SiPh-2-12x12.png 12w, https:\/\/www.fuyao-quartz.com\/wp-content\/uploads\/2026\/04\/TFLN-TFLT-on-SiPh-2-600x600.png 600w, https:\/\/www.fuyao-quartz.com\/wp-content\/uploads\/2026\/04\/TFLN-TFLT-on-SiPh-2-100x100.png 100w, https:\/\/www.fuyao-quartz.com\/wp-content\/uploads\/2026\/04\/TFLN-TFLT-on-SiPh-2.png 1000w\" sizes=\"(max-width: 300px) 100vw, 300px\" \/><\/h2>\n<p data-start=\"5014\" data-end=\"5031\">V\u00e4lj TFLN n\u00e4r:<\/p>\n<ul data-start=\"5032\" data-end=\"5210\">\n<li data-section-id=\"17n37ge\" data-start=\"5032\" data-end=\"5076\">Maximal moduleringsbandbredd kr\u00e4vs<\/li>\n<li data-section-id=\"92vmqg\" data-start=\"5077\" data-end=\"5128\">Mogna ekosystem och leveranskedjor \u00e4r att f\u00f6redra<\/li>\n<li data-section-id=\"53dxbs\" data-start=\"5129\" data-end=\"5210\">M\u00e5lapplikationer inkluderar koherent optik och ultrah\u00f6ghastighets\u00f6verf\u00f6ring<\/li>\n<\/ul>\n<p data-start=\"5212\" data-end=\"5229\">V\u00e4lj TFLT n\u00e4r:<\/p>\n<ul data-start=\"5230\" data-end=\"5386\">\n<li data-section-id=\"6xerz0\" data-start=\"5230\" data-end=\"5278\">F\u00f6rsp\u00e4nningsstabilitet och l\u00e5g DC-drift \u00e4r kritiska faktorer<\/li>\n<li data-section-id=\"1l9fcfd\" data-start=\"5279\" data-end=\"5322\">H\u00f6g optisk effekthantering kr\u00e4vs<\/li>\n<li data-section-id=\"h5ho7p\" data-start=\"5323\" data-end=\"5386\">L\u00e5ngsiktig tillf\u00f6rlitlighet och termisk robusthet \u00e4r prioriterade omr\u00e5den<\/li>\n<\/ul>\n<hr data-start=\"5388\" data-end=\"5391\" \/>\n<h2 data-section-id=\"1hryhf7\" data-start=\"5393\" data-end=\"5399\">VANLIGA FR\u00c5GOR<\/h2>\n<h3 data-section-id=\"1cvvz1p\" data-start=\"5401\" data-end=\"5485\">1. Vilken \u00e4r den st\u00f6rsta f\u00f6rdelen med TFLN\/TFLT p\u00e5 SiPh j\u00e4mf\u00f6rt med kiselmodulatorer?<\/h3>\n<p data-start=\"5487\" data-end=\"5651\">Den viktigaste f\u00f6rdelen \u00e4r att det finns en stark elektrooptisk effekt, vilket m\u00f6jligg\u00f6r h\u00f6gre bandbredd, l\u00e4gre f\u00f6rluster och l\u00e4gre str\u00f6mf\u00f6rbrukning \u00e4n modulatorer som enbart best\u00e5r av kisel.<\/p>\n<hr data-start=\"5653\" data-end=\"5656\" \/>\n<h3 data-section-id=\"1s56jgv\" data-start=\"5658\" data-end=\"5721\">2. Hur fungerar den evanescenta kopplingen i hybridintegration?<\/h3>\n<p data-start=\"5723\" data-end=\"5925\">Ljuset fortplantar sig i kiselv\u00e5gledaren och n\u00e5r delvis in i tunnfilmsskiktet av LN eller LT. Detta \u00f6verlappande optiska f\u00e4lt m\u00f6jligg\u00f6r effektiv modulering utan att helt \u00f6verf\u00f6ra det optiska l\u00e4get.<\/p>\n<hr data-start=\"5927\" data-end=\"5930\" \/>\n<h3 data-section-id=\"ozz7b9\" data-start=\"5932\" data-end=\"5995\">3. \u00c4r denna plattform l\u00e4mplig f\u00f6r storskalig tillverkning?<\/h3>\n<p data-start=\"5997\" data-end=\"6169\">Ja, bondingbaserad heterogen integration m\u00f6jligg\u00f6r kompatibilitet med standardprocesser f\u00f6r tillverkning av kiselfotonik, vilket m\u00f6jligg\u00f6r kostnadseffektiv produktion i stora volymer.<\/p>","protected":false},"excerpt":{"rendered":"<p>TFLN (Thin-Film Lithium Niobate) och TFLT (Thin-Film Lithium Tantalate) p\u00e5 Silicon Photonics (SiPh) representerar en avancerad heterogen integrationsplattform som utvecklats f\u00f6r att \u00f6vervinna de inneboende fysiska begr\u00e4nsningarna hos kisel i fotoniska system.<\/p>","protected":false},"featured_media":2738,"comment_status":"open","ping_status":"closed","template":"","meta":{"site-sidebar-layout":"default","site-content-layout":"","ast-site-content-layout":"default","site-content-style":"default","site-sidebar-style":"default","ast-global-header-display":"","ast-banner-title-visibility":"","ast-main-header-display":"","ast-hfb-above-header-display":"","ast-hfb-below-header-display":"","ast-hfb-mobile-header-display":"","site-post-title":"","ast-breadcrumbs-content":"","ast-featured-img":"","footer-sml-layout":"","ast-disable-related-posts":"","theme-transparent-header-meta":"default","adv-header-id-meta":"","stick-header-meta":"default","header-above-stick-meta":"","header-main-stick-meta":"","header-below-stick-meta":"","astra-migrate-meta-layouts":"set","ast-page-background-enabled":"default","ast-page-background-meta":{"desktop":{"background-color":"var(--ast-global-color-4)","background-image":"","background-repeat":"repeat","background-position":"center center","background-size":"auto","background-attachment":"scroll","background-type":"","background-media":"","overlay-type":"","overlay-color":"","overlay-opacity":"","overlay-gradient":""},"tablet":{"background-color":"","background-image":"","background-repeat":"repeat","background-position":"center center","background-size":"auto","background-attachment":"scroll","background-type":"","background-media":"","overlay-type":"","overlay-color":"","overlay-opacity":"","overlay-gradient":""},"mobile":{"background-color":"","background-image":"","background-repeat":"repeat","background-position":"center center","background-size":"auto","background-attachment":"scroll","background-type":"","background-media":"","overlay-type":"","overlay-color":"","overlay-opacity":"","overlay-gradient":""}},"ast-content-background-meta":{"desktop":{"background-color":"var(--ast-global-color-5)","background-image":"","background-repeat":"repeat","background-position":"center center","background-size":"auto","background-attachment":"scroll","background-type":"","background-media":"","overlay-type":"","overlay-color":"","overlay-opacity":"","overlay-gradient":""},"tablet":{"background-color":"var(--ast-global-color-5)","background-image":"","background-repeat":"repeat","background-position":"center center","background-size":"auto","background-attachment":"scroll","background-type":"","background-media":"","overlay-type":"","overlay-color":"","overlay-opacity":"","overlay-gradient":""},"mobile":{"background-color":"var(--ast-global-color-5)","background-image":"","background-repeat":"repeat","background-position":"center center","background-size":"auto","background-attachment":"scroll","background-type":"","background-media":"","overlay-type":"","overlay-color":"","overlay-opacity":"","overlay-gradient":""}}},"product_brand":[],"product_cat":[155],"product_tag":[907,869,861,903,862,902,904,905,908,906,910,911,909,901,898,899,858,900,912],"class_list":{"0":"post-2736","1":"product","2":"type-product","3":"status-publish","4":"has-post-thumbnail","6":"product_cat-semiconductor-wafer","7":"product_tag-100g-400g-800g-optics","8":"product_tag-data-center-interconnect","9":"product_tag-electro-optic-modulator","10":"product_tag-heterogeneous-integration","11":"product_tag-high-speed-modulator","12":"product_tag-hybrid-photonics","13":"product_tag-linbo3-on-silicon","14":"product_tag-litao3-on-silicon","15":"product_tag-microwave-photonics","16":"product_tag-optical-modulator-platform","17":"product_tag-photonic-integrated-circuit","18":"product_tag-pic-platform","19":"product_tag-rf-photonics","20":"product_tag-silicon-photonics-integration","21":"product_tag-tfln-on-siph","22":"product_tag-tflt-on-siph","23":"product_tag-thin-film-lithium-niobate","24":"product_tag-thin-film-lithium-tantalate","25":"product_tag-wafer-bonding-photonics","26":"desktop-align-left","27":"tablet-align-left","28":"mobile-align-left","29":"ast-product-gallery-layout-horizontal","30":"ast-product-gallery-with-no-image","31":"ast-product-tabs-layout-horizontal","33":"first","34":"instock","35":"shipping-taxable","36":"product-type-simple"},"_links":{"self":[{"href":"https:\/\/www.fuyao-quartz.com\/sv\/wp-json\/wp\/v2\/product\/2736","targetHints":{"allow":["GET"]}}],"collection":[{"href":"https:\/\/www.fuyao-quartz.com\/sv\/wp-json\/wp\/v2\/product"}],"about":[{"href":"https:\/\/www.fuyao-quartz.com\/sv\/wp-json\/wp\/v2\/types\/product"}],"replies":[{"embeddable":true,"href":"https:\/\/www.fuyao-quartz.com\/sv\/wp-json\/wp\/v2\/comments?post=2736"}],"version-history":[{"count":1,"href":"https:\/\/www.fuyao-quartz.com\/sv\/wp-json\/wp\/v2\/product\/2736\/revisions"}],"predecessor-version":[{"id":2741,"href":"https:\/\/www.fuyao-quartz.com\/sv\/wp-json\/wp\/v2\/product\/2736\/revisions\/2741"}],"wp:featuredmedia":[{"embeddable":true,"href":"https:\/\/www.fuyao-quartz.com\/sv\/wp-json\/wp\/v2\/media\/2738"}],"wp:attachment":[{"href":"https:\/\/www.fuyao-quartz.com\/sv\/wp-json\/wp\/v2\/media?parent=2736"}],"wp:term":[{"taxonomy":"product_brand","embeddable":true,"href":"https:\/\/www.fuyao-quartz.com\/sv\/wp-json\/wp\/v2\/product_brand?post=2736"},{"taxonomy":"product_cat","embeddable":true,"href":"https:\/\/www.fuyao-quartz.com\/sv\/wp-json\/wp\/v2\/product_cat?post=2736"},{"taxonomy":"product_tag","embeddable":true,"href":"https:\/\/www.fuyao-quartz.com\/sv\/wp-json\/wp\/v2\/product_tag?post=2736"}],"curies":[{"name":"wp","href":"https:\/\/api.w.org\/{rel}","templated":true}]}}