{"id":2668,"date":"2026-04-16T03:45:00","date_gmt":"2026-04-16T03:45:00","guid":{"rendered":"https:\/\/www.fuyao-quartz.com\/?post_type=product&#038;p=2668"},"modified":"2026-04-16T03:55:23","modified_gmt":"2026-04-16T03:55:23","slug":"hogtemperaturbestandig-safirfiber-for-infrarod-avkanning-i-tuffa-miljoer","status":"publish","type":"product","link":"https:\/\/www.fuyao-quartz.com\/sv\/product\/high-temperature-resistant-sapphire-derived-fiber-for-harsh-environment-infrared-sensing\/","title":{"rendered":"H\u00f6gtemperaturbest\u00e4ndiga safirfiber f\u00f6r tuffa milj\u00f6er och infrar\u00f6d avk\u00e4nning"},"content":{"rendered":"<p data-start=\"502\" data-end=\"696\"><img fetchpriority=\"high\" decoding=\"async\" class=\"alignright wp-image-2675 size-medium\" src=\"https:\/\/www.fuyao-quartz.com\/wp-content\/uploads\/2026\/04\/High-Temperature-Resistant-Sapphire-Derived-Fiber-for-Harsh-Environment-Infrared-Sensing2-300x300.jpg\" alt=\"H\u00f6gtemperaturbest\u00e4ndiga safirfiber f\u00f6r tuffa milj\u00f6er och infrar\u00f6d avk\u00e4nning\" width=\"300\" height=\"300\" srcset=\"https:\/\/www.fuyao-quartz.com\/wp-content\/uploads\/2026\/04\/High-Temperature-Resistant-Sapphire-Derived-Fiber-for-Harsh-Environment-Infrared-Sensing2-300x300.jpg 300w, https:\/\/www.fuyao-quartz.com\/wp-content\/uploads\/2026\/04\/High-Temperature-Resistant-Sapphire-Derived-Fiber-for-Harsh-Environment-Infrared-Sensing2-150x150.jpg 150w, https:\/\/www.fuyao-quartz.com\/wp-content\/uploads\/2026\/04\/High-Temperature-Resistant-Sapphire-Derived-Fiber-for-Harsh-Environment-Infrared-Sensing2-768x768.jpg 768w, https:\/\/www.fuyao-quartz.com\/wp-content\/uploads\/2026\/04\/High-Temperature-Resistant-Sapphire-Derived-Fiber-for-Harsh-Environment-Infrared-Sensing2-12x12.jpg 12w, https:\/\/www.fuyao-quartz.com\/wp-content\/uploads\/2026\/04\/High-Temperature-Resistant-Sapphire-Derived-Fiber-for-Harsh-Environment-Infrared-Sensing2-600x600.jpg 600w, https:\/\/www.fuyao-quartz.com\/wp-content\/uploads\/2026\/04\/High-Temperature-Resistant-Sapphire-Derived-Fiber-for-Harsh-Environment-Infrared-Sensing2-100x100.jpg 100w, https:\/\/www.fuyao-quartz.com\/wp-content\/uploads\/2026\/04\/High-Temperature-Resistant-Sapphire-Derived-Fiber-for-Harsh-Environment-Infrared-Sensing2.jpg 1000w\" sizes=\"(max-width: 300px) 100vw, 300px\" \/>Sapphire Optical Fiber, \u00e4ven k\u00e4nd som Sapphire-Derived Fiber (SDF), \u00e4r en n\u00e4sta generations l\u00f6sning f\u00f6r optisk transmission vid h\u00f6ga temperaturer som tillverkas av enkristallin aluminiumoxid (Al\u2082O\u2083).<\/p>\n<p data-start=\"698\" data-end=\"939\">Med hj\u00e4lp av avancerad teknik f\u00f6r tillverkning av stavar i r\u00f6r kombinerar denna fiber safirens strukturella integritet med en flexibel optisk design, vilket m\u00f6jligg\u00f6r tillf\u00f6rlitlig signal\u00f6verf\u00f6ring i milj\u00f6er d\u00e4r konventionella kiselfibrer snabbt bryts ned.<\/p>\n<p data-start=\"941\" data-end=\"1187\">SDF-fibern \u00e4r konstruerad f\u00f6r extrema driftsf\u00f6rh\u00e5llanden och ger stabila prestanda vid h\u00f6ga temperaturer, h\u00f6gt tryck, korrosiva medier och str\u00e5lningsexponering, vilket g\u00f6r den till ett viktigt material f\u00f6r avancerade avk\u00e4nnings- och industriella \u00f6vervakningssystem.<\/p>\n<h3 data-section-id=\"v5a7mu\" data-start=\"1194\" data-end=\"1229\"><span role=\"text\"><strong data-start=\"1198\" data-end=\"1229\">Huvudpunkter i k\u00e4rnverksamheten<\/strong><\/span><\/h3>\n<p data-start=\"1231\" data-end=\"1371\"><strong data-start=\"1231\" data-end=\"1265\">Kapacitet f\u00f6r extrema temperaturer<\/strong><br data-start=\"1265\" data-end=\"1268\" \/>Bibeh\u00e5ller optisk och mekanisk stabilitet upp till 1400\u00b0C (kortvarig) och 1000\u00b0C (kontinuerlig drift).<\/p>\n<p data-start=\"1373\" data-end=\"1530\"><strong data-start=\"1373\" data-end=\"1413\">\u00d6verl\u00e4gsen b\u00f6jning och strukturell integritet<\/strong><br data-start=\"1413\" data-end=\"1416\" \/>Till skillnad fr\u00e5n kiselfibrer bibeh\u00e5ller safirfiber strukturell stabilitet under termisk expansion och mekanisk p\u00e5frestning.<\/p>\n<p data-start=\"1532\" data-end=\"1685\"><strong data-start=\"1532\" data-end=\"1570\">Optimering av infrar\u00f6d \u00f6verf\u00f6ring<\/strong><br data-start=\"1570\" data-end=\"1573\" \/>Brett v\u00e5gl\u00e4ngdsomr\u00e5de f\u00f6r drift (1300-2000 nm) st\u00f6der infrar\u00f6d avk\u00e4nning, spektroskopi och termisk diagnostik.<\/p>\n<p data-start=\"1687\" data-end=\"1830\"><strong data-start=\"1687\" data-end=\"1726\">L\u00e5g d\u00e4mpning under tuffa f\u00f6rh\u00e5llanden<\/strong><br data-start=\"1726\" data-end=\"1729\" \/>Typisk \u00f6verf\u00f6ringsf\u00f6rlust \u22642 dB\/m @1550 nm, vilket s\u00e4kerst\u00e4ller anv\u00e4ndbar signalintegritet i extrema milj\u00f6er.<\/p>\n<p data-start=\"1832\" data-end=\"1968\"><strong data-start=\"1832\" data-end=\"1858\">Flexibilitet i flera l\u00e4gen<\/strong><br data-start=\"1858\" data-end=\"1861\" \/>St\u00f6der single-mode-, few-mode- och multi-mode-konfigurationer f\u00f6r olika avk\u00e4nnings- och \u00f6verf\u00f6ringsbehov.<\/p>\n<p data-start=\"1970\" data-end=\"2095\"><strong data-start=\"1970\" data-end=\"1999\">Fullst\u00e4ndigt anpassningsbar design<\/strong><br data-start=\"1999\" data-end=\"2002\" \/>Justerbar k\u00e4rnstorlek, mantelns diameter, bel\u00e4ggningsmaterial, NA och brytningsindexprofil.<\/p>\n<h3 data-section-id=\"46hbre\" data-start=\"2102\" data-end=\"2130\"><span role=\"text\"><strong data-start=\"2106\" data-end=\"2130\">Tekniskt datablad<\/strong><\/span><\/h3>\n<h4 data-start=\"2132\" data-end=\"2159\"><span role=\"text\"><strong data-start=\"2137\" data-end=\"2159\">Optiska parametrar<\/strong><\/span><\/h4>\n<div class=\"TyagGW_tableContainer\">\n<div class=\"group TyagGW_tableWrapper flex flex-col-reverse w-fit\" tabindex=\"-1\">\n<table class=\"w-fit min-w-(--thread-content-width)\" data-start=\"2161\" data-end=\"2386\">\n<thead data-start=\"2161\" data-end=\"2190\">\n<tr data-start=\"2161\" data-end=\"2190\">\n<th class=\"\" data-start=\"2161\" data-end=\"2173\" data-col-size=\"sm\">Parameter<\/th>\n<th class=\"\" data-start=\"2173\" data-end=\"2190\" data-col-size=\"sm\">Specifikation<\/th>\n<\/tr>\n<\/thead>\n<tbody data-start=\"2218\" data-end=\"2386\">\n<tr data-start=\"2218\" data-end=\"2259\">\n<td data-start=\"2218\" data-end=\"2241\" data-col-size=\"sm\">Operativ v\u00e5gl\u00e4ngd<\/td>\n<td data-col-size=\"sm\" data-start=\"2241\" data-end=\"2259\">1300 - 2000 nm<\/td>\n<\/tr>\n<tr data-start=\"2260\" data-end=\"2301\">\n<td data-start=\"2260\" data-end=\"2280\" data-col-size=\"sm\">F\u00f6rlust i \u00f6verf\u00f6ring<\/td>\n<td data-col-size=\"sm\" data-start=\"2280\" data-end=\"2301\">\u2264 2 dB\/m @1550 nm<\/td>\n<\/tr>\n<tr data-start=\"2302\" data-end=\"2336\">\n<td data-start=\"2302\" data-end=\"2323\" data-col-size=\"sm\">Numerisk bl\u00e4ndare<\/td>\n<td data-col-size=\"sm\" data-start=\"2323\" data-end=\"2336\">0.3 - 0.5<\/td>\n<\/tr>\n<tr data-start=\"2337\" data-end=\"2386\">\n<td data-start=\"2337\" data-end=\"2357\" data-col-size=\"sm\">\u00d6verf\u00f6ringsl\u00e4ge<\/td>\n<td data-col-size=\"sm\" data-start=\"2357\" data-end=\"2386\">Enstaka \/ flera \/ multi-mode<\/td>\n<\/tr>\n<\/tbody>\n<\/table>\n<\/div>\n<\/div>\n<hr data-start=\"2388\" data-end=\"2391\" \/>\n<h4 data-start=\"2393\" data-end=\"2417\"><span role=\"text\"><strong data-start=\"2398\" data-end=\"2417\">Fiberstruktur<\/strong><\/span><\/h4>\n<div class=\"TyagGW_tableContainer\">\n<div class=\"group TyagGW_tableWrapper flex flex-col-reverse w-fit\" tabindex=\"-1\">\n<table class=\"w-fit min-w-(--thread-content-width)\" data-start=\"2419\" data-end=\"2602\">\n<thead data-start=\"2419\" data-end=\"2448\">\n<tr data-start=\"2419\" data-end=\"2448\">\n<th class=\"\" data-start=\"2419\" data-end=\"2431\" data-col-size=\"sm\">Parameter<\/th>\n<th class=\"\" data-start=\"2431\" data-end=\"2448\" data-col-size=\"sm\">Specifikation<\/th>\n<\/tr>\n<\/thead>\n<tbody data-start=\"2476\" data-end=\"2602\">\n<tr data-start=\"2476\" data-end=\"2513\">\n<td data-start=\"2476\" data-end=\"2492\" data-col-size=\"sm\">K\u00e4rnans diameter<\/td>\n<td data-col-size=\"sm\" data-start=\"2492\" data-end=\"2513\">5 - 20 \u03bcm (\u00b11 \u03bcm)<\/td>\n<\/tr>\n<tr data-start=\"2514\" data-end=\"2558\">\n<td data-start=\"2514\" data-end=\"2534\" data-col-size=\"sm\">Bekl\u00e4dnad Diameter<\/td>\n<td data-col-size=\"sm\" data-start=\"2534\" data-end=\"2558\">100 - 250 \u03bcm (\u00b11 \u03bcm)<\/td>\n<\/tr>\n<tr data-start=\"2559\" data-end=\"2602\">\n<td data-start=\"2559\" data-end=\"2578\" data-col-size=\"sm\">Bel\u00e4ggningsdiameter<\/td>\n<td data-col-size=\"sm\" data-start=\"2578\" data-end=\"2602\">200 - 350 \u03bcm (\u00b11 \u03bcm)<\/td>\n<\/tr>\n<\/tbody>\n<\/table>\n<\/div>\n<\/div>\n<h4 data-start=\"2609\" data-end=\"2649\"><span role=\"text\"><strong data-start=\"2614\" data-end=\"2649\">Prestanda i extrema milj\u00f6er<\/strong><\/span><\/h4>\n<div class=\"TyagGW_tableContainer\">\n<div class=\"group TyagGW_tableWrapper flex flex-col-reverse w-fit\" tabindex=\"-1\">\n<table class=\"w-fit min-w-(--thread-content-width)\" data-start=\"2651\" data-end=\"2834\">\n<thead data-start=\"2651\" data-end=\"2680\">\n<tr data-start=\"2651\" data-end=\"2680\">\n<th class=\"\" data-start=\"2651\" data-end=\"2663\" data-col-size=\"sm\">Parameter<\/th>\n<th class=\"\" data-start=\"2663\" data-end=\"2680\" data-col-size=\"sm\">Specifikation<\/th>\n<\/tr>\n<\/thead>\n<tbody data-start=\"2708\" data-end=\"2834\">\n<tr data-start=\"2708\" data-end=\"2745\">\n<td data-start=\"2708\" data-end=\"2733\" data-col-size=\"sm\">Temperatur p\u00e5 kort sikt<\/td>\n<td data-col-size=\"sm\" data-start=\"2733\" data-end=\"2745\">\u2264 1400\u00b0C<\/td>\n<\/tr>\n<tr data-start=\"2746\" data-end=\"2782\">\n<td data-start=\"2746\" data-end=\"2770\" data-col-size=\"sm\">Temperatur p\u00e5 l\u00e5ng sikt<\/td>\n<td data-col-size=\"sm\" data-start=\"2770\" data-end=\"2782\">\u2264 1000\u00b0C<\/td>\n<\/tr>\n<tr data-start=\"2783\" data-end=\"2834\">\n<td data-start=\"2783\" data-end=\"2813\" data-col-size=\"sm\">Modulering av brytningsindex<\/td>\n<td data-col-size=\"sm\" data-start=\"2813\" data-end=\"2834\">\u2264 0,015 (inst\u00e4llbar)<\/td>\n<\/tr>\n<\/tbody>\n<\/table>\n<\/div>\n<\/div>\n<h3 data-section-id=\"xsh55s\" data-start=\"2841\" data-end=\"2873\"><span role=\"text\"><strong data-start=\"2845\" data-end=\"2873\"><img decoding=\"async\" class=\"aligncenter wp-image-2671 size-full\" src=\"https:\/\/www.fuyao-quartz.com\/wp-content\/uploads\/2026\/04\/Sapphire-Derived-Fiber-SDF-High-Temperature-Sapphire-Optical-Fiber-for-Extreme-Environment-Sensing-Infrared-Transmission3.png\" alt=\"\" width=\"836\" height=\"314\" srcset=\"https:\/\/www.fuyao-quartz.com\/wp-content\/uploads\/2026\/04\/Sapphire-Derived-Fiber-SDF-High-Temperature-Sapphire-Optical-Fiber-for-Extreme-Environment-Sensing-Infrared-Transmission3.png 836w, https:\/\/www.fuyao-quartz.com\/wp-content\/uploads\/2026\/04\/Sapphire-Derived-Fiber-SDF-High-Temperature-Sapphire-Optical-Fiber-for-Extreme-Environment-Sensing-Infrared-Transmission3-300x113.png 300w, https:\/\/www.fuyao-quartz.com\/wp-content\/uploads\/2026\/04\/Sapphire-Derived-Fiber-SDF-High-Temperature-Sapphire-Optical-Fiber-for-Extreme-Environment-Sensing-Infrared-Transmission3-768x288.png 768w, https:\/\/www.fuyao-quartz.com\/wp-content\/uploads\/2026\/04\/Sapphire-Derived-Fiber-SDF-High-Temperature-Sapphire-Optical-Fiber-for-Extreme-Environment-Sensing-Infrared-Transmission3-18x7.png 18w, https:\/\/www.fuyao-quartz.com\/wp-content\/uploads\/2026\/04\/Sapphire-Derived-Fiber-SDF-High-Temperature-Sapphire-Optical-Fiber-for-Extreme-Environment-Sensing-Infrared-Transmission3-600x225.png 600w\" sizes=\"(max-width: 836px) 100vw, 836px\" \/>Tillverkningsteknik<\/strong><\/span><\/h3>\n<p data-start=\"2875\" data-end=\"2972\">SDF-fiber produceras genom precisionskontrollerad kristalltillv\u00e4xt och fiberformningsteknik:<\/p>\n<ul data-start=\"2974\" data-end=\"3088\">\n<li data-section-id=\"qy4vzv\" data-start=\"2974\" data-end=\"3009\">Tillverkningsprocess f\u00f6r st\u00e5ng-i-r\u00f6r<\/li>\n<li data-section-id=\"1pxemqt\" data-start=\"3010\" data-end=\"3049\">Laseruppv\u00e4rmd piedestal f\u00f6r tillv\u00e4xt (LHPG)<\/li>\n<li data-section-id=\"lpmdtj\" data-start=\"3050\" data-end=\"3088\">Kantdefinierad filmad tillv\u00e4xt (EFG)<\/li>\n<\/ul>\n<p data-start=\"3090\" data-end=\"3120\">Dessa avancerade metoder s\u00e4kerst\u00e4ller:<\/p>\n<ul data-start=\"3122\" data-end=\"3252\">\n<li data-section-id=\"126pemv\" data-start=\"3122\" data-end=\"3145\">H\u00f6g kristallrenhet<\/li>\n<li data-section-id=\"1p0rhwf\" data-start=\"3146\" data-end=\"3181\">Stabil profil f\u00f6r brytningsindex<\/li>\n<li data-section-id=\"1abdgdb\" data-start=\"3182\" data-end=\"3219\">Utm\u00e4rkt dimensionell konsistens<\/li>\n<li data-section-id=\"khp7r8\" data-start=\"3220\" data-end=\"3252\">Tillf\u00f6rlitlig optisk prestanda<\/li>\n<\/ul>\n<h3 data-section-id=\"15ubjhd\" data-start=\"3259\" data-end=\"3288\"><span role=\"text\"><strong data-start=\"3263\" data-end=\"3288\">Till\u00e4mpningsscenarier<\/strong><\/span><\/h3>\n<p><img decoding=\"async\" class=\"alignright wp-image-2674 size-medium\" src=\"https:\/\/www.fuyao-quartz.com\/wp-content\/uploads\/2026\/04\/High-Temperature-Resistant-Sapphire-Derived-Fiber-for-Harsh-Environment-Infrared-Sensing-300x300.jpg\" alt=\"H\u00f6gtemperaturbest\u00e4ndiga safirfiber f\u00f6r tuffa milj\u00f6er och infrar\u00f6d avk\u00e4nning\" width=\"300\" height=\"300\" srcset=\"https:\/\/www.fuyao-quartz.com\/wp-content\/uploads\/2026\/04\/High-Temperature-Resistant-Sapphire-Derived-Fiber-for-Harsh-Environment-Infrared-Sensing-300x300.jpg 300w, https:\/\/www.fuyao-quartz.com\/wp-content\/uploads\/2026\/04\/High-Temperature-Resistant-Sapphire-Derived-Fiber-for-Harsh-Environment-Infrared-Sensing-150x150.jpg 150w, https:\/\/www.fuyao-quartz.com\/wp-content\/uploads\/2026\/04\/High-Temperature-Resistant-Sapphire-Derived-Fiber-for-Harsh-Environment-Infrared-Sensing-768x768.jpg 768w, https:\/\/www.fuyao-quartz.com\/wp-content\/uploads\/2026\/04\/High-Temperature-Resistant-Sapphire-Derived-Fiber-for-Harsh-Environment-Infrared-Sensing-12x12.jpg 12w, https:\/\/www.fuyao-quartz.com\/wp-content\/uploads\/2026\/04\/High-Temperature-Resistant-Sapphire-Derived-Fiber-for-Harsh-Environment-Infrared-Sensing-600x600.jpg 600w, https:\/\/www.fuyao-quartz.com\/wp-content\/uploads\/2026\/04\/High-Temperature-Resistant-Sapphire-Derived-Fiber-for-Harsh-Environment-Infrared-Sensing-100x100.jpg 100w, https:\/\/www.fuyao-quartz.com\/wp-content\/uploads\/2026\/04\/High-Temperature-Resistant-Sapphire-Derived-Fiber-for-Harsh-Environment-Infrared-Sensing.jpg 1000w\" sizes=\"(max-width: 300px) 100vw, 300px\" \/><\/p>\n<p data-start=\"3290\" data-end=\"3427\"><strong data-start=\"3290\" data-end=\"3332\">Industriell \u00f6vervakning vid h\u00f6ga temperaturer<\/strong><br data-start=\"3332\" data-end=\"3335\" \/>Anv\u00e4nds i ugnar och metallbearbetningssystem f\u00f6r temperaturm\u00e4tning i realtid.<\/p>\n<p data-start=\"3429\" data-end=\"3561\"><strong data-start=\"3429\" data-end=\"3460\">Flyg- och rymdindustrin samt turbinsystem<\/strong><br data-start=\"3460\" data-end=\"3463\" \/>M\u00f6jligg\u00f6r avk\u00e4nning inuti jetmotorer och gasturbiner d\u00e4r temperaturerna \u00f6verstiger kiselfiberns gr\u00e4nsv\u00e4rden.<\/p>\n<p data-start=\"3563\" data-end=\"3665\"><strong data-start=\"3563\" data-end=\"3588\">Olje- och gasprospektering<\/strong><br data-start=\"3588\" data-end=\"3591\" \/>L\u00e4mplig f\u00f6r avk\u00e4nning i borrh\u00e5l med h\u00f6gt tryck och h\u00f6g temperatur.<\/p>\n<p data-start=\"3667\" data-end=\"3776\"><strong data-start=\"3667\" data-end=\"3703\">K\u00e4rnkrafts- och str\u00e5lningsmilj\u00f6er<\/strong><br data-start=\"3703\" data-end=\"3706\" \/>Uppr\u00e4tth\u00e5ller prestanda under str\u00e5lningsexponering och extrema f\u00f6rh\u00e5llanden.<\/p>\n<p data-start=\"3778\" data-end=\"3875\"><strong data-start=\"3778\" data-end=\"3806\">Infrar\u00f6da optiska system<\/strong><br data-start=\"3806\" data-end=\"3809\" \/>Anv\u00e4nds inom spektroskopi, termisk avbildning och optisk diagnostik.<\/p>\n<p data-start=\"3877\" data-end=\"3972\"><strong data-start=\"3877\" data-end=\"3908\">System f\u00f6r analys av f\u00f6rbr\u00e4nning<\/strong><br data-start=\"3908\" data-end=\"3911\" \/>Anv\u00e4nds f\u00f6r flam\u00f6vervakning och analys av f\u00f6rbr\u00e4nningseffektivitet.<\/p>\n<h3 data-section-id=\"38uvt\" data-start=\"3979\" data-end=\"4029\"><span role=\"text\"><strong data-start=\"3983\" data-end=\"4029\">J\u00e4mf\u00f6relse: Safirfiber vs kiselfiber<\/strong><\/span><\/h3>\n<div class=\"TyagGW_tableContainer\">\n<div class=\"group TyagGW_tableWrapper flex flex-col-reverse w-fit\" tabindex=\"-1\">\n<table class=\"w-fit min-w-(--thread-content-width)\" data-start=\"4031\" data-end=\"4393\">\n<thead data-start=\"4031\" data-end=\"4090\">\n<tr data-start=\"4031\" data-end=\"4090\">\n<th class=\"\" data-start=\"4031\" data-end=\"4041\" data-col-size=\"sm\">Funktion<\/th>\n<th class=\"\" data-start=\"4041\" data-end=\"4066\" data-col-size=\"sm\">Optisk fiber av safir<\/th>\n<th class=\"\" data-start=\"4066\" data-end=\"4090\" data-col-size=\"sm\">Optisk fiber av kiseldioxid<\/th>\n<\/tr>\n<\/thead>\n<tbody data-start=\"4147\" data-end=\"4393\">\n<tr data-start=\"4147\" data-end=\"4185\">\n<td data-start=\"4147\" data-end=\"4165\" data-col-size=\"sm\">Max temperatur<\/td>\n<td data-col-size=\"sm\" data-start=\"4165\" data-end=\"4174\">1400\u00b0C<\/td>\n<td data-col-size=\"sm\" data-start=\"4174\" data-end=\"4185\">~1000\u00b0C<\/td>\n<\/tr>\n<tr data-start=\"4186\" data-end=\"4235\">\n<td data-start=\"4186\" data-end=\"4208\" data-col-size=\"sm\">Mekanisk styrka<\/td>\n<td data-col-size=\"sm\" data-start=\"4208\" data-end=\"4225\">Extremt h\u00f6g<\/td>\n<td data-col-size=\"sm\" data-start=\"4225\" data-end=\"4235\">Medium<\/td>\n<\/tr>\n<tr data-start=\"4236\" data-end=\"4283\">\n<td data-start=\"4236\" data-end=\"4259\" data-col-size=\"sm\">Motst\u00e5ndskraft mot korrosion<\/td>\n<td data-col-size=\"sm\" data-start=\"4259\" data-end=\"4271\">Utm\u00e4rkt<\/td>\n<td data-col-size=\"sm\" data-start=\"4271\" data-end=\"4283\">M\u00e5ttlig<\/td>\n<\/tr>\n<tr data-start=\"4284\" data-end=\"4327\">\n<td data-start=\"4284\" data-end=\"4307\" data-col-size=\"sm\">Infrar\u00f6d prestanda<\/td>\n<td data-col-size=\"sm\" data-start=\"4307\" data-end=\"4316\">Stark<\/td>\n<td data-col-size=\"sm\" data-start=\"4316\" data-end=\"4327\">Begr\u00e4nsad<\/td>\n<\/tr>\n<tr data-start=\"4328\" data-end=\"4393\">\n<td data-start=\"4328\" data-end=\"4348\" data-col-size=\"sm\">Applikationsfokus<\/td>\n<td data-col-size=\"sm\" data-start=\"4348\" data-end=\"4369\">Tuffa milj\u00f6er<\/td>\n<td data-col-size=\"sm\" data-start=\"4369\" data-end=\"4393\">Telekom\u00f6verf\u00f6ring<\/td>\n<\/tr>\n<\/tbody>\n<\/table>\n<\/div>\n<\/div>\n<h3 data-section-id=\"1a8rgfb\" data-start=\"4400\" data-end=\"4445\"><span role=\"text\"><strong data-start=\"4404\" data-end=\"4445\">Varf\u00f6r v\u00e4lja v\u00e5r optiska fiber av safir<\/strong><\/span><\/h3>\n<ul data-start=\"4447\" data-end=\"4702\">\n<li data-section-id=\"ezgkz5\" data-start=\"4447\" data-end=\"4505\">Stabila leveranser f\u00f6r industri- och forskningsapplikationer<\/li>\n<li data-section-id=\"byeoj\" data-start=\"4506\" data-end=\"4556\">Strikt dimensionell och optisk kvalitetskontroll<\/li>\n<li data-section-id=\"tx2axg\" data-start=\"4557\" data-end=\"4610\">Anpassad produktionskapacitet f\u00f6r specialprojekt<\/li>\n<li data-section-id=\"11is8nf\" data-start=\"4611\" data-end=\"4660\">Teknisk support f\u00f6r integration av applikationer<\/li>\n<li data-section-id=\"dtiaw0\" data-start=\"4661\" data-end=\"4702\">L\u00e4mplig f\u00f6r OEM- och bulkupphandling<\/li>\n<\/ul>\n<h3 data-section-id=\"1l5drzk\" data-start=\"4709\" data-end=\"4720\"><span role=\"text\"><strong data-start=\"4713\" data-end=\"4720\">VANLIGA FR\u00c5GOR<\/strong><\/span><\/h3>\n<p data-start=\"4722\" data-end=\"4927\"><strong data-start=\"4722\" data-end=\"4788\">Vad skiljer optisk fiber av safir fr\u00e5n kiselfiber?<\/strong><br data-start=\"4788\" data-end=\"4791\" \/>Safirfiber \u00e4r konstruerad f\u00f6r extrema milj\u00f6er och erbjuder h\u00f6gre temperaturbest\u00e4ndighet och mekanisk h\u00e5llbarhet \u00e4n kiselfiber.<\/p>\n<p data-start=\"4929\" data-end=\"5060\"><strong data-start=\"4929\" data-end=\"4962\">Kan denna fiber anpassas?<\/strong><br data-start=\"4962\" data-end=\"4965\" \/>Ja, alla viktiga parametrar, inklusive diameter, NA, bel\u00e4ggning och transmissionsl\u00e4ge, kan skr\u00e4ddarsys.<\/p>\n<p data-start=\"5062\" data-end=\"5220\"><strong data-start=\"5062\" data-end=\"5104\">\u00c4r den l\u00e4mplig f\u00f6r telekommunikation?<\/strong><br data-start=\"5104\" data-end=\"5107\" \/>P\u00e5 grund av den h\u00f6gre d\u00e4mpningen anv\u00e4nds den fr\u00e4mst f\u00f6r avk\u00e4nning och i tuffa milj\u00f6er, snarare \u00e4n f\u00f6r telekommunikation \u00f6ver l\u00e5nga avst\u00e5nd.<\/p>\n<p data-start=\"5222\" data-end=\"5345\"><strong data-start=\"5222\" data-end=\"5266\">Vilka branscher anv\u00e4nder vanligtvis SDF-fiber?<\/strong><br data-start=\"5266\" data-end=\"5269\" \/>Flyg-, energi-, olje- och gas-, k\u00e4rnkrafts- och industritillverkningssektorerna.<\/p>","protected":false},"excerpt":{"rendered":"<p data-start=\"502\" data-end=\"696\">Sapphire Optical Fiber, \u00e4ven k\u00e4nd som Sapphire-Derived Fiber (SDF), \u00e4r en n\u00e4sta generations l\u00f6sning f\u00f6r optisk transmission vid h\u00f6ga temperaturer som tillverkas av enkristallin aluminiumoxid (Al\u2082O\u2083).<\/p>\n<p data-start=\"698\" data-end=\"939\">Med hj\u00e4lp av avancerad teknik f\u00f6r tillverkning av stavar i r\u00f6r kombinerar denna fiber safirens strukturella integritet med en flexibel optisk design, vilket m\u00f6jligg\u00f6r tillf\u00f6rlitlig signal\u00f6verf\u00f6ring i milj\u00f6er d\u00e4r konventionella kiselfibrer snabbt bryts ned.<\/p>\n<p data-start=\"698\" data-end=\"939\">SDF-fibern \u00e4r konstruerad f\u00f6r extrema driftsf\u00f6rh\u00e5llanden och ger stabila prestanda vid h\u00f6ga temperaturer, h\u00f6gt tryck, korrosiva medier och str\u00e5lningsexponering, vilket g\u00f6r den till ett viktigt material f\u00f6r avancerade avk\u00e4nnings- och industriella \u00f6vervakningssystem.<\/p>","protected":false},"featured_media":2675,"comment_status":"open","ping_status":"closed","template":"","meta":{"site-sidebar-layout":"default","site-content-layout":"","ast-site-content-layout":"default","site-content-style":"default","site-sidebar-style":"default","ast-global-header-display":"","ast-banner-title-visibility":"","ast-main-header-display":"","ast-hfb-above-header-display":"","ast-hfb-below-header-display":"","ast-hfb-mobile-header-display":"","site-post-title":"","ast-breadcrumbs-content":"","ast-featured-img":"","footer-sml-layout":"","ast-disable-related-posts":"","theme-transparent-header-meta":"default","adv-header-id-meta":"","stick-header-meta":"default","header-above-stick-meta":"","header-main-stick-meta":"","header-below-stick-meta":"","astra-migrate-meta-layouts":"set","ast-page-background-enabled":"default","ast-page-background-meta":{"desktop":{"background-color":"var(--ast-global-color-4)","background-image":"","background-repeat":"repeat","background-position":"center center","background-size":"auto","background-attachment":"scroll","background-type":"","background-media":"","overlay-type":"","overlay-color":"","overlay-opacity":"","overlay-gradient":""},"tablet":{"background-color":"","background-image":"","background-repeat":"repeat","background-position":"center center","background-size":"auto","background-attachment":"scroll","background-type":"","background-media":"","overlay-type":"","overlay-color":"","overlay-opacity":"","overlay-gradient":""},"mobile":{"background-color":"","background-image":"","background-repeat":"repeat","background-position":"center center","background-size":"auto","background-attachment":"scroll","background-type":"","background-media":"","overlay-type":"","overlay-color":"","overlay-opacity":"","overlay-gradient":""}},"ast-content-background-meta":{"desktop":{"background-color":"var(--ast-global-color-5)","background-image":"","background-repeat":"repeat","background-position":"center center","background-size":"auto","background-attachment":"scroll","background-type":"","background-media":"","overlay-type":"","overlay-color":"","overlay-opacity":"","overlay-gradient":""},"tablet":{"background-color":"var(--ast-global-color-5)","background-image":"","background-repeat":"repeat","background-position":"center center","background-size":"auto","background-attachment":"scroll","background-type":"","background-media":"","overlay-type":"","overlay-color":"","overlay-opacity":"","overlay-gradient":""},"mobile":{"background-color":"var(--ast-global-color-5)","background-image":"","background-repeat":"repeat","background-position":"center center","background-size":"auto","background-attachment":"scroll","background-type":"","background-media":"","overlay-type":"","overlay-color":"","overlay-opacity":"","overlay-gradient":""}}},"product_brand":[],"product_cat":[152],"product_tag":[801,800,798,802,799,796,795,797],"class_list":{"0":"post-2668","1":"product","2":"type-product","3":"status-publish","4":"has-post-thumbnail","6":"product_cat-sapphire","7":"product_tag-al2o3-optical-fiber","8":"product_tag-harsh-environment-fiber","9":"product_tag-high-temperature-fiber-optic","10":"product_tag-industrial-sensing-fiber","11":"product_tag-infrared-optical-fiber","12":"product_tag-sapphire-derived-fiber","13":"product_tag-sapphire-optical-fiber","14":"product_tag-sdf-fiber","15":"desktop-align-left","16":"tablet-align-left","17":"mobile-align-left","18":"ast-product-gallery-layout-horizontal","19":"ast-product-tabs-layout-horizontal","21":"first","22":"instock","23":"shipping-taxable","24":"product-type-simple"},"_links":{"self":[{"href":"https:\/\/www.fuyao-quartz.com\/sv\/wp-json\/wp\/v2\/product\/2668","targetHints":{"allow":["GET"]}}],"collection":[{"href":"https:\/\/www.fuyao-quartz.com\/sv\/wp-json\/wp\/v2\/product"}],"about":[{"href":"https:\/\/www.fuyao-quartz.com\/sv\/wp-json\/wp\/v2\/types\/product"}],"replies":[{"embeddable":true,"href":"https:\/\/www.fuyao-quartz.com\/sv\/wp-json\/wp\/v2\/comments?post=2668"}],"version-history":[{"count":5,"href":"https:\/\/www.fuyao-quartz.com\/sv\/wp-json\/wp\/v2\/product\/2668\/revisions"}],"predecessor-version":[{"id":2678,"href":"https:\/\/www.fuyao-quartz.com\/sv\/wp-json\/wp\/v2\/product\/2668\/revisions\/2678"}],"wp:featuredmedia":[{"embeddable":true,"href":"https:\/\/www.fuyao-quartz.com\/sv\/wp-json\/wp\/v2\/media\/2675"}],"wp:attachment":[{"href":"https:\/\/www.fuyao-quartz.com\/sv\/wp-json\/wp\/v2\/media?parent=2668"}],"wp:term":[{"taxonomy":"product_brand","embeddable":true,"href":"https:\/\/www.fuyao-quartz.com\/sv\/wp-json\/wp\/v2\/product_brand?post=2668"},{"taxonomy":"product_cat","embeddable":true,"href":"https:\/\/www.fuyao-quartz.com\/sv\/wp-json\/wp\/v2\/product_cat?post=2668"},{"taxonomy":"product_tag","embeddable":true,"href":"https:\/\/www.fuyao-quartz.com\/sv\/wp-json\/wp\/v2\/product_tag?post=2668"}],"curies":[{"name":"wp","href":"https:\/\/api.w.org\/{rel}","templated":true}]}}