{"id":2355,"date":"2026-03-12T03:25:04","date_gmt":"2026-03-12T03:25:04","guid":{"rendered":"https:\/\/www.fuyao-quartz.com\/?post_type=product&#038;p=2355"},"modified":"2026-03-12T03:25:05","modified_gmt":"2026-03-12T03:25:05","slug":"high-purity-quartz-rod-for-optical-semiconductor-high-temperature-applications","status":"publish","type":"product","link":"https:\/\/www.fuyao-quartz.com\/sv\/product\/high-purity-quartz-rod-for-optical-semiconductor-high-temperature-applications\/","title":{"rendered":"Kvartsstav med h\u00f6g renhet f\u00f6r optik, halvledare och h\u00f6gtemperaturtill\u00e4mpningar"},"content":{"rendered":"<p data-start=\"536\" data-end=\"814\"><img fetchpriority=\"high\" decoding=\"async\" class=\"size-medium wp-image-2360 alignright\" src=\"https:\/\/www.fuyao-quartz.com\/wp-content\/uploads\/2026\/03\/quartz-rod-1-300x300.jpg\" alt=\"kvartsstav med h\u00f6g renhet f\u00f6r optik, halvledare och h\u00f6gtemperaturtill\u00e4mpningar\" width=\"300\" height=\"300\" srcset=\"https:\/\/www.fuyao-quartz.com\/wp-content\/uploads\/2026\/03\/quartz-rod-1-300x300.jpg 300w, https:\/\/www.fuyao-quartz.com\/wp-content\/uploads\/2026\/03\/quartz-rod-1-150x150.jpg 150w, https:\/\/www.fuyao-quartz.com\/wp-content\/uploads\/2026\/03\/quartz-rod-1-600x600.jpg 600w, https:\/\/www.fuyao-quartz.com\/wp-content\/uploads\/2026\/03\/quartz-rod-1-100x100.jpg 100w, https:\/\/www.fuyao-quartz.com\/wp-content\/uploads\/2026\/03\/quartz-rod-1.jpg 680w\" sizes=\"(max-width: 300px) 100vw, 300px\" \/>FUYAO QUARTZ high-purity quartz rods are manufactured from premium fused silica materials using advanced melting and precision forming technology. The production process ensures excellent structural uniformity, minimal bubble content, and highly stable physical and chemical properties.<\/p>\n<p data-start=\"816\" data-end=\"1242\">Quartz rods are widely used as essential raw materials for machining high-precision quartz components, including semiconductor furnace parts, optical elements, laboratory instruments, and high-temperature industrial components. Because of their superior thermal stability, optical transparency, and chemical resistance, fused quartz rods are ideal for demanding environments where material purity and reliability are critical.<\/p>\n<p data-start=\"1244\" data-end=\"1451\">Through strict quality control during melting, annealing, and inspection processes, ZMSH ensures that every quartz rod maintains consistent quality and performance for high-precision industrial applications.<\/p>\n<h1 data-section-id=\"bxh3fv\" data-start=\"1458\" data-end=\"1484\"><strong data-start=\"1460\" data-end=\"1484\">Material Description<\/strong><\/h1>\n<p data-start=\"1486\" data-end=\"1751\">Quartz rods are produced from fused silica, an amorphous form of silicon dioxide (SiO\u2082). Unlike crystalline quartz minerals, fused quartz features a non-crystalline atomic structure that provides excellent optical transmission and superior thermal shock resistance.<\/p>\n<p data-start=\"1753\" data-end=\"2085\">The absence of grain boundaries allows quartz glass to maintain stable mechanical performance even under extreme temperature fluctuations. Additionally, fused quartz demonstrates excellent resistance to chemical corrosion, making it highly suitable for semiconductor processing systems, optical devices, and laboratory environments.<\/p>\n<p data-start=\"2087\" data-end=\"2253\">These characteristics make quartz rods an ideal material for producing precision quartz tubes, quartz windows, quartz wafers, and other specialized quartz components.<\/p>\n<h1 data-section-id=\"cv7dbg\" data-start=\"2260\" data-end=\"2287\"><strong data-start=\"2262\" data-end=\"2287\">Mechanical Properties<\/strong><\/h1>\n<div class=\"TyagGW_tableContainer\">\n<div class=\"group TyagGW_tableWrapper flex flex-col-reverse w-fit\" tabindex=\"-1\">\n<table class=\"w-fit min-w-(--thread-content-width)\" data-start=\"2289\" data-end=\"2556\">\n<thead data-start=\"2289\" data-end=\"2309\">\n<tr data-start=\"2289\" data-end=\"2309\">\n<th class=\"\" data-start=\"2289\" data-end=\"2300\" data-col-size=\"sm\">Fastighet<\/th>\n<th class=\"\" data-start=\"2300\" data-end=\"2309\" data-col-size=\"sm\">V\u00e4rde<\/th>\n<\/tr>\n<\/thead>\n<tbody data-start=\"2320\" data-end=\"2556\">\n<tr data-start=\"2320\" data-end=\"2343\">\n<td data-start=\"2320\" data-end=\"2330\" data-col-size=\"sm\">T\u00e4thet<\/td>\n<td data-col-size=\"sm\" data-start=\"2330\" data-end=\"2343\">2,2 g\/cm\u00b3<\/td>\n<\/tr>\n<tr data-start=\"2344\" data-end=\"2367\">\n<td data-start=\"2344\" data-end=\"2360\" data-col-size=\"sm\">Mohs h\u00e5rdhet<\/td>\n<td data-col-size=\"sm\" data-start=\"2360\" data-end=\"2367\">6\u20137<\/td>\n<\/tr>\n<tr data-start=\"2368\" data-end=\"2403\">\n<td data-start=\"2368\" data-end=\"2391\" data-col-size=\"sm\">Tryckh\u00e5llfasthet<\/td>\n<td data-col-size=\"sm\" data-start=\"2391\" data-end=\"2403\">1100 MPa<\/td>\n<\/tr>\n<tr data-start=\"2404\" data-end=\"2433\">\n<td data-start=\"2404\" data-end=\"2423\" data-col-size=\"sm\">Dragh\u00e5llfasthet<\/td>\n<td data-col-size=\"sm\" data-start=\"2423\" data-end=\"2433\">50 MPa<\/td>\n<\/tr>\n<tr data-start=\"2434\" data-end=\"2463\">\n<td data-start=\"2434\" data-end=\"2453\" data-col-size=\"sm\">B\u00f6jh\u00e5llfasthet<\/td>\n<td data-col-size=\"sm\" data-start=\"2453\" data-end=\"2463\">65 MPa<\/td>\n<\/tr>\n<tr data-start=\"2464\" data-end=\"2495\">\n<td data-start=\"2464\" data-end=\"2485\" data-col-size=\"sm\">Vridh\u00e5llfasthet<\/td>\n<td data-col-size=\"sm\" data-start=\"2485\" data-end=\"2495\">30 MPa<\/td>\n<\/tr>\n<tr data-start=\"2496\" data-end=\"2531\">\n<td data-start=\"2496\" data-end=\"2514\" data-col-size=\"sm\">Young's Modulus<\/td>\n<td data-col-size=\"sm\" data-start=\"2514\" data-end=\"2531\">7,5 \u00d7 10\u2074 MPa<\/td>\n<\/tr>\n<tr data-start=\"2532\" data-end=\"2556\">\n<td data-start=\"2532\" data-end=\"2548\" data-col-size=\"sm\">Poissonf\u00f6rh\u00e5llande<\/td>\n<td data-col-size=\"sm\" data-start=\"2548\" data-end=\"2556\">0.17<\/td>\n<\/tr>\n<\/tbody>\n<\/table>\n<\/div>\n<\/div>\n<h1 data-section-id=\"pnc6j0\" data-start=\"2563\" data-end=\"2587\"><strong data-start=\"2565\" data-end=\"2587\">Termiska egenskaper<\/strong><\/h1>\n<div class=\"TyagGW_tableContainer\">\n<div class=\"group TyagGW_tableWrapper flex flex-col-reverse w-fit\" tabindex=\"-1\">\n<table class=\"w-fit min-w-(--thread-content-width)\" data-start=\"2589\" data-end=\"2861\">\n<thead data-start=\"2589\" data-end=\"2609\">\n<tr data-start=\"2589\" data-end=\"2609\">\n<th class=\"\" data-start=\"2589\" data-end=\"2600\" data-col-size=\"sm\">Fastighet<\/th>\n<th class=\"\" data-start=\"2600\" data-end=\"2609\" data-col-size=\"sm\">V\u00e4rde<\/th>\n<\/tr>\n<\/thead>\n<tbody data-start=\"2620\" data-end=\"2861\">\n<tr data-start=\"2620\" data-end=\"2681\">\n<td data-start=\"2620\" data-end=\"2663\" data-col-size=\"sm\">Thermal Expansion Coefficient (20\u2013320\u00b0C)<\/td>\n<td data-col-size=\"sm\" data-start=\"2663\" data-end=\"2681\">5.5 \u00d7 10\u207b\u2077 K\u207b\u00b9<\/td>\n<\/tr>\n<tr data-start=\"2682\" data-end=\"2729\">\n<td data-start=\"2682\" data-end=\"2712\" data-col-size=\"sm\">Termisk konduktivitet (20\u00b0C)<\/td>\n<td data-col-size=\"sm\" data-start=\"2712\" data-end=\"2729\">1.4 W\u00b7m\u207b\u00b9\u00b7K\u207b\u00b9<\/td>\n<\/tr>\n<tr data-start=\"2730\" data-end=\"2771\">\n<td data-start=\"2730\" data-end=\"2753\" data-col-size=\"sm\">Specifik v\u00e4rme (20\u00b0C)<\/td>\n<td data-col-size=\"sm\" data-start=\"2753\" data-end=\"2771\">670 J\u00b7kg\u207b\u00b9\u00b7K\u207b\u00b9<\/td>\n<\/tr>\n<tr data-start=\"2772\" data-end=\"2800\">\n<td data-start=\"2772\" data-end=\"2790\" data-col-size=\"sm\">Mjukg\u00f6rande punkt<\/td>\n<td data-col-size=\"sm\" data-start=\"2790\" data-end=\"2800\">1630\u00b0C<\/td>\n<\/tr>\n<tr data-start=\"2801\" data-end=\"2835\">\n<td data-start=\"2801\" data-end=\"2825\" data-col-size=\"sm\">Annealing Temperature<\/td>\n<td data-col-size=\"sm\" data-start=\"2825\" data-end=\"2835\">1180\u00b0C<\/td>\n<\/tr>\n<tr data-start=\"2836\" data-end=\"2861\">\n<td data-start=\"2836\" data-end=\"2851\" data-col-size=\"sm\">T\u00f6jningspunkt<\/td>\n<td data-col-size=\"sm\" data-start=\"2851\" data-end=\"2861\">1080\u00b0C<\/td>\n<\/tr>\n<\/tbody>\n<\/table>\n<\/div>\n<\/div>\n<h1 data-section-id=\"1ezr71l\" data-start=\"2868\" data-end=\"2895\"><strong data-start=\"2870\" data-end=\"2895\">Elektriska egenskaper<\/strong><\/h1>\n<div class=\"TyagGW_tableContainer\">\n<div class=\"group TyagGW_tableWrapper flex flex-col-reverse w-fit\" tabindex=\"-1\">\n<table class=\"w-fit min-w-(--thread-content-width)\" data-start=\"2897\" data-end=\"3122\">\n<thead data-start=\"2897\" data-end=\"2917\">\n<tr data-start=\"2897\" data-end=\"2917\">\n<th class=\"\" data-start=\"2897\" data-end=\"2908\" data-col-size=\"sm\">Fastighet<\/th>\n<th class=\"\" data-start=\"2908\" data-end=\"2917\" data-col-size=\"sm\">V\u00e4rde<\/th>\n<\/tr>\n<\/thead>\n<tbody data-start=\"2928\" data-end=\"3122\">\n<tr data-start=\"2928\" data-end=\"2965\">\n<td data-start=\"2928\" data-end=\"2949\" data-col-size=\"sm\">Resistivity (20\u00b0C)<\/td>\n<td data-col-size=\"sm\" data-start=\"2949\" data-end=\"2965\">1 \u00d7 10\u00b2\u2070 \u03a9-m<\/td>\n<\/tr>\n<tr data-start=\"2966\" data-end=\"3004\">\n<td data-start=\"2966\" data-end=\"2989\" data-col-size=\"sm\">Resistivity (1000\u00b0C)<\/td>\n<td data-col-size=\"sm\" data-start=\"2989\" data-end=\"3004\">1 \u00d7 10\u2078 \u03a9-m<\/td>\n<\/tr>\n<tr data-start=\"3005\" data-end=\"3044\">\n<td data-start=\"3005\" data-end=\"3036\" data-col-size=\"sm\">Dielektrisk konstant (10 GHz)<\/td>\n<td data-col-size=\"sm\" data-start=\"3036\" data-end=\"3044\">3.74<\/td>\n<\/tr>\n<tr data-start=\"3045\" data-end=\"3080\">\n<td data-start=\"3045\" data-end=\"3070\" data-col-size=\"sm\">Dielectric Loss Factor<\/td>\n<td data-col-size=\"sm\" data-start=\"3070\" data-end=\"3080\">0.0002<\/td>\n<\/tr>\n<tr data-start=\"3081\" data-end=\"3122\">\n<td data-start=\"3081\" data-end=\"3103\" data-col-size=\"sm\">Dielektrisk styrka<\/td>\n<td data-col-size=\"sm\" data-start=\"3103\" data-end=\"3122\">3.7 \u00d7 10\u2077 V\u00b7m\u207b\u00b9<\/td>\n<\/tr>\n<\/tbody>\n<\/table>\n<\/div>\n<\/div>\n<h1 data-section-id=\"1rgubdr\" data-start=\"3129\" data-end=\"3153\"><strong data-start=\"3131\" data-end=\"3153\">Typical Dimensions<\/strong><\/h1>\n<div class=\"TyagGW_tableContainer\">\n<div class=\"group TyagGW_tableWrapper flex flex-col-reverse w-fit\" tabindex=\"-1\">\n<table class=\"w-fit min-w-(--thread-content-width)\" data-start=\"3155\" data-end=\"3354\">\n<thead data-start=\"3155\" data-end=\"3176\">\n<tr data-start=\"3155\" data-end=\"3176\">\n<th class=\"\" data-start=\"3155\" data-end=\"3167\" data-col-size=\"sm\">Parameter<\/th>\n<th class=\"\" data-start=\"3167\" data-end=\"3176\" data-col-size=\"sm\">Range<\/th>\n<\/tr>\n<\/thead>\n<tbody data-start=\"3187\" data-end=\"3354\">\n<tr data-start=\"3187\" data-end=\"3215\">\n<td data-start=\"3187\" data-end=\"3198\" data-col-size=\"sm\">Diameter<\/td>\n<td data-start=\"3198\" data-end=\"3215\" data-col-size=\"sm\">5 mm \u2013 200 mm<\/td>\n<\/tr>\n<tr data-start=\"3216\" data-end=\"3244\">\n<td data-start=\"3216\" data-end=\"3225\" data-col-size=\"sm\">Length<\/td>\n<td data-start=\"3225\" data-end=\"3244\" data-col-size=\"sm\">50 mm \u2013 1500 mm<\/td>\n<\/tr>\n<tr data-start=\"3245\" data-end=\"3283\">\n<td data-start=\"3245\" data-end=\"3262\" data-col-size=\"sm\">Ytfinish<\/td>\n<td data-start=\"3262\" data-end=\"3283\" data-col-size=\"sm\">Polished \/ Ground<\/td>\n<\/tr>\n<tr data-start=\"3284\" data-end=\"3317\">\n<td data-start=\"3284\" data-end=\"3305\" data-col-size=\"sm\">Diameter Tolerance<\/td>\n<td data-start=\"3305\" data-end=\"3317\" data-col-size=\"sm\">\u00b10.05 mm<\/td>\n<\/tr>\n<tr data-start=\"3318\" data-end=\"3354\">\n<td data-start=\"3318\" data-end=\"3333\" data-col-size=\"sm\">Straightness<\/td>\n<td data-start=\"3333\" data-end=\"3354\" data-col-size=\"sm\">\u22640.1 mm \/ 1000 mm<\/td>\n<\/tr>\n<\/tbody>\n<\/table>\n<\/div>\n<\/div>\n<p data-start=\"3356\" data-end=\"3452\">Custom sizes and machining services are available according to specific industrial requirements.<\/p>\n<h1 data-section-id=\"8av2ty\" data-start=\"3459\" data-end=\"3477\"><strong data-start=\"3461\" data-end=\"3477\">Viktiga funktioner<\/strong><\/h1>\n<p data-start=\"3479\" data-end=\"3508\"><strong data-start=\"3479\" data-end=\"3508\">High optical transparency<\/strong><\/p>\n<p data-start=\"3510\" data-end=\"3664\">Quartz rods provide excellent transmission across ultraviolet, visible, and infrared wavelengths, making them suitable for optical and laser applications.<\/p>\n<p data-start=\"3666\" data-end=\"3699\"><strong data-start=\"3666\" data-end=\"3699\"><img decoding=\"async\" class=\"size-medium wp-image-2357 alignleft\" src=\"https:\/\/www.fuyao-quartz.com\/wp-content\/uploads\/2026\/03\/quartz-rod2-300x300.jpg\" alt=\"kvartsstav med h\u00f6g renhet f\u00f6r optik, halvledare och h\u00f6gtemperaturtill\u00e4mpningar\" width=\"300\" height=\"300\" srcset=\"https:\/\/www.fuyao-quartz.com\/wp-content\/uploads\/2026\/03\/quartz-rod2-300x300.jpg 300w, https:\/\/www.fuyao-quartz.com\/wp-content\/uploads\/2026\/03\/quartz-rod2-150x150.jpg 150w, https:\/\/www.fuyao-quartz.com\/wp-content\/uploads\/2026\/03\/quartz-rod2-600x600.jpg 600w, https:\/\/www.fuyao-quartz.com\/wp-content\/uploads\/2026\/03\/quartz-rod2-100x100.jpg 100w, https:\/\/www.fuyao-quartz.com\/wp-content\/uploads\/2026\/03\/quartz-rod2.jpg 680w\" sizes=\"(max-width: 300px) 100vw, 300px\" \/>Outstanding thermal stability<\/strong><\/p>\n<p data-start=\"3701\" data-end=\"3837\">With a softening point of approximately 1630\u00b0C, quartz rods can operate in high-temperature environments without structural degradation.<\/p>\n<p data-start=\"3839\" data-end=\"3864\"><strong data-start=\"3839\" data-end=\"3864\">L\u00e5g termisk expansion<\/strong><\/p>\n<p data-start=\"3866\" data-end=\"3980\">The extremely low coefficient of thermal expansion ensures dimensional stability during rapid temperature changes.<\/p>\n<p data-start=\"3982\" data-end=\"4015\"><strong data-start=\"3982\" data-end=\"4015\">Excellent chemical resistance<\/strong><\/p>\n<p data-start=\"4017\" data-end=\"4151\">Quartz glass is resistant to most acids, chemicals, and corrosive gases commonly present in semiconductor and laboratory environments.<\/p>\n<p data-start=\"4153\" data-end=\"4181\"><strong data-start=\"4153\" data-end=\"4181\">High machining precision<\/strong><\/p>\n<p data-start=\"4183\" data-end=\"4309\">The uniform internal structure allows efficient machining into precision optical components and semiconductor equipment parts.<\/p>\n<h1 data-section-id=\"1p00fbj\" data-start=\"4316\" data-end=\"4334\"><strong data-start=\"4318\" data-end=\"4334\">Till\u00e4mpningar<img decoding=\"async\" class=\"size-medium wp-image-2358 alignright\" src=\"https:\/\/www.fuyao-quartz.com\/wp-content\/uploads\/2026\/03\/quartz-rod3-300x300.jpg\" alt=\"kvartsstav med h\u00f6g renhet f\u00f6r optik, halvledare och h\u00f6gtemperaturtill\u00e4mpningar\" width=\"300\" height=\"300\" srcset=\"https:\/\/www.fuyao-quartz.com\/wp-content\/uploads\/2026\/03\/quartz-rod3-300x300.jpg 300w, https:\/\/www.fuyao-quartz.com\/wp-content\/uploads\/2026\/03\/quartz-rod3-150x150.jpg 150w, https:\/\/www.fuyao-quartz.com\/wp-content\/uploads\/2026\/03\/quartz-rod3-600x600.jpg 600w, https:\/\/www.fuyao-quartz.com\/wp-content\/uploads\/2026\/03\/quartz-rod3-100x100.jpg 100w, https:\/\/www.fuyao-quartz.com\/wp-content\/uploads\/2026\/03\/quartz-rod3.jpg 750w\" sizes=\"(max-width: 300px) 100vw, 300px\" \/><\/strong><\/h1>\n<p data-start=\"4336\" data-end=\"4420\">Quartz rods are widely used in advanced industrial and scientific fields, including:<\/p>\n<p data-start=\"4422\" data-end=\"4687\">Semiconductor manufacturing equipment<br data-start=\"4459\" data-end=\"4462\" \/>Optical and laser components<br data-start=\"4490\" data-end=\"4493\" \/>Solar and photovoltaic production systems<br data-start=\"4534\" data-end=\"4537\" \/>Laboratory and analytical instruments<br data-start=\"4574\" data-end=\"4577\" \/>High-temperature furnace components<br data-start=\"4612\" data-end=\"4615\" \/>Quartz tube and quartz plate fabrication<br data-start=\"4655\" data-end=\"4658\" \/>Chemical processing equipment<\/p>\n<h1 data-section-id=\"1iusff4\" data-start=\"5028\" data-end=\"5037\"><strong data-start=\"5030\" data-end=\"5037\">VANLIGA FR\u00c5GOR<\/strong><\/h1>\n<h3 data-section-id=\"1yc35y5\" data-start=\"5039\" data-end=\"5099\"><strong data-start=\"5043\" data-end=\"5099\">1. What purity levels are available for quartz rods?<\/strong><\/h3>\n<p data-start=\"5101\" data-end=\"5343\">FUYAO quartz rods are produced from high-purity fused silica materials with extremely low metallic impurities and controlled hydroxyl content. Optical-grade and semiconductor-grade materials are available depending on application requirements.<\/p>\n<h3 data-section-id=\"1qmhtr2\" data-start=\"5350\" data-end=\"5399\"><strong data-start=\"5354\" data-end=\"5399\">2. Can quartz rods be customized in size?<\/strong><\/h3>\n<p data-start=\"5401\" data-end=\"5564\">Yes. Custom diameters, lengths, and surface finishes can be manufactured. FUYAO QUARTZ also provides machining services such as cutting, drilling, grinding, and polishing.<\/p>\n<h3 data-section-id=\"wd9n5t\" data-start=\"5571\" data-end=\"5646\"><strong data-start=\"5575\" data-end=\"5646\">3. Are quartz rods suitable for semiconductor processing equipment?<\/strong><\/h3>\n<p data-start=\"5648\" data-end=\"5861\">Yes. Due to their high purity, excellent thermal stability, and chemical resistance, quartz rods are widely used in semiconductor furnace components, wafer processing equipment, and other high-temperature systems.<\/p>\n<h3 data-section-id=\"1e9126h\" data-start=\"5868\" data-end=\"5936\"><strong data-start=\"5872\" data-end=\"5936\">4. What is the maximum operating temperature of quartz rods?<\/strong><\/h3>\n<p data-start=\"5938\" data-end=\"6099\">Quartz rods have a softening point around 1630\u00b0C and a strain point around 1080\u00b0C, allowing them to perform reliably in high-temperature industrial environments.<\/p>","protected":false},"excerpt":{"rendered":"<p>FUYAO QUARTZ high-purity quartz rods are manufactured from premium fused silica materials using advanced melting and precision forming technology. The production process ensures excellent structural uniformity, minimal bubble content, and highly stable physical and chemical properties.<\/p>","protected":false},"featured_media":2356,"comment_status":"open","ping_status":"closed","template":"","meta":{"site-sidebar-layout":"default","site-content-layout":"","ast-site-content-layout":"default","site-content-style":"default","site-sidebar-style":"default","ast-global-header-display":"","ast-banner-title-visibility":"","ast-main-header-display":"","ast-hfb-above-header-display":"","ast-hfb-below-header-display":"","ast-hfb-mobile-header-display":"","site-post-title":"","ast-breadcrumbs-content":"","ast-featured-img":"","footer-sml-layout":"","ast-disable-related-posts":"","theme-transparent-header-meta":"default","adv-header-id-meta":"","stick-header-meta":"default","header-above-stick-meta":"","header-main-stick-meta":"","header-below-stick-meta":"","astra-migrate-meta-layouts":"set","ast-page-background-enabled":"default","ast-page-background-meta":{"desktop":{"background-color":"var(--ast-global-color-4)","background-image":"","background-repeat":"repeat","background-position":"center center","background-size":"auto","background-attachment":"scroll","background-type":"","background-media":"","overlay-type":"","overlay-color":"","overlay-opacity":"","overlay-gradient":""},"tablet":{"background-color":"","background-image":"","background-repeat":"repeat","background-position":"center center","background-size":"auto","background-attachment":"scroll","background-type":"","background-media":"","overlay-type":"","overlay-color":"","overlay-opacity":"","overlay-gradient":""},"mobile":{"background-color":"","background-image":"","background-repeat":"repeat","background-position":"center center","background-size":"auto","background-attachment":"scroll","background-type":"","background-media":"","overlay-type":"","overlay-color":"","overlay-opacity":"","overlay-gradient":""}},"ast-content-background-meta":{"desktop":{"background-color":"var(--ast-global-color-5)","background-image":"","background-repeat":"repeat","background-position":"center center","background-size":"auto","background-attachment":"scroll","background-type":"","background-media":"","overlay-type":"","overlay-color":"","overlay-opacity":"","overlay-gradient":""},"tablet":{"background-color":"var(--ast-global-color-5)","background-image":"","background-repeat":"repeat","background-position":"center center","background-size":"auto","background-attachment":"scroll","background-type":"","background-media":"","overlay-type":"","overlay-color":"","overlay-opacity":"","overlay-gradient":""},"mobile":{"background-color":"var(--ast-global-color-5)","background-image":"","background-repeat":"repeat","background-position":"center center","background-size":"auto","background-attachment":"scroll","background-type":"","background-media":"","overlay-type":"","overlay-color":"","overlay-opacity":"","overlay-gradient":""}}},"product_brand":[],"product_cat":[148],"product_tag":[291,292,293,300,301,294,302,296,303,290,304,295,299,298,297],"class_list":{"0":"post-2355","1":"product","2":"type-product","3":"status-publish","4":"has-post-thumbnail","6":"product_cat-quartz-rod","7":"product_tag-fused-quartz-rod","8":"product_tag-fused-silica-rod","9":"product_tag-high-purity-quartz-rod","10":"product_tag-high-temperature-quartz-rod","11":"product_tag-industrial-quartz-rod","12":"product_tag-optical-quartz-rod","13":"product_tag-precision-quartz-rod","14":"product_tag-quartz-glass-rod","15":"product_tag-quartz-material-for-optics","16":"product_tag-quartz-rod","17":"product_tag-quartz-rod-for-laboratory-equipment","18":"product_tag-quartz-rod-for-semiconductor-equipment","19":"product_tag-quartz-rod-manufacturer","20":"product_tag-quartz-rod-supplier","21":"product_tag-semiconductor-grade-quartz-rod","22":"desktop-align-left","23":"tablet-align-left","24":"mobile-align-left","25":"ast-product-gallery-layout-horizontal","26":"ast-product-tabs-layout-horizontal","28":"first","29":"instock","30":"shipping-taxable","31":"product-type-simple"},"_links":{"self":[{"href":"https:\/\/www.fuyao-quartz.com\/sv\/wp-json\/wp\/v2\/product\/2355","targetHints":{"allow":["GET"]}}],"collection":[{"href":"https:\/\/www.fuyao-quartz.com\/sv\/wp-json\/wp\/v2\/product"}],"about":[{"href":"https:\/\/www.fuyao-quartz.com\/sv\/wp-json\/wp\/v2\/types\/product"}],"replies":[{"embeddable":true,"href":"https:\/\/www.fuyao-quartz.com\/sv\/wp-json\/wp\/v2\/comments?post=2355"}],"version-history":[{"count":1,"href":"https:\/\/www.fuyao-quartz.com\/sv\/wp-json\/wp\/v2\/product\/2355\/revisions"}],"predecessor-version":[{"id":2361,"href":"https:\/\/www.fuyao-quartz.com\/sv\/wp-json\/wp\/v2\/product\/2355\/revisions\/2361"}],"wp:featuredmedia":[{"embeddable":true,"href":"https:\/\/www.fuyao-quartz.com\/sv\/wp-json\/wp\/v2\/media\/2356"}],"wp:attachment":[{"href":"https:\/\/www.fuyao-quartz.com\/sv\/wp-json\/wp\/v2\/media?parent=2355"}],"wp:term":[{"taxonomy":"product_brand","embeddable":true,"href":"https:\/\/www.fuyao-quartz.com\/sv\/wp-json\/wp\/v2\/product_brand?post=2355"},{"taxonomy":"product_cat","embeddable":true,"href":"https:\/\/www.fuyao-quartz.com\/sv\/wp-json\/wp\/v2\/product_cat?post=2355"},{"taxonomy":"product_tag","embeddable":true,"href":"https:\/\/www.fuyao-quartz.com\/sv\/wp-json\/wp\/v2\/product_tag?post=2355"}],"curies":[{"name":"wp","href":"https:\/\/api.w.org\/{rel}","templated":true}]}}