{"id":2803,"date":"2026-04-28T08:51:02","date_gmt":"2026-04-28T08:51:02","guid":{"rendered":"https:\/\/www.fuyao-quartz.com\/?post_type=product&#038;p=2803"},"modified":"2026-04-28T08:51:06","modified_gmt":"2026-04-28T08:51:06","slug":"pigeon-blood-red-sapphire-watch-crystal-custom-synthetic-ruby-crystal-for-luxury-watches","status":"publish","type":"product","link":"https:\/\/www.fuyao-quartz.com\/pt\/product\/pigeon-blood-red-sapphire-watch-crystal-custom-synthetic-ruby-crystal-for-luxury-watches\/","title":{"rendered":"Cristal de safira vermelho sangue de pombo para rel\u00f3gios Cristal de rubi sint\u00e9tico personalizado para rel\u00f3gios de luxo"},"content":{"rendered":"<p data-start=\"144\" data-end=\"568\"><img fetchpriority=\"high\" decoding=\"async\" class=\"alignright wp-image-2807 size-medium\" src=\"https:\/\/www.fuyao-quartz.com\/wp-content\/uploads\/2026\/04\/Pigeon-Blood-Red-Sapphire-Watch-Crystal-Custom-Synthetic-Ruby-Crystal-for-Luxury-Watches-1-300x300.png\" alt=\"Cristal de safira vermelho sangue de pombo para rel\u00f3gios Cristal de rubi sint\u00e9tico personalizado para rel\u00f3gios de luxo\" width=\"300\" height=\"300\" srcset=\"https:\/\/www.fuyao-quartz.com\/wp-content\/uploads\/2026\/04\/Pigeon-Blood-Red-Sapphire-Watch-Crystal-Custom-Synthetic-Ruby-Crystal-for-Luxury-Watches-1-300x300.png 300w, https:\/\/www.fuyao-quartz.com\/wp-content\/uploads\/2026\/04\/Pigeon-Blood-Red-Sapphire-Watch-Crystal-Custom-Synthetic-Ruby-Crystal-for-Luxury-Watches-1-150x150.png 150w, https:\/\/www.fuyao-quartz.com\/wp-content\/uploads\/2026\/04\/Pigeon-Blood-Red-Sapphire-Watch-Crystal-Custom-Synthetic-Ruby-Crystal-for-Luxury-Watches-1-768x768.png 768w, https:\/\/www.fuyao-quartz.com\/wp-content\/uploads\/2026\/04\/Pigeon-Blood-Red-Sapphire-Watch-Crystal-Custom-Synthetic-Ruby-Crystal-for-Luxury-Watches-1-12x12.png 12w, https:\/\/www.fuyao-quartz.com\/wp-content\/uploads\/2026\/04\/Pigeon-Blood-Red-Sapphire-Watch-Crystal-Custom-Synthetic-Ruby-Crystal-for-Luxury-Watches-1-600x600.png 600w, https:\/\/www.fuyao-quartz.com\/wp-content\/uploads\/2026\/04\/Pigeon-Blood-Red-Sapphire-Watch-Crystal-Custom-Synthetic-Ruby-Crystal-for-Luxury-Watches-1-100x100.png 100w, https:\/\/www.fuyao-quartz.com\/wp-content\/uploads\/2026\/04\/Pigeon-Blood-Red-Sapphire-Watch-Crystal-Custom-Synthetic-Ruby-Crystal-for-Luxury-Watches-1.png 1000w\" sizes=\"(max-width: 300px) 100vw, 300px\" \/>O vidro de rel\u00f3gio Pigeon Blood Red Sapphire \u00e9 um componente \u00f3tico de qualidade superior fabricado a partir de rubi sint\u00e9tico de alta pureza (safira vermelha), uma variante do <span class=\"hover:entity-accent entity-underline inline cursor-pointer align-baseline\"><span class=\"whitespace-normal\">Safira (cristal \u00fanico de Al\u2082O\u2083)<\/span><\/span> dopado com cr\u00f3mio para obter a sua ic\u00f3nica cor vermelha profunda \u201csangue de pombo\u201d. Concebido para aplica\u00e7\u00f5es em rel\u00f3gios de luxo e de alta gama, este material combina uma resist\u00eancia mec\u00e2nica excecional, uma est\u00e9tica marcante e um desempenho \u00f3tico excecional.<\/p>\n<p data-start=\"570\" data-end=\"931\">Ao contr\u00e1rio dos cristais transparentes convencionais para rel\u00f3gios, os cristais de safira vermelho sangue de pombo oferecem uma identidade visual \u00fanica, melhorando a linguagem de design de rel\u00f3gios de luxo e personalizados. A rica tonalidade vermelha, combinada com o brilho e a durabilidade inerentes \u00e0 safira, torna-a a escolha ideal para marcas de rel\u00f3gios premium, edi\u00e7\u00f5es limitadas e projectos de relojoaria personalizados.<\/p>\n<hr data-start=\"933\" data-end=\"936\" \/>\n<h2 data-section-id=\"1hjwgp3\" data-start=\"938\" data-end=\"969\">Principais carater\u00edsticas e vantagens<\/h2>\n<h3 data-section-id=\"srp5rs\" data-start=\"971\" data-end=\"1015\">1. Est\u00e9tica \u00fanica de \u201csangue de pombo\u201d vermelho<\/h3>\n<p data-start=\"1016\" data-end=\"1270\">A colora\u00e7\u00e3o vermelha profunda \u00e9 obtida atrav\u00e9s do controlo preciso da dopagem de cr\u00f3mio durante o crescimento do cristal, resultando num tom uniforme e v\u00edvido associado a materiais de rubi de alta qualidade. Esta apar\u00eancia distinta eleva o design do rel\u00f3gio e a diferencia\u00e7\u00e3o da marca.<\/p>\n<h3 data-section-id=\"1pnjdhc\" data-start=\"1272\" data-end=\"1324\">2. Dureza e resist\u00eancia a riscos excepcionais<\/h3>\n<p data-start=\"1325\" data-end=\"1507\">Com uma dureza de Mohs de 9, os cristais de safira para rel\u00f3gios s\u00e3o altamente resistentes a riscos e \u00e0 abras\u00e3o, assegurando uma clareza e durabilidade a longo prazo, mesmo em utiliza\u00e7\u00e3o di\u00e1ria ou em ambientes agressivos.<\/p>\n<h3 data-section-id=\"vgool6\" data-start=\"1509\" data-end=\"1546\">3. Desempenho \u00f3tico superior<\/h3>\n<p data-start=\"1547\" data-end=\"1778\">Apesar da sua colora\u00e7\u00e3o, o cristal mant\u00e9m uma excelente transmiss\u00e3o de luz e uniformidade \u00f3tica. Pode ser projetado para n\u00edveis de transpar\u00eancia controlados, dependendo dos requisitos do projeto (semi-transparente, colorido ou decorativo).<\/p>\n<h3 data-section-id=\"1y5f5oz\" data-start=\"1780\" data-end=\"1824\">4. Elevada estabilidade t\u00e9rmica e qu\u00edmica<\/h3>\n<p data-start=\"1825\" data-end=\"2003\">O material permanece est\u00e1vel sob temperaturas extremas e \u00e9 resistente \u00e0 maioria dos \u00e1cidos, \u00e1lcalis e corros\u00e3o ambiental, garantindo fiabilidade em diversas condi\u00e7\u00f5es de funcionamento.<\/p>\n<h3 data-section-id=\"1vz732i\" data-start=\"2005\" data-end=\"2058\">5. Solu\u00e7\u00f5es totalmente personaliz\u00e1veis (principal vantagem)<\/h3>\n<p data-start=\"2059\" data-end=\"2147\">Este produto \u00e9 altamente personaliz\u00e1vel para satisfazer requisitos funcionais e de conce\u00e7\u00e3o espec\u00edficos:<\/p>\n<h2 style=\"font-style: normal;\" data-section-id=\"1hjwgp3\" data-start=\"938\" data-end=\"969\"><\/h2>\n<ul data-start=\"2148\" data-end=\"2424\">\n<li data-section-id=\"1kg88ut\" data-start=\"2148\" data-end=\"2192\">Forma: plana, curva, c\u00fapula, dupla curva\n<p style=\"font-size: 16px;\">\n<\/li>\n<li data-section-id=\"1xcbw6m\" data-start=\"2193\" data-end=\"2236\">Tamanho: di\u00e2metro, espessura, perfil do bordo<\/li>\n<li data-section-id=\"i4y7hd\" data-start=\"2237\" data-end=\"2292\">Intensidade da cor: vermelho claro a vermelho sangue de pombo profundo<\/li>\n<li data-section-id=\"1q0nu6x\" data-start=\"2293\" data-end=\"2370\">Acabamento da superf\u00edcie: polido, antirreflexo (AR), revestimentos anti-impress\u00e3o digital<\/li>\n<li data-section-id=\"cgvwyy\" data-start=\"2371\" data-end=\"2424\">Grava\u00e7\u00e3o: log\u00f3tipo, padr\u00f5es ou texturas decorativas<\/li>\n<\/ul>\n<hr data-start=\"2426\" data-end=\"2429\" \/>\n<h2 data-section-id=\"58xi60\" data-start=\"2431\" data-end=\"2460\">Especifica\u00e7\u00f5es t\u00e9cnicas<\/h2>\n<div class=\"TyagGW_tableContainer\">\n<div class=\"group TyagGW_tableWrapper flex flex-col-reverse w-fit\" tabindex=\"-1\">\n<table class=\"w-fit min-w-(--thread-content-width)\" data-start=\"2462\" data-end=\"3136\">\n<thead data-start=\"2462\" data-end=\"2491\">\n<tr data-start=\"2462\" data-end=\"2491\">\n<th class=\"\" data-start=\"2462\" data-end=\"2474\" data-col-size=\"sm\">Par\u00e2metro<\/th>\n<th class=\"\" data-start=\"2474\" data-end=\"2491\" data-col-size=\"md\">Especifica\u00e7\u00e3o<\/th>\n<\/tr>\n<\/thead>\n<tbody data-start=\"2521\" data-end=\"3136\">\n<tr data-start=\"2521\" data-end=\"2579\">\n<td data-start=\"2521\" data-end=\"2536\" data-col-size=\"sm\">Nome do produto<\/td>\n<td data-col-size=\"md\" data-start=\"2536\" data-end=\"2579\">Cristal de rel\u00f3gio de safira vermelho sangue de pombo<\/td>\n<\/tr>\n<tr data-start=\"2580\" data-end=\"2629\">\n<td data-start=\"2580\" data-end=\"2591\" data-col-size=\"sm\">Material<\/td>\n<td data-col-size=\"md\" data-start=\"2591\" data-end=\"2629\">Rubi sint\u00e9tico (safira dopada com Cr)<\/td>\n<\/tr>\n<tr data-start=\"2630\" data-end=\"2679\">\n<td data-start=\"2630\" data-end=\"2653\" data-col-size=\"sm\">Composi\u00e7\u00e3o qu\u00edmica<\/td>\n<td data-col-size=\"md\" data-start=\"2653\" data-end=\"2679\">Al\u2082O\u2083 (cristal \u00fanico)<\/td>\n<\/tr>\n<tr data-start=\"2680\" data-end=\"2701\">\n<td data-start=\"2680\" data-end=\"2691\" data-col-size=\"sm\">Dureza<\/td>\n<td data-col-size=\"md\" data-start=\"2691\" data-end=\"2701\">Mohs 9<\/td>\n<\/tr>\n<tr data-start=\"2702\" data-end=\"2726\">\n<td data-start=\"2702\" data-end=\"2712\" data-col-size=\"sm\">Densidade<\/td>\n<td data-col-size=\"md\" data-start=\"2712\" data-end=\"2726\">3,98 g\/cm\u00b3<\/td>\n<\/tr>\n<tr data-start=\"2727\" data-end=\"2776\">\n<td data-start=\"2727\" data-end=\"2746\" data-col-size=\"sm\">Propriedade \u00f3tica<\/td>\n<td data-col-size=\"md\" data-start=\"2746\" data-end=\"2776\">Colorido \/ Semi-transparente<\/td>\n<\/tr>\n<tr data-start=\"2777\" data-end=\"2837\">\n<td data-start=\"2777\" data-end=\"2798\" data-col-size=\"sm\">Gama de transmiss\u00e3o<\/td>\n<td data-col-size=\"md\" data-start=\"2798\" data-end=\"2837\">200 - 5000 nm (dependendo da dopagem)<\/td>\n<\/tr>\n<tr data-start=\"2838\" data-end=\"2883\">\n<td data-start=\"2838\" data-end=\"2850\" data-col-size=\"sm\">Espessura<\/td>\n<td data-col-size=\"md\" data-start=\"2850\" data-end=\"2883\">Personalizado (normalmente 0,5 - 3 mm)<\/td>\n<\/tr>\n<tr data-start=\"2884\" data-end=\"2939\">\n<td data-start=\"2884\" data-end=\"2895\" data-col-size=\"sm\">Di\u00e2metro<\/td>\n<td data-col-size=\"md\" data-start=\"2895\" data-end=\"2939\">Personalizado (por exemplo, 10 - 50 mm ou por desenho)<\/td>\n<\/tr>\n<tr data-start=\"2940\" data-end=\"2979\">\n<td data-start=\"2940\" data-end=\"2948\" data-col-size=\"sm\">Forma<\/td>\n<td data-col-size=\"md\" data-start=\"2948\" data-end=\"2979\">Plano \/ C\u00fapula \/ Curva dupla<\/td>\n<\/tr>\n<tr data-start=\"2980\" data-end=\"3027\">\n<td data-start=\"2980\" data-end=\"3000\" data-col-size=\"sm\">Rugosidade da superf\u00edcie<\/td>\n<td data-col-size=\"md\" data-start=\"3000\" data-end=\"3027\">Polimento de qualidade \u00f3tica<\/td>\n<\/tr>\n<tr data-start=\"3028\" data-end=\"3096\">\n<td data-start=\"3028\" data-end=\"3046\" data-col-size=\"sm\">Op\u00e7\u00f5es de revestimento<\/td>\n<td data-col-size=\"md\" data-start=\"3046\" data-end=\"3096\">Revestimento AR \/ Revestimento duro \/ Revestimento decorativo<\/td>\n<\/tr>\n<tr data-start=\"3097\" data-end=\"3136\">\n<td data-start=\"3097\" data-end=\"3119\" data-col-size=\"sm\">Temperatura de funcionamento<\/td>\n<td data-col-size=\"md\" data-start=\"3119\" data-end=\"3136\">At\u00e9 ~1000\u00b0C<\/td>\n<\/tr>\n<\/tbody>\n<\/table>\n<\/div>\n<\/div>\n<hr data-start=\"3138\" data-end=\"3141\" \/>\n<h2 data-section-id=\"ce0tqk\" data-start=\"3143\" data-end=\"3160\">Aplica\u00e7\u00f5es<\/h2>\n<ul data-start=\"3162\" data-end=\"3323\">\n<li data-section-id=\"1b00soz\" data-start=\"3162\" data-end=\"3191\">Rel\u00f3gios mec\u00e2nicos de luxo<\/li>\n<li data-section-id=\"d1i2gp\" data-start=\"3192\" data-end=\"3222\">Rel\u00f3gios personalizados<\/li>\n<li data-section-id=\"17l1ca8\" data-start=\"3223\" data-end=\"3261\">Rel\u00f3gios de edi\u00e7\u00e3o limitada ou de marca<\/li>\n<li data-section-id=\"vtqgrx\" data-start=\"3262\" data-end=\"3293\">Componentes decorativos para rel\u00f3gios<\/li>\n<li data-section-id=\"11966n8\" data-start=\"3294\" data-end=\"3323\">Dispositivos port\u00e1teis topo de gama<\/li>\n<\/ul>\n<p><img decoding=\"async\" class=\"alignnone wp-image-2809 size-large\" src=\"https:\/\/www.fuyao-quartz.com\/wp-content\/uploads\/2026\/04\/Pigeon-Blood-Red-Sapphire-Watch-Crystal-Custom-Synthetic-Ruby-Crystal-for-Luxury-Watches-5-1024x505.png\" alt=\"\" width=\"1024\" height=\"505\" srcset=\"https:\/\/www.fuyao-quartz.com\/wp-content\/uploads\/2026\/04\/Pigeon-Blood-Red-Sapphire-Watch-Crystal-Custom-Synthetic-Ruby-Crystal-for-Luxury-Watches-5-1024x505.png 1024w, https:\/\/www.fuyao-quartz.com\/wp-content\/uploads\/2026\/04\/Pigeon-Blood-Red-Sapphire-Watch-Crystal-Custom-Synthetic-Ruby-Crystal-for-Luxury-Watches-5-300x148.png 300w, https:\/\/www.fuyao-quartz.com\/wp-content\/uploads\/2026\/04\/Pigeon-Blood-Red-Sapphire-Watch-Crystal-Custom-Synthetic-Ruby-Crystal-for-Luxury-Watches-5-768x379.png 768w, https:\/\/www.fuyao-quartz.com\/wp-content\/uploads\/2026\/04\/Pigeon-Blood-Red-Sapphire-Watch-Crystal-Custom-Synthetic-Ruby-Crystal-for-Luxury-Watches-5-18x9.png 18w, https:\/\/www.fuyao-quartz.com\/wp-content\/uploads\/2026\/04\/Pigeon-Blood-Red-Sapphire-Watch-Crystal-Custom-Synthetic-Ruby-Crystal-for-Luxury-Watches-5-600x296.png 600w, https:\/\/www.fuyao-quartz.com\/wp-content\/uploads\/2026\/04\/Pigeon-Blood-Red-Sapphire-Watch-Crystal-Custom-Synthetic-Ruby-Crystal-for-Luxury-Watches-5.png 1536w\" sizes=\"(max-width: 1024px) 100vw, 1024px\" \/><\/p>\n<hr data-start=\"3325\" data-end=\"3328\" \/>\n<h2 data-section-id=\"myj2su\" data-start=\"3330\" data-end=\"3361\"><img decoding=\"async\" class=\"alignright wp-image-2806 size-medium\" src=\"https:\/\/www.fuyao-quartz.com\/wp-content\/uploads\/2026\/04\/Pigeon-Blood-Red-Sapphire-Watch-Crystal-Custom-Synthetic-Ruby-Crystal-for-Luxury-Watches-2-300x300.png\" alt=\"Cristal de safira vermelho sangue de pombo para rel\u00f3gios Cristal de rubi sint\u00e9tico personalizado para rel\u00f3gios de luxo\" width=\"300\" height=\"300\" srcset=\"https:\/\/www.fuyao-quartz.com\/wp-content\/uploads\/2026\/04\/Pigeon-Blood-Red-Sapphire-Watch-Crystal-Custom-Synthetic-Ruby-Crystal-for-Luxury-Watches-2-300x300.png 300w, https:\/\/www.fuyao-quartz.com\/wp-content\/uploads\/2026\/04\/Pigeon-Blood-Red-Sapphire-Watch-Crystal-Custom-Synthetic-Ruby-Crystal-for-Luxury-Watches-2-150x150.png 150w, https:\/\/www.fuyao-quartz.com\/wp-content\/uploads\/2026\/04\/Pigeon-Blood-Red-Sapphire-Watch-Crystal-Custom-Synthetic-Ruby-Crystal-for-Luxury-Watches-2-768x768.png 768w, https:\/\/www.fuyao-quartz.com\/wp-content\/uploads\/2026\/04\/Pigeon-Blood-Red-Sapphire-Watch-Crystal-Custom-Synthetic-Ruby-Crystal-for-Luxury-Watches-2-12x12.png 12w, https:\/\/www.fuyao-quartz.com\/wp-content\/uploads\/2026\/04\/Pigeon-Blood-Red-Sapphire-Watch-Crystal-Custom-Synthetic-Ruby-Crystal-for-Luxury-Watches-2-600x600.png 600w, https:\/\/www.fuyao-quartz.com\/wp-content\/uploads\/2026\/04\/Pigeon-Blood-Red-Sapphire-Watch-Crystal-Custom-Synthetic-Ruby-Crystal-for-Luxury-Watches-2-100x100.png 100w, https:\/\/www.fuyao-quartz.com\/wp-content\/uploads\/2026\/04\/Pigeon-Blood-Red-Sapphire-Watch-Crystal-Custom-Synthetic-Ruby-Crystal-for-Luxury-Watches-2.png 1000w\" sizes=\"(max-width: 300px) 100vw, 300px\" \/>Capacidades de personaliza\u00e7\u00e3o<\/h2>\n<p data-start=\"3363\" data-end=\"3656\">Somos especializados em <strong data-start=\"3380\" data-end=\"3424\">cristais de safira para rel\u00f3gios totalmente personalizados<\/strong>, A nossa equipa de engenheiros e t\u00e9cnicos de produ\u00e7\u00e3o oferece um fabrico de precis\u00e3o com base nos desenhos ou especifica\u00e7\u00f5es do cliente. Quer necessite de geometrias \u00fanicas, tonalidades de cor especiais ou revestimentos avan\u00e7ados, a nossa equipa de engenharia garante toler\u00e2ncias apertadas e uma qualidade consistente.<\/p>\n<p data-start=\"3658\" data-end=\"3683\">A personaliza\u00e7\u00e3o inclui:<\/p>\n<ul data-start=\"3684\" data-end=\"3918\">\n<li data-section-id=\"vu2mit\" data-start=\"3684\" data-end=\"3728\">Formas complexas (abobadadas, escalonadas, facetadas)<\/li>\n<li data-section-id=\"eidh82\" data-start=\"3729\" data-end=\"3784\">Controlo de microtoler\u00e2ncia para espessura e curvatura<\/li>\n<li data-section-id=\"t3uvay\" data-start=\"3785\" data-end=\"3832\">Classifica\u00e7\u00e3o de cor personalizada e controlo de uniformidade<\/li>\n<li data-section-id=\"1wj84wk\" data-start=\"3833\" data-end=\"3875\">Grava\u00e7\u00e3o de log\u00f3tipos e acabamentos decorativos<\/li>\n<li data-section-id=\"zge2hp\" data-start=\"3876\" data-end=\"3918\">Apoio \u00e0 produ\u00e7\u00e3o de pequenos lotes at\u00e9 \u00e0 produ\u00e7\u00e3o em massa<\/li>\n<\/ul>\n<hr data-start=\"3920\" data-end=\"3923\" \/>\n<h2 data-section-id=\"x9bttf\" data-start=\"4335\" data-end=\"4343\">FAQ<\/h2>\n<p data-start=\"4345\" data-end=\"4545\"><strong data-start=\"4345\" data-end=\"4419\">Q1: A intensidade da cor do cristal de safira vermelho pode ser personalizada?<\/strong><br data-start=\"4419\" data-end=\"4422\" \/>A1: Sim. A cor pode ser ajustada de vermelho-claro a vermelho-pombo profundo, controlando o processo de dopagem e a espessura.<\/p>\n<p data-start=\"4547\" data-end=\"4720\"><strong data-start=\"4547\" data-end=\"4614\">P2: O vidro \u00e9 t\u00e3o resistente como o vidro de safira normal de um rel\u00f3gio?<\/strong><br data-start=\"4614\" data-end=\"4617\" \/>A2: Sim. Mant\u00e9m a mesma dureza Mohs de 9 e oferece uma excelente resist\u00eancia aos riscos e durabilidade.<\/p>\n<p data-start=\"4722\" data-end=\"4942\" data-is-last-node=\"\" data-is-only-node=\"\"><strong data-start=\"4722\" data-end=\"4786\">Q3: Aceitam formas personalizadas e produ\u00e7\u00e3o de pequenos lotes?<\/strong><br data-start=\"4786\" data-end=\"4789\" \/>A3: Sem d\u00favida. Fornecemos servi\u00e7os completos de personaliza\u00e7\u00e3o, incluindo forma, tamanho, espessura, revestimentos, e podemos apoiar tanto a prototipagem como a produ\u00e7\u00e3o em massa.<\/p>","protected":false},"excerpt":{"rendered":"<p>O vidro de rel\u00f3gio Pigeon Blood Red Sapphire n\u00e3o \u00e9 apenas um componente de prote\u00e7\u00e3o, mas tamb\u00e9m uma afirma\u00e7\u00e3o de design. Ao combinar a lend\u00e1ria durabilidade da safira com a luxuosa apar\u00eancia do rubi, proporciona funcionalidade e valor est\u00e9tico. O seu elevado n\u00edvel de personaliza\u00e7\u00e3o torna-o numa solu\u00e7\u00e3o ideal para relojoeiros que procuram diferencia\u00e7\u00e3o, inova\u00e7\u00e3o e qualidade premium.<\/p>","protected":false},"featured_media":2804,"comment_status":"open","ping_status":"closed","template":"","meta":{"site-sidebar-layout":"default","site-content-layout":"","ast-site-content-layout":"default","site-content-style":"default","site-sidebar-style":"default","ast-global-header-display":"","ast-banner-title-visibility":"","ast-main-header-display":"","ast-hfb-above-header-display":"","ast-hfb-below-header-display":"","ast-hfb-mobile-header-display":"","site-post-title":"","ast-breadcrumbs-content":"","ast-featured-img":"","footer-sml-layout":"","ast-disable-related-posts":"","theme-transparent-header-meta":"default","adv-header-id-meta":"","stick-header-meta":"default","header-above-stick-meta":"","header-main-stick-meta":"","header-below-stick-meta":"","astra-migrate-meta-layouts":"set","ast-page-background-enabled":"default","ast-page-background-meta":{"desktop":{"background-color":"var(--ast-global-color-4)","background-image":"","background-repeat":"repeat","background-position":"center center","background-size":"auto","background-attachment":"scroll","background-type":"","background-media":"","overlay-type":"","overlay-color":"","overlay-opacity":"","overlay-gradient":""},"tablet":{"background-color":"","background-image":"","background-repeat":"repeat","background-position":"center center","background-size":"auto","background-attachment":"scroll","background-type":"","background-media":"","overlay-type":"","overlay-color":"","overlay-opacity":"","overlay-gradient":""},"mobile":{"background-color":"","background-image":"","background-repeat":"repeat","background-position":"center center","background-size":"auto","background-attachment":"scroll","background-type":"","background-media":"","overlay-type":"","overlay-color":"","overlay-opacity":"","overlay-gradient":""}},"ast-content-background-meta":{"desktop":{"background-color":"var(--ast-global-color-5)","background-image":"","background-repeat":"repeat","background-position":"center center","background-size":"auto","background-attachment":"scroll","background-type":"","background-media":"","overlay-type":"","overlay-color":"","overlay-opacity":"","overlay-gradient":""},"tablet":{"background-color":"var(--ast-global-color-5)","background-image":"","background-repeat":"repeat","background-position":"center center","background-size":"auto","background-attachment":"scroll","background-type":"","background-media":"","overlay-type":"","overlay-color":"","overlay-opacity":"","overlay-gradient":""},"mobile":{"background-color":"var(--ast-global-color-5)","background-image":"","background-repeat":"repeat","background-position":"center center","background-size":"auto","background-attachment":"scroll","background-type":"","background-media":"","overlay-type":"","overlay-color":"","overlay-opacity":"","overlay-gradient":""}}},"product_brand":[],"product_cat":[152],"product_tag":[996,1005,1004,994,1000,1006,998,1010,999,1008,1002,997,990,991,992,1009,993,1003,995,1001,1007],"class_list":{"0":"post-2803","1":"product","2":"type-product","3":"status-publish","4":"has-post-thumbnail","6":"product_cat-sapphire","7":"product_tag-al2o3-sapphire","8":"product_tag-anti-reflective-watch-crystal","9":"product_tag-ar-coating-sapphire","10":"product_tag-colored-sapphire-crystal","11":"product_tag-curved-watch-crystal","12":"product_tag-custom-sapphire-glass","13":"product_tag-custom-watch-crystal","14":"product_tag-decorative-sapphire-crystal","15":"product_tag-domed-sapphire-crystal","16":"product_tag-high-end-watch-components","17":"product_tag-high-hardness-crystal","18":"product_tag-luxury-watch-glass","19":"product_tag-pigeon-blood-red-sapphire","20":"product_tag-red-sapphire-watch-crystal","21":"product_tag-ruby-watch-crystal","22":"product_tag-sapphire-optics","23":"product_tag-sapphire-watch-crystal","24":"product_tag-scratch-resistant-watch-glass","25":"product_tag-synthetic-ruby-crystal","26":"product_tag-tinted-sapphire-glass","27":"product_tag-watch-crystal-manufacturer","28":"desktop-align-left","29":"tablet-align-left","30":"mobile-align-left","31":"ast-product-gallery-layout-horizontal","32":"ast-product-tabs-layout-horizontal","34":"first","35":"instock","36":"shipping-taxable","37":"product-type-simple"},"_links":{"self":[{"href":"https:\/\/www.fuyao-quartz.com\/pt\/wp-json\/wp\/v2\/product\/2803","targetHints":{"allow":["GET"]}}],"collection":[{"href":"https:\/\/www.fuyao-quartz.com\/pt\/wp-json\/wp\/v2\/product"}],"about":[{"href":"https:\/\/www.fuyao-quartz.com\/pt\/wp-json\/wp\/v2\/types\/product"}],"replies":[{"embeddable":true,"href":"https:\/\/www.fuyao-quartz.com\/pt\/wp-json\/wp\/v2\/comments?post=2803"}],"version-history":[{"count":1,"href":"https:\/\/www.fuyao-quartz.com\/pt\/wp-json\/wp\/v2\/product\/2803\/revisions"}],"predecessor-version":[{"id":2810,"href":"https:\/\/www.fuyao-quartz.com\/pt\/wp-json\/wp\/v2\/product\/2803\/revisions\/2810"}],"wp:featuredmedia":[{"embeddable":true,"href":"https:\/\/www.fuyao-quartz.com\/pt\/wp-json\/wp\/v2\/media\/2804"}],"wp:attachment":[{"href":"https:\/\/www.fuyao-quartz.com\/pt\/wp-json\/wp\/v2\/media?parent=2803"}],"wp:term":[{"taxonomy":"product_brand","embeddable":true,"href":"https:\/\/www.fuyao-quartz.com\/pt\/wp-json\/wp\/v2\/product_brand?post=2803"},{"taxonomy":"product_cat","embeddable":true,"href":"https:\/\/www.fuyao-quartz.com\/pt\/wp-json\/wp\/v2\/product_cat?post=2803"},{"taxonomy":"product_tag","embeddable":true,"href":"https:\/\/www.fuyao-quartz.com\/pt\/wp-json\/wp\/v2\/product_tag?post=2803"}],"curies":[{"name":"wp","href":"https:\/\/api.w.org\/{rel}","templated":true}]}}