{"id":2793,"date":"2026-04-28T07:20:30","date_gmt":"2026-04-28T07:20:30","guid":{"rendered":"https:\/\/www.fuyao-quartz.com\/?post_type=product&#038;p=2793"},"modified":"2026-04-28T07:20:33","modified_gmt":"2026-04-28T07:20:33","slug":"sapphire-tubes-high-purity-single-crystal-al%e2%82%82o%e2%82%83-for-high-temperature-and-optical-use","status":"publish","type":"product","link":"https:\/\/www.fuyao-quartz.com\/pt\/product\/sapphire-tubes-high-purity-single-crystal-al%e2%82%82o%e2%82%83-for-high-temperature-and-optical-use\/","title":{"rendered":"Tubos de safira Al\u2082O\u2083 monocristalino de alta pureza para utiliza\u00e7\u00e3o \u00f3tica e a altas temperaturas"},"content":{"rendered":"<p data-start=\"171\" data-end=\"579\"><img fetchpriority=\"high\" decoding=\"async\" class=\"wp-image-2798 alignright\" src=\"https:\/\/www.fuyao-quartz.com\/wp-content\/uploads\/2026\/04\/Sapphire-Tubes-High-Purity-Single-Crystal-Al\u2082O\u2083-for-High-Temperature-and-Optical-Use-2-1-300x300.png\" alt=\"\" width=\"279\" height=\"279\" srcset=\"\" sizes=\"(max-width: 279px) 100vw, 279px\" data-srcset=\"\" \/>Os tubos de safira s\u00e3o componentes tubulares avan\u00e7ados fabricados a partir de \u00f3xido de alum\u00ednio monocristalino de elevada pureza (<span class=\"hover:entity-accent entity-underline inline cursor-pointer align-baseline\"><span class=\"whitespace-normal\">Safira (cristal \u00fanico de Al\u2082O\u2083)<\/span><\/span>). Combinando uma resist\u00eancia mec\u00e2nica excecional, uma resist\u00eancia t\u00e9rmica extrema e uma grande transpar\u00eancia \u00f3tica, os tubos de safira s\u00e3o amplamente utilizados em ambientes exigentes onde os materiais convencionais como o quartzo, o vidro ou a alumina n\u00e3o conseguem satisfazer os requisitos de desempenho.<\/p>\n<p data-start=\"581\" data-end=\"900\">Devido \u00e0 sua estrutura cristalina \u00fanica, os tubos de safira oferecem uma durabilidade superior, in\u00e9rcia qu\u00edmica e estabilidade dimensional, mesmo em condi\u00e7\u00f5es de funcionamento dif\u00edceis. Estas propriedades fazem deles um material essencial no processamento de semicondutores, fornos de alta temperatura, sistemas \u00f3pticos e instrumenta\u00e7\u00e3o anal\u00edtica.<\/p>\n<hr data-start=\"902\" data-end=\"905\" \/>\n<h2 data-section-id=\"1yz4sp2\" data-start=\"907\" data-end=\"927\">Vantagens principais<\/h2>\n<h3 data-section-id=\"y8ctbf\" data-start=\"929\" data-end=\"968\"><img decoding=\"async\" class=\"wp-image-2799 alignright\" src=\"https:\/\/www.fuyao-quartz.com\/wp-content\/uploads\/2026\/04\/Sapphire-Tubes-High-Purity-Single-Crystal-Al\u2082O\u2083-for-High-Temperature-and-Optical-Use-1-1-300x300.png\" alt=\"\" width=\"268\" height=\"268\" srcset=\"\" sizes=\"(max-width: 268px) 100vw, 268px\" data-srcset=\"\" \/>1. Resist\u00eancia t\u00e9rmica excecional<\/h3>\n<p data-start=\"969\" data-end=\"1304\">A safira tem um ponto de fus\u00e3o de aproximadamente 2050\u00b0C e mant\u00e9m uma excelente estabilidade estrutural sob temperaturas extremas. Os tubos de safira podem funcionar continuamente em ambientes de alta temperatura (at\u00e9 ~2000\u00b0C em v\u00e1cuo ou atmosferas inertes), tornando-os ideais para sistemas de fornos, processamento t\u00e9rmico e aplica\u00e7\u00f5es de alta energia.<\/p>\n<h3 data-section-id=\"10kmn1a\" data-start=\"1306\" data-end=\"1356\">2. Resist\u00eancia mec\u00e2nica e dureza superiores<\/h3>\n<p data-start=\"1357\" data-end=\"1641\">Com uma dureza Mohs de 9, a safira \u00e9 um dos materiais de engenharia mais duros dispon\u00edveis. Os tubos de safira apresentam uma excelente resist\u00eancia ao desgaste, resist\u00eancia a riscos e uma longa vida \u00fatil, superando significativamente as alternativas de quartzo e cer\u00e2mica em ambientes abrasivos ou de carga elevada.<\/p>\n<h3 data-section-id=\"1ghoehn\" data-start=\"1643\" data-end=\"1678\">3. Transmiss\u00e3o \u00f3tica alargada<\/h3>\n<p data-start=\"1679\" data-end=\"1948\">Os tubos de safira proporcionam uma excelente transmiss\u00e3o \u00f3tica numa vasta gama espetral, desde o ultravioleta (UV) at\u00e9 ao infravermelho (IV) (aproximadamente 200-5000 nm). Isto torna-os adequados para tubos de prote\u00e7\u00e3o \u00f3tica, sistemas laser, inv\u00f3lucros de l\u00e2mpadas e aplica\u00e7\u00f5es espectrosc\u00f3picas.<\/p>\n<h3 data-section-id=\"1yihbeh\" data-start=\"1950\" data-end=\"1987\">4. Excelente estabilidade qu\u00edmica<\/h3>\n<p data-start=\"1988\" data-end=\"2201\">A safira \u00e9 altamente resistente a \u00e1cidos, \u00e1lcalis e gases corrosivos. Mant\u00e9m-se est\u00e1vel em ambientes qu\u00edmicos e de plasma agressivos, o que a torna adequada para sistemas de processamento de semicondutores e de an\u00e1lise qu\u00edmica.<\/p>\n<h3 data-section-id=\"ewkvkd\" data-start=\"2203\" data-end=\"2238\">5. Elevado isolamento el\u00e9trico<\/h3>\n<p data-start=\"2239\" data-end=\"2402\">Como material diel\u00e9trico, a safira oferece excelentes propriedades de isolamento el\u00e9trico, tornando-a ideal para utiliza\u00e7\u00e3o em sistemas electr\u00f3nicos de alta tens\u00e3o ou alta frequ\u00eancia.<\/p>\n<hr data-start=\"2404\" data-end=\"2407\" \/>\n<h2 data-section-id=\"58xi60\" data-start=\"2409\" data-end=\"2438\">Especifica\u00e7\u00f5es t\u00e9cnicas<\/h2>\n<div class=\"TyagGW_tableContainer\">\n<div class=\"group TyagGW_tableWrapper flex flex-col-reverse w-fit\" tabindex=\"-1\">\n<table class=\"w-fit min-w-(--thread-content-width)\" data-start=\"2440\" data-end=\"2790\">\n<thead data-start=\"2440\" data-end=\"2469\">\n<tr data-start=\"2440\" data-end=\"2469\">\n<th class=\"\" data-start=\"2440\" data-end=\"2452\" data-col-size=\"sm\">Par\u00e2metro<\/th>\n<th class=\"\" data-start=\"2452\" data-end=\"2469\" data-col-size=\"sm\">Especifica\u00e7\u00e3o<\/th>\n<\/tr>\n<\/thead>\n<tbody data-start=\"2499\" data-end=\"2790\">\n<tr data-start=\"2499\" data-end=\"2545\">\n<td data-start=\"2499\" data-end=\"2510\" data-col-size=\"sm\">Material<\/td>\n<td data-col-size=\"sm\" data-start=\"2510\" data-end=\"2545\">Al\u2082O\u2083 monocristalino (safira)<\/td>\n<\/tr>\n<tr data-start=\"2546\" data-end=\"2567\">\n<td data-start=\"2546\" data-end=\"2555\" data-col-size=\"sm\">Pureza<\/td>\n<td data-col-size=\"sm\" data-start=\"2555\" data-end=\"2567\">\u2265 99,99%<\/td>\n<\/tr>\n<tr data-start=\"2568\" data-end=\"2604\">\n<td data-start=\"2568\" data-end=\"2585\" data-col-size=\"sm\">Di\u00e2metro exterior<\/td>\n<td data-col-size=\"sm\" data-start=\"2585\" data-end=\"2604\">0,5 mm - 200 mm<\/td>\n<\/tr>\n<tr data-start=\"2605\" data-end=\"2641\">\n<td data-start=\"2605\" data-end=\"2622\" data-col-size=\"sm\">Di\u00e2metro interno<\/td>\n<td data-col-size=\"sm\" data-start=\"2622\" data-end=\"2641\">0,2 mm - 180 mm<\/td>\n<\/tr>\n<tr data-start=\"2642\" data-end=\"2668\">\n<td data-start=\"2642\" data-end=\"2651\" data-col-size=\"sm\">Comprimento<\/td>\n<td data-col-size=\"sm\" data-start=\"2651\" data-end=\"2668\">At\u00e9 1200 mm<\/td>\n<\/tr>\n<tr data-start=\"2669\" data-end=\"2709\">\n<td data-start=\"2669\" data-end=\"2692\" data-col-size=\"sm\">Transmiss\u00e3o \u00f3tica<\/td>\n<td data-col-size=\"sm\" data-start=\"2692\" data-end=\"2709\">200 - 5000 nm<\/td>\n<\/tr>\n<tr data-start=\"2710\" data-end=\"2768\">\n<td data-start=\"2710\" data-end=\"2732\" data-col-size=\"sm\">Temperatura de funcionamento<\/td>\n<td data-col-size=\"sm\" data-start=\"2732\" data-end=\"2768\">At\u00e9 ~2000\u00b0C (v\u00e1cuo\/g\u00e1s inerte)<\/td>\n<\/tr>\n<tr data-start=\"2769\" data-end=\"2790\">\n<td data-start=\"2769\" data-end=\"2780\" data-col-size=\"sm\">Dureza<\/td>\n<td data-col-size=\"sm\" data-start=\"2780\" data-end=\"2790\">Mohs 9<\/td>\n<\/tr>\n<\/tbody>\n<\/table>\n<\/div>\n<\/div>\n<hr data-start=\"2792\" data-end=\"2795\" \/>\n<h2 data-section-id=\"1svz4ra\" data-start=\"2797\" data-end=\"2822\">Aplica\u00e7\u00f5es t\u00edpicas<\/h2>\n<h3 data-section-id=\"127s61j\" data-start=\"2824\" data-end=\"2852\">Ind\u00fastria de semicondutores<\/h3>\n<p data-start=\"2853\" data-end=\"2999\">Utilizados como tubos de processo, mangas de prote\u00e7\u00e3o, componentes de manuseamento de bolachas e pe\u00e7as isolantes em equipamento de processamento de epitaxia, difus\u00e3o e plasma.<\/p>\n<h3 data-section-id=\"bf6m2f\" data-start=\"3001\" data-end=\"3039\">Sistemas de fornos de alta temperatura<\/h3>\n<p data-start=\"3040\" data-end=\"3160\">Amplamente utilizados como tubos de prote\u00e7\u00e3o de termopares, tubos de observa\u00e7\u00e3o e componentes estruturais em ambientes de calor extremo.<\/p>\n<h3 data-section-id=\"17dgta\" data-start=\"3162\" data-end=\"3193\">Sistemas \u00f3pticos e laser<\/h3>\n<p data-start=\"3194\" data-end=\"3311\">Aplicado em tubos de prote\u00e7\u00e3o de laser, vias de transmiss\u00e3o \u00f3tica, envelopes de l\u00e2mpadas e conjuntos \u00f3pticos de alta precis\u00e3o.<\/p>\n<h3 data-section-id=\"1qa6ips\" data-start=\"3313\" data-end=\"3356\">Instrumentos anal\u00edticos e cient\u00edficos<\/h3>\n<p data-start=\"3357\" data-end=\"3483\">Utilizado em sistemas de espetroscopia, c\u00e2maras de an\u00e1lise qu\u00edmica e equipamento de laborat\u00f3rio que exija transpar\u00eancia e durabilidade.<\/p>\n<h3 data-section-id=\"aw8mwu\" data-start=\"3485\" data-end=\"3528\">Aplica\u00e7\u00f5es industriais e aeroespaciais<\/h3>\n<p data-start=\"3529\" data-end=\"3633\">Adequado para ambientes agressivos com temperaturas elevadas, tens\u00f5es mec\u00e2nicas e condi\u00e7\u00f5es corrosivas.<\/p>\n<hr data-start=\"3635\" data-end=\"3638\" \/>\n<h2 data-section-id=\"f4a4hh\" data-start=\"3640\" data-end=\"3687\">Tubos KY vs EFG Sapphire (Principais diferen\u00e7as)<\/h2>\n<p data-start=\"3689\" data-end=\"3873\">Os tubos de safira s\u00e3o fabricados principalmente atrav\u00e9s de dois m\u00e9todos: Kyropoulos (KY) e crescimento alimentado por pel\u00edcula com bordas definidas (EFG). Cada um tem vantagens distintas, dependendo dos requisitos da aplica\u00e7\u00e3o.<\/p>\n<div class=\"TyagGW_tableContainer\">\n<div class=\"group TyagGW_tableWrapper flex flex-col-reverse w-fit\" tabindex=\"-1\">\n<table class=\"w-fit min-w-(--thread-content-width)\" data-start=\"3875\" data-end=\"4440\">\n<thead data-start=\"3875\" data-end=\"3924\">\n<tr data-start=\"3875\" data-end=\"3924\">\n<th class=\"\" data-start=\"3875\" data-end=\"3884\" data-col-size=\"sm\">Aspeto<\/th>\n<th class=\"\" data-start=\"3884\" data-end=\"3903\" data-col-size=\"sm\">Tubo de safira KY<\/th>\n<th class=\"\" data-start=\"3903\" data-end=\"3924\" data-col-size=\"sm\">Tubo de safira EFG<\/th>\n<\/tr>\n<\/thead>\n<tbody data-start=\"3972\" data-end=\"4440\">\n<tr data-start=\"3972\" data-end=\"4064\">\n<td data-start=\"3972\" data-end=\"3995\" data-col-size=\"sm\">M\u00e9todo de fabrico<\/td>\n<td data-start=\"3995\" data-end=\"4030\" data-col-size=\"sm\">Fabricado a partir de cristal cultivado em massa<\/td>\n<td data-start=\"4030\" data-end=\"4064\" data-col-size=\"sm\">Crescimento direto em forma de tubo<\/td>\n<\/tr>\n<tr data-start=\"4065\" data-end=\"4130\">\n<td data-start=\"4065\" data-end=\"4083\" data-col-size=\"sm\">Qualidade do cristal<\/td>\n<td data-start=\"4083\" data-end=\"4118\" data-col-size=\"sm\">Mais elevado (poucos defeitos, pouco stress)<\/td>\n<td data-start=\"4118\" data-end=\"4130\" data-col-size=\"sm\">Moderado<\/td>\n<\/tr>\n<tr data-start=\"4131\" data-end=\"4187\">\n<td data-start=\"4131\" data-end=\"4153\" data-col-size=\"sm\">Desempenho \u00f3tico<\/td>\n<td data-start=\"4153\" data-end=\"4179\" data-col-size=\"sm\">\u0645\u0645\u062a\u0627\u0632 (elevada uniformidade)<\/td>\n<td data-start=\"4179\" data-end=\"4187\" data-col-size=\"sm\">Bom<\/td>\n<\/tr>\n<tr data-start=\"4188\" data-end=\"4231\">\n<td data-start=\"4188\" data-end=\"4210\" data-col-size=\"sm\">Resist\u00eancia mec\u00e2nica<\/td>\n<td data-start=\"4210\" data-end=\"4219\" data-col-size=\"sm\">Mais alto<\/td>\n<td data-start=\"4219\" data-end=\"4231\" data-col-size=\"sm\">Moderado<\/td>\n<\/tr>\n<tr data-start=\"4232\" data-end=\"4316\">\n<td data-start=\"4232\" data-end=\"4258\" data-col-size=\"sm\">Flexibilidade dimensional<\/td>\n<td data-start=\"4258\" data-end=\"4287\" data-col-size=\"sm\">Elevada (maquinagem de precis\u00e3o)<\/td>\n<td data-start=\"4287\" data-end=\"4316\" data-col-size=\"sm\">Limitado pelo processo de crescimento<\/td>\n<\/tr>\n<tr data-start=\"4317\" data-end=\"4356\">\n<td data-start=\"4317\" data-end=\"4324\" data-col-size=\"sm\">Custo<\/td>\n<td data-start=\"4324\" data-end=\"4333\" data-col-size=\"sm\">Mais alto<\/td>\n<td data-start=\"4333\" data-end=\"4356\" data-col-size=\"sm\">Mais rent\u00e1vel<\/td>\n<\/tr>\n<tr data-start=\"4357\" data-end=\"4440\">\n<td data-start=\"4357\" data-end=\"4371\" data-col-size=\"sm\">Utiliza\u00e7\u00e3o t\u00edpica<\/td>\n<td data-start=\"4371\" data-end=\"4404\" data-col-size=\"sm\">\u00d3tica de ponta, semicondutores<\/td>\n<td data-start=\"4404\" data-end=\"4440\" data-col-size=\"sm\">Aplica\u00e7\u00f5es industriais e gerais<\/td>\n<\/tr>\n<\/tbody>\n<\/table>\n<\/div>\n<\/div>\n<p data-start=\"4442\" data-end=\"4456\"><strong data-start=\"4442\" data-end=\"4454\">Resumo:<\/strong><\/p>\n<ul data-start=\"4457\" data-end=\"4633\">\n<li data-section-id=\"1jqbj60\" data-start=\"4457\" data-end=\"4542\">Os tubos de safira KY s\u00e3o preferidos para aplica\u00e7\u00f5es de alta precis\u00e3o e alto desempenho<\/li>\n<li data-section-id=\"wswut5\" data-start=\"4543\" data-end=\"4633\">Os tubos de safira EFG s\u00e3o mais adequados para utiliza\u00e7\u00f5es industriais sens\u00edveis ao custo e em grande escala<\/li>\n<\/ul>\n<hr data-start=\"4635\" data-end=\"4638\" \/>\n<h2 data-section-id=\"b0ncmg\" data-start=\"4640\" data-end=\"4666\"><img decoding=\"async\" class=\"size-medium wp-image-2801 alignright\" src=\"https:\/\/www.fuyao-quartz.com\/wp-content\/uploads\/2026\/04\/Sapphire-Tubes-High-Purity-Single-Crystal-Al\u2082O\u2083-for-High-Temperature-and-Optical-Use-4-300x300.png\" alt=\"\" width=\"300\" height=\"300\" srcset=\"\" sizes=\"(max-width: 300px) 100vw, 300px\" data-srcset=\"\" \/>Op\u00e7\u00f5es de personaliza\u00e7\u00e3o<\/h2>\n<p data-start=\"4668\" data-end=\"4749\">Os tubos de safira podem ser personalizados para satisfazer necessidades espec\u00edficas de aplica\u00e7\u00e3o, incluindo:<\/p>\n<ul data-start=\"4750\" data-end=\"5033\">\n<li data-section-id=\"1mgdjle\" data-start=\"4750\" data-end=\"4796\">Controlo de precis\u00e3o do di\u00e2metro exterior e interior<\/li>\n<li data-section-id=\"1yv7fkk\" data-start=\"4797\" data-end=\"4835\">Personaliza\u00e7\u00e3o do comprimento at\u00e9 1200 mm<\/li>\n<li data-section-id=\"v93hdo\" data-start=\"4836\" data-end=\"4893\">Acabamento da superf\u00edcie: em bruto, rectificado ou polido \u00f3tico<\/li>\n<li data-section-id=\"123oyaj\" data-start=\"4894\" data-end=\"4932\">Polimento de uma ou duas extremidades<\/li>\n<li data-section-id=\"ft1egz\" data-start=\"4933\" data-end=\"4979\">Orienta\u00e7\u00e3o do cristal (eixo C, eixo A, etc.)<\/li>\n<li data-section-id=\"126dwpl\" data-start=\"4980\" data-end=\"5033\">Controlo rigoroso das toler\u00e2ncias para aplica\u00e7\u00f5es cr\u00edticas<\/li>\n<\/ul>\n<h2 data-section-id=\"x9bttf\" data-start=\"5549\" data-end=\"5557\">FAQ<\/h2>\n<p data-start=\"5559\" data-end=\"5812\"><strong data-start=\"5559\" data-end=\"5632\">Q1: Quais s\u00e3o as principais vantagens dos tubos de safira em rela\u00e7\u00e3o aos tubos de quartzo?<\/strong><br data-start=\"5632\" data-end=\"5635\" \/>A1: Os tubos de safira oferecem uma dureza significativamente mais elevada, uma melhor estabilidade t\u00e9rmica, uma resist\u00eancia qu\u00edmica superior e uma transmiss\u00e3o \u00f3tica mais ampla, especialmente em ambientes agressivos.<\/p>\n<p data-start=\"5814\" data-end=\"6054\"><strong data-start=\"5814\" data-end=\"5888\">Q2: Os tubos de safira podem ser utilizados em ambientes de temperatura ultra-alta?<\/strong><br data-start=\"5888\" data-end=\"5891\" \/>A2: Sim. Os tubos de safira podem funcionar a temperaturas pr\u00f3ximas dos 2000\u00b0C em condi\u00e7\u00f5es de v\u00e1cuo ou de g\u00e1s inerte, o que os torna adequados para aplica\u00e7\u00f5es t\u00e9rmicas extremas.<\/p>\n<p data-start=\"6056\" data-end=\"6283\" data-is-last-node=\"\" data-is-only-node=\"\"><strong data-start=\"6056\" data-end=\"6106\">Q3: Qual \u00e9 melhor, os tubos de safira KY ou EFG?<\/strong><br data-start=\"6106\" data-end=\"6109\" \/>A3: Os tubos de safira KY proporcionam uma qualidade de cristal superior e s\u00e3o ideais para aplica\u00e7\u00f5es topo de gama, enquanto os tubos EFG s\u00e3o mais econ\u00f3micos e adequados para utiliza\u00e7\u00e3o industrial geral.<\/p>","protected":false},"excerpt":{"rendered":"<p>Os tubos de safira representam uma solu\u00e7\u00e3o de excel\u00eancia para aplica\u00e7\u00f5es que requerem uma combina\u00e7\u00e3o de resist\u00eancia a altas temperaturas, transpar\u00eancia \u00f3tica, resist\u00eancia mec\u00e2nica e estabilidade qu\u00edmica. Quer sejam utilizados no fabrico de semicondutores, em sistemas \u00f3pticos ou em ambientes industriais extremos, os tubos de safira proporcionam um desempenho fi\u00e1vel onde os materiais tradicionais falham. Com as op\u00e7\u00f5es de fabrico KY e EFG dispon\u00edveis, os utilizadores podem selecionar o melhor equil\u00edbrio entre desempenho e custo.<\/p>","protected":false},"featured_media":2801,"comment_status":"open","ping_status":"closed","template":"","meta":{"site-sidebar-layout":"default","site-content-layout":"","ast-site-content-layout":"default","site-content-style":"default","site-sidebar-style":"default","ast-global-header-display":"","ast-banner-title-visibility":"","ast-main-header-display":"","ast-hfb-above-header-display":"","ast-hfb-below-header-display":"","ast-hfb-mobile-header-display":"","site-post-title":"","ast-breadcrumbs-content":"","ast-featured-img":"","footer-sml-layout":"","ast-disable-related-posts":"","theme-transparent-header-meta":"default","adv-header-id-meta":"","stick-header-meta":"default","header-above-stick-meta":"","header-main-stick-meta":"","header-below-stick-meta":"","astra-migrate-meta-layouts":"set","ast-page-background-enabled":"default","ast-page-background-meta":{"desktop":{"background-color":"var(--ast-global-color-4)","background-image":"","background-repeat":"repeat","background-position":"center center","background-size":"auto","background-attachment":"scroll","background-type":"","background-media":"","overlay-type":"","overlay-color":"","overlay-opacity":"","overlay-gradient":""},"tablet":{"background-color":"","background-image":"","background-repeat":"repeat","background-position":"center center","background-size":"auto","background-attachment":"scroll","background-type":"","background-media":"","overlay-type":"","overlay-color":"","overlay-opacity":"","overlay-gradient":""},"mobile":{"background-color":"","background-image":"","background-repeat":"repeat","background-position":"center center","background-size":"auto","background-attachment":"scroll","background-type":"","background-media":"","overlay-type":"","overlay-color":"","overlay-opacity":"","overlay-gradient":""}},"ast-content-background-meta":{"desktop":{"background-color":"var(--ast-global-color-5)","background-image":"","background-repeat":"repeat","background-position":"center center","background-size":"auto","background-attachment":"scroll","background-type":"","background-media":"","overlay-type":"","overlay-color":"","overlay-opacity":"","overlay-gradient":""},"tablet":{"background-color":"var(--ast-global-color-5)","background-image":"","background-repeat":"repeat","background-position":"center center","background-size":"auto","background-attachment":"scroll","background-type":"","background-media":"","overlay-type":"","overlay-color":"","overlay-opacity":"","overlay-gradient":""},"mobile":{"background-color":"var(--ast-global-color-5)","background-image":"","background-repeat":"repeat","background-position":"center center","background-size":"auto","background-attachment":"scroll","background-type":"","background-media":"","overlay-type":"","overlay-color":"","overlay-opacity":"","overlay-gradient":""}}},"product_brand":[],"product_cat":[152],"product_tag":[969,983,984,989,974,972,976,985,970,975,988,987,971,973,980,978,982,967,966,981,968,977,979,986],"class_list":{"0":"post-2793","1":"product","2":"type-product","3":"status-publish","4":"has-post-thumbnail","6":"product_cat-sapphire","7":"product_tag-al2o3-tube","8":"product_tag-chemical-resistant-tube","9":"product_tag-corrosion-resistant-material","10":"product_tag-custom-sapphire-tube","11":"product_tag-edge-defined-film-fed-growth","12":"product_tag-efg-sapphire-tube","13":"product_tag-furnace-tube","14":"product_tag-high-hardness-ceramic","15":"product_tag-high-purity-sapphire","16":"product_tag-high-temperature-tube","17":"product_tag-industrial-sapphire","18":"product_tag-insulating-tube","19":"product_tag-ky-sapphire-tube","20":"product_tag-kyropoulos-sapphire","21":"product_tag-laser-tube","22":"product_tag-optical-sapphire-tube","23":"product_tag-plasma-resistant-tube","24":"product_tag-sapphire-tube","25":"product_tag-sapphire-tubes","26":"product_tag-semiconductor-process-tube","27":"product_tag-single-crystal-sapphire","28":"product_tag-thermocouple-protection-tube","29":"product_tag-uv-ir-transmission-tube","30":"product_tag-wear-resistant-tube","31":"desktop-align-left","32":"tablet-align-left","33":"mobile-align-left","34":"ast-product-gallery-layout-horizontal","35":"ast-product-tabs-layout-horizontal","37":"first","38":"instock","39":"shipping-taxable","40":"product-type-simple"},"_links":{"self":[{"href":"https:\/\/www.fuyao-quartz.com\/pt\/wp-json\/wp\/v2\/product\/2793","targetHints":{"allow":["GET"]}}],"collection":[{"href":"https:\/\/www.fuyao-quartz.com\/pt\/wp-json\/wp\/v2\/product"}],"about":[{"href":"https:\/\/www.fuyao-quartz.com\/pt\/wp-json\/wp\/v2\/types\/product"}],"replies":[{"embeddable":true,"href":"https:\/\/www.fuyao-quartz.com\/pt\/wp-json\/wp\/v2\/comments?post=2793"}],"version-history":[{"count":1,"href":"https:\/\/www.fuyao-quartz.com\/pt\/wp-json\/wp\/v2\/product\/2793\/revisions"}],"predecessor-version":[{"id":2802,"href":"https:\/\/www.fuyao-quartz.com\/pt\/wp-json\/wp\/v2\/product\/2793\/revisions\/2802"}],"wp:featuredmedia":[{"embeddable":true,"href":"https:\/\/www.fuyao-quartz.com\/pt\/wp-json\/wp\/v2\/media\/2801"}],"wp:attachment":[{"href":"https:\/\/www.fuyao-quartz.com\/pt\/wp-json\/wp\/v2\/media?parent=2793"}],"wp:term":[{"taxonomy":"product_brand","embeddable":true,"href":"https:\/\/www.fuyao-quartz.com\/pt\/wp-json\/wp\/v2\/product_brand?post=2793"},{"taxonomy":"product_cat","embeddable":true,"href":"https:\/\/www.fuyao-quartz.com\/pt\/wp-json\/wp\/v2\/product_cat?post=2793"},{"taxonomy":"product_tag","embeddable":true,"href":"https:\/\/www.fuyao-quartz.com\/pt\/wp-json\/wp\/v2\/product_tag?post=2793"}],"curies":[{"name":"wp","href":"https:\/\/api.w.org\/{rel}","templated":true}]}}