{"id":2755,"date":"2026-04-24T03:40:56","date_gmt":"2026-04-24T03:40:56","guid":{"rendered":"https:\/\/www.fuyao-quartz.com\/?post_type=product&#038;p=2755"},"modified":"2026-04-24T03:40:58","modified_gmt":"2026-04-24T03:40:58","slug":"custom-fused-quartz-plates-with-through-holes","status":"publish","type":"product","link":"https:\/\/www.fuyao-quartz.com\/pt\/product\/custom-fused-quartz-plates-with-through-holes\/","title":{"rendered":"Placas de quartzo fundido personalizadas com furos passantes"},"content":{"rendered":"<p data-start=\"253\" data-end=\"586\"><img fetchpriority=\"high\" decoding=\"async\" class=\"alignright wp-image-2756 size-medium\" src=\"https:\/\/www.fuyao-quartz.com\/wp-content\/uploads\/2026\/04\/Custom-Fused-Quartz-Plates-with-Through-Holes-2-300x300.png\" alt=\"Placas de quartzo fundido personalizadas com furos passantes\" width=\"300\" height=\"300\" srcset=\"https:\/\/www.fuyao-quartz.com\/wp-content\/uploads\/2026\/04\/Custom-Fused-Quartz-Plates-with-Through-Holes-2-300x300.png 300w, https:\/\/www.fuyao-quartz.com\/wp-content\/uploads\/2026\/04\/Custom-Fused-Quartz-Plates-with-Through-Holes-2-150x150.png 150w, https:\/\/www.fuyao-quartz.com\/wp-content\/uploads\/2026\/04\/Custom-Fused-Quartz-Plates-with-Through-Holes-2-768x768.png 768w, https:\/\/www.fuyao-quartz.com\/wp-content\/uploads\/2026\/04\/Custom-Fused-Quartz-Plates-with-Through-Holes-2-12x12.png 12w, https:\/\/www.fuyao-quartz.com\/wp-content\/uploads\/2026\/04\/Custom-Fused-Quartz-Plates-with-Through-Holes-2-600x600.png 600w, https:\/\/www.fuyao-quartz.com\/wp-content\/uploads\/2026\/04\/Custom-Fused-Quartz-Plates-with-Through-Holes-2-100x100.png 100w, https:\/\/www.fuyao-quartz.com\/wp-content\/uploads\/2026\/04\/Custom-Fused-Quartz-Plates-with-Through-Holes-2.png 1000w\" sizes=\"(max-width: 300px) 100vw, 300px\" \/>As placas de quartzo fundido personalizadas com furos passantes s\u00e3o componentes de engenharia de alta precis\u00e3o fabricados a partir de di\u00f3xido de sil\u00edcio de pureza ultra-alta (SiO\u2082 &gt; 99,9%). Estas placas s\u00e3o especificamente concebidas para aplica\u00e7\u00f5es industriais e cient\u00edficas avan\u00e7adas em que a estabilidade t\u00e9rmica, a resist\u00eancia qu\u00edmica e o desempenho \u00f3tico s\u00e3o fundamentais.<\/p>\n<p data-start=\"588\" data-end=\"1033\">Ao contr\u00e1rio dos materiais de vidro normais, o quartzo fundido oferece uma combina\u00e7\u00e3o \u00fanica de baixa expans\u00e3o t\u00e9rmica, resist\u00eancia a altas temperaturas e ampla transmiss\u00e3o \u00f3tica, tornando-o ideal para semicondutores, fot\u00f3nica e sistemas de laborat\u00f3rio. Ao integrar orif\u00edcios perfurados com precis\u00e3o, estas placas de quartzo permitem o controlo do fluxo de fluidos, a distribui\u00e7\u00e3o de g\u00e1s ou o alinhamento \u00f3tico, transformando-as de substratos passivos em componentes funcionais do sistema.<\/p>\n<p data-start=\"1035\" data-end=\"1229\">Dispon\u00edveis em v\u00e1rios graus, como JGS1, JGS2 e JGS3, estes produtos podem ser adaptados para satisfazer diferentes requisitos de comprimento de onda, desde aplica\u00e7\u00f5es de ultravioleta profundo (UV) a infravermelhos (IR).<\/p>\n<hr data-start=\"1231\" data-end=\"1234\" \/>\n<h2 data-section-id=\"16yfqpq\" data-start=\"1236\" data-end=\"1260\"><img decoding=\"async\" class=\"alignright wp-image-2758\" src=\"https:\/\/www.fuyao-quartz.com\/wp-content\/uploads\/2026\/04\/Custom-Fused-Quartz-Plates-with-Through-Holes-4-300x300.png\" alt=\"Placas de quartzo fundido personalizadas com furos passantes\" width=\"286\" height=\"286\" srcset=\"https:\/\/www.fuyao-quartz.com\/wp-content\/uploads\/2026\/04\/Custom-Fused-Quartz-Plates-with-Through-Holes-4-300x300.png 300w, https:\/\/www.fuyao-quartz.com\/wp-content\/uploads\/2026\/04\/Custom-Fused-Quartz-Plates-with-Through-Holes-4-150x150.png 150w, https:\/\/www.fuyao-quartz.com\/wp-content\/uploads\/2026\/04\/Custom-Fused-Quartz-Plates-with-Through-Holes-4-768x768.png 768w, https:\/\/www.fuyao-quartz.com\/wp-content\/uploads\/2026\/04\/Custom-Fused-Quartz-Plates-with-Through-Holes-4-12x12.png 12w, https:\/\/www.fuyao-quartz.com\/wp-content\/uploads\/2026\/04\/Custom-Fused-Quartz-Plates-with-Through-Holes-4-600x600.png 600w, https:\/\/www.fuyao-quartz.com\/wp-content\/uploads\/2026\/04\/Custom-Fused-Quartz-Plates-with-Through-Holes-4-100x100.png 100w, https:\/\/www.fuyao-quartz.com\/wp-content\/uploads\/2026\/04\/Custom-Fused-Quartz-Plates-with-Through-Holes-4.png 1000w\" sizes=\"(max-width: 286px) 100vw, 286px\" \/>Carater\u00edsticas principais<\/h2>\n<ul data-start=\"1262\" data-end=\"1765\">\n<li data-section-id=\"1axa1m2\" data-start=\"1262\" data-end=\"1340\">Quartzo de pureza ultra-alta (SiO\u2082 &gt; 99,9%) que garante uma excelente nitidez \u00f3tica<\/li>\n<li data-section-id=\"5faqt9\" data-start=\"1341\" data-end=\"1407\">Tamanho, posi\u00e7\u00e3o e geometria de furos personalizados com base em desenhos CAD<\/li>\n<li data-section-id=\"cv911c\" data-start=\"1408\" data-end=\"1472\">Resist\u00eancia t\u00e9rmica excecional (at\u00e9 1100\u00b0C de utiliza\u00e7\u00e3o cont\u00ednua)<\/li>\n<li data-section-id=\"mr67xq\" data-start=\"1473\" data-end=\"1534\">Expans\u00e3o t\u00e9rmica extremamente baixa para estabilidade dimensional<\/li>\n<li data-section-id=\"1j38b2o\" data-start=\"1535\" data-end=\"1590\">Elevada resist\u00eancia qu\u00edmica (exceto \u00e1cido fluor\u00eddrico)<\/li>\n<li data-section-id=\"1ae6fco\" data-start=\"1591\" data-end=\"1649\">Polimento \u00f3tico dispon\u00edvel para aplica\u00e7\u00f5es de precis\u00e3o<\/li>\n<li data-section-id=\"3w4enf\" data-start=\"1650\" data-end=\"1708\">Compat\u00edvel com ambientes de sala limpa e de elevada pureza<\/li>\n<li data-section-id=\"12n18dz\" data-start=\"1709\" data-end=\"1765\">Adequado para integra\u00e7\u00e3o estrutural e \u00f3tica<\/li>\n<\/ul>\n<hr data-start=\"1767\" data-end=\"1770\" \/>\n<h2 data-section-id=\"sim1wa\" data-start=\"1772\" data-end=\"1799\">Classes de materiais<\/h2>\n<h3 data-section-id=\"1e4slao\" data-start=\"1801\" data-end=\"1835\">JGS1 - S\u00edlica fundida de grau UV<\/h3>\n<p data-start=\"1836\" data-end=\"2071\">O JGS1 oferece uma excelente transmiss\u00e3o de 185 nm a 2500 nm, tornando-o ideal para aplica\u00e7\u00f5es de UV profundo, como litografia, lasers UV e sistemas \u00f3pticos de alta energia. Apresenta um teor muito baixo de hidroxilo (OH-) e uma birrefring\u00eancia m\u00ednima.<\/p>\n<h3 data-section-id=\"z3oyrd\" data-start=\"2073\" data-end=\"2106\">JGS2 - Quartzo de grau \u00f3tico<\/h3>\n<p data-start=\"2107\" data-end=\"2282\">O JGS2 \u00e9 amplamente utilizado para aplica\u00e7\u00f5es no vis\u00edvel e no infravermelho pr\u00f3ximo (260-2500 nm). Proporciona uma elevada uniformidade \u00f3tica e \u00e9 uma solu\u00e7\u00e3o econ\u00f3mica para sistemas \u00f3pticos gerais.<\/p>\n<h3 data-section-id=\"1xbm0q2\" data-start=\"2284\" data-end=\"2318\">JGS3 - Vidro de quartzo para infravermelhos<\/h3>\n<p data-start=\"2319\" data-end=\"2493\">O JGS3 est\u00e1 optimizado para aplica\u00e7\u00f5es de infravermelhos e utiliza\u00e7\u00e3o industrial. Embora tenha uma transmiss\u00e3o inferior na gama UV profunda, tem um bom desempenho em ambientes t\u00e9rmicos e relacionados com IR.<\/p>\n<p data-start=\"2319\" data-end=\"2493\"><img decoding=\"async\" class=\"wp-image-2760 size-full aligncenter\" src=\"https:\/\/www.fuyao-quartz.com\/wp-content\/uploads\/2026\/04\/20250620152843_73372.png\" alt=\"\" width=\"680\" height=\"356\" srcset=\"https:\/\/www.fuyao-quartz.com\/wp-content\/uploads\/2026\/04\/20250620152843_73372.png 680w, https:\/\/www.fuyao-quartz.com\/wp-content\/uploads\/2026\/04\/20250620152843_73372-300x157.png 300w, https:\/\/www.fuyao-quartz.com\/wp-content\/uploads\/2026\/04\/20250620152843_73372-18x9.png 18w, https:\/\/www.fuyao-quartz.com\/wp-content\/uploads\/2026\/04\/20250620152843_73372-600x314.png 600w\" sizes=\"(max-width: 680px) 100vw, 680px\" \/><\/p>\n<hr data-start=\"2495\" data-end=\"2498\" \/>\n<h2 data-section-id=\"10i1aaf\" data-start=\"2500\" data-end=\"2533\">Processo de fabrico<\/h2>\n<p data-start=\"2535\" data-end=\"2648\">A produ\u00e7\u00e3o de placas de quartzo fundido personalizadas exige um controlo rigoroso do processo para garantir a precis\u00e3o e a consist\u00eancia:<\/p>\n<p data-start=\"2650\" data-end=\"2768\">1. Sele\u00e7\u00e3o de materiais<br data-start=\"2675\" data-end=\"2678\" \/>Os lingotes de quartzo de elevada pureza s\u00e3o selecionados e preparados de acordo com os requisitos da aplica\u00e7\u00e3o.<\/p>\n<p data-start=\"2770\" data-end=\"2918\">2. Corte e modela\u00e7\u00e3o de precis\u00e3o<br data-start=\"2804\" data-end=\"2807\" \/>A maquinagem CNC avan\u00e7ada, o corte por jato de \u00e1gua ou o corte a laser s\u00e3o utilizados para obter dimens\u00f5es e geometrias personalizadas.<\/p>\n<p data-start=\"2920\" data-end=\"3127\">3. Perfura\u00e7\u00e3o de furos<br data-start=\"2940\" data-end=\"2943\" \/>Os orif\u00edcios de passagem s\u00e3o criados utilizando t\u00e9cnicas especializadas, como a perfura\u00e7\u00e3o por ultra-sons, a perfura\u00e7\u00e3o a laser CO\u2082 ou a perfura\u00e7\u00e3o mec\u00e2nica, dependendo dos requisitos de toler\u00e2ncia e de qualidade da superf\u00edcie.<\/p>\n<p data-start=\"3129\" data-end=\"3337\">4. Processamento de superf\u00edcies<br data-start=\"3154\" data-end=\"3157\" \/>O polimento \u00f3tico (de um lado ou de dois lados) \u00e9 aplicado para obter uma elevada planicidade da superf\u00edcie e uma rugosidade reduzida. O acabamento das arestas, a chanfradura e o polimento qu\u00edmico tamb\u00e9m est\u00e3o dispon\u00edveis.<\/p>\n<p data-start=\"3339\" data-end=\"3523\">5. Limpeza e inspe\u00e7\u00e3o<br data-start=\"3367\" data-end=\"3370\" \/>Todos os componentes s\u00e3o submetidos a uma limpeza rigorosa em ambientes controlados e s\u00e3o inspeccionados quanto \u00e0 precis\u00e3o dimensional, qualidade da superf\u00edcie e desempenho \u00f3tico.<\/p>\n<hr data-start=\"3525\" data-end=\"3528\" \/>\n<h2 data-section-id=\"1vt21ys\" data-start=\"3530\" data-end=\"3565\">Especifica\u00e7\u00f5es t\u00e9cnicas\uff08\u53c2\u6570\u8868\uff09<\/h2>\n<div class=\"TyagGW_tableContainer\">\n<div class=\"group TyagGW_tableWrapper flex flex-col-reverse w-fit\" tabindex=\"-1\">\n<table class=\"w-fit min-w-(--thread-content-width)\" data-start=\"3567\" data-end=\"4087\">\n<thead data-start=\"3567\" data-end=\"3595\">\n<tr data-start=\"3567\" data-end=\"3595\">\n<th class=\"\" data-start=\"3567\" data-end=\"3578\" data-col-size=\"sm\">Im\u00f3veis<\/th>\n<th class=\"\" data-start=\"3578\" data-end=\"3595\" data-col-size=\"sm\">Valor t\u00edpico<\/th>\n<\/tr>\n<\/thead>\n<tbody data-start=\"3624\" data-end=\"4087\">\n<tr data-start=\"3624\" data-end=\"3653\">\n<td data-start=\"3624\" data-end=\"3635\" data-col-size=\"sm\">Di\u00e2metro<\/td>\n<td data-col-size=\"sm\" data-start=\"3635\" data-end=\"3653\">10 mm - 600 mm<\/td>\n<\/tr>\n<tr data-start=\"3654\" data-end=\"3682\">\n<td data-start=\"3654\" data-end=\"3663\" data-col-size=\"sm\">Comprimento<\/td>\n<td data-col-size=\"sm\" data-start=\"3663\" data-end=\"3682\">10 mm - 1000 mm<\/td>\n<\/tr>\n<tr data-start=\"3683\" data-end=\"3710\">\n<td data-start=\"3683\" data-end=\"3691\" data-col-size=\"sm\">Largura<\/td>\n<td data-col-size=\"sm\" data-start=\"3691\" data-end=\"3710\">10 mm - 1000 mm<\/td>\n<\/tr>\n<tr data-start=\"3711\" data-end=\"3741\">\n<td data-start=\"3711\" data-end=\"3723\" data-col-size=\"sm\">Espessura<\/td>\n<td data-col-size=\"sm\" data-start=\"3723\" data-end=\"3741\">0,5 mm - 60 mm<\/td>\n<\/tr>\n<tr data-start=\"3742\" data-end=\"3782\">\n<td data-start=\"3742\" data-end=\"3753\" data-col-size=\"sm\">Material<\/td>\n<td data-col-size=\"sm\" data-start=\"3753\" data-end=\"3782\">SiO\u2082 de elevada pureza (&gt;99,9%)<\/td>\n<\/tr>\n<tr data-start=\"3783\" data-end=\"3812\">\n<td data-start=\"3783\" data-end=\"3793\" data-col-size=\"sm\">Densidade<\/td>\n<td data-col-size=\"sm\" data-start=\"3793\" data-end=\"3812\">2,2 \u00d7 10\u00b3 kg\/m\u00b3<\/td>\n<\/tr>\n<tr data-start=\"3813\" data-end=\"3844\">\n<td data-start=\"3813\" data-end=\"3824\" data-col-size=\"sm\">Dureza<\/td>\n<td data-col-size=\"sm\" data-start=\"3824\" data-end=\"3844\">5,3 - 6,5 (Mohs)<\/td>\n<\/tr>\n<tr data-start=\"3845\" data-end=\"3885\">\n<td data-start=\"3845\" data-end=\"3868\" data-col-size=\"sm\">Resist\u00eancia \u00e0 compress\u00e3o<\/td>\n<td data-col-size=\"sm\" data-start=\"3868\" data-end=\"3885\">\uff1e1.1 \u00d7 10\u2079 Pa<\/td>\n<\/tr>\n<tr data-start=\"3886\" data-end=\"3923\">\n<td data-start=\"3886\" data-end=\"3906\" data-col-size=\"sm\">Expans\u00e3o t\u00e9rmica<\/td>\n<td data-col-size=\"sm\" data-start=\"3906\" data-end=\"3923\">5.5 \u00d7 10-\u2077 \/\u2103<\/td>\n<\/tr>\n<tr data-start=\"3924\" data-end=\"3964\">\n<td data-start=\"3924\" data-end=\"3955\" data-col-size=\"sm\">Temperatura m\u00e1xima (curto prazo)<\/td>\n<td data-col-size=\"sm\" data-start=\"3955\" data-end=\"3964\">1200\u2103<\/td>\n<\/tr>\n<tr data-start=\"3965\" data-end=\"4004\">\n<td data-start=\"3965\" data-end=\"3995\" data-col-size=\"sm\">Temperatura m\u00e1xima (longo prazo)<\/td>\n<td data-col-size=\"sm\" data-start=\"3995\" data-end=\"4004\">1100\u2103<\/td>\n<\/tr>\n<tr data-start=\"4005\" data-end=\"4032\">\n<td data-start=\"4005\" data-end=\"4023\" data-col-size=\"sm\">Ponto de amolecimento<\/td>\n<td data-col-size=\"sm\" data-start=\"4023\" data-end=\"4032\">1730\u2103<\/td>\n<\/tr>\n<tr data-start=\"4033\" data-end=\"4062\">\n<td data-start=\"4033\" data-end=\"4052\" data-col-size=\"sm\">\u00cdndice de refra\u00e7\u00e3o<\/td>\n<td data-col-size=\"sm\" data-start=\"4052\" data-end=\"4062\">1.4585<\/td>\n<\/tr>\n<tr data-start=\"4063\" data-end=\"4087\">\n<td data-start=\"4063\" data-end=\"4079\" data-col-size=\"sm\">Transmit\u00e2ncia<\/td>\n<td data-col-size=\"sm\" data-start=\"4079\" data-end=\"4087\">\u226585%<\/td>\n<\/tr>\n<\/tbody>\n<\/table>\n<\/div>\n<\/div>\n<hr data-start=\"4089\" data-end=\"4092\" \/>\n<h2 data-section-id=\"rp9ojj\" data-start=\"4094\" data-end=\"4118\">Aplica\u00e7\u00f5es<\/h2>\n<p data-start=\"4120\" data-end=\"4293\">Gra\u00e7as \u00e0 sua combina\u00e7\u00e3o \u00fanica de resist\u00eancia mec\u00e2nica, clareza \u00f3tica e personaliza\u00e7\u00e3o estrutural, estas placas de quartzo s\u00e3o amplamente utilizadas em v\u00e1rias ind\u00fastrias:<\/p>\n<h3 data-section-id=\"127s61j\" data-start=\"4295\" data-end=\"4323\">Ind\u00fastria de semicondutores<\/h3>\n<p data-start=\"4324\" data-end=\"4513\">Utilizados como suportes de bolachas, placas de distribui\u00e7\u00e3o de g\u00e1s (chuveiros) e componentes estruturais em sistemas de grava\u00e7\u00e3o e deposi\u00e7\u00e3o. A sua elevada pureza assegura a compatibilidade com processos de sala limpa.<\/p>\n<h3 data-section-id=\"fov9jx\" data-start=\"4515\" data-end=\"4552\">Microflu\u00eddica e Ci\u00eancias da Vida<\/h3>\n<p data-start=\"4553\" data-end=\"4669\">Os orif\u00edcios perfurados com precis\u00e3o permitem o controlo de fluidos em chips microflu\u00eddicos, dispositivos lab-on-chip e instrumentos anal\u00edticos.<\/p>\n<h3 data-section-id=\"oe8bok\" data-start=\"4671\" data-end=\"4697\">\u00d3tica e fot\u00f3nica<\/h3>\n<p data-start=\"4698\" data-end=\"4828\">Aplicado em m\u00e1scaras \u00f3pticas, aberturas, janelas de laser e sistemas de alinhamento de feixes em que \u00e9 necess\u00e1ria uma elevada transmiss\u00e3o e estabilidade.<\/p>\n<h3 data-section-id=\"tmu20s\" data-start=\"4830\" data-end=\"4855\">Investiga\u00e7\u00e3o cient\u00edfica<\/h3>\n<p data-start=\"4856\" data-end=\"4996\">Utilizado em c\u00e2maras de rea\u00e7\u00e3o personalizadas, experi\u00eancias a alta temperatura e ambientes corrosivos em que os materiais padr\u00e3o n\u00e3o podem funcionar de forma fi\u00e1vel.<\/p>\n<h3 data-section-id=\"kx9m10\" data-start=\"4998\" data-end=\"5041\">Equipamento qu\u00edmico e farmac\u00eautico<\/h3>\n<p data-start=\"5042\" data-end=\"5163\">Ideal para reactores de fluxo, sistemas de amostragem e c\u00e9lulas de espetroscopia UV\/IR que requerem resist\u00eancia qu\u00edmica e acesso \u00f3tico.<\/p>\n<hr data-start=\"5165\" data-end=\"5168\" \/>\n<h2 data-section-id=\"78ajvy\" data-start=\"5170\" data-end=\"5184\">FAQ<\/h2>\n<p data-start=\"5186\" data-end=\"5362\">Q1: O tamanho e a posi\u00e7\u00e3o do furo podem ser totalmente personalizados?<br data-start=\"5241\" data-end=\"5244\" \/>Sim, todas as dimens\u00f5es, incluindo o di\u00e2metro do furo (0,1-20 mm), a posi\u00e7\u00e3o e a disposi\u00e7\u00e3o podem ser personalizadas com base em desenhos CAD.<\/p>\n<p data-start=\"5364\" data-end=\"5581\">Q2: Qual \u00e9 a diferen\u00e7a entre JGS1 e JGS2?<br data-start=\"5417\" data-end=\"5420\" \/>O JGS1 foi concebido para aplica\u00e7\u00f5es de UV profundo com uma pureza mais elevada, enquanto o JGS2 \u00e9 mais adequado para aplica\u00e7\u00f5es no vis\u00edvel e no infravermelho pr\u00f3ximo com uma melhor rela\u00e7\u00e3o custo-efic\u00e1cia.<\/p>\n<p data-start=\"5583\" data-end=\"5736\">Q3: Estas placas de quartzo s\u00e3o quimicamente resistentes?<br data-start=\"5636\" data-end=\"5639\" \/>Sim, o quartzo fundido \u00e9 altamente resistente \u00e0 maioria dos \u00e1cidos e produtos qu\u00edmicos, exceto ao \u00e1cido fluor\u00eddrico (HF).<\/p>\n<p data-start=\"5738\" data-end=\"5873\">Q4: Podem ser produzidos v\u00e1rios orif\u00edcios ou formas complexas?<br data-start=\"5795\" data-end=\"5798\" \/>Sim, os designs com v\u00e1rios orif\u00edcios, ranhuras e geometrias complexas s\u00e3o totalmente suportados.<\/p>","protected":false},"excerpt":{"rendered":"<p>As placas de quartzo fundido personalizadas com furos passantes s\u00e3o componentes de engenharia de alta precis\u00e3o fabricados a partir de di\u00f3xido de sil\u00edcio de pureza ultra-alta (SiO\u2082 &gt; 99,9%). Estas placas s\u00e3o especificamente concebidas para aplica\u00e7\u00f5es industriais e cient\u00edficas avan\u00e7adas em que a estabilidade t\u00e9rmica, a resist\u00eancia qu\u00edmica e o desempenho \u00f3tico s\u00e3o fundamentais.<\/p>","protected":false},"featured_media":2759,"comment_status":"open","ping_status":"closed","template":"","meta":{"site-sidebar-layout":"default","site-content-layout":"","ast-site-content-layout":"default","site-content-style":"default","site-sidebar-style":"default","ast-global-header-display":"","ast-banner-title-visibility":"","ast-main-header-display":"","ast-hfb-above-header-display":"","ast-hfb-below-header-display":"","ast-hfb-mobile-header-display":"","site-post-title":"","ast-breadcrumbs-content":"","ast-featured-img":"","footer-sml-layout":"","ast-disable-related-posts":"","theme-transparent-header-meta":"default","adv-header-id-meta":"","stick-header-meta":"default","header-above-stick-meta":"","header-main-stick-meta":"","header-below-stick-meta":"","astra-migrate-meta-layouts":"set","ast-page-background-enabled":"default","ast-page-background-meta":{"desktop":{"background-color":"var(--ast-global-color-4)","background-image":"","background-repeat":"repeat","background-position":"center center","background-size":"auto","background-attachment":"scroll","background-type":"","background-media":"","overlay-type":"","overlay-color":"","overlay-opacity":"","overlay-gradient":""},"tablet":{"background-color":"","background-image":"","background-repeat":"repeat","background-position":"center center","background-size":"auto","background-attachment":"scroll","background-type":"","background-media":"","overlay-type":"","overlay-color":"","overlay-opacity":"","overlay-gradient":""},"mobile":{"background-color":"","background-image":"","background-repeat":"repeat","background-position":"center center","background-size":"auto","background-attachment":"scroll","background-type":"","background-media":"","overlay-type":"","overlay-color":"","overlay-opacity":"","overlay-gradient":""}},"ast-content-background-meta":{"desktop":{"background-color":"var(--ast-global-color-5)","background-image":"","background-repeat":"repeat","background-position":"center center","background-size":"auto","background-attachment":"scroll","background-type":"","background-media":"","overlay-type":"","overlay-color":"","overlay-opacity":"","overlay-gradient":""},"tablet":{"background-color":"var(--ast-global-color-5)","background-image":"","background-repeat":"repeat","background-position":"center center","background-size":"auto","background-attachment":"scroll","background-type":"","background-media":"","overlay-type":"","overlay-color":"","overlay-opacity":"","overlay-gradient":""},"mobile":{"background-color":"var(--ast-global-color-5)","background-image":"","background-repeat":"repeat","background-position":"center center","background-size":"auto","background-attachment":"scroll","background-type":"","background-media":"","overlay-type":"","overlay-color":"","overlay-opacity":"","overlay-gradient":""}}},"product_brand":[],"product_cat":[150],"product_tag":[242,937,502,385,939,940,197,936,938,694],"class_list":{"0":"post-2755","1":"product","2":"type-product","3":"status-publish","4":"has-post-thumbnail","6":"product_cat-quartz-plate","7":"product_tag-custom-quartz-glass","8":"product_tag-drilled-quartz-substrate","9":"product_tag-fused-quartz-plate","10":"product_tag-fused-silica-plate","11":"product_tag-jgs-quartz","12":"product_tag-optical-quartz-components","13":"product_tag-optical-quartz-plate","14":"product_tag-quartz-plate-with-holes","15":"product_tag-quartz-wafer-plate","16":"product_tag-semiconductor-quartz-parts","17":"desktop-align-left","18":"tablet-align-left","19":"mobile-align-left","20":"ast-product-gallery-layout-horizontal","21":"ast-product-tabs-layout-horizontal","23":"first","24":"instock","25":"shipping-taxable","26":"product-type-simple"},"_links":{"self":[{"href":"https:\/\/www.fuyao-quartz.com\/pt\/wp-json\/wp\/v2\/product\/2755","targetHints":{"allow":["GET"]}}],"collection":[{"href":"https:\/\/www.fuyao-quartz.com\/pt\/wp-json\/wp\/v2\/product"}],"about":[{"href":"https:\/\/www.fuyao-quartz.com\/pt\/wp-json\/wp\/v2\/types\/product"}],"replies":[{"embeddable":true,"href":"https:\/\/www.fuyao-quartz.com\/pt\/wp-json\/wp\/v2\/comments?post=2755"}],"version-history":[{"count":2,"href":"https:\/\/www.fuyao-quartz.com\/pt\/wp-json\/wp\/v2\/product\/2755\/revisions"}],"predecessor-version":[{"id":2762,"href":"https:\/\/www.fuyao-quartz.com\/pt\/wp-json\/wp\/v2\/product\/2755\/revisions\/2762"}],"wp:featuredmedia":[{"embeddable":true,"href":"https:\/\/www.fuyao-quartz.com\/pt\/wp-json\/wp\/v2\/media\/2759"}],"wp:attachment":[{"href":"https:\/\/www.fuyao-quartz.com\/pt\/wp-json\/wp\/v2\/media?parent=2755"}],"wp:term":[{"taxonomy":"product_brand","embeddable":true,"href":"https:\/\/www.fuyao-quartz.com\/pt\/wp-json\/wp\/v2\/product_brand?post=2755"},{"taxonomy":"product_cat","embeddable":true,"href":"https:\/\/www.fuyao-quartz.com\/pt\/wp-json\/wp\/v2\/product_cat?post=2755"},{"taxonomy":"product_tag","embeddable":true,"href":"https:\/\/www.fuyao-quartz.com\/pt\/wp-json\/wp\/v2\/product_tag?post=2755"}],"curies":[{"name":"wp","href":"https:\/\/api.w.org\/{rel}","templated":true}]}}