{"id":2803,"date":"2026-04-28T08:51:02","date_gmt":"2026-04-28T08:51:02","guid":{"rendered":"https:\/\/www.fuyao-quartz.com\/?post_type=product&#038;p=2803"},"modified":"2026-04-28T08:51:06","modified_gmt":"2026-04-28T08:51:06","slug":"pigeon-blood-red-sapphire-watch-crystal-custom-synthetic-ruby-crystal-for-luxury-watches","status":"publish","type":"product","link":"https:\/\/www.fuyao-quartz.com\/pl\/product\/pigeon-blood-red-sapphire-watch-crystal-custom-synthetic-ruby-crystal-for-luxury-watches\/","title":{"rendered":"Pigeon Blood Red Sapphire Watch Crystal Niestandardowy syntetyczny kryszta\u0142 rubinowy do luksusowych zegark\u00f3w"},"content":{"rendered":"<p data-start=\"144\" data-end=\"568\"><img fetchpriority=\"high\" decoding=\"async\" class=\"alignright wp-image-2807 size-medium\" src=\"https:\/\/www.fuyao-quartz.com\/wp-content\/uploads\/2026\/04\/Pigeon-Blood-Red-Sapphire-Watch-Crystal-Custom-Synthetic-Ruby-Crystal-for-Luxury-Watches-1-300x300.png\" alt=\"Pigeon Blood Red Sapphire Watch Crystal Niestandardowy syntetyczny kryszta\u0142 rubinowy do luksusowych zegark\u00f3w\" width=\"300\" height=\"300\" srcset=\"https:\/\/www.fuyao-quartz.com\/wp-content\/uploads\/2026\/04\/Pigeon-Blood-Red-Sapphire-Watch-Crystal-Custom-Synthetic-Ruby-Crystal-for-Luxury-Watches-1-300x300.png 300w, https:\/\/www.fuyao-quartz.com\/wp-content\/uploads\/2026\/04\/Pigeon-Blood-Red-Sapphire-Watch-Crystal-Custom-Synthetic-Ruby-Crystal-for-Luxury-Watches-1-150x150.png 150w, https:\/\/www.fuyao-quartz.com\/wp-content\/uploads\/2026\/04\/Pigeon-Blood-Red-Sapphire-Watch-Crystal-Custom-Synthetic-Ruby-Crystal-for-Luxury-Watches-1-768x768.png 768w, https:\/\/www.fuyao-quartz.com\/wp-content\/uploads\/2026\/04\/Pigeon-Blood-Red-Sapphire-Watch-Crystal-Custom-Synthetic-Ruby-Crystal-for-Luxury-Watches-1-12x12.png 12w, https:\/\/www.fuyao-quartz.com\/wp-content\/uploads\/2026\/04\/Pigeon-Blood-Red-Sapphire-Watch-Crystal-Custom-Synthetic-Ruby-Crystal-for-Luxury-Watches-1-600x600.png 600w, https:\/\/www.fuyao-quartz.com\/wp-content\/uploads\/2026\/04\/Pigeon-Blood-Red-Sapphire-Watch-Crystal-Custom-Synthetic-Ruby-Crystal-for-Luxury-Watches-1-100x100.png 100w, https:\/\/www.fuyao-quartz.com\/wp-content\/uploads\/2026\/04\/Pigeon-Blood-Red-Sapphire-Watch-Crystal-Custom-Synthetic-Ruby-Crystal-for-Luxury-Watches-1.png 1000w\" sizes=\"(max-width: 300px) 100vw, 300px\" \/>Pigeon Blood Red Sapphire Watch Crystal to najwy\u017cszej jako\u015bci komponent optyczny wykonany z syntetycznego rubinu (czerwonego szafiru) o wysokiej czysto\u015bci, odmiany <span class=\"hover:entity-accent entity-underline inline cursor-pointer align-baseline\"><span class=\"whitespace-normal\">Szafir (monokryszta\u0142 Al\u2082O\u2083)<\/span><\/span> z domieszk\u0105 chromu, aby uzyska\u0107 kultowy g\u0142\u0119boki czerwony kolor \u201cgo\u0142\u0119biej krwi\u201d. Zaprojektowany z my\u015bl\u0105 o wysokiej klasy i luksusowych zegarkach, materia\u0142 ten \u0142\u0105czy w sobie wyj\u0105tkow\u0105 wytrzyma\u0142o\u015b\u0107 mechaniczn\u0105, uderzaj\u0105c\u0105 estetyk\u0119 i wyj\u0105tkowe w\u0142a\u015bciwo\u015bci optyczne.<\/p>\n<p data-start=\"570\" data-end=\"931\">W przeciwie\u0144stwie do konwencjonalnych przezroczystych kryszta\u0142\u00f3w do zegark\u00f3w, kryszta\u0142y szafirowe w kolorze go\u0142\u0119biej krwi oferuj\u0105 unikaln\u0105 to\u017csamo\u015b\u0107 wizualn\u0105, wzmacniaj\u0105c j\u0119zyk projektowania luksusowych i niestandardowych czasomierzy. Bogaty czerwony odcie\u0144, w po\u0142\u0105czeniu z nieod\u0142\u0105cznym blaskiem i trwa\u0142o\u015bci\u0105 szafiru, czyni go idealnym wyborem dla marek zegark\u00f3w premium, limitowanych edycji i projekt\u00f3w zegarmistrzowskich na zam\u00f3wienie.<\/p>\n<hr data-start=\"933\" data-end=\"936\" \/>\n<h2 data-section-id=\"1hjwgp3\" data-start=\"938\" data-end=\"969\">G\u0142\u00f3wne cechy i zalety<\/h2>\n<h3 data-section-id=\"srp5rs\" data-start=\"971\" data-end=\"1015\">1. Unikalna czerwona estetyka \u201cgo\u0142\u0119biej krwi\u201d<\/h3>\n<p data-start=\"1016\" data-end=\"1270\">G\u0142\u0119boka czerwie\u0144 jest uzyskiwana dzi\u0119ki precyzyjnej kontroli domieszki chromu podczas wzrostu kryszta\u0142u, co skutkuje jednolitym, \u017cywym odcieniem kojarzonym z wysokiej klasy materia\u0142ami rubinowymi. Ten charakterystyczny wygl\u0105d podnosi atrakcyjno\u015b\u0107 zegarka i wyr\u00f3\u017cnia mark\u0119.<\/p>\n<h3 data-section-id=\"1pnjdhc\" data-start=\"1272\" data-end=\"1324\">2. Wyj\u0105tkowa twardo\u015b\u0107 i odporno\u015b\u0107 na zarysowania<\/h3>\n<p data-start=\"1325\" data-end=\"1507\">Dzi\u0119ki twardo\u015bci 9 w skali Mohsa, szafirowe szkie\u0142ka zegark\u00f3w s\u0105 wysoce odporne na zarysowania i \u015bcieranie, zapewniaj\u0105c d\u0142ugotrwa\u0142\u0105 przejrzysto\u015b\u0107 i trwa\u0142o\u015b\u0107 nawet w codziennym u\u017cytkowaniu lub w trudnych warunkach.<\/p>\n<h3 data-section-id=\"vgool6\" data-start=\"1509\" data-end=\"1546\">3. Doskona\u0142a wydajno\u015b\u0107 optyczna<\/h3>\n<p data-start=\"1547\" data-end=\"1778\">Pomimo swojego zabarwienia, kryszta\u0142 zachowuje doskona\u0142\u0105 przepuszczalno\u015b\u0107 \u015bwiat\u0142a i jednorodno\u015b\u0107 optyczn\u0105. Mo\u017ce by\u0107 zaprojektowany do kontrolowanych poziom\u00f3w przezroczysto\u015bci, w zale\u017cno\u015bci od wymaga\u0144 projektowych (p\u00f3\u0142przezroczysty, przyciemniany lub dekoracyjny).<\/p>\n<h3 data-section-id=\"1y5f5oz\" data-start=\"1780\" data-end=\"1824\">4. Wysoka stabilno\u015b\u0107 termiczna i chemiczna<\/h3>\n<p data-start=\"1825\" data-end=\"2003\">Materia\u0142 pozostaje stabilny w ekstremalnych temperaturach i jest odporny na wi\u0119kszo\u015b\u0107 kwas\u00f3w, zasad i korozj\u0119 \u015brodowiskow\u0105, zapewniaj\u0105c niezawodno\u015b\u0107 w r\u00f3\u017cnych warunkach pracy.<\/p>\n<h3 data-section-id=\"1vz732i\" data-start=\"2005\" data-end=\"2058\">5. W pe\u0142ni konfigurowalne rozwi\u0105zania (kluczowa zaleta)<\/h3>\n<p data-start=\"2059\" data-end=\"2147\">Produkt ten jest wysoce konfigurowalny, aby spe\u0142ni\u0107 okre\u015blone wymagania projektowe i funkcjonalne:<\/p>\n<h2 style=\"font-style: normal;\" data-section-id=\"1hjwgp3\" data-start=\"938\" data-end=\"969\"><\/h2>\n<ul data-start=\"2148\" data-end=\"2424\">\n<li data-section-id=\"1kg88ut\" data-start=\"2148\" data-end=\"2192\">Kszta\u0142t: p\u0142aski, zakrzywiony, kopu\u0142a, podw\u00f3jnie zakrzywiony\n<p style=\"font-size: 16px;\">\n<\/li>\n<li data-section-id=\"1xcbw6m\" data-start=\"2193\" data-end=\"2236\">Rozmiar: \u015brednica, grubo\u015b\u0107, profil kraw\u0119dzi<\/li>\n<li data-section-id=\"i4y7hd\" data-start=\"2237\" data-end=\"2292\">Intensywno\u015b\u0107 koloru: od jasnoczerwonego do g\u0142\u0119bokiej go\u0142\u0119biej czerwieni<\/li>\n<li data-section-id=\"1q0nu6x\" data-start=\"2293\" data-end=\"2370\">Wyko\u0144czenie powierzchni: polerowane, antyrefleksyjne (AR), pow\u0142oki zapobiegaj\u0105ce pozostawianiu odcisk\u00f3w palc\u00f3w<\/li>\n<li data-section-id=\"cgvwyy\" data-start=\"2371\" data-end=\"2424\">Grawerowanie: logo, wzory lub tekstury dekoracyjne<\/li>\n<\/ul>\n<hr data-start=\"2426\" data-end=\"2429\" \/>\n<h2 data-section-id=\"58xi60\" data-start=\"2431\" data-end=\"2460\">Specyfikacja techniczna<\/h2>\n<div class=\"TyagGW_tableContainer\">\n<div class=\"group TyagGW_tableWrapper flex flex-col-reverse w-fit\" tabindex=\"-1\">\n<table class=\"w-fit min-w-(--thread-content-width)\" data-start=\"2462\" data-end=\"3136\">\n<thead data-start=\"2462\" data-end=\"2491\">\n<tr data-start=\"2462\" data-end=\"2491\">\n<th class=\"\" data-start=\"2462\" data-end=\"2474\" data-col-size=\"sm\">Parametr<\/th>\n<th class=\"\" data-start=\"2474\" data-end=\"2491\" data-col-size=\"md\">Specyfikacja<\/th>\n<\/tr>\n<\/thead>\n<tbody data-start=\"2521\" data-end=\"3136\">\n<tr data-start=\"2521\" data-end=\"2579\">\n<td data-start=\"2521\" data-end=\"2536\" data-col-size=\"sm\">Nazwa produktu<\/td>\n<td data-col-size=\"md\" data-start=\"2536\" data-end=\"2579\">Czerwony szafirowy kryszta\u0142 zegarka Pigeon Blood<\/td>\n<\/tr>\n<tr data-start=\"2580\" data-end=\"2629\">\n<td data-start=\"2580\" data-end=\"2591\" data-col-size=\"sm\">Materia\u0142<\/td>\n<td data-col-size=\"md\" data-start=\"2591\" data-end=\"2629\">Syntetyczny rubin (szafir z domieszk\u0105 Cr)<\/td>\n<\/tr>\n<tr data-start=\"2630\" data-end=\"2679\">\n<td data-start=\"2630\" data-end=\"2653\" data-col-size=\"sm\">Sk\u0142ad chemiczny<\/td>\n<td data-col-size=\"md\" data-start=\"2653\" data-end=\"2679\">Al\u2082O\u2083 (pojedynczy kryszta\u0142)<\/td>\n<\/tr>\n<tr data-start=\"2680\" data-end=\"2701\">\n<td data-start=\"2680\" data-end=\"2691\" data-col-size=\"sm\">Twardo\u015b\u0107<\/td>\n<td data-col-size=\"md\" data-start=\"2691\" data-end=\"2701\">Mohs 9<\/td>\n<\/tr>\n<tr data-start=\"2702\" data-end=\"2726\">\n<td data-start=\"2702\" data-end=\"2712\" data-col-size=\"sm\">G\u0119sto\u015b\u0107<\/td>\n<td data-col-size=\"md\" data-start=\"2712\" data-end=\"2726\">3,98 g\/cm\u00b3<\/td>\n<\/tr>\n<tr data-start=\"2727\" data-end=\"2776\">\n<td data-start=\"2727\" data-end=\"2746\" data-col-size=\"sm\">W\u0142a\u015bciwo\u015bci optyczne<\/td>\n<td data-col-size=\"md\" data-start=\"2746\" data-end=\"2776\">Kolorowy \/ p\u00f3\u0142przezroczysty<\/td>\n<\/tr>\n<tr data-start=\"2777\" data-end=\"2837\">\n<td data-start=\"2777\" data-end=\"2798\" data-col-size=\"sm\">Zakres transmisji<\/td>\n<td data-col-size=\"md\" data-start=\"2798\" data-end=\"2837\">200 - 5000 nm (w zale\u017cno\u015bci od domieszkowania)<\/td>\n<\/tr>\n<tr data-start=\"2838\" data-end=\"2883\">\n<td data-start=\"2838\" data-end=\"2850\" data-col-size=\"sm\">Grubo\u015b\u0107<\/td>\n<td data-col-size=\"md\" data-start=\"2850\" data-end=\"2883\">Niestandardowe (zazwyczaj 0,5 - 3 mm)<\/td>\n<\/tr>\n<tr data-start=\"2884\" data-end=\"2939\">\n<td data-start=\"2884\" data-end=\"2895\" data-col-size=\"sm\">\u015arednica<\/td>\n<td data-col-size=\"md\" data-start=\"2895\" data-end=\"2939\">Niestandardowe (np. 10-50 mm lub wed\u0142ug rysunku)<\/td>\n<\/tr>\n<tr data-start=\"2940\" data-end=\"2979\">\n<td data-start=\"2940\" data-end=\"2948\" data-col-size=\"sm\">Kszta\u0142t<\/td>\n<td data-col-size=\"md\" data-start=\"2948\" data-end=\"2979\">P\u0142aski \/ kopu\u0142kowy \/ podw\u00f3jnie zakrzywiony<\/td>\n<\/tr>\n<tr data-start=\"2980\" data-end=\"3027\">\n<td data-start=\"2980\" data-end=\"3000\" data-col-size=\"sm\">Chropowato\u015b\u0107 powierzchni<\/td>\n<td data-col-size=\"md\" data-start=\"3000\" data-end=\"3027\">Polerowanie klasy optycznej<\/td>\n<\/tr>\n<tr data-start=\"3028\" data-end=\"3096\">\n<td data-start=\"3028\" data-end=\"3046\" data-col-size=\"sm\">Opcje powlekania<\/td>\n<td data-col-size=\"md\" data-start=\"3046\" data-end=\"3096\">Pow\u0142oka AR \/ Twarda pow\u0142oka \/ Pow\u0142oka dekoracyjna<\/td>\n<\/tr>\n<tr data-start=\"3097\" data-end=\"3136\">\n<td data-start=\"3097\" data-end=\"3119\" data-col-size=\"sm\">Temperatura pracy<\/td>\n<td data-col-size=\"md\" data-start=\"3119\" data-end=\"3136\">Do ~1000\u00b0C<\/td>\n<\/tr>\n<\/tbody>\n<\/table>\n<\/div>\n<\/div>\n<hr data-start=\"3138\" data-end=\"3141\" \/>\n<h2 data-section-id=\"ce0tqk\" data-start=\"3143\" data-end=\"3160\">Zastosowania<\/h2>\n<ul data-start=\"3162\" data-end=\"3323\">\n<li data-section-id=\"1b00soz\" data-start=\"3162\" data-end=\"3191\">Luksusowe zegarki mechaniczne<\/li>\n<li data-section-id=\"d1i2gp\" data-start=\"3192\" data-end=\"3222\">Zegarki zaprojektowane na zam\u00f3wienie<\/li>\n<li data-section-id=\"17l1ca8\" data-start=\"3223\" data-end=\"3261\">Limitowane lub markowe zegarki<\/li>\n<li data-section-id=\"vtqgrx\" data-start=\"3262\" data-end=\"3293\">Dekoracyjne elementy zegark\u00f3w<\/li>\n<li data-section-id=\"11966n8\" data-start=\"3294\" data-end=\"3323\">Wysokiej klasy urz\u0105dzenia do noszenia<\/li>\n<\/ul>\n<p><img decoding=\"async\" class=\"alignnone wp-image-2809 size-large\" src=\"https:\/\/www.fuyao-quartz.com\/wp-content\/uploads\/2026\/04\/Pigeon-Blood-Red-Sapphire-Watch-Crystal-Custom-Synthetic-Ruby-Crystal-for-Luxury-Watches-5-1024x505.png\" alt=\"\" width=\"1024\" height=\"505\" srcset=\"https:\/\/www.fuyao-quartz.com\/wp-content\/uploads\/2026\/04\/Pigeon-Blood-Red-Sapphire-Watch-Crystal-Custom-Synthetic-Ruby-Crystal-for-Luxury-Watches-5-1024x505.png 1024w, https:\/\/www.fuyao-quartz.com\/wp-content\/uploads\/2026\/04\/Pigeon-Blood-Red-Sapphire-Watch-Crystal-Custom-Synthetic-Ruby-Crystal-for-Luxury-Watches-5-300x148.png 300w, https:\/\/www.fuyao-quartz.com\/wp-content\/uploads\/2026\/04\/Pigeon-Blood-Red-Sapphire-Watch-Crystal-Custom-Synthetic-Ruby-Crystal-for-Luxury-Watches-5-768x379.png 768w, https:\/\/www.fuyao-quartz.com\/wp-content\/uploads\/2026\/04\/Pigeon-Blood-Red-Sapphire-Watch-Crystal-Custom-Synthetic-Ruby-Crystal-for-Luxury-Watches-5-18x9.png 18w, https:\/\/www.fuyao-quartz.com\/wp-content\/uploads\/2026\/04\/Pigeon-Blood-Red-Sapphire-Watch-Crystal-Custom-Synthetic-Ruby-Crystal-for-Luxury-Watches-5-600x296.png 600w, https:\/\/www.fuyao-quartz.com\/wp-content\/uploads\/2026\/04\/Pigeon-Blood-Red-Sapphire-Watch-Crystal-Custom-Synthetic-Ruby-Crystal-for-Luxury-Watches-5.png 1536w\" sizes=\"(max-width: 1024px) 100vw, 1024px\" \/><\/p>\n<hr data-start=\"3325\" data-end=\"3328\" \/>\n<h2 data-section-id=\"myj2su\" data-start=\"3330\" data-end=\"3361\"><img decoding=\"async\" class=\"alignright wp-image-2806 size-medium\" src=\"https:\/\/www.fuyao-quartz.com\/wp-content\/uploads\/2026\/04\/Pigeon-Blood-Red-Sapphire-Watch-Crystal-Custom-Synthetic-Ruby-Crystal-for-Luxury-Watches-2-300x300.png\" alt=\"Pigeon Blood Red Sapphire Watch Crystal Niestandardowy syntetyczny kryszta\u0142 rubinowy do luksusowych zegark\u00f3w\" width=\"300\" height=\"300\" srcset=\"https:\/\/www.fuyao-quartz.com\/wp-content\/uploads\/2026\/04\/Pigeon-Blood-Red-Sapphire-Watch-Crystal-Custom-Synthetic-Ruby-Crystal-for-Luxury-Watches-2-300x300.png 300w, https:\/\/www.fuyao-quartz.com\/wp-content\/uploads\/2026\/04\/Pigeon-Blood-Red-Sapphire-Watch-Crystal-Custom-Synthetic-Ruby-Crystal-for-Luxury-Watches-2-150x150.png 150w, https:\/\/www.fuyao-quartz.com\/wp-content\/uploads\/2026\/04\/Pigeon-Blood-Red-Sapphire-Watch-Crystal-Custom-Synthetic-Ruby-Crystal-for-Luxury-Watches-2-768x768.png 768w, https:\/\/www.fuyao-quartz.com\/wp-content\/uploads\/2026\/04\/Pigeon-Blood-Red-Sapphire-Watch-Crystal-Custom-Synthetic-Ruby-Crystal-for-Luxury-Watches-2-12x12.png 12w, https:\/\/www.fuyao-quartz.com\/wp-content\/uploads\/2026\/04\/Pigeon-Blood-Red-Sapphire-Watch-Crystal-Custom-Synthetic-Ruby-Crystal-for-Luxury-Watches-2-600x600.png 600w, https:\/\/www.fuyao-quartz.com\/wp-content\/uploads\/2026\/04\/Pigeon-Blood-Red-Sapphire-Watch-Crystal-Custom-Synthetic-Ruby-Crystal-for-Luxury-Watches-2-100x100.png 100w, https:\/\/www.fuyao-quartz.com\/wp-content\/uploads\/2026\/04\/Pigeon-Blood-Red-Sapphire-Watch-Crystal-Custom-Synthetic-Ruby-Crystal-for-Luxury-Watches-2.png 1000w\" sizes=\"(max-width: 300px) 100vw, 300px\" \/>Mo\u017cliwo\u015bci dostosowywania<\/h2>\n<p data-start=\"3363\" data-end=\"3656\">Specjalizujemy si\u0119 w <strong data-start=\"3380\" data-end=\"3424\">W pe\u0142ni spersonalizowane szafirowe kryszta\u0142y do zegark\u00f3w<\/strong>, oferuj\u0105c precyzyjn\u0105 produkcj\u0119 w oparciu o rysunki lub specyfikacje klienta. Niezale\u017cnie od tego, czy wymagane s\u0105 unikalne geometrie, specjalne odcienie kolor\u00f3w czy zaawansowane pow\u0142oki, nasz zesp\u00f3\u0142 in\u017cynier\u00f3w zapewnia w\u0105skie tolerancje i sta\u0142\u0105 jako\u015b\u0107.<\/p>\n<p data-start=\"3658\" data-end=\"3683\">Personalizacja obejmuje:<\/p>\n<ul data-start=\"3684\" data-end=\"3918\">\n<li data-section-id=\"vu2mit\" data-start=\"3684\" data-end=\"3728\">Z\u0142o\u017cone kszta\u0142ty (kopulaste, schodkowe, fasetowe)<\/li>\n<li data-section-id=\"eidh82\" data-start=\"3729\" data-end=\"3784\">Kontrola mikrotolerancji grubo\u015bci i krzywizny<\/li>\n<li data-section-id=\"t3uvay\" data-start=\"3785\" data-end=\"3832\">Niestandardowa gradacja kolor\u00f3w i kontrola jednolito\u015bci<\/li>\n<li data-section-id=\"1wj84wk\" data-start=\"3833\" data-end=\"3875\">Grawerowanie logo i wyko\u0144czenia dekoracyjne<\/li>\n<li data-section-id=\"zge2hp\" data-start=\"3876\" data-end=\"3918\">Wsparcie od produkcji ma\u0142oseryjnej do masowej<\/li>\n<\/ul>\n<hr data-start=\"3920\" data-end=\"3923\" \/>\n<h2 data-section-id=\"x9bttf\" data-start=\"4335\" data-end=\"4343\">FAQ<\/h2>\n<p data-start=\"4345\" data-end=\"4545\"><strong data-start=\"4345\" data-end=\"4419\">P1: Czy mo\u017cna dostosowa\u0107 intensywno\u015b\u0107 koloru czerwonego szafirowego kryszta\u0142u?<\/strong><br data-start=\"4419\" data-end=\"4422\" \/>A1: Tak. Kolor mo\u017cna regulowa\u0107 od jasnoczerwonego do g\u0142\u0119bokiej go\u0142\u0119biej czerwieni, kontroluj\u0105c proces domieszkowania i grubo\u015b\u0107.<\/p>\n<p data-start=\"4547\" data-end=\"4720\"><strong data-start=\"4547\" data-end=\"4614\">P2: Czy kryszta\u0142 jest tak wytrzyma\u0142y jak standardowe szafirowe szk\u0142o zegarka?<\/strong><br data-start=\"4614\" data-end=\"4617\" \/>A2: Tak. Zachowuje t\u0119 sam\u0105 twardo\u015b\u0107 9 w skali Mohsa i oferuje doskona\u0142\u0105 odporno\u015b\u0107 na zarysowania i trwa\u0142o\u015b\u0107.<\/p>\n<p data-start=\"4722\" data-end=\"4942\" data-is-last-node=\"\" data-is-only-node=\"\"><strong data-start=\"4722\" data-end=\"4786\">P3: Czy obs\u0142ugujecie niestandardowe kszta\u0142ty i produkcj\u0119 ma\u0142oseryjn\u0105?<\/strong><br data-start=\"4786\" data-end=\"4789\" \/>A3: Oczywi\u015bcie. Zapewniamy pe\u0142ne us\u0142ugi dostosowywania, w tym kszta\u0142t, rozmiar, grubo\u015b\u0107, pow\u0142oki i mo\u017cemy wspiera\u0107 zar\u00f3wno prototypowanie, jak i masow\u0105 produkcj\u0119.<\/p>","protected":false},"excerpt":{"rendered":"<p>Szafirowe szkie\u0142ko do zegarka Pigeon Blood Red Sapphire Crystal to nie tylko element ochronny, ale tak\u017ce wyraz designu. \u0141\u0105cz\u0105c legendarn\u0105 trwa\u0142o\u015b\u0107 szafiru z luksusowym wygl\u0105dem rubinu, zapewnia zar\u00f3wno funkcjonalno\u015b\u0107, jak i walory estetyczne. Wysoki poziom personalizacji sprawia, \u017ce jest to idealne rozwi\u0105zanie dla zegarmistrz\u00f3w poszukuj\u0105cych zr\u00f3\u017cnicowania, innowacji i najwy\u017cszej jako\u015bci.<\/p>","protected":false},"featured_media":2804,"comment_status":"open","ping_status":"closed","template":"","meta":{"site-sidebar-layout":"default","site-content-layout":"","ast-site-content-layout":"default","site-content-style":"default","site-sidebar-style":"default","ast-global-header-display":"","ast-banner-title-visibility":"","ast-main-header-display":"","ast-hfb-above-header-display":"","ast-hfb-below-header-display":"","ast-hfb-mobile-header-display":"","site-post-title":"","ast-breadcrumbs-content":"","ast-featured-img":"","footer-sml-layout":"","ast-disable-related-posts":"","theme-transparent-header-meta":"default","adv-header-id-meta":"","stick-header-meta":"default","header-above-stick-meta":"","header-main-stick-meta":"","header-below-stick-meta":"","astra-migrate-meta-layouts":"set","ast-page-background-enabled":"default","ast-page-background-meta":{"desktop":{"background-color":"var(--ast-global-color-4)","background-image":"","background-repeat":"repeat","background-position":"center center","background-size":"auto","background-attachment":"scroll","background-type":"","background-media":"","overlay-type":"","overlay-color":"","overlay-opacity":"","overlay-gradient":""},"tablet":{"background-color":"","background-image":"","background-repeat":"repeat","background-position":"center center","background-size":"auto","background-attachment":"scroll","background-type":"","background-media":"","overlay-type":"","overlay-color":"","overlay-opacity":"","overlay-gradient":""},"mobile":{"background-color":"","background-image":"","background-repeat":"repeat","background-position":"center center","background-size":"auto","background-attachment":"scroll","background-type":"","background-media":"","overlay-type":"","overlay-color":"","overlay-opacity":"","overlay-gradient":""}},"ast-content-background-meta":{"desktop":{"background-color":"var(--ast-global-color-5)","background-image":"","background-repeat":"repeat","background-position":"center center","background-size":"auto","background-attachment":"scroll","background-type":"","background-media":"","overlay-type":"","overlay-color":"","overlay-opacity":"","overlay-gradient":""},"tablet":{"background-color":"var(--ast-global-color-5)","background-image":"","background-repeat":"repeat","background-position":"center center","background-size":"auto","background-attachment":"scroll","background-type":"","background-media":"","overlay-type":"","overlay-color":"","overlay-opacity":"","overlay-gradient":""},"mobile":{"background-color":"var(--ast-global-color-5)","background-image":"","background-repeat":"repeat","background-position":"center center","background-size":"auto","background-attachment":"scroll","background-type":"","background-media":"","overlay-type":"","overlay-color":"","overlay-opacity":"","overlay-gradient":""}}},"product_brand":[],"product_cat":[152],"product_tag":[996,1005,1004,994,1000,1006,998,1010,999,1008,1002,997,990,991,992,1009,993,1003,995,1001,1007],"class_list":{"0":"post-2803","1":"product","2":"type-product","3":"status-publish","4":"has-post-thumbnail","6":"product_cat-sapphire","7":"product_tag-al2o3-sapphire","8":"product_tag-anti-reflective-watch-crystal","9":"product_tag-ar-coating-sapphire","10":"product_tag-colored-sapphire-crystal","11":"product_tag-curved-watch-crystal","12":"product_tag-custom-sapphire-glass","13":"product_tag-custom-watch-crystal","14":"product_tag-decorative-sapphire-crystal","15":"product_tag-domed-sapphire-crystal","16":"product_tag-high-end-watch-components","17":"product_tag-high-hardness-crystal","18":"product_tag-luxury-watch-glass","19":"product_tag-pigeon-blood-red-sapphire","20":"product_tag-red-sapphire-watch-crystal","21":"product_tag-ruby-watch-crystal","22":"product_tag-sapphire-optics","23":"product_tag-sapphire-watch-crystal","24":"product_tag-scratch-resistant-watch-glass","25":"product_tag-synthetic-ruby-crystal","26":"product_tag-tinted-sapphire-glass","27":"product_tag-watch-crystal-manufacturer","28":"desktop-align-left","29":"tablet-align-left","30":"mobile-align-left","31":"ast-product-gallery-layout-horizontal","32":"ast-product-tabs-layout-horizontal","34":"first","35":"instock","36":"shipping-taxable","37":"product-type-simple"},"_links":{"self":[{"href":"https:\/\/www.fuyao-quartz.com\/pl\/wp-json\/wp\/v2\/product\/2803","targetHints":{"allow":["GET"]}}],"collection":[{"href":"https:\/\/www.fuyao-quartz.com\/pl\/wp-json\/wp\/v2\/product"}],"about":[{"href":"https:\/\/www.fuyao-quartz.com\/pl\/wp-json\/wp\/v2\/types\/product"}],"replies":[{"embeddable":true,"href":"https:\/\/www.fuyao-quartz.com\/pl\/wp-json\/wp\/v2\/comments?post=2803"}],"version-history":[{"count":1,"href":"https:\/\/www.fuyao-quartz.com\/pl\/wp-json\/wp\/v2\/product\/2803\/revisions"}],"predecessor-version":[{"id":2810,"href":"https:\/\/www.fuyao-quartz.com\/pl\/wp-json\/wp\/v2\/product\/2803\/revisions\/2810"}],"wp:featuredmedia":[{"embeddable":true,"href":"https:\/\/www.fuyao-quartz.com\/pl\/wp-json\/wp\/v2\/media\/2804"}],"wp:attachment":[{"href":"https:\/\/www.fuyao-quartz.com\/pl\/wp-json\/wp\/v2\/media?parent=2803"}],"wp:term":[{"taxonomy":"product_brand","embeddable":true,"href":"https:\/\/www.fuyao-quartz.com\/pl\/wp-json\/wp\/v2\/product_brand?post=2803"},{"taxonomy":"product_cat","embeddable":true,"href":"https:\/\/www.fuyao-quartz.com\/pl\/wp-json\/wp\/v2\/product_cat?post=2803"},{"taxonomy":"product_tag","embeddable":true,"href":"https:\/\/www.fuyao-quartz.com\/pl\/wp-json\/wp\/v2\/product_tag?post=2803"}],"curies":[{"name":"wp","href":"https:\/\/api.w.org\/{rel}","templated":true}]}}