{"id":2793,"date":"2026-04-28T07:20:30","date_gmt":"2026-04-28T07:20:30","guid":{"rendered":"https:\/\/www.fuyao-quartz.com\/?post_type=product&#038;p=2793"},"modified":"2026-04-28T07:20:33","modified_gmt":"2026-04-28T07:20:33","slug":"sapphire-tubes-high-purity-single-crystal-al%e2%82%82o%e2%82%83-for-high-temperature-and-optical-use","status":"publish","type":"product","link":"https:\/\/www.fuyao-quartz.com\/pl\/product\/sapphire-tubes-high-purity-single-crystal-al%e2%82%82o%e2%82%83-for-high-temperature-and-optical-use\/","title":{"rendered":"Rurki szafirowe z pojedynczym kryszta\u0142em Al\u2082O\u2083 o wysokiej czysto\u015bci do zastosowa\u0144 wysokotemperaturowych i optycznych"},"content":{"rendered":"<p data-start=\"171\" data-end=\"579\"><img fetchpriority=\"high\" decoding=\"async\" class=\"wp-image-2798 alignright\" src=\"https:\/\/www.fuyao-quartz.com\/wp-content\/uploads\/2026\/04\/Sapphire-Tubes-High-Purity-Single-Crystal-Al\u2082O\u2083-for-High-Temperature-and-Optical-Use-2-1-300x300.png\" alt=\"\" width=\"279\" height=\"279\" srcset=\"\" sizes=\"(max-width: 279px) 100vw, 279px\" data-srcset=\"\" \/>Rurki szafirowe s\u0105 zaawansowanymi komponentami rurowymi produkowanymi z wysokiej czysto\u015bci monokrystalicznego tlenku glinu (<span class=\"hover:entity-accent entity-underline inline cursor-pointer align-baseline\"><span class=\"whitespace-normal\">Szafir (monokryszta\u0142 Al\u2082O\u2083)<\/span><\/span>). \u0141\u0105cz\u0105c wyj\u0105tkow\u0105 wytrzyma\u0142o\u015b\u0107 mechaniczn\u0105, ekstremaln\u0105 odporno\u015b\u0107 termiczn\u0105 i szerok\u0105 przezroczysto\u015b\u0107 optyczn\u0105, szafirowe rurki s\u0105 szeroko stosowane w wymagaj\u0105cych \u015brodowiskach, w kt\u00f3rych konwencjonalne materia\u0142y, takie jak kwarc, szk\u0142o lub tlenek glinu, nie mog\u0105 spe\u0142ni\u0107 wymaga\u0144 dotycz\u0105cych wydajno\u015bci.<\/p>\n<p data-start=\"581\" data-end=\"900\">Ze wzgl\u0119du na swoj\u0105 unikaln\u0105 struktur\u0119 krystaliczn\u0105, szafirowe rurki oferuj\u0105 doskona\u0142\u0105 trwa\u0142o\u015b\u0107, oboj\u0119tno\u015b\u0107 chemiczn\u0105 i stabilno\u015b\u0107 wymiarow\u0105 nawet w trudnych warunkach pracy. W\u0142a\u015bciwo\u015bci te sprawiaj\u0105, \u017ce s\u0105 one niezb\u0119dnym materia\u0142em w przetwarzaniu p\u00f3\u0142przewodnik\u00f3w, piecach wysokotemperaturowych, systemach optycznych i oprzyrz\u0105dowaniu analitycznym.<\/p>\n<hr data-start=\"902\" data-end=\"905\" \/>\n<h2 data-section-id=\"1yz4sp2\" data-start=\"907\" data-end=\"927\">Podstawowe zalety<\/h2>\n<h3 data-section-id=\"y8ctbf\" data-start=\"929\" data-end=\"968\"><img decoding=\"async\" class=\"wp-image-2799 alignright\" src=\"https:\/\/www.fuyao-quartz.com\/wp-content\/uploads\/2026\/04\/Sapphire-Tubes-High-Purity-Single-Crystal-Al\u2082O\u2083-for-High-Temperature-and-Optical-Use-1-1-300x300.png\" alt=\"\" width=\"268\" height=\"268\" srcset=\"\" sizes=\"(max-width: 268px) 100vw, 268px\" data-srcset=\"\" \/>1. Wyj\u0105tkowa odporno\u015b\u0107 termiczna<\/h3>\n<p data-start=\"969\" data-end=\"1304\">Szafir ma temperatur\u0119 topnienia oko\u0142o 2050\u00b0C i zachowuje doskona\u0142\u0105 stabilno\u015b\u0107 strukturaln\u0105 w ekstremalnych temperaturach. Rury szafirowe mog\u0105 pracowa\u0107 w spos\u00f3b ci\u0105g\u0142y w \u015brodowiskach o wysokiej temperaturze (do ~2000\u00b0C w pr\u00f3\u017cni lub atmosferze oboj\u0119tnej), co czyni je idealnymi do system\u00f3w piecowych, przetwarzania termicznego i zastosowa\u0144 wysokoenergetycznych.<\/p>\n<h3 data-section-id=\"10kmn1a\" data-start=\"1306\" data-end=\"1356\">2. Doskona\u0142a wytrzyma\u0142o\u015b\u0107 mechaniczna i twardo\u015b\u0107<\/h3>\n<p data-start=\"1357\" data-end=\"1641\">Dzi\u0119ki twardo\u015bci 9 w skali Mohsa szafir jest jednym z najtwardszych dost\u0119pnych materia\u0142\u00f3w in\u017cynieryjnych. Rury szafirowe wykazuj\u0105 wyj\u0105tkow\u0105 odporno\u015b\u0107 na zu\u017cycie, zarysowania i d\u0142ug\u0105 \u017cywotno\u015b\u0107, znacznie przewy\u017cszaj\u0105c alternatywy kwarcowe i ceramiczne w \u015brodowiskach \u015bciernych lub o du\u017cym obci\u0105\u017ceniu.<\/p>\n<h3 data-section-id=\"1ghoehn\" data-start=\"1643\" data-end=\"1678\">3. Szeroka transmisja optyczna<\/h3>\n<p data-start=\"1679\" data-end=\"1948\">Rury szafirowe zapewniaj\u0105 doskona\u0142\u0105 transmisj\u0119 optyczn\u0105 w szerokim zakresie widmowym, od ultrafioletu (UV) do podczerwieni (IR) (oko\u0142o 200-5000 nm). Dzi\u0119ki temu nadaj\u0105 si\u0119 do optycznych lamp ochronnych, system\u00f3w laserowych, obud\u00f3w lamp i zastosowa\u0144 spektroskopowych.<\/p>\n<h3 data-section-id=\"1yihbeh\" data-start=\"1950\" data-end=\"1987\">4. Doskona\u0142a stabilno\u015b\u0107 chemiczna<\/h3>\n<p data-start=\"1988\" data-end=\"2201\">Szafir jest wysoce odporny na kwasy, zasady i gazy korozyjne. Pozostaje stabilny w agresywnych \u015brodowiskach chemicznych i plazmowych, dzi\u0119ki czemu nadaje si\u0119 do przetwarzania p\u00f3\u0142przewodnik\u00f3w i system\u00f3w analizy chemicznej.<\/p>\n<h3 data-section-id=\"ewkvkd\" data-start=\"2203\" data-end=\"2238\">5. Wysoka izolacja elektryczna<\/h3>\n<p data-start=\"2239\" data-end=\"2402\">Jako materia\u0142 dielektryczny, szafir oferuje doskona\u0142e w\u0142a\u015bciwo\u015bci izolacji elektrycznej, dzi\u0119ki czemu idealnie nadaje si\u0119 do stosowania w systemach elektronicznych wysokiego napi\u0119cia lub wysokiej cz\u0119stotliwo\u015bci.<\/p>\n<hr data-start=\"2404\" data-end=\"2407\" \/>\n<h2 data-section-id=\"58xi60\" data-start=\"2409\" data-end=\"2438\">Specyfikacja techniczna<\/h2>\n<div class=\"TyagGW_tableContainer\">\n<div class=\"group TyagGW_tableWrapper flex flex-col-reverse w-fit\" tabindex=\"-1\">\n<table class=\"w-fit min-w-(--thread-content-width)\" data-start=\"2440\" data-end=\"2790\">\n<thead data-start=\"2440\" data-end=\"2469\">\n<tr data-start=\"2440\" data-end=\"2469\">\n<th class=\"\" data-start=\"2440\" data-end=\"2452\" data-col-size=\"sm\">Parametr<\/th>\n<th class=\"\" data-start=\"2452\" data-end=\"2469\" data-col-size=\"sm\">Specyfikacja<\/th>\n<\/tr>\n<\/thead>\n<tbody data-start=\"2499\" data-end=\"2790\">\n<tr data-start=\"2499\" data-end=\"2545\">\n<td data-start=\"2499\" data-end=\"2510\" data-col-size=\"sm\">Materia\u0142<\/td>\n<td data-col-size=\"sm\" data-start=\"2510\" data-end=\"2545\">Pojedynczy kryszta\u0142 Al\u2082O\u2083 (szafir)<\/td>\n<\/tr>\n<tr data-start=\"2546\" data-end=\"2567\">\n<td data-start=\"2546\" data-end=\"2555\" data-col-size=\"sm\">Czysto\u015b\u0107<\/td>\n<td data-col-size=\"sm\" data-start=\"2555\" data-end=\"2567\">\u2265 99,99%<\/td>\n<\/tr>\n<tr data-start=\"2568\" data-end=\"2604\">\n<td data-start=\"2568\" data-end=\"2585\" data-col-size=\"sm\">\u015arednica zewn\u0119trzna<\/td>\n<td data-col-size=\"sm\" data-start=\"2585\" data-end=\"2604\">0,5 mm - 200 mm<\/td>\n<\/tr>\n<tr data-start=\"2605\" data-end=\"2641\">\n<td data-start=\"2605\" data-end=\"2622\" data-col-size=\"sm\">\u015arednica wewn\u0119trzna<\/td>\n<td data-col-size=\"sm\" data-start=\"2622\" data-end=\"2641\">0,2 mm - 180 mm<\/td>\n<\/tr>\n<tr data-start=\"2642\" data-end=\"2668\">\n<td data-start=\"2642\" data-end=\"2651\" data-col-size=\"sm\">D\u0142ugo\u015b\u0107<\/td>\n<td data-col-size=\"sm\" data-start=\"2651\" data-end=\"2668\">Do 1200 mm<\/td>\n<\/tr>\n<tr data-start=\"2669\" data-end=\"2709\">\n<td data-start=\"2669\" data-end=\"2692\" data-col-size=\"sm\">Transmisja optyczna<\/td>\n<td data-col-size=\"sm\" data-start=\"2692\" data-end=\"2709\">200 - 5000 nm<\/td>\n<\/tr>\n<tr data-start=\"2710\" data-end=\"2768\">\n<td data-start=\"2710\" data-end=\"2732\" data-col-size=\"sm\">Temperatura pracy<\/td>\n<td data-col-size=\"sm\" data-start=\"2732\" data-end=\"2768\">Do ~2000\u00b0C (pr\u00f3\u017cnia\/gaz oboj\u0119tny)<\/td>\n<\/tr>\n<tr data-start=\"2769\" data-end=\"2790\">\n<td data-start=\"2769\" data-end=\"2780\" data-col-size=\"sm\">Twardo\u015b\u0107<\/td>\n<td data-col-size=\"sm\" data-start=\"2780\" data-end=\"2790\">Mohs 9<\/td>\n<\/tr>\n<\/tbody>\n<\/table>\n<\/div>\n<\/div>\n<hr data-start=\"2792\" data-end=\"2795\" \/>\n<h2 data-section-id=\"1svz4ra\" data-start=\"2797\" data-end=\"2822\">Typowe zastosowania<\/h2>\n<h3 data-section-id=\"127s61j\" data-start=\"2824\" data-end=\"2852\">Przemys\u0142 p\u00f3\u0142przewodnik\u00f3w<\/h3>\n<p data-start=\"2853\" data-end=\"2999\">Stosowane jako rury procesowe, tuleje ochronne, elementy do obs\u0142ugi p\u0142ytek i cz\u0119\u015bci izolacyjne w urz\u0105dzeniach do epitaksji, dyfuzji i przetwarzania plazmowego.<\/p>\n<h3 data-section-id=\"bf6m2f\" data-start=\"3001\" data-end=\"3039\">Systemy piec\u00f3w wysokotemperaturowych<\/h3>\n<p data-start=\"3040\" data-end=\"3160\">Szeroko stosowane jako rury ochronne termopar, rury obserwacyjne i elementy konstrukcyjne w \u015brodowiskach o ekstremalnych temperaturach.<\/p>\n<h3 data-section-id=\"17dgta\" data-start=\"3162\" data-end=\"3193\">Systemy optyczne i laserowe<\/h3>\n<p data-start=\"3194\" data-end=\"3311\">Stosowany w rurach ochronnych lasera, optycznych \u015bcie\u017ckach transmisji, kopertach lamp i precyzyjnych zespo\u0142ach optycznych.<\/p>\n<h3 data-section-id=\"1qa6ips\" data-start=\"3313\" data-end=\"3356\">Instrumenty analityczne i naukowe<\/h3>\n<p data-start=\"3357\" data-end=\"3483\">Stosowany w systemach spektroskopii, komorach do analizy chemicznej i sprz\u0119cie laboratoryjnym wymagaj\u0105cym zar\u00f3wno przejrzysto\u015bci, jak i trwa\u0142o\u015bci.<\/p>\n<h3 data-section-id=\"aw8mwu\" data-start=\"3485\" data-end=\"3528\">Zastosowania przemys\u0142owe i lotnicze<\/h3>\n<p data-start=\"3529\" data-end=\"3633\">Nadaje si\u0119 do trudnych warunk\u00f3w obejmuj\u0105cych wysok\u0105 temperatur\u0119, napr\u0119\u017cenia mechaniczne i warunki korozyjne.<\/p>\n<hr data-start=\"3635\" data-end=\"3638\" \/>\n<h2 data-section-id=\"f4a4hh\" data-start=\"3640\" data-end=\"3687\">KY vs EFG Sapphire Tubes (kluczowe r\u00f3\u017cnice)<\/h2>\n<p data-start=\"3689\" data-end=\"3873\">Rury szafirowe s\u0105 produkowane g\u0142\u00f3wnie przy u\u017cyciu dw\u00f3ch metod: Kyropoulos (KY) i Edge-Defined Film-Fed Growth (EFG). Ka\u017cda z nich ma r\u00f3\u017cne zalety w zale\u017cno\u015bci od wymaga\u0144 aplikacji.<\/p>\n<div class=\"TyagGW_tableContainer\">\n<div class=\"group TyagGW_tableWrapper flex flex-col-reverse w-fit\" tabindex=\"-1\">\n<table class=\"w-fit min-w-(--thread-content-width)\" data-start=\"3875\" data-end=\"4440\">\n<thead data-start=\"3875\" data-end=\"3924\">\n<tr data-start=\"3875\" data-end=\"3924\">\n<th class=\"\" data-start=\"3875\" data-end=\"3884\" data-col-size=\"sm\">Aspekt<\/th>\n<th class=\"\" data-start=\"3884\" data-end=\"3903\" data-col-size=\"sm\">KY Sapphire Tube<\/th>\n<th class=\"\" data-start=\"3903\" data-end=\"3924\" data-col-size=\"sm\">EFG Sapphire Tube<\/th>\n<\/tr>\n<\/thead>\n<tbody data-start=\"3972\" data-end=\"4440\">\n<tr data-start=\"3972\" data-end=\"4064\">\n<td data-start=\"3972\" data-end=\"3995\" data-col-size=\"sm\">Metoda produkcji<\/td>\n<td data-start=\"3995\" data-end=\"4030\" data-col-size=\"sm\">Wykonane z kryszta\u0142u hodowanego luzem<\/td>\n<td data-start=\"4030\" data-end=\"4064\" data-col-size=\"sm\">Bezpo\u015bredni wzrost do kszta\u0142tu rury<\/td>\n<\/tr>\n<tr data-start=\"4065\" data-end=\"4130\">\n<td data-start=\"4065\" data-end=\"4083\" data-col-size=\"sm\">Kryszta\u0142owa jako\u015b\u0107<\/td>\n<td data-start=\"4083\" data-end=\"4118\" data-col-size=\"sm\">Wy\u017cszy (niski poziom wad, niski poziom stresu)<\/td>\n<td data-start=\"4118\" data-end=\"4130\" data-col-size=\"sm\">Umiarkowany<\/td>\n<\/tr>\n<tr data-start=\"4131\" data-end=\"4187\">\n<td data-start=\"4131\" data-end=\"4153\" data-col-size=\"sm\">Wydajno\u015b\u0107 optyczna<\/td>\n<td data-start=\"4153\" data-end=\"4179\" data-col-size=\"sm\">\u0645\u0645\u062a\u0627\u0632 (wysoka jednorodno\u015b\u0107)<\/td>\n<td data-start=\"4179\" data-end=\"4187\" data-col-size=\"sm\">Dobry<\/td>\n<\/tr>\n<tr data-start=\"4188\" data-end=\"4231\">\n<td data-start=\"4188\" data-end=\"4210\" data-col-size=\"sm\">Wytrzyma\u0142o\u015b\u0107 mechaniczna<\/td>\n<td data-start=\"4210\" data-end=\"4219\" data-col-size=\"sm\">Wy\u017cszy<\/td>\n<td data-start=\"4219\" data-end=\"4231\" data-col-size=\"sm\">Umiarkowany<\/td>\n<\/tr>\n<tr data-start=\"4232\" data-end=\"4316\">\n<td data-start=\"4232\" data-end=\"4258\" data-col-size=\"sm\">Elastyczno\u015b\u0107 wymiarowa<\/td>\n<td data-start=\"4258\" data-end=\"4287\" data-col-size=\"sm\">Wysoki (obr\u00f3bka precyzyjna)<\/td>\n<td data-start=\"4287\" data-end=\"4316\" data-col-size=\"sm\">Ograniczone przez proces wzrostu<\/td>\n<\/tr>\n<tr data-start=\"4317\" data-end=\"4356\">\n<td data-start=\"4317\" data-end=\"4324\" data-col-size=\"sm\">Koszt<\/td>\n<td data-start=\"4324\" data-end=\"4333\" data-col-size=\"sm\">Wy\u017cszy<\/td>\n<td data-start=\"4333\" data-end=\"4356\" data-col-size=\"sm\">Bardziej op\u0142acalne<\/td>\n<\/tr>\n<tr data-start=\"4357\" data-end=\"4440\">\n<td data-start=\"4357\" data-end=\"4371\" data-col-size=\"sm\">Typowe zastosowanie<\/td>\n<td data-start=\"4371\" data-end=\"4404\" data-col-size=\"sm\">Optyka wysokiej klasy, p\u00f3\u0142przewodniki<\/td>\n<td data-start=\"4404\" data-end=\"4440\" data-col-size=\"sm\">Przemys\u0142owe, og\u00f3lne zastosowania<\/td>\n<\/tr>\n<\/tbody>\n<\/table>\n<\/div>\n<\/div>\n<p data-start=\"4442\" data-end=\"4456\"><strong data-start=\"4442\" data-end=\"4454\">Podsumowanie:<\/strong><\/p>\n<ul data-start=\"4457\" data-end=\"4633\">\n<li data-section-id=\"1jqbj60\" data-start=\"4457\" data-end=\"4542\">Rurki szafirowe KY s\u0105 preferowane do zastosowa\u0144 wymagaj\u0105cych wysokiej precyzji i wydajno\u015bci<\/li>\n<li data-section-id=\"wswut5\" data-start=\"4543\" data-end=\"4633\">Rury szafirowe EFG s\u0105 bardziej odpowiednie do wra\u017cliwych na koszty i wielkoskalowych zastosowa\u0144 przemys\u0142owych<\/li>\n<\/ul>\n<hr data-start=\"4635\" data-end=\"4638\" \/>\n<h2 data-section-id=\"b0ncmg\" data-start=\"4640\" data-end=\"4666\"><img decoding=\"async\" class=\"size-medium wp-image-2801 alignright\" src=\"https:\/\/www.fuyao-quartz.com\/wp-content\/uploads\/2026\/04\/Sapphire-Tubes-High-Purity-Single-Crystal-Al\u2082O\u2083-for-High-Temperature-and-Optical-Use-4-300x300.png\" alt=\"\" width=\"300\" height=\"300\" srcset=\"\" sizes=\"(max-width: 300px) 100vw, 300px\" data-srcset=\"\" \/>Opcje dostosowywania<\/h2>\n<p data-start=\"4668\" data-end=\"4749\">Rury szafirowe mog\u0105 by\u0107 dostosowane do konkretnych potrzeb, w tym:<\/p>\n<ul data-start=\"4750\" data-end=\"5033\">\n<li data-section-id=\"1mgdjle\" data-start=\"4750\" data-end=\"4796\">Precyzyjna kontrola \u015brednicy zewn\u0119trznej i wewn\u0119trznej<\/li>\n<li data-section-id=\"1yv7fkk\" data-start=\"4797\" data-end=\"4835\">Dostosowanie d\u0142ugo\u015bci do 1200 mm<\/li>\n<li data-section-id=\"v93hdo\" data-start=\"4836\" data-end=\"4893\">Wyko\u0144czenie powierzchni: w stanie surowym, szlifowane lub polerowane optycznie<\/li>\n<li data-section-id=\"123oyaj\" data-start=\"4894\" data-end=\"4932\">Polerowanie jedno- lub dwustronne<\/li>\n<li data-section-id=\"ft1egz\" data-start=\"4933\" data-end=\"4979\">Orientacja kryszta\u0142u (o\u015b C, o\u015b A itp.)<\/li>\n<li data-section-id=\"126dwpl\" data-start=\"4980\" data-end=\"5033\">\u015acis\u0142a kontrola tolerancji dla krytycznych zastosowa\u0144<\/li>\n<\/ul>\n<h2 data-section-id=\"x9bttf\" data-start=\"5549\" data-end=\"5557\">FAQ<\/h2>\n<p data-start=\"5559\" data-end=\"5812\"><strong data-start=\"5559\" data-end=\"5632\">P1: Jakie s\u0105 g\u0142\u00f3wne zalety lamp szafirowych w por\u00f3wnaniu z lampami kwarcowymi?<\/strong><br data-start=\"5632\" data-end=\"5635\" \/>A1: Rurki szafirowe oferuj\u0105 znacznie wy\u017csz\u0105 twardo\u015b\u0107, lepsz\u0105 stabilno\u015b\u0107 termiczn\u0105, doskona\u0142\u0105 odporno\u015b\u0107 chemiczn\u0105 i szersz\u0105 transmisj\u0119 optyczn\u0105, szczeg\u00f3lnie w trudnych warunkach.<\/p>\n<p data-start=\"5814\" data-end=\"6054\"><strong data-start=\"5814\" data-end=\"5888\">P2: Czy rury szafirowe mog\u0105 by\u0107 u\u017cywane w \u015brodowiskach o bardzo wysokiej temperaturze?<\/strong><br data-start=\"5888\" data-end=\"5891\" \/>A2: Tak. Rury szafirowe mog\u0105 pracowa\u0107 w temperaturach zbli\u017caj\u0105cych si\u0119 do 2000\u00b0C w warunkach pr\u00f3\u017cni lub gazu oboj\u0119tnego, dzi\u0119ki czemu nadaj\u0105 si\u0119 do ekstremalnych zastosowa\u0144 termicznych.<\/p>\n<p data-start=\"6056\" data-end=\"6283\" data-is-last-node=\"\" data-is-only-node=\"\"><strong data-start=\"6056\" data-end=\"6106\">P3: Co jest lepsze, szafirowe rurki KY czy EFG?<\/strong><br data-start=\"6106\" data-end=\"6109\" \/>A3: Rurki szafirowe KY zapewniaj\u0105 wy\u017csz\u0105 jako\u015b\u0107 kryszta\u0142u i s\u0105 idealne do zastosowa\u0144 wysokiej klasy, podczas gdy rurki EFG s\u0105 bardziej op\u0142acalne i nadaj\u0105 si\u0119 do og\u00f3lnych zastosowa\u0144 przemys\u0142owych.<\/p>","protected":false},"excerpt":{"rendered":"<p>Rurki szafirowe to najwy\u017cszej jako\u015bci rozwi\u0105zanie do zastosowa\u0144 wymagaj\u0105cych po\u0142\u0105czenia odporno\u015bci na wysokie temperatury, przejrzysto\u015bci optycznej, wytrzyma\u0142o\u015bci mechanicznej i stabilno\u015bci chemicznej. Niezale\u017cnie od tego, czy s\u0105 stosowane w produkcji p\u00f3\u0142przewodnik\u00f3w, systemach optycznych czy ekstremalnych \u015brodowiskach przemys\u0142owych, szafirowe rurki zapewniaj\u0105 niezawodn\u0105 wydajno\u015b\u0107 tam, gdzie tradycyjne materia\u0142y zawodz\u0105. Dzi\u0119ki dost\u0119pnym opcjom produkcji KY i EFG, u\u017cytkownicy mog\u0105 wybra\u0107 optymaln\u0105 r\u00f3wnowag\u0119 mi\u0119dzy wydajno\u015bci\u0105 a kosztami.<\/p>","protected":false},"featured_media":2801,"comment_status":"open","ping_status":"closed","template":"","meta":{"site-sidebar-layout":"default","site-content-layout":"","ast-site-content-layout":"default","site-content-style":"default","site-sidebar-style":"default","ast-global-header-display":"","ast-banner-title-visibility":"","ast-main-header-display":"","ast-hfb-above-header-display":"","ast-hfb-below-header-display":"","ast-hfb-mobile-header-display":"","site-post-title":"","ast-breadcrumbs-content":"","ast-featured-img":"","footer-sml-layout":"","ast-disable-related-posts":"","theme-transparent-header-meta":"default","adv-header-id-meta":"","stick-header-meta":"default","header-above-stick-meta":"","header-main-stick-meta":"","header-below-stick-meta":"","astra-migrate-meta-layouts":"set","ast-page-background-enabled":"default","ast-page-background-meta":{"desktop":{"background-color":"var(--ast-global-color-4)","background-image":"","background-repeat":"repeat","background-position":"center center","background-size":"auto","background-attachment":"scroll","background-type":"","background-media":"","overlay-type":"","overlay-color":"","overlay-opacity":"","overlay-gradient":""},"tablet":{"background-color":"","background-image":"","background-repeat":"repeat","background-position":"center center","background-size":"auto","background-attachment":"scroll","background-type":"","background-media":"","overlay-type":"","overlay-color":"","overlay-opacity":"","overlay-gradient":""},"mobile":{"background-color":"","background-image":"","background-repeat":"repeat","background-position":"center center","background-size":"auto","background-attachment":"scroll","background-type":"","background-media":"","overlay-type":"","overlay-color":"","overlay-opacity":"","overlay-gradient":""}},"ast-content-background-meta":{"desktop":{"background-color":"var(--ast-global-color-5)","background-image":"","background-repeat":"repeat","background-position":"center center","background-size":"auto","background-attachment":"scroll","background-type":"","background-media":"","overlay-type":"","overlay-color":"","overlay-opacity":"","overlay-gradient":""},"tablet":{"background-color":"var(--ast-global-color-5)","background-image":"","background-repeat":"repeat","background-position":"center center","background-size":"auto","background-attachment":"scroll","background-type":"","background-media":"","overlay-type":"","overlay-color":"","overlay-opacity":"","overlay-gradient":""},"mobile":{"background-color":"var(--ast-global-color-5)","background-image":"","background-repeat":"repeat","background-position":"center center","background-size":"auto","background-attachment":"scroll","background-type":"","background-media":"","overlay-type":"","overlay-color":"","overlay-opacity":"","overlay-gradient":""}}},"product_brand":[],"product_cat":[152],"product_tag":[969,983,984,989,974,972,976,985,970,975,988,987,971,973,980,978,982,967,966,981,968,977,979,986],"class_list":{"0":"post-2793","1":"product","2":"type-product","3":"status-publish","4":"has-post-thumbnail","6":"product_cat-sapphire","7":"product_tag-al2o3-tube","8":"product_tag-chemical-resistant-tube","9":"product_tag-corrosion-resistant-material","10":"product_tag-custom-sapphire-tube","11":"product_tag-edge-defined-film-fed-growth","12":"product_tag-efg-sapphire-tube","13":"product_tag-furnace-tube","14":"product_tag-high-hardness-ceramic","15":"product_tag-high-purity-sapphire","16":"product_tag-high-temperature-tube","17":"product_tag-industrial-sapphire","18":"product_tag-insulating-tube","19":"product_tag-ky-sapphire-tube","20":"product_tag-kyropoulos-sapphire","21":"product_tag-laser-tube","22":"product_tag-optical-sapphire-tube","23":"product_tag-plasma-resistant-tube","24":"product_tag-sapphire-tube","25":"product_tag-sapphire-tubes","26":"product_tag-semiconductor-process-tube","27":"product_tag-single-crystal-sapphire","28":"product_tag-thermocouple-protection-tube","29":"product_tag-uv-ir-transmission-tube","30":"product_tag-wear-resistant-tube","31":"desktop-align-left","32":"tablet-align-left","33":"mobile-align-left","34":"ast-product-gallery-layout-horizontal","35":"ast-product-tabs-layout-horizontal","37":"first","38":"instock","39":"shipping-taxable","40":"product-type-simple"},"_links":{"self":[{"href":"https:\/\/www.fuyao-quartz.com\/pl\/wp-json\/wp\/v2\/product\/2793","targetHints":{"allow":["GET"]}}],"collection":[{"href":"https:\/\/www.fuyao-quartz.com\/pl\/wp-json\/wp\/v2\/product"}],"about":[{"href":"https:\/\/www.fuyao-quartz.com\/pl\/wp-json\/wp\/v2\/types\/product"}],"replies":[{"embeddable":true,"href":"https:\/\/www.fuyao-quartz.com\/pl\/wp-json\/wp\/v2\/comments?post=2793"}],"version-history":[{"count":1,"href":"https:\/\/www.fuyao-quartz.com\/pl\/wp-json\/wp\/v2\/product\/2793\/revisions"}],"predecessor-version":[{"id":2802,"href":"https:\/\/www.fuyao-quartz.com\/pl\/wp-json\/wp\/v2\/product\/2793\/revisions\/2802"}],"wp:featuredmedia":[{"embeddable":true,"href":"https:\/\/www.fuyao-quartz.com\/pl\/wp-json\/wp\/v2\/media\/2801"}],"wp:attachment":[{"href":"https:\/\/www.fuyao-quartz.com\/pl\/wp-json\/wp\/v2\/media?parent=2793"}],"wp:term":[{"taxonomy":"product_brand","embeddable":true,"href":"https:\/\/www.fuyao-quartz.com\/pl\/wp-json\/wp\/v2\/product_brand?post=2793"},{"taxonomy":"product_cat","embeddable":true,"href":"https:\/\/www.fuyao-quartz.com\/pl\/wp-json\/wp\/v2\/product_cat?post=2793"},{"taxonomy":"product_tag","embeddable":true,"href":"https:\/\/www.fuyao-quartz.com\/pl\/wp-json\/wp\/v2\/product_tag?post=2793"}],"curies":[{"name":"wp","href":"https:\/\/api.w.org\/{rel}","templated":true}]}}