{"id":2755,"date":"2026-04-24T03:40:56","date_gmt":"2026-04-24T03:40:56","guid":{"rendered":"https:\/\/www.fuyao-quartz.com\/?post_type=product&#038;p=2755"},"modified":"2026-04-24T03:40:58","modified_gmt":"2026-04-24T03:40:58","slug":"custom-fused-quartz-plates-with-through-holes","status":"publish","type":"product","link":"https:\/\/www.fuyao-quartz.com\/pl\/product\/custom-fused-quartz-plates-with-through-holes\/","title":{"rendered":"Niestandardowe p\u0142yty z topionego kwarcu z otworami przelotowymi"},"content":{"rendered":"<p data-start=\"253\" data-end=\"586\"><img fetchpriority=\"high\" decoding=\"async\" class=\"alignright wp-image-2756 size-medium\" src=\"https:\/\/www.fuyao-quartz.com\/wp-content\/uploads\/2026\/04\/Custom-Fused-Quartz-Plates-with-Through-Holes-2-300x300.png\" alt=\"Niestandardowe p\u0142yty z topionego kwarcu z otworami przelotowymi\" width=\"300\" height=\"300\" srcset=\"https:\/\/www.fuyao-quartz.com\/wp-content\/uploads\/2026\/04\/Custom-Fused-Quartz-Plates-with-Through-Holes-2-300x300.png 300w, https:\/\/www.fuyao-quartz.com\/wp-content\/uploads\/2026\/04\/Custom-Fused-Quartz-Plates-with-Through-Holes-2-150x150.png 150w, https:\/\/www.fuyao-quartz.com\/wp-content\/uploads\/2026\/04\/Custom-Fused-Quartz-Plates-with-Through-Holes-2-768x768.png 768w, https:\/\/www.fuyao-quartz.com\/wp-content\/uploads\/2026\/04\/Custom-Fused-Quartz-Plates-with-Through-Holes-2-12x12.png 12w, https:\/\/www.fuyao-quartz.com\/wp-content\/uploads\/2026\/04\/Custom-Fused-Quartz-Plates-with-Through-Holes-2-600x600.png 600w, https:\/\/www.fuyao-quartz.com\/wp-content\/uploads\/2026\/04\/Custom-Fused-Quartz-Plates-with-Through-Holes-2-100x100.png 100w, https:\/\/www.fuyao-quartz.com\/wp-content\/uploads\/2026\/04\/Custom-Fused-Quartz-Plates-with-Through-Holes-2.png 1000w\" sizes=\"(max-width: 300px) 100vw, 300px\" \/>Niestandardowe topione p\u0142ytki kwarcowe z otworami przelotowymi to wysoce precyzyjne komponenty produkowane z dwutlenku krzemu o bardzo wysokiej czysto\u015bci (SiO\u2082 &gt; 99,9%). P\u0142yty te s\u0105 specjalnie zaprojektowane do zaawansowanych zastosowa\u0144 przemys\u0142owych i naukowych, w kt\u00f3rych stabilno\u015b\u0107 termiczna, odporno\u015b\u0107 chemiczna i parametry optyczne maj\u0105 kluczowe znaczenie.<\/p>\n<p data-start=\"588\" data-end=\"1033\">W przeciwie\u0144stwie do standardowych materia\u0142\u00f3w szklanych, topiony kwarc oferuje unikalne po\u0142\u0105czenie niskiej rozszerzalno\u015bci cieplnej, odporno\u015bci na wysokie temperatury i szerokiej transmisji optycznej, dzi\u0119ki czemu idealnie nadaje si\u0119 do p\u00f3\u0142przewodnik\u00f3w, fotoniki i system\u00f3w laboratoryjnych. Dzi\u0119ki zintegrowaniu precyzyjnie wywierconych otwor\u00f3w, te p\u0142ytki kwarcowe umo\u017cliwiaj\u0105 kontrolowany przep\u0142yw cieczy, dystrybucj\u0119 gazu lub wyr\u00f3wnanie optyczne, przekszta\u0142caj\u0105c je z pasywnych pod\u0142o\u017cy w funkcjonalne elementy systemu.<\/p>\n<p data-start=\"1035\" data-end=\"1229\">Dost\u0119pne w wielu klasach, takich jak JGS1, JGS2 i JGS3, produkty te mo\u017cna dostosowa\u0107 do r\u00f3\u017cnych wymaga\u0144 dotycz\u0105cych d\u0142ugo\u015bci fali, od g\u0142\u0119bokiego ultrafioletu (UV) do zastosowa\u0144 w podczerwieni (IR).<\/p>\n<hr data-start=\"1231\" data-end=\"1234\" \/>\n<h2 data-section-id=\"16yfqpq\" data-start=\"1236\" data-end=\"1260\"><img decoding=\"async\" class=\"alignright wp-image-2758\" src=\"https:\/\/www.fuyao-quartz.com\/wp-content\/uploads\/2026\/04\/Custom-Fused-Quartz-Plates-with-Through-Holes-4-300x300.png\" alt=\"Niestandardowe p\u0142yty z topionego kwarcu z otworami przelotowymi\" width=\"286\" height=\"286\" srcset=\"https:\/\/www.fuyao-quartz.com\/wp-content\/uploads\/2026\/04\/Custom-Fused-Quartz-Plates-with-Through-Holes-4-300x300.png 300w, https:\/\/www.fuyao-quartz.com\/wp-content\/uploads\/2026\/04\/Custom-Fused-Quartz-Plates-with-Through-Holes-4-150x150.png 150w, https:\/\/www.fuyao-quartz.com\/wp-content\/uploads\/2026\/04\/Custom-Fused-Quartz-Plates-with-Through-Holes-4-768x768.png 768w, https:\/\/www.fuyao-quartz.com\/wp-content\/uploads\/2026\/04\/Custom-Fused-Quartz-Plates-with-Through-Holes-4-12x12.png 12w, https:\/\/www.fuyao-quartz.com\/wp-content\/uploads\/2026\/04\/Custom-Fused-Quartz-Plates-with-Through-Holes-4-600x600.png 600w, https:\/\/www.fuyao-quartz.com\/wp-content\/uploads\/2026\/04\/Custom-Fused-Quartz-Plates-with-Through-Holes-4-100x100.png 100w, https:\/\/www.fuyao-quartz.com\/wp-content\/uploads\/2026\/04\/Custom-Fused-Quartz-Plates-with-Through-Holes-4.png 1000w\" sizes=\"(max-width: 286px) 100vw, 286px\" \/>Kluczowe cechy<\/h2>\n<ul data-start=\"1262\" data-end=\"1765\">\n<li data-section-id=\"1axa1m2\" data-start=\"1262\" data-end=\"1340\">Kwarc o bardzo wysokiej czysto\u015bci (SiO\u2082 &gt; 99,9%) zapewniaj\u0105cy doskona\u0142\u0105 przejrzysto\u015b\u0107 optyczn\u0105<\/li>\n<li data-section-id=\"5faqt9\" data-start=\"1341\" data-end=\"1407\">Niestandardowy rozmiar otworu, po\u0142o\u017cenie i geometria na podstawie rysunk\u00f3w CAD<\/li>\n<li data-section-id=\"cv911c\" data-start=\"1408\" data-end=\"1472\">Wyj\u0105tkowa odporno\u015b\u0107 termiczna (do 1100\u00b0C ci\u0105g\u0142ej pracy)<\/li>\n<li data-section-id=\"mr67xq\" data-start=\"1473\" data-end=\"1534\">Wyj\u0105tkowo niska rozszerzalno\u015b\u0107 cieplna zapewniaj\u0105ca stabilno\u015b\u0107 wymiarow\u0105<\/li>\n<li data-section-id=\"1j38b2o\" data-start=\"1535\" data-end=\"1590\">Wysoka odporno\u015b\u0107 chemiczna (z wyj\u0105tkiem kwasu fluorowodorowego)<\/li>\n<li data-section-id=\"1ae6fco\" data-start=\"1591\" data-end=\"1649\">Polerowanie optyczne dost\u0119pne dla zastosowa\u0144 precyzyjnych<\/li>\n<li data-section-id=\"3w4enf\" data-start=\"1650\" data-end=\"1708\">Kompatybilno\u015b\u0107 z pomieszczeniami czystymi i \u015brodowiskami o wysokim stopniu czysto\u015bci<\/li>\n<li data-section-id=\"12n18dz\" data-start=\"1709\" data-end=\"1765\">Nadaje si\u0119 zar\u00f3wno do integracji strukturalnej, jak i optycznej<\/li>\n<\/ul>\n<hr data-start=\"1767\" data-end=\"1770\" \/>\n<h2 data-section-id=\"sim1wa\" data-start=\"1772\" data-end=\"1799\">Gatunki materia\u0142\u00f3w<\/h2>\n<h3 data-section-id=\"1e4slao\" data-start=\"1801\" data-end=\"1835\">JGS1 - Topiona krzemionka klasy UV<\/h3>\n<p data-start=\"1836\" data-end=\"2071\">JGS1 oferuje doskona\u0142\u0105 transmisj\u0119 w zakresie od 185 nm do 2500 nm, dzi\u0119ki czemu idealnie nadaje si\u0119 do zastosowa\u0144 w g\u0142\u0119bokim UV, takich jak litografia, lasery UV i wysokoenergetyczne systemy optyczne. Charakteryzuje si\u0119 bardzo nisk\u0105 zawarto\u015bci\u0105 hydroksylu (OH-) i minimaln\u0105 dw\u00f3j\u0142omno\u015bci\u0105.<\/p>\n<h3 data-section-id=\"z3oyrd\" data-start=\"2073\" data-end=\"2106\">JGS2 - kwarc klasy optycznej<\/h3>\n<p data-start=\"2107\" data-end=\"2282\">JGS2 jest szeroko stosowany w aplikacjach widzialnych i bliskiej podczerwieni (260-2500 nm). Zapewnia wysok\u0105 jednorodno\u015b\u0107 optyczn\u0105 i jest op\u0142acalnym rozwi\u0105zaniem dla og\u00f3lnych system\u00f3w optycznych.<\/p>\n<h3 data-section-id=\"1xbm0q2\" data-start=\"2284\" data-end=\"2318\">JGS3 - Szk\u0142o kwarcowe na podczerwie\u0144<\/h3>\n<p data-start=\"2319\" data-end=\"2493\">JGS3 jest zoptymalizowany pod k\u0105tem zastosowa\u0144 w podczerwieni i zastosowa\u0144 przemys\u0142owych. Chocia\u017c ma ni\u017csz\u0105 transmisj\u0119 w g\u0142\u0119bokim zakresie UV, dobrze sprawdza si\u0119 w \u015brodowiskach termicznych i zwi\u0105zanych z podczerwieni\u0105.<\/p>\n<p data-start=\"2319\" data-end=\"2493\"><img decoding=\"async\" class=\"wp-image-2760 size-full aligncenter\" src=\"https:\/\/www.fuyao-quartz.com\/wp-content\/uploads\/2026\/04\/20250620152843_73372.png\" alt=\"\" width=\"680\" height=\"356\" srcset=\"https:\/\/www.fuyao-quartz.com\/wp-content\/uploads\/2026\/04\/20250620152843_73372.png 680w, https:\/\/www.fuyao-quartz.com\/wp-content\/uploads\/2026\/04\/20250620152843_73372-300x157.png 300w, https:\/\/www.fuyao-quartz.com\/wp-content\/uploads\/2026\/04\/20250620152843_73372-18x9.png 18w, https:\/\/www.fuyao-quartz.com\/wp-content\/uploads\/2026\/04\/20250620152843_73372-600x314.png 600w\" sizes=\"(max-width: 680px) 100vw, 680px\" \/><\/p>\n<hr data-start=\"2495\" data-end=\"2498\" \/>\n<h2 data-section-id=\"10i1aaf\" data-start=\"2500\" data-end=\"2533\">Proces produkcji<\/h2>\n<p data-start=\"2535\" data-end=\"2648\">Produkcja niestandardowych p\u0142yt kwarcowych wymaga \u015bcis\u0142ej kontroli procesu w celu zapewnienia precyzji i sp\u00f3jno\u015bci:<\/p>\n<p data-start=\"2650\" data-end=\"2768\">1. Wyb\u00f3r materia\u0142u<br data-start=\"2675\" data-end=\"2678\" \/>Wlewki kwarcowe o wysokiej czysto\u015bci s\u0105 wybierane i przygotowywane zgodnie z wymaganiami aplikacji.<\/p>\n<p data-start=\"2770\" data-end=\"2918\">2. Precyzyjne ci\u0119cie i kszta\u0142towanie<br data-start=\"2804\" data-end=\"2807\" \/>W celu uzyskania niestandardowych wymiar\u00f3w i geometrii stosuje si\u0119 zaawansowan\u0105 obr\u00f3bk\u0119 CNC, ci\u0119cie strumieniem wody lub ci\u0119cie laserowe.<\/p>\n<p data-start=\"2920\" data-end=\"3127\">3. Wiercenie otwor\u00f3w<br data-start=\"2940\" data-end=\"2943\" \/>Otwory przelotowe s\u0105 tworzone przy u\u017cyciu specjalistycznych technik, takich jak wiercenie ultrad\u017awi\u0119kowe, wiercenie laserowe CO\u2082 lub wiercenie mechaniczne, w zale\u017cno\u015bci od tolerancji i wymaga\u0144 dotycz\u0105cych jako\u015bci powierzchni.<\/p>\n<p data-start=\"3129\" data-end=\"3337\">4. Przetwarzanie powierzchni<br data-start=\"3154\" data-end=\"3157\" \/>Polerowanie optyczne (jednostronne lub dwustronne) jest stosowane w celu uzyskania wysokiej p\u0142asko\u015bci powierzchni i niskiej chropowato\u015bci. Dost\u0119pne jest r\u00f3wnie\u017c wyka\u0144czanie kraw\u0119dzi, fazowanie i polerowanie chemiczne.<\/p>\n<p data-start=\"3339\" data-end=\"3523\">5. Czyszczenie i inspekcja<br data-start=\"3367\" data-end=\"3370\" \/>Wszystkie komponenty przechodz\u0105 rygorystyczne czyszczenie w kontrolowanych \u015brodowiskach i s\u0105 sprawdzane pod k\u0105tem dok\u0142adno\u015bci wymiarowej, jako\u015bci powierzchni i wydajno\u015bci optycznej.<\/p>\n<hr data-start=\"3525\" data-end=\"3528\" \/>\n<h2 data-section-id=\"1vt21ys\" data-start=\"3530\" data-end=\"3565\">Specyfikacje techniczne\uff08\u53c2\u6570\u8868\uff09<\/h2>\n<div class=\"TyagGW_tableContainer\">\n<div class=\"group TyagGW_tableWrapper flex flex-col-reverse w-fit\" tabindex=\"-1\">\n<table class=\"w-fit min-w-(--thread-content-width)\" data-start=\"3567\" data-end=\"4087\">\n<thead data-start=\"3567\" data-end=\"3595\">\n<tr data-start=\"3567\" data-end=\"3595\">\n<th class=\"\" data-start=\"3567\" data-end=\"3578\" data-col-size=\"sm\">W\u0142asno\u015b\u0107<\/th>\n<th class=\"\" data-start=\"3578\" data-end=\"3595\" data-col-size=\"sm\">Typowa warto\u015b\u0107<\/th>\n<\/tr>\n<\/thead>\n<tbody data-start=\"3624\" data-end=\"4087\">\n<tr data-start=\"3624\" data-end=\"3653\">\n<td data-start=\"3624\" data-end=\"3635\" data-col-size=\"sm\">\u015arednica<\/td>\n<td data-col-size=\"sm\" data-start=\"3635\" data-end=\"3653\">10 mm - 600 mm<\/td>\n<\/tr>\n<tr data-start=\"3654\" data-end=\"3682\">\n<td data-start=\"3654\" data-end=\"3663\" data-col-size=\"sm\">D\u0142ugo\u015b\u0107<\/td>\n<td data-col-size=\"sm\" data-start=\"3663\" data-end=\"3682\">10 mm - 1000 mm<\/td>\n<\/tr>\n<tr data-start=\"3683\" data-end=\"3710\">\n<td data-start=\"3683\" data-end=\"3691\" data-col-size=\"sm\">Szeroko\u015b\u0107<\/td>\n<td data-col-size=\"sm\" data-start=\"3691\" data-end=\"3710\">10 mm - 1000 mm<\/td>\n<\/tr>\n<tr data-start=\"3711\" data-end=\"3741\">\n<td data-start=\"3711\" data-end=\"3723\" data-col-size=\"sm\">Grubo\u015b\u0107<\/td>\n<td data-col-size=\"sm\" data-start=\"3723\" data-end=\"3741\">0,5 mm - 60 mm<\/td>\n<\/tr>\n<tr data-start=\"3742\" data-end=\"3782\">\n<td data-start=\"3742\" data-end=\"3753\" data-col-size=\"sm\">Materia\u0142<\/td>\n<td data-col-size=\"sm\" data-start=\"3753\" data-end=\"3782\">SiO\u2082 o wysokiej czysto\u015bci (&gt;99,9%)<\/td>\n<\/tr>\n<tr data-start=\"3783\" data-end=\"3812\">\n<td data-start=\"3783\" data-end=\"3793\" data-col-size=\"sm\">G\u0119sto\u015b\u0107<\/td>\n<td data-col-size=\"sm\" data-start=\"3793\" data-end=\"3812\">2,2 \u00d7 10\u00b3 kg\/m\u00b3<\/td>\n<\/tr>\n<tr data-start=\"3813\" data-end=\"3844\">\n<td data-start=\"3813\" data-end=\"3824\" data-col-size=\"sm\">Twardo\u015b\u0107<\/td>\n<td data-col-size=\"sm\" data-start=\"3824\" data-end=\"3844\">5,3 - 6,5 (Mohs)<\/td>\n<\/tr>\n<tr data-start=\"3845\" data-end=\"3885\">\n<td data-start=\"3845\" data-end=\"3868\" data-col-size=\"sm\">Wytrzyma\u0142o\u015b\u0107 na \u015bciskanie<\/td>\n<td data-col-size=\"sm\" data-start=\"3868\" data-end=\"3885\">\uff1e1,1 \u00d7 10\u2079 Pa<\/td>\n<\/tr>\n<tr data-start=\"3886\" data-end=\"3923\">\n<td data-start=\"3886\" data-end=\"3906\" data-col-size=\"sm\">Rozszerzalno\u015b\u0107 cieplna<\/td>\n<td data-col-size=\"sm\" data-start=\"3906\" data-end=\"3923\">5.5 \u00d7 10-\u2077 \/\u2103<\/td>\n<\/tr>\n<tr data-start=\"3924\" data-end=\"3964\">\n<td data-start=\"3924\" data-end=\"3955\" data-col-size=\"sm\">Maksymalna temperatura (kr\u00f3tkotrwa\u0142a)<\/td>\n<td data-col-size=\"sm\" data-start=\"3955\" data-end=\"3964\">1200\u2103<\/td>\n<\/tr>\n<tr data-start=\"3965\" data-end=\"4004\">\n<td data-start=\"3965\" data-end=\"3995\" data-col-size=\"sm\">Maksymalna temperatura (d\u0142ugotrwa\u0142a)<\/td>\n<td data-col-size=\"sm\" data-start=\"3995\" data-end=\"4004\">1100\u2103<\/td>\n<\/tr>\n<tr data-start=\"4005\" data-end=\"4032\">\n<td data-start=\"4005\" data-end=\"4023\" data-col-size=\"sm\">Punkt zmi\u0119kczania<\/td>\n<td data-col-size=\"sm\" data-start=\"4023\" data-end=\"4032\">1730\u2103<\/td>\n<\/tr>\n<tr data-start=\"4033\" data-end=\"4062\">\n<td data-start=\"4033\" data-end=\"4052\" data-col-size=\"sm\">Wsp\u00f3\u0142czynnik za\u0142amania \u015bwiat\u0142a<\/td>\n<td data-col-size=\"sm\" data-start=\"4052\" data-end=\"4062\">1.4585<\/td>\n<\/tr>\n<tr data-start=\"4063\" data-end=\"4087\">\n<td data-start=\"4063\" data-end=\"4079\" data-col-size=\"sm\">Przepuszczalno\u015b\u0107<\/td>\n<td data-col-size=\"sm\" data-start=\"4079\" data-end=\"4087\">\u226585%<\/td>\n<\/tr>\n<\/tbody>\n<\/table>\n<\/div>\n<\/div>\n<hr data-start=\"4089\" data-end=\"4092\" \/>\n<h2 data-section-id=\"rp9ojj\" data-start=\"4094\" data-end=\"4118\">Zastosowania<\/h2>\n<p data-start=\"4120\" data-end=\"4293\">Dzi\u0119ki unikalnemu po\u0142\u0105czeniu wytrzyma\u0142o\u015bci mechanicznej, przejrzysto\u015bci optycznej i dostosowania strukturalnego, te p\u0142yty kwarcowe s\u0105 szeroko stosowane w wielu bran\u017cach:<\/p>\n<h3 data-section-id=\"127s61j\" data-start=\"4295\" data-end=\"4323\">Przemys\u0142 p\u00f3\u0142przewodnik\u00f3w<\/h3>\n<p data-start=\"4324\" data-end=\"4513\">Stosowane jako no\u015bniki wafli, p\u0142yty rozprowadzaj\u0105ce gaz (g\u0142owice prysznicowe) i elementy konstrukcyjne w systemach trawienia i osadzania. Ich wysoka czysto\u015b\u0107 zapewnia kompatybilno\u015b\u0107 z procesami w pomieszczeniach czystych.<\/p>\n<h3 data-section-id=\"fov9jx\" data-start=\"4515\" data-end=\"4552\">Mikroprzep\u0142ywowo\u015b\u0107 i nauki przyrodnicze<\/h3>\n<p data-start=\"4553\" data-end=\"4669\">Precyzyjnie wywiercone otwory umo\u017cliwiaj\u0105 kontrol\u0119 p\u0142yn\u00f3w w chipach mikroprzep\u0142ywowych, urz\u0105dzeniach typu lab-on-chip i instrumentach analitycznych.<\/p>\n<h3 data-section-id=\"oe8bok\" data-start=\"4671\" data-end=\"4697\">Optyka i fotonika<\/h3>\n<p data-start=\"4698\" data-end=\"4828\">Stosowany w maskach optycznych, aperturach, oknach laserowych i systemach wyr\u00f3wnywania wi\u0105zki, gdzie wymagana jest wysoka transmisja i stabilno\u015b\u0107.<\/p>\n<h3 data-section-id=\"tmu20s\" data-start=\"4830\" data-end=\"4855\">Badania naukowe<\/h3>\n<p data-start=\"4856\" data-end=\"4996\">Stosowany w niestandardowych komorach reakcyjnych, eksperymentach wysokotemperaturowych i \u015brodowiskach korozyjnych, w kt\u00f3rych standardowe materia\u0142y nie mog\u0105 dzia\u0142a\u0107 niezawodnie.<\/p>\n<h3 data-section-id=\"kx9m10\" data-start=\"4998\" data-end=\"5041\">Sprz\u0119t chemiczny i farmaceutyczny<\/h3>\n<p data-start=\"5042\" data-end=\"5163\">Idealny do reaktor\u00f3w przep\u0142ywowych, system\u00f3w pobierania pr\u00f3bek i kom\u00f3rek spektroskopii UV\/IR wymagaj\u0105cych odporno\u015bci chemicznej i dost\u0119pu optycznego.<\/p>\n<hr data-start=\"5165\" data-end=\"5168\" \/>\n<h2 data-section-id=\"78ajvy\" data-start=\"5170\" data-end=\"5184\">FAQ<\/h2>\n<p data-start=\"5186\" data-end=\"5362\">P1: Czy rozmiar i po\u0142o\u017cenie otworu mo\u017cna w pe\u0142ni dostosowa\u0107?<br data-start=\"5241\" data-end=\"5244\" \/>Tak, wszystkie wymiary, w tym \u015brednica otworu (0,1-20 mm), po\u0142o\u017cenie i uk\u0142ad mo\u017cna dostosowa\u0107 na podstawie rysunk\u00f3w CAD.<\/p>\n<p data-start=\"5364\" data-end=\"5581\">P2: Jaka jest r\u00f3\u017cnica mi\u0119dzy JGS1 i JGS2?<br data-start=\"5417\" data-end=\"5420\" \/>JGS1 jest przeznaczony do zastosowa\u0144 w g\u0142\u0119bokim UV o wy\u017cszej czysto\u015bci, podczas gdy JGS2 jest bardziej odpowiedni do zastosowa\u0144 w zakresie widzialnym i bliskiej podczerwieni przy lepszej efektywno\u015bci kosztowej.<\/p>\n<p data-start=\"5583\" data-end=\"5736\">P3: Czy p\u0142yty kwarcowe s\u0105 odporne chemicznie?<br data-start=\"5636\" data-end=\"5639\" \/>Tak, topiony kwarc jest wysoce odporny na wi\u0119kszo\u015b\u0107 kwas\u00f3w i chemikali\u00f3w, z wyj\u0105tkiem kwasu fluorowodorowego (HF).<\/p>\n<p data-start=\"5738\" data-end=\"5873\">P4: Czy mo\u017cna wykona\u0107 wiele otwor\u00f3w lub skomplikowanych kszta\u0142t\u00f3w?<br data-start=\"5795\" data-end=\"5798\" \/>Tak, konstrukcje wielootworowe, gniazda i z\u0142o\u017cone geometrie s\u0105 w pe\u0142ni obs\u0142ugiwane.<\/p>","protected":false},"excerpt":{"rendered":"<p>Niestandardowe topione p\u0142ytki kwarcowe z otworami przelotowymi to wysoce precyzyjne komponenty produkowane z dwutlenku krzemu o bardzo wysokiej czysto\u015bci (SiO\u2082 &gt; 99,9%). P\u0142yty te s\u0105 specjalnie zaprojektowane do zaawansowanych zastosowa\u0144 przemys\u0142owych i naukowych, w kt\u00f3rych stabilno\u015b\u0107 termiczna, odporno\u015b\u0107 chemiczna i parametry optyczne maj\u0105 kluczowe znaczenie.<\/p>","protected":false},"featured_media":2759,"comment_status":"open","ping_status":"closed","template":"","meta":{"site-sidebar-layout":"default","site-content-layout":"","ast-site-content-layout":"default","site-content-style":"default","site-sidebar-style":"default","ast-global-header-display":"","ast-banner-title-visibility":"","ast-main-header-display":"","ast-hfb-above-header-display":"","ast-hfb-below-header-display":"","ast-hfb-mobile-header-display":"","site-post-title":"","ast-breadcrumbs-content":"","ast-featured-img":"","footer-sml-layout":"","ast-disable-related-posts":"","theme-transparent-header-meta":"default","adv-header-id-meta":"","stick-header-meta":"default","header-above-stick-meta":"","header-main-stick-meta":"","header-below-stick-meta":"","astra-migrate-meta-layouts":"set","ast-page-background-enabled":"default","ast-page-background-meta":{"desktop":{"background-color":"var(--ast-global-color-4)","background-image":"","background-repeat":"repeat","background-position":"center center","background-size":"auto","background-attachment":"scroll","background-type":"","background-media":"","overlay-type":"","overlay-color":"","overlay-opacity":"","overlay-gradient":""},"tablet":{"background-color":"","background-image":"","background-repeat":"repeat","background-position":"center center","background-size":"auto","background-attachment":"scroll","background-type":"","background-media":"","overlay-type":"","overlay-color":"","overlay-opacity":"","overlay-gradient":""},"mobile":{"background-color":"","background-image":"","background-repeat":"repeat","background-position":"center center","background-size":"auto","background-attachment":"scroll","background-type":"","background-media":"","overlay-type":"","overlay-color":"","overlay-opacity":"","overlay-gradient":""}},"ast-content-background-meta":{"desktop":{"background-color":"var(--ast-global-color-5)","background-image":"","background-repeat":"repeat","background-position":"center center","background-size":"auto","background-attachment":"scroll","background-type":"","background-media":"","overlay-type":"","overlay-color":"","overlay-opacity":"","overlay-gradient":""},"tablet":{"background-color":"var(--ast-global-color-5)","background-image":"","background-repeat":"repeat","background-position":"center center","background-size":"auto","background-attachment":"scroll","background-type":"","background-media":"","overlay-type":"","overlay-color":"","overlay-opacity":"","overlay-gradient":""},"mobile":{"background-color":"var(--ast-global-color-5)","background-image":"","background-repeat":"repeat","background-position":"center center","background-size":"auto","background-attachment":"scroll","background-type":"","background-media":"","overlay-type":"","overlay-color":"","overlay-opacity":"","overlay-gradient":""}}},"product_brand":[],"product_cat":[150],"product_tag":[242,937,502,385,939,940,197,936,938,694],"class_list":{"0":"post-2755","1":"product","2":"type-product","3":"status-publish","4":"has-post-thumbnail","6":"product_cat-quartz-plate","7":"product_tag-custom-quartz-glass","8":"product_tag-drilled-quartz-substrate","9":"product_tag-fused-quartz-plate","10":"product_tag-fused-silica-plate","11":"product_tag-jgs-quartz","12":"product_tag-optical-quartz-components","13":"product_tag-optical-quartz-plate","14":"product_tag-quartz-plate-with-holes","15":"product_tag-quartz-wafer-plate","16":"product_tag-semiconductor-quartz-parts","17":"desktop-align-left","18":"tablet-align-left","19":"mobile-align-left","20":"ast-product-gallery-layout-horizontal","21":"ast-product-tabs-layout-horizontal","23":"first","24":"instock","25":"shipping-taxable","26":"product-type-simple"},"_links":{"self":[{"href":"https:\/\/www.fuyao-quartz.com\/pl\/wp-json\/wp\/v2\/product\/2755","targetHints":{"allow":["GET"]}}],"collection":[{"href":"https:\/\/www.fuyao-quartz.com\/pl\/wp-json\/wp\/v2\/product"}],"about":[{"href":"https:\/\/www.fuyao-quartz.com\/pl\/wp-json\/wp\/v2\/types\/product"}],"replies":[{"embeddable":true,"href":"https:\/\/www.fuyao-quartz.com\/pl\/wp-json\/wp\/v2\/comments?post=2755"}],"version-history":[{"count":2,"href":"https:\/\/www.fuyao-quartz.com\/pl\/wp-json\/wp\/v2\/product\/2755\/revisions"}],"predecessor-version":[{"id":2762,"href":"https:\/\/www.fuyao-quartz.com\/pl\/wp-json\/wp\/v2\/product\/2755\/revisions\/2762"}],"wp:featuredmedia":[{"embeddable":true,"href":"https:\/\/www.fuyao-quartz.com\/pl\/wp-json\/wp\/v2\/media\/2759"}],"wp:attachment":[{"href":"https:\/\/www.fuyao-quartz.com\/pl\/wp-json\/wp\/v2\/media?parent=2755"}],"wp:term":[{"taxonomy":"product_brand","embeddable":true,"href":"https:\/\/www.fuyao-quartz.com\/pl\/wp-json\/wp\/v2\/product_brand?post=2755"},{"taxonomy":"product_cat","embeddable":true,"href":"https:\/\/www.fuyao-quartz.com\/pl\/wp-json\/wp\/v2\/product_cat?post=2755"},{"taxonomy":"product_tag","embeddable":true,"href":"https:\/\/www.fuyao-quartz.com\/pl\/wp-json\/wp\/v2\/product_tag?post=2755"}],"curies":[{"name":"wp","href":"https:\/\/api.w.org\/{rel}","templated":true}]}}