{"id":2736,"date":"2026-04-23T07:33:39","date_gmt":"2026-04-23T07:33:39","guid":{"rendered":"https:\/\/www.fuyao-quartz.com\/?post_type=product&#038;p=2736"},"modified":"2026-04-23T07:33:41","modified_gmt":"2026-04-23T07:33:41","slug":"tfln-tflt-on-siph-platform-for-high-speed-optical-modulators-hybrid-photonics","status":"publish","type":"product","link":"https:\/\/www.fuyao-quartz.com\/pl\/product\/tfln-tflt-on-siph-platform-for-high-speed-optical-modulators-hybrid-photonics\/","title":{"rendered":"TFLN \/ TFLT na platformie SiPh dla szybkich modulator\u00f3w optycznych i fotoniki hybrydowej"},"content":{"rendered":"<h2 data-section-id=\"1p927wt\" data-start=\"183\" data-end=\"202\">Przegl\u0105d produkt\u00f3w<\/h2>\n<p data-start=\"204\" data-end=\"449\">TFLN (Thin-Film Lithium Niobate) i TFLT (Thin-Film Lithium Tantalate) na Silicon Photonics (SiPh) reprezentuj\u0105 zaawansowan\u0105 heterogeniczn\u0105 platform\u0119 integracyjn\u0105 opracowan\u0105 w celu przezwyci\u0119\u017cenia nieod\u0142\u0105cznych fizycznych ogranicze\u0144 krzemu w systemach fotonicznych.<\/p>\n<p data-start=\"451\" data-end=\"802\">Fotonika krzemowa oferuje doskona\u0142e<img fetchpriority=\"high\" decoding=\"async\" class=\"size-medium wp-image-2738 alignright\" src=\"https:\/\/www.fuyao-quartz.com\/wp-content\/uploads\/2026\/04\/TFLN-TFLT-on-SiPh-1-300x300.png\" alt=\"\" width=\"300\" height=\"300\" srcset=\"https:\/\/www.fuyao-quartz.com\/wp-content\/uploads\/2026\/04\/TFLN-TFLT-on-SiPh-1-300x300.png 300w, https:\/\/www.fuyao-quartz.com\/wp-content\/uploads\/2026\/04\/TFLN-TFLT-on-SiPh-1-150x150.png 150w, https:\/\/www.fuyao-quartz.com\/wp-content\/uploads\/2026\/04\/TFLN-TFLT-on-SiPh-1-768x768.png 768w, https:\/\/www.fuyao-quartz.com\/wp-content\/uploads\/2026\/04\/TFLN-TFLT-on-SiPh-1-12x12.png 12w, https:\/\/www.fuyao-quartz.com\/wp-content\/uploads\/2026\/04\/TFLN-TFLT-on-SiPh-1-600x600.png 600w, https:\/\/www.fuyao-quartz.com\/wp-content\/uploads\/2026\/04\/TFLN-TFLT-on-SiPh-1-100x100.png 100w, https:\/\/www.fuyao-quartz.com\/wp-content\/uploads\/2026\/04\/TFLN-TFLT-on-SiPh-1.png 1000w\" sizes=\"(max-width: 300px) 100vw, 300px\" \/>LiNbO\u2083 nie jest skalowalny i kompatybilny z CMOS, ale brakuje mu silnego liniowego efektu elektrooptycznego (Pockelsa) i cierpi z powodu stosunkowo wysokich strat i ograniczonej liniowo\u015bci modulacji. Aby zaradzi\u0107 tym ograniczeniom, cienkowarstwowe LiNbO\u2083 i LiTaO\u2083 s\u0105 wprowadzane na platformy SiPh poprzez klejenie p\u0142ytek lub techniki integracji hybrydowej.<\/p>\n<p data-start=\"804\" data-end=\"845\">Rozwi\u0105zanie to umo\u017cliwia po\u0142\u0105czenie<\/p>\n<ul data-start=\"846\" data-end=\"963\">\n<li data-section-id=\"r1wo8t\" data-start=\"846\" data-end=\"901\">Wysoka wydajno\u015b\u0107 elektrooptyczna dzi\u0119ki TFLN\/TFLT<\/li>\n<li data-section-id=\"69kzzy\" data-start=\"902\" data-end=\"963\">Mo\u017cliwo\u015b\u0107 integracji na du\u017c\u0105 skal\u0119 dzi\u0119ki fotonice krzemowej<\/li>\n<\/ul>\n<p data-start=\"965\" data-end=\"1081\">Jest szeroko stosowany w optycznych po\u0142\u0105czeniach nowej generacji, sp\u00f3jnych systemach komunikacyjnych i fotonice mikrofalowej.<\/p>\n<hr data-start=\"1083\" data-end=\"1086\" \/>\n<h2 data-section-id=\"1ofkw\" data-start=\"1088\" data-end=\"1115\">Definicja materia\u0142u podstawowego<\/h2>\n<h3 data-section-id=\"1uf2e65\" data-start=\"1117\" data-end=\"1153\">TFLN (cienkowarstwowy niobian litu)<\/h3>\n<p data-start=\"1154\" data-end=\"1350\">Cienkowarstwowy niobian litu zapewnia silny efekt Pockelsa, umo\u017cliwiaj\u0105c ultraszybk\u0105 modulacj\u0119 optyczn\u0105 przy niskich stratach wtr\u0105ceniowych. Jest to obecnie standard bran\u017cowy dla szybkich modulator\u00f3w optycznych.<\/p>\n<h3 data-section-id=\"4p3f5b\" data-start=\"1352\" data-end=\"1390\">TFLT (cienkowarstwowy tantalan litu)<\/h3>\n<p data-start=\"1391\" data-end=\"1651\">Cienkowarstwowy tantalan litu wykazuje podobne zachowanie elektrooptyczne, ale oferuje lepsz\u0105 stabilno\u015b\u0107 termiczn\u0105, wy\u017cszy pr\u00f3g uszkodze\u0144 optycznych i lepsz\u0105 jednorodno\u015b\u0107 na poziomie wafla. Jest uwa\u017cany za obiecuj\u0105c\u0105 alternatyw\u0119 dla zastosowa\u0144 o du\u017cej mocy i na du\u017c\u0105 skal\u0119.<\/p>\n<hr data-start=\"1653\" data-end=\"1656\" \/>\n<h2 data-section-id=\"1p25a69\" data-start=\"1658\" data-end=\"1709\"><img decoding=\"async\" class=\"size-medium wp-image-2737 alignright\" src=\"https:\/\/www.fuyao-quartz.com\/wp-content\/uploads\/2026\/04\/TFLN-TFLT-on-SiPh-3-300x300.png\" alt=\"\" width=\"300\" height=\"300\" srcset=\"https:\/\/www.fuyao-quartz.com\/wp-content\/uploads\/2026\/04\/TFLN-TFLT-on-SiPh-3-300x300.png 300w, https:\/\/www.fuyao-quartz.com\/wp-content\/uploads\/2026\/04\/TFLN-TFLT-on-SiPh-3-150x150.png 150w, https:\/\/www.fuyao-quartz.com\/wp-content\/uploads\/2026\/04\/TFLN-TFLT-on-SiPh-3-768x768.png 768w, https:\/\/www.fuyao-quartz.com\/wp-content\/uploads\/2026\/04\/TFLN-TFLT-on-SiPh-3-12x12.png 12w, https:\/\/www.fuyao-quartz.com\/wp-content\/uploads\/2026\/04\/TFLN-TFLT-on-SiPh-3-600x600.png 600w, https:\/\/www.fuyao-quartz.com\/wp-content\/uploads\/2026\/04\/TFLN-TFLT-on-SiPh-3-100x100.png 100w, https:\/\/www.fuyao-quartz.com\/wp-content\/uploads\/2026\/04\/TFLN-TFLT-on-SiPh-3.png 1000w\" sizes=\"(max-width: 300px) 100vw, 300px\" \/>Dlaczego warto zintegrowa\u0107 TFLN \/ TFLT z fotonik\u0105 krzemow\u0105?<\/h2>\n<p data-start=\"1711\" data-end=\"1787\">Sam krzem nie jest w stanie skutecznie obs\u0142ugiwa\u0107 wysokowydajnej modulacji ze wzgl\u0119du na<\/p>\n<ul data-start=\"1789\" data-end=\"1963\">\n<li data-section-id=\"6u9ila\" data-start=\"1789\" data-end=\"1834\">Brak wewn\u0119trznego efektu elektrooptycznego<\/li>\n<li data-section-id=\"1807674\" data-start=\"1835\" data-end=\"1909\">Zale\u017cno\u015b\u0107 od efektu dyspersji plazmy, prowadz\u0105ca do wy\u017cszych strat optycznych<\/li>\n<li data-section-id=\"1pvfqwi\" data-start=\"1910\" data-end=\"1963\">Ograniczona liniowo\u015b\u0107 dla zaawansowanych format\u00f3w modulacji<\/li>\n<\/ul>\n<p data-start=\"1965\" data-end=\"2023\">Integruj\u0105c TFLN\/TFLT z SiPh, platforma osi\u0105ga nast\u0119puj\u0105ce wyniki:<\/p>\n<ul data-start=\"2025\" data-end=\"2259\">\n<li data-section-id=\"23439j\" data-start=\"2025\" data-end=\"2101\">Szeroko\u015b\u0107 pasma modulacji przekraczaj\u0105ca 100 GHz, obs\u0142uguj\u0105ca systemy 800G i 1,6T<\/li>\n<li data-section-id=\"10lza3q\" data-start=\"2102\" data-end=\"2162\">Ni\u017csze napi\u0119cie p\u00f3\u0142falowe (V\u03c0), zmniejszaj\u0105ce zu\u017cycie energii<\/li>\n<li data-section-id=\"12wbi12\" data-start=\"2163\" data-end=\"2201\">Bardzo niskie straty propagacji optycznej<\/li>\n<li data-section-id=\"sadmxo\" data-start=\"2202\" data-end=\"2259\">Szerokie okno przezroczysto\u015bci od \u015bwiat\u0142a widzialnego do \u015bredniej podczerwieni<\/li>\n<\/ul>\n<hr data-start=\"2261\" data-end=\"2264\" \/>\n<h2 data-section-id=\"1cwrebf\" data-start=\"2266\" data-end=\"2291\">Podej\u015bcia integracyjne<\/h2>\n<h3 data-section-id=\"799r33\" data-start=\"2293\" data-end=\"2342\">1. Integracja heterogeniczna (metoda \u0142\u0105czenia)<\/h3>\n<p data-start=\"2343\" data-end=\"2439\">Cienkowarstwowy LN lub LT jest przyklejany do prefabrykowanych falowod\u00f3w z krzemu lub azotku krzemu (Si\/SiN).<\/p>\n<ul data-start=\"2441\" data-end=\"2593\">\n<li data-section-id=\"o5yhcb\" data-start=\"2441\" data-end=\"2482\">Sprz\u0119\u017cenie optyczne poprzez pole ulotne<\/li>\n<li data-section-id=\"1kkmm9n\" data-start=\"2483\" data-end=\"2550\">Zachowuje pe\u0142n\u0105 kompatybilno\u015b\u0107 z krzemow\u0105 produkcj\u0105 fotoniczn\u0105<\/li>\n<li data-section-id=\"1gx8mi2\" data-start=\"2551\" data-end=\"2593\">Nadaje si\u0119 do produkcji na du\u017c\u0105 skal\u0119<\/li>\n<\/ul>\n<h3 data-section-id=\"tie3ly\" data-start=\"2595\" data-end=\"2632\">2. Podej\u015bcie falowodowe LNOI \/ LTOI<\/h3>\n<p data-start=\"2633\" data-end=\"2698\">Falowody s\u0105 bezpo\u015brednio wytrawiane w cienkowarstwowej warstwie LN lub LT.<\/p>\n<ul data-start=\"2700\" data-end=\"2873\">\n<li data-section-id=\"cbu06y\" data-start=\"2700\" data-end=\"2757\">Silne ograniczenie optyczne w materiale monokrystalicznym<\/li>\n<li data-section-id=\"gktzjl\" data-start=\"2758\" data-end=\"2791\">Najwy\u017csza wydajno\u015b\u0107 modulacji<\/li>\n<li data-section-id=\"1z0dmkd\" data-start=\"2792\" data-end=\"2873\">Bardziej z\u0142o\u017cona produkcja i ni\u017csza kompatybilno\u015b\u0107 ze standardowymi procesami SiPh<\/li>\n<\/ul>\n<hr data-start=\"2875\" data-end=\"2878\" \/>\n<h2 data-section-id=\"2wk4hc\" data-start=\"2880\" data-end=\"2930\">Typowa struktura (zalecane umieszczenie obrazu)<\/h2>\n<p>&nbsp;<\/p>\n<p data-start=\"2932\" data-end=\"2986\"><strong data-start=\"2932\" data-end=\"2984\">Struktura 1: Hybrydowy falow\u00f3d (SiPh + TFLN\/TFLT)<\/strong><\/p>\n<ul data-start=\"2987\" data-end=\"3113\">\n<li data-section-id=\"b2pvmx\" data-start=\"2987\" data-end=\"3025\">Falow\u00f3d Si lub SiN (warstwa dolna)<\/li>\n<li data-section-id=\"cv2a7v\" data-start=\"3026\" data-end=\"3048\">Warstwa wi\u0105\u017c\u0105ca SiO\u2082<\/li>\n<li data-section-id=\"1cpynik\" data-start=\"3049\" data-end=\"3088\">Cienkowarstwowa warstwa LN\/LT (~300-600 nm)<\/li>\n<li data-section-id=\"prwbfm\" data-start=\"3089\" data-end=\"3113\">Elektrody RF na g\u00f3rze<\/li>\n<\/ul>\n<p data-start=\"3115\" data-end=\"3161\"><strong data-start=\"3115\" data-end=\"3159\">Struktura 2: falow\u00f3d grzbietowy (LNOI\/LTOI)<\/strong><\/p>\n<ul data-start=\"3162\" data-end=\"3226\">\n<li data-section-id=\"yhsq6g\" data-start=\"3162\" data-end=\"3181\">Cienka warstwa LN\/LT<\/li>\n<li data-section-id=\"1j1j1am\" data-start=\"3182\" data-end=\"3204\">Zakopane tlenki (BOX)<\/li>\n<li data-section-id=\"jr6d04\" data-start=\"3205\" data-end=\"3226\">Pod\u0142o\u017ce krzemowe<\/li>\n<\/ul>\n<p data-start=\"3228\" data-end=\"3247\"><img decoding=\"async\" class=\"wp-image-2740 size-full aligncenter\" src=\"https:\/\/www.fuyao-quartz.com\/wp-content\/uploads\/2026\/04\/6394893d-be15-4e9d-a9ee-d8a80dddc621.png\" alt=\"\" width=\"715\" height=\"649\" srcset=\"https:\/\/www.fuyao-quartz.com\/wp-content\/uploads\/2026\/04\/6394893d-be15-4e9d-a9ee-d8a80dddc621.png 715w, https:\/\/www.fuyao-quartz.com\/wp-content\/uploads\/2026\/04\/6394893d-be15-4e9d-a9ee-d8a80dddc621-300x272.png 300w, https:\/\/www.fuyao-quartz.com\/wp-content\/uploads\/2026\/04\/6394893d-be15-4e9d-a9ee-d8a80dddc621-13x12.png 13w, https:\/\/www.fuyao-quartz.com\/wp-content\/uploads\/2026\/04\/6394893d-be15-4e9d-a9ee-d8a80dddc621-600x545.png 600w\" sizes=\"(max-width: 715px) 100vw, 715px\" \/><\/p>\n<hr data-start=\"3249\" data-end=\"3252\" \/>\n<h2 data-section-id=\"1z08cpz\" data-start=\"3254\" data-end=\"3279\">Parametry wydajno\u015bci<\/h2>\n<div class=\"TyagGW_tableContainer\">\n<div class=\"group TyagGW_tableWrapper flex flex-col-reverse w-fit\" tabindex=\"-1\">\n<table class=\"w-fit min-w-(--thread-content-width)\" data-start=\"3281\" data-end=\"3951\">\n<thead data-start=\"3281\" data-end=\"3316\">\n<tr data-start=\"3281\" data-end=\"3316\">\n<th class=\"\" data-start=\"3281\" data-end=\"3293\" data-col-size=\"sm\">Parametr<\/th>\n<th class=\"\" data-start=\"3293\" data-end=\"3300\" data-col-size=\"sm\">TFLN<\/th>\n<th class=\"\" data-start=\"3300\" data-end=\"3307\" data-col-size=\"sm\">TFLT<\/th>\n<th class=\"\" data-start=\"3307\" data-end=\"3316\" data-col-size=\"sm\">Uwagi<\/th>\n<\/tr>\n<\/thead>\n<tbody data-start=\"3351\" data-end=\"3951\">\n<tr data-start=\"3351\" data-end=\"3440\">\n<td data-start=\"3351\" data-end=\"3385\" data-col-size=\"sm\">Wsp\u00f3\u0142czynnik elektrooptyczny (r33)<\/td>\n<td data-col-size=\"sm\" data-start=\"3385\" data-end=\"3396\">~31 pm\/V<\/td>\n<td data-col-size=\"sm\" data-start=\"3396\" data-end=\"3407\">~30 pm\/V<\/td>\n<td data-col-size=\"sm\" data-start=\"3407\" data-end=\"3440\">Podobna wydajno\u015b\u0107 modulacji<\/td>\n<\/tr>\n<tr data-start=\"3441\" data-end=\"3531\">\n<td data-start=\"3441\" data-end=\"3458\" data-col-size=\"sm\">Szeroko\u015b\u0107 pasma 3 dB<\/td>\n<td data-col-size=\"sm\" data-start=\"3458\" data-end=\"3473\">100-400 GHz+<\/td>\n<td data-col-size=\"sm\" data-start=\"3473\" data-end=\"3487\">70-100 GHz+<\/td>\n<td data-col-size=\"sm\" data-start=\"3487\" data-end=\"3531\">Znacznie wy\u017csza ni\u017c w przypadku modulator\u00f3w Si (~40 GHz)<\/td>\n<\/tr>\n<tr data-start=\"3532\" data-end=\"3604\">\n<td data-start=\"3532\" data-end=\"3539\" data-col-size=\"sm\">V\u03c0-L<\/td>\n<td data-col-size=\"sm\" data-start=\"3539\" data-end=\"3554\">1,8-2,5 V-cm<\/td>\n<td data-col-size=\"sm\" data-start=\"3554\" data-end=\"3569\">2,0-3,5 V-cm<\/td>\n<td data-col-size=\"sm\" data-start=\"3569\" data-end=\"3604\">Ni\u017cszy oznacza ni\u017csze napi\u0119cie zasilania<\/td>\n<\/tr>\n<tr data-start=\"3605\" data-end=\"3663\">\n<td data-start=\"3605\" data-end=\"3620\" data-col-size=\"sm\">Straty optyczne<\/td>\n<td data-col-size=\"sm\" data-start=\"3620\" data-end=\"3633\">&lt;0,1 dB\/cm<\/td>\n<td data-col-size=\"sm\" data-start=\"3633\" data-end=\"3646\">&lt;0,1 dB\/cm<\/td>\n<td data-col-size=\"sm\" data-start=\"3646\" data-end=\"3663\">Bardzo niski<\/td>\n<\/tr>\n<tr data-start=\"3664\" data-end=\"3732\">\n<td data-start=\"3664\" data-end=\"3683\" data-col-size=\"sm\">Wsp\u00f3\u0142czynnik za\u0142amania \u015bwiat\u0142a<\/td>\n<td data-col-size=\"sm\" data-start=\"3683\" data-end=\"3694\">~2.1-2.2<\/td>\n<td data-col-size=\"sm\" data-start=\"3694\" data-end=\"3701\">~2.1<\/td>\n<td data-col-size=\"sm\" data-start=\"3701\" data-end=\"3732\">Wysoka zdolno\u015b\u0107 ograniczania<\/td>\n<\/tr>\n<tr data-start=\"3733\" data-end=\"3803\">\n<td data-start=\"3733\" data-end=\"3753\" data-col-size=\"sm\">Temperatura Curie<\/td>\n<td data-col-size=\"sm\" data-start=\"3753\" data-end=\"3763\">~1140\u00b0C<\/td>\n<td data-col-size=\"sm\" data-start=\"3763\" data-end=\"3772\">~600\u00b0C<\/td>\n<td data-col-size=\"sm\" data-start=\"3772\" data-end=\"3803\">Odniesienie do w\u0142a\u015bciwo\u015bci materia\u0142u<\/td>\n<\/tr>\n<tr data-start=\"3804\" data-end=\"3884\">\n<td data-start=\"3804\" data-end=\"3831\" data-col-size=\"sm\">Pr\u00f3g uszkodze\u0144 optycznych<\/td>\n<td data-col-size=\"sm\" data-start=\"3831\" data-end=\"3842\">Umiarkowany<\/td>\n<td data-col-size=\"sm\" data-start=\"3842\" data-end=\"3854\">Bardzo wysoka<\/td>\n<td data-col-size=\"sm\" data-start=\"3854\" data-end=\"3884\">TFLT lepszy dla wysokiej mocy<\/td>\n<\/tr>\n<tr data-start=\"3885\" data-end=\"3951\">\n<td data-start=\"3885\" data-end=\"3896\" data-col-size=\"sm\">Dryft DC<\/td>\n<td data-col-size=\"sm\" data-start=\"3896\" data-end=\"3909\">Zauwa\u017calny<\/td>\n<td data-col-size=\"sm\" data-start=\"3909\" data-end=\"3920\">Bardzo niski<\/td>\n<td data-col-size=\"sm\" data-start=\"3920\" data-end=\"3951\">TFLT ma doskona\u0142\u0105 stabilno\u015b\u0107<\/td>\n<\/tr>\n<\/tbody>\n<\/table>\n<\/div>\n<\/div>\n<hr data-start=\"3953\" data-end=\"3956\" \/>\n<h2 data-section-id=\"1cwrebf\" data-start=\"2266\" data-end=\"2291\"><\/h2>\n<h2 data-section-id=\"ruuu6i\" data-start=\"3958\" data-end=\"3975\">G\u0142\u00f3wne zalety<\/h2>\n<h2 data-section-id=\"1cwrebf\" data-start=\"2266\" data-end=\"2291\"><\/h2>\n<h3 data-section-id=\"j49bdc\" data-start=\"3977\" data-end=\"4015\">Mo\u017cliwo\u015b\u0107 modulacji z du\u017c\u0105 pr\u0119dko\u015bci\u0105<\/h3>\n<p data-start=\"4016\" data-end=\"4130\">Obs\u0142uguje modulacj\u0119 optyczn\u0105 o ultrawysokiej przepustowo\u015bci powy\u017cej 100 GHz, umo\u017cliwiaj\u0105c transmisj\u0119 danych nowej generacji.<\/p>\n<h3 data-section-id=\"dgus88\" data-start=\"4132\" data-end=\"4159\">Niskie zu\u017cycie energii<\/h3>\n<p data-start=\"4160\" data-end=\"4252\">Zmniejszone napi\u0119cie p\u00f3\u0142falowe pozwala na ni\u017csz\u0105 moc nap\u0119dow\u0105 w por\u00f3wnaniu z modulatorami krzemowymi.<\/p>\n<h3 data-section-id=\"wt3f9j\" data-start=\"4254\" data-end=\"4288\">Doskona\u0142a wydajno\u015b\u0107 optyczna<\/h3>\n<p data-start=\"4289\" data-end=\"4386\">Niskie straty propagacyjne i wysoki wsp\u00f3\u0142czynnik za\u0142amania \u015bwiat\u0142a umo\u017cliwiaj\u0105 kompaktow\u0105 i wydajn\u0105 integracj\u0119 fotoniczn\u0105.<\/p>\n<h3 data-section-id=\"aegbyy\" data-start=\"4388\" data-end=\"4437\">Stabilno\u015b\u0107 termiczna i polaryzacyjna (TFLT Advantage)<\/h3>\n<p data-start=\"4438\" data-end=\"4555\">TFLT zapewnia zwi\u0119kszon\u0105 odporno\u015b\u0107 na zmiany termiczne i minimalny dryft DC, co ma krytyczne znaczenie dla d\u0142ugoterminowej stabilno\u015bci systemu.<\/p>\n<h3 data-section-id=\"e1gwup\" data-start=\"4557\" data-end=\"4585\">Skalowalna produkcja<\/h3>\n<p data-start=\"4586\" data-end=\"4697\">Integracja oparta na klejeniu zachowuje kompatybilno\u015b\u0107 z procesami fotoniki krzemowej, wspieraj\u0105c produkcj\u0119 na skal\u0119 waflow\u0105.<\/p>\n<hr data-start=\"4699\" data-end=\"4702\" \/>\n<h2 data-section-id=\"7uao4i\" data-start=\"4704\" data-end=\"4728\">Scenariusze zastosowa\u0144<\/h2>\n<ul data-start=\"4730\" data-end=\"4984\">\n<li data-section-id=\"20y305\" data-start=\"4730\" data-end=\"4787\">Po\u0142\u0105czenie optyczne centrum danych (400G \/ 800G \/ 1,6T)<\/li>\n<li data-section-id=\"12zi2v2\" data-start=\"4788\" data-end=\"4830\">Koherentne systemy komunikacji optycznej<\/li>\n<li data-section-id=\"6o8j3b\" data-start=\"4831\" data-end=\"4872\">Fotonika mikrofalowa i RF-over-fiber<\/li>\n<li data-section-id=\"1odazq7\" data-start=\"4873\" data-end=\"4912\">Zintegrowane uk\u0142ady fotoniczne (PIC)<\/li>\n<li data-section-id=\"gy0vt5\" data-start=\"4913\" data-end=\"4952\">Systemy modulacji laserowej du\u017cej mocy<\/li>\n<li data-section-id=\"18g31p2\" data-start=\"4953\" data-end=\"4984\">LiDAR i platformy pomiarowe<\/li>\n<\/ul>\n<hr data-start=\"4986\" data-end=\"4989\" \/>\n<h2 data-section-id=\"1azt8ib\" data-start=\"4991\" data-end=\"5012\">Wskaz\u00f3wki dotycz\u0105ce wyboru<\/h2>\n<h2 style=\"font-style: normal;\" data-section-id=\"1cwrebf\" data-start=\"2266\" data-end=\"2291\"><img loading=\"lazy\" decoding=\"async\" class=\"size-medium wp-image-2739 alignright\" src=\"https:\/\/www.fuyao-quartz.com\/wp-content\/uploads\/2026\/04\/TFLN-TFLT-on-SiPh-2-300x300.png\" alt=\"\" width=\"300\" height=\"300\" srcset=\"https:\/\/www.fuyao-quartz.com\/wp-content\/uploads\/2026\/04\/TFLN-TFLT-on-SiPh-2-300x300.png 300w, https:\/\/www.fuyao-quartz.com\/wp-content\/uploads\/2026\/04\/TFLN-TFLT-on-SiPh-2-150x150.png 150w, https:\/\/www.fuyao-quartz.com\/wp-content\/uploads\/2026\/04\/TFLN-TFLT-on-SiPh-2-768x768.png 768w, https:\/\/www.fuyao-quartz.com\/wp-content\/uploads\/2026\/04\/TFLN-TFLT-on-SiPh-2-12x12.png 12w, https:\/\/www.fuyao-quartz.com\/wp-content\/uploads\/2026\/04\/TFLN-TFLT-on-SiPh-2-600x600.png 600w, https:\/\/www.fuyao-quartz.com\/wp-content\/uploads\/2026\/04\/TFLN-TFLT-on-SiPh-2-100x100.png 100w, https:\/\/www.fuyao-quartz.com\/wp-content\/uploads\/2026\/04\/TFLN-TFLT-on-SiPh-2.png 1000w\" sizes=\"(max-width: 300px) 100vw, 300px\" \/><\/h2>\n<p data-start=\"5014\" data-end=\"5031\">Wybierz TFLN, gdy:<\/p>\n<ul data-start=\"5032\" data-end=\"5210\">\n<li data-section-id=\"17n37ge\" data-start=\"5032\" data-end=\"5076\">Wymagana jest maksymalna szeroko\u015b\u0107 pasma modulacji<\/li>\n<li data-section-id=\"92vmqg\" data-start=\"5077\" data-end=\"5128\">Preferowany jest dojrza\u0142y ekosystem i \u0142a\u0144cuch dostaw<\/li>\n<li data-section-id=\"53dxbs\" data-start=\"5129\" data-end=\"5210\">Docelowe zastosowania obejmuj\u0105 optyk\u0119 koherentn\u0105 i ultraszybk\u0105 transmisj\u0119.<\/li>\n<\/ul>\n<p data-start=\"5212\" data-end=\"5229\">Wybierz TFLT, gdy:<\/p>\n<ul data-start=\"5230\" data-end=\"5386\">\n<li data-section-id=\"6xerz0\" data-start=\"5230\" data-end=\"5278\">Stabilno\u015b\u0107 polaryzacji i niski dryft DC maj\u0105 krytyczne znaczenie<\/li>\n<li data-section-id=\"1l9fcfd\" data-start=\"5279\" data-end=\"5322\">Wymagana jest wysoka moc optyczna<\/li>\n<li data-section-id=\"h5ho7p\" data-start=\"5323\" data-end=\"5386\">D\u0142ugotrwa\u0142a niezawodno\u015b\u0107 i wytrzyma\u0142o\u015b\u0107 termiczna to priorytety<\/li>\n<\/ul>\n<hr data-start=\"5388\" data-end=\"5391\" \/>\n<h2 data-section-id=\"1hryhf7\" data-start=\"5393\" data-end=\"5399\">FAQ<\/h2>\n<h3 data-section-id=\"1cvvz1p\" data-start=\"5401\" data-end=\"5485\">1. Jaka jest g\u0142\u00f3wna zaleta TFLN\/TFLT na SiPh w por\u00f3wnaniu z modulatorami krzemowymi?<\/h3>\n<p data-start=\"5487\" data-end=\"5651\">Kluczow\u0105 zalet\u0105 jest obecno\u015b\u0107 silnego efektu elektrooptycznego, umo\u017cliwiaj\u0105cego wi\u0119ksz\u0105 przepustowo\u015b\u0107, mniejsze straty i ni\u017csze zu\u017cycie energii ni\u017c w przypadku modulator\u00f3w krzemowych.<\/p>\n<hr data-start=\"5653\" data-end=\"5656\" \/>\n<h3 data-section-id=\"1s56jgv\" data-start=\"5658\" data-end=\"5721\">2. Jak dzia\u0142a sprz\u0119\u017cenie ewanescencyjne w integracji hybrydowej?<\/h3>\n<p data-start=\"5723\" data-end=\"5925\">\u015awiat\u0142o rozchodzi si\u0119 w falowodzie krzemowym i cz\u0119\u015bciowo rozci\u0105ga si\u0119 na cienkowarstwow\u0105 warstw\u0119 LN lub LT. To nak\u0142adaj\u0105ce si\u0119 pole optyczne umo\u017cliwia wydajn\u0105 modulacj\u0119 bez pe\u0142nego przenoszenia trybu optycznego.<\/p>\n<hr data-start=\"5927\" data-end=\"5930\" \/>\n<h3 data-section-id=\"ozz7b9\" data-start=\"5932\" data-end=\"5995\">3. Czy ta platforma nadaje si\u0119 do produkcji na du\u017c\u0105 skal\u0119?<\/h3>\n<p data-start=\"5997\" data-end=\"6169\">Tak, heterogeniczna integracja oparta na klejeniu pozwala na kompatybilno\u015b\u0107 ze standardowymi procesami wytwarzania fotoniki krzemowej, umo\u017cliwiaj\u0105c wysokonak\u0142adow\u0105 i op\u0142acaln\u0105 produkcj\u0119.<\/p>","protected":false},"excerpt":{"rendered":"<p>TFLN (Thin-Film Lithium Niobate) i TFLT (Thin-Film Lithium Tantalate) na Silicon Photonics (SiPh) reprezentuj\u0105 zaawansowan\u0105 heterogeniczn\u0105 platform\u0119 integracyjn\u0105 opracowan\u0105 w celu przezwyci\u0119\u017cenia nieod\u0142\u0105cznych fizycznych ogranicze\u0144 krzemu w systemach fotonicznych.<\/p>","protected":false},"featured_media":2738,"comment_status":"open","ping_status":"closed","template":"","meta":{"site-sidebar-layout":"default","site-content-layout":"","ast-site-content-layout":"default","site-content-style":"default","site-sidebar-style":"default","ast-global-header-display":"","ast-banner-title-visibility":"","ast-main-header-display":"","ast-hfb-above-header-display":"","ast-hfb-below-header-display":"","ast-hfb-mobile-header-display":"","site-post-title":"","ast-breadcrumbs-content":"","ast-featured-img":"","footer-sml-layout":"","ast-disable-related-posts":"","theme-transparent-header-meta":"default","adv-header-id-meta":"","stick-header-meta":"default","header-above-stick-meta":"","header-main-stick-meta":"","header-below-stick-meta":"","astra-migrate-meta-layouts":"set","ast-page-background-enabled":"default","ast-page-background-meta":{"desktop":{"background-color":"var(--ast-global-color-4)","background-image":"","background-repeat":"repeat","background-position":"center center","background-size":"auto","background-attachment":"scroll","background-type":"","background-media":"","overlay-type":"","overlay-color":"","overlay-opacity":"","overlay-gradient":""},"tablet":{"background-color":"","background-image":"","background-repeat":"repeat","background-position":"center center","background-size":"auto","background-attachment":"scroll","background-type":"","background-media":"","overlay-type":"","overlay-color":"","overlay-opacity":"","overlay-gradient":""},"mobile":{"background-color":"","background-image":"","background-repeat":"repeat","background-position":"center center","background-size":"auto","background-attachment":"scroll","background-type":"","background-media":"","overlay-type":"","overlay-color":"","overlay-opacity":"","overlay-gradient":""}},"ast-content-background-meta":{"desktop":{"background-color":"var(--ast-global-color-5)","background-image":"","background-repeat":"repeat","background-position":"center center","background-size":"auto","background-attachment":"scroll","background-type":"","background-media":"","overlay-type":"","overlay-color":"","overlay-opacity":"","overlay-gradient":""},"tablet":{"background-color":"var(--ast-global-color-5)","background-image":"","background-repeat":"repeat","background-position":"center center","background-size":"auto","background-attachment":"scroll","background-type":"","background-media":"","overlay-type":"","overlay-color":"","overlay-opacity":"","overlay-gradient":""},"mobile":{"background-color":"var(--ast-global-color-5)","background-image":"","background-repeat":"repeat","background-position":"center center","background-size":"auto","background-attachment":"scroll","background-type":"","background-media":"","overlay-type":"","overlay-color":"","overlay-opacity":"","overlay-gradient":""}}},"product_brand":[],"product_cat":[155],"product_tag":[907,869,861,903,862,902,904,905,908,906,910,911,909,901,898,899,858,900,912],"class_list":{"0":"post-2736","1":"product","2":"type-product","3":"status-publish","4":"has-post-thumbnail","6":"product_cat-semiconductor-wafer","7":"product_tag-100g-400g-800g-optics","8":"product_tag-data-center-interconnect","9":"product_tag-electro-optic-modulator","10":"product_tag-heterogeneous-integration","11":"product_tag-high-speed-modulator","12":"product_tag-hybrid-photonics","13":"product_tag-linbo3-on-silicon","14":"product_tag-litao3-on-silicon","15":"product_tag-microwave-photonics","16":"product_tag-optical-modulator-platform","17":"product_tag-photonic-integrated-circuit","18":"product_tag-pic-platform","19":"product_tag-rf-photonics","20":"product_tag-silicon-photonics-integration","21":"product_tag-tfln-on-siph","22":"product_tag-tflt-on-siph","23":"product_tag-thin-film-lithium-niobate","24":"product_tag-thin-film-lithium-tantalate","25":"product_tag-wafer-bonding-photonics","26":"desktop-align-left","27":"tablet-align-left","28":"mobile-align-left","29":"ast-product-gallery-layout-horizontal","30":"ast-product-gallery-with-no-image","31":"ast-product-tabs-layout-horizontal","33":"first","34":"instock","35":"shipping-taxable","36":"product-type-simple"},"_links":{"self":[{"href":"https:\/\/www.fuyao-quartz.com\/pl\/wp-json\/wp\/v2\/product\/2736","targetHints":{"allow":["GET"]}}],"collection":[{"href":"https:\/\/www.fuyao-quartz.com\/pl\/wp-json\/wp\/v2\/product"}],"about":[{"href":"https:\/\/www.fuyao-quartz.com\/pl\/wp-json\/wp\/v2\/types\/product"}],"replies":[{"embeddable":true,"href":"https:\/\/www.fuyao-quartz.com\/pl\/wp-json\/wp\/v2\/comments?post=2736"}],"version-history":[{"count":1,"href":"https:\/\/www.fuyao-quartz.com\/pl\/wp-json\/wp\/v2\/product\/2736\/revisions"}],"predecessor-version":[{"id":2741,"href":"https:\/\/www.fuyao-quartz.com\/pl\/wp-json\/wp\/v2\/product\/2736\/revisions\/2741"}],"wp:featuredmedia":[{"embeddable":true,"href":"https:\/\/www.fuyao-quartz.com\/pl\/wp-json\/wp\/v2\/media\/2738"}],"wp:attachment":[{"href":"https:\/\/www.fuyao-quartz.com\/pl\/wp-json\/wp\/v2\/media?parent=2736"}],"wp:term":[{"taxonomy":"product_brand","embeddable":true,"href":"https:\/\/www.fuyao-quartz.com\/pl\/wp-json\/wp\/v2\/product_brand?post=2736"},{"taxonomy":"product_cat","embeddable":true,"href":"https:\/\/www.fuyao-quartz.com\/pl\/wp-json\/wp\/v2\/product_cat?post=2736"},{"taxonomy":"product_tag","embeddable":true,"href":"https:\/\/www.fuyao-quartz.com\/pl\/wp-json\/wp\/v2\/product_tag?post=2736"}],"curies":[{"name":"wp","href":"https:\/\/api.w.org\/{rel}","templated":true}]}}