{"id":2793,"date":"2026-04-28T07:20:30","date_gmt":"2026-04-28T07:20:30","guid":{"rendered":"https:\/\/www.fuyao-quartz.com\/?post_type=product&#038;p=2793"},"modified":"2026-04-28T07:20:33","modified_gmt":"2026-04-28T07:20:33","slug":"sapphire-tubes-high-purity-single-crystal-al%e2%82%82o%e2%82%83-for-high-temperature-and-optical-use","status":"publish","type":"product","link":"https:\/\/www.fuyao-quartz.com\/it\/product\/sapphire-tubes-high-purity-single-crystal-al%e2%82%82o%e2%82%83-for-high-temperature-and-optical-use\/","title":{"rendered":"Tubi di zaffiro Al\u2082O\u2083 monocristallino di elevata purezza per uso ottico e ad alta temperatura"},"content":{"rendered":"<p data-start=\"171\" data-end=\"579\"><img fetchpriority=\"high\" decoding=\"async\" class=\"wp-image-2798 alignright\" src=\"https:\/\/www.fuyao-quartz.com\/wp-content\/uploads\/2026\/04\/Sapphire-Tubes-High-Purity-Single-Crystal-Al\u2082O\u2083-per-Alta-Temperatura-e-Uso-Ottico-2-1-300x300.png\" alt=\"\" width=\"279\" height=\"279\" srcset=\"\" sizes=\"(max-width: 279px) 100vw, 279px\" data-srcset=\"\" \/>I tubi di zaffiro sono componenti tubolari avanzati realizzati in ossido di alluminio monocristallino di elevata purezza (<span class=\"hover:entity-accent entity-underline inline cursor-pointer align-baseline\"><span class=\"whitespace-normal\">Zaffiro (Al\u2082O\u2083 cristallo singolo)<\/span><\/span>). Combinando un'eccezionale resistenza meccanica, un'estrema resistenza termica e un'ampia trasparenza ottica, i tubi di zaffiro sono ampiamente utilizzati in ambienti difficili dove i materiali convenzionali come il quarzo, il vetro o l'allumina non possono soddisfare i requisiti di prestazione.<\/p>\n<p data-start=\"581\" data-end=\"900\">Grazie alla loro struttura cristallina unica, i tubi di zaffiro offrono una durata superiore, inerzia chimica e stabilit\u00e0 dimensionale anche in condizioni operative difficili. Queste propriet\u00e0 ne fanno un materiale essenziale nella lavorazione dei semiconduttori, nei forni ad alta temperatura, nei sistemi ottici e nella strumentazione analitica.<\/p>\n<hr data-start=\"902\" data-end=\"905\" \/>\n<h2 data-section-id=\"1yz4sp2\" data-start=\"907\" data-end=\"927\">Vantaggi principali<\/h2>\n<h3 data-section-id=\"y8ctbf\" data-start=\"929\" data-end=\"968\"><img decoding=\"async\" class=\"wp-image-2799 alignright\" src=\"https:\/\/www.fuyao-quartz.com\/wp-content\/uploads\/2026\/04\/Sapphire-Tubes-High-Purity-Single-Crystal-Al\u2082O\u2083-per-alta-temperatura-e-ottica-Uso-1-1-300x300.png\" alt=\"\" width=\"268\" height=\"268\" srcset=\"\" sizes=\"(max-width: 268px) 100vw, 268px\" data-srcset=\"\" \/>1. Eccezionale resistenza termica<\/h3>\n<p data-start=\"969\" data-end=\"1304\">Lo zaffiro ha un punto di fusione di circa 2050\u00b0C e mantiene un'eccellente stabilit\u00e0 strutturale a temperature estreme. I tubi in zaffiro possono operare continuamente in ambienti ad alta temperatura (fino a ~2000\u00b0C nel vuoto o in atmosfere inerti), rendendoli ideali per i sistemi di fornaci, i processi termici e le applicazioni ad alta energia.<\/p>\n<h3 data-section-id=\"10kmn1a\" data-start=\"1306\" data-end=\"1356\">2. Resistenza meccanica e durezza superiori<\/h3>\n<p data-start=\"1357\" data-end=\"1641\">Con una durezza Mohs di 9, lo zaffiro \u00e8 uno dei materiali tecnici pi\u00f9 duri disponibili. I tubi in zaffiro presentano un'eccezionale resistenza all'usura, ai graffi e una lunga durata, superando in modo significativo le alternative in quarzo e ceramica in ambienti abrasivi o ad alto carico.<\/p>\n<h3 data-section-id=\"1ghoehn\" data-start=\"1643\" data-end=\"1678\">3. Ampia trasmissione ottica<\/h3>\n<p data-start=\"1679\" data-end=\"1948\">I tubi in zaffiro offrono un'eccellente trasmissione ottica in un'ampia gamma spettrale, dall'ultravioletto (UV) all'infrarosso (IR) (circa 200-5000 nm). Questo li rende adatti a tubi di protezione ottica, sistemi laser, involucri di lampade e applicazioni spettroscopiche.<\/p>\n<h3 data-section-id=\"1yihbeh\" data-start=\"1950\" data-end=\"1987\">4. Eccellente stabilit\u00e0 chimica<\/h3>\n<p data-start=\"1988\" data-end=\"2201\">Lo zaffiro \u00e8 altamente resistente agli acidi, agli alcali e ai gas corrosivi. Rimane stabile in ambienti chimici aggressivi e al plasma, rendendolo adatto alla lavorazione dei semiconduttori e ai sistemi di analisi chimica.<\/p>\n<h3 data-section-id=\"ewkvkd\" data-start=\"2203\" data-end=\"2238\">5. Elevato isolamento elettrico<\/h3>\n<p data-start=\"2239\" data-end=\"2402\">Come materiale dielettrico, lo zaffiro offre eccellenti propriet\u00e0 di isolamento elettrico, che lo rendono ideale per l'uso in sistemi elettronici ad alta tensione o ad alta frequenza.<\/p>\n<hr data-start=\"2404\" data-end=\"2407\" \/>\n<h2 data-section-id=\"58xi60\" data-start=\"2409\" data-end=\"2438\">Specifiche tecniche<\/h2>\n<div class=\"TyagGW_tableContainer\">\n<div class=\"group TyagGW_tableWrapper flex flex-col-reverse w-fit\" tabindex=\"-1\">\n<table class=\"w-fit min-w-(--thread-content-width)\" data-start=\"2440\" data-end=\"2790\">\n<thead data-start=\"2440\" data-end=\"2469\">\n<tr data-start=\"2440\" data-end=\"2469\">\n<th class=\"\" data-start=\"2440\" data-end=\"2452\" data-col-size=\"sm\">Parametro<\/th>\n<th class=\"\" data-start=\"2452\" data-end=\"2469\" data-col-size=\"sm\">Specifiche<\/th>\n<\/tr>\n<\/thead>\n<tbody data-start=\"2499\" data-end=\"2790\">\n<tr data-start=\"2499\" data-end=\"2545\">\n<td data-start=\"2499\" data-end=\"2510\" data-col-size=\"sm\">Materiale<\/td>\n<td data-col-size=\"sm\" data-start=\"2510\" data-end=\"2545\">Al\u2082O\u2083 a cristallo singolo (zaffiro)<\/td>\n<\/tr>\n<tr data-start=\"2546\" data-end=\"2567\">\n<td data-start=\"2546\" data-end=\"2555\" data-col-size=\"sm\">La purezza<\/td>\n<td data-col-size=\"sm\" data-start=\"2555\" data-end=\"2567\">\u2265 99,99%<\/td>\n<\/tr>\n<tr data-start=\"2568\" data-end=\"2604\">\n<td data-start=\"2568\" data-end=\"2585\" data-col-size=\"sm\">Diametro esterno<\/td>\n<td data-col-size=\"sm\" data-start=\"2585\" data-end=\"2604\">0,5 mm - 200 mm<\/td>\n<\/tr>\n<tr data-start=\"2605\" data-end=\"2641\">\n<td data-start=\"2605\" data-end=\"2622\" data-col-size=\"sm\">Diametro interno<\/td>\n<td data-col-size=\"sm\" data-start=\"2622\" data-end=\"2641\">0,2 mm - 180 mm<\/td>\n<\/tr>\n<tr data-start=\"2642\" data-end=\"2668\">\n<td data-start=\"2642\" data-end=\"2651\" data-col-size=\"sm\">Lunghezza<\/td>\n<td data-col-size=\"sm\" data-start=\"2651\" data-end=\"2668\">Fino a 1200 mm<\/td>\n<\/tr>\n<tr data-start=\"2669\" data-end=\"2709\">\n<td data-start=\"2669\" data-end=\"2692\" data-col-size=\"sm\">Trasmissione ottica<\/td>\n<td data-col-size=\"sm\" data-start=\"2692\" data-end=\"2709\">200 - 5000 nm<\/td>\n<\/tr>\n<tr data-start=\"2710\" data-end=\"2768\">\n<td data-start=\"2710\" data-end=\"2732\" data-col-size=\"sm\">Temperatura di lavoro<\/td>\n<td data-col-size=\"sm\" data-start=\"2732\" data-end=\"2768\">Fino a ~2000\u00b0C (vuoto\/gas inerte)<\/td>\n<\/tr>\n<tr data-start=\"2769\" data-end=\"2790\">\n<td data-start=\"2769\" data-end=\"2780\" data-col-size=\"sm\">Durezza<\/td>\n<td data-col-size=\"sm\" data-start=\"2780\" data-end=\"2790\">Mohs 9<\/td>\n<\/tr>\n<\/tbody>\n<\/table>\n<\/div>\n<\/div>\n<hr data-start=\"2792\" data-end=\"2795\" \/>\n<h2 data-section-id=\"1svz4ra\" data-start=\"2797\" data-end=\"2822\">Applicazioni tipiche<\/h2>\n<h3 data-section-id=\"127s61j\" data-start=\"2824\" data-end=\"2852\">Industria dei semiconduttori<\/h3>\n<p data-start=\"2853\" data-end=\"2999\">Utilizzati come tubi di processo, guaine protettive, componenti per la movimentazione dei wafer e parti isolanti nelle apparecchiature per l'epitassia, la diffusione e il trattamento al plasma.<\/p>\n<h3 data-section-id=\"bf6m2f\" data-start=\"3001\" data-end=\"3039\">Sistemi di forni ad alta temperatura<\/h3>\n<p data-start=\"3040\" data-end=\"3160\">Ampiamente utilizzati come tubi di protezione per termocoppie, tubi di osservazione e componenti strutturali in ambienti a calore estremo.<\/p>\n<h3 data-section-id=\"17dgta\" data-start=\"3162\" data-end=\"3193\">Sistemi ottici e laser<\/h3>\n<p data-start=\"3194\" data-end=\"3311\">Applicato in tubi di protezione laser, percorsi di trasmissione ottica, involucri di lampade e gruppi ottici di alta precisione.<\/p>\n<h3 data-section-id=\"1qa6ips\" data-start=\"3313\" data-end=\"3356\">Strumenti analitici e scientifici<\/h3>\n<p data-start=\"3357\" data-end=\"3483\">Utilizzato nei sistemi di spettroscopia, nelle camere di analisi chimica e nelle apparecchiature di laboratorio che richiedono trasparenza e durata.<\/p>\n<h3 data-section-id=\"aw8mwu\" data-start=\"3485\" data-end=\"3528\">Applicazioni industriali e aerospaziali<\/h3>\n<p data-start=\"3529\" data-end=\"3633\">Adatti ad ambienti difficili con temperature elevate, sollecitazioni meccaniche e condizioni corrosive.<\/p>\n<hr data-start=\"3635\" data-end=\"3638\" \/>\n<h2 data-section-id=\"f4a4hh\" data-start=\"3640\" data-end=\"3687\">Tubi KY vs EFG Sapphire (differenze principali)<\/h2>\n<p data-start=\"3689\" data-end=\"3873\">I tubi di zaffiro sono prodotti principalmente con due metodi: Kyropoulos (KY) e Edge-Defined Film-Fed Growth (EFG). Ciascuno di essi presenta vantaggi distinti a seconda dei requisiti applicativi.<\/p>\n<div class=\"TyagGW_tableContainer\">\n<div class=\"group TyagGW_tableWrapper flex flex-col-reverse w-fit\" tabindex=\"-1\">\n<table class=\"w-fit min-w-(--thread-content-width)\" data-start=\"3875\" data-end=\"4440\">\n<thead data-start=\"3875\" data-end=\"3924\">\n<tr data-start=\"3875\" data-end=\"3924\">\n<th class=\"\" data-start=\"3875\" data-end=\"3884\" data-col-size=\"sm\">Aspetto<\/th>\n<th class=\"\" data-start=\"3884\" data-end=\"3903\" data-col-size=\"sm\">Tubo di zaffiro KY<\/th>\n<th class=\"\" data-start=\"3903\" data-end=\"3924\" data-col-size=\"sm\">EFG Tubo di zaffiro<\/th>\n<\/tr>\n<\/thead>\n<tbody data-start=\"3972\" data-end=\"4440\">\n<tr data-start=\"3972\" data-end=\"4064\">\n<td data-start=\"3972\" data-end=\"3995\" data-col-size=\"sm\">Metodo di produzione<\/td>\n<td data-start=\"3995\" data-end=\"4030\" data-col-size=\"sm\">Lavorato da cristalli sfusi<\/td>\n<td data-start=\"4030\" data-end=\"4064\" data-col-size=\"sm\">Crescita diretta a forma di tubo<\/td>\n<\/tr>\n<tr data-start=\"4065\" data-end=\"4130\">\n<td data-start=\"4065\" data-end=\"4083\" data-col-size=\"sm\">Qualit\u00e0 del cristallo<\/td>\n<td data-start=\"4083\" data-end=\"4118\" data-col-size=\"sm\">Superiore (bassi difetti, basso stress)<\/td>\n<td data-start=\"4118\" data-end=\"4130\" data-col-size=\"sm\">Moderato<\/td>\n<\/tr>\n<tr data-start=\"4131\" data-end=\"4187\">\n<td data-start=\"4131\" data-end=\"4153\" data-col-size=\"sm\">Prestazioni ottiche<\/td>\n<td data-start=\"4153\" data-end=\"4179\" data-col-size=\"sm\">\u0645\u062a\u0627\u0632 (elevata uniformit\u00e0)<\/td>\n<td data-start=\"4179\" data-end=\"4187\" data-col-size=\"sm\">Buono<\/td>\n<\/tr>\n<tr data-start=\"4188\" data-end=\"4231\">\n<td data-start=\"4188\" data-end=\"4210\" data-col-size=\"sm\">Resistenza meccanica<\/td>\n<td data-start=\"4210\" data-end=\"4219\" data-col-size=\"sm\">Pi\u00f9 alto<\/td>\n<td data-start=\"4219\" data-end=\"4231\" data-col-size=\"sm\">Moderato<\/td>\n<\/tr>\n<tr data-start=\"4232\" data-end=\"4316\">\n<td data-start=\"4232\" data-end=\"4258\" data-col-size=\"sm\">Flessibilit\u00e0 dimensionale<\/td>\n<td data-start=\"4258\" data-end=\"4287\" data-col-size=\"sm\">Alta (lavorazione di precisione)<\/td>\n<td data-start=\"4287\" data-end=\"4316\" data-col-size=\"sm\">Limitato dal processo di crescita<\/td>\n<\/tr>\n<tr data-start=\"4317\" data-end=\"4356\">\n<td data-start=\"4317\" data-end=\"4324\" data-col-size=\"sm\">Costo<\/td>\n<td data-start=\"4324\" data-end=\"4333\" data-col-size=\"sm\">Pi\u00f9 alto<\/td>\n<td data-start=\"4333\" data-end=\"4356\" data-col-size=\"sm\">Pi\u00f9 efficiente dal punto di vista dei costi<\/td>\n<\/tr>\n<tr data-start=\"4357\" data-end=\"4440\">\n<td data-start=\"4357\" data-end=\"4371\" data-col-size=\"sm\">Uso tipico<\/td>\n<td data-start=\"4371\" data-end=\"4404\" data-col-size=\"sm\">Ottica di alto livello, semiconduttori<\/td>\n<td data-start=\"4404\" data-end=\"4440\" data-col-size=\"sm\">Applicazioni industriali e generali<\/td>\n<\/tr>\n<\/tbody>\n<\/table>\n<\/div>\n<\/div>\n<p data-start=\"4442\" data-end=\"4456\"><strong data-start=\"4442\" data-end=\"4454\">Sintesi:<\/strong><\/p>\n<ul data-start=\"4457\" data-end=\"4633\">\n<li data-section-id=\"1jqbj60\" data-start=\"4457\" data-end=\"4542\">I tubi in zaffiro KY sono preferiti per applicazioni di alta precisione e ad alte prestazioni.<\/li>\n<li data-section-id=\"wswut5\" data-start=\"4543\" data-end=\"4633\">I tubi in zaffiro EFG sono pi\u00f9 adatti a un uso industriale sensibile ai costi e su larga scala<\/li>\n<\/ul>\n<hr data-start=\"4635\" data-end=\"4638\" \/>\n<h2 data-section-id=\"b0ncmg\" data-start=\"4640\" data-end=\"4666\"><img decoding=\"async\" class=\"size-medium wp-image-2801 alignright\" src=\"https:\/\/www.fuyao-quartz.com\/wp-content\/uploads\/2026\/04\/Sapphire-Tubes-High-Purity-Single-Crystal-Al\u2082O\u2083-per-Alta-Temperatura-e-Uso-Ottico-4-300x300.png\" alt=\"\" width=\"300\" height=\"300\" srcset=\"\" sizes=\"(max-width: 300px) 100vw, 300px\" data-srcset=\"\" \/>Opzioni di personalizzazione<\/h2>\n<p data-start=\"4668\" data-end=\"4749\">I tubi in zaffiro possono essere personalizzati per soddisfare esigenze applicative specifiche, tra cui:<\/p>\n<ul data-start=\"4750\" data-end=\"5033\">\n<li data-section-id=\"1mgdjle\" data-start=\"4750\" data-end=\"4796\">Controllo di precisione del diametro esterno e interno<\/li>\n<li data-section-id=\"1yv7fkk\" data-start=\"4797\" data-end=\"4835\">Personalizzazione della lunghezza fino a 1200 mm<\/li>\n<li data-section-id=\"v93hdo\" data-start=\"4836\" data-end=\"4893\">Finitura superficiale: grezzo, rettificato o lucidato otticamente<\/li>\n<li data-section-id=\"123oyaj\" data-start=\"4894\" data-end=\"4932\">Lucidatura a uno o a due strati<\/li>\n<li data-section-id=\"ft1egz\" data-start=\"4933\" data-end=\"4979\">Orientamento del cristallo (asse C, asse A, ecc.)<\/li>\n<li data-section-id=\"126dwpl\" data-start=\"4980\" data-end=\"5033\">Controllo della tolleranza per applicazioni critiche<\/li>\n<\/ul>\n<h2 data-section-id=\"x9bttf\" data-start=\"5549\" data-end=\"5557\">FAQ<\/h2>\n<p data-start=\"5559\" data-end=\"5812\"><strong data-start=\"5559\" data-end=\"5632\">Q1: Quali sono i principali vantaggi dei tubi in zaffiro rispetto a quelli in quarzo?<\/strong><br data-start=\"5632\" data-end=\"5635\" \/>A1: I tubi in zaffiro offrono una durezza significativamente pi\u00f9 elevata, una migliore stabilit\u00e0 termica, una resistenza chimica superiore e una trasmissione ottica pi\u00f9 ampia, soprattutto in ambienti difficili.<\/p>\n<p data-start=\"5814\" data-end=\"6054\"><strong data-start=\"5814\" data-end=\"5888\">D2: I tubi di zaffiro possono essere utilizzati in ambienti a temperatura ultraelevata?<\/strong><br data-start=\"5888\" data-end=\"5891\" \/>A2: S\u00ec. I tubi in zaffiro possono operare a temperature prossime ai 2000\u00b0C in condizioni di vuoto o di gas inerte, il che li rende adatti ad applicazioni termiche estreme.<\/p>\n<p data-start=\"6056\" data-end=\"6283\" data-is-last-node=\"\" data-is-only-node=\"\"><strong data-start=\"6056\" data-end=\"6106\">D3: Qual \u00e8 il migliore tra i tubi in zaffiro KY e EFG?<\/strong><br data-start=\"6106\" data-end=\"6109\" \/>A3: I tubi in zaffiro KY offrono una qualit\u00e0 del cristallo pi\u00f9 elevata e sono ideali per le applicazioni di fascia alta, mentre i tubi EFG sono pi\u00f9 economici e adatti all'uso industriale generale.<\/p>","protected":false},"excerpt":{"rendered":"<p>I tubi in zaffiro rappresentano una soluzione eccellente per le applicazioni che richiedono una combinazione di resistenza alle alte temperature, trasparenza ottica, resistenza meccanica e stabilit\u00e0 chimica. Utilizzati nella produzione di semiconduttori, nei sistemi ottici o in ambienti industriali estremi, i tubi di zaffiro offrono prestazioni affidabili laddove i materiali tradizionali falliscono. Grazie alle opzioni di produzione KY e EFG, gli utenti possono scegliere l'equilibrio ottimale tra prestazioni e costi.<\/p>","protected":false},"featured_media":2801,"comment_status":"open","ping_status":"closed","template":"","meta":{"site-sidebar-layout":"default","site-content-layout":"","ast-site-content-layout":"default","site-content-style":"default","site-sidebar-style":"default","ast-global-header-display":"","ast-banner-title-visibility":"","ast-main-header-display":"","ast-hfb-above-header-display":"","ast-hfb-below-header-display":"","ast-hfb-mobile-header-display":"","site-post-title":"","ast-breadcrumbs-content":"","ast-featured-img":"","footer-sml-layout":"","ast-disable-related-posts":"","theme-transparent-header-meta":"default","adv-header-id-meta":"","stick-header-meta":"default","header-above-stick-meta":"","header-main-stick-meta":"","header-below-stick-meta":"","astra-migrate-meta-layouts":"set","ast-page-background-enabled":"default","ast-page-background-meta":{"desktop":{"background-color":"var(--ast-global-color-4)","background-image":"","background-repeat":"repeat","background-position":"center center","background-size":"auto","background-attachment":"scroll","background-type":"","background-media":"","overlay-type":"","overlay-color":"","overlay-opacity":"","overlay-gradient":""},"tablet":{"background-color":"","background-image":"","background-repeat":"repeat","background-position":"center center","background-size":"auto","background-attachment":"scroll","background-type":"","background-media":"","overlay-type":"","overlay-color":"","overlay-opacity":"","overlay-gradient":""},"mobile":{"background-color":"","background-image":"","background-repeat":"repeat","background-position":"center center","background-size":"auto","background-attachment":"scroll","background-type":"","background-media":"","overlay-type":"","overlay-color":"","overlay-opacity":"","overlay-gradient":""}},"ast-content-background-meta":{"desktop":{"background-color":"var(--ast-global-color-5)","background-image":"","background-repeat":"repeat","background-position":"center center","background-size":"auto","background-attachment":"scroll","background-type":"","background-media":"","overlay-type":"","overlay-color":"","overlay-opacity":"","overlay-gradient":""},"tablet":{"background-color":"var(--ast-global-color-5)","background-image":"","background-repeat":"repeat","background-position":"center center","background-size":"auto","background-attachment":"scroll","background-type":"","background-media":"","overlay-type":"","overlay-color":"","overlay-opacity":"","overlay-gradient":""},"mobile":{"background-color":"var(--ast-global-color-5)","background-image":"","background-repeat":"repeat","background-position":"center center","background-size":"auto","background-attachment":"scroll","background-type":"","background-media":"","overlay-type":"","overlay-color":"","overlay-opacity":"","overlay-gradient":""}}},"product_brand":[],"product_cat":[152],"product_tag":[969,983,984,989,974,972,976,985,970,975,988,987,971,973,980,978,982,967,966,981,968,977,979,986],"class_list":{"0":"post-2793","1":"product","2":"type-product","3":"status-publish","4":"has-post-thumbnail","6":"product_cat-sapphire","7":"product_tag-al2o3-tube","8":"product_tag-chemical-resistant-tube","9":"product_tag-corrosion-resistant-material","10":"product_tag-custom-sapphire-tube","11":"product_tag-edge-defined-film-fed-growth","12":"product_tag-efg-sapphire-tube","13":"product_tag-furnace-tube","14":"product_tag-high-hardness-ceramic","15":"product_tag-high-purity-sapphire","16":"product_tag-high-temperature-tube","17":"product_tag-industrial-sapphire","18":"product_tag-insulating-tube","19":"product_tag-ky-sapphire-tube","20":"product_tag-kyropoulos-sapphire","21":"product_tag-laser-tube","22":"product_tag-optical-sapphire-tube","23":"product_tag-plasma-resistant-tube","24":"product_tag-sapphire-tube","25":"product_tag-sapphire-tubes","26":"product_tag-semiconductor-process-tube","27":"product_tag-single-crystal-sapphire","28":"product_tag-thermocouple-protection-tube","29":"product_tag-uv-ir-transmission-tube","30":"product_tag-wear-resistant-tube","31":"desktop-align-left","32":"tablet-align-left","33":"mobile-align-left","34":"ast-product-gallery-layout-horizontal","35":"ast-product-tabs-layout-horizontal","37":"first","38":"instock","39":"shipping-taxable","40":"product-type-simple"},"_links":{"self":[{"href":"https:\/\/www.fuyao-quartz.com\/it\/wp-json\/wp\/v2\/product\/2793","targetHints":{"allow":["GET"]}}],"collection":[{"href":"https:\/\/www.fuyao-quartz.com\/it\/wp-json\/wp\/v2\/product"}],"about":[{"href":"https:\/\/www.fuyao-quartz.com\/it\/wp-json\/wp\/v2\/types\/product"}],"replies":[{"embeddable":true,"href":"https:\/\/www.fuyao-quartz.com\/it\/wp-json\/wp\/v2\/comments?post=2793"}],"version-history":[{"count":1,"href":"https:\/\/www.fuyao-quartz.com\/it\/wp-json\/wp\/v2\/product\/2793\/revisions"}],"predecessor-version":[{"id":2802,"href":"https:\/\/www.fuyao-quartz.com\/it\/wp-json\/wp\/v2\/product\/2793\/revisions\/2802"}],"wp:featuredmedia":[{"embeddable":true,"href":"https:\/\/www.fuyao-quartz.com\/it\/wp-json\/wp\/v2\/media\/2801"}],"wp:attachment":[{"href":"https:\/\/www.fuyao-quartz.com\/it\/wp-json\/wp\/v2\/media?parent=2793"}],"wp:term":[{"taxonomy":"product_brand","embeddable":true,"href":"https:\/\/www.fuyao-quartz.com\/it\/wp-json\/wp\/v2\/product_brand?post=2793"},{"taxonomy":"product_cat","embeddable":true,"href":"https:\/\/www.fuyao-quartz.com\/it\/wp-json\/wp\/v2\/product_cat?post=2793"},{"taxonomy":"product_tag","embeddable":true,"href":"https:\/\/www.fuyao-quartz.com\/it\/wp-json\/wp\/v2\/product_tag?post=2793"}],"curies":[{"name":"wp","href":"https:\/\/api.w.org\/{rel}","templated":true}]}}