{"id":2755,"date":"2026-04-24T03:40:56","date_gmt":"2026-04-24T03:40:56","guid":{"rendered":"https:\/\/www.fuyao-quartz.com\/?post_type=product&#038;p=2755"},"modified":"2026-04-24T03:40:58","modified_gmt":"2026-04-24T03:40:58","slug":"custom-fused-quartz-plates-with-through-holes","status":"publish","type":"product","link":"https:\/\/www.fuyao-quartz.com\/it\/product\/custom-fused-quartz-plates-with-through-holes\/","title":{"rendered":"Piastre di quarzo fuso personalizzate con fori passanti"},"content":{"rendered":"<p data-start=\"253\" data-end=\"586\"><img fetchpriority=\"high\" decoding=\"async\" class=\"alignright wp-image-2756 size-medium\" src=\"https:\/\/www.fuyao-quartz.com\/wp-content\/uploads\/2026\/04\/Custom-Fused-Quartz-Plates-with-Through-Holes-2-300x300.png\" alt=\"Piastre di quarzo fuso personalizzate con fori passanti\" width=\"300\" height=\"300\" srcset=\"https:\/\/www.fuyao-quartz.com\/wp-content\/uploads\/2026\/04\/Custom-Fused-Quartz-Plates-with-Through-Holes-2-300x300.png 300w, https:\/\/www.fuyao-quartz.com\/wp-content\/uploads\/2026\/04\/Custom-Fused-Quartz-Plates-with-Through-Holes-2-150x150.png 150w, https:\/\/www.fuyao-quartz.com\/wp-content\/uploads\/2026\/04\/Custom-Fused-Quartz-Plates-with-Through-Holes-2-768x768.png 768w, https:\/\/www.fuyao-quartz.com\/wp-content\/uploads\/2026\/04\/Custom-Fused-Quartz-Plates-with-Through-Holes-2-12x12.png 12w, https:\/\/www.fuyao-quartz.com\/wp-content\/uploads\/2026\/04\/Custom-Fused-Quartz-Plates-with-Through-Holes-2-600x600.png 600w, https:\/\/www.fuyao-quartz.com\/wp-content\/uploads\/2026\/04\/Custom-Fused-Quartz-Plates-with-Through-Holes-2-100x100.png 100w, https:\/\/www.fuyao-quartz.com\/wp-content\/uploads\/2026\/04\/Custom-Fused-Quartz-Plates-with-Through-Holes-2.png 1000w\" sizes=\"(max-width: 300px) 100vw, 300px\" \/>Le piastre di quarzo fuso personalizzate con fori passanti sono componenti ingegnerizzati di alta precisione prodotti con biossido di silicio di altissima purezza (SiO\u2082 &gt; 99,9%). Queste piastre sono progettate specificamente per applicazioni industriali e scientifiche avanzate in cui la stabilit\u00e0 termica, la resistenza chimica e le prestazioni ottiche sono fondamentali.<\/p>\n<p data-start=\"588\" data-end=\"1033\">A differenza dei materiali di vetro standard, il quarzo fuso offre una combinazione unica di bassa espansione termica, resistenza alle alte temperature e ampia trasmissione ottica, che lo rende ideale per i semiconduttori, la fotonica e i sistemi di laboratorio. Grazie all'integrazione di fori di precisione, queste piastre di quarzo consentono di controllare il flusso dei fluidi, la distribuzione dei gas o l'allineamento ottico, trasformandosi da substrati passivi in componenti funzionali del sistema.<\/p>\n<p data-start=\"1035\" data-end=\"1229\">Disponibili in diverse gradazioni, come JGS1, JGS2 e JGS3, questi prodotti possono essere adattati per soddisfare le esigenze di diverse lunghezze d'onda, dall'ultravioletto profondo (UV) alle applicazioni nell'infrarosso (IR).<\/p>\n<hr data-start=\"1231\" data-end=\"1234\" \/>\n<h2 data-section-id=\"16yfqpq\" data-start=\"1236\" data-end=\"1260\"><img decoding=\"async\" class=\"alignright wp-image-2758\" src=\"https:\/\/www.fuyao-quartz.com\/wp-content\/uploads\/2026\/04\/Custom-Fused-Quartz-Plates-with-Through-Holes-4-300x300.png\" alt=\"Piastre di quarzo fuso personalizzate con fori passanti\" width=\"286\" height=\"286\" srcset=\"https:\/\/www.fuyao-quartz.com\/wp-content\/uploads\/2026\/04\/Custom-Fused-Quartz-Plates-with-Through-Holes-4-300x300.png 300w, https:\/\/www.fuyao-quartz.com\/wp-content\/uploads\/2026\/04\/Custom-Fused-Quartz-Plates-with-Through-Holes-4-150x150.png 150w, https:\/\/www.fuyao-quartz.com\/wp-content\/uploads\/2026\/04\/Custom-Fused-Quartz-Plates-with-Through-Holes-4-768x768.png 768w, https:\/\/www.fuyao-quartz.com\/wp-content\/uploads\/2026\/04\/Custom-Fused-Quartz-Plates-with-Through-Holes-4-12x12.png 12w, https:\/\/www.fuyao-quartz.com\/wp-content\/uploads\/2026\/04\/Custom-Fused-Quartz-Plates-with-Through-Holes-4-600x600.png 600w, https:\/\/www.fuyao-quartz.com\/wp-content\/uploads\/2026\/04\/Custom-Fused-Quartz-Plates-with-Through-Holes-4-100x100.png 100w, https:\/\/www.fuyao-quartz.com\/wp-content\/uploads\/2026\/04\/Custom-Fused-Quartz-Plates-with-Through-Holes-4.png 1000w\" sizes=\"(max-width: 286px) 100vw, 286px\" \/>Caratteristiche principali<\/h2>\n<ul data-start=\"1262\" data-end=\"1765\">\n<li data-section-id=\"1axa1m2\" data-start=\"1262\" data-end=\"1340\">Quarzo ad altissima purezza (SiO\u2082 &gt; 99,9%) che garantisce un'eccellente chiarezza ottica<\/li>\n<li data-section-id=\"5faqt9\" data-start=\"1341\" data-end=\"1407\">Dimensioni, posizione e geometria dei fori personalizzati in base ai disegni CAD<\/li>\n<li data-section-id=\"cv911c\" data-start=\"1408\" data-end=\"1472\">Eccezionale resistenza termica (fino a 1100\u00b0C di utilizzo continuo)<\/li>\n<li data-section-id=\"mr67xq\" data-start=\"1473\" data-end=\"1534\">Espansione termica estremamente bassa per una maggiore stabilit\u00e0 dimensionale<\/li>\n<li data-section-id=\"1j38b2o\" data-start=\"1535\" data-end=\"1590\">Elevata resistenza chimica (tranne l'acido fluoridrico)<\/li>\n<li data-section-id=\"1ae6fco\" data-start=\"1591\" data-end=\"1649\">Lucidatura ottica disponibile per applicazioni di precisione<\/li>\n<li data-section-id=\"3w4enf\" data-start=\"1650\" data-end=\"1708\">Compatibile con le camere bianche e gli ambienti ad alta purezza<\/li>\n<li data-section-id=\"12n18dz\" data-start=\"1709\" data-end=\"1765\">Adatto per l'integrazione strutturale e ottica<\/li>\n<\/ul>\n<hr data-start=\"1767\" data-end=\"1770\" \/>\n<h2 data-section-id=\"sim1wa\" data-start=\"1772\" data-end=\"1799\">Gradi del materiale<\/h2>\n<h3 data-section-id=\"1e4slao\" data-start=\"1801\" data-end=\"1835\">JGS1 - Silice fusa di grado UV<\/h3>\n<p data-start=\"1836\" data-end=\"2071\">JGS1 offre un'eccellente trasmissione da 185 nm a 2500 nm, che lo rende ideale per le applicazioni UV profonde come la litografia, i laser UV e i sistemi ottici ad alta energia. Presenta un bassissimo contenuto di idrossili (OH-) e una birifrangenza minima.<\/p>\n<h3 data-section-id=\"z3oyrd\" data-start=\"2073\" data-end=\"2106\">JGS2 - Quarzo ottico<\/h3>\n<p data-start=\"2107\" data-end=\"2282\">JGS2 \u00e8 ampiamente utilizzato per applicazioni nel visibile e nel vicino infrarosso (260-2500 nm). Offre un'elevata uniformit\u00e0 ottica e rappresenta una soluzione economica per i sistemi ottici generali.<\/p>\n<h3 data-section-id=\"1xbm0q2\" data-start=\"2284\" data-end=\"2318\">JGS3 - Vetro al quarzo a infrarossi<\/h3>\n<p data-start=\"2319\" data-end=\"2493\">JGS3 \u00e8 ottimizzato per le applicazioni a infrarossi e per l'uso industriale. Pur avendo una trasmissione inferiore nell'intervallo UV profondo, si comporta bene in ambienti termici e IR.<\/p>\n<p data-start=\"2319\" data-end=\"2493\"><img decoding=\"async\" class=\"wp-image-2760 size-full aligncenter\" src=\"https:\/\/www.fuyao-quartz.com\/wp-content\/uploads\/2026\/04\/20250620152843_73372.png\" alt=\"\" width=\"680\" height=\"356\" srcset=\"https:\/\/www.fuyao-quartz.com\/wp-content\/uploads\/2026\/04\/20250620152843_73372.png 680w, https:\/\/www.fuyao-quartz.com\/wp-content\/uploads\/2026\/04\/20250620152843_73372-300x157.png 300w, https:\/\/www.fuyao-quartz.com\/wp-content\/uploads\/2026\/04\/20250620152843_73372-18x9.png 18w, https:\/\/www.fuyao-quartz.com\/wp-content\/uploads\/2026\/04\/20250620152843_73372-600x314.png 600w\" sizes=\"(max-width: 680px) 100vw, 680px\" \/><\/p>\n<hr data-start=\"2495\" data-end=\"2498\" \/>\n<h2 data-section-id=\"10i1aaf\" data-start=\"2500\" data-end=\"2533\">Processo di produzione<\/h2>\n<p data-start=\"2535\" data-end=\"2648\">La produzione di lastre di quarzo fuso personalizzate richiede un rigoroso controllo del processo per garantire precisione e coerenza:<\/p>\n<p data-start=\"2650\" data-end=\"2768\">1. Selezione del materiale<br data-start=\"2675\" data-end=\"2678\" \/>I lingotti di quarzo di elevata purezza vengono selezionati e preparati in base ai requisiti dell'applicazione.<\/p>\n<p data-start=\"2770\" data-end=\"2918\">2. Taglio e sagomatura di precisione<br data-start=\"2804\" data-end=\"2807\" \/>Per ottenere dimensioni e geometrie personalizzate si ricorre alla lavorazione CNC avanzata, al taglio a getto d'acqua o al taglio laser.<\/p>\n<p data-start=\"2920\" data-end=\"3127\">3. Foratura<br data-start=\"2940\" data-end=\"2943\" \/>I fori passanti sono realizzati con tecniche specializzate come la foratura a ultrasuoni, la foratura laser CO\u2082 o la foratura meccanica, a seconda dei requisiti di tolleranza e qualit\u00e0 della superficie.<\/p>\n<p data-start=\"3129\" data-end=\"3337\">4. Elaborazione della superficie<br data-start=\"3154\" data-end=\"3157\" \/>La lucidatura ottica (su uno o due lati) viene applicata per ottenere un'elevata planarit\u00e0 della superficie e una bassa rugosit\u00e0. Sono disponibili anche la finitura dei bordi, la smussatura e la lucidatura chimica.<\/p>\n<p data-start=\"3339\" data-end=\"3523\">5. Pulizia e ispezione<br data-start=\"3367\" data-end=\"3370\" \/>Tutti i componenti sono sottoposti a una rigorosa pulizia in ambienti controllati e vengono ispezionati per verificare l'accuratezza dimensionale, la qualit\u00e0 della superficie e le prestazioni ottiche.<\/p>\n<hr data-start=\"3525\" data-end=\"3528\" \/>\n<h2 data-section-id=\"1vt21ys\" data-start=\"3530\" data-end=\"3565\">Specifiche tecniche (53C2\u21a9\u6570\u8868\uff09)<\/h2>\n<div class=\"TyagGW_tableContainer\">\n<div class=\"group TyagGW_tableWrapper flex flex-col-reverse w-fit\" tabindex=\"-1\">\n<table class=\"w-fit min-w-(--thread-content-width)\" data-start=\"3567\" data-end=\"4087\">\n<thead data-start=\"3567\" data-end=\"3595\">\n<tr data-start=\"3567\" data-end=\"3595\">\n<th class=\"\" data-start=\"3567\" data-end=\"3578\" data-col-size=\"sm\">Propriet\u00e0<\/th>\n<th class=\"\" data-start=\"3578\" data-end=\"3595\" data-col-size=\"sm\">Valore tipico<\/th>\n<\/tr>\n<\/thead>\n<tbody data-start=\"3624\" data-end=\"4087\">\n<tr data-start=\"3624\" data-end=\"3653\">\n<td data-start=\"3624\" data-end=\"3635\" data-col-size=\"sm\">Diametro<\/td>\n<td data-col-size=\"sm\" data-start=\"3635\" data-end=\"3653\">10 mm - 600 mm<\/td>\n<\/tr>\n<tr data-start=\"3654\" data-end=\"3682\">\n<td data-start=\"3654\" data-end=\"3663\" data-col-size=\"sm\">Lunghezza<\/td>\n<td data-col-size=\"sm\" data-start=\"3663\" data-end=\"3682\">10 mm - 1000 mm<\/td>\n<\/tr>\n<tr data-start=\"3683\" data-end=\"3710\">\n<td data-start=\"3683\" data-end=\"3691\" data-col-size=\"sm\">Larghezza<\/td>\n<td data-col-size=\"sm\" data-start=\"3691\" data-end=\"3710\">10 mm - 1000 mm<\/td>\n<\/tr>\n<tr data-start=\"3711\" data-end=\"3741\">\n<td data-start=\"3711\" data-end=\"3723\" data-col-size=\"sm\">Spessore<\/td>\n<td data-col-size=\"sm\" data-start=\"3723\" data-end=\"3741\">0,5 mm - 60 mm<\/td>\n<\/tr>\n<tr data-start=\"3742\" data-end=\"3782\">\n<td data-start=\"3742\" data-end=\"3753\" data-col-size=\"sm\">Materiale<\/td>\n<td data-col-size=\"sm\" data-start=\"3753\" data-end=\"3782\">SiO\u2082 di elevata purezza (&gt;99,9%)<\/td>\n<\/tr>\n<tr data-start=\"3783\" data-end=\"3812\">\n<td data-start=\"3783\" data-end=\"3793\" data-col-size=\"sm\">Densit\u00e0<\/td>\n<td data-col-size=\"sm\" data-start=\"3793\" data-end=\"3812\">2,2 \u00d7 10\u00b3 kg\/m\u00b3<\/td>\n<\/tr>\n<tr data-start=\"3813\" data-end=\"3844\">\n<td data-start=\"3813\" data-end=\"3824\" data-col-size=\"sm\">Durezza<\/td>\n<td data-col-size=\"sm\" data-start=\"3824\" data-end=\"3844\">5,3 - 6,5 (Mohs)<\/td>\n<\/tr>\n<tr data-start=\"3845\" data-end=\"3885\">\n<td data-start=\"3845\" data-end=\"3868\" data-col-size=\"sm\">Resistenza alla compressione<\/td>\n<td data-col-size=\"sm\" data-start=\"3868\" data-end=\"3885\">\uff1e1,1 \u00d7 10\u2079 Pa<\/td>\n<\/tr>\n<tr data-start=\"3886\" data-end=\"3923\">\n<td data-start=\"3886\" data-end=\"3906\" data-col-size=\"sm\">Espansione termica<\/td>\n<td data-col-size=\"sm\" data-start=\"3906\" data-end=\"3923\">5.5 \u00d7 10-\u2077 \/\u2103<\/td>\n<\/tr>\n<tr data-start=\"3924\" data-end=\"3964\">\n<td data-start=\"3924\" data-end=\"3955\" data-col-size=\"sm\">Temperatura massima (breve termine)<\/td>\n<td data-col-size=\"sm\" data-start=\"3955\" data-end=\"3964\">1200\u2103<\/td>\n<\/tr>\n<tr data-start=\"3965\" data-end=\"4004\">\n<td data-start=\"3965\" data-end=\"3995\" data-col-size=\"sm\">Temperatura massima (a lungo termine)<\/td>\n<td data-col-size=\"sm\" data-start=\"3995\" data-end=\"4004\">1100\u2103<\/td>\n<\/tr>\n<tr data-start=\"4005\" data-end=\"4032\">\n<td data-start=\"4005\" data-end=\"4023\" data-col-size=\"sm\">Punto di addolcimento<\/td>\n<td data-col-size=\"sm\" data-start=\"4023\" data-end=\"4032\">1730\u2103<\/td>\n<\/tr>\n<tr data-start=\"4033\" data-end=\"4062\">\n<td data-start=\"4033\" data-end=\"4052\" data-col-size=\"sm\">Indice di rifrazione<\/td>\n<td data-col-size=\"sm\" data-start=\"4052\" data-end=\"4062\">1.4585<\/td>\n<\/tr>\n<tr data-start=\"4063\" data-end=\"4087\">\n<td data-start=\"4063\" data-end=\"4079\" data-col-size=\"sm\">Trasmittanza<\/td>\n<td data-col-size=\"sm\" data-start=\"4079\" data-end=\"4087\">\u226585%<\/td>\n<\/tr>\n<\/tbody>\n<\/table>\n<\/div>\n<\/div>\n<hr data-start=\"4089\" data-end=\"4092\" \/>\n<h2 data-section-id=\"rp9ojj\" data-start=\"4094\" data-end=\"4118\">Applicazioni<\/h2>\n<p data-start=\"4120\" data-end=\"4293\">Grazie alla loro combinazione unica di resistenza meccanica, chiarezza ottica e personalizzazione strutturale, queste lastre di quarzo sono ampiamente utilizzate in diversi settori:<\/p>\n<h3 data-section-id=\"127s61j\" data-start=\"4295\" data-end=\"4323\">Industria dei semiconduttori<\/h3>\n<p data-start=\"4324\" data-end=\"4513\">Utilizzati come supporti per wafer, piastre di distribuzione del gas (soffioni) e componenti strutturali nei sistemi di incisione e deposizione. La loro elevata purezza garantisce la compatibilit\u00e0 con i processi di camera bianca.<\/p>\n<h3 data-section-id=\"fov9jx\" data-start=\"4515\" data-end=\"4552\">Microfluidica e scienze della vita<\/h3>\n<p data-start=\"4553\" data-end=\"4669\">I fori di precisione consentono il controllo dei fluidi nei chip microfluidici, nei dispositivi lab-on-chip e negli strumenti analitici.<\/p>\n<h3 data-section-id=\"oe8bok\" data-start=\"4671\" data-end=\"4697\">Ottica e fotonica<\/h3>\n<p data-start=\"4698\" data-end=\"4828\">Si applica a maschere ottiche, aperture, finestre laser e sistemi di allineamento del fascio dove sono richieste elevata trasmissione e stabilit\u00e0.<\/p>\n<h3 data-section-id=\"tmu20s\" data-start=\"4830\" data-end=\"4855\">Ricerca scientifica<\/h3>\n<p data-start=\"4856\" data-end=\"4996\">Utilizzato in camere di reazione personalizzate, esperimenti ad alta temperatura e ambienti corrosivi in cui i materiali standard non possono funzionare in modo affidabile.<\/p>\n<h3 data-section-id=\"kx9m10\" data-start=\"4998\" data-end=\"5041\">Apparecchiature chimiche e farmaceutiche<\/h3>\n<p data-start=\"5042\" data-end=\"5163\">Ideale per reattori a flusso, sistemi di campionamento e celle di spettroscopia UV\/IR che richiedono resistenza chimica e accesso ottico.<\/p>\n<hr data-start=\"5165\" data-end=\"5168\" \/>\n<h2 data-section-id=\"78ajvy\" data-start=\"5170\" data-end=\"5184\">FAQ<\/h2>\n<p data-start=\"5186\" data-end=\"5362\">Q1: Le dimensioni e la posizione dei fori possono essere completamente personalizzate?<br data-start=\"5241\" data-end=\"5244\" \/>S\u00ec, tutte le dimensioni, compreso il diametro dei fori (0,1-20 mm), la posizione e il layout possono essere personalizzati in base ai disegni CAD.<\/p>\n<p data-start=\"5364\" data-end=\"5581\">D2: Qual \u00e8 la differenza tra JGS1 e JGS2?<br data-start=\"5417\" data-end=\"5420\" \/>JGS1 \u00e8 progettato per applicazioni UV profonde con una maggiore purezza, mentre JGS2 \u00e8 pi\u00f9 adatto per applicazioni nel visibile e nel vicino infrarosso con una migliore efficienza dei costi.<\/p>\n<p data-start=\"5583\" data-end=\"5736\">D3: Queste lastre di quarzo sono chimicamente resistenti?<br data-start=\"5636\" data-end=\"5639\" \/>S\u00ec, il quarzo fuso \u00e8 altamente resistente alla maggior parte degli acidi e delle sostanze chimiche, ad eccezione dell'acido fluoridrico (HF).<\/p>\n<p data-start=\"5738\" data-end=\"5873\">D4: \u00c8 possibile produrre pi\u00f9 fori o forme complesse?<br data-start=\"5795\" data-end=\"5798\" \/>S\u00ec, i progetti a pi\u00f9 fori, le scanalature e le geometrie complesse sono pienamente supportati.<\/p>","protected":false},"excerpt":{"rendered":"<p>Le piastre di quarzo fuso personalizzate con fori passanti sono componenti ingegnerizzati di alta precisione prodotti con biossido di silicio di altissima purezza (SiO\u2082 &gt; 99,9%). Queste piastre sono progettate specificamente per applicazioni industriali e scientifiche avanzate in cui la stabilit\u00e0 termica, la resistenza chimica e le prestazioni ottiche sono fondamentali.<\/p>","protected":false},"featured_media":2759,"comment_status":"open","ping_status":"closed","template":"","meta":{"site-sidebar-layout":"default","site-content-layout":"","ast-site-content-layout":"default","site-content-style":"default","site-sidebar-style":"default","ast-global-header-display":"","ast-banner-title-visibility":"","ast-main-header-display":"","ast-hfb-above-header-display":"","ast-hfb-below-header-display":"","ast-hfb-mobile-header-display":"","site-post-title":"","ast-breadcrumbs-content":"","ast-featured-img":"","footer-sml-layout":"","ast-disable-related-posts":"","theme-transparent-header-meta":"default","adv-header-id-meta":"","stick-header-meta":"default","header-above-stick-meta":"","header-main-stick-meta":"","header-below-stick-meta":"","astra-migrate-meta-layouts":"set","ast-page-background-enabled":"default","ast-page-background-meta":{"desktop":{"background-color":"var(--ast-global-color-4)","background-image":"","background-repeat":"repeat","background-position":"center center","background-size":"auto","background-attachment":"scroll","background-type":"","background-media":"","overlay-type":"","overlay-color":"","overlay-opacity":"","overlay-gradient":""},"tablet":{"background-color":"","background-image":"","background-repeat":"repeat","background-position":"center center","background-size":"auto","background-attachment":"scroll","background-type":"","background-media":"","overlay-type":"","overlay-color":"","overlay-opacity":"","overlay-gradient":""},"mobile":{"background-color":"","background-image":"","background-repeat":"repeat","background-position":"center center","background-size":"auto","background-attachment":"scroll","background-type":"","background-media":"","overlay-type":"","overlay-color":"","overlay-opacity":"","overlay-gradient":""}},"ast-content-background-meta":{"desktop":{"background-color":"var(--ast-global-color-5)","background-image":"","background-repeat":"repeat","background-position":"center center","background-size":"auto","background-attachment":"scroll","background-type":"","background-media":"","overlay-type":"","overlay-color":"","overlay-opacity":"","overlay-gradient":""},"tablet":{"background-color":"var(--ast-global-color-5)","background-image":"","background-repeat":"repeat","background-position":"center center","background-size":"auto","background-attachment":"scroll","background-type":"","background-media":"","overlay-type":"","overlay-color":"","overlay-opacity":"","overlay-gradient":""},"mobile":{"background-color":"var(--ast-global-color-5)","background-image":"","background-repeat":"repeat","background-position":"center center","background-size":"auto","background-attachment":"scroll","background-type":"","background-media":"","overlay-type":"","overlay-color":"","overlay-opacity":"","overlay-gradient":""}}},"product_brand":[],"product_cat":[150],"product_tag":[242,937,502,385,939,940,197,936,938,694],"class_list":{"0":"post-2755","1":"product","2":"type-product","3":"status-publish","4":"has-post-thumbnail","6":"product_cat-quartz-plate","7":"product_tag-custom-quartz-glass","8":"product_tag-drilled-quartz-substrate","9":"product_tag-fused-quartz-plate","10":"product_tag-fused-silica-plate","11":"product_tag-jgs-quartz","12":"product_tag-optical-quartz-components","13":"product_tag-optical-quartz-plate","14":"product_tag-quartz-plate-with-holes","15":"product_tag-quartz-wafer-plate","16":"product_tag-semiconductor-quartz-parts","17":"desktop-align-left","18":"tablet-align-left","19":"mobile-align-left","20":"ast-product-gallery-layout-horizontal","21":"ast-product-tabs-layout-horizontal","23":"first","24":"instock","25":"shipping-taxable","26":"product-type-simple"},"_links":{"self":[{"href":"https:\/\/www.fuyao-quartz.com\/it\/wp-json\/wp\/v2\/product\/2755","targetHints":{"allow":["GET"]}}],"collection":[{"href":"https:\/\/www.fuyao-quartz.com\/it\/wp-json\/wp\/v2\/product"}],"about":[{"href":"https:\/\/www.fuyao-quartz.com\/it\/wp-json\/wp\/v2\/types\/product"}],"replies":[{"embeddable":true,"href":"https:\/\/www.fuyao-quartz.com\/it\/wp-json\/wp\/v2\/comments?post=2755"}],"version-history":[{"count":2,"href":"https:\/\/www.fuyao-quartz.com\/it\/wp-json\/wp\/v2\/product\/2755\/revisions"}],"predecessor-version":[{"id":2762,"href":"https:\/\/www.fuyao-quartz.com\/it\/wp-json\/wp\/v2\/product\/2755\/revisions\/2762"}],"wp:featuredmedia":[{"embeddable":true,"href":"https:\/\/www.fuyao-quartz.com\/it\/wp-json\/wp\/v2\/media\/2759"}],"wp:attachment":[{"href":"https:\/\/www.fuyao-quartz.com\/it\/wp-json\/wp\/v2\/media?parent=2755"}],"wp:term":[{"taxonomy":"product_brand","embeddable":true,"href":"https:\/\/www.fuyao-quartz.com\/it\/wp-json\/wp\/v2\/product_brand?post=2755"},{"taxonomy":"product_cat","embeddable":true,"href":"https:\/\/www.fuyao-quartz.com\/it\/wp-json\/wp\/v2\/product_cat?post=2755"},{"taxonomy":"product_tag","embeddable":true,"href":"https:\/\/www.fuyao-quartz.com\/it\/wp-json\/wp\/v2\/product_tag?post=2755"}],"curies":[{"name":"wp","href":"https:\/\/api.w.org\/{rel}","templated":true}]}}