{"id":2831,"date":"2026-04-29T06:20:55","date_gmt":"2026-04-29T06:20:55","guid":{"rendered":"https:\/\/www.fuyao-quartz.com\/?post_type=product&#038;p=2831"},"modified":"2026-04-29T06:21:03","modified_gmt":"2026-04-29T06:21:03","slug":"precision-sapphire-through-hole-bearings-for-optical-micro-mechanical-systems","status":"publish","type":"product","link":"https:\/\/www.fuyao-quartz.com\/hu\/product\/precision-sapphire-through-hole-bearings-for-optical-micro-mechanical-systems\/","title":{"rendered":"Prec\u00edzi\u00f3s zaf\u00edr \u00e1tmen\u0151furat\u00fa csap\u00e1gyak optikai \u00e9s mikro-mechanikai rendszerekhez"},"content":{"rendered":"<p data-start=\"504\" data-end=\"742\"><img fetchpriority=\"high\" decoding=\"async\" class=\"wp-image-2833 alignright\" src=\"https:\/\/www.fuyao-quartz.com\/wp-content\/uploads\/2026\/04\/Precision-Sapphire-Through-Hole-Bearings-for-Optical-Micro-Mechanical-Systems-2-300x300.png\" alt=\"\" width=\"293\" height=\"293\" srcset=\"https:\/\/www.fuyao-quartz.com\/wp-content\/uploads\/2026\/04\/Precision-Sapphire-Through-Hole-Bearings-for-Optical-Micro-Mechanical-Systems-2-300x300.png 300w, https:\/\/www.fuyao-quartz.com\/wp-content\/uploads\/2026\/04\/Precision-Sapphire-Through-Hole-Bearings-for-Optical-Micro-Mechanical-Systems-2-150x150.png 150w, https:\/\/www.fuyao-quartz.com\/wp-content\/uploads\/2026\/04\/Precision-Sapphire-Through-Hole-Bearings-for-Optical-Micro-Mechanical-Systems-2-768x768.png 768w, https:\/\/www.fuyao-quartz.com\/wp-content\/uploads\/2026\/04\/Precision-Sapphire-Through-Hole-Bearings-for-Optical-Micro-Mechanical-Systems-2-12x12.png 12w, https:\/\/www.fuyao-quartz.com\/wp-content\/uploads\/2026\/04\/Precision-Sapphire-Through-Hole-Bearings-for-Optical-Micro-Mechanical-Systems-2-600x600.png 600w, https:\/\/www.fuyao-quartz.com\/wp-content\/uploads\/2026\/04\/Precision-Sapphire-Through-Hole-Bearings-for-Optical-Micro-Mechanical-Systems-2-100x100.png 100w, https:\/\/www.fuyao-quartz.com\/wp-content\/uploads\/2026\/04\/Precision-Sapphire-Through-Hole-Bearings-for-Optical-Micro-Mechanical-Systems-2.png 1000w\" sizes=\"(max-width: 293px) 100vw, 293px\" \/>A zaf\u00edr \u00e1tmen\u0151furat\u00fa csap\u00e1gyak egykrist\u00e1lyos alum\u00ednium-oxidb\u00f3l (Al\u2082O\u2083) k\u00e9sz\u00fclt ultraprec\u00edzi\u00f3s alkatr\u00e9szek, amelyeket olyan alkalmaz\u00e1sokhoz terveztek, amelyek rendk\u00edv\u00fcli kop\u00e1s\u00e1ll\u00f3s\u00e1got, m\u00e9retstabilit\u00e1st \u00e9s rendk\u00edv\u00fcl alacsony s\u00farl\u00f3d\u00e1si teljes\u00edtm\u00e9nyt ig\u00e9nyelnek.<\/p>\n<p data-start=\"744\" data-end=\"959\">A f\u00e9m- vagy hagyom\u00e1nyos ker\u00e1miacsap\u00e1gyakkal \u00f6sszehasonl\u00edtva a zaf\u00edrcsap\u00e1gyak hosszabb \u00e9lettartamot biztos\u00edtanak, nincs r\u00e9szecske-lev\u00e1l\u00e1s, \u00e9s kiv\u00e1l\u00f3 teljes\u00edtm\u00e9nyt ny\u00fajtanak a tisztat\u00e9ri, optikai \u00e9s nagysebess\u00e9g\u0171 mikromechanikai rendszerekben.<\/p>\n<p data-start=\"961\" data-end=\"1191\">A ZMSH teljesen testre szabott zaf\u00edrcsap\u00e1gyakat k\u00edn\u00e1l, bele\u00e9rtve az \u00e1tmen\u0151 furat \u00e1tm\u00e9r\u0151j\u00e9t, k\u00fcls\u0151 \u00e1tm\u00e9r\u0151j\u00e9t, vastags\u00e1g\u00e1t, fel\u00fcleti fel\u00fcletkezel\u00e9s\u00e9t \u00e9s geometri\u00e1j\u00e1t, prec\u00edzi\u00f3s m\u0171szerek, f\u00e9lvezet\u0151 berendez\u00e9sek \u00e9s \u0171rkutat\u00e1si alkalmaz\u00e1sok sz\u00e1m\u00e1ra.<\/p>\n<hr data-start=\"1193\" data-end=\"1196\" \/>\n<h1 data-section-id=\"y82lp4\" data-start=\"1198\" data-end=\"1222\"><span role=\"text\">Alapvet\u0151 el\u0151ny\u00f6k<\/span><\/h1>\n<h3 data-section-id=\"hep9xw\" data-start=\"1224\" data-end=\"1272\"><span role=\"text\">1. Ultra-nagy kem\u00e9nys\u00e9g \u00e9s kop\u00e1s\u00e1ll\u00f3s\u00e1g<\/span><\/h3>\n<ul data-start=\"1273\" data-end=\"1407\">\n<li data-section-id=\"8lpcfa\" data-start=\"1273\" data-end=\"1317\">Mohs-kem\u00e9nys\u00e9g 9 (a m\u00e1sodik a gy\u00e9m\u00e1nt ut\u00e1n)<\/li>\n<li data-section-id=\"1ms6nzv\" data-start=\"1318\" data-end=\"1360\">Minim\u00e1lis kop\u00e1s folyamatos forg\u00e1s mellett<\/li>\n<li data-section-id=\"qsm0cr\" data-start=\"1361\" data-end=\"1407\">Hossz\u00fa \u00e9lettartam mellett is meg\u0151rzi a pontoss\u00e1got<\/li>\n<\/ul>\n<p data-start=\"1409\" data-end=\"1462\">Ide\u00e1lis nagy sebess\u00e9g\u0171 \u00e9s hossz\u00fa ideig tart\u00f3 m\u0171k\u00f6d\u00e9shez<\/p>\n<hr data-start=\"1464\" data-end=\"1467\" \/>\n<h3 data-section-id=\"wqbwzy\" data-start=\"1469\" data-end=\"1513\"><span role=\"text\">2. Kiv\u00e9teles prec\u00edzi\u00f3s teljes\u00edtm\u00e9ny<\/span><\/h3>\n<ul data-start=\"1514\" data-end=\"1628\">\n<li data-section-id=\"14590o0\" data-start=\"1514\" data-end=\"1554\">Furatt\u0171r\u00e9s: \u00b10,005 - 0,02 mm<\/li>\n<li data-section-id=\"1ig5njd\" data-start=\"1555\" data-end=\"1594\">Fel\u00fclet \u00e9rdess\u00e9ge: Ra &lt; 0,02 \u03bcm<\/li>\n<li data-section-id=\"1fiqfqd\" data-start=\"1595\" data-end=\"1628\">Nagy s\u00edkoss\u00e1g \u00e9s p\u00e1rhuzamoss\u00e1g<\/li>\n<\/ul>\n<p data-start=\"1630\" data-end=\"1675\">\u00a0Biztos\u00edtja a sima forg\u00e1st \u00e9s az alacsony s\u00farl\u00f3d\u00e1st<\/p>\n<hr data-start=\"1677\" data-end=\"1680\" \/>\n<h3 data-section-id=\"1qdhqu6\" data-start=\"1682\" data-end=\"1723\"><span role=\"text\">3. Tisztaszoba \u00e9s szennyez\u0151d\u00e9smentes<\/span><\/h3>\n<ul data-start=\"1724\" data-end=\"1853\">\n<li data-section-id=\"ywyxtw\" data-start=\"1724\" data-end=\"1764\">Nincs f\u00e9mt\u00f6rmel\u00e9k vagy r\u00e9szecskesz\u00e9tv\u00e1l\u00e1s<\/li>\n<li data-section-id=\"6pymfj\" data-start=\"1765\" data-end=\"1809\">K\u00e9miailag inert (savakkal\/l\u00fagokkal szemben ellen\u00e1ll\u00f3)<\/li>\n<li data-section-id=\"1kb7pwv\" data-start=\"1810\" data-end=\"1853\">Alkalmas f\u00e9lvezet\u0151 k\u00f6rnyezetbe<\/li>\n<\/ul>\n<p data-start=\"1855\" data-end=\"1904\">T\u00f6k\u00e9letes v\u00e1kuum \u00e9s ultra-tiszt\u00edt\u00f3 rendszerekhez<\/p>\n<hr data-start=\"1906\" data-end=\"1909\" \/>\n<h3 data-section-id=\"1p91kt7\" data-start=\"1911\" data-end=\"1948\"><span role=\"text\">4. Magas h\u0151m\u00e9rs\u00e9kleti stabilit\u00e1s<\/span><\/h3>\n<ul data-start=\"1949\" data-end=\"2042\">\n<li data-section-id=\"gkv46b\" data-start=\"1949\" data-end=\"1996\">Stabil ak\u00e1r 1000\u00b0C+ munkak\u00f6r\u00fclm\u00e9nyek k\u00f6z\u00f6tt is<\/li>\n<li data-section-id=\"1sqjzre\" data-start=\"1997\" data-end=\"2042\">Nincs deform\u00e1ci\u00f3 vagy teljes\u00edtm\u00e9nycs\u00f6kken\u00e9s<\/li>\n<\/ul>\n<hr data-start=\"2044\" data-end=\"2047\" \/>\n<h3 data-section-id=\"j1i3rp\" data-start=\"2049\" data-end=\"2082\"><span role=\"text\">5. Rugalmas testreszab\u00e1s<\/span><\/h3>\n<ul data-start=\"2083\" data-end=\"2252\">\n<li data-section-id=\"1176qwa\" data-start=\"2083\" data-end=\"2123\">\u00c1tm\u00e9r\u0151, OD, vastags\u00e1g<\/li>\n<li data-section-id=\"fglcx7\" data-start=\"2124\" data-end=\"2166\">Fazekol\u00e1s, s\u00fcllyeszt\u00e9s, l\u00e9pcs\u0151zetes furatok<\/li>\n<li data-section-id=\"1hbpsff\" data-start=\"2167\" data-end=\"2205\">Pol\u00edrozott \/ matt \/ hibrid fel\u00fcletek<\/li>\n<li data-section-id=\"ek9rzs\" data-start=\"2206\" data-end=\"2252\">Rubin \/ \u00e1tl\u00e1tsz\u00f3 \/ k\u00e9k zaf\u00edr lehet\u0151s\u00e9gek<\/li>\n<\/ul>\n<hr data-start=\"2254\" data-end=\"2257\" \/>\n<h1 data-section-id=\"19wxmng\" data-start=\"2259\" data-end=\"2292\"><span role=\"text\">M\u0171szaki specifik\u00e1ci\u00f3k<\/span><\/h1>\n<div class=\"TyagGW_tableContainer\">\n<div class=\"group TyagGW_tableWrapper flex flex-col-reverse w-fit\" tabindex=\"-1\">\n<table class=\"w-fit min-w-(--thread-content-width)\" data-start=\"2294\" data-end=\"2733\">\n<thead data-start=\"2294\" data-end=\"2323\">\n<tr data-start=\"2294\" data-end=\"2323\">\n<th class=\"\" data-start=\"2294\" data-end=\"2306\" data-col-size=\"sm\">Param\u00e9ter<\/th>\n<th class=\"\" data-start=\"2306\" data-end=\"2323\" data-col-size=\"sm\">Specifik\u00e1ci\u00f3<\/th>\n<\/tr>\n<\/thead>\n<tbody data-start=\"2352\" data-end=\"2733\">\n<tr data-start=\"2352\" data-end=\"2398\">\n<td data-start=\"2352\" data-end=\"2363\" data-col-size=\"sm\">Anyag<\/td>\n<td data-col-size=\"sm\" data-start=\"2363\" data-end=\"2398\">Egyetlen krist\u00e1ly Al\u2082O\u2083 (zaf\u00edr)<\/td>\n<\/tr>\n<tr data-start=\"2399\" data-end=\"2434\">\n<td data-start=\"2399\" data-end=\"2421\" data-col-size=\"sm\">K\u00fcls\u0151 \u00e1tm\u00e9r\u0151 (OD)<\/td>\n<td data-col-size=\"sm\" data-start=\"2421\" data-end=\"2434\">1 - 50 mm<\/td>\n<\/tr>\n<tr data-start=\"2435\" data-end=\"2472\">\n<td data-start=\"2435\" data-end=\"2457\" data-col-size=\"sm\">Bels\u0151 \u00e1tm\u00e9r\u0151 (ID)<\/td>\n<td data-col-size=\"sm\" data-start=\"2457\" data-end=\"2472\">0,2 - 20 mm<\/td>\n<\/tr>\n<tr data-start=\"2473\" data-end=\"2500\">\n<td data-start=\"2473\" data-end=\"2485\" data-col-size=\"sm\">Vastags\u00e1g<\/td>\n<td data-col-size=\"sm\" data-start=\"2485\" data-end=\"2500\">0,2 - 10 mm<\/td>\n<\/tr>\n<tr data-start=\"2501\" data-end=\"2533\">\n<td data-start=\"2501\" data-end=\"2513\" data-col-size=\"sm\">Tolerancia<\/td>\n<td data-col-size=\"sm\" data-start=\"2513\" data-end=\"2533\">\u00b10,005 - 0,02 mm<\/td>\n<\/tr>\n<tr data-start=\"2534\" data-end=\"2559\">\n<td data-start=\"2534\" data-end=\"2545\" data-col-size=\"sm\">Laposs\u00e1g<\/td>\n<td data-col-size=\"sm\" data-start=\"2545\" data-end=\"2559\">\u2264 0,005 mm<\/td>\n<\/tr>\n<tr data-start=\"2560\" data-end=\"2593\">\n<td data-start=\"2560\" data-end=\"2580\" data-col-size=\"sm\">Fel\u00fcleti \u00e9rdess\u00e9g<\/td>\n<td data-col-size=\"sm\" data-start=\"2580\" data-end=\"2593\">&lt; 0,02 \u03bcm<\/td>\n<\/tr>\n<tr data-start=\"2594\" data-end=\"2615\">\n<td data-start=\"2594\" data-end=\"2605\" data-col-size=\"sm\">Kem\u00e9nys\u00e9g<\/td>\n<td data-col-size=\"sm\" data-start=\"2605\" data-end=\"2615\">Mohs 9<\/td>\n<\/tr>\n<tr data-start=\"2616\" data-end=\"2640\">\n<td data-start=\"2616\" data-end=\"2626\" data-col-size=\"sm\">S\u0171r\u0171s\u00e9g<\/td>\n<td data-col-size=\"sm\" data-start=\"2626\" data-end=\"2640\">3,97 g\/cm\u00b3<\/td>\n<\/tr>\n<tr data-start=\"2641\" data-end=\"2687\">\n<td data-start=\"2641\" data-end=\"2658\" data-col-size=\"sm\">Fel\u00fcletkezel\u00e9s<\/td>\n<td data-col-size=\"sm\" data-start=\"2658\" data-end=\"2687\">Pol\u00edrozott \/ matt \/ hibrid<\/td>\n<\/tr>\n<tr data-start=\"2688\" data-end=\"2733\">\n<td data-start=\"2688\" data-end=\"2704\" data-col-size=\"sm\">Sz\u00ednv\u00e1laszt\u00e9k<\/td>\n<td data-col-size=\"sm\" data-start=\"2704\" data-end=\"2733\">\u00c1tl\u00e1tsz\u00f3 \/ Rubin \/ K\u00e9k<\/td>\n<\/tr>\n<\/tbody>\n<\/table>\n<\/div>\n<\/div>\n<hr data-start=\"2735\" data-end=\"2738\" \/>\n<h1 data-section-id=\"ibrfuj\" data-start=\"2740\" data-end=\"2770\"><span role=\"text\">Gy\u00e1rt\u00e1si folyamat<\/span><\/h1>\n<h3 data-section-id=\"1sijpzj\" data-start=\"2772\" data-end=\"2798\"><span role=\"text\">Prec\u00edzi\u00f3s f\u00far\u00e1s<\/span><\/h3>\n<ul data-start=\"2799\" data-end=\"2877\">\n<li data-section-id=\"whprhk\" data-start=\"2799\" data-end=\"2839\">Ultrahangos f\u00far\u00e1s \/ l\u00e9zerf\u00far\u00e1s<\/li>\n<li data-section-id=\"1pf8l4y\" data-start=\"2840\" data-end=\"2877\">Tiszta lyuksz\u00e9lek, nincsenek mikroreped\u00e9sek<\/li>\n<\/ul>\n<h3 data-section-id=\"1lvtwz3\" data-start=\"2879\" data-end=\"2918\"><span role=\"text\">K\u00e9toldali sim\u00edt\u00e1s \u00e9s pol\u00edroz\u00e1s<\/span><\/h3>\n<ul data-start=\"2919\" data-end=\"2998\">\n<li data-section-id=\"1vdnkv9\" data-start=\"2919\" data-end=\"2964\">Optikai min\u0151s\u00e9g\u0171 s\u00edkoss\u00e1g \u00e9s fel\u00fcletkezel\u00e9s<\/li>\n<li data-section-id=\"17v8ab0\" data-start=\"2965\" data-end=\"2998\">Jav\u00edtott s\u00farl\u00f3d\u00e1si teljes\u00edtm\u00e9ny<\/li>\n<\/ul>\n<h3 data-section-id=\"qhu4bq\" data-start=\"3000\" data-end=\"3021\"><span role=\"text\">CNC profiloz\u00e1s<\/span><\/h3>\n<ul data-start=\"3022\" data-end=\"3102\">\n<li data-section-id=\"fv38un\" data-start=\"3022\" data-end=\"3060\">Egyedi k\u00fcls\u0151 form\u00e1k \u00e9s t\u0171r\u00e9sek<\/li>\n<li data-section-id=\"13qpvd8\" data-start=\"3061\" data-end=\"3102\">Nagyfok\u00fa konzisztencia a sorozatgy\u00e1rt\u00e1shoz<\/li>\n<\/ul>\n<hr data-start=\"3104\" data-end=\"3107\" \/>\n<h1 data-section-id=\"1y37n9x\" data-start=\"3109\" data-end=\"3130\"><span role=\"text\"><img decoding=\"async\" class=\"wp-image-2832  alignright\" src=\"https:\/\/www.fuyao-quartz.com\/wp-content\/uploads\/2026\/04\/Precision-Sapphire-Through-Hole-Bearings-for-Optical-Micro-Mechanical-Systems-3-300x300.png\" alt=\"\" width=\"263\" height=\"263\" srcset=\"https:\/\/www.fuyao-quartz.com\/wp-content\/uploads\/2026\/04\/Precision-Sapphire-Through-Hole-Bearings-for-Optical-Micro-Mechanical-Systems-3-300x300.png 300w, https:\/\/www.fuyao-quartz.com\/wp-content\/uploads\/2026\/04\/Precision-Sapphire-Through-Hole-Bearings-for-Optical-Micro-Mechanical-Systems-3-150x150.png 150w, https:\/\/www.fuyao-quartz.com\/wp-content\/uploads\/2026\/04\/Precision-Sapphire-Through-Hole-Bearings-for-Optical-Micro-Mechanical-Systems-3-768x768.png 768w, https:\/\/www.fuyao-quartz.com\/wp-content\/uploads\/2026\/04\/Precision-Sapphire-Through-Hole-Bearings-for-Optical-Micro-Mechanical-Systems-3-12x12.png 12w, https:\/\/www.fuyao-quartz.com\/wp-content\/uploads\/2026\/04\/Precision-Sapphire-Through-Hole-Bearings-for-Optical-Micro-Mechanical-Systems-3-600x600.png 600w, https:\/\/www.fuyao-quartz.com\/wp-content\/uploads\/2026\/04\/Precision-Sapphire-Through-Hole-Bearings-for-Optical-Micro-Mechanical-Systems-3-100x100.png 100w, https:\/\/www.fuyao-quartz.com\/wp-content\/uploads\/2026\/04\/Precision-Sapphire-Through-Hole-Bearings-for-Optical-Micro-Mechanical-Systems-3.png 1000w\" sizes=\"(max-width: 263px) 100vw, 263px\" \/>Alkalmaz\u00e1sok<\/span><\/h1>\n<p data-start=\"3132\" data-end=\"3182\">A zaf\u00edr \u00e1tmen\u0151furat\u00fa csap\u00e1gyakat sz\u00e9les k\u00f6rben haszn\u00e1lj\u00e1k a k\u00f6vetkez\u0151kben:<\/p>\n<ul data-start=\"3184\" data-end=\"3559\">\n<li data-section-id=\"16lvyyx\" data-start=\"3184\" data-end=\"3246\">Optikai m\u0171szerek (kard\u00e1nok, szkennerek, l\u00e9zermodulok)<\/li>\n<li data-section-id=\"11f2pxb\" data-start=\"3247\" data-end=\"3324\">Prec\u00edzi\u00f3s m\u00e9r\u0151eszk\u00f6z\u00f6k (m\u00e9r\u0151\u00f3r\u00e1k, mikro-mozgat\u00f3 rendszerek)<\/li>\n<li data-section-id=\"1ewum30\" data-start=\"3325\" data-end=\"3386\">F\u00e9lvezet\u0151 berendez\u00e9sek (pozicion\u00e1l\u00f3 \u00e9s vezet\u0151 alkatr\u00e9szek)<\/li>\n<li data-section-id=\"8kuypd\" data-start=\"3387\" data-end=\"3435\">Orvostechnikai eszk\u00f6z\u00f6k (mikroszivatty\u00fak, analiz\u00e1torok)<\/li>\n<li data-section-id=\"1aoltvw\" data-start=\"3436\" data-end=\"3496\">\u0170rhaj\u00f3z\u00e1si rendszerek (k\u00f6nny\u0171szerkezetes prec\u00edzi\u00f3s szerkezetek)<\/li>\n<li data-section-id=\"1h74ow1\" data-start=\"3497\" data-end=\"3559\">Luxus\u00f3r\u00e1k (\u00e9kszercsap\u00e1gyak az ultraalacsony s\u00farl\u00f3d\u00e1s \u00e9rdek\u00e9ben)<\/li>\n<\/ul>\n<hr data-start=\"3561\" data-end=\"3564\" \/>\n<h1 data-section-id=\"5rubml\" data-start=\"3566\" data-end=\"3613\"><span role=\"text\">Mi\u00e9rt zaf\u00edr a f\u00e9m csap\u00e1gyak helyett<\/span><\/h1>\n<div class=\"TyagGW_tableContainer\">\n<div class=\"group TyagGW_tableWrapper flex flex-col-reverse w-fit\" tabindex=\"-1\">\n<table class=\"w-fit min-w-(--thread-content-width)\" data-start=\"3615\" data-end=\"3876\">\n<thead data-start=\"3615\" data-end=\"3645\">\n<tr data-start=\"3615\" data-end=\"3645\">\n<th class=\"\" data-start=\"3615\" data-end=\"3625\" data-col-size=\"sm\">Jellemz\u0151<\/th>\n<th class=\"\" data-start=\"3625\" data-end=\"3636\" data-col-size=\"sm\">Zaf\u00edr<\/th>\n<th class=\"\" data-start=\"3636\" data-end=\"3645\" data-col-size=\"sm\">F\u00e9m<\/th>\n<\/tr>\n<\/thead>\n<tbody data-start=\"3675\" data-end=\"3876\">\n<tr data-start=\"3675\" data-end=\"3717\">\n<td data-start=\"3675\" data-end=\"3693\" data-col-size=\"sm\">Kop\u00e1s\u00e1ll\u00f3s\u00e1g<\/td>\n<td data-col-size=\"sm\" data-start=\"3693\" data-end=\"3705\">Kiv\u00e1l\u00f3<\/td>\n<td data-col-size=\"sm\" data-start=\"3705\" data-end=\"3717\">M\u00e9rs\u00e9kelt<\/td>\n<\/tr>\n<tr data-start=\"3718\" data-end=\"3751\">\n<td data-start=\"3718\" data-end=\"3729\" data-col-size=\"sm\">S\u00farl\u00f3d\u00e1s<\/td>\n<td data-start=\"3729\" data-end=\"3741\" data-col-size=\"sm\">Ultra-alacsony<\/td>\n<td data-col-size=\"sm\" data-start=\"3741\" data-end=\"3751\">Magasabb<\/td>\n<\/tr>\n<tr data-start=\"3752\" data-end=\"3790\">\n<td data-start=\"3752\" data-end=\"3778\" data-col-size=\"sm\">Tisztat\u00e9r kompatibilit\u00e1s<\/td>\n<td data-col-size=\"sm\" data-start=\"3778\" data-end=\"3784\">Igen<\/td>\n<td data-col-size=\"sm\" data-start=\"3784\" data-end=\"3790\">Nem<\/td>\n<\/tr>\n<tr data-start=\"3791\" data-end=\"3837\">\n<td data-start=\"3791\" data-end=\"3814\" data-col-size=\"sm\">Korr\u00f3zi\u00f3\u00e1ll\u00f3s\u00e1g<\/td>\n<td data-col-size=\"sm\" data-start=\"3814\" data-end=\"3826\">Kiv\u00e1l\u00f3<\/td>\n<td data-col-size=\"sm\" data-start=\"3826\" data-end=\"3837\">Korl\u00e1tozott<\/td>\n<\/tr>\n<tr data-start=\"3838\" data-end=\"3876\">\n<td data-start=\"3838\" data-end=\"3853\" data-col-size=\"sm\">\u00c9lettartam<\/td>\n<td data-col-size=\"sm\" data-start=\"3853\" data-end=\"3865\">Nagyon hossz\u00fa<\/td>\n<td data-col-size=\"sm\" data-start=\"3865\" data-end=\"3876\">R\u00f6videbb<\/td>\n<\/tr>\n<\/tbody>\n<\/table>\n<\/div>\n<\/div>\n<hr data-start=\"3878\" data-end=\"3881\" \/>\n<h1 data-section-id=\"1odpuo0\" data-start=\"3883\" data-end=\"3907\"><span role=\"text\">Mi\u00e9rt v\u00e1lassza a FUYAO kvarcot?<\/span><\/h1>\n<ul data-start=\"3909\" data-end=\"4126\">\n<li data-section-id=\"1padxf6\" data-start=\"3909\" data-end=\"3962\">10+ \u00e9v zaf\u00edr prec\u00edzi\u00f3s megmunk\u00e1l\u00e1si tapasztalat<\/li>\n<li data-section-id=\"251bwo\" data-start=\"3963\" data-end=\"4006\">H\u00e1zon bel\u00fcli krist\u00e1lyfeldolgoz\u00e1s \u00e9s csiszol\u00e1s<\/li>\n<li data-section-id=\"jo42kd\" data-start=\"4007\" data-end=\"4057\">Optikai ellen\u0151rz\u00e9s (interferom\u00e9ter, CMM)<\/li>\n<li data-section-id=\"1d13pfe\" data-start=\"4058\" data-end=\"4088\">Gyors protot\u00edpusgy\u00e1rt\u00e1s el\u00e9rhet\u0151<\/li>\n<li data-section-id=\"12p9a0q\" data-start=\"4089\" data-end=\"4126\">Stabil t\u00f6meggy\u00e1rt\u00e1si k\u00e9pess\u00e9g<\/li>\n<\/ul>\n<hr data-start=\"4128\" data-end=\"4131\" \/>\n<h1 data-section-id=\"11txy1v\" data-start=\"4133\" data-end=\"4144\"><span role=\"text\">GYIK<\/span><\/h1>\n<p data-start=\"4146\" data-end=\"4302\">1. k\u00e9rd\u00e9s: Mi a legkisebb lyukm\u00e9ret, amit el lehet \u00e9rni?<br data-start=\"4201\" data-end=\"4204\" \/>V: A vastags\u00e1gt\u00f3l \u00e9s a m\u00e9retar\u00e1nyt\u00f3l f\u00fcgg\u0151en ak\u00e1r 0,2 mm-es mikro-\u00e1tmen\u0151 lyukakat is el\u0151 tudunk \u00e1ll\u00edtani.<\/p>\n<p data-start=\"4304\" data-end=\"4424\">2. k\u00e9rd\u00e9s: Tudja testre szabni az \u00f6sszetett lyukform\u00e1kat?<br data-start=\"4350\" data-end=\"4353\" \/>V: Igen, bele\u00e9rtve a l\u00e9pcs\u0151zetes furatokat, a k\u00fapos furatokat \u00e9s a speci\u00e1lis geometri\u00e1kat is.<\/p>\n<p data-start=\"4426\" data-end=\"4545\">3. k\u00e9rd\u00e9s: Kaphat\u00f3ak rubin csap\u00e1gyak?<br data-start=\"4462\" data-end=\"4465\" \/>V: Igen, a rubin \u00e9s a k\u00e9k zaf\u00edr opci\u00f3k k\u00fcl\u00f6nb\u00f6z\u0151 alkalmaz\u00e1sokhoz \u00e1llnak rendelkez\u00e9sre.<\/p>\n<p data-start=\"4547\" data-end=\"4739\">4. k\u00e9rd\u00e9s: A zaf\u00edr helyettes\u00edtheti a hagyom\u00e1nyos csap\u00e1gyakat?<br data-start=\"4597\" data-end=\"4600\" \/>V: Nagy pontoss\u00e1g\u00fa, alacsony s\u00farl\u00f3d\u00e1s\u00fa \u00e9s tiszta k\u00f6rnyezetben a zaf\u00edr csap\u00e1gyak jelent\u0151sen fel\u00fclm\u00falj\u00e1k a f\u00e9m \u00e9s a szabv\u00e1nyos ker\u00e1mia csap\u00e1gyak teljes\u00edtm\u00e9ny\u00e9t.<\/p>\n<p>&nbsp;<\/p>","protected":false},"excerpt":{"rendered":"<p>A zaf\u00edr \u00e1tmen\u0151furat\u00fa csap\u00e1gyak egykrist\u00e1lyos alum\u00ednium-oxidb\u00f3l (Al\u2082O\u2083) k\u00e9sz\u00fclt ultraprec\u00edzi\u00f3s alkatr\u00e9szek, amelyeket olyan alkalmaz\u00e1sokhoz terveztek, amelyek rendk\u00edv\u00fcli kop\u00e1s\u00e1ll\u00f3s\u00e1got, m\u00e9retstabilit\u00e1st \u00e9s rendk\u00edv\u00fcl alacsony s\u00farl\u00f3d\u00e1si teljes\u00edtm\u00e9nyt ig\u00e9nyelnek.<\/p>","protected":false},"featured_media":2834,"comment_status":"open","ping_status":"closed","template":"","meta":{"site-sidebar-layout":"default","site-content-layout":"","ast-site-content-layout":"default","site-content-style":"default","site-sidebar-style":"default","ast-global-header-display":"","ast-banner-title-visibility":"","ast-main-header-display":"","ast-hfb-above-header-display":"","ast-hfb-below-header-display":"","ast-hfb-mobile-header-display":"","site-post-title":"","ast-breadcrumbs-content":"","ast-featured-img":"","footer-sml-layout":"","ast-disable-related-posts":"","theme-transparent-header-meta":"default","adv-header-id-meta":"","stick-header-meta":"default","header-above-stick-meta":"","header-main-stick-meta":"","header-below-stick-meta":"","astra-migrate-meta-layouts":"set","ast-page-background-enabled":"default","ast-page-background-meta":{"desktop":{"background-color":"var(--ast-global-color-4)","background-image":"","background-repeat":"repeat","background-position":"center center","background-size":"auto","background-attachment":"scroll","background-type":"","background-media":"","overlay-type":"","overlay-color":"","overlay-opacity":"","overlay-gradient":""},"tablet":{"background-color":"","background-image":"","background-repeat":"repeat","background-position":"center center","background-size":"auto","background-attachment":"scroll","background-type":"","background-media":"","overlay-type":"","overlay-color":"","overlay-opacity":"","overlay-gradient":""},"mobile":{"background-color":"","background-image":"","background-repeat":"repeat","background-position":"center center","background-size":"auto","background-attachment":"scroll","background-type":"","background-media":"","overlay-type":"","overlay-color":"","overlay-opacity":"","overlay-gradient":""}},"ast-content-background-meta":{"desktop":{"background-color":"var(--ast-global-color-5)","background-image":"","background-repeat":"repeat","background-position":"center center","background-size":"auto","background-attachment":"scroll","background-type":"","background-media":"","overlay-type":"","overlay-color":"","overlay-opacity":"","overlay-gradient":""},"tablet":{"background-color":"var(--ast-global-color-5)","background-image":"","background-repeat":"repeat","background-position":"center center","background-size":"auto","background-attachment":"scroll","background-type":"","background-media":"","overlay-type":"","overlay-color":"","overlay-opacity":"","overlay-gradient":""},"mobile":{"background-color":"var(--ast-global-color-5)","background-image":"","background-repeat":"repeat","background-position":"center center","background-size":"auto","background-attachment":"scroll","background-type":"","background-media":"","overlay-type":"","overlay-color":"","overlay-opacity":"","overlay-gradient":""}}},"product_brand":[],"product_cat":[152],"product_tag":[1060,1068,1074,1077,1059,1065,1075,1063,1067,1071,1064,1070,1058,1057,1062,1055,1073,1076,1078,1072,1056,1069,1061,1079,1066],"class_list":{"0":"post-2831","1":"product","2":"type-product","3":"status-publish","4":"has-post-thumbnail","6":"product_cat-sapphire","7":"product_tag-al2o3-sapphire-bearing","8":"product_tag-cleanroom-bearing","9":"product_tag-corrosion-resistant-bearing","10":"product_tag-custom-optical-components","11":"product_tag-custom-sapphire-bearing","12":"product_tag-high-precision-bearing","13":"product_tag-high-temperature-bearing","14":"product_tag-jewel-bearing","15":"product_tag-low-friction-bearing","16":"product_tag-micro-mechanical-bearing","17":"product_tag-micro-sapphire-bearing","18":"product_tag-optical-instrument-bearing","19":"product_tag-optical-sapphire-bearing","20":"product_tag-precision-sapphire-bearing","21":"product_tag-ruby-bearing","22":"product_tag-sapphire-bearing","23":"product_tag-sapphire-bush-bearing","24":"product_tag-sapphire-component-manufacturer","25":"product_tag-sapphire-machining","26":"product_tag-sapphire-pivot-bearing","27":"product_tag-sapphire-through-hole-bearing","28":"product_tag-semiconductor-bearing","29":"product_tag-single-crystal-sapphire-bearing","30":"product_tag-ultrasonic-drilled-sapphire","31":"product_tag-wear-resistant-bearing","32":"desktop-align-left","33":"tablet-align-left","34":"mobile-align-left","35":"ast-product-gallery-layout-horizontal","36":"ast-product-tabs-layout-horizontal","38":"first","39":"instock","40":"shipping-taxable","41":"product-type-simple"},"_links":{"self":[{"href":"https:\/\/www.fuyao-quartz.com\/hu\/wp-json\/wp\/v2\/product\/2831","targetHints":{"allow":["GET"]}}],"collection":[{"href":"https:\/\/www.fuyao-quartz.com\/hu\/wp-json\/wp\/v2\/product"}],"about":[{"href":"https:\/\/www.fuyao-quartz.com\/hu\/wp-json\/wp\/v2\/types\/product"}],"replies":[{"embeddable":true,"href":"https:\/\/www.fuyao-quartz.com\/hu\/wp-json\/wp\/v2\/comments?post=2831"}],"version-history":[{"count":3,"href":"https:\/\/www.fuyao-quartz.com\/hu\/wp-json\/wp\/v2\/product\/2831\/revisions"}],"predecessor-version":[{"id":2838,"href":"https:\/\/www.fuyao-quartz.com\/hu\/wp-json\/wp\/v2\/product\/2831\/revisions\/2838"}],"wp:featuredmedia":[{"embeddable":true,"href":"https:\/\/www.fuyao-quartz.com\/hu\/wp-json\/wp\/v2\/media\/2834"}],"wp:attachment":[{"href":"https:\/\/www.fuyao-quartz.com\/hu\/wp-json\/wp\/v2\/media?parent=2831"}],"wp:term":[{"taxonomy":"product_brand","embeddable":true,"href":"https:\/\/www.fuyao-quartz.com\/hu\/wp-json\/wp\/v2\/product_brand?post=2831"},{"taxonomy":"product_cat","embeddable":true,"href":"https:\/\/www.fuyao-quartz.com\/hu\/wp-json\/wp\/v2\/product_cat?post=2831"},{"taxonomy":"product_tag","embeddable":true,"href":"https:\/\/www.fuyao-quartz.com\/hu\/wp-json\/wp\/v2\/product_tag?post=2831"}],"curies":[{"name":"wp","href":"https:\/\/api.w.org\/{rel}","templated":true}]}}