{"id":2803,"date":"2026-04-28T08:51:02","date_gmt":"2026-04-28T08:51:02","guid":{"rendered":"https:\/\/www.fuyao-quartz.com\/?post_type=product&#038;p=2803"},"modified":"2026-04-28T08:51:06","modified_gmt":"2026-04-28T08:51:06","slug":"pigeon-blood-red-sapphire-watch-crystal-custom-synthetic-ruby-crystal-for-luxury-watches","status":"publish","type":"product","link":"https:\/\/www.fuyao-quartz.com\/hu\/product\/pigeon-blood-red-sapphire-watch-crystal-custom-synthetic-ruby-crystal-for-luxury-watches\/","title":{"rendered":"Pigeon Blood Red Sapphire Watch Crystal Custom szintetikus rubin krist\u00e1ly luxus\u00f3r\u00e1khoz"},"content":{"rendered":"<p data-start=\"144\" data-end=\"568\"><img fetchpriority=\"high\" decoding=\"async\" class=\"alignright wp-image-2807 size-medium\" src=\"https:\/\/www.fuyao-quartz.com\/wp-content\/uploads\/2026\/04\/Pigeon-Blood-Red-Sapphire-Watch-Crystal-Custom-Synthetic-Ruby-Crystal-for-Luxury-Watches-1-300x300.png\" alt=\"Pigeon Blood Red Sapphire Watch Crystal Custom szintetikus rubin krist\u00e1ly luxus\u00f3r\u00e1khoz\" width=\"300\" height=\"300\" srcset=\"https:\/\/www.fuyao-quartz.com\/wp-content\/uploads\/2026\/04\/Pigeon-Blood-Red-Sapphire-Watch-Crystal-Custom-Synthetic-Ruby-Crystal-for-Luxury-Watches-1-300x300.png 300w, https:\/\/www.fuyao-quartz.com\/wp-content\/uploads\/2026\/04\/Pigeon-Blood-Red-Sapphire-Watch-Crystal-Custom-Synthetic-Ruby-Crystal-for-Luxury-Watches-1-150x150.png 150w, https:\/\/www.fuyao-quartz.com\/wp-content\/uploads\/2026\/04\/Pigeon-Blood-Red-Sapphire-Watch-Crystal-Custom-Synthetic-Ruby-Crystal-for-Luxury-Watches-1-768x768.png 768w, https:\/\/www.fuyao-quartz.com\/wp-content\/uploads\/2026\/04\/Pigeon-Blood-Red-Sapphire-Watch-Crystal-Custom-Synthetic-Ruby-Crystal-for-Luxury-Watches-1-12x12.png 12w, https:\/\/www.fuyao-quartz.com\/wp-content\/uploads\/2026\/04\/Pigeon-Blood-Red-Sapphire-Watch-Crystal-Custom-Synthetic-Ruby-Crystal-for-Luxury-Watches-1-600x600.png 600w, https:\/\/www.fuyao-quartz.com\/wp-content\/uploads\/2026\/04\/Pigeon-Blood-Red-Sapphire-Watch-Crystal-Custom-Synthetic-Ruby-Crystal-for-Luxury-Watches-1-100x100.png 100w, https:\/\/www.fuyao-quartz.com\/wp-content\/uploads\/2026\/04\/Pigeon-Blood-Red-Sapphire-Watch-Crystal-Custom-Synthetic-Ruby-Crystal-for-Luxury-Watches-1.png 1000w\" sizes=\"(max-width: 300px) 100vw, 300px\" \/>A Pigeon Blood Red Sapphire Watch Crystal egy pr\u00e9mium optikai min\u0151s\u00e9g\u0171 alkatr\u00e9sz, amely nagy tisztas\u00e1g\u00fa szintetikus rubinb\u00f3l (v\u00f6r\u00f6s zaf\u00edr) k\u00e9sz\u00fclt. <span class=\"hover:entity-accent entity-underline inline cursor-pointer align-baseline\"><span class=\"whitespace-normal\">Zaf\u00edr (Al\u2082O\u2083 egykrist\u00e1ly)<\/span><\/span> kr\u00f3mmal adal\u00e9kolt\u00e1k, hogy el\u00e9rj\u00e9k az ikonikus m\u00e9ly \u201cgalambv\u00e9r\u201d v\u00f6r\u00f6s sz\u00ednt. A cs\u00facskateg\u00f3ri\u00e1s \u00e9s luxus\u00f3r\u00e1khoz tervezett anyag kiv\u00e9teles mechanikai szil\u00e1rds\u00e1got, leny\u0171g\u00f6z\u0151 eszt\u00e9tik\u00e1t \u00e9s kiemelked\u0151 optikai teljes\u00edtm\u00e9nyt \u00f6tv\u00f6z.<\/p>\n<p data-start=\"570\" data-end=\"931\">A hagyom\u00e1nyos \u00e1tl\u00e1tsz\u00f3 \u00f3rakrist\u00e1lyokt\u00f3l elt\u00e9r\u0151en a galambv\u00e9rv\u00f6r\u00f6s zaf\u00edrkrist\u00e1lyok egyedi vizu\u00e1lis identit\u00e1st k\u00edn\u00e1lnak, fokozva a luxus \u00e9s egyedi \u00f3r\u00e1k diz\u00e1jnnyelv\u00e9t. A gazdag v\u00f6r\u00f6s t\u00f3nus, valamint a zaf\u00edr eredend\u0151 f\u00e9nyess\u00e9ge \u00e9s tart\u00f3ss\u00e1ga ide\u00e1lis v\u00e1laszt\u00e1ss\u00e1 teszi a pr\u00e9mium kateg\u00f3ri\u00e1s \u00f3ram\u00e1rk\u00e1k, limit\u00e1lt kiad\u00e1sok \u00e9s egyedi \u00f3rak\u00e9sz\u00edt\u00e9si projektek sz\u00e1m\u00e1ra.<\/p>\n<hr data-start=\"933\" data-end=\"936\" \/>\n<h2 data-section-id=\"1hjwgp3\" data-start=\"938\" data-end=\"969\">F\u0151 jellemz\u0151k \u00e9s el\u0151ny\u00f6k<\/h2>\n<h3 data-section-id=\"srp5rs\" data-start=\"971\" data-end=\"1015\">1. Egyedi \u201cgalambv\u00e9r\u201d v\u00f6r\u00f6s eszt\u00e9tika<\/h3>\n<p data-start=\"1016\" data-end=\"1270\">A m\u00e9lyv\u00f6r\u00f6s sz\u00ednt a krist\u00e1lyok n\u00f6veked\u00e9se sor\u00e1n a kr\u00f3m adal\u00e9kol\u00e1s\u00e1nak pontos szab\u00e1lyoz\u00e1s\u00e1val \u00e9rik el, ami a cs\u00facsmin\u0151s\u00e9g\u0171 rubin anyagokhoz t\u00e1rs\u00edtott egys\u00e9ges, \u00e9l\u00e9nk t\u00f3nust eredm\u00e9nyez. Ez a megk\u00fcl\u00f6nb\u00f6ztet\u0151 megjelen\u00e9s felemeli az \u00f3ra diz\u00e1jnj\u00e1t \u00e9s a m\u00e1rka megk\u00fcl\u00f6nb\u00f6ztethet\u0151s\u00e9g\u00e9t.<\/p>\n<h3 data-section-id=\"1pnjdhc\" data-start=\"1272\" data-end=\"1324\">2. Kiv\u00e9teles kem\u00e9nys\u00e9g \u00e9s karc\u00e1ll\u00f3s\u00e1g<\/h3>\n<p data-start=\"1325\" data-end=\"1507\">A 9-es Mohs-kem\u00e9nys\u00e9g\u0171 zaf\u00edr \u00f3rakrist\u00e1lyok rendk\u00edv\u00fcl ellen\u00e1ll\u00f3ak a karcol\u00e1sokkal \u00e9s a kop\u00e1ssal szemben, \u00edgy hossz\u00fa t\u00e1v\u00fa tisztas\u00e1got \u00e9s tart\u00f3ss\u00e1got biztos\u00edtanak m\u00e9g mindennapi viselet vagy zord k\u00f6rnyezet eset\u00e9n is.<\/p>\n<h3 data-section-id=\"vgool6\" data-start=\"1509\" data-end=\"1546\">3. Kiv\u00e1l\u00f3 optikai teljes\u00edtm\u00e9ny<\/h3>\n<p data-start=\"1547\" data-end=\"1778\">Sz\u00ednez\u0151d\u00e9se ellen\u00e9re a krist\u00e1ly kiv\u00e1l\u00f3 f\u00e9ny\u00e1tereszt\u00e9st \u00e9s optikai egyenletess\u00e9get biztos\u00edt. A tervez\u00e9si k\u00f6vetelm\u00e9nyekt\u0151l f\u00fcgg\u0151en szab\u00e1lyozhat\u00f3 \u00e1tl\u00e1tsz\u00f3s\u00e1gi szintre tervezhet\u0151 (f\u00e9lig \u00e1tl\u00e1tsz\u00f3, sz\u00ednezett vagy dekorat\u00edv).<\/p>\n<h3 data-section-id=\"1y5f5oz\" data-start=\"1780\" data-end=\"1824\">4. Magas termikus \u00e9s k\u00e9miai stabilit\u00e1s<\/h3>\n<p data-start=\"1825\" data-end=\"2003\">Az anyag sz\u00e9ls\u0151s\u00e9ges h\u0151m\u00e9rs\u00e9kleten is stabil marad, \u00e9s ellen\u00e1ll a legt\u00f6bb savnak, l\u00fagnak \u00e9s k\u00f6rnyezeti korr\u00f3zi\u00f3nak, \u00edgy biztos\u00edtva a megb\u00edzhat\u00f3s\u00e1got a legk\u00fcl\u00f6nb\u00f6z\u0151bb \u00fczemi k\u00f6r\u00fclm\u00e9nyek k\u00f6z\u00f6tt.<\/p>\n<h3 data-section-id=\"1vz732i\" data-start=\"2005\" data-end=\"2058\">5. Teljesen testreszabhat\u00f3 megold\u00e1sok (kulcsfontoss\u00e1g\u00fa el\u0151ny)<\/h3>\n<p data-start=\"2059\" data-end=\"2147\">Ez a term\u00e9k nagym\u00e9rt\u00e9kben testreszabhat\u00f3, hogy megfeleljen az egyedi tervez\u00e9si \u00e9s funkcion\u00e1lis k\u00f6vetelm\u00e9nyeknek:<\/p>\n<h2 style=\"font-style: normal;\" data-section-id=\"1hjwgp3\" data-start=\"938\" data-end=\"969\"><\/h2>\n<ul data-start=\"2148\" data-end=\"2424\">\n<li data-section-id=\"1kg88ut\" data-start=\"2148\" data-end=\"2192\">Alak: lapos, \u00edvelt, kupola, kett\u0151s \u00edv\u0171\n<p style=\"font-size: 16px;\">\n<\/li>\n<li data-section-id=\"1xcbw6m\" data-start=\"2193\" data-end=\"2236\">M\u00e9ret: \u00e1tm\u00e9r\u0151, vastags\u00e1g, \u00e9lprofil<\/li>\n<li data-section-id=\"i4y7hd\" data-start=\"2237\" data-end=\"2292\">Sz\u00ednintenzit\u00e1s: vil\u00e1gosv\u00f6r\u00f6st\u0151l a m\u00e9ly galambv\u00e9rv\u00f6r\u00f6sig<\/li>\n<li data-section-id=\"1q0nu6x\" data-start=\"2293\" data-end=\"2370\">Fel\u00fcletkezel\u00e9s: pol\u00edrozott, f\u00e9nyvisszaver\u0151d\u00e9sg\u00e1tl\u00f3 (AR), ujjlenyomatg\u00e1tl\u00f3 bevonat<\/li>\n<li data-section-id=\"cgvwyy\" data-start=\"2371\" data-end=\"2424\">Grav\u00edroz\u00e1s: log\u00f3, mint\u00e1k vagy dekorat\u00edv text\u00far\u00e1k<\/li>\n<\/ul>\n<hr data-start=\"2426\" data-end=\"2429\" \/>\n<h2 data-section-id=\"58xi60\" data-start=\"2431\" data-end=\"2460\">M\u0171szaki specifik\u00e1ci\u00f3k<\/h2>\n<div class=\"TyagGW_tableContainer\">\n<div class=\"group TyagGW_tableWrapper flex flex-col-reverse w-fit\" tabindex=\"-1\">\n<table class=\"w-fit min-w-(--thread-content-width)\" data-start=\"2462\" data-end=\"3136\">\n<thead data-start=\"2462\" data-end=\"2491\">\n<tr data-start=\"2462\" data-end=\"2491\">\n<th class=\"\" data-start=\"2462\" data-end=\"2474\" data-col-size=\"sm\">Param\u00e9ter<\/th>\n<th class=\"\" data-start=\"2474\" data-end=\"2491\" data-col-size=\"md\">Specifik\u00e1ci\u00f3<\/th>\n<\/tr>\n<\/thead>\n<tbody data-start=\"2521\" data-end=\"3136\">\n<tr data-start=\"2521\" data-end=\"2579\">\n<td data-start=\"2521\" data-end=\"2536\" data-col-size=\"sm\">Term\u00e9k neve<\/td>\n<td data-col-size=\"md\" data-start=\"2536\" data-end=\"2579\">Pigeon Blood Red Zaf\u00edr \u00f3ra krist\u00e1lya<\/td>\n<\/tr>\n<tr data-start=\"2580\" data-end=\"2629\">\n<td data-start=\"2580\" data-end=\"2591\" data-col-size=\"sm\">Anyag<\/td>\n<td data-col-size=\"md\" data-start=\"2591\" data-end=\"2629\">Szintetikus rubin (Cr-adal\u00e9kolt zaf\u00edr)<\/td>\n<\/tr>\n<tr data-start=\"2630\" data-end=\"2679\">\n<td data-start=\"2630\" data-end=\"2653\" data-col-size=\"sm\">K\u00e9miai \u00f6sszet\u00e9tel<\/td>\n<td data-col-size=\"md\" data-start=\"2653\" data-end=\"2679\">Al\u2082O\u2083 (egykrist\u00e1lyos)<\/td>\n<\/tr>\n<tr data-start=\"2680\" data-end=\"2701\">\n<td data-start=\"2680\" data-end=\"2691\" data-col-size=\"sm\">Kem\u00e9nys\u00e9g<\/td>\n<td data-col-size=\"md\" data-start=\"2691\" data-end=\"2701\">Mohs 9<\/td>\n<\/tr>\n<tr data-start=\"2702\" data-end=\"2726\">\n<td data-start=\"2702\" data-end=\"2712\" data-col-size=\"sm\">S\u0171r\u0171s\u00e9g<\/td>\n<td data-col-size=\"md\" data-start=\"2712\" data-end=\"2726\">3,98 g\/cm\u00b3<\/td>\n<\/tr>\n<tr data-start=\"2727\" data-end=\"2776\">\n<td data-start=\"2727\" data-end=\"2746\" data-col-size=\"sm\">Optikai tulajdons\u00e1g<\/td>\n<td data-col-size=\"md\" data-start=\"2746\" data-end=\"2776\">Sz\u00ednes \/ f\u00e9lig \u00e1tl\u00e1tsz\u00f3<\/td>\n<\/tr>\n<tr data-start=\"2777\" data-end=\"2837\">\n<td data-start=\"2777\" data-end=\"2798\" data-col-size=\"sm\">\u00c1tviteli tartom\u00e1ny<\/td>\n<td data-col-size=\"md\" data-start=\"2798\" data-end=\"2837\">200 - 5000 nm (az adal\u00e9kol\u00e1st\u00f3l f\u00fcgg\u0151en)<\/td>\n<\/tr>\n<tr data-start=\"2838\" data-end=\"2883\">\n<td data-start=\"2838\" data-end=\"2850\" data-col-size=\"sm\">Vastags\u00e1g<\/td>\n<td data-col-size=\"md\" data-start=\"2850\" data-end=\"2883\">Egyedi (jellemz\u0151en 0,5-3 mm)<\/td>\n<\/tr>\n<tr data-start=\"2884\" data-end=\"2939\">\n<td data-start=\"2884\" data-end=\"2895\" data-col-size=\"sm\">\u00c1tm\u00e9r\u0151<\/td>\n<td data-col-size=\"md\" data-start=\"2895\" data-end=\"2939\">Egyedi (pl. 10 - 50 mm vagy rajzonk\u00e9nt)<\/td>\n<\/tr>\n<tr data-start=\"2940\" data-end=\"2979\">\n<td data-start=\"2940\" data-end=\"2948\" data-col-size=\"sm\">Shape<\/td>\n<td data-col-size=\"md\" data-start=\"2948\" data-end=\"2979\">Lapos \/ Dome \/ Dupla \u00edves<\/td>\n<\/tr>\n<tr data-start=\"2980\" data-end=\"3027\">\n<td data-start=\"2980\" data-end=\"3000\" data-col-size=\"sm\">Fel\u00fcleti \u00e9rdess\u00e9g<\/td>\n<td data-col-size=\"md\" data-start=\"3000\" data-end=\"3027\">Optikai min\u0151s\u00e9g\u0171 pol\u00edroz\u00e1s<\/td>\n<\/tr>\n<tr data-start=\"3028\" data-end=\"3096\">\n<td data-start=\"3028\" data-end=\"3046\" data-col-size=\"sm\">Bevon\u00e1si lehet\u0151s\u00e9gek<\/td>\n<td data-col-size=\"md\" data-start=\"3046\" data-end=\"3096\">AR bevonat \/ Kem\u00e9ny bevonat \/ Dekorat\u00edv bevonat<\/td>\n<\/tr>\n<tr data-start=\"3097\" data-end=\"3136\">\n<td data-start=\"3097\" data-end=\"3119\" data-col-size=\"sm\">Munkah\u0151m\u00e9rs\u00e9klet<\/td>\n<td data-col-size=\"md\" data-start=\"3119\" data-end=\"3136\">~1000\u00b0C-ig<\/td>\n<\/tr>\n<\/tbody>\n<\/table>\n<\/div>\n<\/div>\n<hr data-start=\"3138\" data-end=\"3141\" \/>\n<h2 data-section-id=\"ce0tqk\" data-start=\"3143\" data-end=\"3160\">Alkalmaz\u00e1sok<\/h2>\n<ul data-start=\"3162\" data-end=\"3323\">\n<li data-section-id=\"1b00soz\" data-start=\"3162\" data-end=\"3191\">Mechanikus luxus\u00f3r\u00e1k<\/li>\n<li data-section-id=\"d1i2gp\" data-start=\"3192\" data-end=\"3222\">Egyedi tervez\u00e9s\u0171 \u00f3r\u00e1k<\/li>\n<li data-section-id=\"17l1ca8\" data-start=\"3223\" data-end=\"3261\">Korl\u00e1tozott p\u00e9ld\u00e1nysz\u00e1m\u00fa vagy m\u00e1rk\u00e1s \u00f3r\u00e1k<\/li>\n<li data-section-id=\"vtqgrx\" data-start=\"3262\" data-end=\"3293\">Dekorat\u00edv \u00f3raalkatr\u00e9szek<\/li>\n<li data-section-id=\"11966n8\" data-start=\"3294\" data-end=\"3323\">High-end viselhet\u0151 eszk\u00f6z\u00f6k<\/li>\n<\/ul>\n<p><img decoding=\"async\" class=\"alignnone wp-image-2809 size-large\" src=\"https:\/\/www.fuyao-quartz.com\/wp-content\/uploads\/2026\/04\/Pigeon-Blood-Red-Sapphire-Watch-Crystal-Custom-Synthetic-Ruby-Crystal-for-Luxury-Watches-5-1024x505.png\" alt=\"\" width=\"1024\" height=\"505\" srcset=\"https:\/\/www.fuyao-quartz.com\/wp-content\/uploads\/2026\/04\/Pigeon-Blood-Red-Sapphire-Watch-Crystal-Custom-Synthetic-Ruby-Crystal-for-Luxury-Watches-5-1024x505.png 1024w, https:\/\/www.fuyao-quartz.com\/wp-content\/uploads\/2026\/04\/Pigeon-Blood-Red-Sapphire-Watch-Crystal-Custom-Synthetic-Ruby-Crystal-for-Luxury-Watches-5-300x148.png 300w, https:\/\/www.fuyao-quartz.com\/wp-content\/uploads\/2026\/04\/Pigeon-Blood-Red-Sapphire-Watch-Crystal-Custom-Synthetic-Ruby-Crystal-for-Luxury-Watches-5-768x379.png 768w, https:\/\/www.fuyao-quartz.com\/wp-content\/uploads\/2026\/04\/Pigeon-Blood-Red-Sapphire-Watch-Crystal-Custom-Synthetic-Ruby-Crystal-for-Luxury-Watches-5-18x9.png 18w, https:\/\/www.fuyao-quartz.com\/wp-content\/uploads\/2026\/04\/Pigeon-Blood-Red-Sapphire-Watch-Crystal-Custom-Synthetic-Ruby-Crystal-for-Luxury-Watches-5-600x296.png 600w, https:\/\/www.fuyao-quartz.com\/wp-content\/uploads\/2026\/04\/Pigeon-Blood-Red-Sapphire-Watch-Crystal-Custom-Synthetic-Ruby-Crystal-for-Luxury-Watches-5.png 1536w\" sizes=\"(max-width: 1024px) 100vw, 1024px\" \/><\/p>\n<hr data-start=\"3325\" data-end=\"3328\" \/>\n<h2 data-section-id=\"myj2su\" data-start=\"3330\" data-end=\"3361\"><img decoding=\"async\" class=\"alignright wp-image-2806 size-medium\" src=\"https:\/\/www.fuyao-quartz.com\/wp-content\/uploads\/2026\/04\/Pigeon-Blood-Red-Sapphire-Watch-Crystal-Custom-Synthetic-Ruby-Crystal-for-Luxury-Watches-2-300x300.png\" alt=\"Pigeon Blood Red Sapphire Watch Crystal Custom szintetikus rubin krist\u00e1ly luxus\u00f3r\u00e1khoz\" width=\"300\" height=\"300\" srcset=\"https:\/\/www.fuyao-quartz.com\/wp-content\/uploads\/2026\/04\/Pigeon-Blood-Red-Sapphire-Watch-Crystal-Custom-Synthetic-Ruby-Crystal-for-Luxury-Watches-2-300x300.png 300w, https:\/\/www.fuyao-quartz.com\/wp-content\/uploads\/2026\/04\/Pigeon-Blood-Red-Sapphire-Watch-Crystal-Custom-Synthetic-Ruby-Crystal-for-Luxury-Watches-2-150x150.png 150w, https:\/\/www.fuyao-quartz.com\/wp-content\/uploads\/2026\/04\/Pigeon-Blood-Red-Sapphire-Watch-Crystal-Custom-Synthetic-Ruby-Crystal-for-Luxury-Watches-2-768x768.png 768w, https:\/\/www.fuyao-quartz.com\/wp-content\/uploads\/2026\/04\/Pigeon-Blood-Red-Sapphire-Watch-Crystal-Custom-Synthetic-Ruby-Crystal-for-Luxury-Watches-2-12x12.png 12w, https:\/\/www.fuyao-quartz.com\/wp-content\/uploads\/2026\/04\/Pigeon-Blood-Red-Sapphire-Watch-Crystal-Custom-Synthetic-Ruby-Crystal-for-Luxury-Watches-2-600x600.png 600w, https:\/\/www.fuyao-quartz.com\/wp-content\/uploads\/2026\/04\/Pigeon-Blood-Red-Sapphire-Watch-Crystal-Custom-Synthetic-Ruby-Crystal-for-Luxury-Watches-2-100x100.png 100w, https:\/\/www.fuyao-quartz.com\/wp-content\/uploads\/2026\/04\/Pigeon-Blood-Red-Sapphire-Watch-Crystal-Custom-Synthetic-Ruby-Crystal-for-Luxury-Watches-2.png 1000w\" sizes=\"(max-width: 300px) 100vw, 300px\" \/>Testreszab\u00e1si lehet\u0151s\u00e9gek<\/h2>\n<p data-start=\"3363\" data-end=\"3656\">Szakter\u00fclet\u00fcnk <strong data-start=\"3380\" data-end=\"3424\">teljesen testreszabott zaf\u00edr \u00f3ra krist\u00e1lyok<\/strong>, prec\u00edzi\u00f3s gy\u00e1rt\u00e1st k\u00edn\u00e1lva az \u00fcgyf\u00e9l rajzai vagy specifik\u00e1ci\u00f3i alapj\u00e1n. Ak\u00e1r egyedi geometri\u00e1t, ak\u00e1r k\u00fcl\u00f6nleges sz\u00edn\u00e1rnyalatokat, ak\u00e1r fejlett bevonatokat ig\u00e9nyel, m\u00e9rn\u00f6ki csapatunk biztos\u00edtja a sz\u0171k t\u0171r\u00e9shat\u00e1rokat \u00e9s az egyenletes min\u0151s\u00e9get.<\/p>\n<p data-start=\"3658\" data-end=\"3683\">A testreszab\u00e1s tartalmazza:<\/p>\n<ul data-start=\"3684\" data-end=\"3918\">\n<li data-section-id=\"vu2mit\" data-start=\"3684\" data-end=\"3728\">\u00d6sszetett form\u00e1k (kupol\u00e1s, l\u00e9pcs\u0151s, fazett\u00e1lt)<\/li>\n<li data-section-id=\"eidh82\" data-start=\"3729\" data-end=\"3784\">A vastags\u00e1g \u00e9s a g\u00f6rb\u00fclet mikro-toleranci\u00e1j\u00e1nak ellen\u0151rz\u00e9se<\/li>\n<li data-section-id=\"t3uvay\" data-start=\"3785\" data-end=\"3832\">Egyedi sz\u00ednoszt\u00e1lyoz\u00e1s \u00e9s egyenletess\u00e9g-szab\u00e1lyoz\u00e1s<\/li>\n<li data-section-id=\"1wj84wk\" data-start=\"3833\" data-end=\"3875\">Log\u00f3grav\u00edroz\u00e1s \u00e9s dekorat\u00edv fel\u00fcletek<\/li>\n<li data-section-id=\"zge2hp\" data-start=\"3876\" data-end=\"3918\">A kissz\u00e9ri\u00e1s gy\u00e1rt\u00e1st\u00f3l a t\u00f6meggy\u00e1rt\u00e1sig terjed\u0151 t\u00e1mogat\u00e1s<\/li>\n<\/ul>\n<hr data-start=\"3920\" data-end=\"3923\" \/>\n<h2 data-section-id=\"x9bttf\" data-start=\"4335\" data-end=\"4343\">GYIK<\/h2>\n<p data-start=\"4345\" data-end=\"4545\"><strong data-start=\"4345\" data-end=\"4419\">1. k\u00e9rd\u00e9s: A v\u00f6r\u00f6s zaf\u00edrkrist\u00e1ly sz\u00edn\u00e9nek intenzit\u00e1sa testre szabhat\u00f3?<\/strong><br data-start=\"4419\" data-end=\"4422\" \/>A1: Igen. A sz\u00edn a vil\u00e1gosv\u00f6r\u00f6st\u0151l a m\u00e9ly galambv\u00e9rv\u00f6r\u00f6sig \u00e1ll\u00edthat\u00f3 be az adal\u00e9kol\u00e1si folyamat \u00e9s a vastags\u00e1g szab\u00e1lyoz\u00e1s\u00e1val.<\/p>\n<p data-start=\"4547\" data-end=\"4720\"><strong data-start=\"4547\" data-end=\"4614\">2. k\u00e9rd\u00e9s: A krist\u00e1ly olyan tart\u00f3s, mint a hagyom\u00e1nyos zaf\u00edr \u00f3ra\u00fcveg?<\/strong><br data-start=\"4614\" data-end=\"4617\" \/>A2: Igen. Meg\u0151rzi ugyanazt a 9-es Mohs-kem\u00e9nys\u00e9get, \u00e9s kiv\u00e1l\u00f3 karc\u00e1ll\u00f3s\u00e1got \u00e9s tart\u00f3ss\u00e1got biztos\u00edt.<\/p>\n<p data-start=\"4722\" data-end=\"4942\" data-is-last-node=\"\" data-is-only-node=\"\"><strong data-start=\"4722\" data-end=\"4786\">3. k\u00e9rd\u00e9s: T\u00e1mogatja az egyedi form\u00e1kat \u00e9s a kis t\u00e9telek gy\u00e1rt\u00e1s\u00e1t?<\/strong><br data-start=\"4786\" data-end=\"4789\" \/>A3: Term\u00e9szetesen. Teljes k\u00f6r\u0171 testreszab\u00e1si szolg\u00e1ltat\u00e1sokat ny\u00fajtunk, bele\u00e9rtve az alakot, a m\u00e9retet, a vastags\u00e1got, a bevonatokat, \u00e9s t\u00e1mogatjuk mind a protot\u00edpusgy\u00e1rt\u00e1st, mind a t\u00f6meggy\u00e1rt\u00e1st.<\/p>","protected":false},"excerpt":{"rendered":"<p>A Pigeon Blood Red zaf\u00edr \u00f3ra\u00fcveg nem csak v\u00e9d\u0151elem, hanem diz\u00e1jnelem is. A zaf\u00edr legend\u00e1s tart\u00f3ss\u00e1g\u00e1nak \u00e9s a rubin f\u00e9ny\u0171z\u0151 megjelen\u00e9s\u00e9nek \u00f6tv\u00f6z\u00e9s\u00e9vel egyszerre ny\u00fajt funkcionalit\u00e1st \u00e9s eszt\u00e9tikai \u00e9rt\u00e9ket. Magas szint\u0171 testreszabhat\u00f3s\u00e1ga ide\u00e1lis megold\u00e1ss\u00e1 teszi a megk\u00fcl\u00f6nb\u00f6ztet\u00e9sre, innov\u00e1ci\u00f3ra \u00e9s pr\u00e9mium min\u0151s\u00e9gre t\u00f6rekv\u0151 \u00f3ragy\u00e1rt\u00f3k sz\u00e1m\u00e1ra.<\/p>","protected":false},"featured_media":2804,"comment_status":"open","ping_status":"closed","template":"","meta":{"site-sidebar-layout":"default","site-content-layout":"","ast-site-content-layout":"default","site-content-style":"default","site-sidebar-style":"default","ast-global-header-display":"","ast-banner-title-visibility":"","ast-main-header-display":"","ast-hfb-above-header-display":"","ast-hfb-below-header-display":"","ast-hfb-mobile-header-display":"","site-post-title":"","ast-breadcrumbs-content":"","ast-featured-img":"","footer-sml-layout":"","ast-disable-related-posts":"","theme-transparent-header-meta":"default","adv-header-id-meta":"","stick-header-meta":"default","header-above-stick-meta":"","header-main-stick-meta":"","header-below-stick-meta":"","astra-migrate-meta-layouts":"set","ast-page-background-enabled":"default","ast-page-background-meta":{"desktop":{"background-color":"var(--ast-global-color-4)","background-image":"","background-repeat":"repeat","background-position":"center center","background-size":"auto","background-attachment":"scroll","background-type":"","background-media":"","overlay-type":"","overlay-color":"","overlay-opacity":"","overlay-gradient":""},"tablet":{"background-color":"","background-image":"","background-repeat":"repeat","background-position":"center center","background-size":"auto","background-attachment":"scroll","background-type":"","background-media":"","overlay-type":"","overlay-color":"","overlay-opacity":"","overlay-gradient":""},"mobile":{"background-color":"","background-image":"","background-repeat":"repeat","background-position":"center center","background-size":"auto","background-attachment":"scroll","background-type":"","background-media":"","overlay-type":"","overlay-color":"","overlay-opacity":"","overlay-gradient":""}},"ast-content-background-meta":{"desktop":{"background-color":"var(--ast-global-color-5)","background-image":"","background-repeat":"repeat","background-position":"center center","background-size":"auto","background-attachment":"scroll","background-type":"","background-media":"","overlay-type":"","overlay-color":"","overlay-opacity":"","overlay-gradient":""},"tablet":{"background-color":"var(--ast-global-color-5)","background-image":"","background-repeat":"repeat","background-position":"center center","background-size":"auto","background-attachment":"scroll","background-type":"","background-media":"","overlay-type":"","overlay-color":"","overlay-opacity":"","overlay-gradient":""},"mobile":{"background-color":"var(--ast-global-color-5)","background-image":"","background-repeat":"repeat","background-position":"center center","background-size":"auto","background-attachment":"scroll","background-type":"","background-media":"","overlay-type":"","overlay-color":"","overlay-opacity":"","overlay-gradient":""}}},"product_brand":[],"product_cat":[152],"product_tag":[996,1005,1004,994,1000,1006,998,1010,999,1008,1002,997,990,991,992,1009,993,1003,995,1001,1007],"class_list":{"0":"post-2803","1":"product","2":"type-product","3":"status-publish","4":"has-post-thumbnail","6":"product_cat-sapphire","7":"product_tag-al2o3-sapphire","8":"product_tag-anti-reflective-watch-crystal","9":"product_tag-ar-coating-sapphire","10":"product_tag-colored-sapphire-crystal","11":"product_tag-curved-watch-crystal","12":"product_tag-custom-sapphire-glass","13":"product_tag-custom-watch-crystal","14":"product_tag-decorative-sapphire-crystal","15":"product_tag-domed-sapphire-crystal","16":"product_tag-high-end-watch-components","17":"product_tag-high-hardness-crystal","18":"product_tag-luxury-watch-glass","19":"product_tag-pigeon-blood-red-sapphire","20":"product_tag-red-sapphire-watch-crystal","21":"product_tag-ruby-watch-crystal","22":"product_tag-sapphire-optics","23":"product_tag-sapphire-watch-crystal","24":"product_tag-scratch-resistant-watch-glass","25":"product_tag-synthetic-ruby-crystal","26":"product_tag-tinted-sapphire-glass","27":"product_tag-watch-crystal-manufacturer","28":"desktop-align-left","29":"tablet-align-left","30":"mobile-align-left","31":"ast-product-gallery-layout-horizontal","32":"ast-product-tabs-layout-horizontal","34":"first","35":"instock","36":"shipping-taxable","37":"product-type-simple"},"_links":{"self":[{"href":"https:\/\/www.fuyao-quartz.com\/hu\/wp-json\/wp\/v2\/product\/2803","targetHints":{"allow":["GET"]}}],"collection":[{"href":"https:\/\/www.fuyao-quartz.com\/hu\/wp-json\/wp\/v2\/product"}],"about":[{"href":"https:\/\/www.fuyao-quartz.com\/hu\/wp-json\/wp\/v2\/types\/product"}],"replies":[{"embeddable":true,"href":"https:\/\/www.fuyao-quartz.com\/hu\/wp-json\/wp\/v2\/comments?post=2803"}],"version-history":[{"count":1,"href":"https:\/\/www.fuyao-quartz.com\/hu\/wp-json\/wp\/v2\/product\/2803\/revisions"}],"predecessor-version":[{"id":2810,"href":"https:\/\/www.fuyao-quartz.com\/hu\/wp-json\/wp\/v2\/product\/2803\/revisions\/2810"}],"wp:featuredmedia":[{"embeddable":true,"href":"https:\/\/www.fuyao-quartz.com\/hu\/wp-json\/wp\/v2\/media\/2804"}],"wp:attachment":[{"href":"https:\/\/www.fuyao-quartz.com\/hu\/wp-json\/wp\/v2\/media?parent=2803"}],"wp:term":[{"taxonomy":"product_brand","embeddable":true,"href":"https:\/\/www.fuyao-quartz.com\/hu\/wp-json\/wp\/v2\/product_brand?post=2803"},{"taxonomy":"product_cat","embeddable":true,"href":"https:\/\/www.fuyao-quartz.com\/hu\/wp-json\/wp\/v2\/product_cat?post=2803"},{"taxonomy":"product_tag","embeddable":true,"href":"https:\/\/www.fuyao-quartz.com\/hu\/wp-json\/wp\/v2\/product_tag?post=2803"}],"curies":[{"name":"wp","href":"https:\/\/api.w.org\/{rel}","templated":true}]}}