{"id":2793,"date":"2026-04-28T07:20:30","date_gmt":"2026-04-28T07:20:30","guid":{"rendered":"https:\/\/www.fuyao-quartz.com\/?post_type=product&#038;p=2793"},"modified":"2026-04-28T07:20:33","modified_gmt":"2026-04-28T07:20:33","slug":"sapphire-tubes-high-purity-single-crystal-al%e2%82%82o%e2%82%83-for-high-temperature-and-optical-use","status":"publish","type":"product","link":"https:\/\/www.fuyao-quartz.com\/hu\/product\/sapphire-tubes-high-purity-single-crystal-al%e2%82%82o%e2%82%83-for-high-temperature-and-optical-use\/","title":{"rendered":"Zaf\u00edr cs\u00f6vek Nagy tisztas\u00e1g\u00fa egykrist\u00e1lyos Al\u2082O\u2083 magas h\u0151m\u00e9rs\u00e9klet\u0171 \u00e9s optikai felhaszn\u00e1l\u00e1sra"},"content":{"rendered":"<p data-start=\"171\" data-end=\"579\"><img fetchpriority=\"high\" decoding=\"async\" class=\"wp-image-2798 alignright\" src=\"https:\/\/www.fuyao-quartz.com\/wp-content\/uploads\/2026\/04\/Sapphire-Tubes-High-Purity-Single-Crystal-Al\u2082O\u2083-for-High-Temperature-and-Optical-Use-2-1-300x300.png\" alt=\"\" width=\"279\" height=\"279\" srcset=\"\" sizes=\"(max-width: 279px) 100vw, 279px\" data-srcset=\"\" \/>A zaf\u00edrcs\u00f6vek nagy tisztas\u00e1g\u00fa egykrist\u00e1lyos alum\u00ednium-oxidb\u00f3l (<span class=\"hover:entity-accent entity-underline inline cursor-pointer align-baseline\"><span class=\"whitespace-normal\">Zaf\u00edr (Al\u2082O\u2083 egykrist\u00e1ly)<\/span><\/span>). A kiv\u00e9teles mechanikai szil\u00e1rds\u00e1got, a rendk\u00edv\u00fcli h\u0151\u00e1ll\u00f3s\u00e1got \u00e9s a sz\u00e9lesk\u00f6r\u0171 optikai \u00e1tl\u00e1tsz\u00f3s\u00e1got \u00f6tv\u00f6z\u0151 zaf\u00edrcs\u00f6veket sz\u00e9les k\u00f6rben haszn\u00e1lj\u00e1k olyan ig\u00e9nyes k\u00f6rnyezetben, ahol a hagyom\u00e1nyos anyagok, p\u00e9ld\u00e1ul a kvarc, az \u00fcveg vagy a timf\u00f6ld nem tudnak megfelelni a teljes\u00edtm\u00e9nyk\u00f6vetelm\u00e9nyeknek.<\/p>\n<p data-start=\"581\" data-end=\"900\">Egyedi krist\u00e1lyszerkezet\u00fcknek k\u00f6sz\u00f6nhet\u0151en a zaf\u00edrcs\u00f6vek kiv\u00e1l\u00f3 tart\u00f3ss\u00e1got, k\u00e9miai inertit\u00e1st \u00e9s m\u00e9retstabilit\u00e1st biztos\u00edtanak m\u00e9g zord \u00fczemi k\u00f6r\u00fclm\u00e9nyek k\u00f6z\u00f6tt is. Ezek a tulajdons\u00e1gok teszik \u0151ket a f\u00e9lvezet\u0151-feldolgoz\u00e1s, a magas h\u0151m\u00e9rs\u00e9klet\u0171 kemenc\u00e9k, az optikai rendszerek \u00e9s az analitikai m\u0171szerek alapvet\u0151 anyag\u00e1v\u00e1.<\/p>\n<hr data-start=\"902\" data-end=\"905\" \/>\n<h2 data-section-id=\"1yz4sp2\" data-start=\"907\" data-end=\"927\">Alapvet\u0151 el\u0151ny\u00f6k<\/h2>\n<h3 data-section-id=\"y8ctbf\" data-start=\"929\" data-end=\"968\"><img decoding=\"async\" class=\"wp-image-2799 alignright\" src=\"https:\/\/www.fuyao-quartz.com\/wp-content\/uploads\/2026\/04\/Sapphire-Tubes-High-Purity-Single-Crystal-Al\u2082O\u2083-for-High-Temperature-and-Optical-Use-1-1-300x300.png\" alt=\"\" width=\"268\" height=\"268\" srcset=\"\" sizes=\"(max-width: 268px) 100vw, 268px\" data-srcset=\"\" \/>1. Kiv\u00e9teles h\u0151\u00e1ll\u00f3s\u00e1g<\/h3>\n<p data-start=\"969\" data-end=\"1304\">A zaf\u00edr olvad\u00e1spontja k\u00f6r\u00fclbel\u00fcl 2050 \u00b0C, \u00e9s sz\u00e9ls\u0151s\u00e9ges h\u0151m\u00e9rs\u00e9kleten is kiv\u00e1l\u00f3 szerkezeti stabilit\u00e1st mutat. A zaf\u00edrcs\u00f6vek magas h\u0151m\u00e9rs\u00e9klet\u0171 k\u00f6rnyezetben (ak\u00e1r ~2000\u00b0C v\u00e1kuumban vagy inert atmoszf\u00e9r\u00e1ban) folyamatosan m\u0171k\u00f6dhetnek, \u00edgy ide\u00e1lisak kemence-rendszerekben, h\u0151feldolgoz\u00e1sban \u00e9s nagy energi\u00e1j\u00fa alkalmaz\u00e1sokban.<\/p>\n<h3 data-section-id=\"10kmn1a\" data-start=\"1306\" data-end=\"1356\">2. Kiv\u00e1l\u00f3 mechanikai szil\u00e1rds\u00e1g \u00e9s kem\u00e9nys\u00e9g<\/h3>\n<p data-start=\"1357\" data-end=\"1641\">A zaf\u00edr 9-es Mohs-kem\u00e9nys\u00e9g\u00e9vel az egyik legkem\u00e9nyebb m\u0171szaki anyag. A zaf\u00edrcs\u00f6vek kiv\u00e1l\u00f3 kop\u00e1s\u00e1ll\u00f3s\u00e1got, karc\u00e1ll\u00f3s\u00e1got \u00e9s hossz\u00fa \u00e9lettartamot mutatnak, jelent\u0151sen fel\u00fclm\u00falva a kvarc \u00e9s a ker\u00e1mia alternat\u00edv\u00e1kat koptat\u00f3 vagy nagy terhel\u00e9s\u0171 k\u00f6rnyezetben.<\/p>\n<h3 data-section-id=\"1ghoehn\" data-start=\"1643\" data-end=\"1678\">3. Sz\u00e9les optikai \u00e1tvitel<\/h3>\n<p data-start=\"1679\" data-end=\"1948\">A zaf\u00edrcs\u00f6vek kiv\u00e1l\u00f3 optikai \u00e1tereszt\u0151k\u00e9pess\u00e9get biztos\u00edtanak sz\u00e9les spektrumtartom\u00e1nyban, az ultraiboly\u00e1t\u00f3l (UV) az infrav\u00f6r\u00f6sig (IR) (kb. 200-5000 nm). Ez alkalmass\u00e1 teszi \u0151ket optikai v\u00e9d\u0151cs\u00f6vekhez, l\u00e9zerrendszerekhez, l\u00e1mpaburkolatokhoz \u00e9s spektroszk\u00f3piai alkalmaz\u00e1sokhoz.<\/p>\n<h3 data-section-id=\"1yihbeh\" data-start=\"1950\" data-end=\"1987\">4. Kiv\u00e1l\u00f3 k\u00e9miai stabilit\u00e1s<\/h3>\n<p data-start=\"1988\" data-end=\"2201\">A zaf\u00edr rendk\u00edv\u00fcl ellen\u00e1ll\u00f3 a savakkal, l\u00fagokkal \u00e9s mar\u00f3 g\u00e1zokkal szemben. A zaf\u00edr agressz\u00edv k\u00e9miai \u00e9s plazmak\u00f6rnyezetben is stabil marad, \u00edgy alkalmas f\u00e9lvezet\u0151-feldolgoz\u00f3 \u00e9s k\u00e9miai elemz\u0151 rendszerekhez.<\/p>\n<h3 data-section-id=\"ewkvkd\" data-start=\"2203\" data-end=\"2238\">5. Magas elektromos szigetel\u00e9s<\/h3>\n<p data-start=\"2239\" data-end=\"2402\">Dielektromos anyagk\u00e9nt a zaf\u00edr kiv\u00e1l\u00f3 elektromos szigetel\u00e9si tulajdons\u00e1gokkal rendelkezik, \u00edgy ide\u00e1lis a nagyfesz\u00fclts\u00e9g\u0171 vagy nagyfrekvenci\u00e1s elektronikus rendszerekben val\u00f3 felhaszn\u00e1l\u00e1sra.<\/p>\n<hr data-start=\"2404\" data-end=\"2407\" \/>\n<h2 data-section-id=\"58xi60\" data-start=\"2409\" data-end=\"2438\">M\u0171szaki specifik\u00e1ci\u00f3k<\/h2>\n<div class=\"TyagGW_tableContainer\">\n<div class=\"group TyagGW_tableWrapper flex flex-col-reverse w-fit\" tabindex=\"-1\">\n<table class=\"w-fit min-w-(--thread-content-width)\" data-start=\"2440\" data-end=\"2790\">\n<thead data-start=\"2440\" data-end=\"2469\">\n<tr data-start=\"2440\" data-end=\"2469\">\n<th class=\"\" data-start=\"2440\" data-end=\"2452\" data-col-size=\"sm\">Param\u00e9ter<\/th>\n<th class=\"\" data-start=\"2452\" data-end=\"2469\" data-col-size=\"sm\">Specifik\u00e1ci\u00f3<\/th>\n<\/tr>\n<\/thead>\n<tbody data-start=\"2499\" data-end=\"2790\">\n<tr data-start=\"2499\" data-end=\"2545\">\n<td data-start=\"2499\" data-end=\"2510\" data-col-size=\"sm\">Anyag<\/td>\n<td data-col-size=\"sm\" data-start=\"2510\" data-end=\"2545\">Egykrist\u00e1lyos Al\u2082O\u2083 (zaf\u00edr)<\/td>\n<\/tr>\n<tr data-start=\"2546\" data-end=\"2567\">\n<td data-start=\"2546\" data-end=\"2555\" data-col-size=\"sm\">Tisztas\u00e1g<\/td>\n<td data-col-size=\"sm\" data-start=\"2555\" data-end=\"2567\">\u2265 99.99%<\/td>\n<\/tr>\n<tr data-start=\"2568\" data-end=\"2604\">\n<td data-start=\"2568\" data-end=\"2585\" data-col-size=\"sm\">K\u00fcls\u0151 \u00e1tm\u00e9r\u0151<\/td>\n<td data-col-size=\"sm\" data-start=\"2585\" data-end=\"2604\">0,5 mm - 200 mm<\/td>\n<\/tr>\n<tr data-start=\"2605\" data-end=\"2641\">\n<td data-start=\"2605\" data-end=\"2622\" data-col-size=\"sm\">Bels\u0151 \u00e1tm\u00e9r\u0151<\/td>\n<td data-col-size=\"sm\" data-start=\"2622\" data-end=\"2641\">0,2 mm - 180 mm<\/td>\n<\/tr>\n<tr data-start=\"2642\" data-end=\"2668\">\n<td data-start=\"2642\" data-end=\"2651\" data-col-size=\"sm\">Hossz\u00fas\u00e1g<\/td>\n<td data-col-size=\"sm\" data-start=\"2651\" data-end=\"2668\">1200 mm-ig<\/td>\n<\/tr>\n<tr data-start=\"2669\" data-end=\"2709\">\n<td data-start=\"2669\" data-end=\"2692\" data-col-size=\"sm\">Optikai \u00e1tvitel<\/td>\n<td data-col-size=\"sm\" data-start=\"2692\" data-end=\"2709\">200 - 5000 nm<\/td>\n<\/tr>\n<tr data-start=\"2710\" data-end=\"2768\">\n<td data-start=\"2710\" data-end=\"2732\" data-col-size=\"sm\">Munkah\u0151m\u00e9rs\u00e9klet<\/td>\n<td data-col-size=\"sm\" data-start=\"2732\" data-end=\"2768\">~2000\u00b0C-ig (v\u00e1kuum\/inert g\u00e1z)<\/td>\n<\/tr>\n<tr data-start=\"2769\" data-end=\"2790\">\n<td data-start=\"2769\" data-end=\"2780\" data-col-size=\"sm\">Kem\u00e9nys\u00e9g<\/td>\n<td data-col-size=\"sm\" data-start=\"2780\" data-end=\"2790\">Mohs 9<\/td>\n<\/tr>\n<\/tbody>\n<\/table>\n<\/div>\n<\/div>\n<hr data-start=\"2792\" data-end=\"2795\" \/>\n<h2 data-section-id=\"1svz4ra\" data-start=\"2797\" data-end=\"2822\">Tipikus alkalmaz\u00e1sok<\/h2>\n<h3 data-section-id=\"127s61j\" data-start=\"2824\" data-end=\"2852\">F\u00e9lvezet\u0151 ipar<\/h3>\n<p data-start=\"2853\" data-end=\"2999\">Folyamatcs\u00f6vek, v\u00e9d\u0151h\u00fcvelyek, ostyakezel\u0151 alkatr\u00e9szek \u00e9s szigetel\u0151 alkatr\u00e9szek epitaxia-, diff\u00fazi\u00f3s \u00e9s plazmafeldolgoz\u00f3 berendez\u00e9sekben.<\/p>\n<h3 data-section-id=\"bf6m2f\" data-start=\"3001\" data-end=\"3039\">Magas h\u0151m\u00e9rs\u00e9klet\u0171 kemence rendszerek<\/h3>\n<p data-start=\"3040\" data-end=\"3160\">Sz\u00e9les k\u00f6rben haszn\u00e1lj\u00e1k termoelem v\u00e9d\u0151cs\u00f6vekk\u00e9nt, megfigyel\u0151cs\u00f6vekk\u00e9nt \u00e9s szerkezeti elemk\u00e9nt sz\u00e9ls\u0151s\u00e9ges h\u0151k\u00f6rnyezetekben.<\/p>\n<h3 data-section-id=\"17dgta\" data-start=\"3162\" data-end=\"3193\">Optikai \u00e9s l\u00e9zerrendszerek<\/h3>\n<p data-start=\"3194\" data-end=\"3311\">L\u00e9zerv\u00e9d\u0151 cs\u00f6vekben, optikai \u00e1tviteli utakban, l\u00e1mpaburkolatokban \u00e9s nagy pontoss\u00e1g\u00fa optikai szerelv\u00e9nyekben alkalmazz\u00e1k.<\/p>\n<h3 data-section-id=\"1qa6ips\" data-start=\"3313\" data-end=\"3356\">Analitikai \u00e9s tudom\u00e1nyos m\u0171szerek<\/h3>\n<p data-start=\"3357\" data-end=\"3483\">Spektroszk\u00f3piai rendszerekben, k\u00e9miai elemz\u0151 kamr\u00e1kban \u00e9s olyan laborat\u00f3riumi berendez\u00e9sekben haszn\u00e1latos, amelyek egyszerre ig\u00e9nylik az \u00e1tl\u00e1that\u00f3s\u00e1got \u00e9s a tart\u00f3ss\u00e1got.<\/p>\n<h3 data-section-id=\"aw8mwu\" data-start=\"3485\" data-end=\"3528\">Ipari \u00e9s \u0171rhaj\u00f3z\u00e1si alkalmaz\u00e1sok<\/h3>\n<p data-start=\"3529\" data-end=\"3633\">Alkalmas magas h\u0151m\u00e9rs\u00e9kletet, mechanikai ig\u00e9nybev\u00e9telt \u00e9s korr\u00f3zi\u00f3s k\u00f6r\u00fclm\u00e9nyeket tartalmaz\u00f3 zord k\u00f6rnyezetbe.<\/p>\n<hr data-start=\"3635\" data-end=\"3638\" \/>\n<h2 data-section-id=\"f4a4hh\" data-start=\"3640\" data-end=\"3687\">KY vs EFG Zaf\u00edr cs\u00f6vek (legfontosabb k\u00fcl\u00f6nbs\u00e9gek)<\/h2>\n<p data-start=\"3689\" data-end=\"3873\">A zaf\u00edrcs\u00f6veket els\u0151sorban k\u00e9t m\u00f3dszerrel gy\u00e1rtj\u00e1k: Kyropoulos (KY) \u00e9s az \u00e9lmeghat\u00e1rozott filmes n\u00f6veszt\u00e9s (EFG). Mindkett\u0151nek megvannak a maga el\u0151nyei, az alkalmaz\u00e1si k\u00f6vetelm\u00e9nyekt\u0151l f\u00fcgg\u0151en.<\/p>\n<div class=\"TyagGW_tableContainer\">\n<div class=\"group TyagGW_tableWrapper flex flex-col-reverse w-fit\" tabindex=\"-1\">\n<table class=\"w-fit min-w-(--thread-content-width)\" data-start=\"3875\" data-end=\"4440\">\n<thead data-start=\"3875\" data-end=\"3924\">\n<tr data-start=\"3875\" data-end=\"3924\">\n<th class=\"\" data-start=\"3875\" data-end=\"3884\" data-col-size=\"sm\">Aspect<\/th>\n<th class=\"\" data-start=\"3884\" data-end=\"3903\" data-col-size=\"sm\">KY zaf\u00edr cs\u0151<\/th>\n<th class=\"\" data-start=\"3903\" data-end=\"3924\" data-col-size=\"sm\">EFG zaf\u00edr cs\u0151<\/th>\n<\/tr>\n<\/thead>\n<tbody data-start=\"3972\" data-end=\"4440\">\n<tr data-start=\"3972\" data-end=\"4064\">\n<td data-start=\"3972\" data-end=\"3995\" data-col-size=\"sm\">Gy\u00e1rt\u00e1si m\u00f3dszer<\/td>\n<td data-start=\"3995\" data-end=\"4030\" data-col-size=\"sm\">T\u00f6megesen termesztett krist\u00e1lyb\u00f3l megmunk\u00e1lva<\/td>\n<td data-start=\"4030\" data-end=\"4064\" data-col-size=\"sm\">K\u00f6zvetlen\u00fcl cs\u0151 alak\u00fara n\u00f6vesztve<\/td>\n<\/tr>\n<tr data-start=\"4065\" data-end=\"4130\">\n<td data-start=\"4065\" data-end=\"4083\" data-col-size=\"sm\">Krist\u00e1ly min\u0151s\u00e9g<\/td>\n<td data-start=\"4083\" data-end=\"4118\" data-col-size=\"sm\">Magasabb (alacsony hib\u00e1k, alacsony stressz)<\/td>\n<td data-start=\"4118\" data-end=\"4130\" data-col-size=\"sm\">M\u00e9rs\u00e9kelt<\/td>\n<\/tr>\n<tr data-start=\"4131\" data-end=\"4187\">\n<td data-start=\"4131\" data-end=\"4153\" data-col-size=\"sm\">Optikai teljes\u00edtm\u00e9ny<\/td>\n<td data-start=\"4153\" data-end=\"4179\" data-col-size=\"sm\">\u0645\u0645\u062a\u0627\u0632 (nagyfok\u00fa egyenletess\u00e9g)<\/td>\n<td data-start=\"4179\" data-end=\"4187\" data-col-size=\"sm\">J\u00f3<\/td>\n<\/tr>\n<tr data-start=\"4188\" data-end=\"4231\">\n<td data-start=\"4188\" data-end=\"4210\" data-col-size=\"sm\">Mechanikai szil\u00e1rds\u00e1g<\/td>\n<td data-start=\"4210\" data-end=\"4219\" data-col-size=\"sm\">Magasabb<\/td>\n<td data-start=\"4219\" data-end=\"4231\" data-col-size=\"sm\">M\u00e9rs\u00e9kelt<\/td>\n<\/tr>\n<tr data-start=\"4232\" data-end=\"4316\">\n<td data-start=\"4232\" data-end=\"4258\" data-col-size=\"sm\">M\u00e9retbeli rugalmass\u00e1g<\/td>\n<td data-start=\"4258\" data-end=\"4287\" data-col-size=\"sm\">Magas (prec\u00edzi\u00f3s megmunk\u00e1l\u00e1s)<\/td>\n<td data-start=\"4287\" data-end=\"4316\" data-col-size=\"sm\">A n\u00f6veked\u00e9si folyamat \u00e1ltal korl\u00e1tozott<\/td>\n<\/tr>\n<tr data-start=\"4317\" data-end=\"4356\">\n<td data-start=\"4317\" data-end=\"4324\" data-col-size=\"sm\">K\u00f6lts\u00e9gek<\/td>\n<td data-start=\"4324\" data-end=\"4333\" data-col-size=\"sm\">Magasabb<\/td>\n<td data-start=\"4333\" data-end=\"4356\" data-col-size=\"sm\">K\u00f6lts\u00e9ghat\u00e9konyabb<\/td>\n<\/tr>\n<tr data-start=\"4357\" data-end=\"4440\">\n<td data-start=\"4357\" data-end=\"4371\" data-col-size=\"sm\">Tipikus haszn\u00e1lat<\/td>\n<td data-start=\"4371\" data-end=\"4404\" data-col-size=\"sm\">High-end optika, f\u00e9lvezet\u0151k<\/td>\n<td data-start=\"4404\" data-end=\"4440\" data-col-size=\"sm\">Ipari, \u00e1ltal\u00e1nos alkalmaz\u00e1sok<\/td>\n<\/tr>\n<\/tbody>\n<\/table>\n<\/div>\n<\/div>\n<p data-start=\"4442\" data-end=\"4456\"><strong data-start=\"4442\" data-end=\"4454\">\u00d6sszefoglal\u00f3:<\/strong><\/p>\n<ul data-start=\"4457\" data-end=\"4633\">\n<li data-section-id=\"1jqbj60\" data-start=\"4457\" data-end=\"4542\">A KY zaf\u00edrcs\u00f6veket nagy pontoss\u00e1g\u00fa, nagy teljes\u00edtm\u00e9ny\u0171 alkalmaz\u00e1sokhoz el\u0151nyben r\u00e9szes\u00edtik.<\/li>\n<li data-section-id=\"wswut5\" data-start=\"4543\" data-end=\"4633\">Az EFG zaf\u00edrcs\u00f6vek alkalmasabbak k\u00f6lts\u00e9g\u00e9rz\u00e9keny \u00e9s nagyipari felhaszn\u00e1l\u00e1sra.<\/li>\n<\/ul>\n<hr data-start=\"4635\" data-end=\"4638\" \/>\n<h2 data-section-id=\"b0ncmg\" data-start=\"4640\" data-end=\"4666\"><img decoding=\"async\" class=\"size-medium wp-image-2801 alignright\" src=\"https:\/\/www.fuyao-quartz.com\/wp-content\/uploads\/2026\/04\/Sapphire-Tubes-High-Purity-Single-Crystal-Al\u2082O\u2083-for-High-Temperature-and-Optical-Use-4-300x300.png\" alt=\"\" width=\"300\" height=\"300\" srcset=\"\" sizes=\"(max-width: 300px) 100vw, 300px\" data-srcset=\"\" \/>Testreszab\u00e1si lehet\u0151s\u00e9gek<\/h2>\n<p data-start=\"4668\" data-end=\"4749\">A zaf\u00edrcs\u00f6vek testre szabhat\u00f3k, hogy megfeleljenek az egyedi alkalmaz\u00e1si ig\u00e9nyeknek, t\u00f6bbek k\u00f6z\u00f6tt:<\/p>\n<ul data-start=\"4750\" data-end=\"5033\">\n<li data-section-id=\"1mgdjle\" data-start=\"4750\" data-end=\"4796\">K\u00fcls\u0151 \u00e9s bels\u0151 \u00e1tm\u00e9r\u0151 prec\u00edzi\u00f3s ellen\u0151rz\u00e9se<\/li>\n<li data-section-id=\"1yv7fkk\" data-start=\"4797\" data-end=\"4835\">Hossz\u00fas\u00e1g testreszab\u00e1sa 1200 mm-ig<\/li>\n<li data-section-id=\"v93hdo\" data-start=\"4836\" data-end=\"4893\">Fel\u00fcletkezel\u00e9s: nyersen, csiszolva vagy optikai pol\u00edrozva<\/li>\n<li data-section-id=\"123oyaj\" data-start=\"4894\" data-end=\"4932\">Egyv\u00e9g\u0171 vagy k\u00e9tv\u00e9g\u0171 pol\u00edroz\u00e1s<\/li>\n<li data-section-id=\"ft1egz\" data-start=\"4933\" data-end=\"4979\">Krist\u00e1lyorient\u00e1ci\u00f3 (C-tengely, A-tengely stb.)<\/li>\n<li data-section-id=\"126dwpl\" data-start=\"4980\" data-end=\"5033\">Sz\u0171k t\u0171r\u00e9shat\u00e1r-ellen\u0151rz\u00e9s kritikus alkalmaz\u00e1sokhoz<\/li>\n<\/ul>\n<h2 data-section-id=\"x9bttf\" data-start=\"5549\" data-end=\"5557\">GYIK<\/h2>\n<p data-start=\"5559\" data-end=\"5812\"><strong data-start=\"5559\" data-end=\"5632\">1. k\u00e9rd\u00e9s: Melyek a zaf\u00edrcs\u00f6vek f\u0151 el\u0151nyei a kvarccs\u00f6vekkel szemben?<\/strong><br data-start=\"5632\" data-end=\"5635\" \/>A1: A zaf\u00edrcs\u00f6vek jelent\u0151sen nagyobb kem\u00e9nys\u00e9get, jobb h\u0151stabilit\u00e1st, kiv\u00e1l\u00f3 vegyi ellen\u00e1ll\u00e1st \u00e9s sz\u00e9lesebb optikai \u00e1tereszt\u0151k\u00e9pess\u00e9get biztos\u00edtanak, k\u00fcl\u00f6n\u00f6sen zord k\u00f6rnyezetben.<\/p>\n<p data-start=\"5814\" data-end=\"6054\"><strong data-start=\"5814\" data-end=\"5888\">2. k\u00e9rd\u00e9s: Haszn\u00e1lhat\u00f3k-e a zaf\u00edrcs\u00f6vek ultramagas h\u0151m\u00e9rs\u00e9klet\u0171 k\u00f6rnyezetben?<\/strong><br data-start=\"5888\" data-end=\"5891\" \/>A2: Igen. A zaf\u00edrcs\u00f6vek 2000\u00b0C-ot megk\u00f6zel\u00edt\u0151 h\u0151m\u00e9rs\u00e9kleten is m\u0171k\u00f6dhetnek v\u00e1kuumban vagy v\u00e9d\u0151g\u00e1zas k\u00f6r\u00fclm\u00e9nyek k\u00f6z\u00f6tt, ami alkalmass\u00e1 teszi \u0151ket sz\u00e9ls\u0151s\u00e9ges termikus alkalmaz\u00e1sokhoz.<\/p>\n<p data-start=\"6056\" data-end=\"6283\" data-is-last-node=\"\" data-is-only-node=\"\"><strong data-start=\"6056\" data-end=\"6106\">3. k\u00e9rd\u00e9s: Melyik a jobb, a KY vagy az EFG zaf\u00edrcs\u00f6vek?<\/strong><br data-start=\"6106\" data-end=\"6109\" \/>A3: A KY zaf\u00edrcs\u00f6vek jobb krist\u00e1lymin\u0151s\u00e9get biztos\u00edtanak \u00e9s ide\u00e1lisak a cs\u00facskateg\u00f3ri\u00e1s alkalmaz\u00e1sokhoz, m\u00edg az EFG cs\u00f6vek k\u00f6lts\u00e9ghat\u00e9konyabbak \u00e9s \u00e1ltal\u00e1nos ipari felhaszn\u00e1l\u00e1sra alkalmasak.<\/p>","protected":false},"excerpt":{"rendered":"<p>A zaf\u00edrcs\u00f6vek pr\u00e9mium megold\u00e1st jelentenek a magas h\u0151m\u00e9rs\u00e9klet-\u00e1ll\u00f3s\u00e1g, az optikai \u00e1tl\u00e1tsz\u00f3s\u00e1g, a mechanikai szil\u00e1rds\u00e1g \u00e9s a k\u00e9miai stabilit\u00e1s kombin\u00e1ci\u00f3j\u00e1t ig\u00e9nyl\u0151 alkalmaz\u00e1sokhoz. Ak\u00e1r f\u00e9lvezet\u0151gy\u00e1rt\u00e1sban, optikai rendszerekben vagy sz\u00e9ls\u0151s\u00e9ges ipari k\u00f6rnyezetben haszn\u00e1lj\u00e1k, a zaf\u00edrcs\u00f6vek megb\u00edzhat\u00f3 teljes\u00edtm\u00e9nyt ny\u00fajtanak ott is, ahol a hagyom\u00e1nyos anyagok kudarcot vallanak. A KY \u00e9s EFG gy\u00e1rt\u00e1si lehet\u0151s\u00e9gekkel a felhaszn\u00e1l\u00f3k kiv\u00e1laszthatj\u00e1k a teljes\u00edtm\u00e9ny \u00e9s a k\u00f6lts\u00e9gek k\u00f6z\u00f6tti optim\u00e1lis egyens\u00falyt.<\/p>","protected":false},"featured_media":2801,"comment_status":"open","ping_status":"closed","template":"","meta":{"site-sidebar-layout":"default","site-content-layout":"","ast-site-content-layout":"default","site-content-style":"default","site-sidebar-style":"default","ast-global-header-display":"","ast-banner-title-visibility":"","ast-main-header-display":"","ast-hfb-above-header-display":"","ast-hfb-below-header-display":"","ast-hfb-mobile-header-display":"","site-post-title":"","ast-breadcrumbs-content":"","ast-featured-img":"","footer-sml-layout":"","ast-disable-related-posts":"","theme-transparent-header-meta":"default","adv-header-id-meta":"","stick-header-meta":"default","header-above-stick-meta":"","header-main-stick-meta":"","header-below-stick-meta":"","astra-migrate-meta-layouts":"set","ast-page-background-enabled":"default","ast-page-background-meta":{"desktop":{"background-color":"var(--ast-global-color-4)","background-image":"","background-repeat":"repeat","background-position":"center center","background-size":"auto","background-attachment":"scroll","background-type":"","background-media":"","overlay-type":"","overlay-color":"","overlay-opacity":"","overlay-gradient":""},"tablet":{"background-color":"","background-image":"","background-repeat":"repeat","background-position":"center center","background-size":"auto","background-attachment":"scroll","background-type":"","background-media":"","overlay-type":"","overlay-color":"","overlay-opacity":"","overlay-gradient":""},"mobile":{"background-color":"","background-image":"","background-repeat":"repeat","background-position":"center center","background-size":"auto","background-attachment":"scroll","background-type":"","background-media":"","overlay-type":"","overlay-color":"","overlay-opacity":"","overlay-gradient":""}},"ast-content-background-meta":{"desktop":{"background-color":"var(--ast-global-color-5)","background-image":"","background-repeat":"repeat","background-position":"center center","background-size":"auto","background-attachment":"scroll","background-type":"","background-media":"","overlay-type":"","overlay-color":"","overlay-opacity":"","overlay-gradient":""},"tablet":{"background-color":"var(--ast-global-color-5)","background-image":"","background-repeat":"repeat","background-position":"center center","background-size":"auto","background-attachment":"scroll","background-type":"","background-media":"","overlay-type":"","overlay-color":"","overlay-opacity":"","overlay-gradient":""},"mobile":{"background-color":"var(--ast-global-color-5)","background-image":"","background-repeat":"repeat","background-position":"center center","background-size":"auto","background-attachment":"scroll","background-type":"","background-media":"","overlay-type":"","overlay-color":"","overlay-opacity":"","overlay-gradient":""}}},"product_brand":[],"product_cat":[152],"product_tag":[969,983,984,989,974,972,976,985,970,975,988,987,971,973,980,978,982,967,966,981,968,977,979,986],"class_list":{"0":"post-2793","1":"product","2":"type-product","3":"status-publish","4":"has-post-thumbnail","6":"product_cat-sapphire","7":"product_tag-al2o3-tube","8":"product_tag-chemical-resistant-tube","9":"product_tag-corrosion-resistant-material","10":"product_tag-custom-sapphire-tube","11":"product_tag-edge-defined-film-fed-growth","12":"product_tag-efg-sapphire-tube","13":"product_tag-furnace-tube","14":"product_tag-high-hardness-ceramic","15":"product_tag-high-purity-sapphire","16":"product_tag-high-temperature-tube","17":"product_tag-industrial-sapphire","18":"product_tag-insulating-tube","19":"product_tag-ky-sapphire-tube","20":"product_tag-kyropoulos-sapphire","21":"product_tag-laser-tube","22":"product_tag-optical-sapphire-tube","23":"product_tag-plasma-resistant-tube","24":"product_tag-sapphire-tube","25":"product_tag-sapphire-tubes","26":"product_tag-semiconductor-process-tube","27":"product_tag-single-crystal-sapphire","28":"product_tag-thermocouple-protection-tube","29":"product_tag-uv-ir-transmission-tube","30":"product_tag-wear-resistant-tube","31":"desktop-align-left","32":"tablet-align-left","33":"mobile-align-left","34":"ast-product-gallery-layout-horizontal","35":"ast-product-tabs-layout-horizontal","37":"first","38":"instock","39":"shipping-taxable","40":"product-type-simple"},"_links":{"self":[{"href":"https:\/\/www.fuyao-quartz.com\/hu\/wp-json\/wp\/v2\/product\/2793","targetHints":{"allow":["GET"]}}],"collection":[{"href":"https:\/\/www.fuyao-quartz.com\/hu\/wp-json\/wp\/v2\/product"}],"about":[{"href":"https:\/\/www.fuyao-quartz.com\/hu\/wp-json\/wp\/v2\/types\/product"}],"replies":[{"embeddable":true,"href":"https:\/\/www.fuyao-quartz.com\/hu\/wp-json\/wp\/v2\/comments?post=2793"}],"version-history":[{"count":1,"href":"https:\/\/www.fuyao-quartz.com\/hu\/wp-json\/wp\/v2\/product\/2793\/revisions"}],"predecessor-version":[{"id":2802,"href":"https:\/\/www.fuyao-quartz.com\/hu\/wp-json\/wp\/v2\/product\/2793\/revisions\/2802"}],"wp:featuredmedia":[{"embeddable":true,"href":"https:\/\/www.fuyao-quartz.com\/hu\/wp-json\/wp\/v2\/media\/2801"}],"wp:attachment":[{"href":"https:\/\/www.fuyao-quartz.com\/hu\/wp-json\/wp\/v2\/media?parent=2793"}],"wp:term":[{"taxonomy":"product_brand","embeddable":true,"href":"https:\/\/www.fuyao-quartz.com\/hu\/wp-json\/wp\/v2\/product_brand?post=2793"},{"taxonomy":"product_cat","embeddable":true,"href":"https:\/\/www.fuyao-quartz.com\/hu\/wp-json\/wp\/v2\/product_cat?post=2793"},{"taxonomy":"product_tag","embeddable":true,"href":"https:\/\/www.fuyao-quartz.com\/hu\/wp-json\/wp\/v2\/product_tag?post=2793"}],"curies":[{"name":"wp","href":"https:\/\/api.w.org\/{rel}","templated":true}]}}