{"id":2755,"date":"2026-04-24T03:40:56","date_gmt":"2026-04-24T03:40:56","guid":{"rendered":"https:\/\/www.fuyao-quartz.com\/?post_type=product&#038;p=2755"},"modified":"2026-04-24T03:40:58","modified_gmt":"2026-04-24T03:40:58","slug":"custom-fused-quartz-plates-with-through-holes","status":"publish","type":"product","link":"https:\/\/www.fuyao-quartz.com\/hu\/product\/custom-fused-quartz-plates-with-through-holes\/","title":{"rendered":"Egyedi olvasztott kvarclemezek \u00e1tmen\u0151 lyukakkal"},"content":{"rendered":"<p data-start=\"253\" data-end=\"586\"><img fetchpriority=\"high\" decoding=\"async\" class=\"alignright wp-image-2756 size-medium\" src=\"https:\/\/www.fuyao-quartz.com\/wp-content\/uploads\/2026\/04\/Custom-Fused-Quartz-Plates-with-Through-Holes-2-300x300.png\" alt=\"Egyedi olvasztott kvarclemezek \u00e1tmen\u0151 lyukakkal\" width=\"300\" height=\"300\" srcset=\"https:\/\/www.fuyao-quartz.com\/wp-content\/uploads\/2026\/04\/Custom-Fused-Quartz-Plates-with-Through-Holes-2-300x300.png 300w, https:\/\/www.fuyao-quartz.com\/wp-content\/uploads\/2026\/04\/Custom-Fused-Quartz-Plates-with-Through-Holes-2-150x150.png 150w, https:\/\/www.fuyao-quartz.com\/wp-content\/uploads\/2026\/04\/Custom-Fused-Quartz-Plates-with-Through-Holes-2-768x768.png 768w, https:\/\/www.fuyao-quartz.com\/wp-content\/uploads\/2026\/04\/Custom-Fused-Quartz-Plates-with-Through-Holes-2-12x12.png 12w, https:\/\/www.fuyao-quartz.com\/wp-content\/uploads\/2026\/04\/Custom-Fused-Quartz-Plates-with-Through-Holes-2-600x600.png 600w, https:\/\/www.fuyao-quartz.com\/wp-content\/uploads\/2026\/04\/Custom-Fused-Quartz-Plates-with-Through-Holes-2-100x100.png 100w, https:\/\/www.fuyao-quartz.com\/wp-content\/uploads\/2026\/04\/Custom-Fused-Quartz-Plates-with-Through-Holes-2.png 1000w\" sizes=\"(max-width: 300px) 100vw, 300px\" \/>Az egyedi olvasztott kvarclemezek \u00e1tmen\u0151 lyukakkal nagy pontoss\u00e1g\u00fa, rendk\u00edv\u00fcl nagy tisztas\u00e1g\u00fa szil\u00edcium-dioxidb\u00f3l (SiO\u2082 &gt; 99,9%) gy\u00e1rtott alkatr\u00e9szek. Ezeket a lemezeket kifejezetten olyan fejlett ipari \u00e9s tudom\u00e1nyos alkalmaz\u00e1sokhoz tervezt\u00e9k, ahol a h\u0151stabilit\u00e1s, a k\u00e9miai ellen\u00e1ll\u00e1s \u00e9s az optikai teljes\u00edtm\u00e9ny kritikus fontoss\u00e1g\u00fa.<\/p>\n<p data-start=\"588\" data-end=\"1033\">A hagyom\u00e1nyos \u00fcveganyagokkal ellent\u00e9tben az olvasztott kvarc az alacsony h\u0151t\u00e1gul\u00e1s, a magas h\u0151m\u00e9rs\u00e9kleti ellen\u00e1ll\u00e1s \u00e9s a sz\u00e9les optikai \u00e1tereszt\u0151k\u00e9pess\u00e9g egyed\u00fcl\u00e1ll\u00f3 kombin\u00e1ci\u00f3j\u00e1t k\u00edn\u00e1lja, \u00edgy ide\u00e1lis f\u00e9lvezet\u0151, fotonikai \u00e9s laborat\u00f3riumi rendszerekhez. A prec\u00edzi\u00f3san f\u00fart lyukak integr\u00e1l\u00e1s\u00e1val ezek a kvarclapok lehet\u0151v\u00e9 teszik a szab\u00e1lyozott folyad\u00e9k\u00e1raml\u00e1st, g\u00e1zeloszt\u00e1st vagy optikai igaz\u00edt\u00e1st, \u00edgy passz\u00edv szubsztr\u00e1tumokb\u00f3l funkcion\u00e1lis rendszerelemekk\u00e9 v\u00e1lnak.<\/p>\n<p data-start=\"1035\" data-end=\"1229\">Ezek a term\u00e9kek t\u00f6bbf\u00e9le min\u0151s\u00e9gben, p\u00e9ld\u00e1ul JGS1, JGS2 \u00e9s JGS3 t\u00edpusban kaphat\u00f3k, \u00e9s a k\u00fcl\u00f6nb\u00f6z\u0151 hull\u00e1mhossz\u00fas\u00e1g\u00fa k\u00f6vetelm\u00e9nyekhez igaz\u00edthat\u00f3k, a m\u00e9ly ultraibolya (UV) \u00e9s az infrav\u00f6r\u00f6s (IR) alkalmaz\u00e1sok k\u00f6z\u00f6tt.<\/p>\n<hr data-start=\"1231\" data-end=\"1234\" \/>\n<h2 data-section-id=\"16yfqpq\" data-start=\"1236\" data-end=\"1260\"><img decoding=\"async\" class=\"alignright wp-image-2758\" src=\"https:\/\/www.fuyao-quartz.com\/wp-content\/uploads\/2026\/04\/Custom-Fused-Quartz-Plates-with-Through-Holes-4-300x300.png\" alt=\"Egyedi olvasztott kvarclemezek \u00e1tmen\u0151 lyukakkal\" width=\"286\" height=\"286\" srcset=\"https:\/\/www.fuyao-quartz.com\/wp-content\/uploads\/2026\/04\/Custom-Fused-Quartz-Plates-with-Through-Holes-4-300x300.png 300w, https:\/\/www.fuyao-quartz.com\/wp-content\/uploads\/2026\/04\/Custom-Fused-Quartz-Plates-with-Through-Holes-4-150x150.png 150w, https:\/\/www.fuyao-quartz.com\/wp-content\/uploads\/2026\/04\/Custom-Fused-Quartz-Plates-with-Through-Holes-4-768x768.png 768w, https:\/\/www.fuyao-quartz.com\/wp-content\/uploads\/2026\/04\/Custom-Fused-Quartz-Plates-with-Through-Holes-4-12x12.png 12w, https:\/\/www.fuyao-quartz.com\/wp-content\/uploads\/2026\/04\/Custom-Fused-Quartz-Plates-with-Through-Holes-4-600x600.png 600w, https:\/\/www.fuyao-quartz.com\/wp-content\/uploads\/2026\/04\/Custom-Fused-Quartz-Plates-with-Through-Holes-4-100x100.png 100w, https:\/\/www.fuyao-quartz.com\/wp-content\/uploads\/2026\/04\/Custom-Fused-Quartz-Plates-with-Through-Holes-4.png 1000w\" sizes=\"(max-width: 286px) 100vw, 286px\" \/>F\u0151 jellemz\u0151k<\/h2>\n<ul data-start=\"1262\" data-end=\"1765\">\n<li data-section-id=\"1axa1m2\" data-start=\"1262\" data-end=\"1340\">Ultra-nagy tisztas\u00e1g\u00fa kvarc (SiO\u2082 &gt; 99,9%), amely kiv\u00e1l\u00f3 optikai tisztas\u00e1got biztos\u00edt.<\/li>\n<li data-section-id=\"5faqt9\" data-start=\"1341\" data-end=\"1407\">Egyedi furatm\u00e9ret, poz\u00edci\u00f3 \u00e9s geometria a CAD-rajzok alapj\u00e1n<\/li>\n<li data-section-id=\"cv911c\" data-start=\"1408\" data-end=\"1472\">Kiv\u00e1l\u00f3 h\u0151\u00e1ll\u00f3s\u00e1g (ak\u00e1r 1100\u00b0C folyamatos haszn\u00e1lat)<\/li>\n<li data-section-id=\"mr67xq\" data-start=\"1473\" data-end=\"1534\">Rendk\u00edv\u00fcl alacsony h\u0151t\u00e1gul\u00e1s a m\u00e9retstabilit\u00e1s \u00e9rdek\u00e9ben<\/li>\n<li data-section-id=\"1j38b2o\" data-start=\"1535\" data-end=\"1590\">Magas k\u00e9miai ellen\u00e1ll\u00e1s (kiv\u00e9ve a hidrog\u00e9n-fluorosavat)<\/li>\n<li data-section-id=\"1ae6fco\" data-start=\"1591\" data-end=\"1649\">Optikai pol\u00edroz\u00e1s a prec\u00edzi\u00f3s alkalmaz\u00e1sokhoz<\/li>\n<li data-section-id=\"3w4enf\" data-start=\"1650\" data-end=\"1708\">Kompatibilis a tisztat\u00e9rrel \u00e9s a nagy tisztas\u00e1g\u00fa k\u00f6rnyezetekkel<\/li>\n<li data-section-id=\"12n18dz\" data-start=\"1709\" data-end=\"1765\">Szerkezeti \u00e9s optikai integr\u00e1ci\u00f3ra egyar\u00e1nt alkalmas<\/li>\n<\/ul>\n<hr data-start=\"1767\" data-end=\"1770\" \/>\n<h2 data-section-id=\"sim1wa\" data-start=\"1772\" data-end=\"1799\">Anyagoszt\u00e1lyok<\/h2>\n<h3 data-section-id=\"1e4slao\" data-start=\"1801\" data-end=\"1835\">JGS1 - UV min\u0151s\u00e9g\u0171 olvasztott szil\u00edcium-dioxid<\/h3>\n<p data-start=\"1836\" data-end=\"2071\">A JGS1 kiv\u00e1l\u00f3 \u00e1tereszt\u0151k\u00e9pess\u00e9get biztos\u00edt 185 nm \u00e9s 2500 nm k\u00f6z\u00f6tt, \u00edgy ide\u00e1lis m\u00e9ly UV alkalmaz\u00e1sokhoz, p\u00e9ld\u00e1ul litogr\u00e1fi\u00e1hoz, UV-l\u00e9zerekhez \u00e9s nagy energi\u00e1j\u00fa optikai rendszerekhez. Nagyon alacsony hidroxil (OH-) tartalommal \u00e9s minim\u00e1lis kett\u0151st\u00f6r\u00e9ssel rendelkezik.<\/p>\n<h3 data-section-id=\"z3oyrd\" data-start=\"2073\" data-end=\"2106\">JGS2 - Optikai min\u0151s\u00e9g\u0171 kvarc<\/h3>\n<p data-start=\"2107\" data-end=\"2282\">A JGS2-t sz\u00e9les k\u00f6rben haszn\u00e1lj\u00e1k l\u00e1that\u00f3 \u00e9s k\u00f6zeli infrav\u00f6r\u00f6s alkalmaz\u00e1sokhoz (260-2500 nm). Nagy optikai egyenletess\u00e9get biztos\u00edt, \u00e9s k\u00f6lts\u00e9ghat\u00e9kony megold\u00e1s az \u00e1ltal\u00e1nos optikai rendszerekhez.<\/p>\n<h3 data-section-id=\"1xbm0q2\" data-start=\"2284\" data-end=\"2318\">JGS3 - Infrav\u00f6r\u00f6s kvarc\u00fcveg<\/h3>\n<p data-start=\"2319\" data-end=\"2493\">A JGS3 infrav\u00f6r\u00f6s alkalmaz\u00e1sokra \u00e9s ipari felhaszn\u00e1l\u00e1sra optimaliz\u00e1lt. B\u00e1r a m\u00e9ly UV tartom\u00e1nyban alacsonyabb az \u00e1tereszt\u0151k\u00e9pess\u00e9ge, j\u00f3l teljes\u00edt a termikus \u00e9s az IR-hez kapcsol\u00f3d\u00f3 k\u00f6rnyezetekben.<\/p>\n<p data-start=\"2319\" data-end=\"2493\"><img decoding=\"async\" class=\"wp-image-2760 size-full aligncenter\" src=\"https:\/\/www.fuyao-quartz.com\/wp-content\/uploads\/2026\/04\/20250620152843_73372.png\" alt=\"\" width=\"680\" height=\"356\" srcset=\"https:\/\/www.fuyao-quartz.com\/wp-content\/uploads\/2026\/04\/20250620152843_73372.png 680w, https:\/\/www.fuyao-quartz.com\/wp-content\/uploads\/2026\/04\/20250620152843_73372-300x157.png 300w, https:\/\/www.fuyao-quartz.com\/wp-content\/uploads\/2026\/04\/20250620152843_73372-18x9.png 18w, https:\/\/www.fuyao-quartz.com\/wp-content\/uploads\/2026\/04\/20250620152843_73372-600x314.png 600w\" sizes=\"(max-width: 680px) 100vw, 680px\" \/><\/p>\n<hr data-start=\"2495\" data-end=\"2498\" \/>\n<h2 data-section-id=\"10i1aaf\" data-start=\"2500\" data-end=\"2533\">Gy\u00e1rt\u00e1si folyamat<\/h2>\n<p data-start=\"2535\" data-end=\"2648\">Az egyedi olvasztott kvarclemezek gy\u00e1rt\u00e1sa szigor\u00fa folyamatellen\u0151rz\u00e9st ig\u00e9nyel a pontoss\u00e1g \u00e9s a k\u00f6vetkezetess\u00e9g biztos\u00edt\u00e1sa \u00e9rdek\u00e9ben:<\/p>\n<p data-start=\"2650\" data-end=\"2768\">1. Anyag kiv\u00e1laszt\u00e1sa<br data-start=\"2675\" data-end=\"2678\" \/>A nagy tisztas\u00e1g\u00fa kvarc ingotokat az alkalmaz\u00e1si k\u00f6vetelm\u00e9nyeknek megfelel\u0151en v\u00e1lasztj\u00e1k ki \u00e9s k\u00e9sz\u00edtik el.<\/p>\n<p data-start=\"2770\" data-end=\"2918\">2. Prec\u00edzi\u00f3s v\u00e1g\u00e1s \u00e9s alak\u00edt\u00e1s<br data-start=\"2804\" data-end=\"2807\" \/>Az egyedi m\u00e9retek \u00e9s geometri\u00e1k el\u00e9r\u00e9s\u00e9hez fejlett CNC megmunk\u00e1l\u00e1st, v\u00edzsugaras v\u00e1g\u00e1st vagy l\u00e9zerv\u00e1g\u00e1st alkalmazunk.<\/p>\n<p data-start=\"2920\" data-end=\"3127\">3. F\u00far\u00e1s<br data-start=\"2940\" data-end=\"2943\" \/>Az \u00e1tmen\u0151 furatokat speci\u00e1lis technik\u00e1kkal, p\u00e9ld\u00e1ul ultrahangos f\u00far\u00e1ssal, CO\u2082 l\u00e9zerf\u00far\u00e1ssal vagy mechanikus f\u00far\u00e1ssal hozz\u00e1k l\u00e9tre, a t\u0171r\u00e9shat\u00e1rt\u00f3l \u00e9s a fel\u00fcleti min\u0151s\u00e9gre vonatkoz\u00f3 k\u00f6vetelm\u00e9nyekt\u0151l f\u00fcgg\u0151en.<\/p>\n<p data-start=\"3129\" data-end=\"3337\">4. Fel\u00fcleti feldolgoz\u00e1s<br data-start=\"3154\" data-end=\"3157\" \/>Az optikai pol\u00edroz\u00e1st (egy- vagy k\u00e9toldalas) a nagy fel\u00fcleti simas\u00e1g \u00e9s az alacsony \u00e9rdess\u00e9g el\u00e9r\u00e9se \u00e9rdek\u00e9ben alkalmazz\u00e1k. Az \u00e9lkik\u00e9sz\u00edt\u00e9s, a ferd\u00edt\u00e9s \u00e9s a k\u00e9miai pol\u00edroz\u00e1s is rendelkez\u00e9sre \u00e1ll.<\/p>\n<p data-start=\"3339\" data-end=\"3523\">5. Tiszt\u00edt\u00e1s \u00e9s ellen\u0151rz\u00e9s<br data-start=\"3367\" data-end=\"3370\" \/>Minden alkatr\u00e9szt szigor\u00fa tiszt\u00edt\u00e1snak vetnek al\u00e1 ellen\u0151rz\u00f6tt k\u00f6rnyezetben, \u00e9s ellen\u0151rzik a m\u00e9retpontoss\u00e1got, a fel\u00fcleti min\u0151s\u00e9get \u00e9s az optikai teljes\u00edtm\u00e9nyt.<\/p>\n<hr data-start=\"3525\" data-end=\"3528\" \/>\n<h2 data-section-id=\"1vt21ys\" data-start=\"3530\" data-end=\"3565\">M\u0171szaki specifik\u00e1ci\u00f3k\uff08\u53c2\u6570\u8868\uff09\uff08\u53c2\u6570\u8868\uff09<\/h2>\n<div class=\"TyagGW_tableContainer\">\n<div class=\"group TyagGW_tableWrapper flex flex-col-reverse w-fit\" tabindex=\"-1\">\n<table class=\"w-fit min-w-(--thread-content-width)\" data-start=\"3567\" data-end=\"4087\">\n<thead data-start=\"3567\" data-end=\"3595\">\n<tr data-start=\"3567\" data-end=\"3595\">\n<th class=\"\" data-start=\"3567\" data-end=\"3578\" data-col-size=\"sm\">Ingatlan<\/th>\n<th class=\"\" data-start=\"3578\" data-end=\"3595\" data-col-size=\"sm\">Tipikus \u00e9rt\u00e9k<\/th>\n<\/tr>\n<\/thead>\n<tbody data-start=\"3624\" data-end=\"4087\">\n<tr data-start=\"3624\" data-end=\"3653\">\n<td data-start=\"3624\" data-end=\"3635\" data-col-size=\"sm\">\u00c1tm\u00e9r\u0151<\/td>\n<td data-col-size=\"sm\" data-start=\"3635\" data-end=\"3653\">10 mm - 600 mm<\/td>\n<\/tr>\n<tr data-start=\"3654\" data-end=\"3682\">\n<td data-start=\"3654\" data-end=\"3663\" data-col-size=\"sm\">Hossz\u00fas\u00e1g<\/td>\n<td data-col-size=\"sm\" data-start=\"3663\" data-end=\"3682\">10 mm - 1000 mm<\/td>\n<\/tr>\n<tr data-start=\"3683\" data-end=\"3710\">\n<td data-start=\"3683\" data-end=\"3691\" data-col-size=\"sm\">Sz\u00e9less\u00e9g<\/td>\n<td data-col-size=\"sm\" data-start=\"3691\" data-end=\"3710\">10 mm - 1000 mm<\/td>\n<\/tr>\n<tr data-start=\"3711\" data-end=\"3741\">\n<td data-start=\"3711\" data-end=\"3723\" data-col-size=\"sm\">Vastags\u00e1g<\/td>\n<td data-col-size=\"sm\" data-start=\"3723\" data-end=\"3741\">0,5 mm - 60 mm<\/td>\n<\/tr>\n<tr data-start=\"3742\" data-end=\"3782\">\n<td data-start=\"3742\" data-end=\"3753\" data-col-size=\"sm\">Anyag<\/td>\n<td data-col-size=\"sm\" data-start=\"3753\" data-end=\"3782\">Nagy tisztas\u00e1g\u00fa SiO\u2082 (&gt;99,9%)<\/td>\n<\/tr>\n<tr data-start=\"3783\" data-end=\"3812\">\n<td data-start=\"3783\" data-end=\"3793\" data-col-size=\"sm\">S\u0171r\u0171s\u00e9g<\/td>\n<td data-col-size=\"sm\" data-start=\"3793\" data-end=\"3812\">2,2 \u00d7 10\u00b3 kg\/m\u00b3<\/td>\n<\/tr>\n<tr data-start=\"3813\" data-end=\"3844\">\n<td data-start=\"3813\" data-end=\"3824\" data-col-size=\"sm\">Kem\u00e9nys\u00e9g<\/td>\n<td data-col-size=\"sm\" data-start=\"3824\" data-end=\"3844\">5,3 - 6,5 (Mohs)<\/td>\n<\/tr>\n<tr data-start=\"3845\" data-end=\"3885\">\n<td data-start=\"3845\" data-end=\"3868\" data-col-size=\"sm\">Nyom\u00f3szil\u00e1rds\u00e1g<\/td>\n<td data-col-size=\"sm\" data-start=\"3868\" data-end=\"3885\">\uff1e1,1 \u00d7 10\u2079 Pa<\/td>\n<\/tr>\n<tr data-start=\"3886\" data-end=\"3923\">\n<td data-start=\"3886\" data-end=\"3906\" data-col-size=\"sm\">H\u0151t\u00e1gul\u00e1s<\/td>\n<td data-col-size=\"sm\" data-start=\"3906\" data-end=\"3923\">5.5 \u00d7 10-\u2077 \/\u2103<\/td>\n<\/tr>\n<tr data-start=\"3924\" data-end=\"3964\">\n<td data-start=\"3924\" data-end=\"3955\" data-col-size=\"sm\">Maxim\u00e1lis h\u0151m\u00e9rs\u00e9klet (r\u00f6vid t\u00e1von)<\/td>\n<td data-col-size=\"sm\" data-start=\"3955\" data-end=\"3964\">1200\u2103<\/td>\n<\/tr>\n<tr data-start=\"3965\" data-end=\"4004\">\n<td data-start=\"3965\" data-end=\"3995\" data-col-size=\"sm\">Maxim\u00e1lis h\u0151m\u00e9rs\u00e9klet (hossz\u00fa t\u00e1v\u00fa)<\/td>\n<td data-col-size=\"sm\" data-start=\"3995\" data-end=\"4004\">1100\u2103<\/td>\n<\/tr>\n<tr data-start=\"4005\" data-end=\"4032\">\n<td data-start=\"4005\" data-end=\"4023\" data-col-size=\"sm\">L\u00e1gyul\u00e1si pont<\/td>\n<td data-col-size=\"sm\" data-start=\"4023\" data-end=\"4032\">1730\u2103<\/td>\n<\/tr>\n<tr data-start=\"4033\" data-end=\"4062\">\n<td data-start=\"4033\" data-end=\"4052\" data-col-size=\"sm\">T\u00f6r\u00e9smutat\u00f3<\/td>\n<td data-col-size=\"sm\" data-start=\"4052\" data-end=\"4062\">1.4585<\/td>\n<\/tr>\n<tr data-start=\"4063\" data-end=\"4087\">\n<td data-start=\"4063\" data-end=\"4079\" data-col-size=\"sm\">Transzmittancia<\/td>\n<td data-col-size=\"sm\" data-start=\"4079\" data-end=\"4087\">\u226585%<\/td>\n<\/tr>\n<\/tbody>\n<\/table>\n<\/div>\n<\/div>\n<hr data-start=\"4089\" data-end=\"4092\" \/>\n<h2 data-section-id=\"rp9ojj\" data-start=\"4094\" data-end=\"4118\">Alkalmaz\u00e1sok<\/h2>\n<p data-start=\"4120\" data-end=\"4293\">A mechanikai szil\u00e1rds\u00e1g, az optikai tisztas\u00e1g \u00e9s a szerkezeti testreszabhat\u00f3s\u00e1g egyed\u00fcl\u00e1ll\u00f3 kombin\u00e1ci\u00f3j\u00e1nak k\u00f6sz\u00f6nhet\u0151en ezeket a kvarclapokat sz\u00e9les k\u00f6rben haszn\u00e1lj\u00e1k sz\u00e1mos ipar\u00e1gban:<\/p>\n<h3 data-section-id=\"127s61j\" data-start=\"4295\" data-end=\"4323\">F\u00e9lvezet\u0151 ipar<\/h3>\n<p data-start=\"4324\" data-end=\"4513\">Ostyatart\u00f3k\u00e9nt, g\u00e1zeloszt\u00f3 lemezk\u00e9nt (zuhanyfejek), valamint marat\u00e1si \u00e9s lev\u00e1laszt\u00e1si rendszerek szerkezeti elemeik\u00e9nt haszn\u00e1lj\u00e1k. Nagy tisztas\u00e1guk biztos\u00edtja a tisztaszobai folyamatokkal val\u00f3 kompatibilit\u00e1st.<\/p>\n<h3 data-section-id=\"fov9jx\" data-start=\"4515\" data-end=\"4552\">Mikrofluidika \u00e9s \u00e9lettudom\u00e1nyok<\/h3>\n<p data-start=\"4553\" data-end=\"4669\">A prec\u00edzi\u00f3san f\u00fart lyukak lehet\u0151v\u00e9 teszik a folyad\u00e9kszab\u00e1lyoz\u00e1st a mikrofluidikai chipekben, a lab-on-chip eszk\u00f6z\u00f6kben \u00e9s az analitikai m\u0171szerekben.<\/p>\n<h3 data-section-id=\"oe8bok\" data-start=\"4671\" data-end=\"4697\">Optika \u00e9s fotonika<\/h3>\n<p data-start=\"4698\" data-end=\"4828\">Optikai maszkokban, apert\u00far\u00e1kban, l\u00e9zerablakokban \u00e9s sug\u00e1rigaz\u00edt\u00f3 rendszerekben alkalmazz\u00e1k, ahol nagy \u00e1tereszt\u0151k\u00e9pess\u00e9gre \u00e9s stabilit\u00e1sra van sz\u00fcks\u00e9g.<\/p>\n<h3 data-section-id=\"tmu20s\" data-start=\"4830\" data-end=\"4855\">Tudom\u00e1nyos kutat\u00e1s<\/h3>\n<p data-start=\"4856\" data-end=\"4996\">Egyedi reakci\u00f3kamr\u00e1kban, magas h\u0151m\u00e9rs\u00e9klet\u0171 k\u00eds\u00e9rletekben \u00e9s korr\u00f3zi\u00f3s k\u00f6rnyezetben haszn\u00e1latos, ahol a szabv\u00e1nyos anyagok nem k\u00e9pesek megb\u00edzhat\u00f3an m\u0171k\u00f6dni.<\/p>\n<h3 data-section-id=\"kx9m10\" data-start=\"4998\" data-end=\"5041\">Vegyipari \u00e9s gy\u00f3gyszeripari berendez\u00e9sek<\/h3>\n<p data-start=\"5042\" data-end=\"5163\">Ide\u00e1lis \u00e1raml\u00e1si reaktorokhoz, mintavev\u0151 rendszerekhez \u00e9s UV\/IR spektroszk\u00f3piai cell\u00e1khoz, amelyek k\u00e9miai ellen\u00e1ll\u00e1st \u00e9s optikai hozz\u00e1f\u00e9r\u00e9st ig\u00e9nyelnek.<\/p>\n<hr data-start=\"5165\" data-end=\"5168\" \/>\n<h2 data-section-id=\"78ajvy\" data-start=\"5170\" data-end=\"5184\">GYIK<\/h2>\n<p data-start=\"5186\" data-end=\"5362\">1. k\u00e9rd\u00e9s: A lyukak m\u00e9rete \u00e9s poz\u00edci\u00f3ja teljesen testre szabhat\u00f3?<br data-start=\"5241\" data-end=\"5244\" \/>Igen, minden m\u00e9ret, bele\u00e9rtve a furatok \u00e1tm\u00e9r\u0151j\u00e9t (0,1-20 mm), poz\u00edci\u00f3j\u00e1t \u00e9s elrendez\u00e9s\u00e9t, testre szabhat\u00f3 a CAD-rajzok alapj\u00e1n.<\/p>\n<p data-start=\"5364\" data-end=\"5581\">2. k\u00e9rd\u00e9s: Mi a k\u00fcl\u00f6nbs\u00e9g a JGS1 \u00e9s a JGS2 k\u00f6z\u00f6tt?<br data-start=\"5417\" data-end=\"5420\" \/>A JGS1-et m\u00e9ly UV alkalmaz\u00e1sokhoz tervezt\u00e9k, nagyobb tisztas\u00e1ggal, m\u00edg a JGS2 alkalmasabb l\u00e1that\u00f3 \u00e9s k\u00f6zeli infrav\u00f6r\u00f6s alkalmaz\u00e1sokhoz, jobb k\u00f6lts\u00e9ghat\u00e9konys\u00e1ggal.<\/p>\n<p data-start=\"5583\" data-end=\"5736\">3. k\u00e9rd\u00e9s: Ezek a kvarclemezek k\u00e9miailag ellen\u00e1ll\u00f3ak?<br data-start=\"5636\" data-end=\"5639\" \/>Igen, az olvasztott kvarc nagyon ellen\u00e1ll\u00f3 a legt\u00f6bb savval \u00e9s vegyszerrel szemben, kiv\u00e9ve a fluorv\u00edztelen\u00edt\u0151 savat (HF).<\/p>\n<p data-start=\"5738\" data-end=\"5873\">4. k\u00e9rd\u00e9s: Lehet t\u00f6bb lyukat vagy \u00f6sszetett form\u00e1kat k\u00e9sz\u00edteni?<br data-start=\"5795\" data-end=\"5798\" \/>Igen, a t\u00f6bbfuratos kialak\u00edt\u00e1sok, a ny\u00edl\u00e1sok \u00e9s az \u00f6sszetett geometri\u00e1k teljes m\u00e9rt\u00e9kben t\u00e1mogatottak.<\/p>","protected":false},"excerpt":{"rendered":"<p>Az egyedi olvasztott kvarclemezek \u00e1tmen\u0151 lyukakkal nagy pontoss\u00e1g\u00fa, rendk\u00edv\u00fcl nagy tisztas\u00e1g\u00fa szil\u00edcium-dioxidb\u00f3l (SiO\u2082 &gt; 99,9%) gy\u00e1rtott alkatr\u00e9szek. Ezeket a lemezeket kifejezetten olyan fejlett ipari \u00e9s tudom\u00e1nyos alkalmaz\u00e1sokhoz tervezt\u00e9k, ahol a h\u0151stabilit\u00e1s, a k\u00e9miai ellen\u00e1ll\u00e1s \u00e9s az optikai teljes\u00edtm\u00e9ny kritikus fontoss\u00e1g\u00fa.<\/p>","protected":false},"featured_media":2759,"comment_status":"open","ping_status":"closed","template":"","meta":{"site-sidebar-layout":"default","site-content-layout":"","ast-site-content-layout":"default","site-content-style":"default","site-sidebar-style":"default","ast-global-header-display":"","ast-banner-title-visibility":"","ast-main-header-display":"","ast-hfb-above-header-display":"","ast-hfb-below-header-display":"","ast-hfb-mobile-header-display":"","site-post-title":"","ast-breadcrumbs-content":"","ast-featured-img":"","footer-sml-layout":"","ast-disable-related-posts":"","theme-transparent-header-meta":"default","adv-header-id-meta":"","stick-header-meta":"default","header-above-stick-meta":"","header-main-stick-meta":"","header-below-stick-meta":"","astra-migrate-meta-layouts":"set","ast-page-background-enabled":"default","ast-page-background-meta":{"desktop":{"background-color":"var(--ast-global-color-4)","background-image":"","background-repeat":"repeat","background-position":"center center","background-size":"auto","background-attachment":"scroll","background-type":"","background-media":"","overlay-type":"","overlay-color":"","overlay-opacity":"","overlay-gradient":""},"tablet":{"background-color":"","background-image":"","background-repeat":"repeat","background-position":"center center","background-size":"auto","background-attachment":"scroll","background-type":"","background-media":"","overlay-type":"","overlay-color":"","overlay-opacity":"","overlay-gradient":""},"mobile":{"background-color":"","background-image":"","background-repeat":"repeat","background-position":"center center","background-size":"auto","background-attachment":"scroll","background-type":"","background-media":"","overlay-type":"","overlay-color":"","overlay-opacity":"","overlay-gradient":""}},"ast-content-background-meta":{"desktop":{"background-color":"var(--ast-global-color-5)","background-image":"","background-repeat":"repeat","background-position":"center center","background-size":"auto","background-attachment":"scroll","background-type":"","background-media":"","overlay-type":"","overlay-color":"","overlay-opacity":"","overlay-gradient":""},"tablet":{"background-color":"var(--ast-global-color-5)","background-image":"","background-repeat":"repeat","background-position":"center center","background-size":"auto","background-attachment":"scroll","background-type":"","background-media":"","overlay-type":"","overlay-color":"","overlay-opacity":"","overlay-gradient":""},"mobile":{"background-color":"var(--ast-global-color-5)","background-image":"","background-repeat":"repeat","background-position":"center center","background-size":"auto","background-attachment":"scroll","background-type":"","background-media":"","overlay-type":"","overlay-color":"","overlay-opacity":"","overlay-gradient":""}}},"product_brand":[],"product_cat":[150],"product_tag":[242,937,502,385,939,940,197,936,938,694],"class_list":{"0":"post-2755","1":"product","2":"type-product","3":"status-publish","4":"has-post-thumbnail","6":"product_cat-quartz-plate","7":"product_tag-custom-quartz-glass","8":"product_tag-drilled-quartz-substrate","9":"product_tag-fused-quartz-plate","10":"product_tag-fused-silica-plate","11":"product_tag-jgs-quartz","12":"product_tag-optical-quartz-components","13":"product_tag-optical-quartz-plate","14":"product_tag-quartz-plate-with-holes","15":"product_tag-quartz-wafer-plate","16":"product_tag-semiconductor-quartz-parts","17":"desktop-align-left","18":"tablet-align-left","19":"mobile-align-left","20":"ast-product-gallery-layout-horizontal","21":"ast-product-tabs-layout-horizontal","23":"first","24":"instock","25":"shipping-taxable","26":"product-type-simple"},"_links":{"self":[{"href":"https:\/\/www.fuyao-quartz.com\/hu\/wp-json\/wp\/v2\/product\/2755","targetHints":{"allow":["GET"]}}],"collection":[{"href":"https:\/\/www.fuyao-quartz.com\/hu\/wp-json\/wp\/v2\/product"}],"about":[{"href":"https:\/\/www.fuyao-quartz.com\/hu\/wp-json\/wp\/v2\/types\/product"}],"replies":[{"embeddable":true,"href":"https:\/\/www.fuyao-quartz.com\/hu\/wp-json\/wp\/v2\/comments?post=2755"}],"version-history":[{"count":2,"href":"https:\/\/www.fuyao-quartz.com\/hu\/wp-json\/wp\/v2\/product\/2755\/revisions"}],"predecessor-version":[{"id":2762,"href":"https:\/\/www.fuyao-quartz.com\/hu\/wp-json\/wp\/v2\/product\/2755\/revisions\/2762"}],"wp:featuredmedia":[{"embeddable":true,"href":"https:\/\/www.fuyao-quartz.com\/hu\/wp-json\/wp\/v2\/media\/2759"}],"wp:attachment":[{"href":"https:\/\/www.fuyao-quartz.com\/hu\/wp-json\/wp\/v2\/media?parent=2755"}],"wp:term":[{"taxonomy":"product_brand","embeddable":true,"href":"https:\/\/www.fuyao-quartz.com\/hu\/wp-json\/wp\/v2\/product_brand?post=2755"},{"taxonomy":"product_cat","embeddable":true,"href":"https:\/\/www.fuyao-quartz.com\/hu\/wp-json\/wp\/v2\/product_cat?post=2755"},{"taxonomy":"product_tag","embeddable":true,"href":"https:\/\/www.fuyao-quartz.com\/hu\/wp-json\/wp\/v2\/product_tag?post=2755"}],"curies":[{"name":"wp","href":"https:\/\/api.w.org\/{rel}","templated":true}]}}