{"id":2793,"date":"2026-04-28T07:20:30","date_gmt":"2026-04-28T07:20:30","guid":{"rendered":"https:\/\/www.fuyao-quartz.com\/?post_type=product&#038;p=2793"},"modified":"2026-04-28T07:20:33","modified_gmt":"2026-04-28T07:20:33","slug":"sapphire-tubes-high-purity-single-crystal-al%e2%82%82o%e2%82%83-for-high-temperature-and-optical-use","status":"publish","type":"product","link":"https:\/\/www.fuyao-quartz.com\/fr\/product\/sapphire-tubes-high-purity-single-crystal-al%e2%82%82o%e2%82%83-for-high-temperature-and-optical-use\/","title":{"rendered":"Tubes saphir Al\u2082O\u2083 monocristallin de haute puret\u00e9 pour utilisation optique et \u00e0 haute temp\u00e9rature"},"content":{"rendered":"<p data-start=\"171\" data-end=\"579\"><img fetchpriority=\"high\" decoding=\"async\" class=\"wp-image-2798 alignright\" src=\"https:\/\/www.fuyao-quartz.com\/wp-content\/uploads\/2026\/04\/Sapphire-Tubes-High-Purity-Single-Crystal-Al\u2082O\u2083-pour-Haute-Temp\u00e9rature-et-Utilisation-Optique-2-1-300x300.png\" alt=\"\" width=\"279\" height=\"279\" srcset=\"\" sizes=\"(max-width: 279px) 100vw, 279px\" data-srcset=\"\" \/>Les tubes saphir sont des composants tubulaires avanc\u00e9s fabriqu\u00e9s \u00e0 partir d'oxyde d'aluminium monocristallin de haute puret\u00e9 (<span class=\"hover:entity-accent entity-underline inline cursor-pointer align-baseline\"><span class=\"whitespace-normal\">Saphir (monocristal d'Al\u2082O\u2083)<\/span><\/span>). Combinant une r\u00e9sistance m\u00e9canique exceptionnelle, une r\u00e9sistance thermique extr\u00eame et une grande transparence optique, les tubes en saphir sont largement utilis\u00e9s dans des environnements exigeants o\u00f9 les mat\u00e9riaux conventionnels tels que le quartz, le verre ou l'alumine ne peuvent pas r\u00e9pondre aux exigences de performance.<\/p>\n<p data-start=\"581\" data-end=\"900\">Gr\u00e2ce \u00e0 leur structure cristalline unique, les tubes en saphir offrent une durabilit\u00e9 sup\u00e9rieure, une inertie chimique et une stabilit\u00e9 dimensionnelle, m\u00eame dans des conditions d'utilisation difficiles. Ces propri\u00e9t\u00e9s en font un mat\u00e9riau essentiel dans le traitement des semi-conducteurs, les fours \u00e0 haute temp\u00e9rature, les syst\u00e8mes optiques et l'instrumentation analytique.<\/p>\n<hr data-start=\"902\" data-end=\"905\" \/>\n<h2 data-section-id=\"1yz4sp2\" data-start=\"907\" data-end=\"927\">Avantages principaux<\/h2>\n<h3 data-section-id=\"y8ctbf\" data-start=\"929\" data-end=\"968\"><img decoding=\"async\" class=\"wp-image-2799 alignright\" src=\"https:\/\/www.fuyao-quartz.com\/wp-content\/uploads\/2026\/04\/Sapphire-Tubes-High-Purity-Single-Crystal-Al\u2082O\u2083-pour-Haute-Temp\u00e9rature-et-Utilisation-Optique-1-1-300x300.png\" alt=\"\" width=\"268\" height=\"268\" srcset=\"\" sizes=\"(max-width: 268px) 100vw, 268px\" data-srcset=\"\" \/>1. R\u00e9sistance thermique exceptionnelle<\/h3>\n<p data-start=\"969\" data-end=\"1304\">Le saphir a un point de fusion d'environ 2050\u00b0C et conserve une excellente stabilit\u00e9 structurelle \u00e0 des temp\u00e9ratures extr\u00eames. Les tubes en saphir peuvent fonctionner en continu dans des environnements \u00e0 haute temp\u00e9rature (jusqu'\u00e0 ~2000\u00b0C sous vide ou dans des atmosph\u00e8res inertes), ce qui les rend id\u00e9aux pour les syst\u00e8mes de fours, le traitement thermique et les applications \u00e0 haute \u00e9nergie.<\/p>\n<h3 data-section-id=\"10kmn1a\" data-start=\"1306\" data-end=\"1356\">2. R\u00e9sistance m\u00e9canique et duret\u00e9 sup\u00e9rieures<\/h3>\n<p data-start=\"1357\" data-end=\"1641\">Avec une duret\u00e9 Mohs de 9, le saphir est l'un des mat\u00e9riaux d'ing\u00e9nierie les plus durs qui soient. Les tubes en saphir pr\u00e9sentent une r\u00e9sistance exceptionnelle \u00e0 l'usure et aux rayures, ainsi qu'une longue dur\u00e9e de vie. Ils sont nettement plus performants que les tubes en quartz et en c\u00e9ramique dans les environnements abrasifs ou \u00e0 forte charge.<\/p>\n<h3 data-section-id=\"1ghoehn\" data-start=\"1643\" data-end=\"1678\">3. Transmission optique large<\/h3>\n<p data-start=\"1679\" data-end=\"1948\">Les tubes en saphir offrent une excellente transmission optique sur une large gamme spectrale, de l'ultraviolet (UV) \u00e0 l'infrarouge (IR) (environ 200-5000 nm). Ils conviennent donc aux tubes de protection optique, aux syst\u00e8mes laser, aux enveloppes de lampes et aux applications spectroscopiques.<\/p>\n<h3 data-section-id=\"1yihbeh\" data-start=\"1950\" data-end=\"1987\">4. Excellente stabilit\u00e9 chimique<\/h3>\n<p data-start=\"1988\" data-end=\"2201\">Le saphir est tr\u00e8s r\u00e9sistant aux acides, aux alcalis et aux gaz corrosifs. Il reste stable dans des environnements chimiques et plasmatiques agressifs, ce qui le rend adapt\u00e9 au traitement des semi-conducteurs et aux syst\u00e8mes d'analyse chimique.<\/p>\n<h3 data-section-id=\"ewkvkd\" data-start=\"2203\" data-end=\"2238\">5. Isolation \u00e9lectrique \u00e9lev\u00e9e<\/h3>\n<p data-start=\"2239\" data-end=\"2402\">En tant que mat\u00e9riau di\u00e9lectrique, le saphir offre d'excellentes propri\u00e9t\u00e9s d'isolation \u00e9lectrique, ce qui en fait un mat\u00e9riau id\u00e9al pour les syst\u00e8mes \u00e9lectroniques \u00e0 haute tension ou \u00e0 haute fr\u00e9quence.<\/p>\n<hr data-start=\"2404\" data-end=\"2407\" \/>\n<h2 data-section-id=\"58xi60\" data-start=\"2409\" data-end=\"2438\">Sp\u00e9cifications techniques<\/h2>\n<div class=\"TyagGW_tableContainer\">\n<div class=\"group TyagGW_tableWrapper flex flex-col-reverse w-fit\" tabindex=\"-1\">\n<table class=\"w-fit min-w-(--thread-content-width)\" data-start=\"2440\" data-end=\"2790\">\n<thead data-start=\"2440\" data-end=\"2469\">\n<tr data-start=\"2440\" data-end=\"2469\">\n<th class=\"\" data-start=\"2440\" data-end=\"2452\" data-col-size=\"sm\">Param\u00e8tres<\/th>\n<th class=\"\" data-start=\"2452\" data-end=\"2469\" data-col-size=\"sm\">Sp\u00e9cifications<\/th>\n<\/tr>\n<\/thead>\n<tbody data-start=\"2499\" data-end=\"2790\">\n<tr data-start=\"2499\" data-end=\"2545\">\n<td data-start=\"2499\" data-end=\"2510\" data-col-size=\"sm\">Mat\u00e9riau<\/td>\n<td data-col-size=\"sm\" data-start=\"2510\" data-end=\"2545\">Al\u2082O\u2083 monocristallin (saphir)<\/td>\n<\/tr>\n<tr data-start=\"2546\" data-end=\"2567\">\n<td data-start=\"2546\" data-end=\"2555\" data-col-size=\"sm\">La puret\u00e9<\/td>\n<td data-col-size=\"sm\" data-start=\"2555\" data-end=\"2567\">\u2265 99.99%<\/td>\n<\/tr>\n<tr data-start=\"2568\" data-end=\"2604\">\n<td data-start=\"2568\" data-end=\"2585\" data-col-size=\"sm\">Diam\u00e8tre ext\u00e9rieur<\/td>\n<td data-col-size=\"sm\" data-start=\"2585\" data-end=\"2604\">0,5 mm - 200 mm<\/td>\n<\/tr>\n<tr data-start=\"2605\" data-end=\"2641\">\n<td data-start=\"2605\" data-end=\"2622\" data-col-size=\"sm\">Diam\u00e8tre int\u00e9rieur<\/td>\n<td data-col-size=\"sm\" data-start=\"2622\" data-end=\"2641\">0,2 mm - 180 mm<\/td>\n<\/tr>\n<tr data-start=\"2642\" data-end=\"2668\">\n<td data-start=\"2642\" data-end=\"2651\" data-col-size=\"sm\">Longueur<\/td>\n<td data-col-size=\"sm\" data-start=\"2651\" data-end=\"2668\">Jusqu'\u00e0 1200 mm<\/td>\n<\/tr>\n<tr data-start=\"2669\" data-end=\"2709\">\n<td data-start=\"2669\" data-end=\"2692\" data-col-size=\"sm\">Transmission optique<\/td>\n<td data-col-size=\"sm\" data-start=\"2692\" data-end=\"2709\">200 - 5000 nm<\/td>\n<\/tr>\n<tr data-start=\"2710\" data-end=\"2768\">\n<td data-start=\"2710\" data-end=\"2732\" data-col-size=\"sm\">Temp\u00e9rature de fonctionnement<\/td>\n<td data-col-size=\"sm\" data-start=\"2732\" data-end=\"2768\">Jusqu'\u00e0 ~2000\u00b0C (vide\/gaz inerte)<\/td>\n<\/tr>\n<tr data-start=\"2769\" data-end=\"2790\">\n<td data-start=\"2769\" data-end=\"2780\" data-col-size=\"sm\">Duret\u00e9<\/td>\n<td data-col-size=\"sm\" data-start=\"2780\" data-end=\"2790\">Mohs 9<\/td>\n<\/tr>\n<\/tbody>\n<\/table>\n<\/div>\n<\/div>\n<hr data-start=\"2792\" data-end=\"2795\" \/>\n<h2 data-section-id=\"1svz4ra\" data-start=\"2797\" data-end=\"2822\">Applications typiques<\/h2>\n<h3 data-section-id=\"127s61j\" data-start=\"2824\" data-end=\"2852\">Industrie des semi-conducteurs<\/h3>\n<p data-start=\"2853\" data-end=\"2999\">Utilis\u00e9s comme tubes de traitement, manchons de protection, composants de manipulation des plaquettes et pi\u00e8ces isolantes dans les \u00e9quipements d'\u00e9pitaxie, de diffusion et de traitement au plasma.<\/p>\n<h3 data-section-id=\"bf6m2f\" data-start=\"3001\" data-end=\"3039\">Syst\u00e8mes de four \u00e0 haute temp\u00e9rature<\/h3>\n<p data-start=\"3040\" data-end=\"3160\">Largement utilis\u00e9s comme tubes de protection des thermocouples, tubes d'observation et composants structurels dans des environnements de chaleur extr\u00eame.<\/p>\n<h3 data-section-id=\"17dgta\" data-start=\"3162\" data-end=\"3193\">Syst\u00e8mes optiques et laser<\/h3>\n<p data-start=\"3194\" data-end=\"3311\">Utilis\u00e9 dans les tubes de protection laser, les chemins de transmission optique, les enveloppes de lampes et les assemblages optiques de haute pr\u00e9cision.<\/p>\n<h3 data-section-id=\"1qa6ips\" data-start=\"3313\" data-end=\"3356\">Instruments analytiques et scientifiques<\/h3>\n<p data-start=\"3357\" data-end=\"3483\">Utilis\u00e9 dans les syst\u00e8mes de spectroscopie, les chambres d'analyse chimique et les \u00e9quipements de laboratoire n\u00e9cessitant \u00e0 la fois transparence et durabilit\u00e9.<\/p>\n<h3 data-section-id=\"aw8mwu\" data-start=\"3485\" data-end=\"3528\">Applications industrielles et a\u00e9rospatiales<\/h3>\n<p data-start=\"3529\" data-end=\"3633\">Convient aux environnements difficiles impliquant des temp\u00e9ratures \u00e9lev\u00e9es, des contraintes m\u00e9caniques et des conditions corrosives.<\/p>\n<hr data-start=\"3635\" data-end=\"3638\" \/>\n<h2 data-section-id=\"f4a4hh\" data-start=\"3640\" data-end=\"3687\">Tubes KY vs EFG Sapphire (Principales diff\u00e9rences)<\/h2>\n<p data-start=\"3689\" data-end=\"3873\">Les tubes en saphir sont principalement fabriqu\u00e9s selon deux m\u00e9thodes : Kyropoulos (KY) et Edge-Defined Film-Fed Growth (EFG). Chacune pr\u00e9sente des avantages distincts en fonction des exigences de l'application.<\/p>\n<div class=\"TyagGW_tableContainer\">\n<div class=\"group TyagGW_tableWrapper flex flex-col-reverse w-fit\" tabindex=\"-1\">\n<table class=\"w-fit min-w-(--thread-content-width)\" data-start=\"3875\" data-end=\"4440\">\n<thead data-start=\"3875\" data-end=\"3924\">\n<tr data-start=\"3875\" data-end=\"3924\">\n<th class=\"\" data-start=\"3875\" data-end=\"3884\" data-col-size=\"sm\">Aspect<\/th>\n<th class=\"\" data-start=\"3884\" data-end=\"3903\" data-col-size=\"sm\">KY Sapphire Tube<\/th>\n<th class=\"\" data-start=\"3903\" data-end=\"3924\" data-col-size=\"sm\">EFG Sapphire Tube<\/th>\n<\/tr>\n<\/thead>\n<tbody data-start=\"3972\" data-end=\"4440\">\n<tr data-start=\"3972\" data-end=\"4064\">\n<td data-start=\"3972\" data-end=\"3995\" data-col-size=\"sm\">M\u00e9thode de fabrication<\/td>\n<td data-start=\"3995\" data-end=\"4030\" data-col-size=\"sm\">Fabriqu\u00e9 \u00e0 partir de cristal cultiv\u00e9 en masse<\/td>\n<td data-start=\"4030\" data-end=\"4064\" data-col-size=\"sm\">Croissance directe en forme de tube<\/td>\n<\/tr>\n<tr data-start=\"4065\" data-end=\"4130\">\n<td data-start=\"4065\" data-end=\"4083\" data-col-size=\"sm\">Qualit\u00e9 du cristal<\/td>\n<td data-start=\"4083\" data-end=\"4118\" data-col-size=\"sm\">Plus \u00e9lev\u00e9 (peu de d\u00e9fauts, peu de stress)<\/td>\n<td data-start=\"4118\" data-end=\"4130\" data-col-size=\"sm\">Mod\u00e9r\u00e9<\/td>\n<\/tr>\n<tr data-start=\"4131\" data-end=\"4187\">\n<td data-start=\"4131\" data-end=\"4153\" data-col-size=\"sm\">Performances optiques<\/td>\n<td data-start=\"4153\" data-end=\"4179\" data-col-size=\"sm\">\u0645\u0645\u062a\u0627\u0632 (grande uniformit\u00e9)<\/td>\n<td data-start=\"4179\" data-end=\"4187\" data-col-size=\"sm\">Bon<\/td>\n<\/tr>\n<tr data-start=\"4188\" data-end=\"4231\">\n<td data-start=\"4188\" data-end=\"4210\" data-col-size=\"sm\">R\u00e9sistance m\u00e9canique<\/td>\n<td data-start=\"4210\" data-end=\"4219\" data-col-size=\"sm\">Plus \u00e9lev\u00e9<\/td>\n<td data-start=\"4219\" data-end=\"4231\" data-col-size=\"sm\">Mod\u00e9r\u00e9<\/td>\n<\/tr>\n<tr data-start=\"4232\" data-end=\"4316\">\n<td data-start=\"4232\" data-end=\"4258\" data-col-size=\"sm\">Flexibilit\u00e9 dimensionnelle<\/td>\n<td data-start=\"4258\" data-end=\"4287\" data-col-size=\"sm\">\u00c9lev\u00e9e (usinage de pr\u00e9cision)<\/td>\n<td data-start=\"4287\" data-end=\"4316\" data-col-size=\"sm\">Limit\u00e9 par le processus de croissance<\/td>\n<\/tr>\n<tr data-start=\"4317\" data-end=\"4356\">\n<td data-start=\"4317\" data-end=\"4324\" data-col-size=\"sm\">Co\u00fbt<\/td>\n<td data-start=\"4324\" data-end=\"4333\" data-col-size=\"sm\">Plus \u00e9lev\u00e9<\/td>\n<td data-start=\"4333\" data-end=\"4356\" data-col-size=\"sm\">Plus rentable<\/td>\n<\/tr>\n<tr data-start=\"4357\" data-end=\"4440\">\n<td data-start=\"4357\" data-end=\"4371\" data-col-size=\"sm\">Utilisation typique<\/td>\n<td data-start=\"4371\" data-end=\"4404\" data-col-size=\"sm\">Optique haut de gamme, semi-conducteurs<\/td>\n<td data-start=\"4404\" data-end=\"4440\" data-col-size=\"sm\">Applications industrielles et g\u00e9n\u00e9rales<\/td>\n<\/tr>\n<\/tbody>\n<\/table>\n<\/div>\n<\/div>\n<p data-start=\"4442\" data-end=\"4456\"><strong data-start=\"4442\" data-end=\"4454\">R\u00e9sum\u00e9 :<\/strong><\/p>\n<ul data-start=\"4457\" data-end=\"4633\">\n<li data-section-id=\"1jqbj60\" data-start=\"4457\" data-end=\"4542\">Les tubes en saphir KY sont pr\u00e9f\u00e9r\u00e9s pour les applications de haute pr\u00e9cision et de haute performance.<\/li>\n<li data-section-id=\"wswut5\" data-start=\"4543\" data-end=\"4633\">Les tubes saphir EFG conviennent mieux aux applications industrielles \u00e0 grande \u00e9chelle et sensibles aux co\u00fbts.<\/li>\n<\/ul>\n<hr data-start=\"4635\" data-end=\"4638\" \/>\n<h2 data-section-id=\"b0ncmg\" data-start=\"4640\" data-end=\"4666\"><img decoding=\"async\" class=\"size-medium wp-image-2801 alignright\" src=\"https:\/\/www.fuyao-quartz.com\/wp-content\/uploads\/2026\/04\/Sapphire-Tubes-High-Purity-Single-Crystal-Al\u2082O\u2083-pour-la-haute-temp\u00e9rature-et-l&#039;optique-4-300x300.png\" alt=\"\" width=\"300\" height=\"300\" srcset=\"\" sizes=\"(max-width: 300px) 100vw, 300px\" data-srcset=\"\" \/>Options de personnalisation<\/h2>\n<p data-start=\"4668\" data-end=\"4749\">Les tubes en saphir peuvent \u00eatre personnalis\u00e9s pour r\u00e9pondre aux besoins d'applications sp\u00e9cifiques, notamment :<\/p>\n<ul data-start=\"4750\" data-end=\"5033\">\n<li data-section-id=\"1mgdjle\" data-start=\"4750\" data-end=\"4796\">Contr\u00f4le de la pr\u00e9cision des diam\u00e8tres ext\u00e9rieur et int\u00e9rieur<\/li>\n<li data-section-id=\"1yv7fkk\" data-start=\"4797\" data-end=\"4835\">Personnalisation de la longueur jusqu'\u00e0 1200 mm<\/li>\n<li data-section-id=\"v93hdo\" data-start=\"4836\" data-end=\"4893\">Finition de la surface : telle que cultiv\u00e9e, rectifi\u00e9e ou polie optiquement.<\/li>\n<li data-section-id=\"123oyaj\" data-start=\"4894\" data-end=\"4932\">Polissage simple ou double<\/li>\n<li data-section-id=\"ft1egz\" data-start=\"4933\" data-end=\"4979\">Orientation du cristal (axe C, axe A, etc.)<\/li>\n<li data-section-id=\"126dwpl\" data-start=\"4980\" data-end=\"5033\">Contr\u00f4le serr\u00e9 des tol\u00e9rances pour les applications critiques<\/li>\n<\/ul>\n<h2 data-section-id=\"x9bttf\" data-start=\"5549\" data-end=\"5557\">FAQ<\/h2>\n<p data-start=\"5559\" data-end=\"5812\"><strong data-start=\"5559\" data-end=\"5632\">Q1 : Quels sont les principaux avantages des tubes en saphir par rapport aux tubes en quartz ?<\/strong><br data-start=\"5632\" data-end=\"5635\" \/>A1 : Les tubes en saphir offrent une duret\u00e9 nettement plus \u00e9lev\u00e9e, une meilleure stabilit\u00e9 thermique, une r\u00e9sistance chimique sup\u00e9rieure et une transmission optique plus large, en particulier dans les environnements difficiles.<\/p>\n<p data-start=\"5814\" data-end=\"6054\"><strong data-start=\"5814\" data-end=\"5888\">Q2 : Les tubes en saphir peuvent-ils \u00eatre utilis\u00e9s dans des environnements \u00e0 tr\u00e8s haute temp\u00e9rature ?<\/strong><br data-start=\"5888\" data-end=\"5891\" \/>A2 : Oui. Les tubes en saphir peuvent fonctionner \u00e0 des temp\u00e9ratures avoisinant les 2000\u00b0C sous vide ou sous gaz inerte, ce qui les rend adapt\u00e9s aux applications thermiques extr\u00eames.<\/p>\n<p data-start=\"6056\" data-end=\"6283\" data-is-last-node=\"\" data-is-only-node=\"\"><strong data-start=\"6056\" data-end=\"6106\">Q3 : Quel est le meilleur tube saphir, KY ou EFG ?<\/strong><br data-start=\"6106\" data-end=\"6109\" \/>A3 : Les tubes saphir KY offrent une qualit\u00e9 de cristal sup\u00e9rieure et sont id\u00e9aux pour les applications haut de gamme, tandis que les tubes EFG sont plus \u00e9conomiques et conviennent \u00e0 une utilisation industrielle g\u00e9n\u00e9rale.<\/p>","protected":false},"excerpt":{"rendered":"<p>Les tubes en saphir repr\u00e9sentent une solution haut de gamme pour les applications n\u00e9cessitant une combinaison de r\u00e9sistance aux temp\u00e9ratures \u00e9lev\u00e9es, de transparence optique, de r\u00e9sistance m\u00e9canique et de stabilit\u00e9 chimique. Qu'ils soient utilis\u00e9s dans la fabrication de semi-conducteurs, les syst\u00e8mes optiques ou les environnements industriels extr\u00eames, les tubes en saphir offrent des performances fiables l\u00e0 o\u00f9 les mat\u00e9riaux traditionnels \u00e9chouent. Gr\u00e2ce aux options de fabrication KY et EFG, les utilisateurs peuvent choisir l'\u00e9quilibre optimal entre performance et co\u00fbt.<\/p>","protected":false},"featured_media":2801,"comment_status":"open","ping_status":"closed","template":"","meta":{"site-sidebar-layout":"default","site-content-layout":"","ast-site-content-layout":"default","site-content-style":"default","site-sidebar-style":"default","ast-global-header-display":"","ast-banner-title-visibility":"","ast-main-header-display":"","ast-hfb-above-header-display":"","ast-hfb-below-header-display":"","ast-hfb-mobile-header-display":"","site-post-title":"","ast-breadcrumbs-content":"","ast-featured-img":"","footer-sml-layout":"","ast-disable-related-posts":"","theme-transparent-header-meta":"default","adv-header-id-meta":"","stick-header-meta":"default","header-above-stick-meta":"","header-main-stick-meta":"","header-below-stick-meta":"","astra-migrate-meta-layouts":"set","ast-page-background-enabled":"default","ast-page-background-meta":{"desktop":{"background-color":"var(--ast-global-color-4)","background-image":"","background-repeat":"repeat","background-position":"center center","background-size":"auto","background-attachment":"scroll","background-type":"","background-media":"","overlay-type":"","overlay-color":"","overlay-opacity":"","overlay-gradient":""},"tablet":{"background-color":"","background-image":"","background-repeat":"repeat","background-position":"center center","background-size":"auto","background-attachment":"scroll","background-type":"","background-media":"","overlay-type":"","overlay-color":"","overlay-opacity":"","overlay-gradient":""},"mobile":{"background-color":"","background-image":"","background-repeat":"repeat","background-position":"center center","background-size":"auto","background-attachment":"scroll","background-type":"","background-media":"","overlay-type":"","overlay-color":"","overlay-opacity":"","overlay-gradient":""}},"ast-content-background-meta":{"desktop":{"background-color":"var(--ast-global-color-5)","background-image":"","background-repeat":"repeat","background-position":"center center","background-size":"auto","background-attachment":"scroll","background-type":"","background-media":"","overlay-type":"","overlay-color":"","overlay-opacity":"","overlay-gradient":""},"tablet":{"background-color":"var(--ast-global-color-5)","background-image":"","background-repeat":"repeat","background-position":"center center","background-size":"auto","background-attachment":"scroll","background-type":"","background-media":"","overlay-type":"","overlay-color":"","overlay-opacity":"","overlay-gradient":""},"mobile":{"background-color":"var(--ast-global-color-5)","background-image":"","background-repeat":"repeat","background-position":"center center","background-size":"auto","background-attachment":"scroll","background-type":"","background-media":"","overlay-type":"","overlay-color":"","overlay-opacity":"","overlay-gradient":""}}},"product_brand":[],"product_cat":[152],"product_tag":[969,983,984,989,974,972,976,985,970,975,988,987,971,973,980,978,982,967,966,981,968,977,979,986],"class_list":{"0":"post-2793","1":"product","2":"type-product","3":"status-publish","4":"has-post-thumbnail","6":"product_cat-sapphire","7":"product_tag-al2o3-tube","8":"product_tag-chemical-resistant-tube","9":"product_tag-corrosion-resistant-material","10":"product_tag-custom-sapphire-tube","11":"product_tag-edge-defined-film-fed-growth","12":"product_tag-efg-sapphire-tube","13":"product_tag-furnace-tube","14":"product_tag-high-hardness-ceramic","15":"product_tag-high-purity-sapphire","16":"product_tag-high-temperature-tube","17":"product_tag-industrial-sapphire","18":"product_tag-insulating-tube","19":"product_tag-ky-sapphire-tube","20":"product_tag-kyropoulos-sapphire","21":"product_tag-laser-tube","22":"product_tag-optical-sapphire-tube","23":"product_tag-plasma-resistant-tube","24":"product_tag-sapphire-tube","25":"product_tag-sapphire-tubes","26":"product_tag-semiconductor-process-tube","27":"product_tag-single-crystal-sapphire","28":"product_tag-thermocouple-protection-tube","29":"product_tag-uv-ir-transmission-tube","30":"product_tag-wear-resistant-tube","31":"desktop-align-left","32":"tablet-align-left","33":"mobile-align-left","34":"ast-product-gallery-layout-horizontal","35":"ast-product-tabs-layout-horizontal","37":"first","38":"instock","39":"shipping-taxable","40":"product-type-simple"},"_links":{"self":[{"href":"https:\/\/www.fuyao-quartz.com\/fr\/wp-json\/wp\/v2\/product\/2793","targetHints":{"allow":["GET"]}}],"collection":[{"href":"https:\/\/www.fuyao-quartz.com\/fr\/wp-json\/wp\/v2\/product"}],"about":[{"href":"https:\/\/www.fuyao-quartz.com\/fr\/wp-json\/wp\/v2\/types\/product"}],"replies":[{"embeddable":true,"href":"https:\/\/www.fuyao-quartz.com\/fr\/wp-json\/wp\/v2\/comments?post=2793"}],"version-history":[{"count":1,"href":"https:\/\/www.fuyao-quartz.com\/fr\/wp-json\/wp\/v2\/product\/2793\/revisions"}],"predecessor-version":[{"id":2802,"href":"https:\/\/www.fuyao-quartz.com\/fr\/wp-json\/wp\/v2\/product\/2793\/revisions\/2802"}],"wp:featuredmedia":[{"embeddable":true,"href":"https:\/\/www.fuyao-quartz.com\/fr\/wp-json\/wp\/v2\/media\/2801"}],"wp:attachment":[{"href":"https:\/\/www.fuyao-quartz.com\/fr\/wp-json\/wp\/v2\/media?parent=2793"}],"wp:term":[{"taxonomy":"product_brand","embeddable":true,"href":"https:\/\/www.fuyao-quartz.com\/fr\/wp-json\/wp\/v2\/product_brand?post=2793"},{"taxonomy":"product_cat","embeddable":true,"href":"https:\/\/www.fuyao-quartz.com\/fr\/wp-json\/wp\/v2\/product_cat?post=2793"},{"taxonomy":"product_tag","embeddable":true,"href":"https:\/\/www.fuyao-quartz.com\/fr\/wp-json\/wp\/v2\/product_tag?post=2793"}],"curies":[{"name":"wp","href":"https:\/\/api.w.org\/{rel}","templated":true}]}}