{"id":2755,"date":"2026-04-24T03:40:56","date_gmt":"2026-04-24T03:40:56","guid":{"rendered":"https:\/\/www.fuyao-quartz.com\/?post_type=product&#038;p=2755"},"modified":"2026-04-24T03:40:58","modified_gmt":"2026-04-24T03:40:58","slug":"custom-fused-quartz-plates-with-through-holes","status":"publish","type":"product","link":"https:\/\/www.fuyao-quartz.com\/fr\/product\/custom-fused-quartz-plates-with-through-holes\/","title":{"rendered":"Plaques de quartz fondu personnalis\u00e9es avec trous de passage"},"content":{"rendered":"<p data-start=\"253\" data-end=\"586\"><img fetchpriority=\"high\" decoding=\"async\" class=\"alignright wp-image-2756 size-medium\" src=\"https:\/\/www.fuyao-quartz.com\/wp-content\/uploads\/2026\/04\/Custom-Fused-Quartz-Plates-with-Through-Holes-2-300x300.png\" alt=\"Plaques de quartz fondu personnalis\u00e9es avec trous de passage\" width=\"300\" height=\"300\" srcset=\"https:\/\/www.fuyao-quartz.com\/wp-content\/uploads\/2026\/04\/Custom-Fused-Quartz-Plates-with-Through-Holes-2-300x300.png 300w, https:\/\/www.fuyao-quartz.com\/wp-content\/uploads\/2026\/04\/Custom-Fused-Quartz-Plates-with-Through-Holes-2-150x150.png 150w, https:\/\/www.fuyao-quartz.com\/wp-content\/uploads\/2026\/04\/Custom-Fused-Quartz-Plates-with-Through-Holes-2-768x768.png 768w, https:\/\/www.fuyao-quartz.com\/wp-content\/uploads\/2026\/04\/Custom-Fused-Quartz-Plates-with-Through-Holes-2-12x12.png 12w, https:\/\/www.fuyao-quartz.com\/wp-content\/uploads\/2026\/04\/Custom-Fused-Quartz-Plates-with-Through-Holes-2-600x600.png 600w, https:\/\/www.fuyao-quartz.com\/wp-content\/uploads\/2026\/04\/Custom-Fused-Quartz-Plates-with-Through-Holes-2-100x100.png 100w, https:\/\/www.fuyao-quartz.com\/wp-content\/uploads\/2026\/04\/Custom-Fused-Quartz-Plates-with-Through-Holes-2.png 1000w\" sizes=\"(max-width: 300px) 100vw, 300px\" \/>Les plaques de quartz fondu sur mesure avec trous traversants sont des composants techniques de haute pr\u00e9cision fabriqu\u00e9s \u00e0 partir de dioxyde de silicium de tr\u00e8s haute puret\u00e9 (SiO\u2082 &gt; 99,9%). Ces plaques sont sp\u00e9cialement con\u00e7ues pour des applications industrielles et scientifiques de pointe o\u00f9 la stabilit\u00e9 thermique, la r\u00e9sistance chimique et les performances optiques sont essentielles.<\/p>\n<p data-start=\"588\" data-end=\"1033\">Contrairement aux mat\u00e9riaux en verre standard, le quartz fondu offre une combinaison unique de faible dilatation thermique, de r\u00e9sistance aux temp\u00e9ratures \u00e9lev\u00e9es et de transmission optique \u00e9tendue, ce qui le rend id\u00e9al pour les semi-conducteurs, la photonique et les syst\u00e8mes de laboratoire. En int\u00e9grant des trous perc\u00e9s avec pr\u00e9cision, ces plaques de quartz permettent de contr\u00f4ler l'\u00e9coulement des fluides, la distribution des gaz ou l'alignement optique, les transformant de substrats passifs en composants de syst\u00e8mes fonctionnels.<\/p>\n<p data-start=\"1035\" data-end=\"1229\">Disponibles en plusieurs qualit\u00e9s telles que JGS1, JGS2 et JGS3, ces produits peuvent \u00eatre adapt\u00e9s pour r\u00e9pondre \u00e0 diff\u00e9rentes exigences en mati\u00e8re de longueur d'onde, de l'ultraviolet profond (UV) aux applications infrarouges (IR).<\/p>\n<hr data-start=\"1231\" data-end=\"1234\" \/>\n<h2 data-section-id=\"16yfqpq\" data-start=\"1236\" data-end=\"1260\"><img decoding=\"async\" class=\"alignright wp-image-2758\" src=\"https:\/\/www.fuyao-quartz.com\/wp-content\/uploads\/2026\/04\/Custom-Fused-Quartz-Plates-with-Through-Holes-4-300x300.png\" alt=\"Plaques de quartz fondu personnalis\u00e9es avec trous de passage\" width=\"286\" height=\"286\" srcset=\"https:\/\/www.fuyao-quartz.com\/wp-content\/uploads\/2026\/04\/Custom-Fused-Quartz-Plates-with-Through-Holes-4-300x300.png 300w, https:\/\/www.fuyao-quartz.com\/wp-content\/uploads\/2026\/04\/Custom-Fused-Quartz-Plates-with-Through-Holes-4-150x150.png 150w, https:\/\/www.fuyao-quartz.com\/wp-content\/uploads\/2026\/04\/Custom-Fused-Quartz-Plates-with-Through-Holes-4-768x768.png 768w, https:\/\/www.fuyao-quartz.com\/wp-content\/uploads\/2026\/04\/Custom-Fused-Quartz-Plates-with-Through-Holes-4-12x12.png 12w, https:\/\/www.fuyao-quartz.com\/wp-content\/uploads\/2026\/04\/Custom-Fused-Quartz-Plates-with-Through-Holes-4-600x600.png 600w, https:\/\/www.fuyao-quartz.com\/wp-content\/uploads\/2026\/04\/Custom-Fused-Quartz-Plates-with-Through-Holes-4-100x100.png 100w, https:\/\/www.fuyao-quartz.com\/wp-content\/uploads\/2026\/04\/Custom-Fused-Quartz-Plates-with-Through-Holes-4.png 1000w\" sizes=\"(max-width: 286px) 100vw, 286px\" \/>Caract\u00e9ristiques principales<\/h2>\n<ul data-start=\"1262\" data-end=\"1765\">\n<li data-section-id=\"1axa1m2\" data-start=\"1262\" data-end=\"1340\">Quartz de tr\u00e8s haute puret\u00e9 (SiO\u2082 &gt; 99,9%) garantissant une excellente clart\u00e9 optique<\/li>\n<li data-section-id=\"5faqt9\" data-start=\"1341\" data-end=\"1407\">Taille, position et g\u00e9om\u00e9trie des trous personnalis\u00e9es sur la base des dessins CAO<\/li>\n<li data-section-id=\"cv911c\" data-start=\"1408\" data-end=\"1472\">R\u00e9sistance thermique exceptionnelle (jusqu'\u00e0 1100\u00b0C en utilisation continue)<\/li>\n<li data-section-id=\"mr67xq\" data-start=\"1473\" data-end=\"1534\">Dilatation thermique extr\u00eamement faible pour une stabilit\u00e9 dimensionnelle<\/li>\n<li data-section-id=\"1j38b2o\" data-start=\"1535\" data-end=\"1590\">Haute r\u00e9sistance chimique (sauf acide fluorhydrique)<\/li>\n<li data-section-id=\"1ae6fco\" data-start=\"1591\" data-end=\"1649\">Polissage optique disponible pour les applications de pr\u00e9cision<\/li>\n<li data-section-id=\"3w4enf\" data-start=\"1650\" data-end=\"1708\">Compatible avec les salles blanches et les environnements de haute puret\u00e9<\/li>\n<li data-section-id=\"12n18dz\" data-start=\"1709\" data-end=\"1765\">Convient \u00e0 l'int\u00e9gration structurelle et optique<\/li>\n<\/ul>\n<hr data-start=\"1767\" data-end=\"1770\" \/>\n<h2 data-section-id=\"sim1wa\" data-start=\"1772\" data-end=\"1799\">Grades de mat\u00e9riaux<\/h2>\n<h3 data-section-id=\"1e4slao\" data-start=\"1801\" data-end=\"1835\">JGS1 - Silice fondue de qualit\u00e9 UV<\/h3>\n<p data-start=\"1836\" data-end=\"2071\">Le JGS1 offre une excellente transmission de 185 nm \u00e0 2500 nm, ce qui le rend id\u00e9al pour les applications UV profondes telles que la lithographie, les lasers UV et les syst\u00e8mes optiques \u00e0 haute \u00e9nergie. Il pr\u00e9sente une tr\u00e8s faible teneur en hydroxyle (OH-) et une bir\u00e9fringence minimale.<\/p>\n<h3 data-section-id=\"z3oyrd\" data-start=\"2073\" data-end=\"2106\">JGS2 - Quartz de qualit\u00e9 optique<\/h3>\n<p data-start=\"2107\" data-end=\"2282\">Le JGS2 est largement utilis\u00e9 pour les applications dans le visible et le proche infrarouge (260-2500 nm). Il offre une grande uniformit\u00e9 optique et constitue une solution rentable pour les syst\u00e8mes optiques g\u00e9n\u00e9raux.<\/p>\n<h3 data-section-id=\"1xbm0q2\" data-start=\"2284\" data-end=\"2318\">JGS3 - Verre quartz infrarouge<\/h3>\n<p data-start=\"2319\" data-end=\"2493\">Le JGS3 est optimis\u00e9 pour les applications infrarouges et l'utilisation industrielle. Bien que sa transmission soit plus faible dans la gamme des UV profonds, il donne de bons r\u00e9sultats dans les environnements thermiques et li\u00e9s aux IR.<\/p>\n<p data-start=\"2319\" data-end=\"2493\"><img decoding=\"async\" class=\"wp-image-2760 size-full aligncenter\" src=\"https:\/\/www.fuyao-quartz.com\/wp-content\/uploads\/2026\/04\/20250620152843_73372.png\" alt=\"\" width=\"680\" height=\"356\" srcset=\"https:\/\/www.fuyao-quartz.com\/wp-content\/uploads\/2026\/04\/20250620152843_73372.png 680w, https:\/\/www.fuyao-quartz.com\/wp-content\/uploads\/2026\/04\/20250620152843_73372-300x157.png 300w, https:\/\/www.fuyao-quartz.com\/wp-content\/uploads\/2026\/04\/20250620152843_73372-18x9.png 18w, https:\/\/www.fuyao-quartz.com\/wp-content\/uploads\/2026\/04\/20250620152843_73372-600x314.png 600w\" sizes=\"(max-width: 680px) 100vw, 680px\" \/><\/p>\n<hr data-start=\"2495\" data-end=\"2498\" \/>\n<h2 data-section-id=\"10i1aaf\" data-start=\"2500\" data-end=\"2533\">Processus de fabrication<\/h2>\n<p data-start=\"2535\" data-end=\"2648\">La production de plaques de quartz fondu sur mesure n\u00e9cessite un contr\u00f4le strict du processus afin de garantir la pr\u00e9cision et la coh\u00e9rence :<\/p>\n<p data-start=\"2650\" data-end=\"2768\">1. S\u00e9lection des mat\u00e9riaux<br data-start=\"2675\" data-end=\"2678\" \/>Les lingots de quartz de haute puret\u00e9 sont s\u00e9lectionn\u00e9s et pr\u00e9par\u00e9s en fonction des exigences de l'application.<\/p>\n<p data-start=\"2770\" data-end=\"2918\">2. Coupe et fa\u00e7onnage de pr\u00e9cision<br data-start=\"2804\" data-end=\"2807\" \/>L'usinage CNC avanc\u00e9, la d\u00e9coupe au jet d'eau ou la d\u00e9coupe au laser sont utilis\u00e9s pour obtenir des dimensions et des g\u00e9om\u00e9tries personnalis\u00e9es.<\/p>\n<p data-start=\"2920\" data-end=\"3127\">3. Per\u00e7age de trous<br data-start=\"2940\" data-end=\"2943\" \/>Les trous traversants sont cr\u00e9\u00e9s \u00e0 l'aide de techniques sp\u00e9cialis\u00e9es telles que le per\u00e7age par ultrasons, le per\u00e7age au laser CO\u2082 ou le per\u00e7age m\u00e9canique, en fonction des exigences en mati\u00e8re de tol\u00e9rance et de qualit\u00e9 de la surface.<\/p>\n<p data-start=\"3129\" data-end=\"3337\">4. Traitement de surface<br data-start=\"3154\" data-end=\"3157\" \/>Le polissage optique (simple face ou double face) permet d'obtenir une grande plan\u00e9it\u00e9 de la surface et une faible rugosit\u00e9. La finition des bords, le chanfreinage et le polissage chimique sont \u00e9galement disponibles.<\/p>\n<p data-start=\"3339\" data-end=\"3523\">5. Nettoyage et inspection<br data-start=\"3367\" data-end=\"3370\" \/>Tous les composants subissent un nettoyage rigoureux dans des environnements contr\u00f4l\u00e9s et sont inspect\u00e9s pour v\u00e9rifier la pr\u00e9cision des dimensions, la qualit\u00e9 de la surface et les performances optiques.<\/p>\n<hr data-start=\"3525\" data-end=\"3528\" \/>\n<h2 data-section-id=\"1vt21ys\" data-start=\"3530\" data-end=\"3565\">Sp\u00e9cifications techniques\uff08\u53c2\u6570\u8868\uff09<\/h2>\n<div class=\"TyagGW_tableContainer\">\n<div class=\"group TyagGW_tableWrapper flex flex-col-reverse w-fit\" tabindex=\"-1\">\n<table class=\"w-fit min-w-(--thread-content-width)\" data-start=\"3567\" data-end=\"4087\">\n<thead data-start=\"3567\" data-end=\"3595\">\n<tr data-start=\"3567\" data-end=\"3595\">\n<th class=\"\" data-start=\"3567\" data-end=\"3578\" data-col-size=\"sm\">Propri\u00e9t\u00e9<\/th>\n<th class=\"\" data-start=\"3578\" data-end=\"3595\" data-col-size=\"sm\">Valeur typique<\/th>\n<\/tr>\n<\/thead>\n<tbody data-start=\"3624\" data-end=\"4087\">\n<tr data-start=\"3624\" data-end=\"3653\">\n<td data-start=\"3624\" data-end=\"3635\" data-col-size=\"sm\">Diam\u00e8tre<\/td>\n<td data-col-size=\"sm\" data-start=\"3635\" data-end=\"3653\">10 mm - 600 mm<\/td>\n<\/tr>\n<tr data-start=\"3654\" data-end=\"3682\">\n<td data-start=\"3654\" data-end=\"3663\" data-col-size=\"sm\">Longueur<\/td>\n<td data-col-size=\"sm\" data-start=\"3663\" data-end=\"3682\">10 mm - 1000 mm<\/td>\n<\/tr>\n<tr data-start=\"3683\" data-end=\"3710\">\n<td data-start=\"3683\" data-end=\"3691\" data-col-size=\"sm\">Largeur<\/td>\n<td data-col-size=\"sm\" data-start=\"3691\" data-end=\"3710\">10 mm - 1000 mm<\/td>\n<\/tr>\n<tr data-start=\"3711\" data-end=\"3741\">\n<td data-start=\"3711\" data-end=\"3723\" data-col-size=\"sm\">\u00c9paisseur<\/td>\n<td data-col-size=\"sm\" data-start=\"3723\" data-end=\"3741\">0,5 mm - 60 mm<\/td>\n<\/tr>\n<tr data-start=\"3742\" data-end=\"3782\">\n<td data-start=\"3742\" data-end=\"3753\" data-col-size=\"sm\">Mat\u00e9riau<\/td>\n<td data-col-size=\"sm\" data-start=\"3753\" data-end=\"3782\">SiO\u2082 de haute puret\u00e9 (&gt;99.9%)<\/td>\n<\/tr>\n<tr data-start=\"3783\" data-end=\"3812\">\n<td data-start=\"3783\" data-end=\"3793\" data-col-size=\"sm\">Densit\u00e9<\/td>\n<td data-col-size=\"sm\" data-start=\"3793\" data-end=\"3812\">2,2 \u00d7 10\u00b3 kg\/m\u00b3<\/td>\n<\/tr>\n<tr data-start=\"3813\" data-end=\"3844\">\n<td data-start=\"3813\" data-end=\"3824\" data-col-size=\"sm\">Duret\u00e9<\/td>\n<td data-col-size=\"sm\" data-start=\"3824\" data-end=\"3844\">5,3 - 6,5 (Mohs)<\/td>\n<\/tr>\n<tr data-start=\"3845\" data-end=\"3885\">\n<td data-start=\"3845\" data-end=\"3868\" data-col-size=\"sm\">R\u00e9sistance \u00e0 la compression<\/td>\n<td data-col-size=\"sm\" data-start=\"3868\" data-end=\"3885\">\uff1e1.1 \u00d7 10\u2079 Pa<\/td>\n<\/tr>\n<tr data-start=\"3886\" data-end=\"3923\">\n<td data-start=\"3886\" data-end=\"3906\" data-col-size=\"sm\">Dilatation thermique<\/td>\n<td data-col-size=\"sm\" data-start=\"3906\" data-end=\"3923\">5.5 \u00d7 10-\u2077 \/\u2103<\/td>\n<\/tr>\n<tr data-start=\"3924\" data-end=\"3964\">\n<td data-start=\"3924\" data-end=\"3955\" data-col-size=\"sm\">Temp\u00e9rature maximale (court terme)<\/td>\n<td data-col-size=\"sm\" data-start=\"3955\" data-end=\"3964\">1200\u2103<\/td>\n<\/tr>\n<tr data-start=\"3965\" data-end=\"4004\">\n<td data-start=\"3965\" data-end=\"3995\" data-col-size=\"sm\">Temp\u00e9rature maximale (long terme)<\/td>\n<td data-col-size=\"sm\" data-start=\"3995\" data-end=\"4004\">1100\u2103<\/td>\n<\/tr>\n<tr data-start=\"4005\" data-end=\"4032\">\n<td data-start=\"4005\" data-end=\"4023\" data-col-size=\"sm\">Point d'adoucissement<\/td>\n<td data-col-size=\"sm\" data-start=\"4023\" data-end=\"4032\">1730\u2103<\/td>\n<\/tr>\n<tr data-start=\"4033\" data-end=\"4062\">\n<td data-start=\"4033\" data-end=\"4052\" data-col-size=\"sm\">Indice de r\u00e9fraction<\/td>\n<td data-col-size=\"sm\" data-start=\"4052\" data-end=\"4062\">1.4585<\/td>\n<\/tr>\n<tr data-start=\"4063\" data-end=\"4087\">\n<td data-start=\"4063\" data-end=\"4079\" data-col-size=\"sm\">Transmittance<\/td>\n<td data-col-size=\"sm\" data-start=\"4079\" data-end=\"4087\">\u226585%<\/td>\n<\/tr>\n<\/tbody>\n<\/table>\n<\/div>\n<\/div>\n<hr data-start=\"4089\" data-end=\"4092\" \/>\n<h2 data-section-id=\"rp9ojj\" data-start=\"4094\" data-end=\"4118\">Applications<\/h2>\n<p data-start=\"4120\" data-end=\"4293\">Gr\u00e2ce \u00e0 leur combinaison unique de r\u00e9sistance m\u00e9canique, de clart\u00e9 optique et de personnalisation structurelle, ces plaques de quartz sont largement utilis\u00e9es dans de nombreuses industries :<\/p>\n<h3 data-section-id=\"127s61j\" data-start=\"4295\" data-end=\"4323\">Industrie des semi-conducteurs<\/h3>\n<p data-start=\"4324\" data-end=\"4513\">Utilis\u00e9s comme supports de plaquettes, plaques de distribution de gaz (douchettes) et composants structurels dans les syst\u00e8mes de gravure et de d\u00e9p\u00f4t. Leur grande puret\u00e9 garantit leur compatibilit\u00e9 avec les processus de salle blanche.<\/p>\n<h3 data-section-id=\"fov9jx\" data-start=\"4515\" data-end=\"4552\">Microfluidique et sciences de la vie<\/h3>\n<p data-start=\"4553\" data-end=\"4669\">Les trous perc\u00e9s avec pr\u00e9cision permettent de contr\u00f4ler les fluides dans les puces microfluidiques, les dispositifs de laboratoire sur puce et les instruments d'analyse.<\/p>\n<h3 data-section-id=\"oe8bok\" data-start=\"4671\" data-end=\"4697\">Optique et photonique<\/h3>\n<p data-start=\"4698\" data-end=\"4828\">Utilis\u00e9 dans les masques optiques, les ouvertures, les fen\u00eatres laser et les syst\u00e8mes d'alignement de faisceaux o\u00f9 une transmission et une stabilit\u00e9 \u00e9lev\u00e9es sont requises.<\/p>\n<h3 data-section-id=\"tmu20s\" data-start=\"4830\" data-end=\"4855\">Recherche scientifique<\/h3>\n<p data-start=\"4856\" data-end=\"4996\">Utilis\u00e9 dans les chambres de r\u00e9action personnalis\u00e9es, les exp\u00e9riences \u00e0 haute temp\u00e9rature et les environnements corrosifs o\u00f9 les mat\u00e9riaux standard ne peuvent pas fonctionner de mani\u00e8re fiable.<\/p>\n<h3 data-section-id=\"kx9m10\" data-start=\"4998\" data-end=\"5041\">\u00c9quipements chimiques et pharmaceutiques<\/h3>\n<p data-start=\"5042\" data-end=\"5163\">Id\u00e9al pour les r\u00e9acteurs \u00e0 flux, les syst\u00e8mes d'\u00e9chantillonnage et les cellules de spectroscopie UV\/IR n\u00e9cessitant une r\u00e9sistance chimique et un acc\u00e8s optique.<\/p>\n<hr data-start=\"5165\" data-end=\"5168\" \/>\n<h2 data-section-id=\"78ajvy\" data-start=\"5170\" data-end=\"5184\">FAQ<\/h2>\n<p data-start=\"5186\" data-end=\"5362\">Q1 : La taille et la position des trous peuvent-elles \u00eatre enti\u00e8rement personnalis\u00e9es ?<br data-start=\"5241\" data-end=\"5244\" \/>Oui, toutes les dimensions, y compris le diam\u00e8tre du trou (0,1-20 mm), la position et la disposition peuvent \u00eatre personnalis\u00e9es sur la base des dessins CAO.<\/p>\n<p data-start=\"5364\" data-end=\"5581\">Q2 : Quelle est la diff\u00e9rence entre les JGS1 et les JGS2 ?<br data-start=\"5417\" data-end=\"5420\" \/>Le JGS1 est con\u00e7u pour les applications dans l'UV profond avec une puret\u00e9 plus \u00e9lev\u00e9e, tandis que le JGS2 est plus adapt\u00e9 aux applications dans le visible et le proche infrarouge avec un meilleur rapport co\u00fbt-efficacit\u00e9.<\/p>\n<p data-start=\"5583\" data-end=\"5736\">Q3 : Ces plaques de quartz sont-elles chimiquement r\u00e9sistantes ?<br data-start=\"5636\" data-end=\"5639\" \/>Oui, le quartz fondu est tr\u00e8s r\u00e9sistant \u00e0 la plupart des acides et des produits chimiques, \u00e0 l'exception de l'acide fluorhydrique (HF).<\/p>\n<p data-start=\"5738\" data-end=\"5873\">Q4 : Est-il possible de produire des trous multiples ou des formes complexes ?<br data-start=\"5795\" data-end=\"5798\" \/>Oui, les conceptions \u00e0 trous multiples, les fentes et les g\u00e9om\u00e9tries complexes sont enti\u00e8rement prises en charge.<\/p>","protected":false},"excerpt":{"rendered":"<p>Les plaques de quartz fondu sur mesure avec trous traversants sont des composants techniques de haute pr\u00e9cision fabriqu\u00e9s \u00e0 partir de dioxyde de silicium de tr\u00e8s haute puret\u00e9 (SiO\u2082 &gt; 99,9%). Ces plaques sont sp\u00e9cialement con\u00e7ues pour des applications industrielles et scientifiques de pointe o\u00f9 la stabilit\u00e9 thermique, la r\u00e9sistance chimique et les performances optiques sont essentielles.<\/p>","protected":false},"featured_media":2759,"comment_status":"open","ping_status":"closed","template":"","meta":{"site-sidebar-layout":"default","site-content-layout":"","ast-site-content-layout":"default","site-content-style":"default","site-sidebar-style":"default","ast-global-header-display":"","ast-banner-title-visibility":"","ast-main-header-display":"","ast-hfb-above-header-display":"","ast-hfb-below-header-display":"","ast-hfb-mobile-header-display":"","site-post-title":"","ast-breadcrumbs-content":"","ast-featured-img":"","footer-sml-layout":"","ast-disable-related-posts":"","theme-transparent-header-meta":"default","adv-header-id-meta":"","stick-header-meta":"default","header-above-stick-meta":"","header-main-stick-meta":"","header-below-stick-meta":"","astra-migrate-meta-layouts":"set","ast-page-background-enabled":"default","ast-page-background-meta":{"desktop":{"background-color":"var(--ast-global-color-4)","background-image":"","background-repeat":"repeat","background-position":"center center","background-size":"auto","background-attachment":"scroll","background-type":"","background-media":"","overlay-type":"","overlay-color":"","overlay-opacity":"","overlay-gradient":""},"tablet":{"background-color":"","background-image":"","background-repeat":"repeat","background-position":"center center","background-size":"auto","background-attachment":"scroll","background-type":"","background-media":"","overlay-type":"","overlay-color":"","overlay-opacity":"","overlay-gradient":""},"mobile":{"background-color":"","background-image":"","background-repeat":"repeat","background-position":"center center","background-size":"auto","background-attachment":"scroll","background-type":"","background-media":"","overlay-type":"","overlay-color":"","overlay-opacity":"","overlay-gradient":""}},"ast-content-background-meta":{"desktop":{"background-color":"var(--ast-global-color-5)","background-image":"","background-repeat":"repeat","background-position":"center center","background-size":"auto","background-attachment":"scroll","background-type":"","background-media":"","overlay-type":"","overlay-color":"","overlay-opacity":"","overlay-gradient":""},"tablet":{"background-color":"var(--ast-global-color-5)","background-image":"","background-repeat":"repeat","background-position":"center center","background-size":"auto","background-attachment":"scroll","background-type":"","background-media":"","overlay-type":"","overlay-color":"","overlay-opacity":"","overlay-gradient":""},"mobile":{"background-color":"var(--ast-global-color-5)","background-image":"","background-repeat":"repeat","background-position":"center center","background-size":"auto","background-attachment":"scroll","background-type":"","background-media":"","overlay-type":"","overlay-color":"","overlay-opacity":"","overlay-gradient":""}}},"product_brand":[],"product_cat":[150],"product_tag":[242,937,502,385,939,940,197,936,938,694],"class_list":{"0":"post-2755","1":"product","2":"type-product","3":"status-publish","4":"has-post-thumbnail","6":"product_cat-quartz-plate","7":"product_tag-custom-quartz-glass","8":"product_tag-drilled-quartz-substrate","9":"product_tag-fused-quartz-plate","10":"product_tag-fused-silica-plate","11":"product_tag-jgs-quartz","12":"product_tag-optical-quartz-components","13":"product_tag-optical-quartz-plate","14":"product_tag-quartz-plate-with-holes","15":"product_tag-quartz-wafer-plate","16":"product_tag-semiconductor-quartz-parts","17":"desktop-align-left","18":"tablet-align-left","19":"mobile-align-left","20":"ast-product-gallery-layout-horizontal","21":"ast-product-tabs-layout-horizontal","23":"first","24":"instock","25":"shipping-taxable","26":"product-type-simple"},"_links":{"self":[{"href":"https:\/\/www.fuyao-quartz.com\/fr\/wp-json\/wp\/v2\/product\/2755","targetHints":{"allow":["GET"]}}],"collection":[{"href":"https:\/\/www.fuyao-quartz.com\/fr\/wp-json\/wp\/v2\/product"}],"about":[{"href":"https:\/\/www.fuyao-quartz.com\/fr\/wp-json\/wp\/v2\/types\/product"}],"replies":[{"embeddable":true,"href":"https:\/\/www.fuyao-quartz.com\/fr\/wp-json\/wp\/v2\/comments?post=2755"}],"version-history":[{"count":2,"href":"https:\/\/www.fuyao-quartz.com\/fr\/wp-json\/wp\/v2\/product\/2755\/revisions"}],"predecessor-version":[{"id":2762,"href":"https:\/\/www.fuyao-quartz.com\/fr\/wp-json\/wp\/v2\/product\/2755\/revisions\/2762"}],"wp:featuredmedia":[{"embeddable":true,"href":"https:\/\/www.fuyao-quartz.com\/fr\/wp-json\/wp\/v2\/media\/2759"}],"wp:attachment":[{"href":"https:\/\/www.fuyao-quartz.com\/fr\/wp-json\/wp\/v2\/media?parent=2755"}],"wp:term":[{"taxonomy":"product_brand","embeddable":true,"href":"https:\/\/www.fuyao-quartz.com\/fr\/wp-json\/wp\/v2\/product_brand?post=2755"},{"taxonomy":"product_cat","embeddable":true,"href":"https:\/\/www.fuyao-quartz.com\/fr\/wp-json\/wp\/v2\/product_cat?post=2755"},{"taxonomy":"product_tag","embeddable":true,"href":"https:\/\/www.fuyao-quartz.com\/fr\/wp-json\/wp\/v2\/product_tag?post=2755"}],"curies":[{"name":"wp","href":"https:\/\/api.w.org\/{rel}","templated":true}]}}