{"id":2803,"date":"2026-04-28T08:51:02","date_gmt":"2026-04-28T08:51:02","guid":{"rendered":"https:\/\/www.fuyao-quartz.com\/?post_type=product&#038;p=2803"},"modified":"2026-04-28T08:51:06","modified_gmt":"2026-04-28T08:51:06","slug":"pigeon-blood-red-sapphire-watch-crystal-custom-synthetic-ruby-crystal-for-luxury-watches","status":"publish","type":"product","link":"https:\/\/www.fuyao-quartz.com\/fi\/product\/pigeon-blood-red-sapphire-watch-crystal-custom-synthetic-ruby-crystal-for-luxury-watches\/","title":{"rendered":"Pigeon Blood Red Sapphire Watch Crystal Custom Synteettinen Ruby Crystal Luxury Kellot"},"content":{"rendered":"<p data-start=\"144\" data-end=\"568\"><img fetchpriority=\"high\" decoding=\"async\" class=\"alignright wp-image-2807 size-medium\" src=\"https:\/\/www.fuyao-quartz.com\/wp-content\/uploads\/2026\/04\/Pigeon-Blood-Red-Sapphire-Watch-Crystal-Custom-Synthetic-Ruby-Crystal-for-Luxury-Watches-1-300x300.png\" alt=\"Pigeon Blood Red Sapphire Watch Crystal Custom Synteettinen Ruby Crystal Luxury Kellot\" width=\"300\" height=\"300\" srcset=\"https:\/\/www.fuyao-quartz.com\/wp-content\/uploads\/2026\/04\/Pigeon-Blood-Red-Sapphire-Watch-Crystal-Custom-Synthetic-Ruby-Crystal-for-Luxury-Watches-1-300x300.png 300w, https:\/\/www.fuyao-quartz.com\/wp-content\/uploads\/2026\/04\/Pigeon-Blood-Red-Sapphire-Watch-Crystal-Custom-Synthetic-Ruby-Crystal-for-Luxury-Watches-1-150x150.png 150w, https:\/\/www.fuyao-quartz.com\/wp-content\/uploads\/2026\/04\/Pigeon-Blood-Red-Sapphire-Watch-Crystal-Custom-Synthetic-Ruby-Crystal-for-Luxury-Watches-1-768x768.png 768w, https:\/\/www.fuyao-quartz.com\/wp-content\/uploads\/2026\/04\/Pigeon-Blood-Red-Sapphire-Watch-Crystal-Custom-Synthetic-Ruby-Crystal-for-Luxury-Watches-1-12x12.png 12w, https:\/\/www.fuyao-quartz.com\/wp-content\/uploads\/2026\/04\/Pigeon-Blood-Red-Sapphire-Watch-Crystal-Custom-Synthetic-Ruby-Crystal-for-Luxury-Watches-1-600x600.png 600w, https:\/\/www.fuyao-quartz.com\/wp-content\/uploads\/2026\/04\/Pigeon-Blood-Red-Sapphire-Watch-Crystal-Custom-Synthetic-Ruby-Crystal-for-Luxury-Watches-1-100x100.png 100w, https:\/\/www.fuyao-quartz.com\/wp-content\/uploads\/2026\/04\/Pigeon-Blood-Red-Sapphire-Watch-Crystal-Custom-Synthetic-Ruby-Crystal-for-Luxury-Watches-1.png 1000w\" sizes=\"(max-width: 300px) 100vw, 300px\" \/>Pigeon Blood Red Sapphire -kellokristalli on korkealaatuinen optinen komponentti, joka on valmistettu eritt\u00e4in puhtaasta synteettisest\u00e4 rubiinista (punainen safiiri). <span class=\"hover:entity-accent entity-underline inline cursor-pointer align-baseline\"><span class=\"whitespace-normal\">Safiiri (Al\u2082O\u2083 single crystal)<\/span><\/span> kromilla seostettu, jotta saadaan sen ikoninen syv\u00e4 \u201ckyyhkynveren\u201d punainen v\u00e4ri. T\u00e4m\u00e4 materiaali on suunniteltu huippuluokan ja luksuskellojen sovelluksiin, ja siin\u00e4 yhdistyv\u00e4t poikkeuksellinen mekaaninen lujuus, silmiinpist\u00e4v\u00e4 estetiikka ja erinomainen optinen suorituskyky.<\/p>\n<p data-start=\"570\" data-end=\"931\">Toisin kuin tavanomaiset l\u00e4pin\u00e4kyv\u00e4t kellokiteet, kyyhkysenverenpunaiset safiirikiteet tarjoavat ainutlaatuisen visuaalisen identiteetin, joka parantaa ylellisten ja r\u00e4\u00e4t\u00e4l\u00f6ityjen kellojen muotoilukielen. Runsas punainen s\u00e4vy yhdistettyn\u00e4 safiirin luontaiseen kirkkauteen ja kest\u00e4vyyteen tekee siit\u00e4 ihanteellisen valinnan premium-kellomerkkeihin, rajoitettuihin painoksiin ja mittatilausty\u00f6n\u00e4 toteutettaviin kelloprojekteihin.<\/p>\n<hr data-start=\"933\" data-end=\"936\" \/>\n<h2 data-section-id=\"1hjwgp3\" data-start=\"938\" data-end=\"969\">Keskeiset ominaisuudet ja edut<\/h2>\n<h3 data-section-id=\"srp5rs\" data-start=\"971\" data-end=\"1015\">1. Ainutlaatuinen \u201ckyyhkynveri\u201d punainen estetiikka<\/h3>\n<p data-start=\"1016\" data-end=\"1270\">Syv\u00e4punainen v\u00e4ritys saavutetaan kromin seostamisen tarkalla valvonnalla kiteen kasvun aikana, jolloin saadaan tasainen, el\u00e4v\u00e4 s\u00e4vy, joka liittyy korkealaatuisiin rubiinimateriaaleihin. T\u00e4m\u00e4 erottuva ulkon\u00e4k\u00f6 kohottaa kellon muotoilua ja br\u00e4ndin erottuvuutta.<\/p>\n<h3 data-section-id=\"1pnjdhc\" data-start=\"1272\" data-end=\"1324\">2. Poikkeuksellinen kovuus ja naarmunkest\u00e4vyys<\/h3>\n<p data-start=\"1325\" data-end=\"1507\">Mohsin kovuuden ollessa 9 safiirikellokiteet kest\u00e4v\u00e4t hyvin naarmuja ja kulutusta, mik\u00e4 takaa pitk\u00e4aikaisen kirkkauden ja kest\u00e4vyyden my\u00f6s p\u00e4ivitt\u00e4isess\u00e4 k\u00e4yt\u00f6ss\u00e4 tai vaativissa olosuhteissa.<\/p>\n<h3 data-section-id=\"vgool6\" data-start=\"1509\" data-end=\"1546\">3. Ylivoimainen optinen suorituskyky<\/h3>\n<p data-start=\"1547\" data-end=\"1778\">V\u00e4rist\u00e4 huolimatta kristalli s\u00e4ilytt\u00e4\u00e4 erinomaisen valonl\u00e4p\u00e4isevyyden ja optisen tasaisuuden. Se voidaan suunnitella l\u00e4pin\u00e4kyvyydelt\u00e4\u00e4n s\u00e4\u00e4dett\u00e4v\u00e4ksi suunnitteluvaatimusten mukaan (puoliksi l\u00e4pin\u00e4kyv\u00e4, s\u00e4vytetty tai koristeellinen).<\/p>\n<h3 data-section-id=\"1y5f5oz\" data-start=\"1780\" data-end=\"1824\">4. Korkea terminen ja kemiallinen stabiilisuus<\/h3>\n<p data-start=\"1825\" data-end=\"2003\">Materiaali pysyy vakaana \u00e4\u00e4rimm\u00e4isiss\u00e4 l\u00e4mp\u00f6tiloissa ja kest\u00e4\u00e4 useimpia happoja, em\u00e4ksi\u00e4 ja ymp\u00e4rist\u00f6korroosiota, mik\u00e4 takaa luotettavuuden erilaisissa k\u00e4ytt\u00f6olosuhteissa.<\/p>\n<h3 data-section-id=\"1vz732i\" data-start=\"2005\" data-end=\"2058\">5. T\u00e4ysin r\u00e4\u00e4t\u00e4l\u00f6it\u00e4v\u00e4t ratkaisut (keskeinen etu)<\/h3>\n<p data-start=\"2059\" data-end=\"2147\">T\u00e4m\u00e4 tuote on hyvin muokattavissa vastaamaan erityisi\u00e4 suunnittelu- ja toiminnallisia vaatimuksia:<\/p>\n<h2 style=\"font-style: normal;\" data-section-id=\"1hjwgp3\" data-start=\"938\" data-end=\"969\"><\/h2>\n<ul data-start=\"2148\" data-end=\"2424\">\n<li data-section-id=\"1kg88ut\" data-start=\"2148\" data-end=\"2192\">Muoto: litte\u00e4, kaareva, kupoli, kaksoiskupoli.\n<p style=\"font-size: 16px;\">\n<\/li>\n<li data-section-id=\"1xcbw6m\" data-start=\"2193\" data-end=\"2236\">Koko: halkaisija, paksuus, reunaprofiili<\/li>\n<li data-section-id=\"i4y7hd\" data-start=\"2237\" data-end=\"2292\">V\u00e4rin voimakkuus: vaalean punaisesta syv\u00e4\u00e4n kyyhkynverenpunaiseen.<\/li>\n<li data-section-id=\"1q0nu6x\" data-start=\"2293\" data-end=\"2370\">Pintak\u00e4sittely: kiillotettu, heijastamaton (AR), sormenj\u00e4ljenestopinnoitteet.<\/li>\n<li data-section-id=\"cgvwyy\" data-start=\"2371\" data-end=\"2424\">Kaiverrus: logo, kuviot tai koristeelliset tekstuurit.<\/li>\n<\/ul>\n<hr data-start=\"2426\" data-end=\"2429\" \/>\n<h2 data-section-id=\"58xi60\" data-start=\"2431\" data-end=\"2460\">Tekniset tiedot<\/h2>\n<div class=\"TyagGW_tableContainer\">\n<div class=\"group TyagGW_tableWrapper flex flex-col-reverse w-fit\" tabindex=\"-1\">\n<table class=\"w-fit min-w-(--thread-content-width)\" data-start=\"2462\" data-end=\"3136\">\n<thead data-start=\"2462\" data-end=\"2491\">\n<tr data-start=\"2462\" data-end=\"2491\">\n<th class=\"\" data-start=\"2462\" data-end=\"2474\" data-col-size=\"sm\">Parametri<\/th>\n<th class=\"\" data-start=\"2474\" data-end=\"2491\" data-col-size=\"md\">Tekniset tiedot<\/th>\n<\/tr>\n<\/thead>\n<tbody data-start=\"2521\" data-end=\"3136\">\n<tr data-start=\"2521\" data-end=\"2579\">\n<td data-start=\"2521\" data-end=\"2536\" data-col-size=\"sm\">Tuotteen nimi<\/td>\n<td data-col-size=\"md\" data-start=\"2536\" data-end=\"2579\">Pigeon Blood Red Sapphire katsella kristalli Crystal<\/td>\n<\/tr>\n<tr data-start=\"2580\" data-end=\"2629\">\n<td data-start=\"2580\" data-end=\"2591\" data-col-size=\"sm\">Materiaali<\/td>\n<td data-col-size=\"md\" data-start=\"2591\" data-end=\"2629\">Synteettinen rubiini (Cr-dopioitu safiiri)<\/td>\n<\/tr>\n<tr data-start=\"2630\" data-end=\"2679\">\n<td data-start=\"2630\" data-end=\"2653\" data-col-size=\"sm\">Kemiallinen koostumus<\/td>\n<td data-col-size=\"md\" data-start=\"2653\" data-end=\"2679\">Al\u2082O\u2083 (yksikristalli)<\/td>\n<\/tr>\n<tr data-start=\"2680\" data-end=\"2701\">\n<td data-start=\"2680\" data-end=\"2691\" data-col-size=\"sm\">Kovuus<\/td>\n<td data-col-size=\"md\" data-start=\"2691\" data-end=\"2701\">Mohs 9<\/td>\n<\/tr>\n<tr data-start=\"2702\" data-end=\"2726\">\n<td data-start=\"2702\" data-end=\"2712\" data-col-size=\"sm\">Tiheys<\/td>\n<td data-col-size=\"md\" data-start=\"2712\" data-end=\"2726\">3,98 g\/cm\u00b3<\/td>\n<\/tr>\n<tr data-start=\"2727\" data-end=\"2776\">\n<td data-start=\"2727\" data-end=\"2746\" data-col-size=\"sm\">Optinen ominaisuus<\/td>\n<td data-col-size=\"md\" data-start=\"2746\" data-end=\"2776\">V\u00e4rillinen \/ Puoliksi l\u00e4pin\u00e4kyv\u00e4<\/td>\n<\/tr>\n<tr data-start=\"2777\" data-end=\"2837\">\n<td data-start=\"2777\" data-end=\"2798\" data-col-size=\"sm\">L\u00e4hetysalue<\/td>\n<td data-col-size=\"md\" data-start=\"2798\" data-end=\"2837\">200 - 5000 nm (riippuu seostuksesta)<\/td>\n<\/tr>\n<tr data-start=\"2838\" data-end=\"2883\">\n<td data-start=\"2838\" data-end=\"2850\" data-col-size=\"sm\">Paksuus<\/td>\n<td data-col-size=\"md\" data-start=\"2850\" data-end=\"2883\">Mukautettu (tyypillisesti 0,5 - 3 mm)<\/td>\n<\/tr>\n<tr data-start=\"2884\" data-end=\"2939\">\n<td data-start=\"2884\" data-end=\"2895\" data-col-size=\"sm\">Halkaisija<\/td>\n<td data-col-size=\"md\" data-start=\"2895\" data-end=\"2939\">Mukautettu (esim. 10 - 50 mm tai piirustuskohtaisesti)<\/td>\n<\/tr>\n<tr data-start=\"2940\" data-end=\"2979\">\n<td data-start=\"2940\" data-end=\"2948\" data-col-size=\"sm\">Muoto<\/td>\n<td data-col-size=\"md\" data-start=\"2948\" data-end=\"2979\">Litte\u00e4 \/ kupoli \/ kaksinkertainen kaareva<\/td>\n<\/tr>\n<tr data-start=\"2980\" data-end=\"3027\">\n<td data-start=\"2980\" data-end=\"3000\" data-col-size=\"sm\">Pinnan karheus<\/td>\n<td data-col-size=\"md\" data-start=\"3000\" data-end=\"3027\">Optinen kiillotus<\/td>\n<\/tr>\n<tr data-start=\"3028\" data-end=\"3096\">\n<td data-start=\"3028\" data-end=\"3046\" data-col-size=\"sm\">Pinnoitusvaihtoehdot<\/td>\n<td data-col-size=\"md\" data-start=\"3046\" data-end=\"3096\">AR-pinnoite \/ Kova pinnoite \/ Koristeellinen pinnoite<\/td>\n<\/tr>\n<tr data-start=\"3097\" data-end=\"3136\">\n<td data-start=\"3097\" data-end=\"3119\" data-col-size=\"sm\">K\u00e4ytt\u00f6l\u00e4mp\u00f6tila<\/td>\n<td data-col-size=\"md\" data-start=\"3119\" data-end=\"3136\">Jopa ~1000\u00b0C<\/td>\n<\/tr>\n<\/tbody>\n<\/table>\n<\/div>\n<\/div>\n<hr data-start=\"3138\" data-end=\"3141\" \/>\n<h2 data-section-id=\"ce0tqk\" data-start=\"3143\" data-end=\"3160\">Sovellukset<\/h2>\n<ul data-start=\"3162\" data-end=\"3323\">\n<li data-section-id=\"1b00soz\" data-start=\"3162\" data-end=\"3191\">Ylelliset mekaaniset kellot<\/li>\n<li data-section-id=\"d1i2gp\" data-start=\"3192\" data-end=\"3222\">Mittatilausty\u00f6n\u00e4 suunnitellut kellot<\/li>\n<li data-section-id=\"17l1ca8\" data-start=\"3223\" data-end=\"3261\">Rajoitettu painos tai merkkikellot<\/li>\n<li data-section-id=\"vtqgrx\" data-start=\"3262\" data-end=\"3293\">Koristeelliset kellon osat<\/li>\n<li data-section-id=\"11966n8\" data-start=\"3294\" data-end=\"3323\">Korkealuokkaiset puettavat laitteet<\/li>\n<\/ul>\n<p><img decoding=\"async\" class=\"alignnone wp-image-2809 size-large\" src=\"https:\/\/www.fuyao-quartz.com\/wp-content\/uploads\/2026\/04\/Pigeon-Blood-Red-Sapphire-Watch-Crystal-Custom-Synthetic-Ruby-Crystal-for-Luxury-Watches-5-1024x505.png\" alt=\"\" width=\"1024\" height=\"505\" srcset=\"https:\/\/www.fuyao-quartz.com\/wp-content\/uploads\/2026\/04\/Pigeon-Blood-Red-Sapphire-Watch-Crystal-Custom-Synthetic-Ruby-Crystal-for-Luxury-Watches-5-1024x505.png 1024w, https:\/\/www.fuyao-quartz.com\/wp-content\/uploads\/2026\/04\/Pigeon-Blood-Red-Sapphire-Watch-Crystal-Custom-Synthetic-Ruby-Crystal-for-Luxury-Watches-5-300x148.png 300w, https:\/\/www.fuyao-quartz.com\/wp-content\/uploads\/2026\/04\/Pigeon-Blood-Red-Sapphire-Watch-Crystal-Custom-Synthetic-Ruby-Crystal-for-Luxury-Watches-5-768x379.png 768w, https:\/\/www.fuyao-quartz.com\/wp-content\/uploads\/2026\/04\/Pigeon-Blood-Red-Sapphire-Watch-Crystal-Custom-Synthetic-Ruby-Crystal-for-Luxury-Watches-5-18x9.png 18w, https:\/\/www.fuyao-quartz.com\/wp-content\/uploads\/2026\/04\/Pigeon-Blood-Red-Sapphire-Watch-Crystal-Custom-Synthetic-Ruby-Crystal-for-Luxury-Watches-5-600x296.png 600w, https:\/\/www.fuyao-quartz.com\/wp-content\/uploads\/2026\/04\/Pigeon-Blood-Red-Sapphire-Watch-Crystal-Custom-Synthetic-Ruby-Crystal-for-Luxury-Watches-5.png 1536w\" sizes=\"(max-width: 1024px) 100vw, 1024px\" \/><\/p>\n<hr data-start=\"3325\" data-end=\"3328\" \/>\n<h2 data-section-id=\"myj2su\" data-start=\"3330\" data-end=\"3361\"><img decoding=\"async\" class=\"alignright wp-image-2806 size-medium\" src=\"https:\/\/www.fuyao-quartz.com\/wp-content\/uploads\/2026\/04\/Pigeon-Blood-Red-Sapphire-Watch-Crystal-Custom-Synthetic-Ruby-Crystal-for-Luxury-Watches-2-300x300.png\" alt=\"Pigeon Blood Red Sapphire Watch Crystal Custom Synteettinen Ruby Crystal Luxury Kellot\" width=\"300\" height=\"300\" srcset=\"https:\/\/www.fuyao-quartz.com\/wp-content\/uploads\/2026\/04\/Pigeon-Blood-Red-Sapphire-Watch-Crystal-Custom-Synthetic-Ruby-Crystal-for-Luxury-Watches-2-300x300.png 300w, https:\/\/www.fuyao-quartz.com\/wp-content\/uploads\/2026\/04\/Pigeon-Blood-Red-Sapphire-Watch-Crystal-Custom-Synthetic-Ruby-Crystal-for-Luxury-Watches-2-150x150.png 150w, https:\/\/www.fuyao-quartz.com\/wp-content\/uploads\/2026\/04\/Pigeon-Blood-Red-Sapphire-Watch-Crystal-Custom-Synthetic-Ruby-Crystal-for-Luxury-Watches-2-768x768.png 768w, https:\/\/www.fuyao-quartz.com\/wp-content\/uploads\/2026\/04\/Pigeon-Blood-Red-Sapphire-Watch-Crystal-Custom-Synthetic-Ruby-Crystal-for-Luxury-Watches-2-12x12.png 12w, https:\/\/www.fuyao-quartz.com\/wp-content\/uploads\/2026\/04\/Pigeon-Blood-Red-Sapphire-Watch-Crystal-Custom-Synthetic-Ruby-Crystal-for-Luxury-Watches-2-600x600.png 600w, https:\/\/www.fuyao-quartz.com\/wp-content\/uploads\/2026\/04\/Pigeon-Blood-Red-Sapphire-Watch-Crystal-Custom-Synthetic-Ruby-Crystal-for-Luxury-Watches-2-100x100.png 100w, https:\/\/www.fuyao-quartz.com\/wp-content\/uploads\/2026\/04\/Pigeon-Blood-Red-Sapphire-Watch-Crystal-Custom-Synthetic-Ruby-Crystal-for-Luxury-Watches-2.png 1000w\" sizes=\"(max-width: 300px) 100vw, 300px\" \/>R\u00e4\u00e4t\u00e4l\u00f6intimahdollisuudet<\/h2>\n<p data-start=\"3363\" data-end=\"3656\">Olemme erikoistuneet <strong data-start=\"3380\" data-end=\"3424\">t\u00e4ysin r\u00e4\u00e4t\u00e4l\u00f6ityj\u00e4 safiiri katsella kiteet<\/strong>, joka tarjoaa tarkkuusvalmistusta asiakkaan piirustusten tai eritelmien perusteella. Vaaditpa sitten ainutlaatuisia geometrioita, erikoisv\u00e4ris\u00e4vyj\u00e4 tai kehittyneit\u00e4 pinnoitteita, suunnittelutiimimme varmistaa tiukat toleranssit ja tasaisen laadun.<\/p>\n<p data-start=\"3658\" data-end=\"3683\">Mukauttaminen sis\u00e4lt\u00e4\u00e4:<\/p>\n<ul data-start=\"3684\" data-end=\"3918\">\n<li data-section-id=\"vu2mit\" data-start=\"3684\" data-end=\"3728\">Monimutkaiset muodot (kupolimaiset, porrastetut, fasettimaiset)<\/li>\n<li data-section-id=\"eidh82\" data-start=\"3729\" data-end=\"3784\">Paksuuden ja kaarevuuden mikrotoleranssin s\u00e4\u00e4t\u00f6<\/li>\n<li data-section-id=\"t3uvay\" data-start=\"3785\" data-end=\"3832\">Mukautettu v\u00e4rien luokittelu ja tasalaatuisuuden hallinta<\/li>\n<li data-section-id=\"1wj84wk\" data-start=\"3833\" data-end=\"3875\">Logokaiverrus ja koristeelliset viimeistelyt<\/li>\n<li data-section-id=\"zge2hp\" data-start=\"3876\" data-end=\"3918\">Tuki pienist\u00e4 erist\u00e4 massatuotantoon<\/li>\n<\/ul>\n<hr data-start=\"3920\" data-end=\"3923\" \/>\n<h2 data-section-id=\"x9bttf\" data-start=\"4335\" data-end=\"4343\">FAQ<\/h2>\n<p data-start=\"4345\" data-end=\"4545\"><strong data-start=\"4345\" data-end=\"4419\">Q1: Voiko punaisen safiirikristallin v\u00e4rin voimakkuutta mukauttaa?<\/strong><br data-start=\"4419\" data-end=\"4422\" \/>A1: Kyll\u00e4. V\u00e4ri voidaan s\u00e4\u00e4t\u00e4\u00e4 vaaleanpunaisesta syv\u00e4\u00e4n kyyhkynverenpunaiseen s\u00e4\u00e4t\u00e4m\u00e4ll\u00e4 dopingprosessia ja paksuutta.<\/p>\n<p data-start=\"4547\" data-end=\"4720\"><strong data-start=\"4547\" data-end=\"4614\">Q2: Onko kristalli yht\u00e4 kest\u00e4v\u00e4 kuin tavallinen safiirikellolasi?<\/strong><br data-start=\"4614\" data-end=\"4617\" \/>A2: Kyll\u00e4. Se s\u00e4ilytt\u00e4\u00e4 saman Mohsin kovuuden 9 ja tarjoaa erinomaisen naarmunkest\u00e4vyyden ja kest\u00e4vyyden.<\/p>\n<p data-start=\"4722\" data-end=\"4942\" data-is-last-node=\"\" data-is-only-node=\"\"><strong data-start=\"4722\" data-end=\"4786\">Q3: Tuetteko mukautettuja muotoja ja pienten erien tuotantoa?<\/strong><br data-start=\"4786\" data-end=\"4789\" \/>A3: Ehdottomasti. Tarjoamme t\u00e4ydet r\u00e4\u00e4t\u00e4l\u00f6intipalvelut, mukaan lukien muoto, koko, paksuus, pinnoitteet, ja voimme tukea sek\u00e4 prototyyppien ett\u00e4 massatuotannon valmistusta.<\/p>","protected":false},"excerpt":{"rendered":"<p>Pigeon Blood Red Sapphire -kellon kristalli ei ole vain suojaava komponentti, vaan my\u00f6s muotoilullinen kannanotto. Yhdist\u00e4m\u00e4ll\u00e4 safiirin legendaarisen kest\u00e4vyyden ja rubiinin ylellisen ulkon\u00e4\u00f6n se tarjoaa sek\u00e4 toiminnallisuutta ett\u00e4 esteettist\u00e4 arvoa. Sen korkea r\u00e4\u00e4t\u00e4l\u00f6it\u00e4vyys tekee siit\u00e4 ihanteellisen ratkaisun kellosepille, jotka etsiv\u00e4t erottautumista, innovointia ja ensiluokkaista laatua.<\/p>","protected":false},"featured_media":2804,"comment_status":"open","ping_status":"closed","template":"","meta":{"site-sidebar-layout":"default","site-content-layout":"","ast-site-content-layout":"default","site-content-style":"default","site-sidebar-style":"default","ast-global-header-display":"","ast-banner-title-visibility":"","ast-main-header-display":"","ast-hfb-above-header-display":"","ast-hfb-below-header-display":"","ast-hfb-mobile-header-display":"","site-post-title":"","ast-breadcrumbs-content":"","ast-featured-img":"","footer-sml-layout":"","ast-disable-related-posts":"","theme-transparent-header-meta":"default","adv-header-id-meta":"","stick-header-meta":"default","header-above-stick-meta":"","header-main-stick-meta":"","header-below-stick-meta":"","astra-migrate-meta-layouts":"set","ast-page-background-enabled":"default","ast-page-background-meta":{"desktop":{"background-color":"var(--ast-global-color-4)","background-image":"","background-repeat":"repeat","background-position":"center center","background-size":"auto","background-attachment":"scroll","background-type":"","background-media":"","overlay-type":"","overlay-color":"","overlay-opacity":"","overlay-gradient":""},"tablet":{"background-color":"","background-image":"","background-repeat":"repeat","background-position":"center center","background-size":"auto","background-attachment":"scroll","background-type":"","background-media":"","overlay-type":"","overlay-color":"","overlay-opacity":"","overlay-gradient":""},"mobile":{"background-color":"","background-image":"","background-repeat":"repeat","background-position":"center center","background-size":"auto","background-attachment":"scroll","background-type":"","background-media":"","overlay-type":"","overlay-color":"","overlay-opacity":"","overlay-gradient":""}},"ast-content-background-meta":{"desktop":{"background-color":"var(--ast-global-color-5)","background-image":"","background-repeat":"repeat","background-position":"center center","background-size":"auto","background-attachment":"scroll","background-type":"","background-media":"","overlay-type":"","overlay-color":"","overlay-opacity":"","overlay-gradient":""},"tablet":{"background-color":"var(--ast-global-color-5)","background-image":"","background-repeat":"repeat","background-position":"center center","background-size":"auto","background-attachment":"scroll","background-type":"","background-media":"","overlay-type":"","overlay-color":"","overlay-opacity":"","overlay-gradient":""},"mobile":{"background-color":"var(--ast-global-color-5)","background-image":"","background-repeat":"repeat","background-position":"center center","background-size":"auto","background-attachment":"scroll","background-type":"","background-media":"","overlay-type":"","overlay-color":"","overlay-opacity":"","overlay-gradient":""}}},"product_brand":[],"product_cat":[152],"product_tag":[996,1005,1004,994,1000,1006,998,1010,999,1008,1002,997,990,991,992,1009,993,1003,995,1001,1007],"class_list":{"0":"post-2803","1":"product","2":"type-product","3":"status-publish","4":"has-post-thumbnail","6":"product_cat-sapphire","7":"product_tag-al2o3-sapphire","8":"product_tag-anti-reflective-watch-crystal","9":"product_tag-ar-coating-sapphire","10":"product_tag-colored-sapphire-crystal","11":"product_tag-curved-watch-crystal","12":"product_tag-custom-sapphire-glass","13":"product_tag-custom-watch-crystal","14":"product_tag-decorative-sapphire-crystal","15":"product_tag-domed-sapphire-crystal","16":"product_tag-high-end-watch-components","17":"product_tag-high-hardness-crystal","18":"product_tag-luxury-watch-glass","19":"product_tag-pigeon-blood-red-sapphire","20":"product_tag-red-sapphire-watch-crystal","21":"product_tag-ruby-watch-crystal","22":"product_tag-sapphire-optics","23":"product_tag-sapphire-watch-crystal","24":"product_tag-scratch-resistant-watch-glass","25":"product_tag-synthetic-ruby-crystal","26":"product_tag-tinted-sapphire-glass","27":"product_tag-watch-crystal-manufacturer","28":"desktop-align-left","29":"tablet-align-left","30":"mobile-align-left","31":"ast-product-gallery-layout-horizontal","32":"ast-product-tabs-layout-horizontal","34":"first","35":"instock","36":"shipping-taxable","37":"product-type-simple"},"_links":{"self":[{"href":"https:\/\/www.fuyao-quartz.com\/fi\/wp-json\/wp\/v2\/product\/2803","targetHints":{"allow":["GET"]}}],"collection":[{"href":"https:\/\/www.fuyao-quartz.com\/fi\/wp-json\/wp\/v2\/product"}],"about":[{"href":"https:\/\/www.fuyao-quartz.com\/fi\/wp-json\/wp\/v2\/types\/product"}],"replies":[{"embeddable":true,"href":"https:\/\/www.fuyao-quartz.com\/fi\/wp-json\/wp\/v2\/comments?post=2803"}],"version-history":[{"count":1,"href":"https:\/\/www.fuyao-quartz.com\/fi\/wp-json\/wp\/v2\/product\/2803\/revisions"}],"predecessor-version":[{"id":2810,"href":"https:\/\/www.fuyao-quartz.com\/fi\/wp-json\/wp\/v2\/product\/2803\/revisions\/2810"}],"wp:featuredmedia":[{"embeddable":true,"href":"https:\/\/www.fuyao-quartz.com\/fi\/wp-json\/wp\/v2\/media\/2804"}],"wp:attachment":[{"href":"https:\/\/www.fuyao-quartz.com\/fi\/wp-json\/wp\/v2\/media?parent=2803"}],"wp:term":[{"taxonomy":"product_brand","embeddable":true,"href":"https:\/\/www.fuyao-quartz.com\/fi\/wp-json\/wp\/v2\/product_brand?post=2803"},{"taxonomy":"product_cat","embeddable":true,"href":"https:\/\/www.fuyao-quartz.com\/fi\/wp-json\/wp\/v2\/product_cat?post=2803"},{"taxonomy":"product_tag","embeddable":true,"href":"https:\/\/www.fuyao-quartz.com\/fi\/wp-json\/wp\/v2\/product_tag?post=2803"}],"curies":[{"name":"wp","href":"https:\/\/api.w.org\/{rel}","templated":true}]}}