{"id":2755,"date":"2026-04-24T03:40:56","date_gmt":"2026-04-24T03:40:56","guid":{"rendered":"https:\/\/www.fuyao-quartz.com\/?post_type=product&#038;p=2755"},"modified":"2026-04-24T03:40:58","modified_gmt":"2026-04-24T03:40:58","slug":"custom-fused-quartz-plates-with-through-holes","status":"publish","type":"product","link":"https:\/\/www.fuyao-quartz.com\/fi\/product\/custom-fused-quartz-plates-with-through-holes\/","title":{"rendered":"Mukautetut sulatetut kvartsilevyt, joissa on l\u00e4pireiki\u00e4"},"content":{"rendered":"<p data-start=\"253\" data-end=\"586\"><img fetchpriority=\"high\" decoding=\"async\" class=\"alignright wp-image-2756 size-medium\" src=\"https:\/\/www.fuyao-quartz.com\/wp-content\/uploads\/2026\/04\/Custom-Fused-Quartz-Plates-with-Through-Holes-2-300x300.png\" alt=\"Mukautetut sulatetut kvartsilevyt, joissa on l\u00e4pireiki\u00e4\" width=\"300\" height=\"300\" srcset=\"https:\/\/www.fuyao-quartz.com\/wp-content\/uploads\/2026\/04\/Custom-Fused-Quartz-Plates-with-Through-Holes-2-300x300.png 300w, https:\/\/www.fuyao-quartz.com\/wp-content\/uploads\/2026\/04\/Custom-Fused-Quartz-Plates-with-Through-Holes-2-150x150.png 150w, https:\/\/www.fuyao-quartz.com\/wp-content\/uploads\/2026\/04\/Custom-Fused-Quartz-Plates-with-Through-Holes-2-768x768.png 768w, https:\/\/www.fuyao-quartz.com\/wp-content\/uploads\/2026\/04\/Custom-Fused-Quartz-Plates-with-Through-Holes-2-12x12.png 12w, https:\/\/www.fuyao-quartz.com\/wp-content\/uploads\/2026\/04\/Custom-Fused-Quartz-Plates-with-Through-Holes-2-600x600.png 600w, https:\/\/www.fuyao-quartz.com\/wp-content\/uploads\/2026\/04\/Custom-Fused-Quartz-Plates-with-Through-Holes-2-100x100.png 100w, https:\/\/www.fuyao-quartz.com\/wp-content\/uploads\/2026\/04\/Custom-Fused-Quartz-Plates-with-Through-Holes-2.png 1000w\" sizes=\"(max-width: 300px) 100vw, 300px\" \/>Mukautetut sulatetut kvartsilevyt, joissa on l\u00e4pireiki\u00e4, ovat eritt\u00e4in tarkkoja komponentteja, jotka on valmistettu eritt\u00e4in puhtaasta piidioksidista (SiO\u2082 &gt; 99,9%). N\u00e4m\u00e4 levyt on suunniteltu erityisesti kehittyneisiin teollisiin ja tieteellisiin sovelluksiin, joissa l\u00e4mp\u00f6stabiilisuus, kemiallinen kest\u00e4vyys ja optinen suorituskyky ovat kriittisi\u00e4.<\/p>\n<p data-start=\"588\" data-end=\"1033\">Toisin kuin tavalliset lasimateriaalit, sulatettu kvartsi tarjoaa ainutlaatuisen yhdistelm\u00e4n matalaa l\u00e4mp\u00f6laajenemista, korkeaa l\u00e4mp\u00f6tilankest\u00e4vyytt\u00e4 ja laajaa optista l\u00e4p\u00e4isykyky\u00e4, mik\u00e4 tekee siit\u00e4 ihanteellisen puolijohde-, fotoniikka- ja laboratorioj\u00e4rjestelmiin. Integroimalla niihin tarkkuusporattuja reiki\u00e4 n\u00e4m\u00e4 kvartsilevyt mahdollistavat hallitun nestevirtauksen, kaasunjakelun tai optisen kohdistuksen, jolloin ne muuttuvat passiivisista alustoista toimiviksi j\u00e4rjestelm\u00e4komponenteiksi.<\/p>\n<p data-start=\"1035\" data-end=\"1229\">N\u00e4it\u00e4 tuotteita on saatavana useina eri laatuluokkina, kuten JGS1, JGS2 ja JGS3, ja ne voidaan r\u00e4\u00e4t\u00e4l\u00f6id\u00e4 vastaamaan eri aallonpituusvaatimuksia syv\u00e4n ultravioletin (UV) ja infrapunan (IR) sovelluksista.<\/p>\n<hr data-start=\"1231\" data-end=\"1234\" \/>\n<h2 data-section-id=\"16yfqpq\" data-start=\"1236\" data-end=\"1260\"><img decoding=\"async\" class=\"alignright wp-image-2758\" src=\"https:\/\/www.fuyao-quartz.com\/wp-content\/uploads\/2026\/04\/Custom-Fused-Quartz-Plates-with-Through-Holes-4-300x300.png\" alt=\"Mukautetut sulatetut kvartsilevyt, joissa on l\u00e4pireiki\u00e4\" width=\"286\" height=\"286\" srcset=\"https:\/\/www.fuyao-quartz.com\/wp-content\/uploads\/2026\/04\/Custom-Fused-Quartz-Plates-with-Through-Holes-4-300x300.png 300w, https:\/\/www.fuyao-quartz.com\/wp-content\/uploads\/2026\/04\/Custom-Fused-Quartz-Plates-with-Through-Holes-4-150x150.png 150w, https:\/\/www.fuyao-quartz.com\/wp-content\/uploads\/2026\/04\/Custom-Fused-Quartz-Plates-with-Through-Holes-4-768x768.png 768w, https:\/\/www.fuyao-quartz.com\/wp-content\/uploads\/2026\/04\/Custom-Fused-Quartz-Plates-with-Through-Holes-4-12x12.png 12w, https:\/\/www.fuyao-quartz.com\/wp-content\/uploads\/2026\/04\/Custom-Fused-Quartz-Plates-with-Through-Holes-4-600x600.png 600w, https:\/\/www.fuyao-quartz.com\/wp-content\/uploads\/2026\/04\/Custom-Fused-Quartz-Plates-with-Through-Holes-4-100x100.png 100w, https:\/\/www.fuyao-quartz.com\/wp-content\/uploads\/2026\/04\/Custom-Fused-Quartz-Plates-with-Through-Holes-4.png 1000w\" sizes=\"(max-width: 286px) 100vw, 286px\" \/>T\u00e4rkeimm\u00e4t ominaisuudet<\/h2>\n<ul data-start=\"1262\" data-end=\"1765\">\n<li data-section-id=\"1axa1m2\" data-start=\"1262\" data-end=\"1340\">Eritt\u00e4in eritt\u00e4in puhdas kvartsi (SiO\u2082 &gt; 99,9%) takaa erinomaisen optisen kirkkauden.<\/li>\n<li data-section-id=\"5faqt9\" data-start=\"1341\" data-end=\"1407\">Mukautettu reikien koko, sijainti ja geometria CAD-piirustusten perusteella.<\/li>\n<li data-section-id=\"cv911c\" data-start=\"1408\" data-end=\"1472\">Erinomainen l\u00e4mm\u00f6nkest\u00e4vyys (jopa 1100\u00b0C jatkuvassa k\u00e4yt\u00f6ss\u00e4)<\/li>\n<li data-section-id=\"mr67xq\" data-start=\"1473\" data-end=\"1534\">\u00c4\u00e4rimm\u00e4isen alhainen l\u00e4mp\u00f6laajeneminen takaa mittapysyvyyden.<\/li>\n<li data-section-id=\"1j38b2o\" data-start=\"1535\" data-end=\"1590\">Korkea kemiallinen kest\u00e4vyys (lukuun ottamatta fluorivetyhappoa)<\/li>\n<li data-section-id=\"1ae6fco\" data-start=\"1591\" data-end=\"1649\">Optinen kiillotus saatavilla tarkkuuskohteisiin<\/li>\n<li data-section-id=\"3w4enf\" data-start=\"1650\" data-end=\"1708\">Yhteensopiva puhdastilojen ja eritt\u00e4in puhtaiden ymp\u00e4rist\u00f6jen kanssa.<\/li>\n<li data-section-id=\"12n18dz\" data-start=\"1709\" data-end=\"1765\">Soveltuu sek\u00e4 rakenteelliseen ett\u00e4 optiseen integrointiin<\/li>\n<\/ul>\n<hr data-start=\"1767\" data-end=\"1770\" \/>\n<h2 data-section-id=\"sim1wa\" data-start=\"1772\" data-end=\"1799\">Materiaaliluokat<\/h2>\n<h3 data-section-id=\"1e4slao\" data-start=\"1801\" data-end=\"1835\">JGS1 - UV-luokan sulatettu piidioksidi<\/h3>\n<p data-start=\"1836\" data-end=\"2071\">JGS1 tarjoaa erinomaisen l\u00e4p\u00e4isykyvyn 185 nm:n ja 2500 nm:n v\u00e4lill\u00e4, joten se on ihanteellinen syv\u00e4n UV-s\u00e4teilyn sovelluksiin, kuten litografiaan, UV-lasereihin ja korkean energian optisiin j\u00e4rjestelmiin. Sen hydroksyylipitoisuus (OH-) on eritt\u00e4in alhainen ja kaksoiskatkonaisuus on minimaalinen.<\/p>\n<h3 data-section-id=\"z3oyrd\" data-start=\"2073\" data-end=\"2106\">JGS2 - Optisen luokan kvartsi<\/h3>\n<p data-start=\"2107\" data-end=\"2282\">JGS2:ta k\u00e4ytet\u00e4\u00e4n laajalti n\u00e4kyviss\u00e4 ja l\u00e4hi-infrapunasovelluksissa (260-2500 nm). Se tarjoaa suuren optisen tasaisuuden ja on kustannustehokas ratkaisu yleisiin optisiin j\u00e4rjestelmiin.<\/p>\n<h3 data-section-id=\"1xbm0q2\" data-start=\"2284\" data-end=\"2318\">JGS3 - Infrapunainen kvartsilasi<\/h3>\n<p data-start=\"2319\" data-end=\"2493\">JGS3 on optimoitu infrapunasovelluksiin ja teollisuusk\u00e4ytt\u00f6\u00f6n. Vaikka sen l\u00e4p\u00e4isykyky on alhaisempi syv\u00e4ll\u00e4 UV-alueella, se toimii hyvin l\u00e4mp\u00f6- ja IR-ymp\u00e4rist\u00f6iss\u00e4.<\/p>\n<p data-start=\"2319\" data-end=\"2493\"><img decoding=\"async\" class=\"wp-image-2760 size-full aligncenter\" src=\"https:\/\/www.fuyao-quartz.com\/wp-content\/uploads\/2026\/04\/20250620152843_73372.png\" alt=\"\" width=\"680\" height=\"356\" srcset=\"https:\/\/www.fuyao-quartz.com\/wp-content\/uploads\/2026\/04\/20250620152843_73372.png 680w, https:\/\/www.fuyao-quartz.com\/wp-content\/uploads\/2026\/04\/20250620152843_73372-300x157.png 300w, https:\/\/www.fuyao-quartz.com\/wp-content\/uploads\/2026\/04\/20250620152843_73372-18x9.png 18w, https:\/\/www.fuyao-quartz.com\/wp-content\/uploads\/2026\/04\/20250620152843_73372-600x314.png 600w\" sizes=\"(max-width: 680px) 100vw, 680px\" \/><\/p>\n<hr data-start=\"2495\" data-end=\"2498\" \/>\n<h2 data-section-id=\"10i1aaf\" data-start=\"2500\" data-end=\"2533\">Valmistusprosessi<\/h2>\n<p data-start=\"2535\" data-end=\"2648\">R\u00e4\u00e4t\u00e4l\u00f6ityjen sulatettujen kvartsilevyjen tuotanto edellytt\u00e4\u00e4 tiukkaa prosessinohjausta tarkkuuden ja johdonmukaisuuden varmistamiseksi:<\/p>\n<p data-start=\"2650\" data-end=\"2768\">1. Materiaalin valinta<br data-start=\"2675\" data-end=\"2678\" \/>Eritt\u00e4in puhtaat kvartsiharkot valitaan ja valmistetaan sovelluksen vaatimusten mukaisesti.<\/p>\n<p data-start=\"2770\" data-end=\"2918\">2. Tarkkuusleikkaus ja muotoilu<br data-start=\"2804\" data-end=\"2807\" \/>Kehittyneell\u00e4 CNC-ty\u00f6st\u00f6ll\u00e4, vesisuihkuleikkauksella tai laserleikkauksella saavutetaan r\u00e4\u00e4t\u00e4l\u00f6ityj\u00e4 mittoja ja geometriaa.<\/p>\n<p data-start=\"2920\" data-end=\"3127\">3. Rei\u00e4n poraus<br data-start=\"2940\" data-end=\"2943\" \/>L\u00e4pivientirei\u00e4t luodaan k\u00e4ytt\u00e4m\u00e4ll\u00e4 erikoistekniikoita, kuten ultra\u00e4\u00e4niporausta, CO\u2082-laserporausta tai mekaanista porausta, toleranssi- ja pinnanlaatuvaatimuksista riippuen.<\/p>\n<p data-start=\"3129\" data-end=\"3337\">4. Pintak\u00e4sittely<br data-start=\"3154\" data-end=\"3157\" \/>Optista kiillotusta (yksi- tai kaksipuolinen) k\u00e4ytet\u00e4\u00e4n korkean pinnan tasaisuuden ja alhaisen karheuden saavuttamiseksi. Saatavilla on my\u00f6s reunojen viimeistely\u00e4, viist\u00e4mist\u00e4 ja kemiallista kiillotusta.<\/p>\n<p data-start=\"3339\" data-end=\"3523\">5. Puhdistus ja tarkastus<br data-start=\"3367\" data-end=\"3370\" \/>Kaikki komponentit puhdistetaan tarkasti valvotuissa ymp\u00e4rist\u00f6iss\u00e4, ja niiden mittatarkkuus, pinnanlaatu ja optinen suorituskyky tarkastetaan.<\/p>\n<hr data-start=\"3525\" data-end=\"3528\" \/>\n<h2 data-section-id=\"1vt21ys\" data-start=\"3530\" data-end=\"3565\">Tekniset tiedot\uff08\u53c2\u6570\u8868\uff09<\/h2>\n<div class=\"TyagGW_tableContainer\">\n<div class=\"group TyagGW_tableWrapper flex flex-col-reverse w-fit\" tabindex=\"-1\">\n<table class=\"w-fit min-w-(--thread-content-width)\" data-start=\"3567\" data-end=\"4087\">\n<thead data-start=\"3567\" data-end=\"3595\">\n<tr data-start=\"3567\" data-end=\"3595\">\n<th class=\"\" data-start=\"3567\" data-end=\"3578\" data-col-size=\"sm\">Kiinteist\u00f6<\/th>\n<th class=\"\" data-start=\"3578\" data-end=\"3595\" data-col-size=\"sm\">Tyypillinen arvo<\/th>\n<\/tr>\n<\/thead>\n<tbody data-start=\"3624\" data-end=\"4087\">\n<tr data-start=\"3624\" data-end=\"3653\">\n<td data-start=\"3624\" data-end=\"3635\" data-col-size=\"sm\">Halkaisija<\/td>\n<td data-col-size=\"sm\" data-start=\"3635\" data-end=\"3653\">10 mm - 600 mm<\/td>\n<\/tr>\n<tr data-start=\"3654\" data-end=\"3682\">\n<td data-start=\"3654\" data-end=\"3663\" data-col-size=\"sm\">Pituus<\/td>\n<td data-col-size=\"sm\" data-start=\"3663\" data-end=\"3682\">10 mm - 1000 mm<\/td>\n<\/tr>\n<tr data-start=\"3683\" data-end=\"3710\">\n<td data-start=\"3683\" data-end=\"3691\" data-col-size=\"sm\">Leveys<\/td>\n<td data-col-size=\"sm\" data-start=\"3691\" data-end=\"3710\">10 mm - 1000 mm<\/td>\n<\/tr>\n<tr data-start=\"3711\" data-end=\"3741\">\n<td data-start=\"3711\" data-end=\"3723\" data-col-size=\"sm\">Paksuus<\/td>\n<td data-col-size=\"sm\" data-start=\"3723\" data-end=\"3741\">0,5 mm - 60 mm<\/td>\n<\/tr>\n<tr data-start=\"3742\" data-end=\"3782\">\n<td data-start=\"3742\" data-end=\"3753\" data-col-size=\"sm\">Materiaali<\/td>\n<td data-col-size=\"sm\" data-start=\"3753\" data-end=\"3782\">Eritt\u00e4in puhdas SiO\u2082 (&gt;99,9%)<\/td>\n<\/tr>\n<tr data-start=\"3783\" data-end=\"3812\">\n<td data-start=\"3783\" data-end=\"3793\" data-col-size=\"sm\">Tiheys<\/td>\n<td data-col-size=\"sm\" data-start=\"3793\" data-end=\"3812\">2,2 \u00d7 10\u00b3 kg\/m\u00b3<\/td>\n<\/tr>\n<tr data-start=\"3813\" data-end=\"3844\">\n<td data-start=\"3813\" data-end=\"3824\" data-col-size=\"sm\">Kovuus<\/td>\n<td data-col-size=\"sm\" data-start=\"3824\" data-end=\"3844\">5,3 - 6,5 (Mohs)<\/td>\n<\/tr>\n<tr data-start=\"3845\" data-end=\"3885\">\n<td data-start=\"3845\" data-end=\"3868\" data-col-size=\"sm\">Puristuslujuus<\/td>\n<td data-col-size=\"sm\" data-start=\"3868\" data-end=\"3885\">\uff1e1.1 \u00d7 10\u2079 Pa<\/td>\n<\/tr>\n<tr data-start=\"3886\" data-end=\"3923\">\n<td data-start=\"3886\" data-end=\"3906\" data-col-size=\"sm\">L\u00e4mp\u00f6laajeneminen<\/td>\n<td data-col-size=\"sm\" data-start=\"3906\" data-end=\"3923\">5.5 \u00d7 10-\u2077 \/\u2103<\/td>\n<\/tr>\n<tr data-start=\"3924\" data-end=\"3964\">\n<td data-start=\"3924\" data-end=\"3955\" data-col-size=\"sm\">Maksimil\u00e4mp\u00f6tila (lyhytaikainen)<\/td>\n<td data-col-size=\"sm\" data-start=\"3955\" data-end=\"3964\">1200\u2103<\/td>\n<\/tr>\n<tr data-start=\"3965\" data-end=\"4004\">\n<td data-start=\"3965\" data-end=\"3995\" data-col-size=\"sm\">Maksimil\u00e4mp\u00f6tila (pitk\u00e4aikainen)<\/td>\n<td data-col-size=\"sm\" data-start=\"3995\" data-end=\"4004\">1100\u2103<\/td>\n<\/tr>\n<tr data-start=\"4005\" data-end=\"4032\">\n<td data-start=\"4005\" data-end=\"4023\" data-col-size=\"sm\">Pehmenemispiste<\/td>\n<td data-col-size=\"sm\" data-start=\"4023\" data-end=\"4032\">1730\u2103<\/td>\n<\/tr>\n<tr data-start=\"4033\" data-end=\"4062\">\n<td data-start=\"4033\" data-end=\"4052\" data-col-size=\"sm\">Taitekerroin<\/td>\n<td data-col-size=\"sm\" data-start=\"4052\" data-end=\"4062\">1.4585<\/td>\n<\/tr>\n<tr data-start=\"4063\" data-end=\"4087\">\n<td data-start=\"4063\" data-end=\"4079\" data-col-size=\"sm\">L\u00e4p\u00e4isykyky<\/td>\n<td data-col-size=\"sm\" data-start=\"4079\" data-end=\"4087\">\u226585%<\/td>\n<\/tr>\n<\/tbody>\n<\/table>\n<\/div>\n<\/div>\n<hr data-start=\"4089\" data-end=\"4092\" \/>\n<h2 data-section-id=\"rp9ojj\" data-start=\"4094\" data-end=\"4118\">Sovellukset<\/h2>\n<p data-start=\"4120\" data-end=\"4293\">Mekaanisen lujuuden, optisen kirkkauden ja rakenteellisen r\u00e4\u00e4t\u00e4l\u00f6innin ainutlaatuisen yhdistelm\u00e4n ansiosta n\u00e4it\u00e4 kvartsilevyj\u00e4 k\u00e4ytet\u00e4\u00e4n laajalti useilla teollisuudenaloilla:<\/p>\n<h3 data-section-id=\"127s61j\" data-start=\"4295\" data-end=\"4323\">Puolijohdeteollisuus<\/h3>\n<p data-start=\"4324\" data-end=\"4513\">K\u00e4ytet\u00e4\u00e4n kiekkokannattimina, kaasunjakelulevyin\u00e4 (suihkup\u00e4\u00e4t) ja rakenneosina sy\u00f6vytys- ja laskeutusj\u00e4rjestelmiss\u00e4. Niiden korkea puhtaus takaa yhteensopivuuden puhdastilaprosessien kanssa.<\/p>\n<h3 data-section-id=\"fov9jx\" data-start=\"4515\" data-end=\"4552\">Mikrofluidiikka ja biotieteet<\/h3>\n<p data-start=\"4553\" data-end=\"4669\">Tarkkuusporatut rei\u00e4t mahdollistavat nesteen hallinnan mikrofluidisissa siruissa, lab-on-chip-laitteissa ja analyysilaitteissa.<\/p>\n<h3 data-section-id=\"oe8bok\" data-start=\"4671\" data-end=\"4697\">Optiikka ja fotoniikka<\/h3>\n<p data-start=\"4698\" data-end=\"4828\">Sovelletaan optisissa maskeissa, aukoissa, laserikkunoissa ja s\u00e4teen suuntausj\u00e4rjestelmiss\u00e4, joissa vaaditaan suurta l\u00e4p\u00e4isykyky\u00e4 ja vakautta.<\/p>\n<h3 data-section-id=\"tmu20s\" data-start=\"4830\" data-end=\"4855\">Tieteellinen tutkimus<\/h3>\n<p data-start=\"4856\" data-end=\"4996\">K\u00e4ytet\u00e4\u00e4n r\u00e4\u00e4t\u00e4l\u00f6idyiss\u00e4 reaktiokammioissa, korkean l\u00e4mp\u00f6tilan kokeissa ja sy\u00f6vytt\u00e4viss\u00e4 ymp\u00e4rist\u00f6iss\u00e4, joissa vakiomateriaalit eiv\u00e4t toimi luotettavasti.<\/p>\n<h3 data-section-id=\"kx9m10\" data-start=\"4998\" data-end=\"5041\">Kemialliset ja farmaseuttiset laitteet<\/h3>\n<p data-start=\"5042\" data-end=\"5163\">Ihanteellinen virtausreaktoreihin, n\u00e4ytteenottoj\u00e4rjestelmiin ja UV\/IR-spektroskopiakennoihin, joissa vaaditaan kemiallista kest\u00e4vyytt\u00e4 ja optista p\u00e4\u00e4sy\u00e4.<\/p>\n<hr data-start=\"5165\" data-end=\"5168\" \/>\n<h2 data-section-id=\"78ajvy\" data-start=\"5170\" data-end=\"5184\">FAQ<\/h2>\n<p data-start=\"5186\" data-end=\"5362\">Q1: Voiko rei\u00e4n kokoa ja sijaintia mukauttaa t\u00e4ysin?<br data-start=\"5241\" data-end=\"5244\" \/>Kyll\u00e4, kaikki mitat, mukaan lukien rei\u00e4n halkaisija (0,1-20 mm), sijainti ja asettelu voidaan mukauttaa CAD-piirustusten perusteella.<\/p>\n<p data-start=\"5364\" data-end=\"5581\">Q2: Mit\u00e4 eroa on JGS1:n ja JGS2:n v\u00e4lill\u00e4?<br data-start=\"5417\" data-end=\"5420\" \/>JGS1 on suunniteltu syv\u00e4n UV-s\u00e4teilyn sovelluksiin, joissa puhtaus on korkeampi, kun taas JGS2 soveltuu paremmin n\u00e4kyviin ja l\u00e4hi-infrapunasovelluksiin, joissa kustannustehokkuus on parempi.<\/p>\n<p data-start=\"5583\" data-end=\"5736\">Kysymys 3: Ovatko n\u00e4m\u00e4 kvartsilevyt kemiallisesti kest\u00e4vi\u00e4?<br data-start=\"5636\" data-end=\"5639\" \/>Kyll\u00e4, sulatettu kvartsi kest\u00e4\u00e4 hyvin useimpia happoja ja kemikaaleja, lukuun ottamatta fluorivetyhappoa (HF).<\/p>\n<p data-start=\"5738\" data-end=\"5873\">Kysymys 4: Voidaanko valmistaa useita reiki\u00e4 tai monimutkaisia muotoja?<br data-start=\"5795\" data-end=\"5798\" \/>Kyll\u00e4, monireik\u00e4iset mallit, urat ja monimutkaiset geometriat ovat t\u00e4ysin tuettuja.<\/p>","protected":false},"excerpt":{"rendered":"<p>Mukautetut sulatetut kvartsilevyt, joissa on l\u00e4pireiki\u00e4, ovat eritt\u00e4in tarkkoja komponentteja, jotka on valmistettu eritt\u00e4in puhtaasta piidioksidista (SiO\u2082 &gt; 99,9%). N\u00e4m\u00e4 levyt on suunniteltu erityisesti kehittyneisiin teollisiin ja tieteellisiin sovelluksiin, joissa l\u00e4mp\u00f6stabiilisuus, kemiallinen kest\u00e4vyys ja optinen suorituskyky ovat kriittisi\u00e4.<\/p>","protected":false},"featured_media":2759,"comment_status":"open","ping_status":"closed","template":"","meta":{"site-sidebar-layout":"default","site-content-layout":"","ast-site-content-layout":"default","site-content-style":"default","site-sidebar-style":"default","ast-global-header-display":"","ast-banner-title-visibility":"","ast-main-header-display":"","ast-hfb-above-header-display":"","ast-hfb-below-header-display":"","ast-hfb-mobile-header-display":"","site-post-title":"","ast-breadcrumbs-content":"","ast-featured-img":"","footer-sml-layout":"","ast-disable-related-posts":"","theme-transparent-header-meta":"default","adv-header-id-meta":"","stick-header-meta":"default","header-above-stick-meta":"","header-main-stick-meta":"","header-below-stick-meta":"","astra-migrate-meta-layouts":"set","ast-page-background-enabled":"default","ast-page-background-meta":{"desktop":{"background-color":"var(--ast-global-color-4)","background-image":"","background-repeat":"repeat","background-position":"center center","background-size":"auto","background-attachment":"scroll","background-type":"","background-media":"","overlay-type":"","overlay-color":"","overlay-opacity":"","overlay-gradient":""},"tablet":{"background-color":"","background-image":"","background-repeat":"repeat","background-position":"center center","background-size":"auto","background-attachment":"scroll","background-type":"","background-media":"","overlay-type":"","overlay-color":"","overlay-opacity":"","overlay-gradient":""},"mobile":{"background-color":"","background-image":"","background-repeat":"repeat","background-position":"center center","background-size":"auto","background-attachment":"scroll","background-type":"","background-media":"","overlay-type":"","overlay-color":"","overlay-opacity":"","overlay-gradient":""}},"ast-content-background-meta":{"desktop":{"background-color":"var(--ast-global-color-5)","background-image":"","background-repeat":"repeat","background-position":"center center","background-size":"auto","background-attachment":"scroll","background-type":"","background-media":"","overlay-type":"","overlay-color":"","overlay-opacity":"","overlay-gradient":""},"tablet":{"background-color":"var(--ast-global-color-5)","background-image":"","background-repeat":"repeat","background-position":"center center","background-size":"auto","background-attachment":"scroll","background-type":"","background-media":"","overlay-type":"","overlay-color":"","overlay-opacity":"","overlay-gradient":""},"mobile":{"background-color":"var(--ast-global-color-5)","background-image":"","background-repeat":"repeat","background-position":"center center","background-size":"auto","background-attachment":"scroll","background-type":"","background-media":"","overlay-type":"","overlay-color":"","overlay-opacity":"","overlay-gradient":""}}},"product_brand":[],"product_cat":[150],"product_tag":[242,937,502,385,939,940,197,936,938,694],"class_list":{"0":"post-2755","1":"product","2":"type-product","3":"status-publish","4":"has-post-thumbnail","6":"product_cat-quartz-plate","7":"product_tag-custom-quartz-glass","8":"product_tag-drilled-quartz-substrate","9":"product_tag-fused-quartz-plate","10":"product_tag-fused-silica-plate","11":"product_tag-jgs-quartz","12":"product_tag-optical-quartz-components","13":"product_tag-optical-quartz-plate","14":"product_tag-quartz-plate-with-holes","15":"product_tag-quartz-wafer-plate","16":"product_tag-semiconductor-quartz-parts","17":"desktop-align-left","18":"tablet-align-left","19":"mobile-align-left","20":"ast-product-gallery-layout-horizontal","21":"ast-product-tabs-layout-horizontal","23":"first","24":"instock","25":"shipping-taxable","26":"product-type-simple"},"_links":{"self":[{"href":"https:\/\/www.fuyao-quartz.com\/fi\/wp-json\/wp\/v2\/product\/2755","targetHints":{"allow":["GET"]}}],"collection":[{"href":"https:\/\/www.fuyao-quartz.com\/fi\/wp-json\/wp\/v2\/product"}],"about":[{"href":"https:\/\/www.fuyao-quartz.com\/fi\/wp-json\/wp\/v2\/types\/product"}],"replies":[{"embeddable":true,"href":"https:\/\/www.fuyao-quartz.com\/fi\/wp-json\/wp\/v2\/comments?post=2755"}],"version-history":[{"count":2,"href":"https:\/\/www.fuyao-quartz.com\/fi\/wp-json\/wp\/v2\/product\/2755\/revisions"}],"predecessor-version":[{"id":2762,"href":"https:\/\/www.fuyao-quartz.com\/fi\/wp-json\/wp\/v2\/product\/2755\/revisions\/2762"}],"wp:featuredmedia":[{"embeddable":true,"href":"https:\/\/www.fuyao-quartz.com\/fi\/wp-json\/wp\/v2\/media\/2759"}],"wp:attachment":[{"href":"https:\/\/www.fuyao-quartz.com\/fi\/wp-json\/wp\/v2\/media?parent=2755"}],"wp:term":[{"taxonomy":"product_brand","embeddable":true,"href":"https:\/\/www.fuyao-quartz.com\/fi\/wp-json\/wp\/v2\/product_brand?post=2755"},{"taxonomy":"product_cat","embeddable":true,"href":"https:\/\/www.fuyao-quartz.com\/fi\/wp-json\/wp\/v2\/product_cat?post=2755"},{"taxonomy":"product_tag","embeddable":true,"href":"https:\/\/www.fuyao-quartz.com\/fi\/wp-json\/wp\/v2\/product_tag?post=2755"}],"curies":[{"name":"wp","href":"https:\/\/api.w.org\/{rel}","templated":true}]}}