{"id":2668,"date":"2026-04-16T03:45:00","date_gmt":"2026-04-16T03:45:00","guid":{"rendered":"https:\/\/www.fuyao-quartz.com\/?post_type=product&#038;p=2668"},"modified":"2026-04-16T03:55:23","modified_gmt":"2026-04-16T03:55:23","slug":"korkeaa-lampotilaa-kestava-safiirijohdannainen-kuitu-ankaran-ympariston-infrapuna-anturia-varten","status":"publish","type":"product","link":"https:\/\/www.fuyao-quartz.com\/fi\/product\/high-temperature-resistant-sapphire-derived-fiber-for-harsh-environment-infrared-sensing\/","title":{"rendered":"Korkean l\u00e4mp\u00f6tilan kest\u00e4v\u00e4 safiirista valmistettu kuitu kovien olosuhteiden ja infrapunahavaintojen mittaamiseen."},"content":{"rendered":"<p data-start=\"502\" data-end=\"696\"><img fetchpriority=\"high\" decoding=\"async\" class=\"alignright wp-image-2675 size-medium\" src=\"https:\/\/www.fuyao-quartz.com\/wp-content\/uploads\/2026\/04\/High-Temperature-Resistant-Sapphire-Derived-Fiber-for-Harsh-Environment-Infrared-Sensing2-300x300.jpg\" alt=\"Korkean l\u00e4mp\u00f6tilan kest\u00e4v\u00e4 safiirista valmistettu kuitu kovien olosuhteiden ja infrapunahavaintojen mittaamiseen.\" width=\"300\" height=\"300\" srcset=\"https:\/\/www.fuyao-quartz.com\/wp-content\/uploads\/2026\/04\/High-Temperature-Resistant-Sapphire-Derived-Fiber-for-Harsh-Environment-Infrared-Sensing2-300x300.jpg 300w, https:\/\/www.fuyao-quartz.com\/wp-content\/uploads\/2026\/04\/High-Temperature-Resistant-Sapphire-Derived-Fiber-for-Harsh-Environment-Infrared-Sensing2-150x150.jpg 150w, https:\/\/www.fuyao-quartz.com\/wp-content\/uploads\/2026\/04\/High-Temperature-Resistant-Sapphire-Derived-Fiber-for-Harsh-Environment-Infrared-Sensing2-768x768.jpg 768w, https:\/\/www.fuyao-quartz.com\/wp-content\/uploads\/2026\/04\/High-Temperature-Resistant-Sapphire-Derived-Fiber-for-Harsh-Environment-Infrared-Sensing2-12x12.jpg 12w, https:\/\/www.fuyao-quartz.com\/wp-content\/uploads\/2026\/04\/High-Temperature-Resistant-Sapphire-Derived-Fiber-for-Harsh-Environment-Infrared-Sensing2-600x600.jpg 600w, https:\/\/www.fuyao-quartz.com\/wp-content\/uploads\/2026\/04\/High-Temperature-Resistant-Sapphire-Derived-Fiber-for-Harsh-Environment-Infrared-Sensing2-100x100.jpg 100w, https:\/\/www.fuyao-quartz.com\/wp-content\/uploads\/2026\/04\/High-Temperature-Resistant-Sapphire-Derived-Fiber-for-Harsh-Environment-Infrared-Sensing2.jpg 1000w\" sizes=\"(max-width: 300px) 100vw, 300px\" \/>Sapphire Optical Fiber, joka tunnetaan my\u00f6s nimell\u00e4 Sapphire-Derived Fiber (SDF), on uuden sukupolven korkean l\u00e4mp\u00f6tilan optinen siirtoratkaisu, joka on valmistettu yksikiteisest\u00e4 alumiinioksidista (Al\u2082O\u2083).<\/p>\n<p data-start=\"698\" data-end=\"939\">T\u00e4ss\u00e4 kuidussa yhdistyv\u00e4t sauva-putkessa -tekniikan avulla safiirin rakenteellinen eheys ja joustava optinen muotoilu, mik\u00e4 mahdollistaa luotettavan signaalinsiirron ymp\u00e4rist\u00f6iss\u00e4, joissa tavanomaiset piikuidut hajoavat nopeasti.<\/p>\n<p data-start=\"941\" data-end=\"1187\">\u00c4\u00e4rimm\u00e4isiin k\u00e4ytt\u00f6olosuhteisiin suunniteltu SDF-kuitu tarjoaa vakaan suorituskyvyn korkeissa l\u00e4mp\u00f6tiloissa, korkeassa paineessa, sy\u00f6vytt\u00e4viss\u00e4 v\u00e4liaineissa ja s\u00e4teilylle altistumisessa, mik\u00e4 tekee siit\u00e4 kriittisen materiaalin kehittyneille anturi- ja teollisuuden valvontaj\u00e4rjestelmille.<\/p>\n<h3 data-section-id=\"v5a7mu\" data-start=\"1194\" data-end=\"1229\"><span role=\"text\"><strong data-start=\"1198\" data-end=\"1229\">Keskeiset suorituskyvyn kohokohdat<\/strong><\/span><\/h3>\n<p data-start=\"1231\" data-end=\"1371\"><strong data-start=\"1231\" data-end=\"1265\">\u00c4\u00e4rimm\u00e4isten l\u00e4mp\u00f6tilojen toimintakyky<\/strong><br data-start=\"1265\" data-end=\"1268\" \/>S\u00e4ilytt\u00e4\u00e4 optisen ja mekaanisen vakauden 1400 \u00b0C:seen (lyhytaikainen k\u00e4ytt\u00f6) ja 1000 \u00b0C:seen (jatkuva k\u00e4ytt\u00f6) asti.<\/p>\n<p data-start=\"1373\" data-end=\"1530\"><strong data-start=\"1373\" data-end=\"1413\">Ylivoimainen taivutus ja rakenteellinen eheys<\/strong><br data-start=\"1413\" data-end=\"1416\" \/>Toisin kuin piidioksidikuidut, safiirikuitu s\u00e4ilytt\u00e4\u00e4 rakenteellisen vakauden l\u00e4mp\u00f6laajenemisen ja mekaanisen rasituksen aikana.<\/p>\n<p data-start=\"1532\" data-end=\"1685\"><strong data-start=\"1532\" data-end=\"1570\">Infrapunas\u00e4teilyn siirron optimointi<\/strong><br data-start=\"1570\" data-end=\"1573\" \/>Laaja aallonpituusalue (1300-2000 nm) tukee infrapuna-anturia, spektroskopiaa ja l\u00e4mp\u00f6diagnostiikkaa.<\/p>\n<p data-start=\"1687\" data-end=\"1830\"><strong data-start=\"1687\" data-end=\"1726\">Alhainen vaimennus vaikeissa olosuhteissa<\/strong><br data-start=\"1726\" data-end=\"1729\" \/>Tyypillinen siirtoh\u00e4vi\u00f6 \u22642 dB\/m @1550 nm, mik\u00e4 takaa k\u00e4ytt\u00f6kelpoisen signaalin eheyden \u00e4\u00e4riolosuhteissa.<\/p>\n<p data-start=\"1832\" data-end=\"1968\"><strong data-start=\"1832\" data-end=\"1858\">Monimuotoinen joustavuus<\/strong><br data-start=\"1858\" data-end=\"1861\" \/>Tukee single-mode-, few-mode- ja multi-mode-konfiguraatioita erilaisia havainto- ja siirtotarpeita varten.<\/p>\n<p data-start=\"1970\" data-end=\"2095\"><strong data-start=\"1970\" data-end=\"1999\">T\u00e4ysin muokattavissa oleva muotoilu<\/strong><br data-start=\"1999\" data-end=\"2002\" \/>S\u00e4\u00e4dett\u00e4v\u00e4 ytimen koko, vaipan halkaisija, p\u00e4\u00e4llystemateriaalit, NA ja taitekerroinprofiili.<\/p>\n<h3 data-section-id=\"46hbre\" data-start=\"2102\" data-end=\"2130\"><span role=\"text\"><strong data-start=\"2106\" data-end=\"2130\">Tekniset tiedot<\/strong><\/span><\/h3>\n<h4 data-start=\"2132\" data-end=\"2159\"><span role=\"text\"><strong data-start=\"2137\" data-end=\"2159\">Optiset parametrit<\/strong><\/span><\/h4>\n<div class=\"TyagGW_tableContainer\">\n<div class=\"group TyagGW_tableWrapper flex flex-col-reverse w-fit\" tabindex=\"-1\">\n<table class=\"w-fit min-w-(--thread-content-width)\" data-start=\"2161\" data-end=\"2386\">\n<thead data-start=\"2161\" data-end=\"2190\">\n<tr data-start=\"2161\" data-end=\"2190\">\n<th class=\"\" data-start=\"2161\" data-end=\"2173\" data-col-size=\"sm\">Parametri<\/th>\n<th class=\"\" data-start=\"2173\" data-end=\"2190\" data-col-size=\"sm\">Tekniset tiedot<\/th>\n<\/tr>\n<\/thead>\n<tbody data-start=\"2218\" data-end=\"2386\">\n<tr data-start=\"2218\" data-end=\"2259\">\n<td data-start=\"2218\" data-end=\"2241\" data-col-size=\"sm\">Toimiva aallonpituus<\/td>\n<td data-col-size=\"sm\" data-start=\"2241\" data-end=\"2259\">1300 - 2000 nm<\/td>\n<\/tr>\n<tr data-start=\"2260\" data-end=\"2301\">\n<td data-start=\"2260\" data-end=\"2280\" data-col-size=\"sm\">Siirtoh\u00e4vi\u00f6<\/td>\n<td data-col-size=\"sm\" data-start=\"2280\" data-end=\"2301\">\u2264 2 dB\/m @1550 nm<\/td>\n<\/tr>\n<tr data-start=\"2302\" data-end=\"2336\">\n<td data-start=\"2302\" data-end=\"2323\" data-col-size=\"sm\">Numeerinen aukko<\/td>\n<td data-col-size=\"sm\" data-start=\"2323\" data-end=\"2336\">0.3 - 0.5<\/td>\n<\/tr>\n<tr data-start=\"2337\" data-end=\"2386\">\n<td data-start=\"2337\" data-end=\"2357\" data-col-size=\"sm\">L\u00e4hetystila<\/td>\n<td data-col-size=\"sm\" data-start=\"2357\" data-end=\"2386\">Yksitt\u00e4inen \/ Muutama \/ Monimoodi<\/td>\n<\/tr>\n<\/tbody>\n<\/table>\n<\/div>\n<\/div>\n<hr data-start=\"2388\" data-end=\"2391\" \/>\n<h4 data-start=\"2393\" data-end=\"2417\"><span role=\"text\"><strong data-start=\"2398\" data-end=\"2417\">Kuiturakenne<\/strong><\/span><\/h4>\n<div class=\"TyagGW_tableContainer\">\n<div class=\"group TyagGW_tableWrapper flex flex-col-reverse w-fit\" tabindex=\"-1\">\n<table class=\"w-fit min-w-(--thread-content-width)\" data-start=\"2419\" data-end=\"2602\">\n<thead data-start=\"2419\" data-end=\"2448\">\n<tr data-start=\"2419\" data-end=\"2448\">\n<th class=\"\" data-start=\"2419\" data-end=\"2431\" data-col-size=\"sm\">Parametri<\/th>\n<th class=\"\" data-start=\"2431\" data-end=\"2448\" data-col-size=\"sm\">Tekniset tiedot<\/th>\n<\/tr>\n<\/thead>\n<tbody data-start=\"2476\" data-end=\"2602\">\n<tr data-start=\"2476\" data-end=\"2513\">\n<td data-start=\"2476\" data-end=\"2492\" data-col-size=\"sm\">Ytimen halkaisija<\/td>\n<td data-col-size=\"sm\" data-start=\"2492\" data-end=\"2513\">5 - 20 \u03bcm (\u00b11 \u03bcm)<\/td>\n<\/tr>\n<tr data-start=\"2514\" data-end=\"2558\">\n<td data-start=\"2514\" data-end=\"2534\" data-col-size=\"sm\">Verhouksen halkaisija<\/td>\n<td data-col-size=\"sm\" data-start=\"2534\" data-end=\"2558\">100 - 250 \u03bcm (\u00b11 \u03bcm)<\/td>\n<\/tr>\n<tr data-start=\"2559\" data-end=\"2602\">\n<td data-start=\"2559\" data-end=\"2578\" data-col-size=\"sm\">Pinnoite Halkaisija<\/td>\n<td data-col-size=\"sm\" data-start=\"2578\" data-end=\"2602\">200 - 350 \u03bcm (\u00b11 \u03bcm)<\/td>\n<\/tr>\n<\/tbody>\n<\/table>\n<\/div>\n<\/div>\n<h4 data-start=\"2609\" data-end=\"2649\"><span role=\"text\"><strong data-start=\"2614\" data-end=\"2649\">Suorituskyky \u00e4\u00e4rimm\u00e4isiss\u00e4 ymp\u00e4rist\u00f6iss\u00e4<\/strong><\/span><\/h4>\n<div class=\"TyagGW_tableContainer\">\n<div class=\"group TyagGW_tableWrapper flex flex-col-reverse w-fit\" tabindex=\"-1\">\n<table class=\"w-fit min-w-(--thread-content-width)\" data-start=\"2651\" data-end=\"2834\">\n<thead data-start=\"2651\" data-end=\"2680\">\n<tr data-start=\"2651\" data-end=\"2680\">\n<th class=\"\" data-start=\"2651\" data-end=\"2663\" data-col-size=\"sm\">Parametri<\/th>\n<th class=\"\" data-start=\"2663\" data-end=\"2680\" data-col-size=\"sm\">Tekniset tiedot<\/th>\n<\/tr>\n<\/thead>\n<tbody data-start=\"2708\" data-end=\"2834\">\n<tr data-start=\"2708\" data-end=\"2745\">\n<td data-start=\"2708\" data-end=\"2733\" data-col-size=\"sm\">Lyhyen aikav\u00e4lin l\u00e4mp\u00f6tila<\/td>\n<td data-col-size=\"sm\" data-start=\"2733\" data-end=\"2745\">\u2264 1400\u00b0C<\/td>\n<\/tr>\n<tr data-start=\"2746\" data-end=\"2782\">\n<td data-start=\"2746\" data-end=\"2770\" data-col-size=\"sm\">Pitk\u00e4aikainen l\u00e4mp\u00f6tila<\/td>\n<td data-col-size=\"sm\" data-start=\"2770\" data-end=\"2782\">\u2264 1000\u00b0C<\/td>\n<\/tr>\n<tr data-start=\"2783\" data-end=\"2834\">\n<td data-start=\"2783\" data-end=\"2813\" data-col-size=\"sm\">Taitekertoimen modulointi<\/td>\n<td data-col-size=\"sm\" data-start=\"2813\" data-end=\"2834\">\u2264 0,015 (s\u00e4\u00e4dett\u00e4viss\u00e4)<\/td>\n<\/tr>\n<\/tbody>\n<\/table>\n<\/div>\n<\/div>\n<h3 data-section-id=\"xsh55s\" data-start=\"2841\" data-end=\"2873\"><span role=\"text\"><strong data-start=\"2845\" data-end=\"2873\"><img decoding=\"async\" class=\"aligncenter wp-image-2671 size-full\" src=\"https:\/\/www.fuyao-quartz.com\/wp-content\/uploads\/2026\/04\/Sapphire-Derived-Fiber-SDF-High-Temperature-Sapphire-Optical-Fiber-for-Extreme-Environment-Sensing-Infrared-Transmission3.png\" alt=\"\" width=\"836\" height=\"314\" srcset=\"https:\/\/www.fuyao-quartz.com\/wp-content\/uploads\/2026\/04\/Sapphire-Derived-Fiber-SDF-High-Temperature-Sapphire-Optical-Fiber-for-Extreme-Environment-Sensing-Infrared-Transmission3.png 836w, https:\/\/www.fuyao-quartz.com\/wp-content\/uploads\/2026\/04\/Sapphire-Derived-Fiber-SDF-High-Temperature-Sapphire-Optical-Fiber-for-Extreme-Environment-Sensing-Infrared-Transmission3-300x113.png 300w, https:\/\/www.fuyao-quartz.com\/wp-content\/uploads\/2026\/04\/Sapphire-Derived-Fiber-SDF-High-Temperature-Sapphire-Optical-Fiber-for-Extreme-Environment-Sensing-Infrared-Transmission3-768x288.png 768w, https:\/\/www.fuyao-quartz.com\/wp-content\/uploads\/2026\/04\/Sapphire-Derived-Fiber-SDF-High-Temperature-Sapphire-Optical-Fiber-for-Extreme-Environment-Sensing-Infrared-Transmission3-18x7.png 18w, https:\/\/www.fuyao-quartz.com\/wp-content\/uploads\/2026\/04\/Sapphire-Derived-Fiber-SDF-High-Temperature-Sapphire-Optical-Fiber-for-Extreme-Environment-Sensing-Infrared-Transmission3-600x225.png 600w\" sizes=\"(max-width: 836px) 100vw, 836px\" \/>Valmistustekniikka<\/strong><\/span><\/h3>\n<p data-start=\"2875\" data-end=\"2972\">SDF-kuitua valmistetaan tarkkuusohjatun kiteenkasvatuksen ja kuidunmuodostustekniikan avulla:<\/p>\n<ul data-start=\"2974\" data-end=\"3088\">\n<li data-section-id=\"qy4vzv\" data-start=\"2974\" data-end=\"3009\">Rod-in-Tube valmistusprosessi<\/li>\n<li data-section-id=\"1pxemqt\" data-start=\"3010\" data-end=\"3049\">Laserl\u00e4mmitteinen jalustakasvu (LHPG)<\/li>\n<li data-section-id=\"lpmdtj\" data-start=\"3050\" data-end=\"3088\">Reunam\u00e4\u00e4ritelty kalvopohjainen kasvu (EFG)<\/li>\n<\/ul>\n<p data-start=\"3090\" data-end=\"3120\">N\u00e4m\u00e4 kehittyneet menetelm\u00e4t varmistavat:<\/p>\n<ul data-start=\"3122\" data-end=\"3252\">\n<li data-section-id=\"126pemv\" data-start=\"3122\" data-end=\"3145\">Korkea kristallien puhtaus<\/li>\n<li data-section-id=\"1p0rhwf\" data-start=\"3146\" data-end=\"3181\">Vakaa taitekerroinprofiili<\/li>\n<li data-section-id=\"1abdgdb\" data-start=\"3182\" data-end=\"3219\">Erinomainen mittasuhteiden johdonmukaisuus<\/li>\n<li data-section-id=\"khp7r8\" data-start=\"3220\" data-end=\"3252\">Luotettava optinen suorituskyky<\/li>\n<\/ul>\n<h3 data-section-id=\"15ubjhd\" data-start=\"3259\" data-end=\"3288\"><span role=\"text\"><strong data-start=\"3263\" data-end=\"3288\">Sovellusskenaariot<\/strong><\/span><\/h3>\n<p><img decoding=\"async\" class=\"alignright wp-image-2674 size-medium\" src=\"https:\/\/www.fuyao-quartz.com\/wp-content\/uploads\/2026\/04\/High-Temperature-Resistant-Sapphire-Derived-Fiber-for-Harsh-Environment-Infrared-Sensing-300x300.jpg\" alt=\"Korkean l\u00e4mp\u00f6tilan kest\u00e4v\u00e4 safiirista valmistettu kuitu kovien olosuhteiden ja infrapunahavaintojen mittaamiseen.\" width=\"300\" height=\"300\" srcset=\"https:\/\/www.fuyao-quartz.com\/wp-content\/uploads\/2026\/04\/High-Temperature-Resistant-Sapphire-Derived-Fiber-for-Harsh-Environment-Infrared-Sensing-300x300.jpg 300w, https:\/\/www.fuyao-quartz.com\/wp-content\/uploads\/2026\/04\/High-Temperature-Resistant-Sapphire-Derived-Fiber-for-Harsh-Environment-Infrared-Sensing-150x150.jpg 150w, https:\/\/www.fuyao-quartz.com\/wp-content\/uploads\/2026\/04\/High-Temperature-Resistant-Sapphire-Derived-Fiber-for-Harsh-Environment-Infrared-Sensing-768x768.jpg 768w, https:\/\/www.fuyao-quartz.com\/wp-content\/uploads\/2026\/04\/High-Temperature-Resistant-Sapphire-Derived-Fiber-for-Harsh-Environment-Infrared-Sensing-12x12.jpg 12w, https:\/\/www.fuyao-quartz.com\/wp-content\/uploads\/2026\/04\/High-Temperature-Resistant-Sapphire-Derived-Fiber-for-Harsh-Environment-Infrared-Sensing-600x600.jpg 600w, https:\/\/www.fuyao-quartz.com\/wp-content\/uploads\/2026\/04\/High-Temperature-Resistant-Sapphire-Derived-Fiber-for-Harsh-Environment-Infrared-Sensing-100x100.jpg 100w, https:\/\/www.fuyao-quartz.com\/wp-content\/uploads\/2026\/04\/High-Temperature-Resistant-Sapphire-Derived-Fiber-for-Harsh-Environment-Infrared-Sensing.jpg 1000w\" sizes=\"(max-width: 300px) 100vw, 300px\" \/><\/p>\n<p data-start=\"3290\" data-end=\"3427\"><strong data-start=\"3290\" data-end=\"3332\">Korkean l\u00e4mp\u00f6tilan teollinen valvonta<\/strong><br data-start=\"3332\" data-end=\"3335\" \/>K\u00e4ytet\u00e4\u00e4n uuneissa, uuneissa ja metallien k\u00e4sittelyj\u00e4rjestelmiss\u00e4 reaaliaikaiseen l\u00e4mp\u00f6tilan mittaukseen.<\/p>\n<p data-start=\"3429\" data-end=\"3561\"><strong data-start=\"3429\" data-end=\"3460\">Ilmailu ja turbiinij\u00e4rjestelm\u00e4t<\/strong><br data-start=\"3460\" data-end=\"3463\" \/>Mahdollistaa anturoinnin suihkumoottoreiden ja kaasuturbiinien sis\u00e4ll\u00e4, joissa l\u00e4mp\u00f6tilat ylitt\u00e4v\u00e4t kvartsikuitujen raja-arvot.<\/p>\n<p data-start=\"3563\" data-end=\"3665\"><strong data-start=\"3563\" data-end=\"3588\">\u00d6ljyn ja kaasun etsint\u00e4<\/strong><br data-start=\"3588\" data-end=\"3591\" \/>Soveltuu korkeapaineisten ja -l\u00e4mp\u00f6isten porausreikien mittaukseen.<\/p>\n<p data-start=\"3667\" data-end=\"3776\"><strong data-start=\"3667\" data-end=\"3703\">Ydin- ja s\u00e4teily-ymp\u00e4rist\u00f6t<\/strong><br data-start=\"3703\" data-end=\"3706\" \/>S\u00e4ilytt\u00e4\u00e4 suorituskyvyn s\u00e4teilyaltistuksessa ja \u00e4\u00e4riolosuhteissa.<\/p>\n<p data-start=\"3778\" data-end=\"3875\"><strong data-start=\"3778\" data-end=\"3806\">Infrapunaoptiset j\u00e4rjestelm\u00e4t<\/strong><br data-start=\"3806\" data-end=\"3809\" \/>Sovelletaan spektroskopiassa, l\u00e4mp\u00f6kuvauksessa ja optisessa diagnostiikassa.<\/p>\n<p data-start=\"3877\" data-end=\"3972\"><strong data-start=\"3877\" data-end=\"3908\">Palamisen analysointij\u00e4rjestelm\u00e4t<\/strong><br data-start=\"3908\" data-end=\"3911\" \/>K\u00e4ytet\u00e4\u00e4n liekin seurantaan ja palamistehokkuuden analysointiin.<\/p>\n<h3 data-section-id=\"38uvt\" data-start=\"3979\" data-end=\"4029\"><span role=\"text\"><strong data-start=\"3983\" data-end=\"4029\">Vertailu: Sapphire Fiber vs. Silica Fiber (kvartsikuitu)<\/strong><\/span><\/h3>\n<div class=\"TyagGW_tableContainer\">\n<div class=\"group TyagGW_tableWrapper flex flex-col-reverse w-fit\" tabindex=\"-1\">\n<table class=\"w-fit min-w-(--thread-content-width)\" data-start=\"4031\" data-end=\"4393\">\n<thead data-start=\"4031\" data-end=\"4090\">\n<tr data-start=\"4031\" data-end=\"4090\">\n<th class=\"\" data-start=\"4031\" data-end=\"4041\" data-col-size=\"sm\">Ominaisuus<\/th>\n<th class=\"\" data-start=\"4041\" data-end=\"4066\" data-col-size=\"sm\">Safiiri optinen kuitu<\/th>\n<th class=\"\" data-start=\"4066\" data-end=\"4090\" data-col-size=\"sm\">Piidioksidi optinen kuitu<\/th>\n<\/tr>\n<\/thead>\n<tbody data-start=\"4147\" data-end=\"4393\">\n<tr data-start=\"4147\" data-end=\"4185\">\n<td data-start=\"4147\" data-end=\"4165\" data-col-size=\"sm\">Max l\u00e4mp\u00f6tila<\/td>\n<td data-col-size=\"sm\" data-start=\"4165\" data-end=\"4174\">1400\u00b0C<\/td>\n<td data-col-size=\"sm\" data-start=\"4174\" data-end=\"4185\">~1000\u00b0C<\/td>\n<\/tr>\n<tr data-start=\"4186\" data-end=\"4235\">\n<td data-start=\"4186\" data-end=\"4208\" data-col-size=\"sm\">Mekaaninen lujuus<\/td>\n<td data-col-size=\"sm\" data-start=\"4208\" data-end=\"4225\">Eritt\u00e4in korkea<\/td>\n<td data-col-size=\"sm\" data-start=\"4225\" data-end=\"4235\">Medium<\/td>\n<\/tr>\n<tr data-start=\"4236\" data-end=\"4283\">\n<td data-start=\"4236\" data-end=\"4259\" data-col-size=\"sm\">Korroosionkest\u00e4vyys<\/td>\n<td data-col-size=\"sm\" data-start=\"4259\" data-end=\"4271\">Erinomainen<\/td>\n<td data-col-size=\"sm\" data-start=\"4271\" data-end=\"4283\">Kohtalainen<\/td>\n<\/tr>\n<tr data-start=\"4284\" data-end=\"4327\">\n<td data-start=\"4284\" data-end=\"4307\" data-col-size=\"sm\">Infrapuna Suorituskyky<\/td>\n<td data-col-size=\"sm\" data-start=\"4307\" data-end=\"4316\">Vahva<\/td>\n<td data-col-size=\"sm\" data-start=\"4316\" data-end=\"4327\">Rajoitettu<\/td>\n<\/tr>\n<tr data-start=\"4328\" data-end=\"4393\">\n<td data-start=\"4328\" data-end=\"4348\" data-col-size=\"sm\">Sovelluksen painopiste<\/td>\n<td data-col-size=\"sm\" data-start=\"4348\" data-end=\"4369\">Ankarat ymp\u00e4rist\u00f6t<\/td>\n<td data-col-size=\"sm\" data-start=\"4369\" data-end=\"4393\">Televiestinn\u00e4n siirto<\/td>\n<\/tr>\n<\/tbody>\n<\/table>\n<\/div>\n<\/div>\n<h3 data-section-id=\"1a8rgfb\" data-start=\"4400\" data-end=\"4445\"><span role=\"text\"><strong data-start=\"4404\" data-end=\"4445\">Miksi valita safiirioptinen kuitumme?<\/strong><\/span><\/h3>\n<ul data-start=\"4447\" data-end=\"4702\">\n<li data-section-id=\"ezgkz5\" data-start=\"4447\" data-end=\"4505\">Vakaa tarjonta teollisuus- ja tutkimussovelluksia varten<\/li>\n<li data-section-id=\"byeoj\" data-start=\"4506\" data-end=\"4556\">Tiukka mittojen ja optinen laadunvalvonta<\/li>\n<li data-section-id=\"tx2axg\" data-start=\"4557\" data-end=\"4610\">R\u00e4\u00e4t\u00e4l\u00f6ity tuotantokapasiteetti erikoisprojekteja varten<\/li>\n<li data-section-id=\"11is8nf\" data-start=\"4611\" data-end=\"4660\">Tekninen tuki sovellusten integroinnille<\/li>\n<li data-section-id=\"dtiaw0\" data-start=\"4661\" data-end=\"4702\">Soveltuu OEM- ja irtotavarahankintoihin<\/li>\n<\/ul>\n<h3 data-section-id=\"1l5drzk\" data-start=\"4709\" data-end=\"4720\"><span role=\"text\"><strong data-start=\"4713\" data-end=\"4720\">FAQ<\/strong><\/span><\/h3>\n<p data-start=\"4722\" data-end=\"4927\"><strong data-start=\"4722\" data-end=\"4788\">Mik\u00e4 erottaa safiirioptisen kuidun silikakuiduista?<\/strong><br data-start=\"4788\" data-end=\"4791\" \/>Safiirikuitu on suunniteltu \u00e4\u00e4riolosuhteisiin, ja sen l\u00e4mp\u00f6tilankest\u00e4vyys ja mekaaninen kest\u00e4vyys ovat korkeammat kuin kvartsikuidun.<\/p>\n<p data-start=\"4929\" data-end=\"5060\"><strong data-start=\"4929\" data-end=\"4962\">Voidaanko t\u00e4t\u00e4 kuitua r\u00e4\u00e4t\u00e4l\u00f6id\u00e4?<\/strong><br data-start=\"4962\" data-end=\"4965\" \/>Kyll\u00e4, kaikki keskeiset parametrit, kuten halkaisija, NA, pinnoite ja siirtotapa, voidaan r\u00e4\u00e4t\u00e4l\u00f6id\u00e4.<\/p>\n<p data-start=\"5062\" data-end=\"5220\"><strong data-start=\"5062\" data-end=\"5104\">Soveltuuko se televiestint\u00e4\u00e4n?<\/strong><br data-start=\"5104\" data-end=\"5107\" \/>Sit\u00e4 k\u00e4ytet\u00e4\u00e4n p\u00e4\u00e4asiassa anturi- ja vaativissa ymp\u00e4rist\u00f6iss\u00e4 pikemminkin kuin pitk\u00e4n matkan tietoliikenteess\u00e4 suuremman vaimennuksen vuoksi.<\/p>\n<p data-start=\"5222\" data-end=\"5345\"><strong data-start=\"5222\" data-end=\"5266\">Mill\u00e4 teollisuudenaloilla SDF-kuitua tyypillisesti k\u00e4ytet\u00e4\u00e4n?<\/strong><br data-start=\"5266\" data-end=\"5269\" \/>Ilmailu- ja avaruusteollisuus, energia-, \u00f6ljy- ja kaasuala, ydinvoima ja teollinen valmistus.<\/p>","protected":false},"excerpt":{"rendered":"<p data-start=\"502\" data-end=\"696\">Sapphire Optical Fiber, joka tunnetaan my\u00f6s nimell\u00e4 Sapphire-Derived Fiber (SDF), on uuden sukupolven korkean l\u00e4mp\u00f6tilan optinen siirtoratkaisu, joka on valmistettu yksikiteisest\u00e4 alumiinioksidista (Al\u2082O\u2083).<\/p>\n<p data-start=\"698\" data-end=\"939\">T\u00e4ss\u00e4 kuidussa yhdistyv\u00e4t sauva-putkessa -tekniikan avulla safiirin rakenteellinen eheys ja joustava optinen muotoilu, mik\u00e4 mahdollistaa luotettavan signaalinsiirron ymp\u00e4rist\u00f6iss\u00e4, joissa tavanomaiset piikuidut hajoavat nopeasti.<\/p>\n<p data-start=\"698\" data-end=\"939\">\u00c4\u00e4rimm\u00e4isiin k\u00e4ytt\u00f6olosuhteisiin suunniteltu SDF-kuitu tarjoaa vakaan suorituskyvyn korkeissa l\u00e4mp\u00f6tiloissa, korkeassa paineessa, sy\u00f6vytt\u00e4viss\u00e4 v\u00e4liaineissa ja s\u00e4teilylle altistumisessa, mik\u00e4 tekee siit\u00e4 kriittisen materiaalin kehittyneille anturi- ja teollisuuden valvontaj\u00e4rjestelmille.<\/p>","protected":false},"featured_media":2675,"comment_status":"open","ping_status":"closed","template":"","meta":{"site-sidebar-layout":"default","site-content-layout":"","ast-site-content-layout":"default","site-content-style":"default","site-sidebar-style":"default","ast-global-header-display":"","ast-banner-title-visibility":"","ast-main-header-display":"","ast-hfb-above-header-display":"","ast-hfb-below-header-display":"","ast-hfb-mobile-header-display":"","site-post-title":"","ast-breadcrumbs-content":"","ast-featured-img":"","footer-sml-layout":"","ast-disable-related-posts":"","theme-transparent-header-meta":"default","adv-header-id-meta":"","stick-header-meta":"default","header-above-stick-meta":"","header-main-stick-meta":"","header-below-stick-meta":"","astra-migrate-meta-layouts":"set","ast-page-background-enabled":"default","ast-page-background-meta":{"desktop":{"background-color":"var(--ast-global-color-4)","background-image":"","background-repeat":"repeat","background-position":"center center","background-size":"auto","background-attachment":"scroll","background-type":"","background-media":"","overlay-type":"","overlay-color":"","overlay-opacity":"","overlay-gradient":""},"tablet":{"background-color":"","background-image":"","background-repeat":"repeat","background-position":"center center","background-size":"auto","background-attachment":"scroll","background-type":"","background-media":"","overlay-type":"","overlay-color":"","overlay-opacity":"","overlay-gradient":""},"mobile":{"background-color":"","background-image":"","background-repeat":"repeat","background-position":"center center","background-size":"auto","background-attachment":"scroll","background-type":"","background-media":"","overlay-type":"","overlay-color":"","overlay-opacity":"","overlay-gradient":""}},"ast-content-background-meta":{"desktop":{"background-color":"var(--ast-global-color-5)","background-image":"","background-repeat":"repeat","background-position":"center center","background-size":"auto","background-attachment":"scroll","background-type":"","background-media":"","overlay-type":"","overlay-color":"","overlay-opacity":"","overlay-gradient":""},"tablet":{"background-color":"var(--ast-global-color-5)","background-image":"","background-repeat":"repeat","background-position":"center center","background-size":"auto","background-attachment":"scroll","background-type":"","background-media":"","overlay-type":"","overlay-color":"","overlay-opacity":"","overlay-gradient":""},"mobile":{"background-color":"var(--ast-global-color-5)","background-image":"","background-repeat":"repeat","background-position":"center center","background-size":"auto","background-attachment":"scroll","background-type":"","background-media":"","overlay-type":"","overlay-color":"","overlay-opacity":"","overlay-gradient":""}}},"product_brand":[],"product_cat":[152],"product_tag":[801,800,798,802,799,796,795,797],"class_list":{"0":"post-2668","1":"product","2":"type-product","3":"status-publish","4":"has-post-thumbnail","6":"product_cat-sapphire","7":"product_tag-al2o3-optical-fiber","8":"product_tag-harsh-environment-fiber","9":"product_tag-high-temperature-fiber-optic","10":"product_tag-industrial-sensing-fiber","11":"product_tag-infrared-optical-fiber","12":"product_tag-sapphire-derived-fiber","13":"product_tag-sapphire-optical-fiber","14":"product_tag-sdf-fiber","15":"desktop-align-left","16":"tablet-align-left","17":"mobile-align-left","18":"ast-product-gallery-layout-horizontal","19":"ast-product-tabs-layout-horizontal","21":"first","22":"instock","23":"shipping-taxable","24":"product-type-simple"},"_links":{"self":[{"href":"https:\/\/www.fuyao-quartz.com\/fi\/wp-json\/wp\/v2\/product\/2668","targetHints":{"allow":["GET"]}}],"collection":[{"href":"https:\/\/www.fuyao-quartz.com\/fi\/wp-json\/wp\/v2\/product"}],"about":[{"href":"https:\/\/www.fuyao-quartz.com\/fi\/wp-json\/wp\/v2\/types\/product"}],"replies":[{"embeddable":true,"href":"https:\/\/www.fuyao-quartz.com\/fi\/wp-json\/wp\/v2\/comments?post=2668"}],"version-history":[{"count":5,"href":"https:\/\/www.fuyao-quartz.com\/fi\/wp-json\/wp\/v2\/product\/2668\/revisions"}],"predecessor-version":[{"id":2678,"href":"https:\/\/www.fuyao-quartz.com\/fi\/wp-json\/wp\/v2\/product\/2668\/revisions\/2678"}],"wp:featuredmedia":[{"embeddable":true,"href":"https:\/\/www.fuyao-quartz.com\/fi\/wp-json\/wp\/v2\/media\/2675"}],"wp:attachment":[{"href":"https:\/\/www.fuyao-quartz.com\/fi\/wp-json\/wp\/v2\/media?parent=2668"}],"wp:term":[{"taxonomy":"product_brand","embeddable":true,"href":"https:\/\/www.fuyao-quartz.com\/fi\/wp-json\/wp\/v2\/product_brand?post=2668"},{"taxonomy":"product_cat","embeddable":true,"href":"https:\/\/www.fuyao-quartz.com\/fi\/wp-json\/wp\/v2\/product_cat?post=2668"},{"taxonomy":"product_tag","embeddable":true,"href":"https:\/\/www.fuyao-quartz.com\/fi\/wp-json\/wp\/v2\/product_tag?post=2668"}],"curies":[{"name":"wp","href":"https:\/\/api.w.org\/{rel}","templated":true}]}}