{"id":2736,"date":"2026-04-23T07:33:39","date_gmt":"2026-04-23T07:33:39","guid":{"rendered":"https:\/\/www.fuyao-quartz.com\/?post_type=product&#038;p=2736"},"modified":"2026-04-23T07:33:41","modified_gmt":"2026-04-23T07:33:41","slug":"tfln-tflt-on-siph-platform-for-high-speed-optical-modulators-hybrid-photonics","status":"publish","type":"product","link":"https:\/\/www.fuyao-quartz.com\/es\/product\/tfln-tflt-on-siph-platform-for-high-speed-optical-modulators-hybrid-photonics\/","title":{"rendered":"TFLN \/ TFLT en la plataforma SiPh para moduladores \u00f3pticos de alta velocidad y fot\u00f3nica h\u00edbrida"},"content":{"rendered":"<h2 data-section-id=\"1p927wt\" data-start=\"183\" data-end=\"202\">Productos<\/h2>\n<p data-start=\"204\" data-end=\"449\">TFLN (Thin-Film Lithium Niobate) y TFLT (Thin-Film Lithium Tantalate) sobre Silicio Fot\u00f3nico (SiPh) representan una avanzada plataforma de integraci\u00f3n heterog\u00e9nea desarrollada para superar las limitaciones f\u00edsicas intr\u00ednsecas del silicio en los sistemas fot\u00f3nicos.<\/p>\n<p data-start=\"451\" data-end=\"802\">La fot\u00f3nica de silicio ofrece excelentes<img fetchpriority=\"high\" decoding=\"async\" class=\"size-medium wp-image-2738 alignright\" src=\"https:\/\/www.fuyao-quartz.com\/wp-content\/uploads\/2026\/04\/TFLN-TFLT-on-SiPh-1-300x300.png\" alt=\"\" width=\"300\" height=\"300\" srcset=\"https:\/\/www.fuyao-quartz.com\/wp-content\/uploads\/2026\/04\/TFLN-TFLT-on-SiPh-1-300x300.png 300w, https:\/\/www.fuyao-quartz.com\/wp-content\/uploads\/2026\/04\/TFLN-TFLT-on-SiPh-1-150x150.png 150w, https:\/\/www.fuyao-quartz.com\/wp-content\/uploads\/2026\/04\/TFLN-TFLT-on-SiPh-1-768x768.png 768w, https:\/\/www.fuyao-quartz.com\/wp-content\/uploads\/2026\/04\/TFLN-TFLT-on-SiPh-1-12x12.png 12w, https:\/\/www.fuyao-quartz.com\/wp-content\/uploads\/2026\/04\/TFLN-TFLT-on-SiPh-1-600x600.png 600w, https:\/\/www.fuyao-quartz.com\/wp-content\/uploads\/2026\/04\/TFLN-TFLT-on-SiPh-1-100x100.png 100w, https:\/\/www.fuyao-quartz.com\/wp-content\/uploads\/2026\/04\/TFLN-TFLT-on-SiPh-1.png 1000w\" sizes=\"(max-width: 300px) 100vw, 300px\" \/>nt escalabilidad y compatibilidad CMOS, pero carece de un potente efecto electro\u00f3ptico lineal (Pockels) y adolece de unas p\u00e9rdidas relativamente elevadas y una linealidad de modulaci\u00f3n limitada. Para hacer frente a estas limitaciones, se introducen LiNbO\u2083 y LiTaO\u2083 de capa fina en plataformas SiPh mediante t\u00e9cnicas de uni\u00f3n de obleas o de integraci\u00f3n h\u00edbrida.<\/p>\n<p data-start=\"804\" data-end=\"845\">Esta soluci\u00f3n permite combinar:<\/p>\n<ul data-start=\"846\" data-end=\"963\">\n<li data-section-id=\"r1wo8t\" data-start=\"846\" data-end=\"901\">Rendimiento electro\u00f3ptico de alta velocidad de TFLN\/TFLT<\/li>\n<li data-section-id=\"69kzzy\" data-start=\"902\" data-end=\"963\">Capacidad de integraci\u00f3n a gran escala a partir de fot\u00f3nica de silicio<\/li>\n<\/ul>\n<p data-start=\"965\" data-end=\"1081\">Se utiliza ampliamente en interconexiones \u00f3pticas de nueva generaci\u00f3n, sistemas de comunicaci\u00f3n coherentes y fot\u00f3nica de microondas.<\/p>\n<hr data-start=\"1083\" data-end=\"1086\" \/>\n<h2 data-section-id=\"1ofkw\" data-start=\"1088\" data-end=\"1115\">Definici\u00f3n de material b\u00e1sico<\/h2>\n<h3 data-section-id=\"1uf2e65\" data-start=\"1117\" data-end=\"1153\">TFLN (niobato de litio de capa fina)<\/h3>\n<p data-start=\"1154\" data-end=\"1350\">El niobato de litio en capa fina proporciona un fuerte efecto Pockels, lo que permite una modulaci\u00f3n \u00f3ptica ultrarr\u00e1pida con bajas p\u00e9rdidas de inserci\u00f3n. Actualmente es el est\u00e1ndar del sector para moduladores \u00f3pticos de alta velocidad.<\/p>\n<h3 data-section-id=\"4p3f5b\" data-start=\"1352\" data-end=\"1390\">TFLT (tantalato de litio de capa fina)<\/h3>\n<p data-start=\"1391\" data-end=\"1651\">El tantalato de litio en capa fina presenta un comportamiento electro\u00f3ptico similar, pero ofrece una mayor estabilidad t\u00e9rmica, un umbral de da\u00f1o \u00f3ptico m\u00e1s elevado y una mejor uniformidad a nivel de oblea. Se considera una alternativa prometedora para aplicaciones de gran potencia y a gran escala.<\/p>\n<hr data-start=\"1653\" data-end=\"1656\" \/>\n<h2 data-section-id=\"1p25a69\" data-start=\"1658\" data-end=\"1709\"><img decoding=\"async\" class=\"size-medium wp-image-2737 alignright\" src=\"https:\/\/www.fuyao-quartz.com\/wp-content\/uploads\/2026\/04\/TFLN-TFLT-on-SiPh-3-300x300.png\" alt=\"\" width=\"300\" height=\"300\" srcset=\"https:\/\/www.fuyao-quartz.com\/wp-content\/uploads\/2026\/04\/TFLN-TFLT-on-SiPh-3-300x300.png 300w, https:\/\/www.fuyao-quartz.com\/wp-content\/uploads\/2026\/04\/TFLN-TFLT-on-SiPh-3-150x150.png 150w, https:\/\/www.fuyao-quartz.com\/wp-content\/uploads\/2026\/04\/TFLN-TFLT-on-SiPh-3-768x768.png 768w, https:\/\/www.fuyao-quartz.com\/wp-content\/uploads\/2026\/04\/TFLN-TFLT-on-SiPh-3-12x12.png 12w, https:\/\/www.fuyao-quartz.com\/wp-content\/uploads\/2026\/04\/TFLN-TFLT-on-SiPh-3-600x600.png 600w, https:\/\/www.fuyao-quartz.com\/wp-content\/uploads\/2026\/04\/TFLN-TFLT-on-SiPh-3-100x100.png 100w, https:\/\/www.fuyao-quartz.com\/wp-content\/uploads\/2026\/04\/TFLN-TFLT-on-SiPh-3.png 1000w\" sizes=\"(max-width: 300px) 100vw, 300px\" \/>Por qu\u00e9 integrar TFLN \/ TFLT con fot\u00f3nica de silicio<\/h2>\n<p data-start=\"1711\" data-end=\"1787\">El silicio por s\u00ed solo no puede soportar eficazmente la modulaci\u00f3n de alto rendimiento debido a:<\/p>\n<ul data-start=\"1789\" data-end=\"1963\">\n<li data-section-id=\"6u9ila\" data-start=\"1789\" data-end=\"1834\">Ausencia de efecto electro\u00f3ptico intr\u00ednseco<\/li>\n<li data-section-id=\"1807674\" data-start=\"1835\" data-end=\"1909\">Dependencia del efecto de dispersi\u00f3n del plasma, que provoca una mayor p\u00e9rdida \u00f3ptica<\/li>\n<li data-section-id=\"1pvfqwi\" data-start=\"1910\" data-end=\"1963\">Linealidad limitada para formatos de modulaci\u00f3n avanzados<\/li>\n<\/ul>\n<p data-start=\"1965\" data-end=\"2023\">Mediante la integraci\u00f3n de TFLN\/TFLT en SiPh, la plataforma consigue:<\/p>\n<ul data-start=\"2025\" data-end=\"2259\">\n<li data-section-id=\"23439j\" data-start=\"2025\" data-end=\"2101\">Ancho de banda de modulaci\u00f3n superior a 100 GHz, compatible con sistemas 800G y 1,6T<\/li>\n<li data-section-id=\"10lza3q\" data-start=\"2102\" data-end=\"2162\">Menor tensi\u00f3n de media onda (V\u03c0), lo que reduce el consumo de energ\u00eda<\/li>\n<li data-section-id=\"12wbi12\" data-start=\"2163\" data-end=\"2201\">P\u00e9rdidas de propagaci\u00f3n \u00f3ptica ultrabajas<\/li>\n<li data-section-id=\"sadmxo\" data-start=\"2202\" data-end=\"2259\">Amplia ventana de transparencia desde el visible hasta el infrarrojo medio<\/li>\n<\/ul>\n<hr data-start=\"2261\" data-end=\"2264\" \/>\n<h2 data-section-id=\"1cwrebf\" data-start=\"2266\" data-end=\"2291\">Enfoques integradores<\/h2>\n<h3 data-section-id=\"799r33\" data-start=\"2293\" data-end=\"2342\">1. Integraci\u00f3n heterog\u00e9nea (m\u00e9todo de uni\u00f3n)<\/h3>\n<p data-start=\"2343\" data-end=\"2439\">La capa fina de LN o LT se adhiere a gu\u00edas de onda prefabricadas de silicio o nitruro de silicio (Si\/SiN).<\/p>\n<ul data-start=\"2441\" data-end=\"2593\">\n<li data-section-id=\"o5yhcb\" data-start=\"2441\" data-end=\"2482\">Acoplamiento \u00f3ptico mediante campo evanescente<\/li>\n<li data-section-id=\"1kkmm9n\" data-start=\"2483\" data-end=\"2550\">Mantiene una compatibilidad total con la fabricaci\u00f3n fot\u00f3nica de silicio<\/li>\n<li data-section-id=\"1gx8mi2\" data-start=\"2551\" data-end=\"2593\">Adecuado para la fabricaci\u00f3n a gran escala<\/li>\n<\/ul>\n<h3 data-section-id=\"tie3ly\" data-start=\"2595\" data-end=\"2632\">2. Enfoque de gu\u00eda de ondas LNOI \/ LTOI<\/h3>\n<p data-start=\"2633\" data-end=\"2698\">Las gu\u00edas de ondas se graban directamente en la capa delgada de LN o LT.<\/p>\n<ul data-start=\"2700\" data-end=\"2873\">\n<li data-section-id=\"cbu06y\" data-start=\"2700\" data-end=\"2757\">Fuerte confinamiento \u00f3ptico en material monocristalino<\/li>\n<li data-section-id=\"gktzjl\" data-start=\"2758\" data-end=\"2791\">M\u00e1xima eficacia de modulaci\u00f3n<\/li>\n<li data-section-id=\"1z0dmkd\" data-start=\"2792\" data-end=\"2873\">Fabricaci\u00f3n m\u00e1s compleja y menor compatibilidad con los procesos SiPh est\u00e1ndar<\/li>\n<\/ul>\n<hr data-start=\"2875\" data-end=\"2878\" \/>\n<h2 data-section-id=\"2wk4hc\" data-start=\"2880\" data-end=\"2930\">Estructura t\u00edpica (se recomienda colocar im\u00e1genes)<\/h2>\n<p>&nbsp;<\/p>\n<p data-start=\"2932\" data-end=\"2986\"><strong data-start=\"2932\" data-end=\"2984\">Estructura 1: Gu\u00eda de ondas h\u00edbrida (SiPh + TFLN\/TFLT)<\/strong><\/p>\n<ul data-start=\"2987\" data-end=\"3113\">\n<li data-section-id=\"b2pvmx\" data-start=\"2987\" data-end=\"3025\">Gu\u00eda de ondas de Si o SiN (capa inferior)<\/li>\n<li data-section-id=\"cv2a7v\" data-start=\"3026\" data-end=\"3048\">SiO\u2082 capa de uni\u00f3n<\/li>\n<li data-section-id=\"1cpynik\" data-start=\"3049\" data-end=\"3088\">Capa fina de LN\/LT (~300-600 nm)<\/li>\n<li data-section-id=\"prwbfm\" data-start=\"3089\" data-end=\"3113\">Electrodos de RF en la parte superior<\/li>\n<\/ul>\n<p data-start=\"3115\" data-end=\"3161\"><strong data-start=\"3115\" data-end=\"3159\">Estructura 2: Gu\u00eda de ondas de cresta (LNOI\/LTOI)<\/strong><\/p>\n<ul data-start=\"3162\" data-end=\"3226\">\n<li data-section-id=\"yhsq6g\" data-start=\"3162\" data-end=\"3181\">Pel\u00edcula fina LN\/LT<\/li>\n<li data-section-id=\"1j1j1am\" data-start=\"3182\" data-end=\"3204\">\u00d3xido enterrado (BOX)<\/li>\n<li data-section-id=\"jr6d04\" data-start=\"3205\" data-end=\"3226\">Sustrato de silicio<\/li>\n<\/ul>\n<p data-start=\"3228\" data-end=\"3247\"><img decoding=\"async\" class=\"wp-image-2740 size-full aligncenter\" src=\"https:\/\/www.fuyao-quartz.com\/wp-content\/uploads\/2026\/04\/6394893d-be15-4e9d-a9ee-d8a80dddc621.png\" alt=\"\" width=\"715\" height=\"649\" srcset=\"https:\/\/www.fuyao-quartz.com\/wp-content\/uploads\/2026\/04\/6394893d-be15-4e9d-a9ee-d8a80dddc621.png 715w, https:\/\/www.fuyao-quartz.com\/wp-content\/uploads\/2026\/04\/6394893d-be15-4e9d-a9ee-d8a80dddc621-300x272.png 300w, https:\/\/www.fuyao-quartz.com\/wp-content\/uploads\/2026\/04\/6394893d-be15-4e9d-a9ee-d8a80dddc621-13x12.png 13w, https:\/\/www.fuyao-quartz.com\/wp-content\/uploads\/2026\/04\/6394893d-be15-4e9d-a9ee-d8a80dddc621-600x545.png 600w\" sizes=\"(max-width: 715px) 100vw, 715px\" \/><\/p>\n<hr data-start=\"3249\" data-end=\"3252\" \/>\n<h2 data-section-id=\"1z08cpz\" data-start=\"3254\" data-end=\"3279\">Par\u00e1metros de rendimiento<\/h2>\n<div class=\"TyagGW_tableContainer\">\n<div class=\"group TyagGW_tableWrapper flex flex-col-reverse w-fit\" tabindex=\"-1\">\n<table class=\"w-fit min-w-(--thread-content-width)\" data-start=\"3281\" data-end=\"3951\">\n<thead data-start=\"3281\" data-end=\"3316\">\n<tr data-start=\"3281\" data-end=\"3316\">\n<th class=\"\" data-start=\"3281\" data-end=\"3293\" data-col-size=\"sm\">Par\u00e1metro<\/th>\n<th class=\"\" data-start=\"3293\" data-end=\"3300\" data-col-size=\"sm\">TFLN<\/th>\n<th class=\"\" data-start=\"3300\" data-end=\"3307\" data-col-size=\"sm\">TFLT<\/th>\n<th class=\"\" data-start=\"3307\" data-end=\"3316\" data-col-size=\"sm\">Notas<\/th>\n<\/tr>\n<\/thead>\n<tbody data-start=\"3351\" data-end=\"3951\">\n<tr data-start=\"3351\" data-end=\"3440\">\n<td data-start=\"3351\" data-end=\"3385\" data-col-size=\"sm\">Coeficiente electro\u00f3ptico (r33)<\/td>\n<td data-col-size=\"sm\" data-start=\"3385\" data-end=\"3396\">~31 pm\/V<\/td>\n<td data-col-size=\"sm\" data-start=\"3396\" data-end=\"3407\">~30 pm\/V<\/td>\n<td data-col-size=\"sm\" data-start=\"3407\" data-end=\"3440\">Eficacia de modulaci\u00f3n similar<\/td>\n<\/tr>\n<tr data-start=\"3441\" data-end=\"3531\">\n<td data-start=\"3441\" data-end=\"3458\" data-col-size=\"sm\">Ancho de banda de 3 dB<\/td>\n<td data-col-size=\"sm\" data-start=\"3458\" data-end=\"3473\">100-400 GHz<\/td>\n<td data-col-size=\"sm\" data-start=\"3473\" data-end=\"3487\">70-100 GHz<\/td>\n<td data-col-size=\"sm\" data-start=\"3487\" data-end=\"3531\">Muy superior a los moduladores de Si (~40 GHz)<\/td>\n<\/tr>\n<tr data-start=\"3532\" data-end=\"3604\">\n<td data-start=\"3532\" data-end=\"3539\" data-col-size=\"sm\">V\u03c0-L<\/td>\n<td data-col-size=\"sm\" data-start=\"3539\" data-end=\"3554\">1,8-2,5 V-cm<\/td>\n<td data-col-size=\"sm\" data-start=\"3554\" data-end=\"3569\">2,0-3,5 V-cm<\/td>\n<td data-col-size=\"sm\" data-start=\"3569\" data-end=\"3604\">Menor significa menor tensi\u00f3n de accionamiento<\/td>\n<\/tr>\n<tr data-start=\"3605\" data-end=\"3663\">\n<td data-start=\"3605\" data-end=\"3620\" data-col-size=\"sm\">P\u00e9rdidas \u00f3pticas<\/td>\n<td data-col-size=\"sm\" data-start=\"3620\" data-end=\"3633\">&lt;0,1 dB\/cm<\/td>\n<td data-col-size=\"sm\" data-start=\"3633\" data-end=\"3646\">&lt;0,1 dB\/cm<\/td>\n<td data-col-size=\"sm\" data-start=\"3646\" data-end=\"3663\">Extremadamente bajo<\/td>\n<\/tr>\n<tr data-start=\"3664\" data-end=\"3732\">\n<td data-start=\"3664\" data-end=\"3683\" data-col-size=\"sm\">\u00cdndice de refracci\u00f3n<\/td>\n<td data-col-size=\"sm\" data-start=\"3683\" data-end=\"3694\">~2.1-2.2<\/td>\n<td data-col-size=\"sm\" data-start=\"3694\" data-end=\"3701\">~2.1<\/td>\n<td data-col-size=\"sm\" data-start=\"3701\" data-end=\"3732\">Gran capacidad de confinamiento<\/td>\n<\/tr>\n<tr data-start=\"3733\" data-end=\"3803\">\n<td data-start=\"3733\" data-end=\"3753\" data-col-size=\"sm\">Temperatura de Curie<\/td>\n<td data-col-size=\"sm\" data-start=\"3753\" data-end=\"3763\">~1140\u00b0C<\/td>\n<td data-col-size=\"sm\" data-start=\"3763\" data-end=\"3772\">~600\u00b0C<\/td>\n<td data-col-size=\"sm\" data-start=\"3772\" data-end=\"3803\">Referencia de la propiedad del material<\/td>\n<\/tr>\n<tr data-start=\"3804\" data-end=\"3884\">\n<td data-start=\"3804\" data-end=\"3831\" data-col-size=\"sm\">Umbral de da\u00f1o \u00f3ptico<\/td>\n<td data-col-size=\"sm\" data-start=\"3831\" data-end=\"3842\">Moderado<\/td>\n<td data-col-size=\"sm\" data-start=\"3842\" data-end=\"3854\">Muy alta<\/td>\n<td data-col-size=\"sm\" data-start=\"3854\" data-end=\"3884\">TFLT mejor para alta potencia<\/td>\n<\/tr>\n<tr data-start=\"3885\" data-end=\"3951\">\n<td data-start=\"3885\" data-end=\"3896\" data-col-size=\"sm\">Deriva CC<\/td>\n<td data-col-size=\"sm\" data-start=\"3896\" data-end=\"3909\">Notable<\/td>\n<td data-col-size=\"sm\" data-start=\"3909\" data-end=\"3920\">Muy bajo<\/td>\n<td data-col-size=\"sm\" data-start=\"3920\" data-end=\"3951\">TFLT tiene una estabilidad superior<\/td>\n<\/tr>\n<\/tbody>\n<\/table>\n<\/div>\n<\/div>\n<hr data-start=\"3953\" data-end=\"3956\" \/>\n<h2 data-section-id=\"1cwrebf\" data-start=\"2266\" data-end=\"2291\"><\/h2>\n<h2 data-section-id=\"ruuu6i\" data-start=\"3958\" data-end=\"3975\">Principales ventajas<\/h2>\n<h2 data-section-id=\"1cwrebf\" data-start=\"2266\" data-end=\"2291\"><\/h2>\n<h3 data-section-id=\"j49bdc\" data-start=\"3977\" data-end=\"4015\">Capacidad de modulaci\u00f3n de alta velocidad<\/h3>\n<p data-start=\"4016\" data-end=\"4130\">Admite modulaci\u00f3n \u00f3ptica de ancho de banda ultraalto superior a 100 GHz, lo que permite velocidades de transmisi\u00f3n de datos de nueva generaci\u00f3n.<\/p>\n<h3 data-section-id=\"dgus88\" data-start=\"4132\" data-end=\"4159\">Bajo consumo<\/h3>\n<p data-start=\"4160\" data-end=\"4252\">La tensi\u00f3n de media onda reducida permite una menor potencia de accionamiento en comparaci\u00f3n con los moduladores basados en silicio.<\/p>\n<h3 data-section-id=\"wt3f9j\" data-start=\"4254\" data-end=\"4288\">Rendimiento \u00f3ptico superior<\/h3>\n<p data-start=\"4289\" data-end=\"4386\">Las bajas p\u00e9rdidas de propagaci\u00f3n y el alto \u00edndice de refracci\u00f3n permiten una integraci\u00f3n fot\u00f3nica compacta y eficiente.<\/p>\n<h3 data-section-id=\"aegbyy\" data-start=\"4388\" data-end=\"4437\">Estabilidad t\u00e9rmica y de polarizaci\u00f3n (ventaja TFLT)<\/h3>\n<p data-start=\"4438\" data-end=\"4555\">El TFLT ofrece una mayor resistencia a las variaciones t\u00e9rmicas y una deriva de CC m\u00ednima, lo que es fundamental para la estabilidad del sistema a largo plazo.<\/p>\n<h3 data-section-id=\"e1gwup\" data-start=\"4557\" data-end=\"4585\">Fabricaci\u00f3n escalable<\/h3>\n<p data-start=\"4586\" data-end=\"4697\">La integraci\u00f3n basada en la adhesi\u00f3n mantiene la compatibilidad con los procesos fot\u00f3nicos de silicio, lo que permite la producci\u00f3n a escala de oblea.<\/p>\n<hr data-start=\"4699\" data-end=\"4702\" \/>\n<h2 data-section-id=\"7uao4i\" data-start=\"4704\" data-end=\"4728\">Escenarios de aplicaci\u00f3n<\/h2>\n<ul data-start=\"4730\" data-end=\"4984\">\n<li data-section-id=\"20y305\" data-start=\"4730\" data-end=\"4787\">Interconexi\u00f3n \u00f3ptica de centros de datos (400G \/ 800G \/ 1,6T)<\/li>\n<li data-section-id=\"12zi2v2\" data-start=\"4788\" data-end=\"4830\">Sistemas de comunicaci\u00f3n \u00f3ptica coherente<\/li>\n<li data-section-id=\"6o8j3b\" data-start=\"4831\" data-end=\"4872\">Fot\u00f3nica de microondas y RF sobre fibra<\/li>\n<li data-section-id=\"1odazq7\" data-start=\"4873\" data-end=\"4912\">Circuitos fot\u00f3nicos integrados (PIC)<\/li>\n<li data-section-id=\"gy0vt5\" data-start=\"4913\" data-end=\"4952\">Sistemas de modulaci\u00f3n l\u00e1ser de alta potencia<\/li>\n<li data-section-id=\"18g31p2\" data-start=\"4953\" data-end=\"4984\">LiDAR y plataformas de detecci\u00f3n<\/li>\n<\/ul>\n<hr data-start=\"4986\" data-end=\"4989\" \/>\n<h2 data-section-id=\"1azt8ib\" data-start=\"4991\" data-end=\"5012\">Orientaci\u00f3n para la selecci\u00f3n<\/h2>\n<h2 style=\"font-style: normal;\" data-section-id=\"1cwrebf\" data-start=\"2266\" data-end=\"2291\"><img loading=\"lazy\" decoding=\"async\" class=\"size-medium wp-image-2739 alignright\" src=\"https:\/\/www.fuyao-quartz.com\/wp-content\/uploads\/2026\/04\/TFLN-TFLT-on-SiPh-2-300x300.png\" alt=\"\" width=\"300\" height=\"300\" srcset=\"https:\/\/www.fuyao-quartz.com\/wp-content\/uploads\/2026\/04\/TFLN-TFLT-on-SiPh-2-300x300.png 300w, https:\/\/www.fuyao-quartz.com\/wp-content\/uploads\/2026\/04\/TFLN-TFLT-on-SiPh-2-150x150.png 150w, https:\/\/www.fuyao-quartz.com\/wp-content\/uploads\/2026\/04\/TFLN-TFLT-on-SiPh-2-768x768.png 768w, https:\/\/www.fuyao-quartz.com\/wp-content\/uploads\/2026\/04\/TFLN-TFLT-on-SiPh-2-12x12.png 12w, https:\/\/www.fuyao-quartz.com\/wp-content\/uploads\/2026\/04\/TFLN-TFLT-on-SiPh-2-600x600.png 600w, https:\/\/www.fuyao-quartz.com\/wp-content\/uploads\/2026\/04\/TFLN-TFLT-on-SiPh-2-100x100.png 100w, https:\/\/www.fuyao-quartz.com\/wp-content\/uploads\/2026\/04\/TFLN-TFLT-on-SiPh-2.png 1000w\" sizes=\"(max-width: 300px) 100vw, 300px\" \/><\/h2>\n<p data-start=\"5014\" data-end=\"5031\">Elija TFLN cuando:<\/p>\n<ul data-start=\"5032\" data-end=\"5210\">\n<li data-section-id=\"17n37ge\" data-start=\"5032\" data-end=\"5076\">Se requiere el m\u00e1ximo ancho de banda de modulaci\u00f3n<\/li>\n<li data-section-id=\"92vmqg\" data-start=\"5077\" data-end=\"5128\">Se prefiere un ecosistema y una cadena de suministro maduros<\/li>\n<li data-section-id=\"53dxbs\" data-start=\"5129\" data-end=\"5210\">Entre sus aplicaciones se encuentran la \u00f3ptica coherente y la transmisi\u00f3n a velocidad ultrarr\u00e1pida.<\/li>\n<\/ul>\n<p data-start=\"5212\" data-end=\"5229\">Elija TFLT cuando:<\/p>\n<ul data-start=\"5230\" data-end=\"5386\">\n<li data-section-id=\"6xerz0\" data-start=\"5230\" data-end=\"5278\">La estabilidad de polarizaci\u00f3n y la baja deriva de CC son fundamentales<\/li>\n<li data-section-id=\"1l9fcfd\" data-start=\"5279\" data-end=\"5322\">Se requiere una gran potencia \u00f3ptica<\/li>\n<li data-section-id=\"h5ho7p\" data-start=\"5323\" data-end=\"5386\">La fiabilidad a largo plazo y la resistencia t\u00e9rmica son prioritarias<\/li>\n<\/ul>\n<hr data-start=\"5388\" data-end=\"5391\" \/>\n<h2 data-section-id=\"1hryhf7\" data-start=\"5393\" data-end=\"5399\">PREGUNTAS FRECUENTES<\/h2>\n<h3 data-section-id=\"1cvvz1p\" data-start=\"5401\" data-end=\"5485\">1. \u00bfCu\u00e1l es la principal ventaja de TFLN\/TFLT en SiPh en comparaci\u00f3n con los moduladores de silicio?<\/h3>\n<p data-start=\"5487\" data-end=\"5651\">La principal ventaja es la presencia de un fuerte efecto electro\u00f3ptico, que permite un mayor ancho de banda, menores p\u00e9rdidas y menor consumo que los moduladores de silicio.<\/p>\n<hr data-start=\"5653\" data-end=\"5656\" \/>\n<h3 data-section-id=\"1s56jgv\" data-start=\"5658\" data-end=\"5721\">2. \u00bfC\u00f3mo funciona el acoplamiento evanescente en la integraci\u00f3n h\u00edbrida?<\/h3>\n<p data-start=\"5723\" data-end=\"5925\">La luz se propaga por la gu\u00eda de ondas de silicio y se extiende parcialmente por la capa de LN o LT de pel\u00edcula fina. Este campo \u00f3ptico superpuesto permite una modulaci\u00f3n eficaz sin transferir totalmente el modo \u00f3ptico.<\/p>\n<hr data-start=\"5927\" data-end=\"5930\" \/>\n<h3 data-section-id=\"ozz7b9\" data-start=\"5932\" data-end=\"5995\">3. \u00bfEs esta plataforma adecuada para la fabricaci\u00f3n a gran escala?<\/h3>\n<p data-start=\"5997\" data-end=\"6169\">S\u00ed. La integraci\u00f3n heterog\u00e9nea basada en la adhesi\u00f3n permite la compatibilidad con los procesos est\u00e1ndar de fabricaci\u00f3n de fot\u00f3nica de silicio, lo que posibilita una producci\u00f3n rentable y de gran volumen.<\/p>","protected":false},"excerpt":{"rendered":"<p>TFLN (Thin-Film Lithium Niobate) y TFLT (Thin-Film Lithium Tantalate) sobre Silicio Fot\u00f3nico (SiPh) representan una avanzada plataforma de integraci\u00f3n heterog\u00e9nea desarrollada para superar las limitaciones f\u00edsicas intr\u00ednsecas del silicio en los sistemas fot\u00f3nicos.<\/p>","protected":false},"featured_media":2738,"comment_status":"open","ping_status":"closed","template":"","meta":{"site-sidebar-layout":"default","site-content-layout":"","ast-site-content-layout":"default","site-content-style":"default","site-sidebar-style":"default","ast-global-header-display":"","ast-banner-title-visibility":"","ast-main-header-display":"","ast-hfb-above-header-display":"","ast-hfb-below-header-display":"","ast-hfb-mobile-header-display":"","site-post-title":"","ast-breadcrumbs-content":"","ast-featured-img":"","footer-sml-layout":"","ast-disable-related-posts":"","theme-transparent-header-meta":"default","adv-header-id-meta":"","stick-header-meta":"default","header-above-stick-meta":"","header-main-stick-meta":"","header-below-stick-meta":"","astra-migrate-meta-layouts":"set","ast-page-background-enabled":"default","ast-page-background-meta":{"desktop":{"background-color":"var(--ast-global-color-4)","background-image":"","background-repeat":"repeat","background-position":"center center","background-size":"auto","background-attachment":"scroll","background-type":"","background-media":"","overlay-type":"","overlay-color":"","overlay-opacity":"","overlay-gradient":""},"tablet":{"background-color":"","background-image":"","background-repeat":"repeat","background-position":"center center","background-size":"auto","background-attachment":"scroll","background-type":"","background-media":"","overlay-type":"","overlay-color":"","overlay-opacity":"","overlay-gradient":""},"mobile":{"background-color":"","background-image":"","background-repeat":"repeat","background-position":"center center","background-size":"auto","background-attachment":"scroll","background-type":"","background-media":"","overlay-type":"","overlay-color":"","overlay-opacity":"","overlay-gradient":""}},"ast-content-background-meta":{"desktop":{"background-color":"var(--ast-global-color-5)","background-image":"","background-repeat":"repeat","background-position":"center center","background-size":"auto","background-attachment":"scroll","background-type":"","background-media":"","overlay-type":"","overlay-color":"","overlay-opacity":"","overlay-gradient":""},"tablet":{"background-color":"var(--ast-global-color-5)","background-image":"","background-repeat":"repeat","background-position":"center center","background-size":"auto","background-attachment":"scroll","background-type":"","background-media":"","overlay-type":"","overlay-color":"","overlay-opacity":"","overlay-gradient":""},"mobile":{"background-color":"var(--ast-global-color-5)","background-image":"","background-repeat":"repeat","background-position":"center center","background-size":"auto","background-attachment":"scroll","background-type":"","background-media":"","overlay-type":"","overlay-color":"","overlay-opacity":"","overlay-gradient":""}}},"product_brand":[],"product_cat":[155],"product_tag":[907,869,861,903,862,902,904,905,908,906,910,911,909,901,898,899,858,900,912],"class_list":{"0":"post-2736","1":"product","2":"type-product","3":"status-publish","4":"has-post-thumbnail","6":"product_cat-semiconductor-wafer","7":"product_tag-100g-400g-800g-optics","8":"product_tag-data-center-interconnect","9":"product_tag-electro-optic-modulator","10":"product_tag-heterogeneous-integration","11":"product_tag-high-speed-modulator","12":"product_tag-hybrid-photonics","13":"product_tag-linbo3-on-silicon","14":"product_tag-litao3-on-silicon","15":"product_tag-microwave-photonics","16":"product_tag-optical-modulator-platform","17":"product_tag-photonic-integrated-circuit","18":"product_tag-pic-platform","19":"product_tag-rf-photonics","20":"product_tag-silicon-photonics-integration","21":"product_tag-tfln-on-siph","22":"product_tag-tflt-on-siph","23":"product_tag-thin-film-lithium-niobate","24":"product_tag-thin-film-lithium-tantalate","25":"product_tag-wafer-bonding-photonics","26":"desktop-align-left","27":"tablet-align-left","28":"mobile-align-left","29":"ast-product-gallery-layout-horizontal","30":"ast-product-gallery-with-no-image","31":"ast-product-tabs-layout-horizontal","33":"first","34":"instock","35":"shipping-taxable","36":"product-type-simple"},"_links":{"self":[{"href":"https:\/\/www.fuyao-quartz.com\/es\/wp-json\/wp\/v2\/product\/2736","targetHints":{"allow":["GET"]}}],"collection":[{"href":"https:\/\/www.fuyao-quartz.com\/es\/wp-json\/wp\/v2\/product"}],"about":[{"href":"https:\/\/www.fuyao-quartz.com\/es\/wp-json\/wp\/v2\/types\/product"}],"replies":[{"embeddable":true,"href":"https:\/\/www.fuyao-quartz.com\/es\/wp-json\/wp\/v2\/comments?post=2736"}],"version-history":[{"count":1,"href":"https:\/\/www.fuyao-quartz.com\/es\/wp-json\/wp\/v2\/product\/2736\/revisions"}],"predecessor-version":[{"id":2741,"href":"https:\/\/www.fuyao-quartz.com\/es\/wp-json\/wp\/v2\/product\/2736\/revisions\/2741"}],"wp:featuredmedia":[{"embeddable":true,"href":"https:\/\/www.fuyao-quartz.com\/es\/wp-json\/wp\/v2\/media\/2738"}],"wp:attachment":[{"href":"https:\/\/www.fuyao-quartz.com\/es\/wp-json\/wp\/v2\/media?parent=2736"}],"wp:term":[{"taxonomy":"product_brand","embeddable":true,"href":"https:\/\/www.fuyao-quartz.com\/es\/wp-json\/wp\/v2\/product_brand?post=2736"},{"taxonomy":"product_cat","embeddable":true,"href":"https:\/\/www.fuyao-quartz.com\/es\/wp-json\/wp\/v2\/product_cat?post=2736"},{"taxonomy":"product_tag","embeddable":true,"href":"https:\/\/www.fuyao-quartz.com\/es\/wp-json\/wp\/v2\/product_tag?post=2736"}],"curies":[{"name":"wp","href":"https:\/\/api.w.org\/{rel}","templated":true}]}}