{"id":2112,"date":"2026-03-10T03:06:42","date_gmt":"2026-03-10T03:06:42","guid":{"rendered":"https:\/\/www.fuyao-quartz.com\/?post_type=product&#038;p=2112"},"modified":"2026-03-10T03:11:52","modified_gmt":"2026-03-10T03:11:52","slug":"jgs1-jgs2-optical-grade-quartz-wafers-2-to-12-inch","status":"publish","type":"product","link":"https:\/\/www.fuyao-quartz.com\/es\/product\/jgs1-jgs2-optical-grade-quartz-wafers-2-to-12-inch\/","title":{"rendered":"JGS1 JGS2 Obleas de cuarzo de calidad \u00f3ptica de 2 a 12 pulgadas"},"content":{"rendered":"<h2 data-section-id=\"1bovg99\" data-start=\"234\" data-end=\"257\"><strong data-start=\"237\" data-end=\"257\">Productos<\/strong><\/h2>\n<p data-start=\"259\" data-end=\"536\">Las obleas de cuarzo JGS1 y JGS2 son sustratos de s\u00edlice fundida de gran pureza compuestos principalmente de di\u00f3xido de silicio (SiO\u2082). Estas obleas de cuarzo de grado \u00f3ptico se utilizan ampliamente en la fabricaci\u00f3n de semiconductores, sistemas \u00f3pticos ultravioleta, equipos l\u00e1ser y dispositivos de comunicaci\u00f3n por fibra \u00f3ptica.<img fetchpriority=\"high\" decoding=\"async\" class=\"size-medium wp-image-2119 alignright\" src=\"https:\/\/www.fuyao-quartz.com\/wp-content\/uploads\/2026\/03\/JGS1-JGS2-Optical-Grade-Quartz-Wafers-2-to-12-Inch3-300x300.jpg\" alt=\"jgs1 jgs2 obleas de cuarzo de calidad \u00f3ptica de 2 a 12 pulgadas\" width=\"300\" height=\"300\" srcset=\"https:\/\/www.fuyao-quartz.com\/wp-content\/uploads\/2026\/03\/JGS1-JGS2-Optical-Grade-Quartz-Wafers-2-to-12-Inch3-300x300.jpg 300w, https:\/\/www.fuyao-quartz.com\/wp-content\/uploads\/2026\/03\/JGS1-JGS2-Optical-Grade-Quartz-Wafers-2-to-12-Inch3-150x150.jpg 150w, https:\/\/www.fuyao-quartz.com\/wp-content\/uploads\/2026\/03\/JGS1-JGS2-Optical-Grade-Quartz-Wafers-2-to-12-Inch3-600x600.jpg 600w, https:\/\/www.fuyao-quartz.com\/wp-content\/uploads\/2026\/03\/JGS1-JGS2-Optical-Grade-Quartz-Wafers-2-to-12-Inch3-100x100.jpg 100w, https:\/\/www.fuyao-quartz.com\/wp-content\/uploads\/2026\/03\/JGS1-JGS2-Optical-Grade-Quartz-Wafers-2-to-12-Inch3.jpg 680w\" sizes=\"(max-width: 300px) 100vw, 300px\" \/><\/p>\n<p data-start=\"538\" data-end=\"795\">Las obleas de cuarzo JGS1 se fabrican mediante el proceso de deposici\u00f3n qu\u00edmica de vapor. Este m\u00e9todo de fabricaci\u00f3n proporciona niveles extremadamente bajos de impurezas met\u00e1licas y un contenido muy bajo de hidroxilo, lo que permite un excelente rendimiento de transmisi\u00f3n en la regi\u00f3n ultravioleta profunda.<\/p>\n<p data-start=\"797\" data-end=\"1100\">Las obleas de cuarzo JGS2 se fabrican normalmente mediante el proceso de fusi\u00f3n por llama de hidr\u00f3geno-ox\u00edgeno. En comparaci\u00f3n con JGS1, JGS2 contiene un mayor contenido de hidroxilo, pero proporciona un rendimiento \u00f3ptico estable en todo el espectro ultravioleta a infrarrojo cercano, al tiempo que mantiene un proceso de fabricaci\u00f3n m\u00e1s rentable.<\/p>\n<p data-start=\"1102\" data-end=\"1275\">Las obleas de cuarzo est\u00e1n disponibles en di\u00e1metros de 2 a 12 pulgadas y pueden personalizarse seg\u00fan el grosor, los requisitos de pulido de la superficie y las especificaciones \u00f3pticas.<\/p>\n<h1 data-section-id=\"8luwy1\" data-start=\"1704\" data-end=\"1747\"><strong data-start=\"1706\" data-end=\"1747\">Comparaci\u00f3n de las obleas de cuarzo JGS1 y JGS2<\/strong><\/h1>\n<div class=\"TyagGW_tableContainer\">\n<div class=\"group TyagGW_tableWrapper flex flex-col-reverse w-fit\" tabindex=\"-1\">\n<table class=\"w-fit min-w-(--thread-content-width)\" data-start=\"1749\" data-end=\"2389\">\n<thead data-start=\"1749\" data-end=\"1789\">\n<tr data-start=\"1749\" data-end=\"1789\">\n<th class=\"\" data-start=\"1749\" data-end=\"1760\" data-col-size=\"sm\">Propiedad<\/th>\n<th class=\"\" data-start=\"1760\" data-end=\"1774\" data-col-size=\"sm\">JGS1 Cuarzo<\/th>\n<th class=\"\" data-start=\"1774\" data-end=\"1789\" data-col-size=\"md\">JGS2 Cuarzo<\/th>\n<\/tr>\n<\/thead>\n<tbody data-start=\"1804\" data-end=\"2389\">\n<tr data-start=\"1804\" data-end=\"1887\">\n<td data-start=\"1804\" data-end=\"1827\" data-col-size=\"sm\">M\u00e9todo de fabricaci\u00f3n<\/td>\n<td data-col-size=\"sm\" data-start=\"1827\" data-end=\"1855\">Deposici\u00f3n qu\u00edmica de vapores<\/td>\n<td data-col-size=\"md\" data-start=\"1855\" data-end=\"1887\">Fusi\u00f3n de llamas de hidr\u00f3geno y ox\u00edgeno<\/td>\n<\/tr>\n<tr data-start=\"1888\" data-end=\"1958\">\n<td data-start=\"1888\" data-end=\"1917\" data-col-size=\"sm\">Alcance de transmisi\u00f3n \u00f3ptica<\/td>\n<td data-col-size=\"sm\" data-start=\"1917\" data-end=\"1937\">185 nm a 2500 nm<\/td>\n<td data-col-size=\"md\" data-start=\"1937\" data-end=\"1958\">220 nm a 2500 nm<\/td>\n<\/tr>\n<tr data-start=\"1959\" data-end=\"2060\">\n<td data-start=\"1959\" data-end=\"1975\" data-col-size=\"sm\">Transmitancia<\/td>\n<td data-col-size=\"sm\" data-start=\"1975\" data-end=\"2017\">&gt;85% a 185 nm (10 mm de grosor)<\/td>\n<td data-col-size=\"md\" data-start=\"2017\" data-end=\"2060\">&gt;80% a 220 nm (10 mm de grosor)<\/td>\n<\/tr>\n<tr data-start=\"2061\" data-end=\"2136\">\n<td data-start=\"2061\" data-end=\"2089\" data-col-size=\"sm\">Contenido de impurezas met\u00e1licas<\/td>\n<td data-col-size=\"sm\" data-start=\"2089\" data-end=\"2113\">Aproximadamente 0,1 ppm<\/td>\n<td data-col-size=\"md\" data-start=\"2113\" data-end=\"2136\">Aproximadamente 1 ppm<\/td>\n<\/tr>\n<tr data-start=\"2137\" data-end=\"2190\">\n<td data-start=\"2137\" data-end=\"2156\" data-col-size=\"sm\">Contenido de hidroxilo<\/td>\n<td data-col-size=\"sm\" data-start=\"2156\" data-end=\"2174\">Menos de 5 ppm<\/td>\n<td data-col-size=\"md\" data-start=\"2174\" data-end=\"2190\">30 a 50 ppm<\/td>\n<\/tr>\n<tr data-start=\"2191\" data-end=\"2290\">\n<td data-start=\"2191\" data-end=\"2210\" data-col-size=\"sm\">Defectos internos<\/td>\n<td data-col-size=\"sm\" data-start=\"2210\" data-end=\"2241\">Muy pocas burbujas y rayas<\/td>\n<td data-col-size=\"md\" data-start=\"2241\" data-end=\"2290\">Posibles burbujas peque\u00f1as o estructuras granulares<\/td>\n<\/tr>\n<tr data-start=\"2291\" data-end=\"2333\">\n<td data-start=\"2291\" data-end=\"2313\" data-col-size=\"sm\">Homogeneidad \u00f3ptica<\/td>\n<td data-col-size=\"sm\" data-start=\"2313\" data-end=\"2325\">Muy alta<\/td>\n<td data-col-size=\"md\" data-start=\"2325\" data-end=\"2333\">Bien<\/td>\n<\/tr>\n<tr data-start=\"2334\" data-end=\"2389\">\n<td data-start=\"2334\" data-end=\"2354\" data-col-size=\"sm\">Estabilidad t\u00e9rmica<\/td>\n<td data-col-size=\"sm\" data-start=\"2354\" data-end=\"2361\">Bien<\/td>\n<td data-col-size=\"md\" data-start=\"2361\" data-end=\"2389\">Mayor estabilidad t\u00e9rmica<\/td>\n<\/tr>\n<\/tbody>\n<\/table>\n<\/div>\n<\/div>\n<h1 data-section-id=\"xmtfrm\" data-start=\"2396\" data-end=\"2436\"><strong data-start=\"2398\" data-end=\"2436\">Propiedades f\u00edsicas y mec\u00e1nicas<\/strong><\/h1>\n<div class=\"TyagGW_tableContainer\">\n<div class=\"group TyagGW_tableWrapper flex flex-col-reverse w-fit\" tabindex=\"-1\">\n<table class=\"w-fit min-w-(--thread-content-width)\" data-start=\"2438\" data-end=\"2708\">\n<thead data-start=\"2438\" data-end=\"2458\">\n<tr data-start=\"2438\" data-end=\"2458\">\n<th class=\"\" data-start=\"2438\" data-end=\"2449\" data-col-size=\"sm\">Propiedad<\/th>\n<th class=\"\" data-start=\"2449\" data-end=\"2458\" data-col-size=\"sm\">Valor<\/th>\n<\/tr>\n<\/thead>\n<tbody data-start=\"2469\" data-end=\"2708\">\n<tr data-start=\"2469\" data-end=\"2492\">\n<td data-start=\"2469\" data-end=\"2479\" data-col-size=\"sm\">Densidad<\/td>\n<td data-col-size=\"sm\" data-start=\"2479\" data-end=\"2492\">2,2 g\/cm\u00b3<\/td>\n<\/tr>\n<tr data-start=\"2493\" data-end=\"2519\">\n<td data-start=\"2493\" data-end=\"2509\" data-col-size=\"sm\">Dureza Mohs<\/td>\n<td data-col-size=\"sm\" data-start=\"2509\" data-end=\"2519\">6 a 7<\/td>\n<\/tr>\n<tr data-start=\"2520\" data-end=\"2555\">\n<td data-start=\"2520\" data-end=\"2543\" data-col-size=\"sm\">Resistencia a la compresi\u00f3n<\/td>\n<td data-col-size=\"sm\" data-start=\"2543\" data-end=\"2555\">1100 MPa<\/td>\n<\/tr>\n<tr data-start=\"2556\" data-end=\"2585\">\n<td data-start=\"2556\" data-end=\"2575\" data-col-size=\"sm\">Resistencia a la tracci\u00f3n<\/td>\n<td data-col-size=\"sm\" data-start=\"2575\" data-end=\"2585\">50 MPa<\/td>\n<\/tr>\n<tr data-start=\"2586\" data-end=\"2615\">\n<td data-start=\"2586\" data-end=\"2605\" data-col-size=\"sm\">Resistencia a la flexi\u00f3n<\/td>\n<td data-col-size=\"sm\" data-start=\"2605\" data-end=\"2615\">65 MPa<\/td>\n<\/tr>\n<tr data-start=\"2616\" data-end=\"2647\">\n<td data-start=\"2616\" data-end=\"2637\" data-col-size=\"sm\">Resistencia a la torsi\u00f3n<\/td>\n<td data-col-size=\"sm\" data-start=\"2637\" data-end=\"2647\">30 MPa<\/td>\n<\/tr>\n<tr data-start=\"2648\" data-end=\"2683\">\n<td data-start=\"2648\" data-end=\"2666\" data-col-size=\"sm\">M\u00f3dulo de Young<\/td>\n<td data-col-size=\"sm\" data-start=\"2666\" data-end=\"2683\">7,5 \u00d7 10\u2074 MPa<\/td>\n<\/tr>\n<tr data-start=\"2684\" data-end=\"2708\">\n<td data-start=\"2684\" data-end=\"2700\" data-col-size=\"sm\">Relaci\u00f3n de Poisson<\/td>\n<td data-col-size=\"sm\" data-start=\"2700\" data-end=\"2708\">0.17<\/td>\n<\/tr>\n<\/tbody>\n<\/table>\n<\/div>\n<\/div>\n<h1 data-section-id=\"1ezr71l\" data-start=\"2715\" data-end=\"2742\"><strong data-start=\"2717\" data-end=\"2742\">Propiedades el\u00e9ctricas<\/strong><\/h1>\n<div class=\"TyagGW_tableContainer\">\n<div class=\"group TyagGW_tableWrapper flex flex-col-reverse w-fit\" tabindex=\"-1\">\n<table class=\"w-fit min-w-(--thread-content-width)\" data-start=\"2744\" data-end=\"2967\">\n<thead data-start=\"2744\" data-end=\"2764\">\n<tr data-start=\"2744\" data-end=\"2764\">\n<th class=\"\" data-start=\"2744\" data-end=\"2755\" data-col-size=\"sm\">Propiedad<\/th>\n<th class=\"\" data-start=\"2755\" data-end=\"2764\" data-col-size=\"sm\">Valor<\/th>\n<\/tr>\n<\/thead>\n<tbody data-start=\"2775\" data-end=\"2967\">\n<tr data-start=\"2775\" data-end=\"2814\">\n<td data-start=\"2775\" data-end=\"2806\" data-col-size=\"sm\">Constante diel\u00e9ctrica (10 GHz)<\/td>\n<td data-col-size=\"sm\" data-start=\"2806\" data-end=\"2814\">3.74<\/td>\n<\/tr>\n<tr data-start=\"2815\" data-end=\"2848\">\n<td data-start=\"2815\" data-end=\"2838\" data-col-size=\"sm\">Factor de p\u00e9rdida (10 GHz)<\/td>\n<td data-col-size=\"sm\" data-start=\"2838\" data-end=\"2848\">0.0002<\/td>\n<\/tr>\n<tr data-start=\"2849\" data-end=\"2888\">\n<td data-start=\"2849\" data-end=\"2871\" data-col-size=\"sm\">Rigidez diel\u00e9ctrica<\/td>\n<td data-col-size=\"sm\" data-start=\"2871\" data-end=\"2888\">3,7 \u00d7 10\u2077 V\/m<\/td>\n<\/tr>\n<tr data-start=\"2889\" data-end=\"2927\">\n<td data-start=\"2889\" data-end=\"2911\" data-col-size=\"sm\">Resistividad a 20\u00b0C<\/td>\n<td data-col-size=\"sm\" data-start=\"2911\" data-end=\"2927\">1 \u00d7 10\u00b2\u2070 \u03a9-m<\/td>\n<\/tr>\n<tr data-start=\"2928\" data-end=\"2967\">\n<td data-start=\"2928\" data-end=\"2952\" data-col-size=\"sm\">Resistividad a 1000\u00b0C<\/td>\n<td data-col-size=\"sm\" data-start=\"2952\" data-end=\"2967\">1 \u00d7 10\u2078 \u03a9-m<\/td>\n<\/tr>\n<\/tbody>\n<\/table>\n<\/div>\n<\/div>\n<h1 data-section-id=\"pnc6j0\" data-start=\"2974\" data-end=\"2998\"><strong data-start=\"2976\" data-end=\"2998\">Propiedades t\u00e9rmicas<\/strong><\/h1>\n<div class=\"TyagGW_tableContainer\">\n<div class=\"group TyagGW_tableWrapper flex flex-col-reverse w-fit\" tabindex=\"-1\">\n<table class=\"w-fit min-w-(--thread-content-width)\" data-start=\"3000\" data-end=\"3263\">\n<thead data-start=\"3000\" data-end=\"3020\">\n<tr data-start=\"3000\" data-end=\"3020\">\n<th class=\"\" data-start=\"3000\" data-end=\"3011\" data-col-size=\"md\">Propiedad<\/th>\n<th class=\"\" data-start=\"3011\" data-end=\"3020\" data-col-size=\"sm\">Valor<\/th>\n<\/tr>\n<\/thead>\n<tbody data-start=\"3031\" data-end=\"3263\">\n<tr data-start=\"3031\" data-end=\"3056\">\n<td data-start=\"3031\" data-end=\"3046\" data-col-size=\"md\">Punto de deformaci\u00f3n<\/td>\n<td data-col-size=\"sm\" data-start=\"3046\" data-end=\"3056\">1080\u00b0C<\/td>\n<\/tr>\n<tr data-start=\"3057\" data-end=\"3085\">\n<td data-start=\"3057\" data-end=\"3075\" data-col-size=\"md\">Punto de recocido<\/td>\n<td data-col-size=\"sm\" data-start=\"3075\" data-end=\"3085\">1180\u00b0C<\/td>\n<\/tr>\n<tr data-start=\"3086\" data-end=\"3114\">\n<td data-start=\"3086\" data-end=\"3104\" data-col-size=\"md\">Punto de ablandamiento<\/td>\n<td data-col-size=\"sm\" data-start=\"3104\" data-end=\"3114\">1630\u00b0C<\/td>\n<\/tr>\n<tr data-start=\"3115\" data-end=\"3158\">\n<td data-start=\"3115\" data-end=\"3145\" data-col-size=\"md\">Conductividad t\u00e9rmica (20\u00b0C)<\/td>\n<td data-col-size=\"sm\" data-start=\"3145\" data-end=\"3158\">1,4 W\/m-K<\/td>\n<\/tr>\n<tr data-start=\"3159\" data-end=\"3196\">\n<td data-start=\"3159\" data-end=\"3182\" data-col-size=\"md\">Calor espec\u00edfico (20\u00b0C)<\/td>\n<td data-col-size=\"sm\" data-start=\"3182\" data-end=\"3196\">670 J\/kg-K<\/td>\n<\/tr>\n<tr data-start=\"3197\" data-end=\"3263\">\n<td data-start=\"3197\" data-end=\"3245\" data-col-size=\"md\">Coeficiente de dilataci\u00f3n t\u00e9rmica (30\u00b0C a 600\u00b0C)<\/td>\n<td data-col-size=\"sm\" data-start=\"3245\" data-end=\"3263\">5.5 \u00d7 10-\u2077 \/\u00b0C<\/td>\n<\/tr>\n<\/tbody>\n<\/table>\n<\/div>\n<\/div>\n<h1 data-section-id=\"jn4pxx\" data-start=\"3270\" data-end=\"3296\"><strong data-start=\"3272\" data-end=\"3296\">Aplicaciones t\u00edpicas<\/strong><\/h1>\n<div class=\"TyagGW_tableContainer\">\n<div class=\"group TyagGW_tableWrapper flex flex-col-reverse w-fit\" tabindex=\"-1\">\n<table class=\"w-fit min-w-(--thread-content-width)\" data-start=\"3298\" data-end=\"3742\">\n<thead data-start=\"3298\" data-end=\"3333\">\n<tr data-start=\"3298\" data-end=\"3333\">\n<th class=\"\" data-start=\"3298\" data-end=\"3318\" data-col-size=\"sm\">Campo de aplicaci\u00f3n<\/th>\n<th class=\"\" data-start=\"3318\" data-end=\"3333\" data-col-size=\"md\">Descripci\u00f3n<\/th>\n<\/tr>\n<\/thead>\n<tbody data-start=\"3344\" data-end=\"3742\">\n<tr data-start=\"3344\" data-end=\"3425\">\n<td data-start=\"3344\" data-end=\"3372\" data-col-size=\"sm\">Litograf\u00eda de semiconductores<\/td>\n<td data-col-size=\"md\" data-start=\"3372\" data-end=\"3425\">Componentes \u00f3pticos y equipos de procesamiento de obleas<\/td>\n<\/tr>\n<tr data-start=\"3426\" data-end=\"3514\">\n<td data-start=\"3426\" data-end=\"3454\" data-col-size=\"sm\">Comunicaci\u00f3n por fibra \u00f3ptica<\/td>\n<td data-col-size=\"md\" data-start=\"3454\" data-end=\"3514\">Conectores \u00f3pticos, ventanas \u00f3pticas, componentes aislantes<\/td>\n<\/tr>\n<tr data-start=\"3515\" data-end=\"3578\">\n<td data-start=\"3515\" data-end=\"3534\" data-col-size=\"sm\">Sistemas l\u00e1ser UV<\/td>\n<td data-col-size=\"md\" data-start=\"3534\" data-end=\"3578\">Ventanas y lentes \u00f3pticas para l\u00e1ser de exc\u00edmero<\/td>\n<\/tr>\n<tr data-start=\"3579\" data-end=\"3668\">\n<td data-start=\"3579\" data-end=\"3606\" data-col-size=\"sm\">Tratamiento industrial UV<\/td>\n<td data-col-size=\"md\" data-start=\"3606\" data-end=\"3668\">Equipos de esterilizaci\u00f3n UV y l\u00e1mparas de mercurio de alta presi\u00f3n<\/td>\n<\/tr>\n<tr data-start=\"3669\" data-end=\"3742\">\n<td data-start=\"3669\" data-end=\"3691\" data-col-size=\"sm\">Instrumentos \u00f3pticos<\/td>\n<td data-col-size=\"md\" data-start=\"3691\" data-end=\"3742\">Lentes, prismas, espejos y sustratos \u00f3pticos<\/td>\n<\/tr>\n<\/tbody>\n<\/table>\n<\/div>\n<\/div>\n<h1 data-section-id=\"1iusff4\" data-start=\"3749\" data-end=\"3758\"><strong data-start=\"3751\" data-end=\"3758\">PREGUNTAS FRECUENTES<\/strong><\/h1>\n<h3 data-section-id=\"bny74f\" data-start=\"3760\" data-end=\"3812\"><img decoding=\"async\" class=\"size-medium wp-image-2120 alignleft\" src=\"https:\/\/www.fuyao-quartz.com\/wp-content\/uploads\/2026\/03\/JGS1-JGS2-Optical-Grade-Quartz-Wafers-2-to-12-Inch2-300x300.jpg\" alt=\"jgs1 jgs2 obleas de cuarzo de calidad \u00f3ptica de 2 a 12 pulgadas\" width=\"300\" height=\"300\" srcset=\"https:\/\/www.fuyao-quartz.com\/wp-content\/uploads\/2026\/03\/JGS1-JGS2-Optical-Grade-Quartz-Wafers-2-to-12-Inch2-300x300.jpg 300w, https:\/\/www.fuyao-quartz.com\/wp-content\/uploads\/2026\/03\/JGS1-JGS2-Optical-Grade-Quartz-Wafers-2-to-12-Inch2-150x150.jpg 150w, https:\/\/www.fuyao-quartz.com\/wp-content\/uploads\/2026\/03\/JGS1-JGS2-Optical-Grade-Quartz-Wafers-2-to-12-Inch2-600x600.jpg 600w, https:\/\/www.fuyao-quartz.com\/wp-content\/uploads\/2026\/03\/JGS1-JGS2-Optical-Grade-Quartz-Wafers-2-to-12-Inch2-100x100.jpg 100w, https:\/\/www.fuyao-quartz.com\/wp-content\/uploads\/2026\/03\/JGS1-JGS2-Optical-Grade-Quartz-Wafers-2-to-12-Inch2.jpg 680w\" sizes=\"(max-width: 300px) 100vw, 300px\" \/>1 Diferencia entre las obleas de cuarzo JGS1 y JGS2 ?<\/h3>\n<p data-start=\"3814\" data-end=\"4090\">Las obleas de cuarzo JGS1 ofrecen una mayor transmisi\u00f3n ultravioleta profunda debido a su contenido extremadamente bajo en impurezas met\u00e1licas e hidroxilos. Las obleas de cuarzo JGS2 ofrecen un rendimiento estable desde el ultravioleta hasta el infrarrojo cercano y suelen ser m\u00e1s rentables para aplicaciones \u00f3pticas est\u00e1ndar.<\/p>\n<h3 data-section-id=\"1lbweks\" data-start=\"4092\" data-end=\"4140\">2 Aplicaciones t\u00edpicas de las obleas de cuarzo JGS1 ?<\/h3>\n<p data-start=\"4142\" data-end=\"4303\">Las obleas de cuarzo JGS1 se utilizan habitualmente en sistemas de litograf\u00eda ultravioleta profunda, componentes \u00f3pticos de l\u00e1ser excimer y equipos \u00f3pticos ultravioletas de alta precisi\u00f3n.<\/p>\n<h3 data-section-id=\"tvuani\" data-start=\"4305\" data-end=\"4353\">3 Aplicaciones t\u00edpicas de las obleas de cuarzo JGS2 ?<\/h3>\n<p data-start=\"4355\" data-end=\"4546\">Las obleas de cuarzo JGS2 se utilizan ampliamente en dispositivos de comunicaci\u00f3n por fibra \u00f3ptica, equipos de procesamiento ultravioleta y componentes \u00f3pticos generales que requieren una transmisi\u00f3n estable de UV a infrarrojo cercano.<\/p>","protected":false},"excerpt":{"rendered":"<p>Las obleas de cuarzo JGS1 y JGS2 son sustratos de s\u00edlice fundida de gran pureza compuestos principalmente de di\u00f3xido de silicio (SiO\u2082). Estas obleas de cuarzo de grado \u00f3ptico se utilizan ampliamente en la fabricaci\u00f3n de semiconductores, sistemas \u00f3pticos ultravioleta, equipos l\u00e1ser y dispositivos de comunicaci\u00f3n por fibra \u00f3ptica.<\/p>","protected":false},"featured_media":2113,"comment_status":"open","ping_status":"closed","template":"","meta":{"site-sidebar-layout":"default","site-content-layout":"","ast-site-content-layout":"default","site-content-style":"default","site-sidebar-style":"default","ast-global-header-display":"","ast-banner-title-visibility":"","ast-main-header-display":"","ast-hfb-above-header-display":"","ast-hfb-below-header-display":"","ast-hfb-mobile-header-display":"","site-post-title":"","ast-breadcrumbs-content":"","ast-featured-img":"","footer-sml-layout":"","ast-disable-related-posts":"","theme-transparent-header-meta":"default","adv-header-id-meta":"","stick-header-meta":"default","header-above-stick-meta":"","header-main-stick-meta":"","header-below-stick-meta":"","astra-migrate-meta-layouts":"set","ast-page-background-enabled":"default","ast-page-background-meta":{"desktop":{"background-color":"var(--ast-global-color-4)","background-image":"","background-repeat":"repeat","background-position":"center center","background-size":"auto","background-attachment":"scroll","background-type":"","background-media":"","overlay-type":"","overlay-color":"","overlay-opacity":"","overlay-gradient":""},"tablet":{"background-color":"","background-image":"","background-repeat":"repeat","background-position":"center center","background-size":"auto","background-attachment":"scroll","background-type":"","background-media":"","overlay-type":"","overlay-color":"","overlay-opacity":"","overlay-gradient":""},"mobile":{"background-color":"","background-image":"","background-repeat":"repeat","background-position":"center center","background-size":"auto","background-attachment":"scroll","background-type":"","background-media":"","overlay-type":"","overlay-color":"","overlay-opacity":"","overlay-gradient":""}},"ast-content-background-meta":{"desktop":{"background-color":"var(--ast-global-color-5)","background-image":"","background-repeat":"repeat","background-position":"center center","background-size":"auto","background-attachment":"scroll","background-type":"","background-media":"","overlay-type":"","overlay-color":"","overlay-opacity":"","overlay-gradient":""},"tablet":{"background-color":"var(--ast-global-color-5)","background-image":"","background-repeat":"repeat","background-position":"center center","background-size":"auto","background-attachment":"scroll","background-type":"","background-media":"","overlay-type":"","overlay-color":"","overlay-opacity":"","overlay-gradient":""},"mobile":{"background-color":"var(--ast-global-color-5)","background-image":"","background-repeat":"repeat","background-position":"center center","background-size":"auto","background-attachment":"scroll","background-type":"","background-media":"","overlay-type":"","overlay-color":"","overlay-opacity":"","overlay-gradient":""}}},"product_brand":[],"product_cat":[119],"product_tag":[165,162,157,174,158,167,159,160,161,163,156,173,169,170,171,172,168,166,175,164],"class_list":{"0":"post-2112","1":"product","2":"type-product","3":"status-publish","4":"has-post-thumbnail","6":"product_cat-quartz-wafer","7":"product_tag-deep-uv-quartz-wafer","8":"product_tag-fused-quartz-substrate","9":"product_tag-fused-quartz-wafer","10":"product_tag-fused-silica-optical-substrate","11":"product_tag-fused-silica-wafer","12":"product_tag-high-purity-quartz-wafer","13":"product_tag-jgs1-quartz-wafer","14":"product_tag-jgs2-quartz-wafer","15":"product_tag-optical-grade-quartz-wafer","16":"product_tag-optical-quartz-wafer","17":"product_tag-quartz-wafer","18":"product_tag-quartz-wafer-12-inch","19":"product_tag-quartz-wafer-2-inch","20":"product_tag-quartz-wafer-4-inch","21":"product_tag-quartz-wafer-6-inch","22":"product_tag-quartz-wafer-8-inch","23":"product_tag-semiconductor-quartz-wafer","24":"product_tag-synthetic-quartz-wafer","25":"product_tag-uv-optical-quartz-glass","26":"product_tag-uv-quartz-wafer","27":"desktop-align-left","28":"tablet-align-left","29":"mobile-align-left","30":"ast-product-gallery-layout-horizontal","31":"ast-product-tabs-layout-horizontal","33":"first","34":"instock","35":"shipping-taxable","36":"product-type-simple"},"_links":{"self":[{"href":"https:\/\/www.fuyao-quartz.com\/es\/wp-json\/wp\/v2\/product\/2112","targetHints":{"allow":["GET"]}}],"collection":[{"href":"https:\/\/www.fuyao-quartz.com\/es\/wp-json\/wp\/v2\/product"}],"about":[{"href":"https:\/\/www.fuyao-quartz.com\/es\/wp-json\/wp\/v2\/types\/product"}],"replies":[{"embeddable":true,"href":"https:\/\/www.fuyao-quartz.com\/es\/wp-json\/wp\/v2\/comments?post=2112"}],"version-history":[{"count":4,"href":"https:\/\/www.fuyao-quartz.com\/es\/wp-json\/wp\/v2\/product\/2112\/revisions"}],"predecessor-version":[{"id":2123,"href":"https:\/\/www.fuyao-quartz.com\/es\/wp-json\/wp\/v2\/product\/2112\/revisions\/2123"}],"wp:featuredmedia":[{"embeddable":true,"href":"https:\/\/www.fuyao-quartz.com\/es\/wp-json\/wp\/v2\/media\/2113"}],"wp:attachment":[{"href":"https:\/\/www.fuyao-quartz.com\/es\/wp-json\/wp\/v2\/media?parent=2112"}],"wp:term":[{"taxonomy":"product_brand","embeddable":true,"href":"https:\/\/www.fuyao-quartz.com\/es\/wp-json\/wp\/v2\/product_brand?post=2112"},{"taxonomy":"product_cat","embeddable":true,"href":"https:\/\/www.fuyao-quartz.com\/es\/wp-json\/wp\/v2\/product_cat?post=2112"},{"taxonomy":"product_tag","embeddable":true,"href":"https:\/\/www.fuyao-quartz.com\/es\/wp-json\/wp\/v2\/product_tag?post=2112"}],"curies":[{"name":"wp","href":"https:\/\/api.w.org\/{rel}","templated":true}]}}