{"id":2803,"date":"2026-04-28T08:51:02","date_gmt":"2026-04-28T08:51:02","guid":{"rendered":"https:\/\/www.fuyao-quartz.com\/?post_type=product&#038;p=2803"},"modified":"2026-04-28T08:51:06","modified_gmt":"2026-04-28T08:51:06","slug":"pigeon-blood-red-sapphire-watch-crystal-custom-synthetic-ruby-crystal-for-luxury-watches","status":"publish","type":"product","link":"https:\/\/www.fuyao-quartz.com\/de\/product\/pigeon-blood-red-sapphire-watch-crystal-custom-synthetic-ruby-crystal-for-luxury-watches\/","title":{"rendered":"Taubenblutroter Saphir-Uhrenkristall Kundenspezifischer synthetischer Rubinkristall f\u00fcr Luxusuhren"},"content":{"rendered":"<p data-start=\"144\" data-end=\"568\"><img fetchpriority=\"high\" decoding=\"async\" class=\"alignright wp-image-2807 size-medium\" src=\"https:\/\/www.fuyao-quartz.com\/wp-content\/uploads\/2026\/04\/Pigeon-Blood-Red-Sapphire-Watch-Crystal-Custom-Synthetic-Ruby-Crystal-for-Luxury-Watches-1-300x300.png\" alt=\"Taubenblutroter Saphir-Uhrenkristall Kundenspezifischer synthetischer Rubinkristall f\u00fcr Luxusuhren\" width=\"300\" height=\"300\" srcset=\"https:\/\/www.fuyao-quartz.com\/wp-content\/uploads\/2026\/04\/Pigeon-Blood-Red-Sapphire-Watch-Crystal-Custom-Synthetic-Ruby-Crystal-for-Luxury-Watches-1-300x300.png 300w, https:\/\/www.fuyao-quartz.com\/wp-content\/uploads\/2026\/04\/Pigeon-Blood-Red-Sapphire-Watch-Crystal-Custom-Synthetic-Ruby-Crystal-for-Luxury-Watches-1-150x150.png 150w, https:\/\/www.fuyao-quartz.com\/wp-content\/uploads\/2026\/04\/Pigeon-Blood-Red-Sapphire-Watch-Crystal-Custom-Synthetic-Ruby-Crystal-for-Luxury-Watches-1-768x768.png 768w, https:\/\/www.fuyao-quartz.com\/wp-content\/uploads\/2026\/04\/Pigeon-Blood-Red-Sapphire-Watch-Crystal-Custom-Synthetic-Ruby-Crystal-for-Luxury-Watches-1-12x12.png 12w, https:\/\/www.fuyao-quartz.com\/wp-content\/uploads\/2026\/04\/Pigeon-Blood-Red-Sapphire-Watch-Crystal-Custom-Synthetic-Ruby-Crystal-for-Luxury-Watches-1-600x600.png 600w, https:\/\/www.fuyao-quartz.com\/wp-content\/uploads\/2026\/04\/Pigeon-Blood-Red-Sapphire-Watch-Crystal-Custom-Synthetic-Ruby-Crystal-for-Luxury-Watches-1-100x100.png 100w, https:\/\/www.fuyao-quartz.com\/wp-content\/uploads\/2026\/04\/Pigeon-Blood-Red-Sapphire-Watch-Crystal-Custom-Synthetic-Ruby-Crystal-for-Luxury-Watches-1.png 1000w\" sizes=\"(max-width: 300px) 100vw, 300px\" \/>Das Pigeon Blood Red Sapphire Uhrenglas ist ein hochwertiges optisches Bauteil aus hochreinem synthetischen Rubin (roter Saphir), einer Variante des <span class=\"hover:entity-accent entity-underline inline cursor-pointer align-baseline\"><span class=\"whitespace-normal\">Saphir (Al\u2082O\u2083-Einkristall)<\/span><\/span> das mit Chrom dotiert ist, um seine ikonische tiefrote Farbe zu erhalten. Dieses Material wurde f\u00fcr hochwertige und luxuri\u00f6se Uhrenanwendungen entwickelt und vereint au\u00dfergew\u00f6hnliche mechanische Festigkeit, markante \u00c4sthetik und hervorragende optische Leistung.<\/p>\n<p data-start=\"570\" data-end=\"931\">Im Gegensatz zu herk\u00f6mmlichen transparenten Uhrengl\u00e4sern bietet taubenblutrotes Saphirglas eine einzigartige visuelle Identit\u00e4t und unterstreicht die Designsprache von Luxus- und Spezialuhren. Der satte Rotton in Kombination mit der dem Saphirglas innewohnenden Brillanz und Haltbarkeit macht es zur idealen Wahl f\u00fcr Premium-Uhrenmarken, limitierte Auflagen und ma\u00dfgeschneiderte Uhrenprojekte.<\/p>\n<hr data-start=\"933\" data-end=\"936\" \/>\n<h2 data-section-id=\"1hjwgp3\" data-start=\"938\" data-end=\"969\">Hauptmerkmale und Vorteile<\/h2>\n<h3 data-section-id=\"srp5rs\" data-start=\"971\" data-end=\"1015\">1. Einzigartige \u201ctaubenblutrote\u201d \u00c4sthetik<\/h3>\n<p data-start=\"1016\" data-end=\"1270\">Die tiefrote F\u00e4rbung wird durch eine pr\u00e4zise Steuerung der Chromdotierung w\u00e4hrend des Kristallwachstums erreicht, was zu einem gleichm\u00e4\u00dfigen, lebhaften Farbton f\u00fchrt, der mit hochwertigen Rubinmaterialien assoziiert wird. Dieses unverwechselbare Erscheinungsbild steigert das Design der Uhr und die Differenzierung der Marke.<\/p>\n<h3 data-section-id=\"1pnjdhc\" data-start=\"1272\" data-end=\"1324\">2. Au\u00dfergew\u00f6hnliche H\u00e4rte und Kratzfestigkeit<\/h3>\n<p data-start=\"1325\" data-end=\"1507\">Mit einer Mohs-H\u00e4rte von 9 sind Saphirgl\u00e4ser \u00e4u\u00dferst kratz- und abriebfest und gew\u00e4hrleisten selbst bei t\u00e4glichem Tragen oder in rauen Umgebungen langfristige Klarheit und Haltbarkeit.<\/p>\n<h3 data-section-id=\"vgool6\" data-start=\"1509\" data-end=\"1546\">3. Hervorragende optische Leistung<\/h3>\n<p data-start=\"1547\" data-end=\"1778\">Trotz seiner F\u00e4rbung weist das Kristall eine hervorragende Lichtdurchl\u00e4ssigkeit und optische Gleichm\u00e4\u00dfigkeit auf. Es kann je nach Designanforderung f\u00fcr kontrollierte Transparenzgrade entwickelt werden (halbtransparent, get\u00f6nt oder dekorativ).<\/p>\n<h3 data-section-id=\"1y5f5oz\" data-start=\"1780\" data-end=\"1824\">4. Hohe thermische und chemische Best\u00e4ndigkeit<\/h3>\n<p data-start=\"1825\" data-end=\"2003\">Das Material bleibt auch bei extremen Temperaturen stabil und ist best\u00e4ndig gegen die meisten S\u00e4uren, Laugen und Korrosion in der Umwelt, was die Zuverl\u00e4ssigkeit unter verschiedenen Betriebsbedingungen gew\u00e4hrleistet.<\/p>\n<h3 data-section-id=\"1vz732i\" data-start=\"2005\" data-end=\"2058\">5. Vollst\u00e4ndig anpassbare L\u00f6sungen (Hauptvorteil)<\/h3>\n<p data-start=\"2059\" data-end=\"2147\">Dieses Produkt ist in hohem Ma\u00dfe anpassbar, um spezifische Design- und Funktionsanforderungen zu erf\u00fcllen:<\/p>\n<h2 style=\"font-style: normal;\" data-section-id=\"1hjwgp3\" data-start=\"938\" data-end=\"969\"><\/h2>\n<ul data-start=\"2148\" data-end=\"2424\">\n<li data-section-id=\"1kg88ut\" data-start=\"2148\" data-end=\"2192\">Form: flach, gekr\u00fcmmt, kuppelf\u00f6rmig, doppelt gekr\u00fcmmt\n<p style=\"font-size: 16px;\">\n<\/li>\n<li data-section-id=\"1xcbw6m\" data-start=\"2193\" data-end=\"2236\">Gr\u00f6\u00dfe: Durchmesser, Dicke, Kantenprofil<\/li>\n<li data-section-id=\"i4y7hd\" data-start=\"2237\" data-end=\"2292\">Farbintensit\u00e4t: hellrot bis tief taubenblutrot<\/li>\n<li data-section-id=\"1q0nu6x\" data-start=\"2293\" data-end=\"2370\">Oberfl\u00e4chenbeschaffenheit: poliert, antireflektierend (AR), Anti-Fingerprint-Beschichtung<\/li>\n<li data-section-id=\"cgvwyy\" data-start=\"2371\" data-end=\"2424\">Gravur: Logo, Muster oder dekorative Texturen<\/li>\n<\/ul>\n<hr data-start=\"2426\" data-end=\"2429\" \/>\n<h2 data-section-id=\"58xi60\" data-start=\"2431\" data-end=\"2460\">Technische Daten<\/h2>\n<div class=\"TyagGW_tableContainer\">\n<div class=\"group TyagGW_tableWrapper flex flex-col-reverse w-fit\" tabindex=\"-1\">\n<table class=\"w-fit min-w-(--thread-content-width)\" data-start=\"2462\" data-end=\"3136\">\n<thead data-start=\"2462\" data-end=\"2491\">\n<tr data-start=\"2462\" data-end=\"2491\">\n<th class=\"\" data-start=\"2462\" data-end=\"2474\" data-col-size=\"sm\">Parameter<\/th>\n<th class=\"\" data-start=\"2474\" data-end=\"2491\" data-col-size=\"md\">Spezifikation<\/th>\n<\/tr>\n<\/thead>\n<tbody data-start=\"2521\" data-end=\"3136\">\n<tr data-start=\"2521\" data-end=\"2579\">\n<td data-start=\"2521\" data-end=\"2536\" data-col-size=\"sm\">Produktname<\/td>\n<td data-col-size=\"md\" data-start=\"2536\" data-end=\"2579\">Taube Blut rot Saphir Uhrglas<\/td>\n<\/tr>\n<tr data-start=\"2580\" data-end=\"2629\">\n<td data-start=\"2580\" data-end=\"2591\" data-col-size=\"sm\">Material<\/td>\n<td data-col-size=\"md\" data-start=\"2591\" data-end=\"2629\">Synthetischer Rubin (Cr-dotierter Saphir)<\/td>\n<\/tr>\n<tr data-start=\"2630\" data-end=\"2679\">\n<td data-start=\"2630\" data-end=\"2653\" data-col-size=\"sm\">Chemische Zusammensetzung<\/td>\n<td data-col-size=\"md\" data-start=\"2653\" data-end=\"2679\">Al\u2082O\u2083 (Einkristall)<\/td>\n<\/tr>\n<tr data-start=\"2680\" data-end=\"2701\">\n<td data-start=\"2680\" data-end=\"2691\" data-col-size=\"sm\">H\u00e4rte<\/td>\n<td data-col-size=\"md\" data-start=\"2691\" data-end=\"2701\">Mohs 9<\/td>\n<\/tr>\n<tr data-start=\"2702\" data-end=\"2726\">\n<td data-start=\"2702\" data-end=\"2712\" data-col-size=\"sm\">Dichte<\/td>\n<td data-col-size=\"md\" data-start=\"2712\" data-end=\"2726\">3,98 g\/cm\u00b3<\/td>\n<\/tr>\n<tr data-start=\"2727\" data-end=\"2776\">\n<td data-start=\"2727\" data-end=\"2746\" data-col-size=\"sm\">Optische Eigenschaft<\/td>\n<td data-col-size=\"md\" data-start=\"2746\" data-end=\"2776\">Farbig \/ Halbtransparent<\/td>\n<\/tr>\n<tr data-start=\"2777\" data-end=\"2837\">\n<td data-start=\"2777\" data-end=\"2798\" data-col-size=\"sm\">\u00dcbertragungsbereich<\/td>\n<td data-col-size=\"md\" data-start=\"2798\" data-end=\"2837\">200 - 5000 nm (abh\u00e4ngig von der Dotierung)<\/td>\n<\/tr>\n<tr data-start=\"2838\" data-end=\"2883\">\n<td data-start=\"2838\" data-end=\"2850\" data-col-size=\"sm\">Dicke<\/td>\n<td data-col-size=\"md\" data-start=\"2850\" data-end=\"2883\">Benutzerdefiniert (typischerweise 0,5 - 3 mm)<\/td>\n<\/tr>\n<tr data-start=\"2884\" data-end=\"2939\">\n<td data-start=\"2884\" data-end=\"2895\" data-col-size=\"sm\">Durchmesser<\/td>\n<td data-col-size=\"md\" data-start=\"2895\" data-end=\"2939\">Kundenspezifisch (z. B. 10 - 50 mm oder nach Zeichnung)<\/td>\n<\/tr>\n<tr data-start=\"2940\" data-end=\"2979\">\n<td data-start=\"2940\" data-end=\"2948\" data-col-size=\"sm\">Form<\/td>\n<td data-col-size=\"md\" data-start=\"2948\" data-end=\"2979\">Flach \/ Kuppel \/ Doppelt gebogen<\/td>\n<\/tr>\n<tr data-start=\"2980\" data-end=\"3027\">\n<td data-start=\"2980\" data-end=\"3000\" data-col-size=\"sm\">Oberfl\u00e4chenrauhigkeit<\/td>\n<td data-col-size=\"md\" data-start=\"3000\" data-end=\"3027\">Polieren in optischer Qualit\u00e4t<\/td>\n<\/tr>\n<tr data-start=\"3028\" data-end=\"3096\">\n<td data-start=\"3028\" data-end=\"3046\" data-col-size=\"sm\">Beschichtungsoptionen<\/td>\n<td data-col-size=\"md\" data-start=\"3046\" data-end=\"3096\">AR-Beschichtung \/ Hartbeschichtung \/ Dekorative Beschichtung<\/td>\n<\/tr>\n<tr data-start=\"3097\" data-end=\"3136\">\n<td data-start=\"3097\" data-end=\"3119\" data-col-size=\"sm\">Arbeitstemperatur<\/td>\n<td data-col-size=\"md\" data-start=\"3119\" data-end=\"3136\">Bis zu ~1000\u00b0C<\/td>\n<\/tr>\n<\/tbody>\n<\/table>\n<\/div>\n<\/div>\n<hr data-start=\"3138\" data-end=\"3141\" \/>\n<h2 data-section-id=\"ce0tqk\" data-start=\"3143\" data-end=\"3160\">Anwendungen<\/h2>\n<ul data-start=\"3162\" data-end=\"3323\">\n<li data-section-id=\"1b00soz\" data-start=\"3162\" data-end=\"3191\">Mechanische Uhren der Luxusklasse<\/li>\n<li data-section-id=\"d1i2gp\" data-start=\"3192\" data-end=\"3222\">Individuell gestaltete Zeitmesser<\/li>\n<li data-section-id=\"17l1ca8\" data-start=\"3223\" data-end=\"3261\">Uhren in limitierter Auflage oder Markenuhren<\/li>\n<li data-section-id=\"vtqgrx\" data-start=\"3262\" data-end=\"3293\">Dekorative Uhrenkomponenten<\/li>\n<li data-section-id=\"11966n8\" data-start=\"3294\" data-end=\"3323\">Hochwertige tragbare Ger\u00e4te<\/li>\n<\/ul>\n<p><img decoding=\"async\" class=\"alignnone wp-image-2809 size-large\" src=\"https:\/\/www.fuyao-quartz.com\/wp-content\/uploads\/2026\/04\/Pigeon-Blood-Red-Sapphire-Watch-Crystal-Custom-Synthetic-Ruby-Crystal-for-Luxury-Watches-5-1024x505.png\" alt=\"\" width=\"1024\" height=\"505\" srcset=\"https:\/\/www.fuyao-quartz.com\/wp-content\/uploads\/2026\/04\/Pigeon-Blood-Red-Sapphire-Watch-Crystal-Custom-Synthetic-Ruby-Crystal-for-Luxury-Watches-5-1024x505.png 1024w, https:\/\/www.fuyao-quartz.com\/wp-content\/uploads\/2026\/04\/Pigeon-Blood-Red-Sapphire-Watch-Crystal-Custom-Synthetic-Ruby-Crystal-for-Luxury-Watches-5-300x148.png 300w, https:\/\/www.fuyao-quartz.com\/wp-content\/uploads\/2026\/04\/Pigeon-Blood-Red-Sapphire-Watch-Crystal-Custom-Synthetic-Ruby-Crystal-for-Luxury-Watches-5-768x379.png 768w, https:\/\/www.fuyao-quartz.com\/wp-content\/uploads\/2026\/04\/Pigeon-Blood-Red-Sapphire-Watch-Crystal-Custom-Synthetic-Ruby-Crystal-for-Luxury-Watches-5-18x9.png 18w, https:\/\/www.fuyao-quartz.com\/wp-content\/uploads\/2026\/04\/Pigeon-Blood-Red-Sapphire-Watch-Crystal-Custom-Synthetic-Ruby-Crystal-for-Luxury-Watches-5-600x296.png 600w, https:\/\/www.fuyao-quartz.com\/wp-content\/uploads\/2026\/04\/Pigeon-Blood-Red-Sapphire-Watch-Crystal-Custom-Synthetic-Ruby-Crystal-for-Luxury-Watches-5.png 1536w\" sizes=\"(max-width: 1024px) 100vw, 1024px\" \/><\/p>\n<hr data-start=\"3325\" data-end=\"3328\" \/>\n<h2 data-section-id=\"myj2su\" data-start=\"3330\" data-end=\"3361\"><img decoding=\"async\" class=\"alignright wp-image-2806 size-medium\" src=\"https:\/\/www.fuyao-quartz.com\/wp-content\/uploads\/2026\/04\/Pigeon-Blood-Red-Sapphire-Watch-Crystal-Custom-Synthetic-Ruby-Crystal-for-Luxury-Watches-2-300x300.png\" alt=\"Taubenblutroter Saphir-Uhrenkristall Kundenspezifischer synthetischer Rubinkristall f\u00fcr Luxusuhren\" width=\"300\" height=\"300\" srcset=\"https:\/\/www.fuyao-quartz.com\/wp-content\/uploads\/2026\/04\/Pigeon-Blood-Red-Sapphire-Watch-Crystal-Custom-Synthetic-Ruby-Crystal-for-Luxury-Watches-2-300x300.png 300w, https:\/\/www.fuyao-quartz.com\/wp-content\/uploads\/2026\/04\/Pigeon-Blood-Red-Sapphire-Watch-Crystal-Custom-Synthetic-Ruby-Crystal-for-Luxury-Watches-2-150x150.png 150w, https:\/\/www.fuyao-quartz.com\/wp-content\/uploads\/2026\/04\/Pigeon-Blood-Red-Sapphire-Watch-Crystal-Custom-Synthetic-Ruby-Crystal-for-Luxury-Watches-2-768x768.png 768w, https:\/\/www.fuyao-quartz.com\/wp-content\/uploads\/2026\/04\/Pigeon-Blood-Red-Sapphire-Watch-Crystal-Custom-Synthetic-Ruby-Crystal-for-Luxury-Watches-2-12x12.png 12w, https:\/\/www.fuyao-quartz.com\/wp-content\/uploads\/2026\/04\/Pigeon-Blood-Red-Sapphire-Watch-Crystal-Custom-Synthetic-Ruby-Crystal-for-Luxury-Watches-2-600x600.png 600w, https:\/\/www.fuyao-quartz.com\/wp-content\/uploads\/2026\/04\/Pigeon-Blood-Red-Sapphire-Watch-Crystal-Custom-Synthetic-Ruby-Crystal-for-Luxury-Watches-2-100x100.png 100w, https:\/\/www.fuyao-quartz.com\/wp-content\/uploads\/2026\/04\/Pigeon-Blood-Red-Sapphire-Watch-Crystal-Custom-Synthetic-Ruby-Crystal-for-Luxury-Watches-2.png 1000w\" sizes=\"(max-width: 300px) 100vw, 300px\" \/>Anpassungsf\u00e4higkeiten<\/h2>\n<p data-start=\"3363\" data-end=\"3656\">Wir sind spezialisiert auf <strong data-start=\"3380\" data-end=\"3424\">vollst\u00e4ndig individualisierte Saphir-Uhrengl\u00e4ser<\/strong>, Wir bieten Pr\u00e4zisionsfertigung auf der Grundlage von Kundenzeichnungen oder -spezifikationen. Ganz gleich, ob Sie einzigartige Geometrien, spezielle Farbt\u00f6ne oder fortschrittliche Beschichtungen ben\u00f6tigen, unser Ingenieurteam gew\u00e4hrleistet enge Toleranzen und gleichbleibende Qualit\u00e4t.<\/p>\n<p data-start=\"3658\" data-end=\"3683\">Anpassungen sind m\u00f6glich:<\/p>\n<ul data-start=\"3684\" data-end=\"3918\">\n<li data-section-id=\"vu2mit\" data-start=\"3684\" data-end=\"3728\">Komplexe Formen (gew\u00f6lbt, gestuft, facettiert)<\/li>\n<li data-section-id=\"eidh82\" data-start=\"3729\" data-end=\"3784\">Mikro-Toleranzkontrolle f\u00fcr Dicke und Kr\u00fcmmung<\/li>\n<li data-section-id=\"t3uvay\" data-start=\"3785\" data-end=\"3832\">Benutzerdefinierte Farbabstufung und Gleichm\u00e4\u00dfigkeitskontrolle<\/li>\n<li data-section-id=\"1wj84wk\" data-start=\"3833\" data-end=\"3875\">Logogravur und dekorative Veredelungen<\/li>\n<li data-section-id=\"zge2hp\" data-start=\"3876\" data-end=\"3918\">Unterst\u00fctzung von Kleinserien bis zur Massenproduktion<\/li>\n<\/ul>\n<hr data-start=\"3920\" data-end=\"3923\" \/>\n<h2 data-section-id=\"x9bttf\" data-start=\"4335\" data-end=\"4343\">FAQ<\/h2>\n<p data-start=\"4345\" data-end=\"4545\"><strong data-start=\"4345\" data-end=\"4419\">Q1: Kann die Farbintensit\u00e4t des roten Saphirglases individuell angepasst werden?<\/strong><br data-start=\"4419\" data-end=\"4422\" \/>A1: Ja. Die Farbe kann durch Steuerung des Dotierungsverfahrens und der Dicke von hellrot bis tief taubenblutrot eingestellt werden.<\/p>\n<p data-start=\"4547\" data-end=\"4720\"><strong data-start=\"4547\" data-end=\"4614\">F2: Ist das Glas so haltbar wie normales Saphirglas?<\/strong><br data-start=\"4614\" data-end=\"4617\" \/>A2: Ja. Es beh\u00e4lt die gleiche Mohs-H\u00e4rte von 9 und bietet eine hervorragende Kratzfestigkeit und Haltbarkeit.<\/p>\n<p data-start=\"4722\" data-end=\"4942\" data-is-last-node=\"\" data-is-only-node=\"\"><strong data-start=\"4722\" data-end=\"4786\">F3: Unterst\u00fctzen Sie kundenspezifische Formen und Kleinserienfertigung?<\/strong><br data-start=\"4786\" data-end=\"4789\" \/>A3: Auf jeden Fall. Wir bieten einen umfassenden Anpassungsservice, einschlie\u00dflich Form, Gr\u00f6\u00dfe, Dicke und Beschichtungen, und k\u00f6nnen sowohl Prototypen als auch die Massenproduktion unterst\u00fctzen.<\/p>","protected":false},"excerpt":{"rendered":"<p>Das Pigeon Blood Red Sapphire Watch Crystal ist nicht nur eine sch\u00fctzende Komponente, sondern auch ein Design-Statement. Durch die Kombination der legend\u00e4ren Haltbarkeit von Saphir mit dem luxuri\u00f6sen Aussehen von Rubin bietet es sowohl Funktionalit\u00e4t als auch \u00e4sthetischen Wert. Sein hohes Ma\u00df an Individualit\u00e4t macht es zu einer idealen L\u00f6sung f\u00fcr Uhrmacher, die nach Differenzierung, Innovation und Premiumqualit\u00e4t suchen.<\/p>","protected":false},"featured_media":2804,"comment_status":"open","ping_status":"closed","template":"","meta":{"site-sidebar-layout":"default","site-content-layout":"","ast-site-content-layout":"default","site-content-style":"default","site-sidebar-style":"default","ast-global-header-display":"","ast-banner-title-visibility":"","ast-main-header-display":"","ast-hfb-above-header-display":"","ast-hfb-below-header-display":"","ast-hfb-mobile-header-display":"","site-post-title":"","ast-breadcrumbs-content":"","ast-featured-img":"","footer-sml-layout":"","ast-disable-related-posts":"","theme-transparent-header-meta":"default","adv-header-id-meta":"","stick-header-meta":"default","header-above-stick-meta":"","header-main-stick-meta":"","header-below-stick-meta":"","astra-migrate-meta-layouts":"set","ast-page-background-enabled":"default","ast-page-background-meta":{"desktop":{"background-color":"var(--ast-global-color-4)","background-image":"","background-repeat":"repeat","background-position":"center center","background-size":"auto","background-attachment":"scroll","background-type":"","background-media":"","overlay-type":"","overlay-color":"","overlay-opacity":"","overlay-gradient":""},"tablet":{"background-color":"","background-image":"","background-repeat":"repeat","background-position":"center center","background-size":"auto","background-attachment":"scroll","background-type":"","background-media":"","overlay-type":"","overlay-color":"","overlay-opacity":"","overlay-gradient":""},"mobile":{"background-color":"","background-image":"","background-repeat":"repeat","background-position":"center center","background-size":"auto","background-attachment":"scroll","background-type":"","background-media":"","overlay-type":"","overlay-color":"","overlay-opacity":"","overlay-gradient":""}},"ast-content-background-meta":{"desktop":{"background-color":"var(--ast-global-color-5)","background-image":"","background-repeat":"repeat","background-position":"center center","background-size":"auto","background-attachment":"scroll","background-type":"","background-media":"","overlay-type":"","overlay-color":"","overlay-opacity":"","overlay-gradient":""},"tablet":{"background-color":"var(--ast-global-color-5)","background-image":"","background-repeat":"repeat","background-position":"center center","background-size":"auto","background-attachment":"scroll","background-type":"","background-media":"","overlay-type":"","overlay-color":"","overlay-opacity":"","overlay-gradient":""},"mobile":{"background-color":"var(--ast-global-color-5)","background-image":"","background-repeat":"repeat","background-position":"center center","background-size":"auto","background-attachment":"scroll","background-type":"","background-media":"","overlay-type":"","overlay-color":"","overlay-opacity":"","overlay-gradient":""}}},"product_brand":[],"product_cat":[152],"product_tag":[996,1005,1004,994,1000,1006,998,1010,999,1008,1002,997,990,991,992,1009,993,1003,995,1001,1007],"class_list":{"0":"post-2803","1":"product","2":"type-product","3":"status-publish","4":"has-post-thumbnail","6":"product_cat-sapphire","7":"product_tag-al2o3-sapphire","8":"product_tag-anti-reflective-watch-crystal","9":"product_tag-ar-coating-sapphire","10":"product_tag-colored-sapphire-crystal","11":"product_tag-curved-watch-crystal","12":"product_tag-custom-sapphire-glass","13":"product_tag-custom-watch-crystal","14":"product_tag-decorative-sapphire-crystal","15":"product_tag-domed-sapphire-crystal","16":"product_tag-high-end-watch-components","17":"product_tag-high-hardness-crystal","18":"product_tag-luxury-watch-glass","19":"product_tag-pigeon-blood-red-sapphire","20":"product_tag-red-sapphire-watch-crystal","21":"product_tag-ruby-watch-crystal","22":"product_tag-sapphire-optics","23":"product_tag-sapphire-watch-crystal","24":"product_tag-scratch-resistant-watch-glass","25":"product_tag-synthetic-ruby-crystal","26":"product_tag-tinted-sapphire-glass","27":"product_tag-watch-crystal-manufacturer","28":"desktop-align-left","29":"tablet-align-left","30":"mobile-align-left","31":"ast-product-gallery-layout-horizontal","32":"ast-product-tabs-layout-horizontal","34":"first","35":"instock","36":"shipping-taxable","37":"product-type-simple"},"_links":{"self":[{"href":"https:\/\/www.fuyao-quartz.com\/de\/wp-json\/wp\/v2\/product\/2803","targetHints":{"allow":["GET"]}}],"collection":[{"href":"https:\/\/www.fuyao-quartz.com\/de\/wp-json\/wp\/v2\/product"}],"about":[{"href":"https:\/\/www.fuyao-quartz.com\/de\/wp-json\/wp\/v2\/types\/product"}],"replies":[{"embeddable":true,"href":"https:\/\/www.fuyao-quartz.com\/de\/wp-json\/wp\/v2\/comments?post=2803"}],"version-history":[{"count":1,"href":"https:\/\/www.fuyao-quartz.com\/de\/wp-json\/wp\/v2\/product\/2803\/revisions"}],"predecessor-version":[{"id":2810,"href":"https:\/\/www.fuyao-quartz.com\/de\/wp-json\/wp\/v2\/product\/2803\/revisions\/2810"}],"wp:featuredmedia":[{"embeddable":true,"href":"https:\/\/www.fuyao-quartz.com\/de\/wp-json\/wp\/v2\/media\/2804"}],"wp:attachment":[{"href":"https:\/\/www.fuyao-quartz.com\/de\/wp-json\/wp\/v2\/media?parent=2803"}],"wp:term":[{"taxonomy":"product_brand","embeddable":true,"href":"https:\/\/www.fuyao-quartz.com\/de\/wp-json\/wp\/v2\/product_brand?post=2803"},{"taxonomy":"product_cat","embeddable":true,"href":"https:\/\/www.fuyao-quartz.com\/de\/wp-json\/wp\/v2\/product_cat?post=2803"},{"taxonomy":"product_tag","embeddable":true,"href":"https:\/\/www.fuyao-quartz.com\/de\/wp-json\/wp\/v2\/product_tag?post=2803"}],"curies":[{"name":"wp","href":"https:\/\/api.w.org\/{rel}","templated":true}]}}