{"id":2793,"date":"2026-04-28T07:20:30","date_gmt":"2026-04-28T07:20:30","guid":{"rendered":"https:\/\/www.fuyao-quartz.com\/?post_type=product&#038;p=2793"},"modified":"2026-04-28T07:20:33","modified_gmt":"2026-04-28T07:20:33","slug":"sapphire-tubes-high-purity-single-crystal-al%e2%82%82o%e2%82%83-for-high-temperature-and-optical-use","status":"publish","type":"product","link":"https:\/\/www.fuyao-quartz.com\/de\/product\/sapphire-tubes-high-purity-single-crystal-al%e2%82%82o%e2%82%83-for-high-temperature-and-optical-use\/","title":{"rendered":"Saphirrohre Hochreines einkristallines Al\u2082O\u2083 f\u00fcr hohe Temperaturen und optische Anwendungen"},"content":{"rendered":"<p data-start=\"171\" data-end=\"579\"><img fetchpriority=\"high\" decoding=\"async\" class=\"wp-image-2798 alignright\" src=\"https:\/\/www.fuyao-quartz.com\/wp-content\/uploads\/2026\/04\/Sapphire-Tubes-High-Purity-Single-Crystal-Al\u2082O\u2083-f\u00fcr-Hochtemperatur-und-Optische-Verwendung-2-1-300x300.png\" alt=\"\" width=\"279\" height=\"279\" srcset=\"\" sizes=\"(max-width: 279px) 100vw, 279px\" data-srcset=\"\" \/>Saphirrohre sind hochentwickelte r\u00f6hrenf\u00f6rmige Komponenten, die aus hochreinem einkristallinem Aluminiumoxid (<span class=\"hover:entity-accent entity-underline inline cursor-pointer align-baseline\"><span class=\"whitespace-normal\">Saphir (Al\u2082O\u2083-Einkristall)<\/span><\/span>). Durch die Kombination von au\u00dfergew\u00f6hnlicher mechanischer Festigkeit, extremer W\u00e4rmebest\u00e4ndigkeit und breiter optischer Transparenz werden Saphirrohre h\u00e4ufig in anspruchsvollen Umgebungen eingesetzt, in denen herk\u00f6mmliche Materialien wie Quarz, Glas oder Aluminiumoxid die Leistungsanforderungen nicht erf\u00fcllen k\u00f6nnen.<\/p>\n<p data-start=\"581\" data-end=\"900\">Aufgrund ihrer einzigartigen Kristallstruktur bieten Saphirrohre selbst unter rauen Betriebsbedingungen eine hervorragende Haltbarkeit, chemische Inertheit und Formstabilit\u00e4t. Diese Eigenschaften machen sie zu einem unverzichtbaren Material f\u00fcr die Halbleiterverarbeitung, Hochtemperatur\u00f6fen, optische Systeme und Analyseinstrumente.<\/p>\n<hr data-start=\"902\" data-end=\"905\" \/>\n<h2 data-section-id=\"1yz4sp2\" data-start=\"907\" data-end=\"927\">Wesentliche Vorteile<\/h2>\n<h3 data-section-id=\"y8ctbf\" data-start=\"929\" data-end=\"968\"><img decoding=\"async\" class=\"wp-image-2799 alignright\" src=\"https:\/\/www.fuyao-quartz.com\/wp-content\/uploads\/2026\/04\/Sapphire-Tubes-High-Purity-Single-Crystal-Al\u2082O\u2083-f\u00fcr-Hochtemperatur-und-Optische-Verwendung-1-1-300x300.png\" alt=\"\" width=\"268\" height=\"268\" srcset=\"\" sizes=\"(max-width: 268px) 100vw, 268px\" data-srcset=\"\" \/>1. Au\u00dfergew\u00f6hnliche W\u00e4rmebest\u00e4ndigkeit<\/h3>\n<p data-start=\"969\" data-end=\"1304\">Saphir hat einen Schmelzpunkt von ca. 2050 \u00b0C und weist auch bei extremen Temperaturen eine ausgezeichnete strukturelle Stabilit\u00e4t auf. Saphirrohre k\u00f6nnen kontinuierlich in Hochtemperaturumgebungen betrieben werden (bis zu ~2000\u00b0C im Vakuum oder unter inerten Atmosph\u00e4ren), was sie ideal f\u00fcr Ofensysteme, thermische Verarbeitung und Hochenergieanwendungen macht.<\/p>\n<h3 data-section-id=\"10kmn1a\" data-start=\"1306\" data-end=\"1356\">2. \u00dcberragende mechanische Festigkeit und H\u00e4rte<\/h3>\n<p data-start=\"1357\" data-end=\"1641\">Mit einer Mohs-H\u00e4rte von 9 ist Saphir eines der h\u00e4rtesten technischen Materialien, die es gibt. Saphirrohre weisen eine hervorragende Verschlei\u00dffestigkeit, Kratzfestigkeit und lange Lebensdauer auf und \u00fcbertreffen Quarz- und Keramikalternativen in abrasiven oder hochbelasteten Umgebungen deutlich.<\/p>\n<h3 data-section-id=\"1ghoehn\" data-start=\"1643\" data-end=\"1678\">3. Breite optische \u00dcbertragung<\/h3>\n<p data-start=\"1679\" data-end=\"1948\">Saphirrohre bieten eine hervorragende optische Durchl\u00e4ssigkeit \u00fcber einen breiten Spektralbereich, von Ultraviolett (UV) bis Infrarot (IR) (ca. 200-5000 nm). Dadurch eignen sie sich f\u00fcr optische Schutzrohre, Lasersysteme, Lampenh\u00fcllen und spektroskopische Anwendungen.<\/p>\n<h3 data-section-id=\"1yihbeh\" data-start=\"1950\" data-end=\"1987\">4. Ausgezeichnete chemische Best\u00e4ndigkeit<\/h3>\n<p data-start=\"1988\" data-end=\"2201\">Saphir ist sehr widerstandsf\u00e4hig gegen S\u00e4uren, Laugen und korrosive Gase. Es bleibt in aggressiven chemischen und Plasma-Umgebungen stabil und eignet sich daher f\u00fcr die Halbleiterverarbeitung und chemische Analysesysteme.<\/p>\n<h3 data-section-id=\"ewkvkd\" data-start=\"2203\" data-end=\"2238\">5. Hohe elektrische Isolierung<\/h3>\n<p data-start=\"2239\" data-end=\"2402\">Als dielektrisches Material bietet Saphir hervorragende elektrische Isolationseigenschaften und ist damit ideal f\u00fcr den Einsatz in elektronischen Hochspannungs- oder Hochfrequenzsystemen.<\/p>\n<hr data-start=\"2404\" data-end=\"2407\" \/>\n<h2 data-section-id=\"58xi60\" data-start=\"2409\" data-end=\"2438\">Technische Daten<\/h2>\n<div class=\"TyagGW_tableContainer\">\n<div class=\"group TyagGW_tableWrapper flex flex-col-reverse w-fit\" tabindex=\"-1\">\n<table class=\"w-fit min-w-(--thread-content-width)\" data-start=\"2440\" data-end=\"2790\">\n<thead data-start=\"2440\" data-end=\"2469\">\n<tr data-start=\"2440\" data-end=\"2469\">\n<th class=\"\" data-start=\"2440\" data-end=\"2452\" data-col-size=\"sm\">Parameter<\/th>\n<th class=\"\" data-start=\"2452\" data-end=\"2469\" data-col-size=\"sm\">Spezifikation<\/th>\n<\/tr>\n<\/thead>\n<tbody data-start=\"2499\" data-end=\"2790\">\n<tr data-start=\"2499\" data-end=\"2545\">\n<td data-start=\"2499\" data-end=\"2510\" data-col-size=\"sm\">Material<\/td>\n<td data-col-size=\"sm\" data-start=\"2510\" data-end=\"2545\">Einkristallines Al\u2082O\u2083 (Saphir)<\/td>\n<\/tr>\n<tr data-start=\"2546\" data-end=\"2567\">\n<td data-start=\"2546\" data-end=\"2555\" data-col-size=\"sm\">Reinheit<\/td>\n<td data-col-size=\"sm\" data-start=\"2555\" data-end=\"2567\">\u2265 99.99%<\/td>\n<\/tr>\n<tr data-start=\"2568\" data-end=\"2604\">\n<td data-start=\"2568\" data-end=\"2585\" data-col-size=\"sm\">\u00c4u\u00dferer Durchmesser<\/td>\n<td data-col-size=\"sm\" data-start=\"2585\" data-end=\"2604\">0,5 mm - 200 mm<\/td>\n<\/tr>\n<tr data-start=\"2605\" data-end=\"2641\">\n<td data-start=\"2605\" data-end=\"2622\" data-col-size=\"sm\">Innendurchmesser<\/td>\n<td data-col-size=\"sm\" data-start=\"2622\" data-end=\"2641\">0,2 mm - 180 mm<\/td>\n<\/tr>\n<tr data-start=\"2642\" data-end=\"2668\">\n<td data-start=\"2642\" data-end=\"2651\" data-col-size=\"sm\">L\u00e4nge<\/td>\n<td data-col-size=\"sm\" data-start=\"2651\" data-end=\"2668\">bis zu 1200 mm<\/td>\n<\/tr>\n<tr data-start=\"2669\" data-end=\"2709\">\n<td data-start=\"2669\" data-end=\"2692\" data-col-size=\"sm\">Optische \u00dcbertragung<\/td>\n<td data-col-size=\"sm\" data-start=\"2692\" data-end=\"2709\">200 - 5000 nm<\/td>\n<\/tr>\n<tr data-start=\"2710\" data-end=\"2768\">\n<td data-start=\"2710\" data-end=\"2732\" data-col-size=\"sm\">Arbeitstemperatur<\/td>\n<td data-col-size=\"sm\" data-start=\"2732\" data-end=\"2768\">Bis zu ~2000\u00b0C (Vakuum\/Inertgas)<\/td>\n<\/tr>\n<tr data-start=\"2769\" data-end=\"2790\">\n<td data-start=\"2769\" data-end=\"2780\" data-col-size=\"sm\">H\u00e4rte<\/td>\n<td data-col-size=\"sm\" data-start=\"2780\" data-end=\"2790\">Mohs 9<\/td>\n<\/tr>\n<\/tbody>\n<\/table>\n<\/div>\n<\/div>\n<hr data-start=\"2792\" data-end=\"2795\" \/>\n<h2 data-section-id=\"1svz4ra\" data-start=\"2797\" data-end=\"2822\">Typische Anwendungen<\/h2>\n<h3 data-section-id=\"127s61j\" data-start=\"2824\" data-end=\"2852\">Halbleiterindustrie<\/h3>\n<p data-start=\"2853\" data-end=\"2999\">Verwendet als Prozessrohre, Schutzh\u00fclsen, Wafer-Handling-Komponenten und isolierende Teile in Epitaxie-, Diffusions- und Plasmaprozessanlagen.<\/p>\n<h3 data-section-id=\"bf6m2f\" data-start=\"3001\" data-end=\"3039\">Hochtemperatur-Ofensysteme<\/h3>\n<p data-start=\"3040\" data-end=\"3160\">Weit verbreitet als Thermoelement-Schutzrohre, Beobachtungsrohre und strukturelle Komponenten in extremer Hitzeumgebung.<\/p>\n<h3 data-section-id=\"17dgta\" data-start=\"3162\" data-end=\"3193\">Optische und Lasersysteme<\/h3>\n<p data-start=\"3194\" data-end=\"3311\">Anwendung in Laserschutzrohren, optischen \u00dcbertragungswegen, Lampenh\u00fcllen und hochpr\u00e4zisen optischen Baugruppen.<\/p>\n<h3 data-section-id=\"1qa6ips\" data-start=\"3313\" data-end=\"3356\">Analytische und wissenschaftliche Instrumente<\/h3>\n<p data-start=\"3357\" data-end=\"3483\">Wird in Spektroskopiesystemen, chemischen Analysekammern und Laborger\u00e4ten verwendet, die sowohl Transparenz als auch Haltbarkeit erfordern.<\/p>\n<h3 data-section-id=\"aw8mwu\" data-start=\"3485\" data-end=\"3528\">Anwendungen in Industrie und Luft- und Raumfahrt<\/h3>\n<p data-start=\"3529\" data-end=\"3633\">Geeignet f\u00fcr raue Umgebungen mit hohen Temperaturen, mechanischer Belastung und korrosiven Bedingungen.<\/p>\n<hr data-start=\"3635\" data-end=\"3638\" \/>\n<h2 data-section-id=\"f4a4hh\" data-start=\"3640\" data-end=\"3687\">KY vs. EFG Sapphire Tubes (Hauptunterschiede)<\/h2>\n<p data-start=\"3689\" data-end=\"3873\">Saphirrohre werden haupts\u00e4chlich nach zwei Verfahren hergestellt: Kyropoulos (KY) und Edge-Defined Film-Fed Growth (EFG). Jedes Verfahren hat je nach den Anforderungen der Anwendung unterschiedliche Vorteile.<\/p>\n<div class=\"TyagGW_tableContainer\">\n<div class=\"group TyagGW_tableWrapper flex flex-col-reverse w-fit\" tabindex=\"-1\">\n<table class=\"w-fit min-w-(--thread-content-width)\" data-start=\"3875\" data-end=\"4440\">\n<thead data-start=\"3875\" data-end=\"3924\">\n<tr data-start=\"3875\" data-end=\"3924\">\n<th class=\"\" data-start=\"3875\" data-end=\"3884\" data-col-size=\"sm\">Aspekt<\/th>\n<th class=\"\" data-start=\"3884\" data-end=\"3903\" data-col-size=\"sm\">KY Sapphire Tube<\/th>\n<th class=\"\" data-start=\"3903\" data-end=\"3924\" data-col-size=\"sm\">EFG Sapphire Tube<\/th>\n<\/tr>\n<\/thead>\n<tbody data-start=\"3972\" data-end=\"4440\">\n<tr data-start=\"3972\" data-end=\"4064\">\n<td data-start=\"3972\" data-end=\"3995\" data-col-size=\"sm\">Herstellungsverfahren<\/td>\n<td data-start=\"3995\" data-end=\"4030\" data-col-size=\"sm\">Gefertigt aus in gro\u00dfen Mengen gez\u00fcchtetem Kristall<\/td>\n<td data-start=\"4030\" data-end=\"4064\" data-col-size=\"sm\">Direkt in Rohrform gewachsen<\/td>\n<\/tr>\n<tr data-start=\"4065\" data-end=\"4130\">\n<td data-start=\"4065\" data-end=\"4083\" data-col-size=\"sm\">Kristallqualit\u00e4t<\/td>\n<td data-start=\"4083\" data-end=\"4118\" data-col-size=\"sm\">H\u00f6her (geringe M\u00e4ngel, geringe Belastung)<\/td>\n<td data-start=\"4118\" data-end=\"4130\" data-col-size=\"sm\">M\u00e4\u00dfig<\/td>\n<\/tr>\n<tr data-start=\"4131\" data-end=\"4187\">\n<td data-start=\"4131\" data-end=\"4153\" data-col-size=\"sm\">Optische Leistung<\/td>\n<td data-start=\"4153\" data-end=\"4179\" data-col-size=\"sm\">\u0645\u0645\u062a\u0627\u0632 (hohe Gleichm\u00e4\u00dfigkeit)<\/td>\n<td data-start=\"4179\" data-end=\"4187\" data-col-size=\"sm\">Gut<\/td>\n<\/tr>\n<tr data-start=\"4188\" data-end=\"4231\">\n<td data-start=\"4188\" data-end=\"4210\" data-col-size=\"sm\">Mechanische Festigkeit<\/td>\n<td data-start=\"4210\" data-end=\"4219\" data-col-size=\"sm\">H\u00f6her<\/td>\n<td data-start=\"4219\" data-end=\"4231\" data-col-size=\"sm\">M\u00e4\u00dfig<\/td>\n<\/tr>\n<tr data-start=\"4232\" data-end=\"4316\">\n<td data-start=\"4232\" data-end=\"4258\" data-col-size=\"sm\">Flexibilit\u00e4t der Dimensionen<\/td>\n<td data-start=\"4258\" data-end=\"4287\" data-col-size=\"sm\">Hoch (Pr\u00e4zisionsbearbeitung)<\/td>\n<td data-start=\"4287\" data-end=\"4316\" data-col-size=\"sm\">Begrenzt durch den Wachstumsprozess<\/td>\n<\/tr>\n<tr data-start=\"4317\" data-end=\"4356\">\n<td data-start=\"4317\" data-end=\"4324\" data-col-size=\"sm\">Kosten<\/td>\n<td data-start=\"4324\" data-end=\"4333\" data-col-size=\"sm\">H\u00f6her<\/td>\n<td data-start=\"4333\" data-end=\"4356\" data-col-size=\"sm\">Kosteng\u00fcnstiger<\/td>\n<\/tr>\n<tr data-start=\"4357\" data-end=\"4440\">\n<td data-start=\"4357\" data-end=\"4371\" data-col-size=\"sm\">Typische Verwendung<\/td>\n<td data-start=\"4371\" data-end=\"4404\" data-col-size=\"sm\">High-End-Optik, Halbleiter<\/td>\n<td data-start=\"4404\" data-end=\"4440\" data-col-size=\"sm\">Industrielle, allgemeine Anwendungen<\/td>\n<\/tr>\n<\/tbody>\n<\/table>\n<\/div>\n<\/div>\n<p data-start=\"4442\" data-end=\"4456\"><strong data-start=\"4442\" data-end=\"4454\">Zusammenfassung:<\/strong><\/p>\n<ul data-start=\"4457\" data-end=\"4633\">\n<li data-section-id=\"1jqbj60\" data-start=\"4457\" data-end=\"4542\">KY-Saphirrohre werden bevorzugt f\u00fcr hochpr\u00e4zise und leistungsstarke Anwendungen eingesetzt<\/li>\n<li data-section-id=\"wswut5\" data-start=\"4543\" data-end=\"4633\">EFG-Saphirrohre eignen sich besser f\u00fcr kostensensitive und gro\u00dftechnische Anwendungen<\/li>\n<\/ul>\n<hr data-start=\"4635\" data-end=\"4638\" \/>\n<h2 data-section-id=\"b0ncmg\" data-start=\"4640\" data-end=\"4666\"><img decoding=\"async\" class=\"size-medium wp-image-2801 alignright\" src=\"https:\/\/www.fuyao-quartz.com\/wp-content\/uploads\/2026\/04\/Sapphire-Tubes-High-Purity-Single-Crystal-Al\u2082O\u2083-f\u00fcr-Hochtemperatur-und-Optische-Verwendung-4-300x300.png\" alt=\"\" width=\"300\" height=\"300\" srcset=\"\" sizes=\"(max-width: 300px) 100vw, 300px\" data-srcset=\"\" \/>Anpassungsoptionen<\/h2>\n<p data-start=\"4668\" data-end=\"4749\">Saphirrohre k\u00f6nnen an spezifische Anwendungsanforderungen angepasst werden, z. B:<\/p>\n<ul data-start=\"4750\" data-end=\"5033\">\n<li data-section-id=\"1mgdjle\" data-start=\"4750\" data-end=\"4796\">Pr\u00e4zisionskontrolle des Au\u00dfen- und Innendurchmessers<\/li>\n<li data-section-id=\"1yv7fkk\" data-start=\"4797\" data-end=\"4835\">L\u00e4ngenanpassung bis zu 1200 mm<\/li>\n<li data-section-id=\"v93hdo\" data-start=\"4836\" data-end=\"4893\">Oberfl\u00e4chenbeschaffenheit: roh, geschliffen oder optisch poliert<\/li>\n<li data-section-id=\"123oyaj\" data-start=\"4894\" data-end=\"4932\">Einseitiges oder beidseitiges Polieren<\/li>\n<li data-section-id=\"ft1egz\" data-start=\"4933\" data-end=\"4979\">Kristallorientierung (C-Achse, A-Achse, etc.)<\/li>\n<li data-section-id=\"126dwpl\" data-start=\"4980\" data-end=\"5033\">Enge Toleranzkontrolle f\u00fcr kritische Anwendungen<\/li>\n<\/ul>\n<h2 data-section-id=\"x9bttf\" data-start=\"5549\" data-end=\"5557\">FAQ<\/h2>\n<p data-start=\"5559\" data-end=\"5812\"><strong data-start=\"5559\" data-end=\"5632\">Q1: Was sind die Hauptvorteile von Saphirrohren gegen\u00fcber Quarzrohren?<\/strong><br data-start=\"5632\" data-end=\"5635\" \/>A1: Saphirrohre bieten eine deutlich h\u00f6here H\u00e4rte, bessere thermische Stabilit\u00e4t, \u00fcberlegene chemische Best\u00e4ndigkeit und eine breitere optische \u00dcbertragung, insbesondere in rauen Umgebungen.<\/p>\n<p data-start=\"5814\" data-end=\"6054\"><strong data-start=\"5814\" data-end=\"5888\">F2: K\u00f6nnen Saphirrohre in Umgebungen mit ultrahohen Temperaturen eingesetzt werden?<\/strong><br data-start=\"5888\" data-end=\"5891\" \/>A2: Ja. Saphirrohre k\u00f6nnen unter Vakuum- oder Inertgasbedingungen bei Temperaturen von bis zu 2000\u00b0C betrieben werden und eignen sich daher f\u00fcr extreme thermische Anwendungen.<\/p>\n<p data-start=\"6056\" data-end=\"6283\" data-is-last-node=\"\" data-is-only-node=\"\"><strong data-start=\"6056\" data-end=\"6106\">F3: Was ist besser, KY oder EFG Saphirrohre?<\/strong><br data-start=\"6106\" data-end=\"6109\" \/>A3: KY-Saphirrohre bieten eine h\u00f6here Kristallqualit\u00e4t und sind ideal f\u00fcr High-End-Anwendungen, w\u00e4hrend EFG-Rohre kosteng\u00fcnstiger sind und sich f\u00fcr allgemeine industrielle Anwendungen eignen.<\/p>","protected":false},"excerpt":{"rendered":"<p>Saphirrohre sind eine erstklassige L\u00f6sung f\u00fcr Anwendungen, die eine Kombination aus hoher Temperaturbest\u00e4ndigkeit, optischer Transparenz, mechanischer Festigkeit und chemischer Stabilit\u00e4t erfordern. Ob in der Halbleiterfertigung, bei optischen Systemen oder in extremen Industrieumgebungen - Saphirrohre bieten zuverl\u00e4ssige Leistung, wo herk\u00f6mmliche Materialien versagen. Da sowohl KY- als auch EFG-Fertigungsoptionen zur Verf\u00fcgung stehen, k\u00f6nnen Anwender das optimale Verh\u00e4ltnis zwischen Leistung und Kosten w\u00e4hlen.<\/p>","protected":false},"featured_media":2801,"comment_status":"open","ping_status":"closed","template":"","meta":{"site-sidebar-layout":"default","site-content-layout":"","ast-site-content-layout":"default","site-content-style":"default","site-sidebar-style":"default","ast-global-header-display":"","ast-banner-title-visibility":"","ast-main-header-display":"","ast-hfb-above-header-display":"","ast-hfb-below-header-display":"","ast-hfb-mobile-header-display":"","site-post-title":"","ast-breadcrumbs-content":"","ast-featured-img":"","footer-sml-layout":"","ast-disable-related-posts":"","theme-transparent-header-meta":"default","adv-header-id-meta":"","stick-header-meta":"default","header-above-stick-meta":"","header-main-stick-meta":"","header-below-stick-meta":"","astra-migrate-meta-layouts":"set","ast-page-background-enabled":"default","ast-page-background-meta":{"desktop":{"background-color":"var(--ast-global-color-4)","background-image":"","background-repeat":"repeat","background-position":"center center","background-size":"auto","background-attachment":"scroll","background-type":"","background-media":"","overlay-type":"","overlay-color":"","overlay-opacity":"","overlay-gradient":""},"tablet":{"background-color":"","background-image":"","background-repeat":"repeat","background-position":"center center","background-size":"auto","background-attachment":"scroll","background-type":"","background-media":"","overlay-type":"","overlay-color":"","overlay-opacity":"","overlay-gradient":""},"mobile":{"background-color":"","background-image":"","background-repeat":"repeat","background-position":"center center","background-size":"auto","background-attachment":"scroll","background-type":"","background-media":"","overlay-type":"","overlay-color":"","overlay-opacity":"","overlay-gradient":""}},"ast-content-background-meta":{"desktop":{"background-color":"var(--ast-global-color-5)","background-image":"","background-repeat":"repeat","background-position":"center center","background-size":"auto","background-attachment":"scroll","background-type":"","background-media":"","overlay-type":"","overlay-color":"","overlay-opacity":"","overlay-gradient":""},"tablet":{"background-color":"var(--ast-global-color-5)","background-image":"","background-repeat":"repeat","background-position":"center center","background-size":"auto","background-attachment":"scroll","background-type":"","background-media":"","overlay-type":"","overlay-color":"","overlay-opacity":"","overlay-gradient":""},"mobile":{"background-color":"var(--ast-global-color-5)","background-image":"","background-repeat":"repeat","background-position":"center center","background-size":"auto","background-attachment":"scroll","background-type":"","background-media":"","overlay-type":"","overlay-color":"","overlay-opacity":"","overlay-gradient":""}}},"product_brand":[],"product_cat":[152],"product_tag":[969,983,984,989,974,972,976,985,970,975,988,987,971,973,980,978,982,967,966,981,968,977,979,986],"class_list":{"0":"post-2793","1":"product","2":"type-product","3":"status-publish","4":"has-post-thumbnail","6":"product_cat-sapphire","7":"product_tag-al2o3-tube","8":"product_tag-chemical-resistant-tube","9":"product_tag-corrosion-resistant-material","10":"product_tag-custom-sapphire-tube","11":"product_tag-edge-defined-film-fed-growth","12":"product_tag-efg-sapphire-tube","13":"product_tag-furnace-tube","14":"product_tag-high-hardness-ceramic","15":"product_tag-high-purity-sapphire","16":"product_tag-high-temperature-tube","17":"product_tag-industrial-sapphire","18":"product_tag-insulating-tube","19":"product_tag-ky-sapphire-tube","20":"product_tag-kyropoulos-sapphire","21":"product_tag-laser-tube","22":"product_tag-optical-sapphire-tube","23":"product_tag-plasma-resistant-tube","24":"product_tag-sapphire-tube","25":"product_tag-sapphire-tubes","26":"product_tag-semiconductor-process-tube","27":"product_tag-single-crystal-sapphire","28":"product_tag-thermocouple-protection-tube","29":"product_tag-uv-ir-transmission-tube","30":"product_tag-wear-resistant-tube","31":"desktop-align-left","32":"tablet-align-left","33":"mobile-align-left","34":"ast-product-gallery-layout-horizontal","35":"ast-product-tabs-layout-horizontal","37":"first","38":"instock","39":"shipping-taxable","40":"product-type-simple"},"_links":{"self":[{"href":"https:\/\/www.fuyao-quartz.com\/de\/wp-json\/wp\/v2\/product\/2793","targetHints":{"allow":["GET"]}}],"collection":[{"href":"https:\/\/www.fuyao-quartz.com\/de\/wp-json\/wp\/v2\/product"}],"about":[{"href":"https:\/\/www.fuyao-quartz.com\/de\/wp-json\/wp\/v2\/types\/product"}],"replies":[{"embeddable":true,"href":"https:\/\/www.fuyao-quartz.com\/de\/wp-json\/wp\/v2\/comments?post=2793"}],"version-history":[{"count":1,"href":"https:\/\/www.fuyao-quartz.com\/de\/wp-json\/wp\/v2\/product\/2793\/revisions"}],"predecessor-version":[{"id":2802,"href":"https:\/\/www.fuyao-quartz.com\/de\/wp-json\/wp\/v2\/product\/2793\/revisions\/2802"}],"wp:featuredmedia":[{"embeddable":true,"href":"https:\/\/www.fuyao-quartz.com\/de\/wp-json\/wp\/v2\/media\/2801"}],"wp:attachment":[{"href":"https:\/\/www.fuyao-quartz.com\/de\/wp-json\/wp\/v2\/media?parent=2793"}],"wp:term":[{"taxonomy":"product_brand","embeddable":true,"href":"https:\/\/www.fuyao-quartz.com\/de\/wp-json\/wp\/v2\/product_brand?post=2793"},{"taxonomy":"product_cat","embeddable":true,"href":"https:\/\/www.fuyao-quartz.com\/de\/wp-json\/wp\/v2\/product_cat?post=2793"},{"taxonomy":"product_tag","embeddable":true,"href":"https:\/\/www.fuyao-quartz.com\/de\/wp-json\/wp\/v2\/product_tag?post=2793"}],"curies":[{"name":"wp","href":"https:\/\/api.w.org\/{rel}","templated":true}]}}