{"id":2755,"date":"2026-04-24T03:40:56","date_gmt":"2026-04-24T03:40:56","guid":{"rendered":"https:\/\/www.fuyao-quartz.com\/?post_type=product&#038;p=2755"},"modified":"2026-04-24T03:40:58","modified_gmt":"2026-04-24T03:40:58","slug":"custom-fused-quartz-plates-with-through-holes","status":"publish","type":"product","link":"https:\/\/www.fuyao-quartz.com\/de\/product\/custom-fused-quartz-plates-with-through-holes\/","title":{"rendered":"Individuelle Quarzglasplatten mit Durchgangsl\u00f6chern"},"content":{"rendered":"<p data-start=\"253\" data-end=\"586\"><img fetchpriority=\"high\" decoding=\"async\" class=\"alignright wp-image-2756 size-medium\" src=\"https:\/\/www.fuyao-quartz.com\/wp-content\/uploads\/2026\/04\/Custom-Fused-Quartz-Plates-with-Through-Holes-2-300x300.png\" alt=\"Individuelle Quarzglasplatten mit Durchgangsl\u00f6chern\" width=\"300\" height=\"300\" srcset=\"https:\/\/www.fuyao-quartz.com\/wp-content\/uploads\/2026\/04\/Custom-Fused-Quartz-Plates-with-Through-Holes-2-300x300.png 300w, https:\/\/www.fuyao-quartz.com\/wp-content\/uploads\/2026\/04\/Custom-Fused-Quartz-Plates-with-Through-Holes-2-150x150.png 150w, https:\/\/www.fuyao-quartz.com\/wp-content\/uploads\/2026\/04\/Custom-Fused-Quartz-Plates-with-Through-Holes-2-768x768.png 768w, https:\/\/www.fuyao-quartz.com\/wp-content\/uploads\/2026\/04\/Custom-Fused-Quartz-Plates-with-Through-Holes-2-12x12.png 12w, https:\/\/www.fuyao-quartz.com\/wp-content\/uploads\/2026\/04\/Custom-Fused-Quartz-Plates-with-Through-Holes-2-600x600.png 600w, https:\/\/www.fuyao-quartz.com\/wp-content\/uploads\/2026\/04\/Custom-Fused-Quartz-Plates-with-Through-Holes-2-100x100.png 100w, https:\/\/www.fuyao-quartz.com\/wp-content\/uploads\/2026\/04\/Custom-Fused-Quartz-Plates-with-Through-Holes-2.png 1000w\" sizes=\"(max-width: 300px) 100vw, 300px\" \/>Kundenspezifische Quarzglasplatten mit Durchgangsl\u00f6chern sind hochpr\u00e4zise technische Komponenten, die aus ultrahochreinem Siliziumdioxid (SiO\u2082 &gt; 99,9%) hergestellt werden. Diese Platten sind speziell f\u00fcr fortschrittliche industrielle und wissenschaftliche Anwendungen konzipiert, bei denen es auf thermische Stabilit\u00e4t, chemische Best\u00e4ndigkeit und optische Leistung ankommt.<\/p>\n<p data-start=\"588\" data-end=\"1033\">Im Gegensatz zu herk\u00f6mmlichen Glasmaterialien bietet Quarzglas eine einzigartige Kombination aus geringer thermischer Ausdehnung, hoher Temperaturbest\u00e4ndigkeit und breiter optischer Transmission, wodurch es sich ideal f\u00fcr Halbleiter-, Photonik- und Laborsysteme eignet. Durch die Integration von pr\u00e4zisionsgebohrten L\u00f6chern erm\u00f6glichen diese Quarzplatten einen kontrollierten Fl\u00fcssigkeitsdurchfluss, eine kontrollierte Gasverteilung oder eine kontrollierte optische Ausrichtung und verwandeln sich so von passiven Substraten in funktionale Systemkomponenten.<\/p>\n<p data-start=\"1035\" data-end=\"1229\">Diese Produkte sind in verschiedenen Qualit\u00e4ten wie JGS1, JGS2 und JGS3 erh\u00e4ltlich und k\u00f6nnen auf unterschiedliche Wellenl\u00e4ngenanforderungen zugeschnitten werden, von tiefem Ultraviolett (UV) bis zu Infrarot (IR).<\/p>\n<hr data-start=\"1231\" data-end=\"1234\" \/>\n<h2 data-section-id=\"16yfqpq\" data-start=\"1236\" data-end=\"1260\"><img decoding=\"async\" class=\"alignright wp-image-2758\" src=\"https:\/\/www.fuyao-quartz.com\/wp-content\/uploads\/2026\/04\/Custom-Fused-Quartz-Plates-with-Through-Holes-4-300x300.png\" alt=\"Individuelle Quarzglasplatten mit Durchgangsl\u00f6chern\" width=\"286\" height=\"286\" srcset=\"https:\/\/www.fuyao-quartz.com\/wp-content\/uploads\/2026\/04\/Custom-Fused-Quartz-Plates-with-Through-Holes-4-300x300.png 300w, https:\/\/www.fuyao-quartz.com\/wp-content\/uploads\/2026\/04\/Custom-Fused-Quartz-Plates-with-Through-Holes-4-150x150.png 150w, https:\/\/www.fuyao-quartz.com\/wp-content\/uploads\/2026\/04\/Custom-Fused-Quartz-Plates-with-Through-Holes-4-768x768.png 768w, https:\/\/www.fuyao-quartz.com\/wp-content\/uploads\/2026\/04\/Custom-Fused-Quartz-Plates-with-Through-Holes-4-12x12.png 12w, https:\/\/www.fuyao-quartz.com\/wp-content\/uploads\/2026\/04\/Custom-Fused-Quartz-Plates-with-Through-Holes-4-600x600.png 600w, https:\/\/www.fuyao-quartz.com\/wp-content\/uploads\/2026\/04\/Custom-Fused-Quartz-Plates-with-Through-Holes-4-100x100.png 100w, https:\/\/www.fuyao-quartz.com\/wp-content\/uploads\/2026\/04\/Custom-Fused-Quartz-Plates-with-Through-Holes-4.png 1000w\" sizes=\"(max-width: 286px) 100vw, 286px\" \/>Wesentliche Merkmale<\/h2>\n<ul data-start=\"1262\" data-end=\"1765\">\n<li data-section-id=\"1axa1m2\" data-start=\"1262\" data-end=\"1340\">Hochreiner Quarz (SiO\u2082 &gt; 99,9%) f\u00fcr hervorragende optische Klarheit<\/li>\n<li data-section-id=\"5faqt9\" data-start=\"1341\" data-end=\"1407\">Benutzerdefinierte Lochgr\u00f6\u00dfe, Position und Geometrie basierend auf CAD-Zeichnungen<\/li>\n<li data-section-id=\"cv911c\" data-start=\"1408\" data-end=\"1472\">Hervorragende W\u00e4rmebest\u00e4ndigkeit (bis zu 1100\u00b0C Dauereinsatz)<\/li>\n<li data-section-id=\"mr67xq\" data-start=\"1473\" data-end=\"1534\">Extrem geringe W\u00e4rmeausdehnung f\u00fcr Dimensionsstabilit\u00e4t<\/li>\n<li data-section-id=\"1j38b2o\" data-start=\"1535\" data-end=\"1590\">Hohe chemische Best\u00e4ndigkeit (au\u00dfer Flusss\u00e4ure)<\/li>\n<li data-section-id=\"1ae6fco\" data-start=\"1591\" data-end=\"1649\">Optisches Polieren f\u00fcr Pr\u00e4zisionsanwendungen verf\u00fcgbar<\/li>\n<li data-section-id=\"3w4enf\" data-start=\"1650\" data-end=\"1708\">Kompatibel mit Reinr\u00e4umen und hochreinen Umgebungen<\/li>\n<li data-section-id=\"12n18dz\" data-start=\"1709\" data-end=\"1765\">Sowohl f\u00fcr die strukturelle als auch f\u00fcr die optische Integration geeignet<\/li>\n<\/ul>\n<hr data-start=\"1767\" data-end=\"1770\" \/>\n<h2 data-section-id=\"sim1wa\" data-start=\"1772\" data-end=\"1799\">Werkstoffklassen<\/h2>\n<h3 data-section-id=\"1e4slao\" data-start=\"1801\" data-end=\"1835\">JGS1 - UV-Qualit\u00e4t Fused Silica<\/h3>\n<p data-start=\"1836\" data-end=\"2071\">JGS1 bietet eine hervorragende Transmission von 185 nm bis 2500 nm und ist damit ideal f\u00fcr Anwendungen im tiefen UV-Bereich wie Lithografie, UV-Laser und optische Systeme mit hohem Energiegehalt. Es zeichnet sich durch einen sehr niedrigen Hydroxylgehalt (OH-) und minimale Doppelbrechung aus.<\/p>\n<h3 data-section-id=\"z3oyrd\" data-start=\"2073\" data-end=\"2106\">JGS2 - Optischer Quarz<\/h3>\n<p data-start=\"2107\" data-end=\"2282\">JGS2 wird h\u00e4ufig f\u00fcr Anwendungen im sichtbaren und nahen Infrarotbereich (260-2500 nm) eingesetzt. Es bietet eine hohe optische Gleichm\u00e4\u00dfigkeit und ist eine kosteng\u00fcnstige L\u00f6sung f\u00fcr allgemeine optische Systeme.<\/p>\n<h3 data-section-id=\"1xbm0q2\" data-start=\"2284\" data-end=\"2318\">JGS3 - Infrarot-Quarzglas<\/h3>\n<p data-start=\"2319\" data-end=\"2493\">JGS3 ist f\u00fcr Infrarotanwendungen und den industriellen Einsatz optimiert. W\u00e4hrend es im tiefen UV-Bereich eine geringere Transmission aufweist, ist es in thermischen und IR-bezogenen Umgebungen gut einsetzbar.<\/p>\n<p data-start=\"2319\" data-end=\"2493\"><img decoding=\"async\" class=\"wp-image-2760 size-full aligncenter\" src=\"https:\/\/www.fuyao-quartz.com\/wp-content\/uploads\/2026\/04\/20250620152843_73372.png\" alt=\"\" width=\"680\" height=\"356\" srcset=\"https:\/\/www.fuyao-quartz.com\/wp-content\/uploads\/2026\/04\/20250620152843_73372.png 680w, https:\/\/www.fuyao-quartz.com\/wp-content\/uploads\/2026\/04\/20250620152843_73372-300x157.png 300w, https:\/\/www.fuyao-quartz.com\/wp-content\/uploads\/2026\/04\/20250620152843_73372-18x9.png 18w, https:\/\/www.fuyao-quartz.com\/wp-content\/uploads\/2026\/04\/20250620152843_73372-600x314.png 600w\" sizes=\"(max-width: 680px) 100vw, 680px\" \/><\/p>\n<hr data-start=\"2495\" data-end=\"2498\" \/>\n<h2 data-section-id=\"10i1aaf\" data-start=\"2500\" data-end=\"2533\">Herstellungsprozess<\/h2>\n<p data-start=\"2535\" data-end=\"2648\">Die Herstellung von kundenspezifischen Quarzglasplatten erfordert eine strenge Prozesskontrolle, um Pr\u00e4zision und Konsistenz zu gew\u00e4hrleisten:<\/p>\n<p data-start=\"2650\" data-end=\"2768\">1. Auswahl des Materials<br data-start=\"2675\" data-end=\"2678\" \/>Hochreine Quarzbl\u00f6cke werden entsprechend den Anforderungen der Anwendung ausgew\u00e4hlt und aufbereitet.<\/p>\n<p data-start=\"2770\" data-end=\"2918\">2. Pr\u00e4zisionsschneiden und -formen<br data-start=\"2804\" data-end=\"2807\" \/>Durch fortschrittliche CNC-Bearbeitung, Wasserstrahlschneiden oder Laserschneiden lassen sich kundenspezifische Abmessungen und Geometrien erzielen.<\/p>\n<p data-start=\"2920\" data-end=\"3127\">3. Bohren von L\u00f6chern<br data-start=\"2940\" data-end=\"2943\" \/>Durchgangsl\u00f6cher werden mit speziellen Techniken wie Ultraschallbohren, CO\u2082-Laserbohren oder mechanischem Bohren hergestellt, je nach Anforderungen an Toleranz und Oberfl\u00e4chenqualit\u00e4t.<\/p>\n<p data-start=\"3129\" data-end=\"3337\">4. Oberfl\u00e4chenbearbeitung<br data-start=\"3154\" data-end=\"3157\" \/>Optisches Polieren (einseitig oder beidseitig) wird angewandt, um eine hohe Oberfl\u00e4chenebenheit und geringe Rauheit zu erreichen. Kantenbearbeitung, Anfasen und chemisches Polieren sind ebenfalls m\u00f6glich.<\/p>\n<p data-start=\"3339\" data-end=\"3523\">5. Reinigung und Inspektion<br data-start=\"3367\" data-end=\"3370\" \/>Alle Komponenten werden in kontrollierten Umgebungen gr\u00fcndlich gereinigt und auf Ma\u00dfhaltigkeit, Oberfl\u00e4chenqualit\u00e4t und optische Leistung gepr\u00fcft.<\/p>\n<hr data-start=\"3525\" data-end=\"3528\" \/>\n<h2 data-section-id=\"1vt21ys\" data-start=\"3530\" data-end=\"3565\">Technische Daten\uff08\u53c2\u6570\u8868\uff09<\/h2>\n<div class=\"TyagGW_tableContainer\">\n<div class=\"group TyagGW_tableWrapper flex flex-col-reverse w-fit\" tabindex=\"-1\">\n<table class=\"w-fit min-w-(--thread-content-width)\" data-start=\"3567\" data-end=\"4087\">\n<thead data-start=\"3567\" data-end=\"3595\">\n<tr data-start=\"3567\" data-end=\"3595\">\n<th class=\"\" data-start=\"3567\" data-end=\"3578\" data-col-size=\"sm\">Eigentum<\/th>\n<th class=\"\" data-start=\"3578\" data-end=\"3595\" data-col-size=\"sm\">Typischer Wert<\/th>\n<\/tr>\n<\/thead>\n<tbody data-start=\"3624\" data-end=\"4087\">\n<tr data-start=\"3624\" data-end=\"3653\">\n<td data-start=\"3624\" data-end=\"3635\" data-col-size=\"sm\">Durchmesser<\/td>\n<td data-col-size=\"sm\" data-start=\"3635\" data-end=\"3653\">10 mm - 600 mm<\/td>\n<\/tr>\n<tr data-start=\"3654\" data-end=\"3682\">\n<td data-start=\"3654\" data-end=\"3663\" data-col-size=\"sm\">L\u00e4nge<\/td>\n<td data-col-size=\"sm\" data-start=\"3663\" data-end=\"3682\">10 mm - 1000 mm<\/td>\n<\/tr>\n<tr data-start=\"3683\" data-end=\"3710\">\n<td data-start=\"3683\" data-end=\"3691\" data-col-size=\"sm\">Breite<\/td>\n<td data-col-size=\"sm\" data-start=\"3691\" data-end=\"3710\">10 mm - 1000 mm<\/td>\n<\/tr>\n<tr data-start=\"3711\" data-end=\"3741\">\n<td data-start=\"3711\" data-end=\"3723\" data-col-size=\"sm\">Dicke<\/td>\n<td data-col-size=\"sm\" data-start=\"3723\" data-end=\"3741\">0,5 mm - 60 mm<\/td>\n<\/tr>\n<tr data-start=\"3742\" data-end=\"3782\">\n<td data-start=\"3742\" data-end=\"3753\" data-col-size=\"sm\">Material<\/td>\n<td data-col-size=\"sm\" data-start=\"3753\" data-end=\"3782\">Hochreines SiO\u2082 (&gt;99,9%)<\/td>\n<\/tr>\n<tr data-start=\"3783\" data-end=\"3812\">\n<td data-start=\"3783\" data-end=\"3793\" data-col-size=\"sm\">Dichte<\/td>\n<td data-col-size=\"sm\" data-start=\"3793\" data-end=\"3812\">2,2 \u00d7 10\u00b3 kg\/m\u00b3<\/td>\n<\/tr>\n<tr data-start=\"3813\" data-end=\"3844\">\n<td data-start=\"3813\" data-end=\"3824\" data-col-size=\"sm\">H\u00e4rte<\/td>\n<td data-col-size=\"sm\" data-start=\"3824\" data-end=\"3844\">5,3 - 6,5 (Mohs)<\/td>\n<\/tr>\n<tr data-start=\"3845\" data-end=\"3885\">\n<td data-start=\"3845\" data-end=\"3868\" data-col-size=\"sm\">Druckfestigkeit<\/td>\n<td data-col-size=\"sm\" data-start=\"3868\" data-end=\"3885\">\uff1e1,1 \u00d7 10\u2079 Pa<\/td>\n<\/tr>\n<tr data-start=\"3886\" data-end=\"3923\">\n<td data-start=\"3886\" data-end=\"3906\" data-col-size=\"sm\">Thermische Ausdehnung<\/td>\n<td data-col-size=\"sm\" data-start=\"3906\" data-end=\"3923\">5.5 \u00d7 10-\u2077 \/\u2103<\/td>\n<\/tr>\n<tr data-start=\"3924\" data-end=\"3964\">\n<td data-start=\"3924\" data-end=\"3955\" data-col-size=\"sm\">Maximale Temperatur (Kurzzeit)<\/td>\n<td data-col-size=\"sm\" data-start=\"3955\" data-end=\"3964\">1200\u2103<\/td>\n<\/tr>\n<tr data-start=\"3965\" data-end=\"4004\">\n<td data-start=\"3965\" data-end=\"3995\" data-col-size=\"sm\">Maximale Temperatur (Langzeit)<\/td>\n<td data-col-size=\"sm\" data-start=\"3995\" data-end=\"4004\">1100\u2103<\/td>\n<\/tr>\n<tr data-start=\"4005\" data-end=\"4032\">\n<td data-start=\"4005\" data-end=\"4023\" data-col-size=\"sm\">Erweichungspunkt<\/td>\n<td data-col-size=\"sm\" data-start=\"4023\" data-end=\"4032\">1730\u2103<\/td>\n<\/tr>\n<tr data-start=\"4033\" data-end=\"4062\">\n<td data-start=\"4033\" data-end=\"4052\" data-col-size=\"sm\">Brechungsindex<\/td>\n<td data-col-size=\"sm\" data-start=\"4052\" data-end=\"4062\">1.4585<\/td>\n<\/tr>\n<tr data-start=\"4063\" data-end=\"4087\">\n<td data-start=\"4063\" data-end=\"4079\" data-col-size=\"sm\">Durchl\u00e4ssigkeit<\/td>\n<td data-col-size=\"sm\" data-start=\"4079\" data-end=\"4087\">\u226585%<\/td>\n<\/tr>\n<\/tbody>\n<\/table>\n<\/div>\n<\/div>\n<hr data-start=\"4089\" data-end=\"4092\" \/>\n<h2 data-section-id=\"rp9ojj\" data-start=\"4094\" data-end=\"4118\">Anwendungen<\/h2>\n<p data-start=\"4120\" data-end=\"4293\">Dank ihrer einzigartigen Kombination aus mechanischer Festigkeit, optischer Klarheit und struktureller Anpassungsf\u00e4higkeit werden diese Quarzplatten in zahlreichen Branchen eingesetzt:<\/p>\n<h3 data-section-id=\"127s61j\" data-start=\"4295\" data-end=\"4323\">Halbleiterindustrie<\/h3>\n<p data-start=\"4324\" data-end=\"4513\">Sie werden als Wafertr\u00e4ger, Gasverteilungsplatten (Showerheads) und Strukturkomponenten in \u00c4tz- und Abscheidungssystemen verwendet. Ihre hohe Reinheit gew\u00e4hrleistet die Kompatibilit\u00e4t mit Reinraumprozessen.<\/p>\n<h3 data-section-id=\"fov9jx\" data-start=\"4515\" data-end=\"4552\">Mikrofluidik und Biowissenschaften<\/h3>\n<p data-start=\"4553\" data-end=\"4669\">Pr\u00e4zisionsgebohrte L\u00f6cher erm\u00f6glichen die Fl\u00fcssigkeitssteuerung in mikrofluidischen Chips, Lab-on-chip-Ger\u00e4ten und Analyseinstrumenten.<\/p>\n<h3 data-section-id=\"oe8bok\" data-start=\"4671\" data-end=\"4697\">Optik und Photonik<\/h3>\n<p data-start=\"4698\" data-end=\"4828\">Anwendung in optischen Masken, Blenden, Laserfenstern und Strahlausrichtungssystemen, wo hohe Transmission und Stabilit\u00e4t erforderlich sind.<\/p>\n<h3 data-section-id=\"tmu20s\" data-start=\"4830\" data-end=\"4855\">Wissenschaftliche Forschung<\/h3>\n<p data-start=\"4856\" data-end=\"4996\">Sie werden in kundenspezifischen Reaktionskammern, bei Hochtemperaturexperimenten und in korrosiven Umgebungen eingesetzt, in denen Standardmaterialien nicht zuverl\u00e4ssig funktionieren.<\/p>\n<h3 data-section-id=\"kx9m10\" data-start=\"4998\" data-end=\"5041\">Chemische und pharmazeutische Ausr\u00fcstung<\/h3>\n<p data-start=\"5042\" data-end=\"5163\">Ideal f\u00fcr Durchflussreaktoren, Probenahmesysteme und UV\/IR-Spektroskopiezellen, die chemische Best\u00e4ndigkeit und optischen Zugang erfordern.<\/p>\n<hr data-start=\"5165\" data-end=\"5168\" \/>\n<h2 data-section-id=\"78ajvy\" data-start=\"5170\" data-end=\"5184\">FAQ<\/h2>\n<p data-start=\"5186\" data-end=\"5362\">F1: K\u00f6nnen Lochgr\u00f6\u00dfe und -position vollst\u00e4ndig angepasst werden?<br data-start=\"5241\" data-end=\"5244\" \/>Ja, alle Abmessungen, einschlie\u00dflich des Lochdurchmessers (0,1-20 mm), der Position und des Layouts k\u00f6nnen auf der Grundlage von CAD-Zeichnungen angepasst werden.<\/p>\n<p data-start=\"5364\" data-end=\"5581\">F2: Was ist der Unterschied zwischen JGS1 und JGS2?<br data-start=\"5417\" data-end=\"5420\" \/>JGS1 wurde f\u00fcr Anwendungen im tiefen UV-Bereich mit h\u00f6herer Reinheit entwickelt, w\u00e4hrend JGS2 eher f\u00fcr Anwendungen im sichtbaren und nahen Infrarotbereich mit besserer Kosteneffizienz geeignet ist.<\/p>\n<p data-start=\"5583\" data-end=\"5736\">F3: Sind diese Quarzplatten chemisch best\u00e4ndig?<br data-start=\"5636\" data-end=\"5639\" \/>Ja, Quarzglas ist sehr best\u00e4ndig gegen die meisten S\u00e4uren und Chemikalien, mit Ausnahme von Flusss\u00e4ure (HF).<\/p>\n<p data-start=\"5738\" data-end=\"5873\">F4: K\u00f6nnen mehrere L\u00f6cher oder komplexe Formen hergestellt werden?<br data-start=\"5795\" data-end=\"5798\" \/>Ja, Mehrlochdesigns, Schlitze und komplexe Geometrien werden vollst\u00e4ndig unterst\u00fctzt.<\/p>","protected":false},"excerpt":{"rendered":"<p>Kundenspezifische Quarzglasplatten mit Durchgangsl\u00f6chern sind hochpr\u00e4zise technische Komponenten, die aus ultrahochreinem Siliziumdioxid (SiO\u2082 &gt; 99,9%) hergestellt werden. Diese Platten sind speziell f\u00fcr fortschrittliche industrielle und wissenschaftliche Anwendungen konzipiert, bei denen es auf thermische Stabilit\u00e4t, chemische Best\u00e4ndigkeit und optische Leistung ankommt.<\/p>","protected":false},"featured_media":2759,"comment_status":"open","ping_status":"closed","template":"","meta":{"site-sidebar-layout":"default","site-content-layout":"","ast-site-content-layout":"default","site-content-style":"default","site-sidebar-style":"default","ast-global-header-display":"","ast-banner-title-visibility":"","ast-main-header-display":"","ast-hfb-above-header-display":"","ast-hfb-below-header-display":"","ast-hfb-mobile-header-display":"","site-post-title":"","ast-breadcrumbs-content":"","ast-featured-img":"","footer-sml-layout":"","ast-disable-related-posts":"","theme-transparent-header-meta":"default","adv-header-id-meta":"","stick-header-meta":"default","header-above-stick-meta":"","header-main-stick-meta":"","header-below-stick-meta":"","astra-migrate-meta-layouts":"set","ast-page-background-enabled":"default","ast-page-background-meta":{"desktop":{"background-color":"var(--ast-global-color-4)","background-image":"","background-repeat":"repeat","background-position":"center center","background-size":"auto","background-attachment":"scroll","background-type":"","background-media":"","overlay-type":"","overlay-color":"","overlay-opacity":"","overlay-gradient":""},"tablet":{"background-color":"","background-image":"","background-repeat":"repeat","background-position":"center center","background-size":"auto","background-attachment":"scroll","background-type":"","background-media":"","overlay-type":"","overlay-color":"","overlay-opacity":"","overlay-gradient":""},"mobile":{"background-color":"","background-image":"","background-repeat":"repeat","background-position":"center center","background-size":"auto","background-attachment":"scroll","background-type":"","background-media":"","overlay-type":"","overlay-color":"","overlay-opacity":"","overlay-gradient":""}},"ast-content-background-meta":{"desktop":{"background-color":"var(--ast-global-color-5)","background-image":"","background-repeat":"repeat","background-position":"center center","background-size":"auto","background-attachment":"scroll","background-type":"","background-media":"","overlay-type":"","overlay-color":"","overlay-opacity":"","overlay-gradient":""},"tablet":{"background-color":"var(--ast-global-color-5)","background-image":"","background-repeat":"repeat","background-position":"center center","background-size":"auto","background-attachment":"scroll","background-type":"","background-media":"","overlay-type":"","overlay-color":"","overlay-opacity":"","overlay-gradient":""},"mobile":{"background-color":"var(--ast-global-color-5)","background-image":"","background-repeat":"repeat","background-position":"center center","background-size":"auto","background-attachment":"scroll","background-type":"","background-media":"","overlay-type":"","overlay-color":"","overlay-opacity":"","overlay-gradient":""}}},"product_brand":[],"product_cat":[150],"product_tag":[242,937,502,385,939,940,197,936,938,694],"class_list":{"0":"post-2755","1":"product","2":"type-product","3":"status-publish","4":"has-post-thumbnail","6":"product_cat-quartz-plate","7":"product_tag-custom-quartz-glass","8":"product_tag-drilled-quartz-substrate","9":"product_tag-fused-quartz-plate","10":"product_tag-fused-silica-plate","11":"product_tag-jgs-quartz","12":"product_tag-optical-quartz-components","13":"product_tag-optical-quartz-plate","14":"product_tag-quartz-plate-with-holes","15":"product_tag-quartz-wafer-plate","16":"product_tag-semiconductor-quartz-parts","17":"desktop-align-left","18":"tablet-align-left","19":"mobile-align-left","20":"ast-product-gallery-layout-horizontal","21":"ast-product-tabs-layout-horizontal","23":"first","24":"instock","25":"shipping-taxable","26":"product-type-simple"},"_links":{"self":[{"href":"https:\/\/www.fuyao-quartz.com\/de\/wp-json\/wp\/v2\/product\/2755","targetHints":{"allow":["GET"]}}],"collection":[{"href":"https:\/\/www.fuyao-quartz.com\/de\/wp-json\/wp\/v2\/product"}],"about":[{"href":"https:\/\/www.fuyao-quartz.com\/de\/wp-json\/wp\/v2\/types\/product"}],"replies":[{"embeddable":true,"href":"https:\/\/www.fuyao-quartz.com\/de\/wp-json\/wp\/v2\/comments?post=2755"}],"version-history":[{"count":2,"href":"https:\/\/www.fuyao-quartz.com\/de\/wp-json\/wp\/v2\/product\/2755\/revisions"}],"predecessor-version":[{"id":2762,"href":"https:\/\/www.fuyao-quartz.com\/de\/wp-json\/wp\/v2\/product\/2755\/revisions\/2762"}],"wp:featuredmedia":[{"embeddable":true,"href":"https:\/\/www.fuyao-quartz.com\/de\/wp-json\/wp\/v2\/media\/2759"}],"wp:attachment":[{"href":"https:\/\/www.fuyao-quartz.com\/de\/wp-json\/wp\/v2\/media?parent=2755"}],"wp:term":[{"taxonomy":"product_brand","embeddable":true,"href":"https:\/\/www.fuyao-quartz.com\/de\/wp-json\/wp\/v2\/product_brand?post=2755"},{"taxonomy":"product_cat","embeddable":true,"href":"https:\/\/www.fuyao-quartz.com\/de\/wp-json\/wp\/v2\/product_cat?post=2755"},{"taxonomy":"product_tag","embeddable":true,"href":"https:\/\/www.fuyao-quartz.com\/de\/wp-json\/wp\/v2\/product_tag?post=2755"}],"curies":[{"name":"wp","href":"https:\/\/api.w.org\/{rel}","templated":true}]}}