{"id":2668,"date":"2026-04-16T03:45:00","date_gmt":"2026-04-16T03:45:00","guid":{"rendered":"https:\/\/www.fuyao-quartz.com\/?post_type=product&#038;p=2668"},"modified":"2026-04-16T03:55:23","modified_gmt":"2026-04-16T03:55:23","slug":"hochtemperaturbestandige-faser-aus-saphir-fur-infrarot-sensoren-in-rauer-umgebung","status":"publish","type":"product","link":"https:\/\/www.fuyao-quartz.com\/de\/product\/high-temperature-resistant-sapphire-derived-fiber-for-harsh-environment-infrared-sensing\/","title":{"rendered":"Hochtemperaturbest\u00e4ndige Fasern aus Saphir f\u00fcr raue Umgebungen und Infrarotsensorik"},"content":{"rendered":"<p data-start=\"502\" data-end=\"696\"><img fetchpriority=\"high\" decoding=\"async\" class=\"alignright wp-image-2675 size-medium\" src=\"https:\/\/www.fuyao-quartz.com\/wp-content\/uploads\/2026\/04\/High-Temperature-Resistant-Sapphire-Derived-Fiber-for-Harsh-Environment-Infrared-Sensing2-300x300.jpg\" alt=\"Hochtemperaturbest\u00e4ndige Fasern aus Saphir f\u00fcr raue Umgebungen und Infrarotsensorik\" width=\"300\" height=\"300\" srcset=\"https:\/\/www.fuyao-quartz.com\/wp-content\/uploads\/2026\/04\/High-Temperature-Resistant-Sapphire-Derived-Fiber-for-Harsh-Environment-Infrared-Sensing2-300x300.jpg 300w, https:\/\/www.fuyao-quartz.com\/wp-content\/uploads\/2026\/04\/High-Temperature-Resistant-Sapphire-Derived-Fiber-for-Harsh-Environment-Infrared-Sensing2-150x150.jpg 150w, https:\/\/www.fuyao-quartz.com\/wp-content\/uploads\/2026\/04\/High-Temperature-Resistant-Sapphire-Derived-Fiber-for-Harsh-Environment-Infrared-Sensing2-768x768.jpg 768w, https:\/\/www.fuyao-quartz.com\/wp-content\/uploads\/2026\/04\/High-Temperature-Resistant-Sapphire-Derived-Fiber-for-Harsh-Environment-Infrared-Sensing2-12x12.jpg 12w, https:\/\/www.fuyao-quartz.com\/wp-content\/uploads\/2026\/04\/High-Temperature-Resistant-Sapphire-Derived-Fiber-for-Harsh-Environment-Infrared-Sensing2-600x600.jpg 600w, https:\/\/www.fuyao-quartz.com\/wp-content\/uploads\/2026\/04\/High-Temperature-Resistant-Sapphire-Derived-Fiber-for-Harsh-Environment-Infrared-Sensing2-100x100.jpg 100w, https:\/\/www.fuyao-quartz.com\/wp-content\/uploads\/2026\/04\/High-Temperature-Resistant-Sapphire-Derived-Fiber-for-Harsh-Environment-Infrared-Sensing2.jpg 1000w\" sizes=\"(max-width: 300px) 100vw, 300px\" \/>Sapphire Optical Fiber, auch bekannt als Sapphire-Derived Fiber (SDF), ist eine optische Hochtemperatur-\u00dcbertragungsl\u00f6sung der n\u00e4chsten Generation, die aus einkristallinem Aluminiumoxid (Al\u2082O\u2083) hergestellt wird.<\/p>\n<p data-start=\"698\" data-end=\"939\">Durch die fortschrittliche Stab-in-Rohr-Fertigungstechnologie kombiniert diese Faser die strukturelle Integrit\u00e4t von Saphir mit einem flexiblen optischen Design und erm\u00f6glicht so eine zuverl\u00e4ssige Signal\u00fcbertragung in Umgebungen, in denen herk\u00f6mmliche Siliziumdioxid-Fasern schnell abbauen.<\/p>\n<p data-start=\"941\" data-end=\"1187\">SDF-Fasern sind f\u00fcr extreme Betriebsbedingungen ausgelegt und bieten eine stabile Leistung bei hohen Temperaturen, hohem Druck, korrosiven Medien und Strahlenbelastung, was sie zu einem wichtigen Material f\u00fcr fortschrittliche Mess- und industrielle \u00dcberwachungssysteme macht.<\/p>\n<h3 data-section-id=\"v5a7mu\" data-start=\"1194\" data-end=\"1229\"><span role=\"text\"><strong data-start=\"1198\" data-end=\"1229\">Wesentliche Leistungsmerkmale<\/strong><\/span><\/h3>\n<p data-start=\"1231\" data-end=\"1371\"><strong data-start=\"1231\" data-end=\"1265\">Eignung f\u00fcr extreme Temperaturen<\/strong><br data-start=\"1265\" data-end=\"1268\" \/>Beh\u00e4lt seine optische und mechanische Stabilit\u00e4t bis zu 1400\u00b0C (kurzzeitig) und 1000\u00b0C (Dauerbetrieb) bei.<\/p>\n<p data-start=\"1373\" data-end=\"1530\"><strong data-start=\"1373\" data-end=\"1413\">\u00dcberlegene Biegung und strukturelle Integrit\u00e4t<\/strong><br data-start=\"1413\" data-end=\"1416\" \/>Im Gegensatz zu Siliziumdioxid-Fasern beh\u00e4lt die Saphirfaser ihre strukturelle Stabilit\u00e4t bei thermischer Ausdehnung und mechanischer Belastung.<\/p>\n<p data-start=\"1532\" data-end=\"1685\"><strong data-start=\"1532\" data-end=\"1570\">Optimierung der Infrarot\u00fcbertragung<\/strong><br data-start=\"1570\" data-end=\"1573\" \/>Der gro\u00dfe Betriebswellenl\u00e4ngenbereich (1300-2000 nm) unterst\u00fctzt die Infrarotsensorik, Spektroskopie und thermische Diagnostik.<\/p>\n<p data-start=\"1687\" data-end=\"1830\"><strong data-start=\"1687\" data-end=\"1726\">Geringe D\u00e4mpfung unter rauen Bedingungen<\/strong><br data-start=\"1726\" data-end=\"1729\" \/>Typischer \u00dcbertragungsverlust \u22642 dB\/m bei 1550 nm, was eine brauchbare Signalintegrit\u00e4t in extremen Umgebungen gew\u00e4hrleistet.<\/p>\n<p data-start=\"1832\" data-end=\"1968\"><strong data-start=\"1832\" data-end=\"1858\">Multi-Mode-Flexibilit\u00e4t<\/strong><br data-start=\"1858\" data-end=\"1861\" \/>Unterst\u00fctzt Singlemode-, Wenigmode- und Multimode-Konfigurationen f\u00fcr unterschiedliche Erfassungs- und \u00dcbertragungsanforderungen.<\/p>\n<p data-start=\"1970\" data-end=\"2095\"><strong data-start=\"1970\" data-end=\"1999\">Vollst\u00e4ndig anpassbares Design<\/strong><br data-start=\"1999\" data-end=\"2002\" \/>Einstellbare Kerngr\u00f6\u00dfe, Manteldurchmesser, Beschichtungsmaterialien, NA und Brechungsindexprofil.<\/p>\n<h3 data-section-id=\"46hbre\" data-start=\"2102\" data-end=\"2130\"><span role=\"text\"><strong data-start=\"2106\" data-end=\"2130\">Technisches Datenblatt<\/strong><\/span><\/h3>\n<h4 data-start=\"2132\" data-end=\"2159\"><span role=\"text\"><strong data-start=\"2137\" data-end=\"2159\">Optische Parameter<\/strong><\/span><\/h4>\n<div class=\"TyagGW_tableContainer\">\n<div class=\"group TyagGW_tableWrapper flex flex-col-reverse w-fit\" tabindex=\"-1\">\n<table class=\"w-fit min-w-(--thread-content-width)\" data-start=\"2161\" data-end=\"2386\">\n<thead data-start=\"2161\" data-end=\"2190\">\n<tr data-start=\"2161\" data-end=\"2190\">\n<th class=\"\" data-start=\"2161\" data-end=\"2173\" data-col-size=\"sm\">Parameter<\/th>\n<th class=\"\" data-start=\"2173\" data-end=\"2190\" data-col-size=\"sm\">Spezifikation<\/th>\n<\/tr>\n<\/thead>\n<tbody data-start=\"2218\" data-end=\"2386\">\n<tr data-start=\"2218\" data-end=\"2259\">\n<td data-start=\"2218\" data-end=\"2241\" data-col-size=\"sm\">Betriebswellenl\u00e4nge<\/td>\n<td data-col-size=\"sm\" data-start=\"2241\" data-end=\"2259\">1300 - 2000 nm<\/td>\n<\/tr>\n<tr data-start=\"2260\" data-end=\"2301\">\n<td data-start=\"2260\" data-end=\"2280\" data-col-size=\"sm\">\u00dcbertragungsverlust<\/td>\n<td data-col-size=\"sm\" data-start=\"2280\" data-end=\"2301\">\u2264 2 dB\/m @1550 nm<\/td>\n<\/tr>\n<tr data-start=\"2302\" data-end=\"2336\">\n<td data-start=\"2302\" data-end=\"2323\" data-col-size=\"sm\">Numerische Apertur<\/td>\n<td data-col-size=\"sm\" data-start=\"2323\" data-end=\"2336\">0.3 - 0.5<\/td>\n<\/tr>\n<tr data-start=\"2337\" data-end=\"2386\">\n<td data-start=\"2337\" data-end=\"2357\" data-col-size=\"sm\">\u00dcbertragungsmodus<\/td>\n<td data-col-size=\"sm\" data-start=\"2357\" data-end=\"2386\">Einfach \/ Wenig \/ Multimodus<\/td>\n<\/tr>\n<\/tbody>\n<\/table>\n<\/div>\n<\/div>\n<hr data-start=\"2388\" data-end=\"2391\" \/>\n<h4 data-start=\"2393\" data-end=\"2417\"><span role=\"text\"><strong data-start=\"2398\" data-end=\"2417\">Faserstruktur<\/strong><\/span><\/h4>\n<div class=\"TyagGW_tableContainer\">\n<div class=\"group TyagGW_tableWrapper flex flex-col-reverse w-fit\" tabindex=\"-1\">\n<table class=\"w-fit min-w-(--thread-content-width)\" data-start=\"2419\" data-end=\"2602\">\n<thead data-start=\"2419\" data-end=\"2448\">\n<tr data-start=\"2419\" data-end=\"2448\">\n<th class=\"\" data-start=\"2419\" data-end=\"2431\" data-col-size=\"sm\">Parameter<\/th>\n<th class=\"\" data-start=\"2431\" data-end=\"2448\" data-col-size=\"sm\">Spezifikation<\/th>\n<\/tr>\n<\/thead>\n<tbody data-start=\"2476\" data-end=\"2602\">\n<tr data-start=\"2476\" data-end=\"2513\">\n<td data-start=\"2476\" data-end=\"2492\" data-col-size=\"sm\">Kern-Durchmesser<\/td>\n<td data-col-size=\"sm\" data-start=\"2492\" data-end=\"2513\">5 - 20 \u03bcm (\u00b11 \u03bcm)<\/td>\n<\/tr>\n<tr data-start=\"2514\" data-end=\"2558\">\n<td data-start=\"2514\" data-end=\"2534\" data-col-size=\"sm\">Ummantelung Durchmesser<\/td>\n<td data-col-size=\"sm\" data-start=\"2534\" data-end=\"2558\">100 - 250 \u03bcm (\u00b11 \u03bcm)<\/td>\n<\/tr>\n<tr data-start=\"2559\" data-end=\"2602\">\n<td data-start=\"2559\" data-end=\"2578\" data-col-size=\"sm\">Beschichtung Durchmesser<\/td>\n<td data-col-size=\"sm\" data-start=\"2578\" data-end=\"2602\">200 - 350 \u03bcm (\u00b11 \u03bcm)<\/td>\n<\/tr>\n<\/tbody>\n<\/table>\n<\/div>\n<\/div>\n<h4 data-start=\"2609\" data-end=\"2649\"><span role=\"text\"><strong data-start=\"2614\" data-end=\"2649\">Leistung unter extremen Bedingungen<\/strong><\/span><\/h4>\n<div class=\"TyagGW_tableContainer\">\n<div class=\"group TyagGW_tableWrapper flex flex-col-reverse w-fit\" tabindex=\"-1\">\n<table class=\"w-fit min-w-(--thread-content-width)\" data-start=\"2651\" data-end=\"2834\">\n<thead data-start=\"2651\" data-end=\"2680\">\n<tr data-start=\"2651\" data-end=\"2680\">\n<th class=\"\" data-start=\"2651\" data-end=\"2663\" data-col-size=\"sm\">Parameter<\/th>\n<th class=\"\" data-start=\"2663\" data-end=\"2680\" data-col-size=\"sm\">Spezifikation<\/th>\n<\/tr>\n<\/thead>\n<tbody data-start=\"2708\" data-end=\"2834\">\n<tr data-start=\"2708\" data-end=\"2745\">\n<td data-start=\"2708\" data-end=\"2733\" data-col-size=\"sm\">Kurzfristige Temperatur<\/td>\n<td data-col-size=\"sm\" data-start=\"2733\" data-end=\"2745\">\u2264 1400\u00b0C<\/td>\n<\/tr>\n<tr data-start=\"2746\" data-end=\"2782\">\n<td data-start=\"2746\" data-end=\"2770\" data-col-size=\"sm\">Langfristige Temperatur<\/td>\n<td data-col-size=\"sm\" data-start=\"2770\" data-end=\"2782\">\u2264 1000\u00b0C<\/td>\n<\/tr>\n<tr data-start=\"2783\" data-end=\"2834\">\n<td data-start=\"2783\" data-end=\"2813\" data-col-size=\"sm\">Modulation des Brechungsindex<\/td>\n<td data-col-size=\"sm\" data-start=\"2813\" data-end=\"2834\">\u2264 0,015 (abstimmbar)<\/td>\n<\/tr>\n<\/tbody>\n<\/table>\n<\/div>\n<\/div>\n<h3 data-section-id=\"xsh55s\" data-start=\"2841\" data-end=\"2873\"><span role=\"text\"><strong data-start=\"2845\" data-end=\"2873\"><img decoding=\"async\" class=\"aligncenter wp-image-2671 size-full\" src=\"https:\/\/www.fuyao-quartz.com\/wp-content\/uploads\/2026\/04\/Sapphire-Derived-Fiber-SDF-High-Temperature-Sapphire-Optical-Fiber-for-Extreme-Environment-Sensing-Infrared-Transmission3.png\" alt=\"\" width=\"836\" height=\"314\" srcset=\"https:\/\/www.fuyao-quartz.com\/wp-content\/uploads\/2026\/04\/Sapphire-Derived-Fiber-SDF-High-Temperature-Sapphire-Optical-Fiber-for-Extreme-Environment-Sensing-Infrared-Transmission3.png 836w, https:\/\/www.fuyao-quartz.com\/wp-content\/uploads\/2026\/04\/Sapphire-Derived-Fiber-SDF-High-Temperature-Sapphire-Optical-Fiber-for-Extreme-Environment-Sensing-Infrared-Transmission3-300x113.png 300w, https:\/\/www.fuyao-quartz.com\/wp-content\/uploads\/2026\/04\/Sapphire-Derived-Fiber-SDF-High-Temperature-Sapphire-Optical-Fiber-for-Extreme-Environment-Sensing-Infrared-Transmission3-768x288.png 768w, https:\/\/www.fuyao-quartz.com\/wp-content\/uploads\/2026\/04\/Sapphire-Derived-Fiber-SDF-High-Temperature-Sapphire-Optical-Fiber-for-Extreme-Environment-Sensing-Infrared-Transmission3-18x7.png 18w, https:\/\/www.fuyao-quartz.com\/wp-content\/uploads\/2026\/04\/Sapphire-Derived-Fiber-SDF-High-Temperature-Sapphire-Optical-Fiber-for-Extreme-Environment-Sensing-Infrared-Transmission3-600x225.png 600w\" sizes=\"(max-width: 836px) 100vw, 836px\" \/>Fertigungstechnologie<\/strong><\/span><\/h3>\n<p data-start=\"2875\" data-end=\"2972\">SDF-Fasern werden durch pr\u00e4zisionsgesteuertes Kristallwachstum und Faserformungstechnologien hergestellt:<\/p>\n<ul data-start=\"2974\" data-end=\"3088\">\n<li data-section-id=\"qy4vzv\" data-start=\"2974\" data-end=\"3009\">Stab-in-Rohr-Fertigungsverfahren<\/li>\n<li data-section-id=\"1pxemqt\" data-start=\"3010\" data-end=\"3049\">Laserbeheiztes Sockelwachstum (LHPG)<\/li>\n<li data-section-id=\"lpmdtj\" data-start=\"3050\" data-end=\"3088\">Randdefiniertes filmgespeistes Wachstum (EFG)<\/li>\n<\/ul>\n<p data-start=\"3090\" data-end=\"3120\">Diese fortschrittlichen Methoden gew\u00e4hrleisten:<\/p>\n<ul data-start=\"3122\" data-end=\"3252\">\n<li data-section-id=\"126pemv\" data-start=\"3122\" data-end=\"3145\">Hohe Kristallreinheit<\/li>\n<li data-section-id=\"1p0rhwf\" data-start=\"3146\" data-end=\"3181\">Stabiles Brechungsindexprofil<\/li>\n<li data-section-id=\"1abdgdb\" data-start=\"3182\" data-end=\"3219\">Ausgezeichnete dimensionale Konsistenz<\/li>\n<li data-section-id=\"khp7r8\" data-start=\"3220\" data-end=\"3252\">Zuverl\u00e4ssige optische Leistung<\/li>\n<\/ul>\n<h3 data-section-id=\"15ubjhd\" data-start=\"3259\" data-end=\"3288\"><span role=\"text\"><strong data-start=\"3263\" data-end=\"3288\">Anwendungsszenarien<\/strong><\/span><\/h3>\n<p><img decoding=\"async\" class=\"alignright wp-image-2674 size-medium\" src=\"https:\/\/www.fuyao-quartz.com\/wp-content\/uploads\/2026\/04\/High-Temperature-Resistant-Sapphire-Derived-Fiber-for-Harsh-Environment-Infrared-Sensing-300x300.jpg\" alt=\"Hochtemperaturbest\u00e4ndige Fasern aus Saphir f\u00fcr raue Umgebungen und Infrarotsensorik\" width=\"300\" height=\"300\" srcset=\"https:\/\/www.fuyao-quartz.com\/wp-content\/uploads\/2026\/04\/High-Temperature-Resistant-Sapphire-Derived-Fiber-for-Harsh-Environment-Infrared-Sensing-300x300.jpg 300w, https:\/\/www.fuyao-quartz.com\/wp-content\/uploads\/2026\/04\/High-Temperature-Resistant-Sapphire-Derived-Fiber-for-Harsh-Environment-Infrared-Sensing-150x150.jpg 150w, https:\/\/www.fuyao-quartz.com\/wp-content\/uploads\/2026\/04\/High-Temperature-Resistant-Sapphire-Derived-Fiber-for-Harsh-Environment-Infrared-Sensing-768x768.jpg 768w, https:\/\/www.fuyao-quartz.com\/wp-content\/uploads\/2026\/04\/High-Temperature-Resistant-Sapphire-Derived-Fiber-for-Harsh-Environment-Infrared-Sensing-12x12.jpg 12w, https:\/\/www.fuyao-quartz.com\/wp-content\/uploads\/2026\/04\/High-Temperature-Resistant-Sapphire-Derived-Fiber-for-Harsh-Environment-Infrared-Sensing-600x600.jpg 600w, https:\/\/www.fuyao-quartz.com\/wp-content\/uploads\/2026\/04\/High-Temperature-Resistant-Sapphire-Derived-Fiber-for-Harsh-Environment-Infrared-Sensing-100x100.jpg 100w, https:\/\/www.fuyao-quartz.com\/wp-content\/uploads\/2026\/04\/High-Temperature-Resistant-Sapphire-Derived-Fiber-for-Harsh-Environment-Infrared-Sensing.jpg 1000w\" sizes=\"(max-width: 300px) 100vw, 300px\" \/><\/p>\n<p data-start=\"3290\" data-end=\"3427\"><strong data-start=\"3290\" data-end=\"3332\">Industrielle \u00dcberwachung bei hohen Temperaturen<\/strong><br data-start=\"3332\" data-end=\"3335\" \/>Wird in \u00d6fen und Metallverarbeitungsanlagen zur Echtzeit-Temperaturmessung eingesetzt.<\/p>\n<p data-start=\"3429\" data-end=\"3561\"><strong data-start=\"3429\" data-end=\"3460\">Luft- und Raumfahrt &amp; Turbinensysteme<\/strong><br data-start=\"3460\" data-end=\"3463\" \/>Erm\u00f6glicht die Messung in D\u00fcsentriebwerken und Gasturbinen, wo die Temperaturen die Grenzwerte f\u00fcr Quarzfasern \u00fcberschreiten.<\/p>\n<p data-start=\"3563\" data-end=\"3665\"><strong data-start=\"3563\" data-end=\"3588\">\u00d6l- und Gasexploration<\/strong><br data-start=\"3588\" data-end=\"3591\" \/>Geeignet f\u00fcr Bohrlochmessungen in Hochdruck- und Hochtemperaturbohrl\u00f6chern.<\/p>\n<p data-start=\"3667\" data-end=\"3776\"><strong data-start=\"3667\" data-end=\"3703\">Nukleare und strahlende Umgebungen<\/strong><br data-start=\"3703\" data-end=\"3706\" \/>Beh\u00e4lt seine Leistung auch unter Strahlenbelastung und extremen Bedingungen bei.<\/p>\n<p data-start=\"3778\" data-end=\"3875\"><strong data-start=\"3778\" data-end=\"3806\">Optische Infrarot-Systeme<\/strong><br data-start=\"3806\" data-end=\"3809\" \/>Anwendung in der Spektroskopie, W\u00e4rmebildtechnik und optischen Diagnostik.<\/p>\n<p data-start=\"3877\" data-end=\"3972\"><strong data-start=\"3877\" data-end=\"3908\">Verbrennungsanalyse-Systeme<\/strong><br data-start=\"3908\" data-end=\"3911\" \/>Wird f\u00fcr die Flammen\u00fcberwachung und die Analyse der Verbrennungseffizienz verwendet.<\/p>\n<h3 data-section-id=\"38uvt\" data-start=\"3979\" data-end=\"4029\"><span role=\"text\"><strong data-start=\"3983\" data-end=\"4029\">Vergleich: Saphirfaser vs. Quarzfaser<\/strong><\/span><\/h3>\n<div class=\"TyagGW_tableContainer\">\n<div class=\"group TyagGW_tableWrapper flex flex-col-reverse w-fit\" tabindex=\"-1\">\n<table class=\"w-fit min-w-(--thread-content-width)\" data-start=\"4031\" data-end=\"4393\">\n<thead data-start=\"4031\" data-end=\"4090\">\n<tr data-start=\"4031\" data-end=\"4090\">\n<th class=\"\" data-start=\"4031\" data-end=\"4041\" data-col-size=\"sm\">Merkmal<\/th>\n<th class=\"\" data-start=\"4041\" data-end=\"4066\" data-col-size=\"sm\">Optische Faser aus Saphir<\/th>\n<th class=\"\" data-start=\"4066\" data-end=\"4090\" data-col-size=\"sm\">Optische Siliziumdioxid-Faser<\/th>\n<\/tr>\n<\/thead>\n<tbody data-start=\"4147\" data-end=\"4393\">\n<tr data-start=\"4147\" data-end=\"4185\">\n<td data-start=\"4147\" data-end=\"4165\" data-col-size=\"sm\">Maximale Temperatur<\/td>\n<td data-col-size=\"sm\" data-start=\"4165\" data-end=\"4174\">1400\u00b0C<\/td>\n<td data-col-size=\"sm\" data-start=\"4174\" data-end=\"4185\">~1000\u00b0C<\/td>\n<\/tr>\n<tr data-start=\"4186\" data-end=\"4235\">\n<td data-start=\"4186\" data-end=\"4208\" data-col-size=\"sm\">Mechanische Festigkeit<\/td>\n<td data-col-size=\"sm\" data-start=\"4208\" data-end=\"4225\">Extrem hoch<\/td>\n<td data-col-size=\"sm\" data-start=\"4225\" data-end=\"4235\">Mittel<\/td>\n<\/tr>\n<tr data-start=\"4236\" data-end=\"4283\">\n<td data-start=\"4236\" data-end=\"4259\" data-col-size=\"sm\">Korrosionsbest\u00e4ndigkeit<\/td>\n<td data-col-size=\"sm\" data-start=\"4259\" data-end=\"4271\">Ausgezeichnet<\/td>\n<td data-col-size=\"sm\" data-start=\"4271\" data-end=\"4283\">M\u00e4\u00dfig<\/td>\n<\/tr>\n<tr data-start=\"4284\" data-end=\"4327\">\n<td data-start=\"4284\" data-end=\"4307\" data-col-size=\"sm\">Infrarot-Leistung<\/td>\n<td data-col-size=\"sm\" data-start=\"4307\" data-end=\"4316\">Stark<\/td>\n<td data-col-size=\"sm\" data-start=\"4316\" data-end=\"4327\">Begrenzt<\/td>\n<\/tr>\n<tr data-start=\"4328\" data-end=\"4393\">\n<td data-start=\"4328\" data-end=\"4348\" data-col-size=\"sm\">Anwendungsschwerpunkt<\/td>\n<td data-col-size=\"sm\" data-start=\"4348\" data-end=\"4369\">Raue Umgebungen<\/td>\n<td data-col-size=\"sm\" data-start=\"4369\" data-end=\"4393\">Telekommunikations\u00fcbertragung<\/td>\n<\/tr>\n<\/tbody>\n<\/table>\n<\/div>\n<\/div>\n<h3 data-section-id=\"1a8rgfb\" data-start=\"4400\" data-end=\"4445\"><span role=\"text\"><strong data-start=\"4404\" data-end=\"4445\">Warum sollten Sie unsere Saphir-Lichtwellenleiter w\u00e4hlen?<\/strong><\/span><\/h3>\n<ul data-start=\"4447\" data-end=\"4702\">\n<li data-section-id=\"ezgkz5\" data-start=\"4447\" data-end=\"4505\">Stabile Versorgung f\u00fcr Anwendungen in Industrie und Forschung<\/li>\n<li data-section-id=\"byeoj\" data-start=\"4506\" data-end=\"4556\">Strenge ma\u00dfliche und optische Qualit\u00e4tskontrolle<\/li>\n<li data-section-id=\"tx2axg\" data-start=\"4557\" data-end=\"4610\">Ma\u00dfgeschneiderte Produktionsm\u00f6glichkeiten f\u00fcr spezielle Projekte<\/li>\n<li data-section-id=\"11is8nf\" data-start=\"4611\" data-end=\"4660\">Technische Unterst\u00fctzung bei der Anwendungsintegration<\/li>\n<li data-section-id=\"dtiaw0\" data-start=\"4661\" data-end=\"4702\">Geeignet f\u00fcr OEM und Massenbeschaffung<\/li>\n<\/ul>\n<h3 data-section-id=\"1l5drzk\" data-start=\"4709\" data-end=\"4720\"><span role=\"text\"><strong data-start=\"4713\" data-end=\"4720\">FAQ<\/strong><\/span><\/h3>\n<p data-start=\"4722\" data-end=\"4927\"><strong data-start=\"4722\" data-end=\"4788\">Worin unterscheidet sich die Saphirglasfaser von der Quarzglasfaser?<\/strong><br data-start=\"4788\" data-end=\"4791\" \/>Saphirfasern sind f\u00fcr extreme Umgebungen ausgelegt und bieten eine h\u00f6here Temperaturbest\u00e4ndigkeit und mechanische Haltbarkeit als Siliziumdioxidfasern.<\/p>\n<p data-start=\"4929\" data-end=\"5060\"><strong data-start=\"4929\" data-end=\"4962\">Kann diese Faser individuell angepasst werden?<\/strong><br data-start=\"4962\" data-end=\"4965\" \/>Ja, alle wichtigen Parameter wie Durchmesser, NA, Beschichtung und \u00dcbertragungsmodus k\u00f6nnen angepasst werden.<\/p>\n<p data-start=\"5062\" data-end=\"5220\"><strong data-start=\"5062\" data-end=\"5104\">Ist es f\u00fcr die Telekommunikation geeignet?<\/strong><br data-start=\"5104\" data-end=\"5107\" \/>Aufgrund der h\u00f6heren D\u00e4mpfung wird es haupts\u00e4chlich f\u00fcr die \u00dcberwachung und in rauen Umgebungen und nicht f\u00fcr die Telekommunikation \u00fcber gro\u00dfe Entfernungen verwendet.<\/p>\n<p data-start=\"5222\" data-end=\"5345\"><strong data-start=\"5222\" data-end=\"5266\">Welche Branchen verwenden typischerweise SDF-Fasern?<\/strong><br data-start=\"5266\" data-end=\"5269\" \/>Luft- und Raumfahrt, Energie, \u00d6l und Gas, Kernkraft und industrielle Fertigung.<\/p>","protected":false},"excerpt":{"rendered":"<p data-start=\"502\" data-end=\"696\">Sapphire Optical Fiber, auch bekannt als Sapphire-Derived Fiber (SDF), ist eine optische Hochtemperatur-\u00dcbertragungsl\u00f6sung der n\u00e4chsten Generation, die aus einkristallinem Aluminiumoxid (Al\u2082O\u2083) hergestellt wird.<\/p>\n<p data-start=\"698\" data-end=\"939\">Durch die fortschrittliche Stab-in-Rohr-Fertigungstechnologie kombiniert diese Faser die strukturelle Integrit\u00e4t von Saphir mit einem flexiblen optischen Design und erm\u00f6glicht so eine zuverl\u00e4ssige Signal\u00fcbertragung in Umgebungen, in denen herk\u00f6mmliche Siliziumdioxid-Fasern schnell abbauen.<\/p>\n<p data-start=\"698\" data-end=\"939\">SDF-Fasern sind f\u00fcr extreme Betriebsbedingungen ausgelegt und bieten eine stabile Leistung bei hohen Temperaturen, hohem Druck, korrosiven Medien und Strahlenbelastung, was sie zu einem wichtigen Material f\u00fcr fortschrittliche Mess- und industrielle \u00dcberwachungssysteme macht.<\/p>","protected":false},"featured_media":2675,"comment_status":"open","ping_status":"closed","template":"","meta":{"site-sidebar-layout":"default","site-content-layout":"","ast-site-content-layout":"default","site-content-style":"default","site-sidebar-style":"default","ast-global-header-display":"","ast-banner-title-visibility":"","ast-main-header-display":"","ast-hfb-above-header-display":"","ast-hfb-below-header-display":"","ast-hfb-mobile-header-display":"","site-post-title":"","ast-breadcrumbs-content":"","ast-featured-img":"","footer-sml-layout":"","ast-disable-related-posts":"","theme-transparent-header-meta":"default","adv-header-id-meta":"","stick-header-meta":"default","header-above-stick-meta":"","header-main-stick-meta":"","header-below-stick-meta":"","astra-migrate-meta-layouts":"set","ast-page-background-enabled":"default","ast-page-background-meta":{"desktop":{"background-color":"var(--ast-global-color-4)","background-image":"","background-repeat":"repeat","background-position":"center center","background-size":"auto","background-attachment":"scroll","background-type":"","background-media":"","overlay-type":"","overlay-color":"","overlay-opacity":"","overlay-gradient":""},"tablet":{"background-color":"","background-image":"","background-repeat":"repeat","background-position":"center center","background-size":"auto","background-attachment":"scroll","background-type":"","background-media":"","overlay-type":"","overlay-color":"","overlay-opacity":"","overlay-gradient":""},"mobile":{"background-color":"","background-image":"","background-repeat":"repeat","background-position":"center center","background-size":"auto","background-attachment":"scroll","background-type":"","background-media":"","overlay-type":"","overlay-color":"","overlay-opacity":"","overlay-gradient":""}},"ast-content-background-meta":{"desktop":{"background-color":"var(--ast-global-color-5)","background-image":"","background-repeat":"repeat","background-position":"center center","background-size":"auto","background-attachment":"scroll","background-type":"","background-media":"","overlay-type":"","overlay-color":"","overlay-opacity":"","overlay-gradient":""},"tablet":{"background-color":"var(--ast-global-color-5)","background-image":"","background-repeat":"repeat","background-position":"center center","background-size":"auto","background-attachment":"scroll","background-type":"","background-media":"","overlay-type":"","overlay-color":"","overlay-opacity":"","overlay-gradient":""},"mobile":{"background-color":"var(--ast-global-color-5)","background-image":"","background-repeat":"repeat","background-position":"center center","background-size":"auto","background-attachment":"scroll","background-type":"","background-media":"","overlay-type":"","overlay-color":"","overlay-opacity":"","overlay-gradient":""}}},"product_brand":[],"product_cat":[152],"product_tag":[801,800,798,802,799,796,795,797],"class_list":{"0":"post-2668","1":"product","2":"type-product","3":"status-publish","4":"has-post-thumbnail","6":"product_cat-sapphire","7":"product_tag-al2o3-optical-fiber","8":"product_tag-harsh-environment-fiber","9":"product_tag-high-temperature-fiber-optic","10":"product_tag-industrial-sensing-fiber","11":"product_tag-infrared-optical-fiber","12":"product_tag-sapphire-derived-fiber","13":"product_tag-sapphire-optical-fiber","14":"product_tag-sdf-fiber","15":"desktop-align-left","16":"tablet-align-left","17":"mobile-align-left","18":"ast-product-gallery-layout-horizontal","19":"ast-product-tabs-layout-horizontal","21":"first","22":"instock","23":"shipping-taxable","24":"product-type-simple"},"_links":{"self":[{"href":"https:\/\/www.fuyao-quartz.com\/de\/wp-json\/wp\/v2\/product\/2668","targetHints":{"allow":["GET"]}}],"collection":[{"href":"https:\/\/www.fuyao-quartz.com\/de\/wp-json\/wp\/v2\/product"}],"about":[{"href":"https:\/\/www.fuyao-quartz.com\/de\/wp-json\/wp\/v2\/types\/product"}],"replies":[{"embeddable":true,"href":"https:\/\/www.fuyao-quartz.com\/de\/wp-json\/wp\/v2\/comments?post=2668"}],"version-history":[{"count":5,"href":"https:\/\/www.fuyao-quartz.com\/de\/wp-json\/wp\/v2\/product\/2668\/revisions"}],"predecessor-version":[{"id":2678,"href":"https:\/\/www.fuyao-quartz.com\/de\/wp-json\/wp\/v2\/product\/2668\/revisions\/2678"}],"wp:featuredmedia":[{"embeddable":true,"href":"https:\/\/www.fuyao-quartz.com\/de\/wp-json\/wp\/v2\/media\/2675"}],"wp:attachment":[{"href":"https:\/\/www.fuyao-quartz.com\/de\/wp-json\/wp\/v2\/media?parent=2668"}],"wp:term":[{"taxonomy":"product_brand","embeddable":true,"href":"https:\/\/www.fuyao-quartz.com\/de\/wp-json\/wp\/v2\/product_brand?post=2668"},{"taxonomy":"product_cat","embeddable":true,"href":"https:\/\/www.fuyao-quartz.com\/de\/wp-json\/wp\/v2\/product_cat?post=2668"},{"taxonomy":"product_tag","embeddable":true,"href":"https:\/\/www.fuyao-quartz.com\/de\/wp-json\/wp\/v2\/product_tag?post=2668"}],"curies":[{"name":"wp","href":"https:\/\/api.w.org\/{rel}","templated":true}]}}