{"id":812,"date":"2026-01-30T05:43:38","date_gmt":"2026-01-30T05:43:38","guid":{"rendered":"https:\/\/www.fuyao-quartz.com\/about\/"},"modified":"2026-03-11T07:26:45","modified_gmt":"2026-03-11T07:26:45","slug":"about","status":"publish","type":"page","link":"https:\/\/www.fuyao-quartz.com\/de\/about\/","title":{"rendered":"\u00dcber"},"content":{"rendered":"<div data-elementor-type=\"wp-page\" data-elementor-id=\"812\" class=\"elementor elementor-812\" data-elementor-post-type=\"page\">\n\t\t\t\t\t\t<section class=\"elementor-section elementor-top-section elementor-element elementor-element-dba7fd6 elementor-section-height-min-height elementor-section-boxed elementor-section-height-default elementor-section-items-middle\" data-id=\"dba7fd6\" data-element_type=\"section\" data-e-type=\"section\" data-settings=\"{&quot;background_background&quot;:&quot;classic&quot;}\">\n\t\t\t\t\t\t<div class=\"elementor-container elementor-column-gap-no\">\n\t\t\t\t\t<div class=\"elementor-column elementor-col-100 elementor-top-column elementor-element elementor-element-15d29e1\" data-id=\"15d29e1\" data-element_type=\"column\" data-e-type=\"column\">\n\t\t\t<div class=\"elementor-widget-wrap elementor-element-populated\">\n\t\t\t\t\t\t<div class=\"elementor-element elementor-element-e420279 elementor-widget elementor-widget-heading\" data-id=\"e420279\" data-element_type=\"widget\" data-e-type=\"widget\" data-widget_type=\"heading.default\">\n\t\t\t\t<div class=\"elementor-widget-container\">\n\t\t\t\t\t<h1 class=\"elementor-heading-title elementor-size-default\">\u00dcber uns<\/h1>\t\t\t\t<\/div>\n\t\t\t\t<\/div>\n\t\t\t\t\t<\/div>\n\t\t<\/div>\n\t\t\t\t\t<\/div>\n\t\t<\/section>\n\t\t\t\t<section class=\"elementor-section elementor-top-section elementor-element elementor-element-5f51bb0 elementor-section-boxed elementor-section-height-default elementor-section-height-default\" data-id=\"5f51bb0\" data-element_type=\"section\" data-e-type=\"section\">\n\t\t\t\t\t\t<div class=\"elementor-container elementor-column-gap-no\">\n\t\t\t\t\t<div class=\"elementor-column elementor-col-100 elementor-top-column elementor-element elementor-element-97dee7b\" data-id=\"97dee7b\" data-element_type=\"column\" data-e-type=\"column\">\n\t\t\t<div class=\"elementor-widget-wrap elementor-element-populated\">\n\t\t\t\t\t\t<section class=\"elementor-section elementor-inner-section elementor-element elementor-element-f6f61da elementor-section-boxed elementor-section-height-default elementor-section-height-default\" data-id=\"f6f61da\" data-element_type=\"section\" data-e-type=\"section\">\n\t\t\t\t\t\t<div class=\"elementor-container elementor-column-gap-no\">\n\t\t\t\t\t<div class=\"elementor-column elementor-col-50 elementor-inner-column elementor-element elementor-element-1ae3d1f\" data-id=\"1ae3d1f\" data-element_type=\"column\" data-e-type=\"column\">\n\t\t\t<div class=\"elementor-widget-wrap elementor-element-populated\">\n\t\t\t\t\t\t<div class=\"elementor-element elementor-element-873b618 elementor-widget elementor-widget-heading\" data-id=\"873b618\" data-element_type=\"widget\" data-e-type=\"widget\" data-widget_type=\"heading.default\">\n\t\t\t\t<div class=\"elementor-widget-container\">\n\t\t\t\t\t<h2 class=\"elementor-heading-title elementor-size-default\">Zuverl\u00e4ssiger Partner f\u00fcr die Quarzglasherstellung weltweit.<\/h2>\t\t\t\t<\/div>\n\t\t\t\t<\/div>\n\t\t\t\t\t<\/div>\n\t\t<\/div>\n\t\t\t\t<div class=\"elementor-column elementor-col-50 elementor-inner-column elementor-element elementor-element-95e59cf\" data-id=\"95e59cf\" data-element_type=\"column\" data-e-type=\"column\">\n\t\t\t<div class=\"elementor-widget-wrap elementor-element-populated\">\n\t\t\t\t\t\t<div class=\"elementor-element elementor-element-dc6027e elementor-widget elementor-widget-text-editor\" data-id=\"dc6027e\" data-element_type=\"widget\" data-e-type=\"widget\" data-widget_type=\"text-editor.default\">\n\t\t\t\t<div class=\"elementor-widget-container\">\n\t\t\t\t\t\t\t\t\t<p data-start=\"115\" data-end=\"462\">FUYAO QUARTZ ist ein professioneller Hersteller und Lieferant von hochreinen Quarzglasmaterialien und pr\u00e4zisionsgefertigten Quarzkomponenten in China. Wir haben uns auf die Belieferung von Hochtechnologiebranchen wie Halbleiterherstellung, Solarenergie, chemische Verarbeitung, Hochleistungskeramik, Elektronik, Textilmaschinen und Lasersysteme spezialisiert.<\/p><p data-start=\"464\" data-end=\"677\">FUYAO QUARTZ verf\u00fcgt \u00fcber umfassende Erfahrung in der Quarzherstellung und ein tiefes Verst\u00e4ndnis der thermischen und chemischen Umgebungsbedingungen in der Industrie und liefert daher zuverl\u00e4ssige, leistungsstarke Quarzl\u00f6sungen f\u00fcr anspruchsvolle Anwendungen.<\/p>\t\t\t\t\t\t\t\t<\/div>\n\t\t\t\t<\/div>\n\t\t\t\t\t<\/div>\n\t\t<\/div>\n\t\t\t\t\t<\/div>\n\t\t<\/section>\n\t\t\t\t<div class=\"elementor-element elementor-element-3ef2692 elementor-widget-divider--view-line elementor-widget elementor-widget-divider\" data-id=\"3ef2692\" data-element_type=\"widget\" data-e-type=\"widget\" data-widget_type=\"divider.default\">\n\t\t\t\t<div class=\"elementor-widget-container\">\n\t\t\t\t\t\t\t<div class=\"elementor-divider\">\n\t\t\t<span class=\"elementor-divider-separator\">\n\t\t\t\t\t\t<\/span>\n\t\t<\/div>\n\t\t\t\t\t\t<\/div>\n\t\t\t\t<\/div>\n\t\t\t\t<section class=\"elementor-section elementor-inner-section elementor-element elementor-element-e92db29 elementor-section-boxed elementor-section-height-default elementor-section-height-default\" data-id=\"e92db29\" data-element_type=\"section\" data-e-type=\"section\">\n\t\t\t\t\t\t<div class=\"elementor-container elementor-column-gap-no\">\n\t\t\t\t\t<div class=\"elementor-column elementor-col-50 elementor-inner-column elementor-element elementor-element-dea7bfa\" data-id=\"dea7bfa\" data-element_type=\"column\" data-e-type=\"column\">\n\t\t\t<div class=\"elementor-widget-wrap elementor-element-populated\">\n\t\t\t\t\t\t<div class=\"elementor-element elementor-element-614cb0a elementor-widget elementor-widget-heading\" data-id=\"614cb0a\" data-element_type=\"widget\" data-e-type=\"widget\" data-widget_type=\"heading.default\">\n\t\t\t\t<div class=\"elementor-widget-container\">\n\t\t\t\t\t<h3 class=\"elementor-heading-title elementor-size-default\">Unsere wichtigsten Produkte<\/h3>\t\t\t\t<\/div>\n\t\t\t\t<\/div>\n\t\t\t\t<div class=\"elementor-element elementor-element-ed88255 elementor-widget elementor-widget-heading\" data-id=\"ed88255\" data-element_type=\"widget\" data-e-type=\"widget\" data-widget_type=\"heading.default\">\n\t\t\t\t<div class=\"elementor-widget-container\">\n\t\t\t\t\t<p class=\"elementor-heading-title elementor-size-default\">Hochreines Quarzglas und pr\u00e4zisionsgefertigte Komponenten<\/p>\t\t\t\t<\/div>\n\t\t\t\t<\/div>\n\t\t\t\t<div class=\"elementor-element elementor-element-bad020b elementor-widget elementor-widget-text-editor\" data-id=\"bad020b\" data-element_type=\"widget\" data-e-type=\"widget\" data-widget_type=\"text-editor.default\">\n\t\t\t\t<div class=\"elementor-widget-container\">\n\t\t\t\t\t\t\t\t\t<ul><li data-start=\"702\" data-end=\"741\"><p data-start=\"704\" data-end=\"741\">Quarzglasr\u00f6hren (klar und undurchsichtig)<\/p><\/li><li data-start=\"742\" data-end=\"768\"><p data-start=\"744\" data-end=\"768\">Platten und St\u00e4be aus Quarz<\/p><\/li><li data-start=\"769\" data-end=\"800\"><p data-start=\"771\" data-end=\"800\">Quarzboote und Bootsgestelle<\/p><\/li><li data-start=\"801\" data-end=\"843\"><p data-start=\"803\" data-end=\"843\">Ofenrohre und Ofent\u00fcren aus Quarz<\/p><\/li><li data-start=\"844\" data-end=\"869\"><p data-start=\"846\" data-end=\"869\">Rohre zur Quarzveredelung<\/p><\/li><li data-start=\"870\" data-end=\"899\"><p data-start=\"872\" data-end=\"899\">Quarzzylinder und -gl\u00e4ser<\/p><\/li><li data-start=\"900\" data-end=\"931\"><p data-start=\"902\" data-end=\"931\">Quarzabfall-Fl\u00fcssigkeitsflaschen<\/p><\/li><li data-start=\"932\" data-end=\"974\"><p data-start=\"934\" data-end=\"974\">Quarzglaskolben und Laborglasger\u00e4te<\/p><\/li><li data-start=\"975\" data-end=\"1017\"><p data-start=\"977\" data-end=\"1017\">Ma\u00dfgeschneiderte Pr\u00e4zisions-Quarz-Komponenten<\/p><\/li><\/ul>\t\t\t\t\t\t\t\t<\/div>\n\t\t\t\t<\/div>\n\t\t\t\t\t<\/div>\n\t\t<\/div>\n\t\t\t\t<div class=\"elementor-column elementor-col-50 elementor-inner-column elementor-element elementor-element-404017f\" data-id=\"404017f\" data-element_type=\"column\" data-e-type=\"column\">\n\t\t\t<div class=\"elementor-widget-wrap elementor-element-populated\">\n\t\t\t\t\t\t<div class=\"elementor-element elementor-element-d763a4a elementor-widget elementor-widget-heading\" data-id=\"d763a4a\" data-element_type=\"widget\" data-e-type=\"widget\" data-widget_type=\"heading.default\">\n\t\t\t\t<div class=\"elementor-widget-container\">\n\t\t\t\t\t<h3 class=\"elementor-heading-title elementor-size-default\">Unser Engagement<\/h3>\t\t\t\t<\/div>\n\t\t\t\t<\/div>\n\t\t\t\t<div class=\"elementor-element elementor-element-07fa675 elementor-widget elementor-widget-heading\" data-id=\"07fa675\" data-element_type=\"widget\" data-e-type=\"widget\" data-widget_type=\"heading.default\">\n\t\t\t\t<div class=\"elementor-widget-container\">\n\t\t\t\t\t<p class=\"elementor-heading-title elementor-size-default\">Qualit\u00e4tsorientierte Fertigung mit kundenorientierter Innovation<\/p>\t\t\t\t<\/div>\n\t\t\t\t<\/div>\n\t\t\t\t<div class=\"elementor-element elementor-element-9753656 elementor-widget elementor-widget-text-editor\" data-id=\"9753656\" data-element_type=\"widget\" data-e-type=\"widget\" data-widget_type=\"text-editor.default\">\n\t\t\t\t<div class=\"elementor-widget-container\">\n\t\t\t\t\t\t\t\t\t<p data-start=\"1228\" data-end=\"1516\">Bei FUYAO QUARTZ stehen Qualit\u00e4t und Kundenzufriedenheit an erster Stelle. Wir investieren kontinuierlich in fortschrittliche Verarbeitungstechnologien und Produktinnovationen, um die sich entwickelnden Anforderungen der Halbleiter-, Photovoltaik- (PV), Luft- und Raumfahrt-, Metallurgie-, Chemie- und Elektronikindustrie zu erf\u00fcllen.<\/p><p data-start=\"1518\" data-end=\"1548\">Wir engagieren uns f\u00fcr die Bereitstellung:<\/p><ul data-start=\"1550\" data-end=\"1684\"><li data-start=\"1550\" data-end=\"1580\"><p data-start=\"1552\" data-end=\"1580\">Stabile Produktleistung<\/p><\/li><li data-start=\"1581\" data-end=\"1606\"><p data-start=\"1583\" data-end=\"1606\">Pr\u00e4zisionsfertigung<\/p><\/li><li data-start=\"1607\" data-end=\"1646\"><p data-start=\"1609\" data-end=\"1646\">Schnelle Reaktion und technische Unterst\u00fctzung<\/p><\/li><li data-start=\"1647\" data-end=\"1684\"><p data-start=\"1649\" data-end=\"1684\">Langfristige Zuverl\u00e4ssigkeit der Partnerschaft<\/p><\/li><\/ul><p data-start=\"1686\" data-end=\"1778\">\u00a0<\/p>\t\t\t\t\t\t\t\t<\/div>\n\t\t\t\t<\/div>\n\t\t\t\t\t<\/div>\n\t\t<\/div>\n\t\t\t\t\t<\/div>\n\t\t<\/section>\n\t\t\t\t\t<\/div>\n\t\t<\/div>\n\t\t\t\t\t<\/div>\n\t\t<\/section>\n\t\t\t\t<section class=\"elementor-section elementor-top-section elementor-element elementor-element-8a1e622 elementor-section-boxed elementor-section-height-default elementor-section-height-default\" data-id=\"8a1e622\" data-element_type=\"section\" data-e-type=\"section\">\n\t\t\t\t\t\t<div class=\"elementor-container elementor-column-gap-no\">\n\t\t\t\t\t<div class=\"elementor-column elementor-col-100 elementor-top-column elementor-element elementor-element-3d78b2a\" data-id=\"3d78b2a\" data-element_type=\"column\" data-e-type=\"column\">\n\t\t\t<div class=\"elementor-widget-wrap elementor-element-populated\">\n\t\t\t\t\t\t<section class=\"elementor-section elementor-inner-section elementor-element elementor-element-a5e6664 elementor-reverse-mobile elementor-section-boxed elementor-section-height-default elementor-section-height-default\" data-id=\"a5e6664\" data-element_type=\"section\" data-e-type=\"section\">\n\t\t\t\t\t\t<div class=\"elementor-container elementor-column-gap-no\">\n\t\t\t\t\t<div class=\"elementor-column elementor-col-50 elementor-inner-column elementor-element elementor-element-a25b98f\" data-id=\"a25b98f\" data-element_type=\"column\" data-e-type=\"column\">\n\t\t\t<div class=\"elementor-widget-wrap elementor-element-populated\">\n\t\t\t\t\t\t<div class=\"elementor-element elementor-element-8783d4a elementor-widget elementor-widget-text-editor\" data-id=\"8783d4a\" data-element_type=\"widget\" data-e-type=\"widget\" data-widget_type=\"text-editor.default\">\n\t\t\t\t<div class=\"elementor-widget-container\">\n\t\t\t\t\t\t\t\t\t<p data-start=\"213\" data-end=\"449\">FUYAO QUARTZ ist ein professioneller Hersteller und Lieferant von hochreinem Quarzglas und Pr\u00e4zisionskomponenten in China. Wir beliefern Branchen wie Halbleiter, Solarenergie, chemische Verarbeitung, Elektronik und Lasersysteme.<\/p><p data-start=\"451\" data-end=\"748\">Mit unserer Erfahrung in der Quarzherstellung und im industriellen Umfeld produzieren wir zuverl\u00e4ssige, leistungsstarke Komponenten wie Rohre, St\u00e4be, Platten und kundenspezifische Teile. Unser Ziel ist es, Materialien zu liefern, die Innovationen erm\u00f6glichen, Stabilit\u00e4t gew\u00e4hrleisten und High-Tech-Anwendungen weltweit unterst\u00fctzen.<\/p>\t\t\t\t\t\t\t\t<\/div>\n\t\t\t\t<\/div>\n\t\t\t\t\t<\/div>\n\t\t<\/div>\n\t\t\t\t<div class=\"elementor-column elementor-col-50 elementor-inner-column elementor-element elementor-element-33ab4c6\" data-id=\"33ab4c6\" data-element_type=\"column\" data-e-type=\"column\">\n\t\t\t<div class=\"elementor-widget-wrap elementor-element-populated\">\n\t\t\t\t\t\t<div class=\"elementor-element elementor-element-b44b3b9 elementor-widget elementor-widget-image\" data-id=\"b44b3b9\" data-element_type=\"widget\" data-e-type=\"widget\" data-widget_type=\"image.default\">\n\t\t\t\t<div class=\"elementor-widget-container\">\n\t\t\t\t\t\t\t\t\t\t\t\t\t\t\t<img fetchpriority=\"high\" decoding=\"async\" width=\"1024\" height=\"683\" src=\"https:\/\/www.fuyao-quartz.com\/wp-content\/uploads\/2026\/03\/factory1-1024x683.png\" class=\"attachment-large size-large wp-image-2056\" alt=\"Fabrik1\" srcset=\"https:\/\/www.fuyao-quartz.com\/wp-content\/uploads\/2026\/03\/factory1-1024x683.png 1024w, https:\/\/www.fuyao-quartz.com\/wp-content\/uploads\/2026\/03\/factory1-300x200.png 300w, https:\/\/www.fuyao-quartz.com\/wp-content\/uploads\/2026\/03\/factory1-768x512.png 768w, https:\/\/www.fuyao-quartz.com\/wp-content\/uploads\/2026\/03\/factory1-600x400.png 600w, https:\/\/www.fuyao-quartz.com\/wp-content\/uploads\/2026\/03\/factory1.png 1536w\" sizes=\"(max-width: 1024px) 100vw, 1024px\" \/>\t\t\t\t\t\t\t\t\t\t\t\t\t\t\t<\/div>\n\t\t\t\t<\/div>\n\t\t\t\t\t<\/div>\n\t\t<\/div>\n\t\t\t\t\t<\/div>\n\t\t<\/section>\n\t\t\t\t<section class=\"elementor-section elementor-inner-section elementor-element elementor-element-27de661 elementor-section-boxed elementor-section-height-default elementor-section-height-default\" data-id=\"27de661\" data-element_type=\"section\" data-e-type=\"section\">\n\t\t\t\t\t\t<div class=\"elementor-container elementor-column-gap-no\">\n\t\t\t\t\t<div class=\"elementor-column elementor-col-50 elementor-inner-column elementor-element elementor-element-da5130b\" data-id=\"da5130b\" data-element_type=\"column\" data-e-type=\"column\">\n\t\t\t<div class=\"elementor-widget-wrap elementor-element-populated\">\n\t\t\t\t\t\t<div class=\"elementor-element elementor-element-5d797a8 elementor-widget elementor-widget-image\" data-id=\"5d797a8\" data-element_type=\"widget\" data-e-type=\"widget\" data-widget_type=\"image.default\">\n\t\t\t\t<div class=\"elementor-widget-container\">\n\t\t\t\t\t\t\t\t\t\t\t\t\t\t\t<img decoding=\"async\" width=\"1024\" height=\"683\" src=\"https:\/\/www.fuyao-quartz.com\/wp-content\/uploads\/2026\/03\/factory2-1024x683.png\" class=\"attachment-large size-large wp-image-2060\" alt=\"Fabrik2\" srcset=\"https:\/\/www.fuyao-quartz.com\/wp-content\/uploads\/2026\/03\/factory2-1024x683.png 1024w, https:\/\/www.fuyao-quartz.com\/wp-content\/uploads\/2026\/03\/factory2-300x200.png 300w, https:\/\/www.fuyao-quartz.com\/wp-content\/uploads\/2026\/03\/factory2-768x512.png 768w, https:\/\/www.fuyao-quartz.com\/wp-content\/uploads\/2026\/03\/factory2-600x400.png 600w, https:\/\/www.fuyao-quartz.com\/wp-content\/uploads\/2026\/03\/factory2.png 1536w\" sizes=\"(max-width: 1024px) 100vw, 1024px\" \/>\t\t\t\t\t\t\t\t\t\t\t\t\t\t\t<\/div>\n\t\t\t\t<\/div>\n\t\t\t\t\t<\/div>\n\t\t<\/div>\n\t\t\t\t<div class=\"elementor-column elementor-col-50 elementor-inner-column elementor-element elementor-element-4598f0a\" data-id=\"4598f0a\" data-element_type=\"column\" data-e-type=\"column\">\n\t\t\t<div class=\"elementor-widget-wrap elementor-element-populated\">\n\t\t\t\t\t\t<div class=\"elementor-element elementor-element-c582cd4 elementor-widget elementor-widget-text-editor\" data-id=\"c582cd4\" data-element_type=\"widget\" data-e-type=\"widget\" data-widget_type=\"text-editor.default\">\n\t\t\t\t<div class=\"elementor-widget-container\">\n\t\t\t\t\t\t\t\t\t<p data-start=\"876\" data-end=\"1103\">Unsere Kunden verlassen sich auf FUYAO QUARTZ, wenn es um gleichbleibende Qualit\u00e4t, Pr\u00e4zisionsfertigung und schnellen technischen Support geht. Jedes Produkt wird einer strengen Pr\u00fcfung unterzogen, um Genauigkeit, thermische Stabilit\u00e4t und chemische Best\u00e4ndigkeit zu gew\u00e4hrleisten.<\/p><p data-start=\"1105\" data-end=\"1299\">Mit globaler Lieferung und reaktionsschnellem Service bauen wir langfristige Partnerschaften auf und helfen Ingenieuren und Herstellern, Zuverl\u00e4ssigkeit und Effizienz in kritischen High-Tech-Anwendungen zu erreichen.<\/p>\t\t\t\t\t\t\t\t<\/div>\n\t\t\t\t<\/div>\n\t\t\t\t\t<\/div>\n\t\t<\/div>\n\t\t\t\t\t<\/div>\n\t\t<\/section>\n\t\t\t\t\t<\/div>\n\t\t<\/div>\n\t\t\t\t\t<\/div>\n\t\t<\/section>\n\t\t\t\t<\/div>","protected":false},"excerpt":{"rendered":"<p>About us Reliable Quartz Glass Manufacturing Partner Worldwide. FUYAO QUARTZ is a professional manufacturer and supplier of high-purity quartz glass materials and precision-fabricated quartz components in China. We specialize in serving high-technology industries including semiconductor manufacturing, solar energy, chemical processing, advanced ceramics, electronics, textile machinery, and laser systems. With extensive experience in quartz fabrication and [&hellip;]<\/p>\n","protected":false},"author":1,"featured_media":0,"parent":0,"menu_order":0,"comment_status":"closed","ping_status":"closed","template":"","meta":{"site-sidebar-layout":"no-sidebar","site-content-layout":"page-builder","ast-site-content-layout":"default","site-content-style":"default","site-sidebar-style":"default","ast-global-header-display":"","ast-banner-title-visibility":"","ast-main-header-display":"","ast-hfb-above-header-display":"","ast-hfb-below-header-display":"","ast-hfb-mobile-header-display":"","site-post-title":"disabled","ast-breadcrumbs-content":"","ast-featured-img":"disabled","footer-sml-layout":"","ast-disable-related-posts":"","theme-transparent-header-meta":"","adv-header-id-meta":"","stick-header-meta":"","header-above-stick-meta":"","header-main-stick-meta":"","header-below-stick-meta":"","astra-migrate-meta-layouts":"default","ast-page-background-enabled":"default","ast-page-background-meta":{"desktop":{"background-color":"var(--ast-global-color-4)","background-image":"","background-repeat":"repeat","background-position":"center center","background-size":"auto","background-attachment":"scroll","background-type":"","background-media":"","overlay-type":"","overlay-color":"","overlay-opacity":"","overlay-gradient":""},"tablet":{"background-color":"","background-image":"","background-repeat":"repeat","background-position":"center center","background-size":"auto","background-attachment":"scroll","background-type":"","background-media":"","overlay-type":"","overlay-color":"","overlay-opacity":"","overlay-gradient":""},"mobile":{"background-color":"","background-image":"","background-repeat":"repeat","background-position":"center center","background-size":"auto","background-attachment":"scroll","background-type":"","background-media":"","overlay-type":"","overlay-color":"","overlay-opacity":"","overlay-gradient":""}},"ast-content-background-meta":{"desktop":{"background-color":"var(--ast-global-color-5)","background-image":"","background-repeat":"repeat","background-position":"center center","background-size":"auto","background-attachment":"scroll","background-type":"","background-media":"","overlay-type":"","overlay-color":"","overlay-opacity":"","overlay-gradient":""},"tablet":{"background-color":"var(--ast-global-color-5)","background-image":"","background-repeat":"repeat","background-position":"center center","background-size":"auto","background-attachment":"scroll","background-type":"","background-media":"","overlay-type":"","overlay-color":"","overlay-opacity":"","overlay-gradient":""},"mobile":{"background-color":"var(--ast-global-color-5)","background-image":"","background-repeat":"repeat","background-position":"center center","background-size":"auto","background-attachment":"scroll","background-type":"","background-media":"","overlay-type":"","overlay-color":"","overlay-opacity":"","overlay-gradient":""}},"footnotes":""},"class_list":["post-812","page","type-page","status-publish","hentry"],"_links":{"self":[{"href":"https:\/\/www.fuyao-quartz.com\/de\/wp-json\/wp\/v2\/pages\/812","targetHints":{"allow":["GET"]}}],"collection":[{"href":"https:\/\/www.fuyao-quartz.com\/de\/wp-json\/wp\/v2\/pages"}],"about":[{"href":"https:\/\/www.fuyao-quartz.com\/de\/wp-json\/wp\/v2\/types\/page"}],"author":[{"embeddable":true,"href":"https:\/\/www.fuyao-quartz.com\/de\/wp-json\/wp\/v2\/users\/1"}],"replies":[{"embeddable":true,"href":"https:\/\/www.fuyao-quartz.com\/de\/wp-json\/wp\/v2\/comments?post=812"}],"version-history":[{"count":18,"href":"https:\/\/www.fuyao-quartz.com\/de\/wp-json\/wp\/v2\/pages\/812\/revisions"}],"predecessor-version":[{"id":2336,"href":"https:\/\/www.fuyao-quartz.com\/de\/wp-json\/wp\/v2\/pages\/812\/revisions\/2336"}],"wp:attachment":[{"href":"https:\/\/www.fuyao-quartz.com\/de\/wp-json\/wp\/v2\/media?parent=812"}],"curies":[{"name":"wp","href":"https:\/\/api.w.org\/{rel}","templated":true}]}}