{"id":2831,"date":"2026-04-29T06:20:55","date_gmt":"2026-04-29T06:20:55","guid":{"rendered":"https:\/\/www.fuyao-quartz.com\/?post_type=product&#038;p=2831"},"modified":"2026-04-29T06:21:03","modified_gmt":"2026-04-29T06:21:03","slug":"precision-sapphire-through-hole-bearings-for-optical-micro-mechanical-systems","status":"publish","type":"product","link":"https:\/\/www.fuyao-quartz.com\/cs\/product\/precision-sapphire-through-hole-bearings-for-optical-micro-mechanical-systems\/","title":{"rendered":"P\u0159esn\u00e1 saf\u00edrov\u00e1 pr\u016fchoz\u00ed lo\u017eiska pro optick\u00e9 a mikromechanick\u00e9 syst\u00e9my"},"content":{"rendered":"<p data-start=\"504\" data-end=\"742\"><img fetchpriority=\"high\" decoding=\"async\" class=\"wp-image-2833 alignright\" src=\"https:\/\/www.fuyao-quartz.com\/wp-content\/uploads\/2026\/04\/Precision-Sapphire-Through-Hole-Bearings-for-Optical-Micro-Mechanical-Systems-2-300x300.png\" alt=\"\" width=\"293\" height=\"293\" srcset=\"https:\/\/www.fuyao-quartz.com\/wp-content\/uploads\/2026\/04\/Precision-Sapphire-Through-Hole-Bearings-for-Optical-Micro-Mechanical-Systems-2-300x300.png 300w, https:\/\/www.fuyao-quartz.com\/wp-content\/uploads\/2026\/04\/Precision-Sapphire-Through-Hole-Bearings-for-Optical-Micro-Mechanical-Systems-2-150x150.png 150w, https:\/\/www.fuyao-quartz.com\/wp-content\/uploads\/2026\/04\/Precision-Sapphire-Through-Hole-Bearings-for-Optical-Micro-Mechanical-Systems-2-768x768.png 768w, https:\/\/www.fuyao-quartz.com\/wp-content\/uploads\/2026\/04\/Precision-Sapphire-Through-Hole-Bearings-for-Optical-Micro-Mechanical-Systems-2-12x12.png 12w, https:\/\/www.fuyao-quartz.com\/wp-content\/uploads\/2026\/04\/Precision-Sapphire-Through-Hole-Bearings-for-Optical-Micro-Mechanical-Systems-2-600x600.png 600w, https:\/\/www.fuyao-quartz.com\/wp-content\/uploads\/2026\/04\/Precision-Sapphire-Through-Hole-Bearings-for-Optical-Micro-Mechanical-Systems-2-100x100.png 100w, https:\/\/www.fuyao-quartz.com\/wp-content\/uploads\/2026\/04\/Precision-Sapphire-Through-Hole-Bearings-for-Optical-Micro-Mechanical-Systems-2.png 1000w\" sizes=\"(max-width: 293px) 100vw, 293px\" \/>Saf\u00edrov\u00e1 pr\u016fchoz\u00ed lo\u017eiska jsou velmi p\u0159esn\u00e9 sou\u010d\u00e1sti vyroben\u00e9 z monokrystalu oxidu hlinit\u00e9ho (Al\u2082O\u2083), ur\u010den\u00e9 pro aplikace vy\u017eaduj\u00edc\u00ed extr\u00e9mn\u00ed odolnost proti opot\u0159eben\u00ed, rozm\u011brovou stabilitu a velmi n\u00edzk\u00e9 t\u0159en\u00ed.<\/p>\n<p data-start=\"744\" data-end=\"959\">V porovn\u00e1n\u00ed s kovov\u00fdmi nebo b\u011b\u017en\u00fdmi keramick\u00fdmi lo\u017eisky poskytuj\u00ed saf\u00edrov\u00e1 lo\u017eiska del\u0161\u00ed \u017eivotnost, nedoch\u00e1z\u00ed k vysyp\u00e1v\u00e1n\u00ed \u010d\u00e1stic a maj\u00ed vynikaj\u00edc\u00ed v\u00fdkon v \u010dist\u00fdch prostor\u00e1ch, optick\u00fdch a vysokorychlostn\u00edch mikromechanick\u00fdch syst\u00e9mech.<\/p>\n<p data-start=\"961\" data-end=\"1191\">Spole\u010dnost ZMSH nab\u00edz\u00ed pln\u011b p\u0159izp\u016fsoben\u00e1 saf\u00edrov\u00e1 lo\u017eiska, v\u010detn\u011b pr\u016fm\u011bru pr\u016fchoz\u00edho otvoru, vn\u011bj\u0161\u00edho pr\u016fm\u011bru, tlou\u0161\u0165ky, povrchov\u00e9 \u00fapravy a geometrie, p\u0159izp\u016fsoben\u00e1 pro p\u0159esn\u00e9 p\u0159\u00edstroje, polovodi\u010dov\u00e1 za\u0159\u00edzen\u00ed a leteck\u00e9 aplikace.<\/p>\n<hr data-start=\"1193\" data-end=\"1196\" \/>\n<h1 data-section-id=\"y82lp4\" data-start=\"1198\" data-end=\"1222\"><span role=\"text\">Hlavn\u00ed v\u00fdhody<\/span><\/h1>\n<h3 data-section-id=\"hep9xw\" data-start=\"1224\" data-end=\"1272\"><span role=\"text\">1. Velmi vysok\u00e1 tvrdost a odolnost proti opot\u0159eben\u00ed<\/span><\/h3>\n<ul data-start=\"1273\" data-end=\"1407\">\n<li data-section-id=\"8lpcfa\" data-start=\"1273\" data-end=\"1317\">Mohsova tvrdost 9 (druh\u00e1 po diamantu)<\/li>\n<li data-section-id=\"1ms6nzv\" data-start=\"1318\" data-end=\"1360\">Minim\u00e1ln\u00ed opot\u0159eben\u00ed p\u0159i nep\u0159etr\u017eit\u00e9m ot\u00e1\u010den\u00ed<\/li>\n<li data-section-id=\"qsm0cr\" data-start=\"1361\" data-end=\"1407\">Zachov\u00e1v\u00e1 p\u0159esnost po celou dobu \u017eivotnosti<\/li>\n<\/ul>\n<p data-start=\"1409\" data-end=\"1462\">Ide\u00e1ln\u00ed pro vysokorychlostn\u00ed a dlouhodob\u00fd provoz<\/p>\n<hr data-start=\"1464\" data-end=\"1467\" \/>\n<h3 data-section-id=\"wqbwzy\" data-start=\"1469\" data-end=\"1513\"><span role=\"text\">2. V\u00fdjime\u010dn\u00e1 p\u0159esnost<\/span><\/h3>\n<ul data-start=\"1514\" data-end=\"1628\">\n<li data-section-id=\"14590o0\" data-start=\"1514\" data-end=\"1554\">Tolerance otvor\u016f: \u00b10,005 - 0,02 mm<\/li>\n<li data-section-id=\"1ig5njd\" data-start=\"1555\" data-end=\"1594\">Drsnost povrchu: Ra &lt; 0,02 \u03bcm<\/li>\n<li data-section-id=\"1fiqfqd\" data-start=\"1595\" data-end=\"1628\">Vysok\u00e1 rovinnost a rovnob\u011b\u017enost<\/li>\n<\/ul>\n<p data-start=\"1630\" data-end=\"1675\">\u00a0Zaji\u0161\u0165uje plynul\u00e9 ot\u00e1\u010den\u00ed a n\u00edzk\u00e9 t\u0159en\u00ed.<\/p>\n<hr data-start=\"1677\" data-end=\"1680\" \/>\n<h3 data-section-id=\"1qdhqu6\" data-start=\"1682\" data-end=\"1723\"><span role=\"text\">3. \u010cist\u00e9 prostory a bez kontaminace<\/span><\/h3>\n<ul data-start=\"1724\" data-end=\"1853\">\n<li data-section-id=\"ywyxtw\" data-start=\"1724\" data-end=\"1764\">\u017d\u00e1dn\u00e9 kovov\u00e9 \u00falomky ani vysyp\u00e1v\u00e1n\u00ed \u010d\u00e1stic<\/li>\n<li data-section-id=\"6pymfj\" data-start=\"1765\" data-end=\"1809\">Chemicky inertn\u00ed (odoln\u00fd v\u016f\u010di kyselin\u00e1m\/alkalick\u00fdm l\u00e1tk\u00e1m)<\/li>\n<li data-section-id=\"1kb7pwv\" data-start=\"1810\" data-end=\"1853\">Vhodn\u00e9 pro prost\u0159ed\u00ed polovodi\u010d\u016f<\/li>\n<\/ul>\n<p data-start=\"1855\" data-end=\"1904\">Ide\u00e1ln\u00ed pro vakuov\u00e9 a ultra\u010dist\u00edc\u00ed syst\u00e9my<\/p>\n<hr data-start=\"1906\" data-end=\"1909\" \/>\n<h3 data-section-id=\"1p91kt7\" data-start=\"1911\" data-end=\"1948\"><span role=\"text\">4. Stabilita p\u0159i vysok\u00fdch teplot\u00e1ch<\/span><\/h3>\n<ul data-start=\"1949\" data-end=\"2042\">\n<li data-section-id=\"gkv46b\" data-start=\"1949\" data-end=\"1996\">Stabilita a\u017e do pracovn\u00edch podm\u00ednek 1000 \u00b0C+<\/li>\n<li data-section-id=\"1sqjzre\" data-start=\"1997\" data-end=\"2042\">\u017d\u00e1dn\u00e9 deformace ani zhor\u0161en\u00ed v\u00fdkonu<\/li>\n<\/ul>\n<hr data-start=\"2044\" data-end=\"2047\" \/>\n<h3 data-section-id=\"j1i3rp\" data-start=\"2049\" data-end=\"2082\"><span role=\"text\">5. Flexibiln\u00ed p\u0159izp\u016fsoben\u00ed<\/span><\/h3>\n<ul data-start=\"2083\" data-end=\"2252\">\n<li data-section-id=\"1176qwa\" data-start=\"2083\" data-end=\"2123\">Pr\u016fm\u011br pr\u016fchoz\u00edho otvoru, OD, tlou\u0161\u0165ka<\/li>\n<li data-section-id=\"fglcx7\" data-start=\"2124\" data-end=\"2166\">Zkosen\u00ed, zahlouben\u00ed, stup\u0148ovit\u00e9 otvory<\/li>\n<li data-section-id=\"1hbpsff\" data-start=\"2167\" data-end=\"2205\">Le\u0161t\u011bn\u00e9 \/ matn\u00e9 \/ hybridn\u00ed povrchy<\/li>\n<li data-section-id=\"ek9rzs\" data-start=\"2206\" data-end=\"2252\">Rub\u00edn \/ transparentn\u00ed \/ modr\u00fd saf\u00edr mo\u017enosti<\/li>\n<\/ul>\n<hr data-start=\"2254\" data-end=\"2257\" \/>\n<h1 data-section-id=\"19wxmng\" data-start=\"2259\" data-end=\"2292\"><span role=\"text\">Technick\u00e9 specifikace<\/span><\/h1>\n<div class=\"TyagGW_tableContainer\">\n<div class=\"group TyagGW_tableWrapper flex flex-col-reverse w-fit\" tabindex=\"-1\">\n<table class=\"w-fit min-w-(--thread-content-width)\" data-start=\"2294\" data-end=\"2733\">\n<thead data-start=\"2294\" data-end=\"2323\">\n<tr data-start=\"2294\" data-end=\"2323\">\n<th class=\"\" data-start=\"2294\" data-end=\"2306\" data-col-size=\"sm\">Parametr<\/th>\n<th class=\"\" data-start=\"2306\" data-end=\"2323\" data-col-size=\"sm\">Specifikace<\/th>\n<\/tr>\n<\/thead>\n<tbody data-start=\"2352\" data-end=\"2733\">\n<tr data-start=\"2352\" data-end=\"2398\">\n<td data-start=\"2352\" data-end=\"2363\" data-col-size=\"sm\">Materi\u00e1l<\/td>\n<td data-col-size=\"sm\" data-start=\"2363\" data-end=\"2398\">Single Crystal Al\u2082O\u2083 (Saf\u00edr)<\/td>\n<\/tr>\n<tr data-start=\"2399\" data-end=\"2434\">\n<td data-start=\"2399\" data-end=\"2421\" data-col-size=\"sm\">Vn\u011bj\u0161\u00ed pr\u016fm\u011br (OD)<\/td>\n<td data-col-size=\"sm\" data-start=\"2421\" data-end=\"2434\">1 - 50 mm<\/td>\n<\/tr>\n<tr data-start=\"2435\" data-end=\"2472\">\n<td data-start=\"2435\" data-end=\"2457\" data-col-size=\"sm\">Vnit\u0159n\u00ed pr\u016fm\u011br (ID)<\/td>\n<td data-col-size=\"sm\" data-start=\"2457\" data-end=\"2472\">0,2 - 20 mm<\/td>\n<\/tr>\n<tr data-start=\"2473\" data-end=\"2500\">\n<td data-start=\"2473\" data-end=\"2485\" data-col-size=\"sm\">Tlou\u0161\u0165ka<\/td>\n<td data-col-size=\"sm\" data-start=\"2485\" data-end=\"2500\">0,2 - 10 mm<\/td>\n<\/tr>\n<tr data-start=\"2501\" data-end=\"2533\">\n<td data-start=\"2501\" data-end=\"2513\" data-col-size=\"sm\">Tolerance<\/td>\n<td data-col-size=\"sm\" data-start=\"2513\" data-end=\"2533\">\u00b10,005 - 0,02 mm<\/td>\n<\/tr>\n<tr data-start=\"2534\" data-end=\"2559\">\n<td data-start=\"2534\" data-end=\"2545\" data-col-size=\"sm\">Plochost<\/td>\n<td data-col-size=\"sm\" data-start=\"2545\" data-end=\"2559\">\u2264 0,005 mm<\/td>\n<\/tr>\n<tr data-start=\"2560\" data-end=\"2593\">\n<td data-start=\"2560\" data-end=\"2580\" data-col-size=\"sm\">Drsnost povrchu<\/td>\n<td data-col-size=\"sm\" data-start=\"2580\" data-end=\"2593\">&lt; 0,02 \u03bcm<\/td>\n<\/tr>\n<tr data-start=\"2594\" data-end=\"2615\">\n<td data-start=\"2594\" data-end=\"2605\" data-col-size=\"sm\">Tvrdost<\/td>\n<td data-col-size=\"sm\" data-start=\"2605\" data-end=\"2615\">Mohs 9<\/td>\n<\/tr>\n<tr data-start=\"2616\" data-end=\"2640\">\n<td data-start=\"2616\" data-end=\"2626\" data-col-size=\"sm\">Hustota<\/td>\n<td data-col-size=\"sm\" data-start=\"2626\" data-end=\"2640\">3,97 g\/cm\u00b3<\/td>\n<\/tr>\n<tr data-start=\"2641\" data-end=\"2687\">\n<td data-start=\"2641\" data-end=\"2658\" data-col-size=\"sm\">Povrchov\u00e1 \u00faprava<\/td>\n<td data-col-size=\"sm\" data-start=\"2658\" data-end=\"2687\">Le\u0161t\u011bn\u00e9 \/ matn\u00e9 \/ hybridn\u00ed<\/td>\n<\/tr>\n<tr data-start=\"2688\" data-end=\"2733\">\n<td data-start=\"2688\" data-end=\"2704\" data-col-size=\"sm\">Mo\u017enosti barev<\/td>\n<td data-col-size=\"sm\" data-start=\"2704\" data-end=\"2733\">Transparentn\u00ed \/ Rub\u00ednov\u00e1 \/ Modr\u00e1<\/td>\n<\/tr>\n<\/tbody>\n<\/table>\n<\/div>\n<\/div>\n<hr data-start=\"2735\" data-end=\"2738\" \/>\n<h1 data-section-id=\"ibrfuj\" data-start=\"2740\" data-end=\"2770\"><span role=\"text\">V\u00fdrobn\u00ed proces<\/span><\/h1>\n<h3 data-section-id=\"1sijpzj\" data-start=\"2772\" data-end=\"2798\"><span role=\"text\">P\u0159esn\u00e9 vrt\u00e1n\u00ed<\/span><\/h3>\n<ul data-start=\"2799\" data-end=\"2877\">\n<li data-section-id=\"whprhk\" data-start=\"2799\" data-end=\"2839\">Ultrazvukov\u00e9 vrt\u00e1n\u00ed \/ laserov\u00e9 vrt\u00e1n\u00ed<\/li>\n<li data-section-id=\"1pf8l4y\" data-start=\"2840\" data-end=\"2877\">\u010cist\u00e9 okraje otvor\u016f, bez mikrotrhlinek<\/li>\n<\/ul>\n<h3 data-section-id=\"1lvtwz3\" data-start=\"2879\" data-end=\"2918\"><span role=\"text\">Oboustrann\u00e9 lapov\u00e1n\u00ed a le\u0161t\u011bn\u00ed<\/span><\/h3>\n<ul data-start=\"2919\" data-end=\"2998\">\n<li data-section-id=\"1vdnkv9\" data-start=\"2919\" data-end=\"2964\">Rovinnost a povrchov\u00e1 \u00faprava na optick\u00e9 \u00farovni<\/li>\n<li data-section-id=\"17v8ab0\" data-start=\"2965\" data-end=\"2998\">Zlep\u0161en\u00fd t\u0159ec\u00ed v\u00fdkon<\/li>\n<\/ul>\n<h3 data-section-id=\"qhu4bq\" data-start=\"3000\" data-end=\"3021\"><span role=\"text\">CNC profilov\u00e1n\u00ed<\/span><\/h3>\n<ul data-start=\"3022\" data-end=\"3102\">\n<li data-section-id=\"fv38un\" data-start=\"3022\" data-end=\"3060\">Vn\u011bj\u0161\u00ed tvary a tolerance na zak\u00e1zku<\/li>\n<li data-section-id=\"13qpvd8\" data-start=\"3061\" data-end=\"3102\">Vysok\u00e1 konzistence pro s\u00e9riovou v\u00fdrobu<\/li>\n<\/ul>\n<hr data-start=\"3104\" data-end=\"3107\" \/>\n<h1 data-section-id=\"1y37n9x\" data-start=\"3109\" data-end=\"3130\"><span role=\"text\"><img decoding=\"async\" class=\"wp-image-2832  alignright\" src=\"https:\/\/www.fuyao-quartz.com\/wp-content\/uploads\/2026\/04\/Precision-Sapphire-Through-Hole-Bearings-for-Optical-Micro-Mechanical-Systems-3-300x300.png\" alt=\"\" width=\"263\" height=\"263\" srcset=\"https:\/\/www.fuyao-quartz.com\/wp-content\/uploads\/2026\/04\/Precision-Sapphire-Through-Hole-Bearings-for-Optical-Micro-Mechanical-Systems-3-300x300.png 300w, https:\/\/www.fuyao-quartz.com\/wp-content\/uploads\/2026\/04\/Precision-Sapphire-Through-Hole-Bearings-for-Optical-Micro-Mechanical-Systems-3-150x150.png 150w, https:\/\/www.fuyao-quartz.com\/wp-content\/uploads\/2026\/04\/Precision-Sapphire-Through-Hole-Bearings-for-Optical-Micro-Mechanical-Systems-3-768x768.png 768w, https:\/\/www.fuyao-quartz.com\/wp-content\/uploads\/2026\/04\/Precision-Sapphire-Through-Hole-Bearings-for-Optical-Micro-Mechanical-Systems-3-12x12.png 12w, https:\/\/www.fuyao-quartz.com\/wp-content\/uploads\/2026\/04\/Precision-Sapphire-Through-Hole-Bearings-for-Optical-Micro-Mechanical-Systems-3-600x600.png 600w, https:\/\/www.fuyao-quartz.com\/wp-content\/uploads\/2026\/04\/Precision-Sapphire-Through-Hole-Bearings-for-Optical-Micro-Mechanical-Systems-3-100x100.png 100w, https:\/\/www.fuyao-quartz.com\/wp-content\/uploads\/2026\/04\/Precision-Sapphire-Through-Hole-Bearings-for-Optical-Micro-Mechanical-Systems-3.png 1000w\" sizes=\"(max-width: 263px) 100vw, 263px\" \/>Aplikace<\/span><\/h1>\n<p data-start=\"3132\" data-end=\"3182\">Saf\u00edrov\u00e1 pr\u016fchoz\u00ed lo\u017eiska se \u0161iroce pou\u017e\u00edvaj\u00ed v:<\/p>\n<ul data-start=\"3184\" data-end=\"3559\">\n<li data-section-id=\"16lvyyx\" data-start=\"3184\" data-end=\"3246\">Optick\u00e9 p\u0159\u00edstroje (kardany, skenery, laserov\u00e9 moduly)<\/li>\n<li data-section-id=\"11f2pxb\" data-start=\"3247\" data-end=\"3324\">P\u0159esn\u00e1 m\u011b\u0159ic\u00ed za\u0159\u00edzen\u00ed (\u010d\u00edseln\u00edkov\u00e9 indik\u00e1tory, syst\u00e9my mikropohyb\u016f)<\/li>\n<li data-section-id=\"1ewum30\" data-start=\"3325\" data-end=\"3386\">polovodi\u010dov\u00e1 za\u0159\u00edzen\u00ed (polohovac\u00ed a vodic\u00ed sou\u010d\u00e1sti)<\/li>\n<li data-section-id=\"8kuypd\" data-start=\"3387\" data-end=\"3435\">Zdravotnick\u00e9 p\u0159\u00edstroje (mikropumpy, analyz\u00e1tory)<\/li>\n<li data-section-id=\"1aoltvw\" data-start=\"3436\" data-end=\"3496\">Leteck\u00e9 a kosmick\u00e9 syst\u00e9my (lehk\u00e9 p\u0159esn\u00e9 konstrukce)<\/li>\n<li data-section-id=\"1h74ow1\" data-start=\"3497\" data-end=\"3559\">Luxusn\u00ed hodinky (\u0161perkov\u00e1 lo\u017eiska pro velmi n\u00edzk\u00e9 t\u0159en\u00ed)<\/li>\n<\/ul>\n<hr data-start=\"3561\" data-end=\"3564\" \/>\n<h1 data-section-id=\"5rubml\" data-start=\"3566\" data-end=\"3613\"><span role=\"text\">Pro\u010d saf\u00edr m\u00edsto kovov\u00fdch lo\u017eisek<\/span><\/h1>\n<div class=\"TyagGW_tableContainer\">\n<div class=\"group TyagGW_tableWrapper flex flex-col-reverse w-fit\" tabindex=\"-1\">\n<table class=\"w-fit min-w-(--thread-content-width)\" data-start=\"3615\" data-end=\"3876\">\n<thead data-start=\"3615\" data-end=\"3645\">\n<tr data-start=\"3615\" data-end=\"3645\">\n<th class=\"\" data-start=\"3615\" data-end=\"3625\" data-col-size=\"sm\">Funkce<\/th>\n<th class=\"\" data-start=\"3625\" data-end=\"3636\" data-col-size=\"sm\">Sapphire<\/th>\n<th class=\"\" data-start=\"3636\" data-end=\"3645\" data-col-size=\"sm\">Kov<\/th>\n<\/tr>\n<\/thead>\n<tbody data-start=\"3675\" data-end=\"3876\">\n<tr data-start=\"3675\" data-end=\"3717\">\n<td data-start=\"3675\" data-end=\"3693\" data-col-size=\"sm\">Odolnost proti opot\u0159eben\u00ed<\/td>\n<td data-col-size=\"sm\" data-start=\"3693\" data-end=\"3705\">Vynikaj\u00edc\u00ed<\/td>\n<td data-col-size=\"sm\" data-start=\"3705\" data-end=\"3717\">M\u00edrn\u00e1<\/td>\n<\/tr>\n<tr data-start=\"3718\" data-end=\"3751\">\n<td data-start=\"3718\" data-end=\"3729\" data-col-size=\"sm\">T\u0159en\u00ed<\/td>\n<td data-start=\"3729\" data-end=\"3741\" data-col-size=\"sm\">Velmi n\u00edzk\u00e1 \u00farove\u0148<\/td>\n<td data-col-size=\"sm\" data-start=\"3741\" data-end=\"3751\">Vy\u0161\u0161\u00ed<\/td>\n<\/tr>\n<tr data-start=\"3752\" data-end=\"3790\">\n<td data-start=\"3752\" data-end=\"3778\" data-col-size=\"sm\">Kompatibilita s \u010dist\u00fdmi prostory<\/td>\n<td data-col-size=\"sm\" data-start=\"3778\" data-end=\"3784\">Ano<\/td>\n<td data-col-size=\"sm\" data-start=\"3784\" data-end=\"3790\">Ne<\/td>\n<\/tr>\n<tr data-start=\"3791\" data-end=\"3837\">\n<td data-start=\"3791\" data-end=\"3814\" data-col-size=\"sm\">Odolnost proti korozi<\/td>\n<td data-col-size=\"sm\" data-start=\"3814\" data-end=\"3826\">Vynikaj\u00edc\u00ed<\/td>\n<td data-col-size=\"sm\" data-start=\"3826\" data-end=\"3837\">Omezen\u00e9<\/td>\n<\/tr>\n<tr data-start=\"3838\" data-end=\"3876\">\n<td data-start=\"3838\" data-end=\"3853\" data-col-size=\"sm\">\u017divotnost<\/td>\n<td data-col-size=\"sm\" data-start=\"3853\" data-end=\"3865\">Velmi dlouh\u00fd<\/td>\n<td data-col-size=\"sm\" data-start=\"3865\" data-end=\"3876\">Krat\u0161\u00ed<\/td>\n<\/tr>\n<\/tbody>\n<\/table>\n<\/div>\n<\/div>\n<hr data-start=\"3878\" data-end=\"3881\" \/>\n<h1 data-section-id=\"1odpuo0\" data-start=\"3883\" data-end=\"3907\"><span role=\"text\">Pro\u010d si vybrat FUYAO Quartz ?<\/span><\/h1>\n<ul data-start=\"3909\" data-end=\"4126\">\n<li data-section-id=\"1padxf6\" data-start=\"3909\" data-end=\"3962\">10+ let zku\u0161enost\u00ed s p\u0159esn\u00fdm obr\u00e1b\u011bn\u00edm saf\u00edru<\/li>\n<li data-section-id=\"251bwo\" data-start=\"3963\" data-end=\"4006\">Vlastn\u00ed zpracov\u00e1n\u00ed a le\u0161t\u011bn\u00ed krystal\u016f<\/li>\n<li data-section-id=\"jo42kd\" data-start=\"4007\" data-end=\"4057\">Optick\u00e1 kontrola (interferometr, CMM)<\/li>\n<li data-section-id=\"1d13pfe\" data-start=\"4058\" data-end=\"4088\">Rychl\u00e1 v\u00fdroba prototyp\u016f<\/li>\n<li data-section-id=\"12p9a0q\" data-start=\"4089\" data-end=\"4126\">Stabiln\u00ed schopnost hromadn\u00e9 v\u00fdroby<\/li>\n<\/ul>\n<hr data-start=\"4128\" data-end=\"4131\" \/>\n<h1 data-section-id=\"11txy1v\" data-start=\"4133\" data-end=\"4144\"><span role=\"text\">\u010cASTO KLADEN\u00c9 DOTAZY<\/span><\/h1>\n<p data-start=\"4146\" data-end=\"4302\">Ot\u00e1zka 1: Jak\u00e9 nejmen\u0161\u00ed velikosti otvoru m\u016f\u017eete dos\u00e1hnout?<br data-start=\"4201\" data-end=\"4204\" \/>Odpov\u011b\u010f: V z\u00e1vislosti na tlou\u0161\u0165ce a pom\u011bru stran m\u016f\u017eeme vyr\u00e1b\u011bt mikrootvory a\u017e do velikosti 0,2 mm.<\/p>\n<p data-start=\"4304\" data-end=\"4424\">Ot\u00e1zka 2: Lze p\u0159izp\u016fsobit slo\u017eit\u00e9 tvary otvor\u016f?<br data-start=\"4350\" data-end=\"4353\" \/>Odpov\u011b\u010f: Ano, v\u010detn\u011b stup\u0148ovit\u00fdch otvor\u016f, ku\u017eelov\u00fdch otvor\u016f a speci\u00e1ln\u00edch geometri\u00ed.<\/p>\n<p data-start=\"4426\" data-end=\"4545\">Ot\u00e1zka 3: Jsou k dispozici rub\u00ednov\u00e1 lo\u017eiska?<br data-start=\"4462\" data-end=\"4465\" \/>Odpov\u011b\u010f: Ano, rub\u00edn a modr\u00fd saf\u00edr jsou k dispozici pro r\u016fzn\u00e9 aplikace.<\/p>\n<p data-start=\"4547\" data-end=\"4739\">Ot\u00e1zka 4: M\u016f\u017ee saf\u00edr nahradit tradi\u010dn\u00ed lo\u017eiska?<br data-start=\"4597\" data-end=\"4600\" \/>Odpov\u011b\u010f: Ve vysoce p\u0159esn\u00fdch a \u010dist\u00fdch prost\u0159ed\u00edch s n\u00edzk\u00fdm t\u0159en\u00edm saf\u00edrov\u00e1 lo\u017eiska v\u00fdrazn\u011b p\u0159ekon\u00e1vaj\u00ed kovov\u00e1 a standardn\u00ed keramick\u00e1 lo\u017eiska.<\/p>\n<p>&nbsp;<\/p>","protected":false},"excerpt":{"rendered":"<p>Saf\u00edrov\u00e1 pr\u016fchoz\u00ed lo\u017eiska jsou velmi p\u0159esn\u00e9 sou\u010d\u00e1sti vyroben\u00e9 z monokrystalu oxidu hlinit\u00e9ho (Al\u2082O\u2083), ur\u010den\u00e9 pro aplikace vy\u017eaduj\u00edc\u00ed extr\u00e9mn\u00ed odolnost proti opot\u0159eben\u00ed, rozm\u011brovou stabilitu a velmi n\u00edzk\u00e9 t\u0159en\u00ed.<\/p>","protected":false},"featured_media":2834,"comment_status":"open","ping_status":"closed","template":"","meta":{"site-sidebar-layout":"default","site-content-layout":"","ast-site-content-layout":"default","site-content-style":"default","site-sidebar-style":"default","ast-global-header-display":"","ast-banner-title-visibility":"","ast-main-header-display":"","ast-hfb-above-header-display":"","ast-hfb-below-header-display":"","ast-hfb-mobile-header-display":"","site-post-title":"","ast-breadcrumbs-content":"","ast-featured-img":"","footer-sml-layout":"","ast-disable-related-posts":"","theme-transparent-header-meta":"default","adv-header-id-meta":"","stick-header-meta":"default","header-above-stick-meta":"","header-main-stick-meta":"","header-below-stick-meta":"","astra-migrate-meta-layouts":"set","ast-page-background-enabled":"default","ast-page-background-meta":{"desktop":{"background-color":"var(--ast-global-color-4)","background-image":"","background-repeat":"repeat","background-position":"center center","background-size":"auto","background-attachment":"scroll","background-type":"","background-media":"","overlay-type":"","overlay-color":"","overlay-opacity":"","overlay-gradient":""},"tablet":{"background-color":"","background-image":"","background-repeat":"repeat","background-position":"center center","background-size":"auto","background-attachment":"scroll","background-type":"","background-media":"","overlay-type":"","overlay-color":"","overlay-opacity":"","overlay-gradient":""},"mobile":{"background-color":"","background-image":"","background-repeat":"repeat","background-position":"center center","background-size":"auto","background-attachment":"scroll","background-type":"","background-media":"","overlay-type":"","overlay-color":"","overlay-opacity":"","overlay-gradient":""}},"ast-content-background-meta":{"desktop":{"background-color":"var(--ast-global-color-5)","background-image":"","background-repeat":"repeat","background-position":"center center","background-size":"auto","background-attachment":"scroll","background-type":"","background-media":"","overlay-type":"","overlay-color":"","overlay-opacity":"","overlay-gradient":""},"tablet":{"background-color":"var(--ast-global-color-5)","background-image":"","background-repeat":"repeat","background-position":"center center","background-size":"auto","background-attachment":"scroll","background-type":"","background-media":"","overlay-type":"","overlay-color":"","overlay-opacity":"","overlay-gradient":""},"mobile":{"background-color":"var(--ast-global-color-5)","background-image":"","background-repeat":"repeat","background-position":"center center","background-size":"auto","background-attachment":"scroll","background-type":"","background-media":"","overlay-type":"","overlay-color":"","overlay-opacity":"","overlay-gradient":""}}},"product_brand":[],"product_cat":[152],"product_tag":[1060,1068,1074,1077,1059,1065,1075,1063,1067,1071,1064,1070,1058,1057,1062,1055,1073,1076,1078,1072,1056,1069,1061,1079,1066],"class_list":{"0":"post-2831","1":"product","2":"type-product","3":"status-publish","4":"has-post-thumbnail","6":"product_cat-sapphire","7":"product_tag-al2o3-sapphire-bearing","8":"product_tag-cleanroom-bearing","9":"product_tag-corrosion-resistant-bearing","10":"product_tag-custom-optical-components","11":"product_tag-custom-sapphire-bearing","12":"product_tag-high-precision-bearing","13":"product_tag-high-temperature-bearing","14":"product_tag-jewel-bearing","15":"product_tag-low-friction-bearing","16":"product_tag-micro-mechanical-bearing","17":"product_tag-micro-sapphire-bearing","18":"product_tag-optical-instrument-bearing","19":"product_tag-optical-sapphire-bearing","20":"product_tag-precision-sapphire-bearing","21":"product_tag-ruby-bearing","22":"product_tag-sapphire-bearing","23":"product_tag-sapphire-bush-bearing","24":"product_tag-sapphire-component-manufacturer","25":"product_tag-sapphire-machining","26":"product_tag-sapphire-pivot-bearing","27":"product_tag-sapphire-through-hole-bearing","28":"product_tag-semiconductor-bearing","29":"product_tag-single-crystal-sapphire-bearing","30":"product_tag-ultrasonic-drilled-sapphire","31":"product_tag-wear-resistant-bearing","32":"desktop-align-left","33":"tablet-align-left","34":"mobile-align-left","35":"ast-product-gallery-layout-horizontal","36":"ast-product-tabs-layout-horizontal","38":"first","39":"instock","40":"shipping-taxable","41":"product-type-simple"},"_links":{"self":[{"href":"https:\/\/www.fuyao-quartz.com\/cs\/wp-json\/wp\/v2\/product\/2831","targetHints":{"allow":["GET"]}}],"collection":[{"href":"https:\/\/www.fuyao-quartz.com\/cs\/wp-json\/wp\/v2\/product"}],"about":[{"href":"https:\/\/www.fuyao-quartz.com\/cs\/wp-json\/wp\/v2\/types\/product"}],"replies":[{"embeddable":true,"href":"https:\/\/www.fuyao-quartz.com\/cs\/wp-json\/wp\/v2\/comments?post=2831"}],"version-history":[{"count":3,"href":"https:\/\/www.fuyao-quartz.com\/cs\/wp-json\/wp\/v2\/product\/2831\/revisions"}],"predecessor-version":[{"id":2838,"href":"https:\/\/www.fuyao-quartz.com\/cs\/wp-json\/wp\/v2\/product\/2831\/revisions\/2838"}],"wp:featuredmedia":[{"embeddable":true,"href":"https:\/\/www.fuyao-quartz.com\/cs\/wp-json\/wp\/v2\/media\/2834"}],"wp:attachment":[{"href":"https:\/\/www.fuyao-quartz.com\/cs\/wp-json\/wp\/v2\/media?parent=2831"}],"wp:term":[{"taxonomy":"product_brand","embeddable":true,"href":"https:\/\/www.fuyao-quartz.com\/cs\/wp-json\/wp\/v2\/product_brand?post=2831"},{"taxonomy":"product_cat","embeddable":true,"href":"https:\/\/www.fuyao-quartz.com\/cs\/wp-json\/wp\/v2\/product_cat?post=2831"},{"taxonomy":"product_tag","embeddable":true,"href":"https:\/\/www.fuyao-quartz.com\/cs\/wp-json\/wp\/v2\/product_tag?post=2831"}],"curies":[{"name":"wp","href":"https:\/\/api.w.org\/{rel}","templated":true}]}}