{"id":2803,"date":"2026-04-28T08:51:02","date_gmt":"2026-04-28T08:51:02","guid":{"rendered":"https:\/\/www.fuyao-quartz.com\/?post_type=product&#038;p=2803"},"modified":"2026-04-28T08:51:06","modified_gmt":"2026-04-28T08:51:06","slug":"pigeon-blood-red-sapphire-watch-crystal-custom-synthetic-ruby-crystal-for-luxury-watches","status":"publish","type":"product","link":"https:\/\/www.fuyao-quartz.com\/cs\/product\/pigeon-blood-red-sapphire-watch-crystal-custom-synthetic-ruby-crystal-for-luxury-watches\/","title":{"rendered":"Pigeon Blood Red Sapphire Watch Crystal Custom Synthetic Ruby Crystal pro luxusn\u00ed hodinky"},"content":{"rendered":"<p data-start=\"144\" data-end=\"568\"><img fetchpriority=\"high\" decoding=\"async\" class=\"alignright wp-image-2807 size-medium\" src=\"https:\/\/www.fuyao-quartz.com\/wp-content\/uploads\/2026\/04\/Pigeon-Blood-Red-Sapphire-Watch-Crystal-Custom-Synthetic-Ruby-Crystal-for-Luxury-Watches-1-300x300.png\" alt=\"Pigeon Blood Red Sapphire Watch Crystal Custom Synthetic Ruby Crystal pro luxusn\u00ed hodinky\" width=\"300\" height=\"300\" srcset=\"https:\/\/www.fuyao-quartz.com\/wp-content\/uploads\/2026\/04\/Pigeon-Blood-Red-Sapphire-Watch-Crystal-Custom-Synthetic-Ruby-Crystal-for-Luxury-Watches-1-300x300.png 300w, https:\/\/www.fuyao-quartz.com\/wp-content\/uploads\/2026\/04\/Pigeon-Blood-Red-Sapphire-Watch-Crystal-Custom-Synthetic-Ruby-Crystal-for-Luxury-Watches-1-150x150.png 150w, https:\/\/www.fuyao-quartz.com\/wp-content\/uploads\/2026\/04\/Pigeon-Blood-Red-Sapphire-Watch-Crystal-Custom-Synthetic-Ruby-Crystal-for-Luxury-Watches-1-768x768.png 768w, https:\/\/www.fuyao-quartz.com\/wp-content\/uploads\/2026\/04\/Pigeon-Blood-Red-Sapphire-Watch-Crystal-Custom-Synthetic-Ruby-Crystal-for-Luxury-Watches-1-12x12.png 12w, https:\/\/www.fuyao-quartz.com\/wp-content\/uploads\/2026\/04\/Pigeon-Blood-Red-Sapphire-Watch-Crystal-Custom-Synthetic-Ruby-Crystal-for-Luxury-Watches-1-600x600.png 600w, https:\/\/www.fuyao-quartz.com\/wp-content\/uploads\/2026\/04\/Pigeon-Blood-Red-Sapphire-Watch-Crystal-Custom-Synthetic-Ruby-Crystal-for-Luxury-Watches-1-100x100.png 100w, https:\/\/www.fuyao-quartz.com\/wp-content\/uploads\/2026\/04\/Pigeon-Blood-Red-Sapphire-Watch-Crystal-Custom-Synthetic-Ruby-Crystal-for-Luxury-Watches-1.png 1000w\" sizes=\"(max-width: 300px) 100vw, 300px\" \/>Saf\u00edrov\u00fd krystal hodinek Pigeon Blood Red Sapphire Crystal je prvot\u0159\u00eddn\u00ed optick\u00e1 sou\u010d\u00e1stka vyroben\u00e1 z vysoce \u010dist\u00e9ho syntetick\u00e9ho rub\u00ednu (\u010derven\u00e9ho saf\u00edru), kter\u00fd je variantou \u010derven\u00e9ho saf\u00edru. <span class=\"hover:entity-accent entity-underline inline cursor-pointer align-baseline\"><span class=\"whitespace-normal\">Saf\u00edr (monokrystal Al\u2082O\u2083)<\/span><\/span> s p\u0159\u00edm\u011bs\u00ed chromu, aby z\u00edskala svou ikonickou syt\u011b \u010dervenou barvu \u201cholub\u00ed krve\u201d. Tento materi\u00e1l, ur\u010den\u00fd pro \u0161pi\u010dkov\u00e9 a luxusn\u00ed hodinky, v sob\u011b spojuje v\u00fdjime\u010dnou mechanickou pevnost, p\u016fsobivou estetiku a vynikaj\u00edc\u00ed optick\u00e9 vlastnosti.<\/p>\n<p data-start=\"570\" data-end=\"931\">Na rozd\u00edl od b\u011b\u017en\u00fdch pr\u016fhledn\u00fdch hodinkov\u00fdch krystal\u016f nab\u00edzej\u00ed saf\u00edrov\u00e9 krystaly v barv\u011b holub\u00ed krve jedine\u010dnou vizu\u00e1ln\u00ed identitu, kter\u00e1 umoc\u0148uje designov\u00fd jazyk luxusn\u00edch a na m\u00edru \u0161it\u00fdch hodinek. Syt\u011b \u010derven\u00fd odst\u00edn v kombinaci s p\u0159irozenou brilanc\u00ed a odolnost\u00ed saf\u00edru z n\u011bj \u010din\u00ed ide\u00e1ln\u00ed volbu pro pr\u00e9miov\u00e9 zna\u010dky hodinek, limitovan\u00e9 edice a zak\u00e1zkov\u00e9 horologick\u00e9 projekty.<\/p>\n<hr data-start=\"933\" data-end=\"936\" \/>\n<h2 data-section-id=\"1hjwgp3\" data-start=\"938\" data-end=\"969\">Hlavn\u00ed funkce a v\u00fdhody<\/h2>\n<h3 data-section-id=\"srp5rs\" data-start=\"971\" data-end=\"1015\">1. Jedine\u010dn\u00e1 \u010derven\u00e1 barva \u201cholub\u00ed krev\u201d<\/h3>\n<p data-start=\"1016\" data-end=\"1270\">Syt\u011b \u010derven\u00e9ho zabarven\u00ed se dosahuje d\u00edky p\u0159esn\u00e9 kontrole dopov\u00e1n\u00ed chromu p\u0159i r\u016fstu krystal\u016f, co\u017e vede k jednotn\u00e9mu, z\u00e1\u0159iv\u00e9mu t\u00f3nu, kter\u00fd je spojov\u00e1n se \u0161pi\u010dkov\u00fdmi rub\u00ednov\u00fdmi materi\u00e1ly. Tento v\u00fdrazn\u00fd vzhled povy\u0161uje design hodinek a odli\u0161uje zna\u010dku.<\/p>\n<h3 data-section-id=\"1pnjdhc\" data-start=\"1272\" data-end=\"1324\">2. V\u00fdjime\u010dn\u00e1 tvrdost a odolnost proti po\u0161kr\u00e1b\u00e1n\u00ed<\/h3>\n<p data-start=\"1325\" data-end=\"1507\">Saf\u00edrov\u00e1 skl\u00ed\u010dka hodinek s tvrdost\u00ed 9 stup\u0148\u016f Mohsovy stupnice jsou vysoce odoln\u00e1 proti po\u0161kr\u00e1b\u00e1n\u00ed a od\u011bru, co\u017e zaru\u010duje dlouhodobou \u010distotu a trvanlivost i p\u0159i ka\u017edodenn\u00edm no\u0161en\u00ed nebo v n\u00e1ro\u010dn\u00e9m prost\u0159ed\u00ed.<\/p>\n<h3 data-section-id=\"vgool6\" data-start=\"1509\" data-end=\"1546\">3. Vynikaj\u00edc\u00ed optick\u00fd v\u00fdkon<\/h3>\n<p data-start=\"1547\" data-end=\"1778\">Navzdory sv\u00e9mu zabarven\u00ed si krystal zachov\u00e1v\u00e1 vynikaj\u00edc\u00ed propustnost sv\u011btla a optickou rovnom\u011brnost. V z\u00e1vislosti na po\u017eadavc\u00edch na design jej lze konstruovat pro \u0159\u00edzen\u00e9 \u00farovn\u011b pr\u016fhlednosti (polopr\u016fhledn\u00fd, t\u00f3novan\u00fd nebo dekorativn\u00ed).<\/p>\n<h3 data-section-id=\"1y5f5oz\" data-start=\"1780\" data-end=\"1824\">4. Vysok\u00e1 tepeln\u00e1 a chemick\u00e1 stabilita<\/h3>\n<p data-start=\"1825\" data-end=\"2003\">Materi\u00e1l z\u016fst\u00e1v\u00e1 stabiln\u00ed p\u0159i extr\u00e9mn\u00edch teplot\u00e1ch a je odoln\u00fd v\u016f\u010di v\u011bt\u0161in\u011b kyselin, louh\u016f a korozi prost\u0159ed\u00ed, co\u017e zaji\u0161\u0165uje spolehlivost v r\u016fzn\u00fdch provozn\u00edch podm\u00ednk\u00e1ch.<\/p>\n<h3 data-section-id=\"1vz732i\" data-start=\"2005\" data-end=\"2058\">5. Pln\u011b p\u0159izp\u016fsobiteln\u00e1 \u0159e\u0161en\u00ed (kl\u00ed\u010dov\u00e1 v\u00fdhoda)<\/h3>\n<p data-start=\"2059\" data-end=\"2147\">Tento produkt je vysoce p\u0159izp\u016fsobiteln\u00fd specifick\u00fdm po\u017eadavk\u016fm na design a funk\u010dnost:<\/p>\n<h2 style=\"font-style: normal;\" data-section-id=\"1hjwgp3\" data-start=\"938\" data-end=\"969\"><\/h2>\n<ul data-start=\"2148\" data-end=\"2424\">\n<li data-section-id=\"1kg88ut\" data-start=\"2148\" data-end=\"2192\">Tvar: ploch\u00fd, zak\u0159iven\u00fd, kopulovit\u00fd, dvojit\u011b zak\u0159iven\u00fd\n<p style=\"font-size: 16px;\">\n<\/li>\n<li data-section-id=\"1xcbw6m\" data-start=\"2193\" data-end=\"2236\">Velikost: pr\u016fm\u011br, tlou\u0161\u0165ka, profil hrany<\/li>\n<li data-section-id=\"i4y7hd\" data-start=\"2237\" data-end=\"2292\">Intenzita barvy: sv\u011btle \u010derven\u00e1 a\u017e tmav\u011b \u010derven\u00e1 jako holub\u00ed krev<\/li>\n<li data-section-id=\"1q0nu6x\" data-start=\"2293\" data-end=\"2370\">Povrchov\u00e1 \u00faprava: le\u0161t\u011bn\u00fd, antireflexn\u00ed (AR), povrchov\u00e1 \u00faprava proti otisk\u016fm prst\u016f<\/li>\n<li data-section-id=\"cgvwyy\" data-start=\"2371\" data-end=\"2424\">Grav\u00edrov\u00e1n\u00ed: logo, vzory nebo dekorativn\u00ed textury<\/li>\n<\/ul>\n<hr data-start=\"2426\" data-end=\"2429\" \/>\n<h2 data-section-id=\"58xi60\" data-start=\"2431\" data-end=\"2460\">Technick\u00e9 specifikace<\/h2>\n<div class=\"TyagGW_tableContainer\">\n<div class=\"group TyagGW_tableWrapper flex flex-col-reverse w-fit\" tabindex=\"-1\">\n<table class=\"w-fit min-w-(--thread-content-width)\" data-start=\"2462\" data-end=\"3136\">\n<thead data-start=\"2462\" data-end=\"2491\">\n<tr data-start=\"2462\" data-end=\"2491\">\n<th class=\"\" data-start=\"2462\" data-end=\"2474\" data-col-size=\"sm\">Parametr<\/th>\n<th class=\"\" data-start=\"2474\" data-end=\"2491\" data-col-size=\"md\">Specifikace<\/th>\n<\/tr>\n<\/thead>\n<tbody data-start=\"2521\" data-end=\"3136\">\n<tr data-start=\"2521\" data-end=\"2579\">\n<td data-start=\"2521\" data-end=\"2536\" data-col-size=\"sm\">N\u00e1zev produktu<\/td>\n<td data-col-size=\"md\" data-start=\"2536\" data-end=\"2579\">Hodinky Pigeon Blood Red Sapphire Crystal<\/td>\n<\/tr>\n<tr data-start=\"2580\" data-end=\"2629\">\n<td data-start=\"2580\" data-end=\"2591\" data-col-size=\"sm\">Materi\u00e1l<\/td>\n<td data-col-size=\"md\" data-start=\"2591\" data-end=\"2629\">Syntetick\u00fd rub\u00edn (saf\u00edr dopovan\u00fd Cr)<\/td>\n<\/tr>\n<tr data-start=\"2630\" data-end=\"2679\">\n<td data-start=\"2630\" data-end=\"2653\" data-col-size=\"sm\">Chemick\u00e9 slo\u017een\u00ed<\/td>\n<td data-col-size=\"md\" data-start=\"2653\" data-end=\"2679\">Al\u2082O\u2083 (monokrystal)<\/td>\n<\/tr>\n<tr data-start=\"2680\" data-end=\"2701\">\n<td data-start=\"2680\" data-end=\"2691\" data-col-size=\"sm\">Tvrdost<\/td>\n<td data-col-size=\"md\" data-start=\"2691\" data-end=\"2701\">Mohs 9<\/td>\n<\/tr>\n<tr data-start=\"2702\" data-end=\"2726\">\n<td data-start=\"2702\" data-end=\"2712\" data-col-size=\"sm\">Hustota<\/td>\n<td data-col-size=\"md\" data-start=\"2712\" data-end=\"2726\">3,98 g\/cm\u00b3<\/td>\n<\/tr>\n<tr data-start=\"2727\" data-end=\"2776\">\n<td data-start=\"2727\" data-end=\"2746\" data-col-size=\"sm\">Optick\u00e9 vlastnosti<\/td>\n<td data-col-size=\"md\" data-start=\"2746\" data-end=\"2776\">Barevn\u00e9 \/ polopr\u016fhledn\u00e9<\/td>\n<\/tr>\n<tr data-start=\"2777\" data-end=\"2837\">\n<td data-start=\"2777\" data-end=\"2798\" data-col-size=\"sm\">Rozsah p\u0159enosu<\/td>\n<td data-col-size=\"md\" data-start=\"2798\" data-end=\"2837\">200 - 5000 nm (v z\u00e1vislosti na dopov\u00e1n\u00ed)<\/td>\n<\/tr>\n<tr data-start=\"2838\" data-end=\"2883\">\n<td data-start=\"2838\" data-end=\"2850\" data-col-size=\"sm\">Tlou\u0161\u0165ka<\/td>\n<td data-col-size=\"md\" data-start=\"2850\" data-end=\"2883\">Vlastn\u00ed (obvykle 0,5 - 3 mm)<\/td>\n<\/tr>\n<tr data-start=\"2884\" data-end=\"2939\">\n<td data-start=\"2884\" data-end=\"2895\" data-col-size=\"sm\">Pr\u016fm\u011br<\/td>\n<td data-col-size=\"md\" data-start=\"2895\" data-end=\"2939\">Vlastn\u00ed (nap\u0159. 10 - 50 mm nebo podle v\u00fdkresu)<\/td>\n<\/tr>\n<tr data-start=\"2940\" data-end=\"2979\">\n<td data-start=\"2940\" data-end=\"2948\" data-col-size=\"sm\">Tvar<\/td>\n<td data-col-size=\"md\" data-start=\"2948\" data-end=\"2979\">Ploch\u00e9 \/ kopulovit\u00e9 \/ dvojit\u011b zak\u0159iven\u00e9<\/td>\n<\/tr>\n<tr data-start=\"2980\" data-end=\"3027\">\n<td data-start=\"2980\" data-end=\"3000\" data-col-size=\"sm\">Drsnost povrchu<\/td>\n<td data-col-size=\"md\" data-start=\"3000\" data-end=\"3027\">Le\u0161t\u011bn\u00ed na optick\u00e9 \u00farovni<\/td>\n<\/tr>\n<tr data-start=\"3028\" data-end=\"3096\">\n<td data-start=\"3028\" data-end=\"3046\" data-col-size=\"sm\">Mo\u017enosti povrchov\u00e9 \u00fapravy<\/td>\n<td data-col-size=\"md\" data-start=\"3046\" data-end=\"3096\">AR povlak \/ Tvrd\u00fd povlak \/ Dekorativn\u00ed povlak<\/td>\n<\/tr>\n<tr data-start=\"3097\" data-end=\"3136\">\n<td data-start=\"3097\" data-end=\"3119\" data-col-size=\"sm\">Pracovn\u00ed teplota<\/td>\n<td data-col-size=\"md\" data-start=\"3119\" data-end=\"3136\">Do ~1000 \u00b0C<\/td>\n<\/tr>\n<\/tbody>\n<\/table>\n<\/div>\n<\/div>\n<hr data-start=\"3138\" data-end=\"3141\" \/>\n<h2 data-section-id=\"ce0tqk\" data-start=\"3143\" data-end=\"3160\">Aplikace<\/h2>\n<ul data-start=\"3162\" data-end=\"3323\">\n<li data-section-id=\"1b00soz\" data-start=\"3162\" data-end=\"3191\">Luxusn\u00ed mechanick\u00e9 hodinky<\/li>\n<li data-section-id=\"d1i2gp\" data-start=\"3192\" data-end=\"3222\">Hodinky navr\u017een\u00e9 na m\u00edru<\/li>\n<li data-section-id=\"17l1ca8\" data-start=\"3223\" data-end=\"3261\">Limitovan\u00e1 edice nebo zna\u010dkov\u00e9 hodinky<\/li>\n<li data-section-id=\"vtqgrx\" data-start=\"3262\" data-end=\"3293\">Ozdobn\u00e9 sou\u010d\u00e1sti hodinek<\/li>\n<li data-section-id=\"11966n8\" data-start=\"3294\" data-end=\"3323\">\u0160pi\u010dkov\u00e1 nositeln\u00e1 za\u0159\u00edzen\u00ed<\/li>\n<\/ul>\n<p><img decoding=\"async\" class=\"alignnone wp-image-2809 size-large\" src=\"https:\/\/www.fuyao-quartz.com\/wp-content\/uploads\/2026\/04\/Pigeon-Blood-Red-Sapphire-Watch-Crystal-Custom-Synthetic-Ruby-Crystal-for-Luxury-Watches-5-1024x505.png\" alt=\"\" width=\"1024\" height=\"505\" srcset=\"https:\/\/www.fuyao-quartz.com\/wp-content\/uploads\/2026\/04\/Pigeon-Blood-Red-Sapphire-Watch-Crystal-Custom-Synthetic-Ruby-Crystal-for-Luxury-Watches-5-1024x505.png 1024w, https:\/\/www.fuyao-quartz.com\/wp-content\/uploads\/2026\/04\/Pigeon-Blood-Red-Sapphire-Watch-Crystal-Custom-Synthetic-Ruby-Crystal-for-Luxury-Watches-5-300x148.png 300w, https:\/\/www.fuyao-quartz.com\/wp-content\/uploads\/2026\/04\/Pigeon-Blood-Red-Sapphire-Watch-Crystal-Custom-Synthetic-Ruby-Crystal-for-Luxury-Watches-5-768x379.png 768w, https:\/\/www.fuyao-quartz.com\/wp-content\/uploads\/2026\/04\/Pigeon-Blood-Red-Sapphire-Watch-Crystal-Custom-Synthetic-Ruby-Crystal-for-Luxury-Watches-5-18x9.png 18w, https:\/\/www.fuyao-quartz.com\/wp-content\/uploads\/2026\/04\/Pigeon-Blood-Red-Sapphire-Watch-Crystal-Custom-Synthetic-Ruby-Crystal-for-Luxury-Watches-5-600x296.png 600w, https:\/\/www.fuyao-quartz.com\/wp-content\/uploads\/2026\/04\/Pigeon-Blood-Red-Sapphire-Watch-Crystal-Custom-Synthetic-Ruby-Crystal-for-Luxury-Watches-5.png 1536w\" sizes=\"(max-width: 1024px) 100vw, 1024px\" \/><\/p>\n<hr data-start=\"3325\" data-end=\"3328\" \/>\n<h2 data-section-id=\"myj2su\" data-start=\"3330\" data-end=\"3361\"><img decoding=\"async\" class=\"alignright wp-image-2806 size-medium\" src=\"https:\/\/www.fuyao-quartz.com\/wp-content\/uploads\/2026\/04\/Pigeon-Blood-Red-Sapphire-Watch-Crystal-Custom-Synthetic-Ruby-Crystal-for-Luxury-Watches-2-300x300.png\" alt=\"Pigeon Blood Red Sapphire Watch Crystal Custom Synthetic Ruby Crystal pro luxusn\u00ed hodinky\" width=\"300\" height=\"300\" srcset=\"https:\/\/www.fuyao-quartz.com\/wp-content\/uploads\/2026\/04\/Pigeon-Blood-Red-Sapphire-Watch-Crystal-Custom-Synthetic-Ruby-Crystal-for-Luxury-Watches-2-300x300.png 300w, https:\/\/www.fuyao-quartz.com\/wp-content\/uploads\/2026\/04\/Pigeon-Blood-Red-Sapphire-Watch-Crystal-Custom-Synthetic-Ruby-Crystal-for-Luxury-Watches-2-150x150.png 150w, https:\/\/www.fuyao-quartz.com\/wp-content\/uploads\/2026\/04\/Pigeon-Blood-Red-Sapphire-Watch-Crystal-Custom-Synthetic-Ruby-Crystal-for-Luxury-Watches-2-768x768.png 768w, https:\/\/www.fuyao-quartz.com\/wp-content\/uploads\/2026\/04\/Pigeon-Blood-Red-Sapphire-Watch-Crystal-Custom-Synthetic-Ruby-Crystal-for-Luxury-Watches-2-12x12.png 12w, https:\/\/www.fuyao-quartz.com\/wp-content\/uploads\/2026\/04\/Pigeon-Blood-Red-Sapphire-Watch-Crystal-Custom-Synthetic-Ruby-Crystal-for-Luxury-Watches-2-600x600.png 600w, https:\/\/www.fuyao-quartz.com\/wp-content\/uploads\/2026\/04\/Pigeon-Blood-Red-Sapphire-Watch-Crystal-Custom-Synthetic-Ruby-Crystal-for-Luxury-Watches-2-100x100.png 100w, https:\/\/www.fuyao-quartz.com\/wp-content\/uploads\/2026\/04\/Pigeon-Blood-Red-Sapphire-Watch-Crystal-Custom-Synthetic-Ruby-Crystal-for-Luxury-Watches-2.png 1000w\" sizes=\"(max-width: 300px) 100vw, 300px\" \/>Mo\u017enosti p\u0159izp\u016fsoben\u00ed<\/h2>\n<p data-start=\"3363\" data-end=\"3656\">Specializujeme se na <strong data-start=\"3380\" data-end=\"3424\">pln\u011b p\u0159izp\u016fsoben\u00e9 saf\u00edrov\u00e9 krystaly hodinek<\/strong>, nab\u00edzej\u00edc\u00ed p\u0159esnou v\u00fdrobu na z\u00e1klad\u011b v\u00fdkres\u016f nebo specifikac\u00ed z\u00e1kazn\u00edka. A\u0165 u\u017e po\u017eadujete jedine\u010dnou geometrii, speci\u00e1ln\u00ed barevn\u00e9 odst\u00edny nebo pokro\u010dil\u00e9 povlaky, n\u00e1\u0161 t\u00fdm in\u017een\u00fdr\u016f zajist\u00ed p\u0159\u00edsn\u00e9 tolerance a st\u00e1lou kvalitu.<\/p>\n<p data-start=\"3658\" data-end=\"3683\">P\u0159izp\u016fsoben\u00ed zahrnuje:<\/p>\n<ul data-start=\"3684\" data-end=\"3918\">\n<li data-section-id=\"vu2mit\" data-start=\"3684\" data-end=\"3728\">Slo\u017eit\u00e9 tvary (klenut\u00e9, stup\u0148ovit\u00e9, fasetov\u00e9)<\/li>\n<li data-section-id=\"eidh82\" data-start=\"3729\" data-end=\"3784\">Kontrola mikrotolerance tlou\u0161\u0165ky a zak\u0159iven\u00ed<\/li>\n<li data-section-id=\"t3uvay\" data-start=\"3785\" data-end=\"3832\">Vlastn\u00ed t\u0159\u00edd\u011bn\u00ed barev a kontrola jednotnosti<\/li>\n<li data-section-id=\"1wj84wk\" data-start=\"3833\" data-end=\"3875\">Grav\u00edrov\u00e1n\u00ed loga a dekorativn\u00ed povrchov\u00e9 \u00fapravy<\/li>\n<li data-section-id=\"zge2hp\" data-start=\"3876\" data-end=\"3918\">Podpora malos\u00e9riov\u00e9 a\u017e velkos\u00e9riov\u00e9 v\u00fdroby<\/li>\n<\/ul>\n<hr data-start=\"3920\" data-end=\"3923\" \/>\n<h2 data-section-id=\"x9bttf\" data-start=\"4335\" data-end=\"4343\">\u010cASTO KLADEN\u00c9 DOTAZY<\/h2>\n<p data-start=\"4345\" data-end=\"4545\"><strong data-start=\"4345\" data-end=\"4419\">Ot\u00e1zka 1: Lze intenzitu barvy \u010derven\u00e9ho saf\u00edrov\u00e9ho krystalu p\u0159izp\u016fsobit?<\/strong><br data-start=\"4419\" data-end=\"4422\" \/>A1: Ano. Barvu lze nastavit od sv\u011btle \u010derven\u00e9 a\u017e po syt\u011b holub\u00ed \u010dervenou pomoc\u00ed \u0159\u00edzen\u00ed procesu dopov\u00e1n\u00ed a tlou\u0161\u0165ky.<\/p>\n<p data-start=\"4547\" data-end=\"4720\"><strong data-start=\"4547\" data-end=\"4614\">Ot\u00e1zka 2: Je krystal stejn\u011b odoln\u00fd jako standardn\u00ed saf\u00edrov\u00e9 skl\u00ed\u010dko hodinek?<\/strong><br data-start=\"4614\" data-end=\"4617\" \/>A2: Ano. Zachov\u00e1v\u00e1 si stejnou tvrdost 9 podle Mohse a nab\u00edz\u00ed vynikaj\u00edc\u00ed odolnost proti po\u0161kr\u00e1b\u00e1n\u00ed a trvanlivost.<\/p>\n<p data-start=\"4722\" data-end=\"4942\" data-is-last-node=\"\" data-is-only-node=\"\"><strong data-start=\"4722\" data-end=\"4786\">Ot\u00e1zka 3: Podporujete zak\u00e1zkov\u00e9 tvary a malos\u00e9riovou v\u00fdrobu?<\/strong><br data-start=\"4786\" data-end=\"4789\" \/>A3: Rozhodn\u011b. Poskytujeme kompletn\u00ed slu\u017eby p\u0159izp\u016fsoben\u00ed, v\u010detn\u011b tvaru, velikosti, tlou\u0161\u0165ky, povlak\u016f, a m\u016f\u017eeme podporovat v\u00fdrobu prototyp\u016f i s\u00e9riovou v\u00fdrobu.<\/p>","protected":false},"excerpt":{"rendered":"<p>Saf\u00edrov\u00fd krystal hodinek Pigeon Blood Red je nejen ochrannou sou\u010d\u00e1st\u00ed, ale tak\u00e9 designov\u00fdm prvkem. Kombinac\u00ed legend\u00e1rn\u00ed odolnosti saf\u00edru a luxusn\u00edho vzhledu rub\u00ednu poskytuje funk\u010dnost i estetickou hodnotu. D\u00edky vysok\u00e9 m\u00ed\u0159e p\u0159izp\u016fsoben\u00ed je ide\u00e1ln\u00edm \u0159e\u0161en\u00edm pro v\u00fdrobce hodinek, kte\u0159\u00ed hledaj\u00ed odli\u0161en\u00ed, inovaci a pr\u00e9miovou kvalitu.<\/p>","protected":false},"featured_media":2804,"comment_status":"open","ping_status":"closed","template":"","meta":{"site-sidebar-layout":"default","site-content-layout":"","ast-site-content-layout":"default","site-content-style":"default","site-sidebar-style":"default","ast-global-header-display":"","ast-banner-title-visibility":"","ast-main-header-display":"","ast-hfb-above-header-display":"","ast-hfb-below-header-display":"","ast-hfb-mobile-header-display":"","site-post-title":"","ast-breadcrumbs-content":"","ast-featured-img":"","footer-sml-layout":"","ast-disable-related-posts":"","theme-transparent-header-meta":"default","adv-header-id-meta":"","stick-header-meta":"default","header-above-stick-meta":"","header-main-stick-meta":"","header-below-stick-meta":"","astra-migrate-meta-layouts":"set","ast-page-background-enabled":"default","ast-page-background-meta":{"desktop":{"background-color":"var(--ast-global-color-4)","background-image":"","background-repeat":"repeat","background-position":"center center","background-size":"auto","background-attachment":"scroll","background-type":"","background-media":"","overlay-type":"","overlay-color":"","overlay-opacity":"","overlay-gradient":""},"tablet":{"background-color":"","background-image":"","background-repeat":"repeat","background-position":"center center","background-size":"auto","background-attachment":"scroll","background-type":"","background-media":"","overlay-type":"","overlay-color":"","overlay-opacity":"","overlay-gradient":""},"mobile":{"background-color":"","background-image":"","background-repeat":"repeat","background-position":"center center","background-size":"auto","background-attachment":"scroll","background-type":"","background-media":"","overlay-type":"","overlay-color":"","overlay-opacity":"","overlay-gradient":""}},"ast-content-background-meta":{"desktop":{"background-color":"var(--ast-global-color-5)","background-image":"","background-repeat":"repeat","background-position":"center center","background-size":"auto","background-attachment":"scroll","background-type":"","background-media":"","overlay-type":"","overlay-color":"","overlay-opacity":"","overlay-gradient":""},"tablet":{"background-color":"var(--ast-global-color-5)","background-image":"","background-repeat":"repeat","background-position":"center center","background-size":"auto","background-attachment":"scroll","background-type":"","background-media":"","overlay-type":"","overlay-color":"","overlay-opacity":"","overlay-gradient":""},"mobile":{"background-color":"var(--ast-global-color-5)","background-image":"","background-repeat":"repeat","background-position":"center center","background-size":"auto","background-attachment":"scroll","background-type":"","background-media":"","overlay-type":"","overlay-color":"","overlay-opacity":"","overlay-gradient":""}}},"product_brand":[],"product_cat":[152],"product_tag":[996,1005,1004,994,1000,1006,998,1010,999,1008,1002,997,990,991,992,1009,993,1003,995,1001,1007],"class_list":{"0":"post-2803","1":"product","2":"type-product","3":"status-publish","4":"has-post-thumbnail","6":"product_cat-sapphire","7":"product_tag-al2o3-sapphire","8":"product_tag-anti-reflective-watch-crystal","9":"product_tag-ar-coating-sapphire","10":"product_tag-colored-sapphire-crystal","11":"product_tag-curved-watch-crystal","12":"product_tag-custom-sapphire-glass","13":"product_tag-custom-watch-crystal","14":"product_tag-decorative-sapphire-crystal","15":"product_tag-domed-sapphire-crystal","16":"product_tag-high-end-watch-components","17":"product_tag-high-hardness-crystal","18":"product_tag-luxury-watch-glass","19":"product_tag-pigeon-blood-red-sapphire","20":"product_tag-red-sapphire-watch-crystal","21":"product_tag-ruby-watch-crystal","22":"product_tag-sapphire-optics","23":"product_tag-sapphire-watch-crystal","24":"product_tag-scratch-resistant-watch-glass","25":"product_tag-synthetic-ruby-crystal","26":"product_tag-tinted-sapphire-glass","27":"product_tag-watch-crystal-manufacturer","28":"desktop-align-left","29":"tablet-align-left","30":"mobile-align-left","31":"ast-product-gallery-layout-horizontal","32":"ast-product-tabs-layout-horizontal","34":"first","35":"instock","36":"shipping-taxable","37":"product-type-simple"},"_links":{"self":[{"href":"https:\/\/www.fuyao-quartz.com\/cs\/wp-json\/wp\/v2\/product\/2803","targetHints":{"allow":["GET"]}}],"collection":[{"href":"https:\/\/www.fuyao-quartz.com\/cs\/wp-json\/wp\/v2\/product"}],"about":[{"href":"https:\/\/www.fuyao-quartz.com\/cs\/wp-json\/wp\/v2\/types\/product"}],"replies":[{"embeddable":true,"href":"https:\/\/www.fuyao-quartz.com\/cs\/wp-json\/wp\/v2\/comments?post=2803"}],"version-history":[{"count":1,"href":"https:\/\/www.fuyao-quartz.com\/cs\/wp-json\/wp\/v2\/product\/2803\/revisions"}],"predecessor-version":[{"id":2810,"href":"https:\/\/www.fuyao-quartz.com\/cs\/wp-json\/wp\/v2\/product\/2803\/revisions\/2810"}],"wp:featuredmedia":[{"embeddable":true,"href":"https:\/\/www.fuyao-quartz.com\/cs\/wp-json\/wp\/v2\/media\/2804"}],"wp:attachment":[{"href":"https:\/\/www.fuyao-quartz.com\/cs\/wp-json\/wp\/v2\/media?parent=2803"}],"wp:term":[{"taxonomy":"product_brand","embeddable":true,"href":"https:\/\/www.fuyao-quartz.com\/cs\/wp-json\/wp\/v2\/product_brand?post=2803"},{"taxonomy":"product_cat","embeddable":true,"href":"https:\/\/www.fuyao-quartz.com\/cs\/wp-json\/wp\/v2\/product_cat?post=2803"},{"taxonomy":"product_tag","embeddable":true,"href":"https:\/\/www.fuyao-quartz.com\/cs\/wp-json\/wp\/v2\/product_tag?post=2803"}],"curies":[{"name":"wp","href":"https:\/\/api.w.org\/{rel}","templated":true}]}}