{"id":2793,"date":"2026-04-28T07:20:30","date_gmt":"2026-04-28T07:20:30","guid":{"rendered":"https:\/\/www.fuyao-quartz.com\/?post_type=product&#038;p=2793"},"modified":"2026-04-28T07:20:33","modified_gmt":"2026-04-28T07:20:33","slug":"sapphire-tubes-high-purity-single-crystal-al%e2%82%82o%e2%82%83-for-high-temperature-and-optical-use","status":"publish","type":"product","link":"https:\/\/www.fuyao-quartz.com\/cs\/product\/sapphire-tubes-high-purity-single-crystal-al%e2%82%82o%e2%82%83-for-high-temperature-and-optical-use\/","title":{"rendered":"Saf\u00edrov\u00e9 trubice Vysoce \u010dist\u00fd monokrystal Al\u2082O\u2083 pro vysokoteplotn\u00ed a optick\u00e9 pou\u017eit\u00ed"},"content":{"rendered":"<p data-start=\"171\" data-end=\"579\"><img fetchpriority=\"high\" decoding=\"async\" class=\"wp-image-2798 alignright\" src=\"https:\/\/www.fuyao-quartz.com\/wp-content\/uploads\/2026\/04\/Sapphire-Tubes-High-Purity-Single-Crystal-Al\u2082O\u2083-for-High-Temperature-and-Optical-Use-2-1-300x300.png\" alt=\"\" width=\"279\" height=\"279\" srcset=\"\" sizes=\"(max-width: 279px) 100vw, 279px\" data-srcset=\"\" \/>Saf\u00edrov\u00e9 trubice jsou modern\u00ed trubicov\u00e9 komponenty vyroben\u00e9 z vysoce \u010dist\u00e9ho monokrystalu oxidu hlinit\u00e9ho (<span class=\"hover:entity-accent entity-underline inline cursor-pointer align-baseline\"><span class=\"whitespace-normal\">Saf\u00edr (monokrystal Al\u2082O\u2083)<\/span><\/span>). D\u00edky kombinaci v\u00fdjime\u010dn\u00e9 mechanick\u00e9 pevnosti, extr\u00e9mn\u00ed tepeln\u00e9 odolnosti a \u0161irok\u00e9 optick\u00e9 pr\u016fhlednosti se saf\u00edrov\u00e9 trubice \u0161iroce pou\u017e\u00edvaj\u00ed v n\u00e1ro\u010dn\u00fdch prost\u0159ed\u00edch, kde b\u011b\u017en\u00e9 materi\u00e1ly, jako je k\u0159emen, sklo nebo oxid hlinit\u00fd, nemohou splnit po\u017eadavky na v\u00fdkon.<\/p>\n<p data-start=\"581\" data-end=\"900\">D\u00edky sv\u00e9 jedine\u010dn\u00e9 krystalov\u00e9 struktu\u0159e maj\u00ed saf\u00edrov\u00e9 trubice vynikaj\u00edc\u00ed odolnost, chemickou inertnost a rozm\u011brovou st\u00e1lost i v n\u00e1ro\u010dn\u00fdch provozn\u00edch podm\u00ednk\u00e1ch. D\u00edky t\u011bmto vlastnostem jsou z\u00e1kladn\u00edm materi\u00e1lem pro zpracov\u00e1n\u00ed polovodi\u010d\u016f, vysokoteplotn\u00ed pece, optick\u00e9 syst\u00e9my a analytick\u00e9 p\u0159\u00edstroje.<\/p>\n<hr data-start=\"902\" data-end=\"905\" \/>\n<h2 data-section-id=\"1yz4sp2\" data-start=\"907\" data-end=\"927\">Hlavn\u00ed v\u00fdhody<\/h2>\n<h3 data-section-id=\"y8ctbf\" data-start=\"929\" data-end=\"968\"><img decoding=\"async\" class=\"wp-image-2799 alignright\" src=\"https:\/\/www.fuyao-quartz.com\/wp-content\/uploads\/2026\/04\/Sapphire-Tubes-High-Purity-Single-Crystal-Al\u2082O\u2083-for-High-Temperature-and-Optical-Use-1-1-300x300.png\" alt=\"\" width=\"268\" height=\"268\" srcset=\"\" sizes=\"(max-width: 268px) 100vw, 268px\" data-srcset=\"\" \/>1. V\u00fdjime\u010dn\u00e1 tepeln\u00e1 odolnost<\/h3>\n<p data-start=\"969\" data-end=\"1304\">Saf\u00edr m\u00e1 teplotu t\u00e1n\u00ed p\u0159ibli\u017en\u011b 2050 \u00b0C a zachov\u00e1v\u00e1 si vynikaj\u00edc\u00ed strukturn\u00ed stabilitu p\u0159i extr\u00e9mn\u00edch teplot\u00e1ch. Saf\u00edrov\u00e9 trubice mohou nep\u0159etr\u017eit\u011b pracovat v prost\u0159ed\u00ed s vysok\u00fdmi teplotami (a\u017e ~2000 \u00b0C ve vakuu nebo inertn\u00ed atmosf\u00e9\u0159e), co\u017e je ide\u00e1ln\u00ed pro pecn\u00ed syst\u00e9my, tepeln\u00e9 zpracov\u00e1n\u00ed a vysokoenergetick\u00e9 aplikace.<\/p>\n<h3 data-section-id=\"10kmn1a\" data-start=\"1306\" data-end=\"1356\">2. Vynikaj\u00edc\u00ed mechanick\u00e1 pevnost a tvrdost<\/h3>\n<p data-start=\"1357\" data-end=\"1641\">S tvrdost\u00ed 9 podle Mohse je saf\u00edr jedn\u00edm z nejtvrd\u0161\u00edch dostupn\u00fdch technick\u00fdch materi\u00e1l\u016f. Saf\u00edrov\u00e9 trubky vykazuj\u00ed vynikaj\u00edc\u00ed odolnost proti opot\u0159eben\u00ed, po\u0161kr\u00e1b\u00e1n\u00ed a dlouhou \u017eivotnost, \u010d\u00edm\u017e v\u00fdrazn\u011b p\u0159ekon\u00e1vaj\u00ed k\u0159emenn\u00e9 a keramick\u00e9 alternativy v abrazivn\u00edm prost\u0159ed\u00ed nebo v prost\u0159ed\u00ed s vysok\u00fdm zat\u00ed\u017een\u00edm.<\/p>\n<h3 data-section-id=\"1ghoehn\" data-start=\"1643\" data-end=\"1678\">3. \u0160irok\u00fd optick\u00fd p\u0159enos<\/h3>\n<p data-start=\"1679\" data-end=\"1948\">Saf\u00edrov\u00e9 trubice poskytuj\u00ed vynikaj\u00edc\u00ed optickou propustnost v \u0161irok\u00e9m spektr\u00e1ln\u00edm rozsahu od ultrafialov\u00e9 (UV) a\u017e po infra\u010dervenou (IR) oblast (p\u0159ibli\u017en\u011b 200-5000 nm). D\u00edky tomu jsou vhodn\u00e9 pro optick\u00e9 ochrann\u00e9 trubice, laserov\u00e9 syst\u00e9my, ob\u00e1lky lamp a spektroskopick\u00e9 aplikace.<\/p>\n<h3 data-section-id=\"1yihbeh\" data-start=\"1950\" data-end=\"1987\">4. Vynikaj\u00edc\u00ed chemick\u00e1 stabilita<\/h3>\n<p data-start=\"1988\" data-end=\"2201\">Saf\u00edr je vysoce odoln\u00fd v\u016f\u010di kyselin\u00e1m, z\u00e1sad\u00e1m a korozivn\u00edm plyn\u016fm. Z\u016fst\u00e1v\u00e1 stabiln\u00ed v agresivn\u00edch chemick\u00fdch a plazmov\u00fdch prost\u0159ed\u00edch, tak\u017ee je vhodn\u00fd pro syst\u00e9my zpracov\u00e1n\u00ed polovodi\u010d\u016f a chemick\u00e9 anal\u00fdzy.<\/p>\n<h3 data-section-id=\"ewkvkd\" data-start=\"2203\" data-end=\"2238\">5. Vysok\u00e1 elektrick\u00e1 izolace<\/h3>\n<p data-start=\"2239\" data-end=\"2402\">Jako dielektrick\u00fd materi\u00e1l m\u00e1 saf\u00edr vynikaj\u00edc\u00ed elektrick\u00e9 izola\u010dn\u00ed vlastnosti, tak\u017ee je ide\u00e1ln\u00ed pro pou\u017eit\u00ed ve vysokonap\u011b\u0165ov\u00fdch nebo vysokofrekven\u010dn\u00edch elektronick\u00fdch syst\u00e9mech.<\/p>\n<hr data-start=\"2404\" data-end=\"2407\" \/>\n<h2 data-section-id=\"58xi60\" data-start=\"2409\" data-end=\"2438\">Technick\u00e9 specifikace<\/h2>\n<div class=\"TyagGW_tableContainer\">\n<div class=\"group TyagGW_tableWrapper flex flex-col-reverse w-fit\" tabindex=\"-1\">\n<table class=\"w-fit min-w-(--thread-content-width)\" data-start=\"2440\" data-end=\"2790\">\n<thead data-start=\"2440\" data-end=\"2469\">\n<tr data-start=\"2440\" data-end=\"2469\">\n<th class=\"\" data-start=\"2440\" data-end=\"2452\" data-col-size=\"sm\">Parametr<\/th>\n<th class=\"\" data-start=\"2452\" data-end=\"2469\" data-col-size=\"sm\">Specifikace<\/th>\n<\/tr>\n<\/thead>\n<tbody data-start=\"2499\" data-end=\"2790\">\n<tr data-start=\"2499\" data-end=\"2545\">\n<td data-start=\"2499\" data-end=\"2510\" data-col-size=\"sm\">Materi\u00e1l<\/td>\n<td data-col-size=\"sm\" data-start=\"2510\" data-end=\"2545\">Monokrystal Al\u2082O\u2083 (saf\u00edr)<\/td>\n<\/tr>\n<tr data-start=\"2546\" data-end=\"2567\">\n<td data-start=\"2546\" data-end=\"2555\" data-col-size=\"sm\">Purity<\/td>\n<td data-col-size=\"sm\" data-start=\"2555\" data-end=\"2567\">\u2265 99.99%<\/td>\n<\/tr>\n<tr data-start=\"2568\" data-end=\"2604\">\n<td data-start=\"2568\" data-end=\"2585\" data-col-size=\"sm\">Vn\u011bj\u0161\u00ed pr\u016fm\u011br<\/td>\n<td data-col-size=\"sm\" data-start=\"2585\" data-end=\"2604\">0,5 mm - 200 mm<\/td>\n<\/tr>\n<tr data-start=\"2605\" data-end=\"2641\">\n<td data-start=\"2605\" data-end=\"2622\" data-col-size=\"sm\">Vnit\u0159n\u00ed pr\u016fm\u011br<\/td>\n<td data-col-size=\"sm\" data-start=\"2622\" data-end=\"2641\">0,2 mm - 180 mm<\/td>\n<\/tr>\n<tr data-start=\"2642\" data-end=\"2668\">\n<td data-start=\"2642\" data-end=\"2651\" data-col-size=\"sm\">D\u00e9lka<\/td>\n<td data-col-size=\"sm\" data-start=\"2651\" data-end=\"2668\">Do 1200 mm<\/td>\n<\/tr>\n<tr data-start=\"2669\" data-end=\"2709\">\n<td data-start=\"2669\" data-end=\"2692\" data-col-size=\"sm\">Optick\u00fd p\u0159enos<\/td>\n<td data-col-size=\"sm\" data-start=\"2692\" data-end=\"2709\">200 - 5000 nm<\/td>\n<\/tr>\n<tr data-start=\"2710\" data-end=\"2768\">\n<td data-start=\"2710\" data-end=\"2732\" data-col-size=\"sm\">Pracovn\u00ed teplota<\/td>\n<td data-col-size=\"sm\" data-start=\"2732\" data-end=\"2768\">A\u017e do ~2000 \u00b0C (vakuum\/inertn\u00ed plyn)<\/td>\n<\/tr>\n<tr data-start=\"2769\" data-end=\"2790\">\n<td data-start=\"2769\" data-end=\"2780\" data-col-size=\"sm\">Tvrdost<\/td>\n<td data-col-size=\"sm\" data-start=\"2780\" data-end=\"2790\">Mohs 9<\/td>\n<\/tr>\n<\/tbody>\n<\/table>\n<\/div>\n<\/div>\n<hr data-start=\"2792\" data-end=\"2795\" \/>\n<h2 data-section-id=\"1svz4ra\" data-start=\"2797\" data-end=\"2822\">Typick\u00e9 aplikace<\/h2>\n<h3 data-section-id=\"127s61j\" data-start=\"2824\" data-end=\"2852\">Polovodi\u010dov\u00fd pr\u016fmysl<\/h3>\n<p data-start=\"2853\" data-end=\"2999\">Pou\u017e\u00edvaj\u00ed se jako procesn\u00ed trubky, ochrann\u00e9 obaly, sou\u010d\u00e1sti pro manipulaci s desti\u010dkami a izola\u010dn\u00ed sou\u010d\u00e1sti v za\u0159\u00edzen\u00edch pro epitaxi, dif\u00fazi a plazmov\u00e9 zpracov\u00e1n\u00ed.<\/p>\n<h3 data-section-id=\"bf6m2f\" data-start=\"3001\" data-end=\"3039\">Vysokoteplotn\u00ed pecn\u00ed syst\u00e9my<\/h3>\n<p data-start=\"3040\" data-end=\"3160\">\u0160iroce se pou\u017e\u00edvaj\u00ed jako ochrann\u00e9 trubky termo\u010dl\u00e1nk\u016f, pozorovac\u00ed trubky a konstruk\u010dn\u00ed prvky v extr\u00e9mn\u00edch tepeln\u00fdch prost\u0159ed\u00edch.<\/p>\n<h3 data-section-id=\"17dgta\" data-start=\"3162\" data-end=\"3193\">Optick\u00e9 a laserov\u00e9 syst\u00e9my<\/h3>\n<p data-start=\"3194\" data-end=\"3311\">Pou\u017e\u00edv\u00e1 se v ochrann\u00fdch trubic\u00edch laseru, optick\u00fdch p\u0159enosov\u00fdch cest\u00e1ch, obalech lamp a vysoce p\u0159esn\u00fdch optick\u00fdch sestav\u00e1ch.<\/p>\n<h3 data-section-id=\"1qa6ips\" data-start=\"3313\" data-end=\"3356\">Analytick\u00e9 a v\u011bdeck\u00e9 p\u0159\u00edstroje<\/h3>\n<p data-start=\"3357\" data-end=\"3483\">Pou\u017e\u00edv\u00e1 se ve spektroskopick\u00fdch syst\u00e9mech, komor\u00e1ch pro chemickou anal\u00fdzu a laboratorn\u00edch za\u0159\u00edzen\u00edch vy\u017eaduj\u00edc\u00edch pr\u016fhlednost a odolnost.<\/p>\n<h3 data-section-id=\"aw8mwu\" data-start=\"3485\" data-end=\"3528\">Pr\u016fmyslov\u00e9 a leteck\u00e9 aplikace<\/h3>\n<p data-start=\"3529\" data-end=\"3633\">Vhodn\u00e9 pro n\u00e1ro\u010dn\u00e9 prost\u0159ed\u00ed s vysokou teplotou, mechanick\u00fdm nam\u00e1h\u00e1n\u00edm a korozivn\u00edmi podm\u00ednkami.<\/p>\n<hr data-start=\"3635\" data-end=\"3638\" \/>\n<h2 data-section-id=\"f4a4hh\" data-start=\"3640\" data-end=\"3687\">KY vs EFG Sapphire Tubes (hlavn\u00ed rozd\u00edly)<\/h2>\n<p data-start=\"3689\" data-end=\"3873\">Saf\u00edrov\u00e9 trubice se vyr\u00e1b\u011bj\u00ed p\u0159edev\u0161\u00edm dv\u011bma zp\u016fsoby: Kyropoulos (KY) a Edge-Defined Film-Fed Growth (EFG). Ka\u017ed\u00e1 z nich m\u00e1 odli\u0161n\u00e9 v\u00fdhody v z\u00e1vislosti na po\u017eadavc\u00edch aplikace.<\/p>\n<div class=\"TyagGW_tableContainer\">\n<div class=\"group TyagGW_tableWrapper flex flex-col-reverse w-fit\" tabindex=\"-1\">\n<table class=\"w-fit min-w-(--thread-content-width)\" data-start=\"3875\" data-end=\"4440\">\n<thead data-start=\"3875\" data-end=\"3924\">\n<tr data-start=\"3875\" data-end=\"3924\">\n<th class=\"\" data-start=\"3875\" data-end=\"3884\" data-col-size=\"sm\">Aspekt<\/th>\n<th class=\"\" data-start=\"3884\" data-end=\"3903\" data-col-size=\"sm\">KY Sapphire Tube<\/th>\n<th class=\"\" data-start=\"3903\" data-end=\"3924\" data-col-size=\"sm\">EFG Sapphire Tube<\/th>\n<\/tr>\n<\/thead>\n<tbody data-start=\"3972\" data-end=\"4440\">\n<tr data-start=\"3972\" data-end=\"4064\">\n<td data-start=\"3972\" data-end=\"3995\" data-col-size=\"sm\">V\u00fdrobn\u00ed metoda<\/td>\n<td data-start=\"3995\" data-end=\"4030\" data-col-size=\"sm\">Vyrobeno z hromadn\u011b p\u011bstovan\u00e9ho k\u0159i\u0161\u0165\u00e1lu<\/td>\n<td data-start=\"4030\" data-end=\"4064\" data-col-size=\"sm\">P\u0159\u00edmo vyp\u011bstovan\u00e9 do tvaru trubky<\/td>\n<\/tr>\n<tr data-start=\"4065\" data-end=\"4130\">\n<td data-start=\"4065\" data-end=\"4083\" data-col-size=\"sm\">K\u0159i\u0161\u0165\u00e1lov\u00e1 kvalita<\/td>\n<td data-start=\"4083\" data-end=\"4118\" data-col-size=\"sm\">Vy\u0161\u0161\u00ed (n\u00edzk\u00fd po\u010det vad, n\u00edzk\u00e9 nap\u011bt\u00ed)<\/td>\n<td data-start=\"4118\" data-end=\"4130\" data-col-size=\"sm\">M\u00edrn\u00e1<\/td>\n<\/tr>\n<tr data-start=\"4131\" data-end=\"4187\">\n<td data-start=\"4131\" data-end=\"4153\" data-col-size=\"sm\">Optick\u00fd v\u00fdkon<\/td>\n<td data-start=\"4153\" data-end=\"4179\" data-col-size=\"sm\">\u0645\u0645\u062a\u0627\u0632 (vysok\u00e1 rovnom\u011brnost)<\/td>\n<td data-start=\"4179\" data-end=\"4187\" data-col-size=\"sm\">Dobr\u00fd<\/td>\n<\/tr>\n<tr data-start=\"4188\" data-end=\"4231\">\n<td data-start=\"4188\" data-end=\"4210\" data-col-size=\"sm\">Mechanick\u00e1 pevnost<\/td>\n<td data-start=\"4210\" data-end=\"4219\" data-col-size=\"sm\">Vy\u0161\u0161\u00ed<\/td>\n<td data-start=\"4219\" data-end=\"4231\" data-col-size=\"sm\">M\u00edrn\u00e1<\/td>\n<\/tr>\n<tr data-start=\"4232\" data-end=\"4316\">\n<td data-start=\"4232\" data-end=\"4258\" data-col-size=\"sm\">Rozm\u011brov\u00e1 flexibilita<\/td>\n<td data-start=\"4258\" data-end=\"4287\" data-col-size=\"sm\">Vysok\u00e1 (p\u0159esn\u00e9 obr\u00e1b\u011bn\u00ed)<\/td>\n<td data-start=\"4287\" data-end=\"4316\" data-col-size=\"sm\">Omezeno r\u016fstov\u00fdm procesem<\/td>\n<\/tr>\n<tr data-start=\"4317\" data-end=\"4356\">\n<td data-start=\"4317\" data-end=\"4324\" data-col-size=\"sm\">N\u00e1klady<\/td>\n<td data-start=\"4324\" data-end=\"4333\" data-col-size=\"sm\">Vy\u0161\u0161\u00ed<\/td>\n<td data-start=\"4333\" data-end=\"4356\" data-col-size=\"sm\">V\u00edce n\u00e1kladov\u011b efektivn\u00ed<\/td>\n<\/tr>\n<tr data-start=\"4357\" data-end=\"4440\">\n<td data-start=\"4357\" data-end=\"4371\" data-col-size=\"sm\">Typick\u00e9 pou\u017eit\u00ed<\/td>\n<td data-start=\"4371\" data-end=\"4404\" data-col-size=\"sm\">\u0160pi\u010dkov\u00e1 optika, polovodi\u010de<\/td>\n<td data-start=\"4404\" data-end=\"4440\" data-col-size=\"sm\">Pr\u016fmyslov\u00e9, v\u0161eobecn\u00e9 aplikace<\/td>\n<\/tr>\n<\/tbody>\n<\/table>\n<\/div>\n<\/div>\n<p data-start=\"4442\" data-end=\"4456\"><strong data-start=\"4442\" data-end=\"4454\">Shrnut\u00ed:<\/strong><\/p>\n<ul data-start=\"4457\" data-end=\"4633\">\n<li data-section-id=\"1jqbj60\" data-start=\"4457\" data-end=\"4542\">Zaf\u00edrov\u00e9 trubice KY jsou preferov\u00e1ny pro vysoce p\u0159esn\u00e9 a v\u00fdkonn\u00e9 aplikace.<\/li>\n<li data-section-id=\"wswut5\" data-start=\"4543\" data-end=\"4633\">Saf\u00edrov\u00e9 trubice EFG jsou vhodn\u011bj\u0161\u00ed pro n\u00e1kladov\u011b citliv\u00e9 a rozs\u00e1hl\u00e9 pr\u016fmyslov\u00e9 pou\u017eit\u00ed.<\/li>\n<\/ul>\n<hr data-start=\"4635\" data-end=\"4638\" \/>\n<h2 data-section-id=\"b0ncmg\" data-start=\"4640\" data-end=\"4666\"><img decoding=\"async\" class=\"size-medium wp-image-2801 alignright\" src=\"https:\/\/www.fuyao-quartz.com\/wp-content\/uploads\/2026\/04\/Sapphire-Tubes-High-Purity-Single-Crystal-Al\u2082O\u2083-for-High-Temperature-and-Optical-Use-4-300x300.png\" alt=\"\" width=\"300\" height=\"300\" srcset=\"\" sizes=\"(max-width: 300px) 100vw, 300px\" data-srcset=\"\" \/>Mo\u017enosti p\u0159izp\u016fsoben\u00ed<\/h2>\n<p data-start=\"4668\" data-end=\"4749\">Saf\u00edrov\u00e9 trubice lze p\u0159izp\u016fsobit specifick\u00fdm aplika\u010dn\u00edm pot\u0159eb\u00e1m, v\u010detn\u011b:<\/p>\n<ul data-start=\"4750\" data-end=\"5033\">\n<li data-section-id=\"1mgdjle\" data-start=\"4750\" data-end=\"4796\">P\u0159esn\u00e1 kontrola vn\u011bj\u0161\u00edho a vnit\u0159n\u00edho pr\u016fm\u011bru<\/li>\n<li data-section-id=\"1yv7fkk\" data-start=\"4797\" data-end=\"4835\">P\u0159izp\u016fsoben\u00ed d\u00e9lky a\u017e do 1200 mm<\/li>\n<li data-section-id=\"v93hdo\" data-start=\"4836\" data-end=\"4893\">Povrchov\u00e1 \u00faprava: jako rostl\u00fd, brou\u0161en\u00fd nebo opticky le\u0161t\u011bn\u00fd<\/li>\n<li data-section-id=\"123oyaj\" data-start=\"4894\" data-end=\"4932\">Jednostrann\u00e9 nebo oboustrann\u00e9 le\u0161t\u011bn\u00ed<\/li>\n<li data-section-id=\"ft1egz\" data-start=\"4933\" data-end=\"4979\">Orientace krystalu (osa C, osa A atd.)<\/li>\n<li data-section-id=\"126dwpl\" data-start=\"4980\" data-end=\"5033\">P\u0159\u00edsn\u00e1 kontrola tolerance pro kritick\u00e9 aplikace<\/li>\n<\/ul>\n<h2 data-section-id=\"x9bttf\" data-start=\"5549\" data-end=\"5557\">\u010cASTO KLADEN\u00c9 DOTAZY<\/h2>\n<p data-start=\"5559\" data-end=\"5812\"><strong data-start=\"5559\" data-end=\"5632\">Ot\u00e1zka 1: Jak\u00e9 jsou hlavn\u00ed v\u00fdhody saf\u00edrov\u00fdch trubic oproti k\u0159emenn\u00fdm trubic\u00edm?<\/strong><br data-start=\"5632\" data-end=\"5635\" \/>A1: Saf\u00edrov\u00e9 trubice nab\u00edzej\u00ed v\u00fdrazn\u011b vy\u0161\u0161\u00ed tvrdost, lep\u0161\u00ed tepelnou stabilitu, vynikaj\u00edc\u00ed chemickou odolnost a \u0161ir\u0161\u00ed optickou propustnost, zejm\u00e9na v n\u00e1ro\u010dn\u00fdch podm\u00ednk\u00e1ch.<\/p>\n<p data-start=\"5814\" data-end=\"6054\"><strong data-start=\"5814\" data-end=\"5888\">Ot\u00e1zka 2: Lze saf\u00edrov\u00e9 trubice pou\u017e\u00edvat v prost\u0159ed\u00ed s velmi vysokou teplotou?<\/strong><br data-start=\"5888\" data-end=\"5891\" \/>A2: Ano. Saf\u00edrov\u00e9 trubice mohou pracovat p\u0159i teplot\u00e1ch bl\u00ed\u017e\u00edc\u00edch se 2000 \u00b0C ve vakuu nebo v inertn\u00edm plynu, tak\u017ee jsou vhodn\u00e9 pro extr\u00e9mn\u00ed tepeln\u00e9 aplikace.<\/p>\n<p data-start=\"6056\" data-end=\"6283\" data-is-last-node=\"\" data-is-only-node=\"\"><strong data-start=\"6056\" data-end=\"6106\">Ot\u00e1zka 3: Co je lep\u0161\u00ed, KY nebo saf\u00edrov\u00e9 trubice EFG?<\/strong><br data-start=\"6106\" data-end=\"6109\" \/>A3: Zaf\u00edrov\u00e9 trubice KY poskytuj\u00ed vy\u0161\u0161\u00ed kvalitu krystalu a jsou ide\u00e1ln\u00ed pro \u0161pi\u010dkov\u00e9 aplikace, zat\u00edmco trubice EFG jsou cenov\u011b v\u00fdhodn\u011bj\u0161\u00ed a vhodn\u00e9 pro v\u0161eobecn\u00e9 pr\u016fmyslov\u00e9 pou\u017eit\u00ed.<\/p>","protected":false},"excerpt":{"rendered":"<p>Saf\u00edrov\u00e9 trubice p\u0159edstavuj\u00ed \u0161pi\u010dkov\u00e9 \u0159e\u0161en\u00ed pro aplikace vy\u017eaduj\u00edc\u00ed kombinaci vysok\u00e9 teplotn\u00ed odolnosti, optick\u00e9 pr\u016fhlednosti, mechanick\u00e9 pevnosti a chemick\u00e9 stability. A\u0165 u\u017e se pou\u017e\u00edvaj\u00ed p\u0159i v\u00fdrob\u011b polovodi\u010d\u016f, v optick\u00fdch syst\u00e9mech nebo v extr\u00e9mn\u00edch pr\u016fmyslov\u00fdch prost\u0159ed\u00edch, saf\u00edrov\u00e9 trubice poskytuj\u00ed spolehliv\u00fd v\u00fdkon tam, kde tradi\u010dn\u00ed materi\u00e1ly selh\u00e1vaj\u00ed. D\u00edky tomu, \u017ee jsou k dispozici v\u00fdrobn\u00ed varianty KY i EFG, si u\u017eivatel\u00e9 mohou vybrat optim\u00e1ln\u00ed pom\u011br mezi v\u00fdkonem a n\u00e1klady.<\/p>","protected":false},"featured_media":2801,"comment_status":"open","ping_status":"closed","template":"","meta":{"site-sidebar-layout":"default","site-content-layout":"","ast-site-content-layout":"default","site-content-style":"default","site-sidebar-style":"default","ast-global-header-display":"","ast-banner-title-visibility":"","ast-main-header-display":"","ast-hfb-above-header-display":"","ast-hfb-below-header-display":"","ast-hfb-mobile-header-display":"","site-post-title":"","ast-breadcrumbs-content":"","ast-featured-img":"","footer-sml-layout":"","ast-disable-related-posts":"","theme-transparent-header-meta":"default","adv-header-id-meta":"","stick-header-meta":"default","header-above-stick-meta":"","header-main-stick-meta":"","header-below-stick-meta":"","astra-migrate-meta-layouts":"set","ast-page-background-enabled":"default","ast-page-background-meta":{"desktop":{"background-color":"var(--ast-global-color-4)","background-image":"","background-repeat":"repeat","background-position":"center center","background-size":"auto","background-attachment":"scroll","background-type":"","background-media":"","overlay-type":"","overlay-color":"","overlay-opacity":"","overlay-gradient":""},"tablet":{"background-color":"","background-image":"","background-repeat":"repeat","background-position":"center center","background-size":"auto","background-attachment":"scroll","background-type":"","background-media":"","overlay-type":"","overlay-color":"","overlay-opacity":"","overlay-gradient":""},"mobile":{"background-color":"","background-image":"","background-repeat":"repeat","background-position":"center center","background-size":"auto","background-attachment":"scroll","background-type":"","background-media":"","overlay-type":"","overlay-color":"","overlay-opacity":"","overlay-gradient":""}},"ast-content-background-meta":{"desktop":{"background-color":"var(--ast-global-color-5)","background-image":"","background-repeat":"repeat","background-position":"center center","background-size":"auto","background-attachment":"scroll","background-type":"","background-media":"","overlay-type":"","overlay-color":"","overlay-opacity":"","overlay-gradient":""},"tablet":{"background-color":"var(--ast-global-color-5)","background-image":"","background-repeat":"repeat","background-position":"center center","background-size":"auto","background-attachment":"scroll","background-type":"","background-media":"","overlay-type":"","overlay-color":"","overlay-opacity":"","overlay-gradient":""},"mobile":{"background-color":"var(--ast-global-color-5)","background-image":"","background-repeat":"repeat","background-position":"center center","background-size":"auto","background-attachment":"scroll","background-type":"","background-media":"","overlay-type":"","overlay-color":"","overlay-opacity":"","overlay-gradient":""}}},"product_brand":[],"product_cat":[152],"product_tag":[969,983,984,989,974,972,976,985,970,975,988,987,971,973,980,978,982,967,966,981,968,977,979,986],"class_list":{"0":"post-2793","1":"product","2":"type-product","3":"status-publish","4":"has-post-thumbnail","6":"product_cat-sapphire","7":"product_tag-al2o3-tube","8":"product_tag-chemical-resistant-tube","9":"product_tag-corrosion-resistant-material","10":"product_tag-custom-sapphire-tube","11":"product_tag-edge-defined-film-fed-growth","12":"product_tag-efg-sapphire-tube","13":"product_tag-furnace-tube","14":"product_tag-high-hardness-ceramic","15":"product_tag-high-purity-sapphire","16":"product_tag-high-temperature-tube","17":"product_tag-industrial-sapphire","18":"product_tag-insulating-tube","19":"product_tag-ky-sapphire-tube","20":"product_tag-kyropoulos-sapphire","21":"product_tag-laser-tube","22":"product_tag-optical-sapphire-tube","23":"product_tag-plasma-resistant-tube","24":"product_tag-sapphire-tube","25":"product_tag-sapphire-tubes","26":"product_tag-semiconductor-process-tube","27":"product_tag-single-crystal-sapphire","28":"product_tag-thermocouple-protection-tube","29":"product_tag-uv-ir-transmission-tube","30":"product_tag-wear-resistant-tube","31":"desktop-align-left","32":"tablet-align-left","33":"mobile-align-left","34":"ast-product-gallery-layout-horizontal","35":"ast-product-tabs-layout-horizontal","37":"first","38":"instock","39":"shipping-taxable","40":"product-type-simple"},"_links":{"self":[{"href":"https:\/\/www.fuyao-quartz.com\/cs\/wp-json\/wp\/v2\/product\/2793","targetHints":{"allow":["GET"]}}],"collection":[{"href":"https:\/\/www.fuyao-quartz.com\/cs\/wp-json\/wp\/v2\/product"}],"about":[{"href":"https:\/\/www.fuyao-quartz.com\/cs\/wp-json\/wp\/v2\/types\/product"}],"replies":[{"embeddable":true,"href":"https:\/\/www.fuyao-quartz.com\/cs\/wp-json\/wp\/v2\/comments?post=2793"}],"version-history":[{"count":1,"href":"https:\/\/www.fuyao-quartz.com\/cs\/wp-json\/wp\/v2\/product\/2793\/revisions"}],"predecessor-version":[{"id":2802,"href":"https:\/\/www.fuyao-quartz.com\/cs\/wp-json\/wp\/v2\/product\/2793\/revisions\/2802"}],"wp:featuredmedia":[{"embeddable":true,"href":"https:\/\/www.fuyao-quartz.com\/cs\/wp-json\/wp\/v2\/media\/2801"}],"wp:attachment":[{"href":"https:\/\/www.fuyao-quartz.com\/cs\/wp-json\/wp\/v2\/media?parent=2793"}],"wp:term":[{"taxonomy":"product_brand","embeddable":true,"href":"https:\/\/www.fuyao-quartz.com\/cs\/wp-json\/wp\/v2\/product_brand?post=2793"},{"taxonomy":"product_cat","embeddable":true,"href":"https:\/\/www.fuyao-quartz.com\/cs\/wp-json\/wp\/v2\/product_cat?post=2793"},{"taxonomy":"product_tag","embeddable":true,"href":"https:\/\/www.fuyao-quartz.com\/cs\/wp-json\/wp\/v2\/product_tag?post=2793"}],"curies":[{"name":"wp","href":"https:\/\/api.w.org\/{rel}","templated":true}]}}