{"id":2755,"date":"2026-04-24T03:40:56","date_gmt":"2026-04-24T03:40:56","guid":{"rendered":"https:\/\/www.fuyao-quartz.com\/?post_type=product&#038;p=2755"},"modified":"2026-04-24T03:40:58","modified_gmt":"2026-04-24T03:40:58","slug":"custom-fused-quartz-plates-with-through-holes","status":"publish","type":"product","link":"https:\/\/www.fuyao-quartz.com\/cs\/product\/custom-fused-quartz-plates-with-through-holes\/","title":{"rendered":"Vlastn\u00ed taven\u00e9 k\u0159emenn\u00e9 desky s pr\u016fchoz\u00edmi otvory"},"content":{"rendered":"<p data-start=\"253\" data-end=\"586\"><img fetchpriority=\"high\" decoding=\"async\" class=\"alignright wp-image-2756 size-medium\" src=\"https:\/\/www.fuyao-quartz.com\/wp-content\/uploads\/2026\/04\/Custom-Fused-Quartz-Plates-with-Through-Holes-2-300x300.png\" alt=\"Vlastn\u00ed taven\u00e9 k\u0159emenn\u00e9 desky s pr\u016fchoz\u00edmi otvory\" width=\"300\" height=\"300\" srcset=\"https:\/\/www.fuyao-quartz.com\/wp-content\/uploads\/2026\/04\/Custom-Fused-Quartz-Plates-with-Through-Holes-2-300x300.png 300w, https:\/\/www.fuyao-quartz.com\/wp-content\/uploads\/2026\/04\/Custom-Fused-Quartz-Plates-with-Through-Holes-2-150x150.png 150w, https:\/\/www.fuyao-quartz.com\/wp-content\/uploads\/2026\/04\/Custom-Fused-Quartz-Plates-with-Through-Holes-2-768x768.png 768w, https:\/\/www.fuyao-quartz.com\/wp-content\/uploads\/2026\/04\/Custom-Fused-Quartz-Plates-with-Through-Holes-2-12x12.png 12w, https:\/\/www.fuyao-quartz.com\/wp-content\/uploads\/2026\/04\/Custom-Fused-Quartz-Plates-with-Through-Holes-2-600x600.png 600w, https:\/\/www.fuyao-quartz.com\/wp-content\/uploads\/2026\/04\/Custom-Fused-Quartz-Plates-with-Through-Holes-2-100x100.png 100w, https:\/\/www.fuyao-quartz.com\/wp-content\/uploads\/2026\/04\/Custom-Fused-Quartz-Plates-with-Through-Holes-2.png 1000w\" sizes=\"(max-width: 300px) 100vw, 300px\" \/>Taven\u00e9 k\u0159emenn\u00e9 desky na zak\u00e1zku s pr\u016fchoz\u00edmi otvory jsou vysoce p\u0159esn\u00e9 konstruk\u010dn\u00ed sou\u010d\u00e1sti vyroben\u00e9 z velmi \u010dist\u00e9ho oxidu k\u0159emi\u010dit\u00e9ho (SiO\u2082 &gt; 99,9%). Tyto desky jsou speci\u00e1ln\u011b navr\u017eeny pro pokro\u010dil\u00e9 pr\u016fmyslov\u00e9 a v\u011bdeck\u00e9 aplikace, kde je kritick\u00e1 tepeln\u00e1 stabilita, chemick\u00e1 odolnost a optick\u00fd v\u00fdkon.<\/p>\n<p data-start=\"588\" data-end=\"1033\">Na rozd\u00edl od standardn\u00edch sklen\u011bn\u00fdch materi\u00e1l\u016f nab\u00edz\u00ed taven\u00fd k\u0159emen jedine\u010dnou kombinaci n\u00edzk\u00e9 tepeln\u00e9 rozta\u017enosti, vysok\u00e9 teplotn\u00ed odolnosti a \u0161irok\u00e9 optick\u00e9 propustnosti, tak\u017ee je ide\u00e1ln\u00ed pro polovodi\u010de, fotoniku a laboratorn\u00ed syst\u00e9my. D\u00edky integraci p\u0159esn\u011b vyvrtan\u00fdch otvor\u016f umo\u017e\u0148uj\u00ed tyto k\u0159emenn\u00e9 desky \u0159\u00edzen\u00fd pr\u016ftok kapalin, distribuci plyn\u016f nebo optick\u00e9 vyrovn\u00e1n\u00ed, \u010d\u00edm\u017e se z pasivn\u00edch substr\u00e1t\u016f st\u00e1vaj\u00ed funk\u010dn\u00edmi sou\u010d\u00e1stmi syst\u00e9m\u016f.<\/p>\n<p data-start=\"1035\" data-end=\"1229\">Tyto produkty jsou k dispozici v r\u016fzn\u00fdch t\u0159\u00edd\u00e1ch, jako jsou JGS1, JGS2 a JGS3, a lze je p\u0159izp\u016fsobit tak, aby spl\u0148ovaly po\u017eadavky na r\u016fzn\u00e9 vlnov\u00e9 d\u00e9lky, od hlubok\u00e9ho ultrafialov\u00e9ho z\u00e1\u0159en\u00ed (UV) a\u017e po infra\u010derven\u00e9 (IR) aplikace.<\/p>\n<hr data-start=\"1231\" data-end=\"1234\" \/>\n<h2 data-section-id=\"16yfqpq\" data-start=\"1236\" data-end=\"1260\"><img decoding=\"async\" class=\"alignright wp-image-2758\" src=\"https:\/\/www.fuyao-quartz.com\/wp-content\/uploads\/2026\/04\/Custom-Fused-Quartz-Plates-with-Through-Holes-4-300x300.png\" alt=\"Vlastn\u00ed taven\u00e9 k\u0159emenn\u00e9 desky s pr\u016fchoz\u00edmi otvory\" width=\"286\" height=\"286\" srcset=\"https:\/\/www.fuyao-quartz.com\/wp-content\/uploads\/2026\/04\/Custom-Fused-Quartz-Plates-with-Through-Holes-4-300x300.png 300w, https:\/\/www.fuyao-quartz.com\/wp-content\/uploads\/2026\/04\/Custom-Fused-Quartz-Plates-with-Through-Holes-4-150x150.png 150w, https:\/\/www.fuyao-quartz.com\/wp-content\/uploads\/2026\/04\/Custom-Fused-Quartz-Plates-with-Through-Holes-4-768x768.png 768w, https:\/\/www.fuyao-quartz.com\/wp-content\/uploads\/2026\/04\/Custom-Fused-Quartz-Plates-with-Through-Holes-4-12x12.png 12w, https:\/\/www.fuyao-quartz.com\/wp-content\/uploads\/2026\/04\/Custom-Fused-Quartz-Plates-with-Through-Holes-4-600x600.png 600w, https:\/\/www.fuyao-quartz.com\/wp-content\/uploads\/2026\/04\/Custom-Fused-Quartz-Plates-with-Through-Holes-4-100x100.png 100w, https:\/\/www.fuyao-quartz.com\/wp-content\/uploads\/2026\/04\/Custom-Fused-Quartz-Plates-with-Through-Holes-4.png 1000w\" sizes=\"(max-width: 286px) 100vw, 286px\" \/>Kl\u00ed\u010dov\u00e9 vlastnosti<\/h2>\n<ul data-start=\"1262\" data-end=\"1765\">\n<li data-section-id=\"1axa1m2\" data-start=\"1262\" data-end=\"1340\">Velmi vysok\u00e1 \u010distota k\u0159emene (SiO\u2082 &gt; 99,9%) zaji\u0161\u0165uj\u00edc\u00ed vynikaj\u00edc\u00ed optickou \u010distotu.<\/li>\n<li data-section-id=\"5faqt9\" data-start=\"1341\" data-end=\"1407\">Vlastn\u00ed velikost, poloha a geometrie otvor\u016f na z\u00e1klad\u011b v\u00fdkres\u016f CAD<\/li>\n<li data-section-id=\"cv911c\" data-start=\"1408\" data-end=\"1472\">Vynikaj\u00edc\u00ed tepeln\u00e1 odolnost (a\u017e 1100 \u00b0C p\u0159i nep\u0159etr\u017eit\u00e9m pou\u017e\u00edv\u00e1n\u00ed)<\/li>\n<li data-section-id=\"mr67xq\" data-start=\"1473\" data-end=\"1534\">Extr\u00e9mn\u011b n\u00edzk\u00e1 tepeln\u00e1 rozta\u017enost pro rozm\u011brovou stabilitu<\/li>\n<li data-section-id=\"1j38b2o\" data-start=\"1535\" data-end=\"1590\">Vysok\u00e1 chemick\u00e1 odolnost (krom\u011b kyseliny fluorovod\u00edkov\u00e9)<\/li>\n<li data-section-id=\"1ae6fco\" data-start=\"1591\" data-end=\"1649\">Optick\u00e9 le\u0161t\u011bn\u00ed pro p\u0159esn\u00e9 aplikace<\/li>\n<li data-section-id=\"3w4enf\" data-start=\"1650\" data-end=\"1708\">Kompatibiln\u00ed s \u010dist\u00fdmi prostory a prost\u0159ed\u00edmi s vysokou \u010distotou<\/li>\n<li data-section-id=\"12n18dz\" data-start=\"1709\" data-end=\"1765\">Vhodn\u00e9 pro konstruk\u010dn\u00ed i optickou integraci<\/li>\n<\/ul>\n<hr data-start=\"1767\" data-end=\"1770\" \/>\n<h2 data-section-id=\"sim1wa\" data-start=\"1772\" data-end=\"1799\">T\u0159\u00eddy materi\u00e1lu<\/h2>\n<h3 data-section-id=\"1e4slao\" data-start=\"1801\" data-end=\"1835\">JGS1 - Taven\u00fd oxid k\u0159emi\u010dit\u00fd pro UV z\u00e1\u0159en\u00ed<\/h3>\n<p data-start=\"1836\" data-end=\"2071\">JGS1 nab\u00edz\u00ed vynikaj\u00edc\u00ed propustnost od 185 nm do 2500 nm, tak\u017ee je ide\u00e1ln\u00ed pro aplikace v hlubok\u00e9m UV z\u00e1\u0159en\u00ed, jako je litografie, UV lasery a optick\u00e9 syst\u00e9my s vysokou energi\u00ed. M\u00e1 velmi n\u00edzk\u00fd obsah hydroxylu (OH-) a minim\u00e1ln\u00ed dvojlom.<\/p>\n<h3 data-section-id=\"z3oyrd\" data-start=\"2073\" data-end=\"2106\">JGS2 - optick\u00fd k\u0159emen<\/h3>\n<p data-start=\"2107\" data-end=\"2282\">JGS2 se \u0161iroce pou\u017e\u00edv\u00e1 pro aplikace ve viditeln\u00e9 a bl\u00edzk\u00e9 infra\u010derven\u00e9 oblasti (260-2500 nm). Poskytuje vysokou optickou rovnom\u011brnost a je cenov\u011b v\u00fdhodn\u00fdm \u0159e\u0161en\u00edm pro obecn\u00e9 optick\u00e9 syst\u00e9my.<\/p>\n<h3 data-section-id=\"1xbm0q2\" data-start=\"2284\" data-end=\"2318\">JGS3 - Infra\u010derven\u00e9 k\u0159emenn\u00e9 sklo<\/h3>\n<p data-start=\"2319\" data-end=\"2493\">JGS3 je optimalizov\u00e1n pro infra\u010derven\u00e9 aplikace a pr\u016fmyslov\u00e9 pou\u017eit\u00ed. M\u00e1 sice ni\u017e\u0161\u00ed propustnost v hlubok\u00e9m UV p\u00e1smu, ale dob\u0159e funguje v tepeln\u00e9m a infra\u010derven\u00e9m prost\u0159ed\u00ed.<\/p>\n<p data-start=\"2319\" data-end=\"2493\"><img decoding=\"async\" class=\"wp-image-2760 size-full aligncenter\" src=\"https:\/\/www.fuyao-quartz.com\/wp-content\/uploads\/2026\/04\/20250620152843_73372.png\" alt=\"\" width=\"680\" height=\"356\" srcset=\"https:\/\/www.fuyao-quartz.com\/wp-content\/uploads\/2026\/04\/20250620152843_73372.png 680w, https:\/\/www.fuyao-quartz.com\/wp-content\/uploads\/2026\/04\/20250620152843_73372-300x157.png 300w, https:\/\/www.fuyao-quartz.com\/wp-content\/uploads\/2026\/04\/20250620152843_73372-18x9.png 18w, https:\/\/www.fuyao-quartz.com\/wp-content\/uploads\/2026\/04\/20250620152843_73372-600x314.png 600w\" sizes=\"(max-width: 680px) 100vw, 680px\" \/><\/p>\n<hr data-start=\"2495\" data-end=\"2498\" \/>\n<h2 data-section-id=\"10i1aaf\" data-start=\"2500\" data-end=\"2533\">V\u00fdrobn\u00ed proces<\/h2>\n<p data-start=\"2535\" data-end=\"2648\">V\u00fdroba k\u0159emenn\u00fdch desek na zak\u00e1zku vy\u017eaduje p\u0159\u00edsnou kontrolu procesu, aby byla zaji\u0161t\u011bna p\u0159esnost a konzistence:<\/p>\n<p data-start=\"2650\" data-end=\"2768\">1. V\u00fdb\u011br materi\u00e1lu<br data-start=\"2675\" data-end=\"2678\" \/>K\u0159emenn\u00e9 ingoty vysok\u00e9 \u010distoty jsou vyb\u00edr\u00e1ny a p\u0159ipravov\u00e1ny podle po\u017eadavk\u016f aplikace.<\/p>\n<p data-start=\"2770\" data-end=\"2918\">2. P\u0159esn\u00e9 \u0159ez\u00e1n\u00ed a tvarov\u00e1n\u00ed<br data-start=\"2804\" data-end=\"2807\" \/>K dosa\u017een\u00ed vlastn\u00edch rozm\u011br\u016f a geometrie se pou\u017e\u00edv\u00e1 pokro\u010dil\u00e9 CNC obr\u00e1b\u011bn\u00ed, \u0159ez\u00e1n\u00ed vodn\u00edm paprskem nebo laserem.<\/p>\n<p data-start=\"2920\" data-end=\"3127\">3. Vrt\u00e1n\u00ed otvor\u016f<br data-start=\"2940\" data-end=\"2943\" \/>Pr\u016fchoz\u00ed otvory se vytv\u00e1\u0159ej\u00ed pomoc\u00ed specializovan\u00fdch technik, jako je ultrazvukov\u00e9 vrt\u00e1n\u00ed, laserov\u00e9 vrt\u00e1n\u00ed nebo mechanick\u00e9 vrt\u00e1n\u00ed, v z\u00e1vislosti na po\u017eadavc\u00edch na toleranci a kvalitu povrchu.<\/p>\n<p data-start=\"3129\" data-end=\"3337\">4. Zpracov\u00e1n\u00ed povrchu<br data-start=\"3154\" data-end=\"3157\" \/>Optick\u00e9 le\u0161t\u011bn\u00ed (jednostrann\u00e9 nebo oboustrann\u00e9) se pou\u017e\u00edv\u00e1 k dosa\u017een\u00ed vysok\u00e9 rovinnosti povrchu a n\u00edzk\u00e9 drsnosti. K dispozici je tak\u00e9 dokon\u010dov\u00e1n\u00ed hran, zkosen\u00ed a chemick\u00e9 le\u0161t\u011bn\u00ed.<\/p>\n<p data-start=\"3339\" data-end=\"3523\">5. \u010ci\u0161t\u011bn\u00ed a kontrola<br data-start=\"3367\" data-end=\"3370\" \/>V\u0161echny komponenty proch\u00e1zej\u00ed d\u016fkladn\u00fdm \u010di\u0161t\u011bn\u00edm v kontrolovan\u00e9m prost\u0159ed\u00ed a jsou kontrolov\u00e1ny z hlediska rozm\u011brov\u00e9 p\u0159esnosti, kvality povrchu a optick\u00e9ho v\u00fdkonu.<\/p>\n<hr data-start=\"3525\" data-end=\"3528\" \/>\n<h2 data-section-id=\"1vt21ys\" data-start=\"3530\" data-end=\"3565\">Technick\u00e9 specifikace\uff08\u53c2\u6570\u8868\uff09<\/h2>\n<div class=\"TyagGW_tableContainer\">\n<div class=\"group TyagGW_tableWrapper flex flex-col-reverse w-fit\" tabindex=\"-1\">\n<table class=\"w-fit min-w-(--thread-content-width)\" data-start=\"3567\" data-end=\"4087\">\n<thead data-start=\"3567\" data-end=\"3595\">\n<tr data-start=\"3567\" data-end=\"3595\">\n<th class=\"\" data-start=\"3567\" data-end=\"3578\" data-col-size=\"sm\">Majetek<\/th>\n<th class=\"\" data-start=\"3578\" data-end=\"3595\" data-col-size=\"sm\">Typick\u00e1 hodnota<\/th>\n<\/tr>\n<\/thead>\n<tbody data-start=\"3624\" data-end=\"4087\">\n<tr data-start=\"3624\" data-end=\"3653\">\n<td data-start=\"3624\" data-end=\"3635\" data-col-size=\"sm\">Pr\u016fm\u011br<\/td>\n<td data-col-size=\"sm\" data-start=\"3635\" data-end=\"3653\">10 mm - 600 mm<\/td>\n<\/tr>\n<tr data-start=\"3654\" data-end=\"3682\">\n<td data-start=\"3654\" data-end=\"3663\" data-col-size=\"sm\">D\u00e9lka<\/td>\n<td data-col-size=\"sm\" data-start=\"3663\" data-end=\"3682\">10 mm - 1000 mm<\/td>\n<\/tr>\n<tr data-start=\"3683\" data-end=\"3710\">\n<td data-start=\"3683\" data-end=\"3691\" data-col-size=\"sm\">\u0160\u00ed\u0159ka<\/td>\n<td data-col-size=\"sm\" data-start=\"3691\" data-end=\"3710\">10 mm - 1000 mm<\/td>\n<\/tr>\n<tr data-start=\"3711\" data-end=\"3741\">\n<td data-start=\"3711\" data-end=\"3723\" data-col-size=\"sm\">Tlou\u0161\u0165ka<\/td>\n<td data-col-size=\"sm\" data-start=\"3723\" data-end=\"3741\">0,5 mm - 60 mm<\/td>\n<\/tr>\n<tr data-start=\"3742\" data-end=\"3782\">\n<td data-start=\"3742\" data-end=\"3753\" data-col-size=\"sm\">Materi\u00e1l<\/td>\n<td data-col-size=\"sm\" data-start=\"3753\" data-end=\"3782\">Vysoce \u010dist\u00fd SiO\u2082 (&gt;99,9%)<\/td>\n<\/tr>\n<tr data-start=\"3783\" data-end=\"3812\">\n<td data-start=\"3783\" data-end=\"3793\" data-col-size=\"sm\">Hustota<\/td>\n<td data-col-size=\"sm\" data-start=\"3793\" data-end=\"3812\">2,2 \u00d7 10\u00b3 kg\/m\u00b3<\/td>\n<\/tr>\n<tr data-start=\"3813\" data-end=\"3844\">\n<td data-start=\"3813\" data-end=\"3824\" data-col-size=\"sm\">Tvrdost<\/td>\n<td data-col-size=\"sm\" data-start=\"3824\" data-end=\"3844\">5,3 - 6,5 (Mohs)<\/td>\n<\/tr>\n<tr data-start=\"3845\" data-end=\"3885\">\n<td data-start=\"3845\" data-end=\"3868\" data-col-size=\"sm\">Pevnost v tlaku<\/td>\n<td data-col-size=\"sm\" data-start=\"3868\" data-end=\"3885\">\uff1e1,1 \u00d7 10\u2079 Pa<\/td>\n<\/tr>\n<tr data-start=\"3886\" data-end=\"3923\">\n<td data-start=\"3886\" data-end=\"3906\" data-col-size=\"sm\">Tepeln\u00e1 rozta\u017enost<\/td>\n<td data-col-size=\"sm\" data-start=\"3906\" data-end=\"3923\">5.5 \u00d7 10-\u2077 \/\u2103<\/td>\n<\/tr>\n<tr data-start=\"3924\" data-end=\"3964\">\n<td data-start=\"3924\" data-end=\"3955\" data-col-size=\"sm\">Maxim\u00e1ln\u00ed teplota (kr\u00e1tkodob\u00e1)<\/td>\n<td data-col-size=\"sm\" data-start=\"3955\" data-end=\"3964\">1200\u2103<\/td>\n<\/tr>\n<tr data-start=\"3965\" data-end=\"4004\">\n<td data-start=\"3965\" data-end=\"3995\" data-col-size=\"sm\">Maxim\u00e1ln\u00ed teplota (dlouhodob\u00e1)<\/td>\n<td data-col-size=\"sm\" data-start=\"3995\" data-end=\"4004\">1100\u2103<\/td>\n<\/tr>\n<tr data-start=\"4005\" data-end=\"4032\">\n<td data-start=\"4005\" data-end=\"4023\" data-col-size=\"sm\">Bod m\u011bknut\u00ed<\/td>\n<td data-col-size=\"sm\" data-start=\"4023\" data-end=\"4032\">1730\u2103<\/td>\n<\/tr>\n<tr data-start=\"4033\" data-end=\"4062\">\n<td data-start=\"4033\" data-end=\"4052\" data-col-size=\"sm\">Index lomu<\/td>\n<td data-col-size=\"sm\" data-start=\"4052\" data-end=\"4062\">1.4585<\/td>\n<\/tr>\n<tr data-start=\"4063\" data-end=\"4087\">\n<td data-start=\"4063\" data-end=\"4079\" data-col-size=\"sm\">Propustnost<\/td>\n<td data-col-size=\"sm\" data-start=\"4079\" data-end=\"4087\">\u226585%<\/td>\n<\/tr>\n<\/tbody>\n<\/table>\n<\/div>\n<\/div>\n<hr data-start=\"4089\" data-end=\"4092\" \/>\n<h2 data-section-id=\"rp9ojj\" data-start=\"4094\" data-end=\"4118\">Aplikace<\/h2>\n<p data-start=\"4120\" data-end=\"4293\">D\u00edky jedine\u010dn\u00e9 kombinaci mechanick\u00e9 pevnosti, optick\u00e9 \u010distoty a struktur\u00e1ln\u00ed p\u0159izp\u016fsobivosti jsou tyto k\u0159emenn\u00e9 desky \u0161iroce pou\u017e\u00edv\u00e1ny v r\u016fzn\u00fdch pr\u016fmyslov\u00fdch odv\u011btv\u00edch:<\/p>\n<h3 data-section-id=\"127s61j\" data-start=\"4295\" data-end=\"4323\">Polovodi\u010dov\u00fd pr\u016fmysl<\/h3>\n<p data-start=\"4324\" data-end=\"4513\">Pou\u017e\u00edvaj\u00ed se jako nosi\u010de desti\u010dek, rozd\u011blova\u010de plynu (sprchov\u00e9 hlavice) a konstruk\u010dn\u00ed sou\u010d\u00e1sti leptac\u00edch a depozi\u010dn\u00edch syst\u00e9m\u016f. Jejich vysok\u00e1 \u010distota zaji\u0161\u0165uje kompatibilitu s procesy v \u010dist\u00fdch prostor\u00e1ch.<\/p>\n<h3 data-section-id=\"fov9jx\" data-start=\"4515\" data-end=\"4552\">Mikrofluidika a v\u011bdy o \u017eiv\u00e9 p\u0159\u00edrod\u011b<\/h3>\n<p data-start=\"4553\" data-end=\"4669\">P\u0159esn\u011b vyvrtan\u00e9 otvory umo\u017e\u0148uj\u00ed \u0159\u00edzen\u00ed tekutin v mikrofluidn\u00edch \u010dipech, laboratorn\u00edch za\u0159\u00edzen\u00edch a analytick\u00fdch p\u0159\u00edstroj\u00edch.<\/p>\n<h3 data-section-id=\"oe8bok\" data-start=\"4671\" data-end=\"4697\">Optika a fotonika<\/h3>\n<p data-start=\"4698\" data-end=\"4828\">Pou\u017e\u00edv\u00e1 se v optick\u00fdch mask\u00e1ch, apertur\u00e1ch, laserov\u00fdch oknech a syst\u00e9mech pro vyrovn\u00e1v\u00e1n\u00ed paprsk\u016f, kde je vy\u017eadov\u00e1na vysok\u00e1 propustnost a stabilita.<\/p>\n<h3 data-section-id=\"tmu20s\" data-start=\"4830\" data-end=\"4855\">V\u011bdeck\u00fd v\u00fdzkum<\/h3>\n<p data-start=\"4856\" data-end=\"4996\">Pou\u017e\u00edv\u00e1 se ve vlastn\u00edch reak\u010dn\u00edch komor\u00e1ch, p\u0159i experimentech za vysok\u00fdch teplot a v korozivn\u00edm prost\u0159ed\u00ed, kde standardn\u00ed materi\u00e1ly nemohou spolehliv\u011b fungovat.<\/p>\n<h3 data-section-id=\"kx9m10\" data-start=\"4998\" data-end=\"5041\">Chemick\u00e1 a farmaceutick\u00e1 za\u0159\u00edzen\u00ed<\/h3>\n<p data-start=\"5042\" data-end=\"5163\">Ide\u00e1ln\u00ed pro pr\u016ftokov\u00e9 reaktory, vzorkovac\u00ed syst\u00e9my a UV\/IR spektroskopick\u00e9 bu\u0148ky vy\u017eaduj\u00edc\u00ed chemickou odolnost a optick\u00fd p\u0159\u00edstup.<\/p>\n<hr data-start=\"5165\" data-end=\"5168\" \/>\n<h2 data-section-id=\"78ajvy\" data-start=\"5170\" data-end=\"5184\">\u010cASTO KLADEN\u00c9 DOTAZY<\/h2>\n<p data-start=\"5186\" data-end=\"5362\">Ot\u00e1zka 1: Lze velikost a polohu otvoru pln\u011b p\u0159izp\u016fsobit?<br data-start=\"5241\" data-end=\"5244\" \/>Ano, v\u0161echny rozm\u011bry v\u010detn\u011b pr\u016fm\u011bru otvoru (0,1-20 mm), polohy a uspo\u0159\u00e1d\u00e1n\u00ed lze p\u0159izp\u016fsobit na z\u00e1klad\u011b v\u00fdkres\u016f CAD.<\/p>\n<p data-start=\"5364\" data-end=\"5581\">Ot\u00e1zka 2: Jak\u00fd je rozd\u00edl mezi JGS1 a JGS2?<br data-start=\"5417\" data-end=\"5420\" \/>JGS1 je ur\u010den pro aplikace v hlubok\u00e9m UV z\u00e1\u0159en\u00ed s vy\u0161\u0161\u00ed \u010distotou, zat\u00edmco JGS2 je vhodn\u011bj\u0161\u00ed pro aplikace ve viditeln\u00e9m a bl\u00edzk\u00e9m infra\u010derven\u00e9m z\u00e1\u0159en\u00ed s vy\u0161\u0161\u00ed hospod\u00e1rnost\u00ed.<\/p>\n<p data-start=\"5583\" data-end=\"5736\">Ot\u00e1zka 3: Jsou tyto k\u0159emenn\u00e9 desky chemicky odoln\u00e9?<br data-start=\"5636\" data-end=\"5639\" \/>Ano, taven\u00fd k\u0159emen je vysoce odoln\u00fd v\u016f\u010di v\u011bt\u0161in\u011b kyselin a chemik\u00e1li\u00ed s v\u00fdjimkou kyseliny fluorovod\u00edkov\u00e9 (HF).<\/p>\n<p data-start=\"5738\" data-end=\"5873\">Ot\u00e1zka 4: Lze vyrobit v\u00edce otvor\u016f nebo slo\u017eit\u00e9 tvary?<br data-start=\"5795\" data-end=\"5798\" \/>Ano, konstrukce s v\u00edce otvory, dr\u00e1\u017eky a slo\u017eit\u00e9 geometrie jsou pln\u011b podporov\u00e1ny.<\/p>","protected":false},"excerpt":{"rendered":"<p>Taven\u00e9 k\u0159emenn\u00e9 desky na zak\u00e1zku s pr\u016fchoz\u00edmi otvory jsou vysoce p\u0159esn\u00e9 konstruk\u010dn\u00ed sou\u010d\u00e1sti vyroben\u00e9 z velmi \u010dist\u00e9ho oxidu k\u0159emi\u010dit\u00e9ho (SiO\u2082 &gt; 99,9%). Tyto desky jsou speci\u00e1ln\u011b navr\u017eeny pro pokro\u010dil\u00e9 pr\u016fmyslov\u00e9 a v\u011bdeck\u00e9 aplikace, kde je kritick\u00e1 tepeln\u00e1 stabilita, chemick\u00e1 odolnost a optick\u00fd v\u00fdkon.<\/p>","protected":false},"featured_media":2759,"comment_status":"open","ping_status":"closed","template":"","meta":{"site-sidebar-layout":"default","site-content-layout":"","ast-site-content-layout":"default","site-content-style":"default","site-sidebar-style":"default","ast-global-header-display":"","ast-banner-title-visibility":"","ast-main-header-display":"","ast-hfb-above-header-display":"","ast-hfb-below-header-display":"","ast-hfb-mobile-header-display":"","site-post-title":"","ast-breadcrumbs-content":"","ast-featured-img":"","footer-sml-layout":"","ast-disable-related-posts":"","theme-transparent-header-meta":"default","adv-header-id-meta":"","stick-header-meta":"default","header-above-stick-meta":"","header-main-stick-meta":"","header-below-stick-meta":"","astra-migrate-meta-layouts":"set","ast-page-background-enabled":"default","ast-page-background-meta":{"desktop":{"background-color":"var(--ast-global-color-4)","background-image":"","background-repeat":"repeat","background-position":"center center","background-size":"auto","background-attachment":"scroll","background-type":"","background-media":"","overlay-type":"","overlay-color":"","overlay-opacity":"","overlay-gradient":""},"tablet":{"background-color":"","background-image":"","background-repeat":"repeat","background-position":"center center","background-size":"auto","background-attachment":"scroll","background-type":"","background-media":"","overlay-type":"","overlay-color":"","overlay-opacity":"","overlay-gradient":""},"mobile":{"background-color":"","background-image":"","background-repeat":"repeat","background-position":"center center","background-size":"auto","background-attachment":"scroll","background-type":"","background-media":"","overlay-type":"","overlay-color":"","overlay-opacity":"","overlay-gradient":""}},"ast-content-background-meta":{"desktop":{"background-color":"var(--ast-global-color-5)","background-image":"","background-repeat":"repeat","background-position":"center center","background-size":"auto","background-attachment":"scroll","background-type":"","background-media":"","overlay-type":"","overlay-color":"","overlay-opacity":"","overlay-gradient":""},"tablet":{"background-color":"var(--ast-global-color-5)","background-image":"","background-repeat":"repeat","background-position":"center center","background-size":"auto","background-attachment":"scroll","background-type":"","background-media":"","overlay-type":"","overlay-color":"","overlay-opacity":"","overlay-gradient":""},"mobile":{"background-color":"var(--ast-global-color-5)","background-image":"","background-repeat":"repeat","background-position":"center center","background-size":"auto","background-attachment":"scroll","background-type":"","background-media":"","overlay-type":"","overlay-color":"","overlay-opacity":"","overlay-gradient":""}}},"product_brand":[],"product_cat":[150],"product_tag":[242,937,502,385,939,940,197,936,938,694],"class_list":{"0":"post-2755","1":"product","2":"type-product","3":"status-publish","4":"has-post-thumbnail","6":"product_cat-quartz-plate","7":"product_tag-custom-quartz-glass","8":"product_tag-drilled-quartz-substrate","9":"product_tag-fused-quartz-plate","10":"product_tag-fused-silica-plate","11":"product_tag-jgs-quartz","12":"product_tag-optical-quartz-components","13":"product_tag-optical-quartz-plate","14":"product_tag-quartz-plate-with-holes","15":"product_tag-quartz-wafer-plate","16":"product_tag-semiconductor-quartz-parts","17":"desktop-align-left","18":"tablet-align-left","19":"mobile-align-left","20":"ast-product-gallery-layout-horizontal","21":"ast-product-tabs-layout-horizontal","23":"first","24":"instock","25":"shipping-taxable","26":"product-type-simple"},"_links":{"self":[{"href":"https:\/\/www.fuyao-quartz.com\/cs\/wp-json\/wp\/v2\/product\/2755","targetHints":{"allow":["GET"]}}],"collection":[{"href":"https:\/\/www.fuyao-quartz.com\/cs\/wp-json\/wp\/v2\/product"}],"about":[{"href":"https:\/\/www.fuyao-quartz.com\/cs\/wp-json\/wp\/v2\/types\/product"}],"replies":[{"embeddable":true,"href":"https:\/\/www.fuyao-quartz.com\/cs\/wp-json\/wp\/v2\/comments?post=2755"}],"version-history":[{"count":2,"href":"https:\/\/www.fuyao-quartz.com\/cs\/wp-json\/wp\/v2\/product\/2755\/revisions"}],"predecessor-version":[{"id":2762,"href":"https:\/\/www.fuyao-quartz.com\/cs\/wp-json\/wp\/v2\/product\/2755\/revisions\/2762"}],"wp:featuredmedia":[{"embeddable":true,"href":"https:\/\/www.fuyao-quartz.com\/cs\/wp-json\/wp\/v2\/media\/2759"}],"wp:attachment":[{"href":"https:\/\/www.fuyao-quartz.com\/cs\/wp-json\/wp\/v2\/media?parent=2755"}],"wp:term":[{"taxonomy":"product_brand","embeddable":true,"href":"https:\/\/www.fuyao-quartz.com\/cs\/wp-json\/wp\/v2\/product_brand?post=2755"},{"taxonomy":"product_cat","embeddable":true,"href":"https:\/\/www.fuyao-quartz.com\/cs\/wp-json\/wp\/v2\/product_cat?post=2755"},{"taxonomy":"product_tag","embeddable":true,"href":"https:\/\/www.fuyao-quartz.com\/cs\/wp-json\/wp\/v2\/product_tag?post=2755"}],"curies":[{"name":"wp","href":"https:\/\/api.w.org\/{rel}","templated":true}]}}